{"id":17309,"date":"2025-11-26T07:01:00","date_gmt":"2025-11-26T08:01:00","guid":{"rendered":"https:\/\/autobarbosa.com\/produto\/martelo-quebra-vidros-e-corta-cintos\/"},"modified":"2026-04-30T07:00:54","modified_gmt":"2026-04-30T07:00:54","slug":"martelo-quebra-vidros-e-corta-cintos","status":"publish","type":"product","link":"https:\/\/autobarbosa.com\/en\/produto\/martelo-quebra-vidros-e-corta-cintos\/","title":{"rendered":"MARTELO QUEBRA VIDROS E CORTA CINTOS"},"content":{"rendered":"<p>Martelo de vidro  e cortador de arn\u00eas de emerg\u00eancia<\/p>\n<p>Ferramenta de seguran\u00e7a de emerg\u00eancia da competi\u00e7\u00e3o.<\/p>\n<p>Isso agora \u00e9 um requisito no rally MSA \/ FIA<\/p>\n<p>O cortador de quebra-vidros \/ cintos de seguran\u00e7a de emerg\u00eancia oferece uma ferramenta \u00fatil &#8220;2 em 1&#8221; para a sa\u00edda de emerg\u00eancia de ve\u00edculos.<\/p>\n<p>Quebra-vidros , perfeito para quebrar vidros em caso de emerg\u00eancia.<\/p>\n<p> O cortador \u00e9 fornecido com uma l\u00e2mina de a\u00e7o capaz de cortar rapidamente os cintos de seguran\u00e7a e arreios mais robustos.<\/p>\n<p>O disjuntor inclui um suporte de montagem para instal\u00e1-lo em seu carro de corrida.<\/p>\n<p>Detalhes t\u00e9cnicos:<\/p>\n<p>Comprimento: 190 mm<\/p>\n<p>Largo: 78 mm<\/p>\n<p>Altura: 33 mm<\/p>\n","protected":false},"excerpt":{"rendered":"<p>Martelo de vidro  e cortador de arn\u00eas de emerg\u00eancia<\/p>\n<p>Ferramenta de seguran\u00e7a de emerg\u00eancia da competi\u00e7\u00e3o.<\/p>\n<p>Isso agora \u00e9 um requisito no rally MSA \/ FIA<\/p>\n<p>O cortador de quebra-vidros \/ cintos de seguran\u00e7a de emerg\u00eancia oferece uma ferramenta \u00fatil &#8220;2 em 1&#8221; para a sa\u00edda de emerg\u00eancia de ve\u00edculos.<\/p>\n<p>Quebra-vidros , perfeito para quebrar vidros em caso de emerg\u00eancia.<\/p>\n<p> O cortador \u00e9 fornecido com uma l\u00e2mina de a\u00e7o capaz de cortar rapidamente os cintos de seguran\u00e7a e arreios mais robustos.<\/p>\n<p>O disjuntor inclui um suporte de montagem para instal\u00e1-lo em seu carro de corrida.<\/p>\n<p>Detalhes t\u00e9cnicos:<\/p>\n<p>Comprimento: 190 mm<\/p>\n<p>Largo: 78 mm<\/p>\n<p>Altura: 33 mm<\/p>\n","protected":false},"featured_media":17305,"template":"","meta":[],"product_cat":[479,489,492],"product_tag":[],"marca":[121],"class_list":["post-17309","product","type-product","status-publish","has-post-thumbnail","hentry","product_cat-viatura","product_cat-habitaculo","product_cat-equip-habitaculo","marca-red-spec"],"yoast_head":"<!-- This site is optimized with the Yoast SEO plugin v20.5 - https:\/\/yoast.com\/wordpress\/plugins\/seo\/ -->\n<title>MARTELO QUEBRA VIDROS E CORTA CINTOS - Auto Barbosa<\/title>\n<meta name=\"robots\" content=\"index, follow, max-snippet:-1, max-image-preview:large, max-video-preview:-1\" \/>\n<link rel=\"canonical\" href=\"https:\/\/autobarbosa.com\/en\/produto\/martelo-quebra-vidros-e-corta-cintos\/\" \/>\n<meta property=\"og:locale\" content=\"en_US\" \/>\n<meta property=\"og:type\" content=\"article\" \/>\n<meta property=\"og:title\" content=\"MARTELO QUEBRA VIDROS E CORTA CINTOS - Auto Barbosa\" \/>\n<meta property=\"og:description\" content=\"Martelo de vidro e cortador de arn\u00eas de emerg\u00eancia  Ferramenta de seguran\u00e7a de emerg\u00eancia da competi\u00e7\u00e3o.  Isso agora \u00e9 um requisito no rally MSA \/ FIA  O cortador de quebra-vidros \/ cintos de seguran\u00e7a de emerg\u00eancia oferece uma ferramenta \u00fatil &quot;2 em 1&quot; para a sa\u00edda de emerg\u00eancia de ve\u00edculos.  Quebra-vidros , perfeito para quebrar vidros em caso de emerg\u00eancia.   O cortador \u00e9 fornecido com uma l\u00e2mina de a\u00e7o capaz de cortar rapidamente os cintos de seguran\u00e7a e arreios mais robustos.  O disjuntor inclui um suporte de montagem para instal\u00e1-lo em seu carro de corrida.  Detalhes t\u00e9cnicos:  Comprimento: 190 mm  Largo: 78 mm  Altura: 33 mm\" \/>\n<meta property=\"og:url\" content=\"https:\/\/autobarbosa.com\/en\/produto\/martelo-quebra-vidros-e-corta-cintos\/\" \/>\n<meta property=\"og:site_name\" content=\"Auto Barbosa\" \/>\n<meta property=\"article:publisher\" content=\"https:\/\/www.facebook.com\/autobarbosaoficina\" \/>\n<meta property=\"article:modified_time\" content=\"2026-04-30T07:00:54+00:00\" \/>\n<meta property=\"og:image\" content=\"https:\/\/autobarbosa.com\/wp-content\/uploads\/2025\/11\/1166059005.png\" \/>\n\t<meta property=\"og:image:width\" content=\"600\" \/>\n\t<meta property=\"og:image:height\" content=\"600\" \/>\n\t<meta property=\"og:image:type\" content=\"image\/png\" \/>\n<meta name=\"twitter:card\" content=\"summary_large_image\" \/>\n<meta name=\"twitter:label1\" content=\"Est. reading time\" \/>\n\t<meta name=\"twitter:data1\" content=\"1 minute\" \/>\n<script type=\"application\/ld+json\" class=\"yoast-schema-graph\">{\"@context\":\"https:\/\/schema.org\",\"@graph\":[{\"@type\":\"WebPage\",\"@id\":\"https:\/\/autobarbosa.com\/en\/produto\/martelo-quebra-vidros-e-corta-cintos\/\",\"url\":\"https:\/\/autobarbosa.com\/en\/produto\/martelo-quebra-vidros-e-corta-cintos\/\",\"name\":\"MARTELO QUEBRA VIDROS E CORTA CINTOS - Auto Barbosa\",\"isPartOf\":{\"@id\":\"https:\/\/autobarbosa.com\/en\/#website\"},\"datePublished\":\"2025-11-26T08:01:00+00:00\",\"dateModified\":\"2026-04-30T07:00:54+00:00\",\"breadcrumb\":{\"@id\":\"https:\/\/autobarbosa.com\/en\/produto\/martelo-quebra-vidros-e-corta-cintos\/#breadcrumb\"},\"inLanguage\":\"en-US\",\"potentialAction\":[{\"@type\":\"ReadAction\",\"target\":[\"https:\/\/autobarbosa.com\/en\/produto\/martelo-quebra-vidros-e-corta-cintos\/\"]}]},{\"@type\":\"BreadcrumbList\",\"@id\":\"https:\/\/autobarbosa.com\/en\/produto\/martelo-quebra-vidros-e-corta-cintos\/#breadcrumb\",\"itemListElement\":[{\"@type\":\"ListItem\",\"position\":1,\"name\":\"In\u00edcio\",\"item\":\"https:\/\/autobarbosa.com\/en\/\"},{\"@type\":\"ListItem\",\"position\":2,\"name\":\"Loja\",\"item\":\"https:\/\/autobarbosa.com\/\"},{\"@type\":\"ListItem\",\"position\":3,\"name\":\"MARTELO QUEBRA VIDROS E CORTA CINTOS\"}]},{\"@type\":\"WebSite\",\"@id\":\"https:\/\/autobarbosa.com\/en\/#website\",\"url\":\"https:\/\/autobarbosa.com\/en\/\",\"name\":\"Auto Barbosa\",\"description\":\"Site institucional\",\"publisher\":{\"@id\":\"https:\/\/autobarbosa.com\/en\/#organization\"},\"potentialAction\":[{\"@type\":\"SearchAction\",\"target\":{\"@type\":\"EntryPoint\",\"urlTemplate\":\"https:\/\/autobarbosa.com\/en\/?s={search_term_string}\"},\"query-input\":\"required name=search_term_string\"}],\"inLanguage\":\"en-US\"},{\"@type\":\"Organization\",\"@id\":\"https:\/\/autobarbosa.com\/en\/#organization\",\"name\":\"Auto Barbosa\",\"url\":\"https:\/\/autobarbosa.com\/en\/\",\"logo\":{\"@type\":\"ImageObject\",\"inLanguage\":\"en-US\",\"@id\":\"https:\/\/autobarbosa.com\/en\/#\/schema\/logo\/image\/\",\"url\":\"https:\/\/autobarbosa.com\/wp-content\/uploads\/2023\/03\/AUTO-BARBOSA-LOGO-1-e1678715539111.png\",\"contentUrl\":\"https:\/\/autobarbosa.com\/wp-content\/uploads\/2023\/03\/AUTO-BARBOSA-LOGO-1-e1678715539111.png\",\"width\":3233,\"height\":3233,\"caption\":\"Auto Barbosa\"},\"image\":{\"@id\":\"https:\/\/autobarbosa.com\/en\/#\/schema\/logo\/image\/\"},\"sameAs\":[\"https:\/\/www.facebook.com\/autobarbosaoficina\",\"https:\/\/www.instagram.com\/autobarbosa.oficina\/\"]}]}<\/script>\n<!-- \/ Yoast SEO plugin. -->","yoast_head_json":{"title":"MARTELO QUEBRA VIDROS E CORTA CINTOS - Auto Barbosa","robots":{"index":"index","follow":"follow","max-snippet":"max-snippet:-1","max-image-preview":"max-image-preview:large","max-video-preview":"max-video-preview:-1"},"canonical":"https:\/\/autobarbosa.com\/en\/produto\/martelo-quebra-vidros-e-corta-cintos\/","og_locale":"en_US","og_type":"article","og_title":"MARTELO QUEBRA VIDROS E CORTA CINTOS - Auto Barbosa","og_description":"Martelo de vidro e cortador de arn\u00eas de emerg\u00eancia  Ferramenta de seguran\u00e7a de emerg\u00eancia da competi\u00e7\u00e3o.  Isso agora \u00e9 um requisito no rally MSA \/ FIA  O cortador de quebra-vidros \/ cintos de seguran\u00e7a de emerg\u00eancia oferece uma ferramenta \u00fatil \"2 em 1\" para a sa\u00edda de emerg\u00eancia de ve\u00edculos.  Quebra-vidros , perfeito para quebrar vidros em caso de emerg\u00eancia.   O cortador \u00e9 fornecido com uma l\u00e2mina de a\u00e7o capaz de cortar rapidamente os cintos de seguran\u00e7a e arreios mais robustos.  O disjuntor inclui um suporte de montagem para instal\u00e1-lo em seu carro de corrida.  Detalhes t\u00e9cnicos:  Comprimento: 190 mm  Largo: 78 mm  Altura: 33 mm","og_url":"https:\/\/autobarbosa.com\/en\/produto\/martelo-quebra-vidros-e-corta-cintos\/","og_site_name":"Auto Barbosa","article_publisher":"https:\/\/www.facebook.com\/autobarbosaoficina","article_modified_time":"2026-04-30T07:00:54+00:00","og_image":[{"width":600,"height":600,"url":"https:\/\/autobarbosa.com\/wp-content\/uploads\/2025\/11\/1166059005.png","type":"image\/png"}],"twitter_card":"summary_large_image","twitter_misc":{"Est. reading time":"1 minute"},"schema":{"@context":"https:\/\/schema.org","@graph":[{"@type":"WebPage","@id":"https:\/\/autobarbosa.com\/en\/produto\/martelo-quebra-vidros-e-corta-cintos\/","url":"https:\/\/autobarbosa.com\/en\/produto\/martelo-quebra-vidros-e-corta-cintos\/","name":"MARTELO QUEBRA VIDROS E CORTA CINTOS - Auto Barbosa","isPartOf":{"@id":"https:\/\/autobarbosa.com\/en\/#website"},"datePublished":"2025-11-26T08:01:00+00:00","dateModified":"2026-04-30T07:00:54+00:00","breadcrumb":{"@id":"https:\/\/autobarbosa.com\/en\/produto\/martelo-quebra-vidros-e-corta-cintos\/#breadcrumb"},"inLanguage":"en-US","potentialAction":[{"@type":"ReadAction","target":["https:\/\/autobarbosa.com\/en\/produto\/martelo-quebra-vidros-e-corta-cintos\/"]}]},{"@type":"BreadcrumbList","@id":"https:\/\/autobarbosa.com\/en\/produto\/martelo-quebra-vidros-e-corta-cintos\/#breadcrumb","itemListElement":[{"@type":"ListItem","position":1,"name":"In\u00edcio","item":"https:\/\/autobarbosa.com\/en\/"},{"@type":"ListItem","position":2,"name":"Loja","item":"https:\/\/autobarbosa.com\/"},{"@type":"ListItem","position":3,"name":"MARTELO QUEBRA VIDROS E CORTA CINTOS"}]},{"@type":"WebSite","@id":"https:\/\/autobarbosa.com\/en\/#website","url":"https:\/\/autobarbosa.com\/en\/","name":"Auto Barbosa","description":"Site institucional","publisher":{"@id":"https:\/\/autobarbosa.com\/en\/#organization"},"potentialAction":[{"@type":"SearchAction","target":{"@type":"EntryPoint","urlTemplate":"https:\/\/autobarbosa.com\/en\/?s={search_term_string}"},"query-input":"required name=search_term_string"}],"inLanguage":"en-US"},{"@type":"Organization","@id":"https:\/\/autobarbosa.com\/en\/#organization","name":"Auto Barbosa","url":"https:\/\/autobarbosa.com\/en\/","logo":{"@type":"ImageObject","inLanguage":"en-US","@id":"https:\/\/autobarbosa.com\/en\/#\/schema\/logo\/image\/","url":"https:\/\/autobarbosa.com\/wp-content\/uploads\/2023\/03\/AUTO-BARBOSA-LOGO-1-e1678715539111.png","contentUrl":"https:\/\/autobarbosa.com\/wp-content\/uploads\/2023\/03\/AUTO-BARBOSA-LOGO-1-e1678715539111.png","width":3233,"height":3233,"caption":"Auto Barbosa"},"image":{"@id":"https:\/\/autobarbosa.com\/en\/#\/schema\/logo\/image\/"},"sameAs":["https:\/\/www.facebook.com\/autobarbosaoficina","https:\/\/www.instagram.com\/autobarbosa.oficina\/"]}]}},"_links":{"self":[{"href":"https:\/\/autobarbosa.com\/en\/wp-json\/wp\/v3\/product\/17309","targetHints":{"allow":["GET"]}}],"collection":[{"href":"https:\/\/autobarbosa.com\/en\/wp-json\/wp\/v3\/product"}],"about":[{"href":"https:\/\/autobarbosa.com\/en\/wp-json\/wp\/v2\/types\/product"}],"wp:featuredmedia":[{"embeddable":true,"href":"https:\/\/autobarbosa.com\/en\/wp-json\/wp\/v2\/media\/17305"}],"wp:attachment":[{"href":"https:\/\/autobarbosa.com\/en\/wp-json\/wp\/v2\/media?parent=17309"}],"wp:term":[{"taxonomy":"product_cat","embeddable":true,"href":"https:\/\/autobarbosa.com\/en\/wp-json\/wp\/v2\/product_cat?post=17309"},{"taxonomy":"product_tag","embeddable":true,"href":"https:\/\/autobarbosa.com\/en\/wp-json\/wp\/v2\/product_tag?post=17309"},{"taxonomy":"marca","embeddable":true,"href":"https:\/\/autobarbosa.com\/en\/wp-json\/wp\/v2\/marca?post=17309"}],"curies":[{"name":"wp","href":"https:\/\/api.w.org\/{rel}","templated":true}]}}