{"id":17509,"date":"2025-11-26T07:01:52","date_gmt":"2025-11-26T08:01:52","guid":{"rendered":"https:\/\/autobarbosa.com\/produto\/jogo-disco-travoes-rasurados-perfurados-grn-saxo-asfalto-c2-r2-terra-diam-283x26-p-bombas-alcon\/"},"modified":"2026-04-22T07:01:36","modified_gmt":"2026-04-22T07:01:36","slug":"jogo-disco-travoes-rasurados-perfurados-grn-saxo-asfalto-c2-r2-terra-diam-283x26-p-bombas-alcon","status":"publish","type":"product","link":"https:\/\/autobarbosa.com\/en\/produto\/jogo-disco-travoes-rasurados-perfurados-grn-saxo-asfalto-c2-r2-terra-diam-283x26-p-bombas-alcon\/","title":{"rendered":"JOGO DISCO TRAVOES RASURADOS \/ PERFURADOS  GRN &#8211; SAXO ASFALTO\/ C2 R2 TERRA &#8211; DIAM 283X26 P\/ BOMBAS ALCON"},"content":{"rendered":"<p>REDSPEC Discos ranhurados perfurados para CITROEN Saxo ou PEUGEOT 406 283&#215;26 mm dianteiro<\/p>\n<p>Dotados de um visual radical, os discos ranhurados perfurados possuem aberturas que facilitam a dissipa\u00e7\u00e3o do calor e canais para limpar a superf\u00edcie da pastilha a cada frenagem.<br \/>\nTodos os componentes para uma travagem ideal!<\/p>\n<p>S\u00e3o montados no lugar dos seus discos originais (dimens\u00f5es id\u00eanticas).<br \/>\nPor favor, verifique cuidadosamente a compatibilidade destes discos com o seu ve\u00edculo.<br \/>\nEsses discos est\u00e3o em conformidade com os padr\u00f5es ISO 9001, ISO\/TS 16949 e T\u00dcV.<br \/>\nVendido em pares.<\/p>\n<p>Especifica\u00e7\u00f5es:<br \/>\nDisco dianteiro<br \/>\nTipo ventilado<br \/>\nDi\u00e2metro 283 mm<br \/>\nEspessura 22 mm<br \/>\nDi\u00e2metro 66,1 mm<br \/>\nN\u00famero de furos 4<br \/>\nPeso do disco 5,82 kg<\/p>\n<p>Adequado para:<br \/>\nCITROEN Saxo 1.6 Challenge Gr.A Rallye de 1996<br \/>\nCITROEN Xantia 2.0i 16V<br \/>\nCITROEN Xantia 2.0i Turbo<br \/>\nCITROEN Xantia 2.1 TD<br \/>\nCITROEN Xantia Break 2.0 Turbo<br \/>\nCITROEN Xantia Break 2.1 TD<br \/>\nPEUGEOT 406 1.9 TD<br \/>\nPEUGEOT 406 2.0 HDI<br \/>\nPEUGEOT 406 2.0i 16V<br \/>\nPEUGEOT 406 2.0i Turbo<br \/>\nPEUGEOT 406 2.1 TD<\/p>\n<p>Para um desempenho ideal, observe a fase de amaciamento descrita a seguir:<\/p>\n<p>1. Conecte a entrada dos refrigeradores a 3\/4<br \/>\n2. Use quebrado em pastilhas (duras)<br \/>\n3. Aquecer gradualmente os discos durante os primeiros 15 quil\u00f3metros.<br \/>\n4. Use o ve\u00edculo normalmente sem ser violento nos freios.<br \/>\n5. Termine com 5 ou 6 travagens fortes.<br \/>\n6. Se forem utilizadas tintas t\u00e9rmicas (refer\u00eancia CP26491) somente a tinta verde (430\u00b0C) deve ter descolorido e a laranja mal iniciada (560\u00b0C).<\/p>\n<p>Para operar com a maior efici\u00eancia e maior durabilidade poss\u00edvel, as temperaturas dos discos devem estar corretas e equilibradas.<br \/>\nEm geral, todos os acionamentos de um ve\u00edculo devem operar nas mesmas temperaturas.<br \/>\nA temperatura m\u00e1xima do disco deve ser compat\u00edvel com a qualidade das pastilhas utilizadas.<br \/>\nAs faces do disco n\u00e3o devem exceder as temperaturas m\u00e1ximas recomendadas para cada tipo de pastilha.<\/p>\n","protected":false},"excerpt":{"rendered":"<p>REDSPEC Discos ranhurados perfurados para CITROEN Saxo ou PEUGEOT 406 283&#215;26 mm dianteiro<\/p>\n<p>Dotados de um visual radical, os discos ranhurados perfurados possuem aberturas que facilitam a dissipa\u00e7\u00e3o do calor e canais para limpar a superf\u00edcie da pastilha a cada frenagem.<br \/>\nTodos os componentes para uma travagem ideal!<\/p>\n<p>S\u00e3o montados no lugar dos seus discos originais (dimens\u00f5es id\u00eanticas).<br \/>\nPor favor, verifique cuidadosamente a compatibilidade destes discos com o seu ve\u00edculo.<br \/>\nEsses discos est\u00e3o em conformidade com os padr\u00f5es ISO 9001, ISO\/TS 16949 e T\u00dcV.<br \/>\nVendido em pares.<\/p>\n<p>Especifica\u00e7\u00f5es:<br \/>\nDisco dianteiro<br \/>\nTipo ventilado<br \/>\nDi\u00e2metro 283 mm<br \/>\nEspessura 22 mm<br \/>\nDi\u00e2metro 66,1 mm<br \/>\nN\u00famero de furos 4<br \/>\nPeso do disco 5,82 kg<\/p>\n<p>Adequado para:<br \/>\nCITROEN Saxo 1.6 Challenge Gr.A Rallye de 1996<br \/>\nCITROEN Xantia 2.0i 16V<br \/>\nCITROEN Xantia 2.0i Turbo<br \/>\nCITROEN Xantia 2.1 TD<br \/>\nCITROEN Xantia Break 2.0 Turbo<br \/>\nCITROEN Xantia Break 2.1 TD<br \/>\nPEUGEOT 406 1.9 TD<br \/>\nPEUGEOT 406 2.0 HDI<br \/>\nPEUGEOT 406 2.0i 16V<br \/>\nPEUGEOT 406 2.0i Turbo<br \/>\nPEUGEOT 406 2.1 TD<\/p>\n<p>Para um desempenho ideal, observe a fase de amaciamento descrita a seguir:<\/p>\n<p>1. Conecte a entrada dos refrigeradores a 3\/4<br \/>\n2. Use quebrado em pastilhas (duras)<br \/>\n3. Aquecer gradualmente os discos durante os primeiros 15 quil\u00f3metros.<br \/>\n4. Use o ve\u00edculo normalmente sem ser violento nos freios.<br \/>\n5. Termine com 5 ou 6 travagens fortes.<br \/>\n6. Se forem utilizadas tintas t\u00e9rmicas (refer\u00eancia CP26491) somente a tinta verde (430\u00b0C) deve ter descolorido e a laranja mal iniciada (560\u00b0C).<\/p>\n<p>Para operar com a maior efici\u00eancia e maior durabilidade poss\u00edvel, as temperaturas dos discos devem estar corretas e equilibradas.<br \/>\nEm geral, todos os acionamentos de um ve\u00edculo devem operar nas mesmas temperaturas.<br \/>\nA temperatura m\u00e1xima do disco deve ser compat\u00edvel com a qualidade das pastilhas utilizadas.<br \/>\nAs faces do disco n\u00e3o devem exceder as temperaturas m\u00e1ximas recomendadas para cada tipo de pastilha.<\/p>\n","protected":false},"featured_media":17505,"template":"","meta":[],"product_cat":[479,484,506],"product_tag":[],"marca":[121],"class_list":["post-17509","product","type-product","status-publish","has-post-thumbnail","hentry","product_cat-viatura","product_cat-sistema-travagem","product_cat-discos-travoes","marca-red-spec"],"yoast_head":"<!-- This site is optimized with the Yoast SEO plugin v20.5 - https:\/\/yoast.com\/wordpress\/plugins\/seo\/ -->\n<title>JOGO DISCO TRAVOES RASURADOS \/ PERFURADOS GRN - SAXO ASFALTO\/ C2 R2 TERRA - DIAM 283X26 P\/ BOMBAS ALCON - Auto Barbosa<\/title>\n<meta name=\"robots\" content=\"index, follow, max-snippet:-1, max-image-preview:large, max-video-preview:-1\" \/>\n<link rel=\"canonical\" href=\"https:\/\/autobarbosa.com\/en\/produto\/jogo-disco-travoes-rasurados-perfurados-grn-saxo-asfalto-c2-r2-terra-diam-283x26-p-bombas-alcon\/\" \/>\n<meta property=\"og:locale\" content=\"en_US\" \/>\n<meta property=\"og:type\" content=\"article\" \/>\n<meta property=\"og:title\" content=\"JOGO DISCO TRAVOES RASURADOS \/ PERFURADOS GRN - SAXO ASFALTO\/ C2 R2 TERRA - DIAM 283X26 P\/ BOMBAS ALCON - Auto Barbosa\" \/>\n<meta property=\"og:description\" content=\"REDSPEC Discos ranhurados perfurados para CITROEN Saxo ou PEUGEOT 406 283x26 mm dianteiro  Dotados de um visual radical, os discos ranhurados perfurados possuem aberturas que facilitam a dissipa\u00e7\u00e3o do calor e canais para limpar a superf\u00edcie da pastilha a cada frenagem. Todos os componentes para uma travagem ideal!  S\u00e3o montados no lugar dos seus discos originais (dimens\u00f5es id\u00eanticas). Por favor, verifique cuidadosamente a compatibilidade destes discos com o seu ve\u00edculo. Esses discos est\u00e3o em conformidade com os padr\u00f5es ISO 9001, ISO\/TS 16949 e T\u00dcV. Vendido em pares.  Especifica\u00e7\u00f5es: Disco dianteiro Tipo ventilado Di\u00e2metro 283 mm Espessura 22 mm Di\u00e2metro 66,1 mm N\u00famero de furos 4 Peso do disco 5,82 kg  Adequado para: CITROEN Saxo 1.6 Challenge Gr.A Rallye de 1996 CITROEN Xantia 2.0i 16V CITROEN Xantia 2.0i Turbo CITROEN Xantia 2.1 TD CITROEN Xantia Break 2.0 Turbo CITROEN Xantia Break 2.1 TD PEUGEOT 406 1.9 TD PEUGEOT 406 2.0 HDI PEUGEOT 406 2.0i 16V PEUGEOT 406 2.0i Turbo PEUGEOT 406 2.1 TD  Para um desempenho ideal, observe a fase de amaciamento descrita a seguir:  1. Conecte a entrada dos refrigeradores a 3\/4 2. Use quebrado em pastilhas (duras) 3. Aquecer gradualmente os discos durante os primeiros 15 quil\u00f3metros. 4. Use o ve\u00edculo normalmente sem ser violento nos freios. 5. Termine com 5 ou 6 travagens fortes. 6. Se forem utilizadas tintas t\u00e9rmicas (refer\u00eancia CP26491) somente a tinta verde (430\u00b0C) deve ter descolorido e a laranja mal iniciada (560\u00b0C).  Para operar com a maior efici\u00eancia e maior durabilidade poss\u00edvel, as temperaturas dos discos devem estar corretas e equilibradas. Em geral, todos os acionamentos de um ve\u00edculo devem operar nas mesmas temperaturas. A temperatura m\u00e1xima do disco deve ser compat\u00edvel com a qualidade das pastilhas utilizadas. As faces do disco n\u00e3o devem exceder as temperaturas m\u00e1ximas recomendadas para cada tipo de pastilha.\" \/>\n<meta property=\"og:url\" content=\"https:\/\/autobarbosa.com\/en\/produto\/jogo-disco-travoes-rasurados-perfurados-grn-saxo-asfalto-c2-r2-terra-diam-283x26-p-bombas-alcon\/\" \/>\n<meta property=\"og:site_name\" content=\"Auto Barbosa\" \/>\n<meta property=\"article:publisher\" content=\"https:\/\/www.facebook.com\/autobarbosaoficina\" \/>\n<meta property=\"article:modified_time\" content=\"2026-04-22T07:01:36+00:00\" \/>\n<meta property=\"og:image\" content=\"https:\/\/autobarbosa.com\/wp-content\/uploads\/2025\/11\/1dvhpd151.png\" \/>\n\t<meta property=\"og:image:width\" content=\"500\" \/>\n\t<meta property=\"og:image:height\" content=\"500\" \/>\n\t<meta property=\"og:image:type\" content=\"image\/png\" \/>\n<meta name=\"twitter:card\" content=\"summary_large_image\" \/>\n<meta name=\"twitter:label1\" content=\"Est. reading time\" \/>\n\t<meta name=\"twitter:data1\" content=\"1 minute\" \/>\n<script type=\"application\/ld+json\" class=\"yoast-schema-graph\">{\"@context\":\"https:\/\/schema.org\",\"@graph\":[{\"@type\":\"WebPage\",\"@id\":\"https:\/\/autobarbosa.com\/en\/produto\/jogo-disco-travoes-rasurados-perfurados-grn-saxo-asfalto-c2-r2-terra-diam-283x26-p-bombas-alcon\/\",\"url\":\"https:\/\/autobarbosa.com\/en\/produto\/jogo-disco-travoes-rasurados-perfurados-grn-saxo-asfalto-c2-r2-terra-diam-283x26-p-bombas-alcon\/\",\"name\":\"JOGO DISCO TRAVOES RASURADOS \/ PERFURADOS GRN - SAXO ASFALTO\/ C2 R2 TERRA - DIAM 283X26 P\/ BOMBAS ALCON - Auto Barbosa\",\"isPartOf\":{\"@id\":\"https:\/\/autobarbosa.com\/en\/#website\"},\"datePublished\":\"2025-11-26T08:01:52+00:00\",\"dateModified\":\"2026-04-22T07:01:36+00:00\",\"breadcrumb\":{\"@id\":\"https:\/\/autobarbosa.com\/en\/produto\/jogo-disco-travoes-rasurados-perfurados-grn-saxo-asfalto-c2-r2-terra-diam-283x26-p-bombas-alcon\/#breadcrumb\"},\"inLanguage\":\"en-US\",\"potentialAction\":[{\"@type\":\"ReadAction\",\"target\":[\"https:\/\/autobarbosa.com\/en\/produto\/jogo-disco-travoes-rasurados-perfurados-grn-saxo-asfalto-c2-r2-terra-diam-283x26-p-bombas-alcon\/\"]}]},{\"@type\":\"BreadcrumbList\",\"@id\":\"https:\/\/autobarbosa.com\/en\/produto\/jogo-disco-travoes-rasurados-perfurados-grn-saxo-asfalto-c2-r2-terra-diam-283x26-p-bombas-alcon\/#breadcrumb\",\"itemListElement\":[{\"@type\":\"ListItem\",\"position\":1,\"name\":\"In\u00edcio\",\"item\":\"https:\/\/autobarbosa.com\/en\/\"},{\"@type\":\"ListItem\",\"position\":2,\"name\":\"Loja\",\"item\":\"https:\/\/autobarbosa.com\/\"},{\"@type\":\"ListItem\",\"position\":3,\"name\":\"JOGO DISCO TRAVOES RASURADOS \/ PERFURADOS GRN &#8211; SAXO ASFALTO\/ C2 R2 TERRA &#8211; DIAM 283X26 P\/ BOMBAS ALCON\"}]},{\"@type\":\"WebSite\",\"@id\":\"https:\/\/autobarbosa.com\/en\/#website\",\"url\":\"https:\/\/autobarbosa.com\/en\/\",\"name\":\"Auto Barbosa\",\"description\":\"Site institucional\",\"publisher\":{\"@id\":\"https:\/\/autobarbosa.com\/en\/#organization\"},\"potentialAction\":[{\"@type\":\"SearchAction\",\"target\":{\"@type\":\"EntryPoint\",\"urlTemplate\":\"https:\/\/autobarbosa.com\/en\/?s={search_term_string}\"},\"query-input\":\"required name=search_term_string\"}],\"inLanguage\":\"en-US\"},{\"@type\":\"Organization\",\"@id\":\"https:\/\/autobarbosa.com\/en\/#organization\",\"name\":\"Auto Barbosa\",\"url\":\"https:\/\/autobarbosa.com\/en\/\",\"logo\":{\"@type\":\"ImageObject\",\"inLanguage\":\"en-US\",\"@id\":\"https:\/\/autobarbosa.com\/en\/#\/schema\/logo\/image\/\",\"url\":\"https:\/\/autobarbosa.com\/wp-content\/uploads\/2023\/03\/AUTO-BARBOSA-LOGO-1-e1678715539111.png\",\"contentUrl\":\"https:\/\/autobarbosa.com\/wp-content\/uploads\/2023\/03\/AUTO-BARBOSA-LOGO-1-e1678715539111.png\",\"width\":3233,\"height\":3233,\"caption\":\"Auto Barbosa\"},\"image\":{\"@id\":\"https:\/\/autobarbosa.com\/en\/#\/schema\/logo\/image\/\"},\"sameAs\":[\"https:\/\/www.facebook.com\/autobarbosaoficina\",\"https:\/\/www.instagram.com\/autobarbosa.oficina\/\"]}]}<\/script>\n<!-- \/ Yoast SEO plugin. -->","yoast_head_json":{"title":"JOGO DISCO TRAVOES RASURADOS \/ PERFURADOS GRN - SAXO ASFALTO\/ C2 R2 TERRA - DIAM 283X26 P\/ BOMBAS ALCON - Auto Barbosa","robots":{"index":"index","follow":"follow","max-snippet":"max-snippet:-1","max-image-preview":"max-image-preview:large","max-video-preview":"max-video-preview:-1"},"canonical":"https:\/\/autobarbosa.com\/en\/produto\/jogo-disco-travoes-rasurados-perfurados-grn-saxo-asfalto-c2-r2-terra-diam-283x26-p-bombas-alcon\/","og_locale":"en_US","og_type":"article","og_title":"JOGO DISCO TRAVOES RASURADOS \/ PERFURADOS GRN - SAXO ASFALTO\/ C2 R2 TERRA - DIAM 283X26 P\/ BOMBAS ALCON - Auto Barbosa","og_description":"REDSPEC Discos ranhurados perfurados para CITROEN Saxo ou PEUGEOT 406 283x26 mm dianteiro  Dotados de um visual radical, os discos ranhurados perfurados possuem aberturas que facilitam a dissipa\u00e7\u00e3o do calor e canais para limpar a superf\u00edcie da pastilha a cada frenagem. Todos os componentes para uma travagem ideal!  S\u00e3o montados no lugar dos seus discos originais (dimens\u00f5es id\u00eanticas). Por favor, verifique cuidadosamente a compatibilidade destes discos com o seu ve\u00edculo. Esses discos est\u00e3o em conformidade com os padr\u00f5es ISO 9001, ISO\/TS 16949 e T\u00dcV. Vendido em pares.  Especifica\u00e7\u00f5es: Disco dianteiro Tipo ventilado Di\u00e2metro 283 mm Espessura 22 mm Di\u00e2metro 66,1 mm N\u00famero de furos 4 Peso do disco 5,82 kg  Adequado para: CITROEN Saxo 1.6 Challenge Gr.A Rallye de 1996 CITROEN Xantia 2.0i 16V CITROEN Xantia 2.0i Turbo CITROEN Xantia 2.1 TD CITROEN Xantia Break 2.0 Turbo CITROEN Xantia Break 2.1 TD PEUGEOT 406 1.9 TD PEUGEOT 406 2.0 HDI PEUGEOT 406 2.0i 16V PEUGEOT 406 2.0i Turbo PEUGEOT 406 2.1 TD  Para um desempenho ideal, observe a fase de amaciamento descrita a seguir:  1. Conecte a entrada dos refrigeradores a 3\/4 2. Use quebrado em pastilhas (duras) 3. Aquecer gradualmente os discos durante os primeiros 15 quil\u00f3metros. 4. Use o ve\u00edculo normalmente sem ser violento nos freios. 5. Termine com 5 ou 6 travagens fortes. 6. Se forem utilizadas tintas t\u00e9rmicas (refer\u00eancia CP26491) somente a tinta verde (430\u00b0C) deve ter descolorido e a laranja mal iniciada (560\u00b0C).  Para operar com a maior efici\u00eancia e maior durabilidade poss\u00edvel, as temperaturas dos discos devem estar corretas e equilibradas. Em geral, todos os acionamentos de um ve\u00edculo devem operar nas mesmas temperaturas. A temperatura m\u00e1xima do disco deve ser compat\u00edvel com a qualidade das pastilhas utilizadas. As faces do disco n\u00e3o devem exceder as temperaturas m\u00e1ximas recomendadas para cada tipo de pastilha.","og_url":"https:\/\/autobarbosa.com\/en\/produto\/jogo-disco-travoes-rasurados-perfurados-grn-saxo-asfalto-c2-r2-terra-diam-283x26-p-bombas-alcon\/","og_site_name":"Auto Barbosa","article_publisher":"https:\/\/www.facebook.com\/autobarbosaoficina","article_modified_time":"2026-04-22T07:01:36+00:00","og_image":[{"width":500,"height":500,"url":"https:\/\/autobarbosa.com\/wp-content\/uploads\/2025\/11\/1dvhpd151.png","type":"image\/png"}],"twitter_card":"summary_large_image","twitter_misc":{"Est. reading time":"1 minute"},"schema":{"@context":"https:\/\/schema.org","@graph":[{"@type":"WebPage","@id":"https:\/\/autobarbosa.com\/en\/produto\/jogo-disco-travoes-rasurados-perfurados-grn-saxo-asfalto-c2-r2-terra-diam-283x26-p-bombas-alcon\/","url":"https:\/\/autobarbosa.com\/en\/produto\/jogo-disco-travoes-rasurados-perfurados-grn-saxo-asfalto-c2-r2-terra-diam-283x26-p-bombas-alcon\/","name":"JOGO DISCO TRAVOES RASURADOS \/ PERFURADOS GRN - SAXO ASFALTO\/ C2 R2 TERRA - DIAM 283X26 P\/ BOMBAS ALCON - Auto Barbosa","isPartOf":{"@id":"https:\/\/autobarbosa.com\/en\/#website"},"datePublished":"2025-11-26T08:01:52+00:00","dateModified":"2026-04-22T07:01:36+00:00","breadcrumb":{"@id":"https:\/\/autobarbosa.com\/en\/produto\/jogo-disco-travoes-rasurados-perfurados-grn-saxo-asfalto-c2-r2-terra-diam-283x26-p-bombas-alcon\/#breadcrumb"},"inLanguage":"en-US","potentialAction":[{"@type":"ReadAction","target":["https:\/\/autobarbosa.com\/en\/produto\/jogo-disco-travoes-rasurados-perfurados-grn-saxo-asfalto-c2-r2-terra-diam-283x26-p-bombas-alcon\/"]}]},{"@type":"BreadcrumbList","@id":"https:\/\/autobarbosa.com\/en\/produto\/jogo-disco-travoes-rasurados-perfurados-grn-saxo-asfalto-c2-r2-terra-diam-283x26-p-bombas-alcon\/#breadcrumb","itemListElement":[{"@type":"ListItem","position":1,"name":"In\u00edcio","item":"https:\/\/autobarbosa.com\/en\/"},{"@type":"ListItem","position":2,"name":"Loja","item":"https:\/\/autobarbosa.com\/"},{"@type":"ListItem","position":3,"name":"JOGO DISCO TRAVOES RASURADOS \/ PERFURADOS GRN &#8211; SAXO ASFALTO\/ C2 R2 TERRA &#8211; DIAM 283X26 P\/ BOMBAS ALCON"}]},{"@type":"WebSite","@id":"https:\/\/autobarbosa.com\/en\/#website","url":"https:\/\/autobarbosa.com\/en\/","name":"Auto Barbosa","description":"Site institucional","publisher":{"@id":"https:\/\/autobarbosa.com\/en\/#organization"},"potentialAction":[{"@type":"SearchAction","target":{"@type":"EntryPoint","urlTemplate":"https:\/\/autobarbosa.com\/en\/?s={search_term_string}"},"query-input":"required name=search_term_string"}],"inLanguage":"en-US"},{"@type":"Organization","@id":"https:\/\/autobarbosa.com\/en\/#organization","name":"Auto Barbosa","url":"https:\/\/autobarbosa.com\/en\/","logo":{"@type":"ImageObject","inLanguage":"en-US","@id":"https:\/\/autobarbosa.com\/en\/#\/schema\/logo\/image\/","url":"https:\/\/autobarbosa.com\/wp-content\/uploads\/2023\/03\/AUTO-BARBOSA-LOGO-1-e1678715539111.png","contentUrl":"https:\/\/autobarbosa.com\/wp-content\/uploads\/2023\/03\/AUTO-BARBOSA-LOGO-1-e1678715539111.png","width":3233,"height":3233,"caption":"Auto Barbosa"},"image":{"@id":"https:\/\/autobarbosa.com\/en\/#\/schema\/logo\/image\/"},"sameAs":["https:\/\/www.facebook.com\/autobarbosaoficina","https:\/\/www.instagram.com\/autobarbosa.oficina\/"]}]}},"_links":{"self":[{"href":"https:\/\/autobarbosa.com\/en\/wp-json\/wp\/v3\/product\/17509","targetHints":{"allow":["GET"]}}],"collection":[{"href":"https:\/\/autobarbosa.com\/en\/wp-json\/wp\/v3\/product"}],"about":[{"href":"https:\/\/autobarbosa.com\/en\/wp-json\/wp\/v2\/types\/product"}],"wp:featuredmedia":[{"embeddable":true,"href":"https:\/\/autobarbosa.com\/en\/wp-json\/wp\/v2\/media\/17505"}],"wp:attachment":[{"href":"https:\/\/autobarbosa.com\/en\/wp-json\/wp\/v2\/media?parent=17509"}],"wp:term":[{"taxonomy":"product_cat","embeddable":true,"href":"https:\/\/autobarbosa.com\/en\/wp-json\/wp\/v2\/product_cat?post=17509"},{"taxonomy":"product_tag","embeddable":true,"href":"https:\/\/autobarbosa.com\/en\/wp-json\/wp\/v2\/product_tag?post=17509"},{"taxonomy":"marca","embeddable":true,"href":"https:\/\/autobarbosa.com\/en\/wp-json\/wp\/v2\/marca?post=17509"}],"curies":[{"name":"wp","href":"https:\/\/api.w.org\/{rel}","templated":true}]}}