{"id":17573,"date":"2025-11-26T07:02:10","date_gmt":"2025-11-26T08:02:10","guid":{"rendered":"https:\/\/autobarbosa.com\/produto\/kit-tubos-travoes-maia-de-aco-mini-2007\/"},"modified":"2026-04-15T19:02:01","modified_gmt":"2026-04-15T19:02:01","slug":"kit-tubos-travoes-maia-de-aco-mini-2007","status":"publish","type":"product","link":"https:\/\/autobarbosa.com\/en\/produto\/kit-tubos-travoes-maia-de-aco-mini-2007\/","title":{"rendered":"KIT TUBOS TRAV\u00d5ES  MAIA DE A\u00c7O &#8211; MINI 2007&gt;"},"content":{"rendered":"<p>Kit de tubos de trav\u00f5es  GOODRIDGE para MINI 2007&gt;<\/p>\n<p>Kit de tubos de trav\u00f5es  GOODRIDGE de alta qualidade, montado e pronto para montar em seu ve\u00edculo.<br \/>\nA instala\u00e7\u00e3o de mangueiras de avia\u00e7\u00e3o tran\u00e7adas em a\u00e7o inoxid\u00e1vel garante uma frenagem mais eficiente e dur\u00e1vel.<br \/>\nMuito boa resist\u00eancia ao calor provocado por travagens fortes e repetidas. Estas mangueiras de avia\u00e7\u00e3o tran\u00e7adas oferecem uma melhor sensa\u00e7\u00e3o de pedal mesmo em condi\u00e7\u00f5es extremas.<br \/>\nResistente aos choques e ao desgaste, este kit homologado contribuir\u00e1 para a seguran\u00e7a e efici\u00eancia do seu sistema de travagem.<br \/>\nN\u00famero de mangueiras: 4<\/p>\n<p>Adequado para:<br \/>\n&#8211; MINI Cooper S de 2007.<\/p>\n","protected":false},"excerpt":{"rendered":"<p>Kit de tubos de trav\u00f5es  GOODRIDGE para MINI 2007&gt;<\/p>\n<p>Kit de tubos de trav\u00f5es  GOODRIDGE de alta qualidade, montado e pronto para montar em seu ve\u00edculo.<br \/>\nA instala\u00e7\u00e3o de mangueiras de avia\u00e7\u00e3o tran\u00e7adas em a\u00e7o inoxid\u00e1vel garante uma frenagem mais eficiente e dur\u00e1vel.<br \/>\nMuito boa resist\u00eancia ao calor provocado por travagens fortes e repetidas. Estas mangueiras de avia\u00e7\u00e3o tran\u00e7adas oferecem uma melhor sensa\u00e7\u00e3o de pedal mesmo em condi\u00e7\u00f5es extremas.<br \/>\nResistente aos choques e ao desgaste, este kit homologado contribuir\u00e1 para a seguran\u00e7a e efici\u00eancia do seu sistema de travagem.<br \/>\nN\u00famero de mangueiras: 4<\/p>\n<p>Adequado para:<br \/>\n&#8211; MINI Cooper S de 2007.<\/p>\n","protected":false},"featured_media":17569,"template":"","meta":[],"product_cat":[971,479,484],"product_tag":[],"marca":[140],"class_list":["post-17573","product","type-product","status-publish","has-post-thumbnail","hentry","product_cat-kit-tubos-travoes","product_cat-viatura","product_cat-sistema-travagem","marca-goodridge"],"yoast_head":"<!-- This site is optimized with the Yoast SEO plugin v20.5 - https:\/\/yoast.com\/wordpress\/plugins\/seo\/ -->\n<title>KIT TUBOS TRAV\u00d5ES MAIA DE A\u00c7O - MINI 2007&gt; - Auto Barbosa<\/title>\n<meta name=\"robots\" content=\"index, follow, max-snippet:-1, max-image-preview:large, max-video-preview:-1\" \/>\n<link rel=\"canonical\" href=\"https:\/\/autobarbosa.com\/en\/produto\/kit-tubos-travoes-maia-de-aco-mini-2007\/\" \/>\n<meta property=\"og:locale\" content=\"en_US\" \/>\n<meta property=\"og:type\" content=\"article\" \/>\n<meta property=\"og:title\" content=\"KIT TUBOS TRAV\u00d5ES MAIA DE A\u00c7O - MINI 2007&gt; - Auto Barbosa\" \/>\n<meta property=\"og:description\" content=\"Kit de tubos de trav\u00f5es GOODRIDGE para MINI 2007&gt;  Kit de tubos de trav\u00f5es GOODRIDGE de alta qualidade, montado e pronto para montar em seu ve\u00edculo. A instala\u00e7\u00e3o de mangueiras de avia\u00e7\u00e3o tran\u00e7adas em a\u00e7o inoxid\u00e1vel garante uma frenagem mais eficiente e dur\u00e1vel. Muito boa resist\u00eancia ao calor provocado por travagens fortes e repetidas. Estas mangueiras de avia\u00e7\u00e3o tran\u00e7adas oferecem uma melhor sensa\u00e7\u00e3o de pedal mesmo em condi\u00e7\u00f5es extremas. Resistente aos choques e ao desgaste, este kit homologado contribuir\u00e1 para a seguran\u00e7a e efici\u00eancia do seu sistema de travagem. N\u00famero de mangueiras: 4  Adequado para: - MINI Cooper S de 2007.\" \/>\n<meta property=\"og:url\" content=\"https:\/\/autobarbosa.com\/en\/produto\/kit-tubos-travoes-maia-de-aco-mini-2007\/\" \/>\n<meta property=\"og:site_name\" content=\"Auto Barbosa\" \/>\n<meta property=\"article:publisher\" content=\"https:\/\/www.facebook.com\/autobarbosaoficina\" \/>\n<meta property=\"article:modified_time\" content=\"2026-04-15T19:02:01+00:00\" \/>\n<meta property=\"og:image\" content=\"https:\/\/autobarbosa.com\/wp-content\/uploads\/2025\/11\/1flbw11754f.png\" \/>\n\t<meta property=\"og:image:width\" content=\"800\" \/>\n\t<meta property=\"og:image:height\" content=\"800\" \/>\n\t<meta property=\"og:image:type\" content=\"image\/png\" \/>\n<meta name=\"twitter:card\" content=\"summary_large_image\" \/>\n<meta name=\"twitter:label1\" content=\"Est. reading time\" \/>\n\t<meta name=\"twitter:data1\" content=\"1 minute\" \/>\n<script type=\"application\/ld+json\" class=\"yoast-schema-graph\">{\"@context\":\"https:\/\/schema.org\",\"@graph\":[{\"@type\":\"WebPage\",\"@id\":\"https:\/\/autobarbosa.com\/en\/produto\/kit-tubos-travoes-maia-de-aco-mini-2007\/\",\"url\":\"https:\/\/autobarbosa.com\/en\/produto\/kit-tubos-travoes-maia-de-aco-mini-2007\/\",\"name\":\"KIT TUBOS TRAV\u00d5ES MAIA DE A\u00c7O - MINI 2007&gt; - Auto Barbosa\",\"isPartOf\":{\"@id\":\"https:\/\/autobarbosa.com\/en\/#website\"},\"datePublished\":\"2025-11-26T08:02:10+00:00\",\"dateModified\":\"2026-04-15T19:02:01+00:00\",\"breadcrumb\":{\"@id\":\"https:\/\/autobarbosa.com\/en\/produto\/kit-tubos-travoes-maia-de-aco-mini-2007\/#breadcrumb\"},\"inLanguage\":\"en-US\",\"potentialAction\":[{\"@type\":\"ReadAction\",\"target\":[\"https:\/\/autobarbosa.com\/en\/produto\/kit-tubos-travoes-maia-de-aco-mini-2007\/\"]}]},{\"@type\":\"BreadcrumbList\",\"@id\":\"https:\/\/autobarbosa.com\/en\/produto\/kit-tubos-travoes-maia-de-aco-mini-2007\/#breadcrumb\",\"itemListElement\":[{\"@type\":\"ListItem\",\"position\":1,\"name\":\"In\u00edcio\",\"item\":\"https:\/\/autobarbosa.com\/en\/\"},{\"@type\":\"ListItem\",\"position\":2,\"name\":\"Loja\",\"item\":\"https:\/\/autobarbosa.com\/\"},{\"@type\":\"ListItem\",\"position\":3,\"name\":\"KIT TUBOS TRAV\u00d5ES MAIA DE A\u00c7O &#8211; MINI 2007&gt;\"}]},{\"@type\":\"WebSite\",\"@id\":\"https:\/\/autobarbosa.com\/en\/#website\",\"url\":\"https:\/\/autobarbosa.com\/en\/\",\"name\":\"Auto Barbosa\",\"description\":\"Site institucional\",\"publisher\":{\"@id\":\"https:\/\/autobarbosa.com\/en\/#organization\"},\"potentialAction\":[{\"@type\":\"SearchAction\",\"target\":{\"@type\":\"EntryPoint\",\"urlTemplate\":\"https:\/\/autobarbosa.com\/en\/?s={search_term_string}\"},\"query-input\":\"required name=search_term_string\"}],\"inLanguage\":\"en-US\"},{\"@type\":\"Organization\",\"@id\":\"https:\/\/autobarbosa.com\/en\/#organization\",\"name\":\"Auto Barbosa\",\"url\":\"https:\/\/autobarbosa.com\/en\/\",\"logo\":{\"@type\":\"ImageObject\",\"inLanguage\":\"en-US\",\"@id\":\"https:\/\/autobarbosa.com\/en\/#\/schema\/logo\/image\/\",\"url\":\"https:\/\/autobarbosa.com\/wp-content\/uploads\/2023\/03\/AUTO-BARBOSA-LOGO-1-e1678715539111.png\",\"contentUrl\":\"https:\/\/autobarbosa.com\/wp-content\/uploads\/2023\/03\/AUTO-BARBOSA-LOGO-1-e1678715539111.png\",\"width\":3233,\"height\":3233,\"caption\":\"Auto Barbosa\"},\"image\":{\"@id\":\"https:\/\/autobarbosa.com\/en\/#\/schema\/logo\/image\/\"},\"sameAs\":[\"https:\/\/www.facebook.com\/autobarbosaoficina\",\"https:\/\/www.instagram.com\/autobarbosa.oficina\/\"]}]}<\/script>\n<!-- \/ Yoast SEO plugin. -->","yoast_head_json":{"title":"KIT TUBOS TRAV\u00d5ES MAIA DE A\u00c7O - MINI 2007&gt; - Auto Barbosa","robots":{"index":"index","follow":"follow","max-snippet":"max-snippet:-1","max-image-preview":"max-image-preview:large","max-video-preview":"max-video-preview:-1"},"canonical":"https:\/\/autobarbosa.com\/en\/produto\/kit-tubos-travoes-maia-de-aco-mini-2007\/","og_locale":"en_US","og_type":"article","og_title":"KIT TUBOS TRAV\u00d5ES MAIA DE A\u00c7O - MINI 2007&gt; - Auto Barbosa","og_description":"Kit de tubos de trav\u00f5es GOODRIDGE para MINI 2007&gt;  Kit de tubos de trav\u00f5es GOODRIDGE de alta qualidade, montado e pronto para montar em seu ve\u00edculo. A instala\u00e7\u00e3o de mangueiras de avia\u00e7\u00e3o tran\u00e7adas em a\u00e7o inoxid\u00e1vel garante uma frenagem mais eficiente e dur\u00e1vel. Muito boa resist\u00eancia ao calor provocado por travagens fortes e repetidas. Estas mangueiras de avia\u00e7\u00e3o tran\u00e7adas oferecem uma melhor sensa\u00e7\u00e3o de pedal mesmo em condi\u00e7\u00f5es extremas. Resistente aos choques e ao desgaste, este kit homologado contribuir\u00e1 para a seguran\u00e7a e efici\u00eancia do seu sistema de travagem. N\u00famero de mangueiras: 4  Adequado para: - MINI Cooper S de 2007.","og_url":"https:\/\/autobarbosa.com\/en\/produto\/kit-tubos-travoes-maia-de-aco-mini-2007\/","og_site_name":"Auto Barbosa","article_publisher":"https:\/\/www.facebook.com\/autobarbosaoficina","article_modified_time":"2026-04-15T19:02:01+00:00","og_image":[{"width":800,"height":800,"url":"https:\/\/autobarbosa.com\/wp-content\/uploads\/2025\/11\/1flbw11754f.png","type":"image\/png"}],"twitter_card":"summary_large_image","twitter_misc":{"Est. reading time":"1 minute"},"schema":{"@context":"https:\/\/schema.org","@graph":[{"@type":"WebPage","@id":"https:\/\/autobarbosa.com\/en\/produto\/kit-tubos-travoes-maia-de-aco-mini-2007\/","url":"https:\/\/autobarbosa.com\/en\/produto\/kit-tubos-travoes-maia-de-aco-mini-2007\/","name":"KIT TUBOS TRAV\u00d5ES MAIA DE A\u00c7O - MINI 2007&gt; - Auto Barbosa","isPartOf":{"@id":"https:\/\/autobarbosa.com\/en\/#website"},"datePublished":"2025-11-26T08:02:10+00:00","dateModified":"2026-04-15T19:02:01+00:00","breadcrumb":{"@id":"https:\/\/autobarbosa.com\/en\/produto\/kit-tubos-travoes-maia-de-aco-mini-2007\/#breadcrumb"},"inLanguage":"en-US","potentialAction":[{"@type":"ReadAction","target":["https:\/\/autobarbosa.com\/en\/produto\/kit-tubos-travoes-maia-de-aco-mini-2007\/"]}]},{"@type":"BreadcrumbList","@id":"https:\/\/autobarbosa.com\/en\/produto\/kit-tubos-travoes-maia-de-aco-mini-2007\/#breadcrumb","itemListElement":[{"@type":"ListItem","position":1,"name":"In\u00edcio","item":"https:\/\/autobarbosa.com\/en\/"},{"@type":"ListItem","position":2,"name":"Loja","item":"https:\/\/autobarbosa.com\/"},{"@type":"ListItem","position":3,"name":"KIT TUBOS TRAV\u00d5ES MAIA DE A\u00c7O &#8211; MINI 2007&gt;"}]},{"@type":"WebSite","@id":"https:\/\/autobarbosa.com\/en\/#website","url":"https:\/\/autobarbosa.com\/en\/","name":"Auto Barbosa","description":"Site institucional","publisher":{"@id":"https:\/\/autobarbosa.com\/en\/#organization"},"potentialAction":[{"@type":"SearchAction","target":{"@type":"EntryPoint","urlTemplate":"https:\/\/autobarbosa.com\/en\/?s={search_term_string}"},"query-input":"required name=search_term_string"}],"inLanguage":"en-US"},{"@type":"Organization","@id":"https:\/\/autobarbosa.com\/en\/#organization","name":"Auto Barbosa","url":"https:\/\/autobarbosa.com\/en\/","logo":{"@type":"ImageObject","inLanguage":"en-US","@id":"https:\/\/autobarbosa.com\/en\/#\/schema\/logo\/image\/","url":"https:\/\/autobarbosa.com\/wp-content\/uploads\/2023\/03\/AUTO-BARBOSA-LOGO-1-e1678715539111.png","contentUrl":"https:\/\/autobarbosa.com\/wp-content\/uploads\/2023\/03\/AUTO-BARBOSA-LOGO-1-e1678715539111.png","width":3233,"height":3233,"caption":"Auto Barbosa"},"image":{"@id":"https:\/\/autobarbosa.com\/en\/#\/schema\/logo\/image\/"},"sameAs":["https:\/\/www.facebook.com\/autobarbosaoficina","https:\/\/www.instagram.com\/autobarbosa.oficina\/"]}]}},"_links":{"self":[{"href":"https:\/\/autobarbosa.com\/en\/wp-json\/wp\/v3\/product\/17573","targetHints":{"allow":["GET"]}}],"collection":[{"href":"https:\/\/autobarbosa.com\/en\/wp-json\/wp\/v3\/product"}],"about":[{"href":"https:\/\/autobarbosa.com\/en\/wp-json\/wp\/v2\/types\/product"}],"wp:featuredmedia":[{"embeddable":true,"href":"https:\/\/autobarbosa.com\/en\/wp-json\/wp\/v2\/media\/17569"}],"wp:attachment":[{"href":"https:\/\/autobarbosa.com\/en\/wp-json\/wp\/v2\/media?parent=17573"}],"wp:term":[{"taxonomy":"product_cat","embeddable":true,"href":"https:\/\/autobarbosa.com\/en\/wp-json\/wp\/v2\/product_cat?post=17573"},{"taxonomy":"product_tag","embeddable":true,"href":"https:\/\/autobarbosa.com\/en\/wp-json\/wp\/v2\/product_tag?post=17573"},{"taxonomy":"marca","embeddable":true,"href":"https:\/\/autobarbosa.com\/en\/wp-json\/wp\/v2\/marca?post=17573"}],"curies":[{"name":"wp","href":"https:\/\/api.w.org\/{rel}","templated":true}]}}