{"id":17589,"date":"2025-11-26T07:02:14","date_gmt":"2025-11-26T08:02:14","guid":{"rendered":"https:\/\/autobarbosa.com\/produto\/jogo-calcos-travoes-cl-rc6-alcon-d48-5003w48t16\/"},"modified":"2026-04-20T07:02:17","modified_gmt":"2026-04-20T07:02:17","slug":"jogo-calcos-travoes-cl-rc6-alcon-d48-5003w48t16","status":"publish","type":"product","link":"https:\/\/autobarbosa.com\/en\/produto\/jogo-calcos-travoes-cl-rc6-alcon-d48-5003w48t16\/","title":{"rendered":"JOGO CAL\u00c7OS TRAVOES CL RC6 ALCON D48 (5003W48T16)"},"content":{"rendered":"<p>Pastilhas de Trav\u00f5es CL BRAKES RC6 para CITROEN Saxo 1.6 Challenge Gr.A ou PEUGEOT 205 Rallye front<br \/>\nCL BRAKES ap\u00f3ia muitos motoristas todos os anos, profissionais ou n\u00e3o, em todos os n\u00edveis, ganhando a experi\u00eancia necess\u00e1ria para o desenvolvimento dos melhores materiais de frenagem.<br \/>\nGra\u00e7as \u00e0 concorr\u00eancia, o desenvolvimento de novos produtos \u00e9 sempre feito com o mais alto n\u00edvel de desempenho.<br \/>\nToda a gama \u00e9 caracterizada por um franco \u201cataque\u201d de travagem.<br \/>\nEste material oferece uma gama muito ampla de aplica\u00e7\u00f5es poss\u00edveis, em ralis ou em circuitos.<br \/>\nCoeficiente de atrito m\u00e9dio de 0,5.<br \/>\nJ\u00e1 ganha corridas h\u00e1 6 anos gra\u00e7as \u00e0 sua rela\u00e7\u00e3o efici\u00eancia \/ facilidade de uso imbat\u00edvel.<br \/>\nOferece consist\u00eancia de fric\u00e7\u00e3o muito alta em alto n\u00edvel. Seu uso requer um fluido de freio de muito boa qualidade.<\/p>\n<p>Procedimento de arrombamento:<br \/>\nN\u00e3o \u00e9 necess\u00e1rio arrombamento espec\u00edfico.<br \/>\nEm discos novos: Aque\u00e7a o sistema gradualmente.<br \/>\nEm discos lapidados: Alguma travagem m\u00e9dia.<br \/>\nUse com fluido de freio de alta qualidade.<br \/>\nSangre os freios frequentemente.<br \/>\nMaterial de fric\u00e7\u00e3o de metal sinterizado.<br \/>\nComponentes principais: Grafite, cer\u00e2mica, ferro, cobre e bronze.<br \/>\nEsta placa n\u00e3o utiliza chumbo, nem amianto, nem n\u00edquel (tecnologia NoNiTech) para a preserva\u00e7\u00e3o do meio ambiente.<br \/>\nEspessura: 16 mm<\/p>\n<p>Pastilhas de freio de montagem frontal para:<br \/>\n&#8211; CITROEN Saxo 1.6 Challenge Gr.A Rallye de 1996 a 2005<br \/>\n&#8211; FORD Escort RS2000 de 1991 a 1995 pin\u00e7a AP, CP5005-8, 4 pist\u00f5es<br \/>\n&#8211; PEUGEOT 205 Gr.A \/ F2000 de 1988 a 1993<br \/>\n&#8211; PEUGEOT 205 Rallye \/ 1.6 \/ 1.9 \/ GTI \/ Gr.A \/ F2000 de 1988 a 1993<br \/>\n&#8211; PEUGEOT 205 Rallye \/ 1.6 \/ 1.9 \/ GTI de 1988 a 1993<br \/>\n&#8211; PEUGEOT 206 GTI \/ Si de 1998 a 2010 pin\u00e7a AP, CP5100-1034, 4 pist\u00f5es<br \/>\n&#8211; PEUGEOT 306 Kit Car Gr.A Rallye de a 1995<br \/>\n&#8211; VOLKSWAGEN Corrado de 1991 a 1999 pin\u00e7a AP, CP5100-1000, 4 pist\u00f5es<br \/>\n&#8211; VOLKSWAGEN Golf (3) MK3 de 1991 a 1999 pin\u00e7a AP, CP5100-1000, 4 pist\u00f5es<br \/>\n&#8211; VOLKSWAGEN Golf (3) VR6 de 1991 a 1999 pin\u00e7a AP, CP5100-1000, 4 pist\u00f5es<\/p>\n<p>Pastilhas de freio de montagem traseira para:<br \/>\n&#8211; BMW E46 M3 de 2001 a 2006<br \/>\n&#8211; BMW Z4 M Coupe de 2009<br \/>\n&#8211; MITSUBISHI Lancer Evo VII \/ VIII \/ IX de 2001 a 2007<br \/>\n&#8211; VOLKSWAGEN Corrado de 1991 a 1999 pin\u00e7a AP, CP5100-1000, 4 pist\u00f5es<br \/>\n&#8211; VOLKSWAGEN Golf (3) MK3 de 1991 a 1999 pin\u00e7a AP, CP5100-1000, 4 pist\u00f5es<br \/>\n&#8211; VOLKSWAGEN Golf (3) VR6 de 1991 a 1999 pin\u00e7a AP, CP5100-1000, 4 pist\u00f5es<\/p>\n<p>Pastilhas de freio:<br \/>\n&#8211; AP RACING CP2340D51<br \/>\n&#8211; ALCON 0084X264.4<br \/>\n&#8211; ALCON<br \/>\n4463X554<br \/>\n&#8211; ALCON 4463X544.4. .4<br \/>\n&#8211; ALCON CRH 304<\/p>\n","protected":false},"excerpt":{"rendered":"<p>Pastilhas de Trav\u00f5es CL BRAKES RC6 para CITROEN Saxo 1.6 Challenge Gr.A ou PEUGEOT 205 Rallye front<br \/>\nCL BRAKES ap\u00f3ia muitos motoristas todos os anos, profissionais ou n\u00e3o, em todos os n\u00edveis, ganhando a experi\u00eancia necess\u00e1ria para o desenvolvimento dos melhores materiais de frenagem.<br \/>\nGra\u00e7as \u00e0 concorr\u00eancia, o desenvolvimento de novos produtos \u00e9 sempre feito com o mais alto n\u00edvel de desempenho.<br \/>\nToda a gama \u00e9 caracterizada por um franco \u201cataque\u201d de travagem.<br \/>\nEste material oferece uma gama muito ampla de aplica\u00e7\u00f5es poss\u00edveis, em ralis ou em circuitos.<br \/>\nCoeficiente de atrito m\u00e9dio de 0,5.<br \/>\nJ\u00e1 ganha corridas h\u00e1 6 anos gra\u00e7as \u00e0 sua rela\u00e7\u00e3o efici\u00eancia \/ facilidade de uso imbat\u00edvel.<br \/>\nOferece consist\u00eancia de fric\u00e7\u00e3o muito alta em alto n\u00edvel. Seu uso requer um fluido de freio de muito boa qualidade.<\/p>\n<p>Procedimento de arrombamento:<br \/>\nN\u00e3o \u00e9 necess\u00e1rio arrombamento espec\u00edfico.<br \/>\nEm discos novos: Aque\u00e7a o sistema gradualmente.<br \/>\nEm discos lapidados: Alguma travagem m\u00e9dia.<br \/>\nUse com fluido de freio de alta qualidade.<br \/>\nSangre os freios frequentemente.<br \/>\nMaterial de fric\u00e7\u00e3o de metal sinterizado.<br \/>\nComponentes principais: Grafite, cer\u00e2mica, ferro, cobre e bronze.<br \/>\nEsta placa n\u00e3o utiliza chumbo, nem amianto, nem n\u00edquel (tecnologia NoNiTech) para a preserva\u00e7\u00e3o do meio ambiente.<br \/>\nEspessura: 16 mm<\/p>\n<p>Pastilhas de freio de montagem frontal para:<br \/>\n&#8211; CITROEN Saxo 1.6 Challenge Gr.A Rallye de 1996 a 2005<br \/>\n&#8211; FORD Escort RS2000 de 1991 a 1995 pin\u00e7a AP, CP5005-8, 4 pist\u00f5es<br \/>\n&#8211; PEUGEOT 205 Gr.A \/ F2000 de 1988 a 1993<br \/>\n&#8211; PEUGEOT 205 Rallye \/ 1.6 \/ 1.9 \/ GTI \/ Gr.A \/ F2000 de 1988 a 1993<br \/>\n&#8211; PEUGEOT 205 Rallye \/ 1.6 \/ 1.9 \/ GTI de 1988 a 1993<br \/>\n&#8211; PEUGEOT 206 GTI \/ Si de 1998 a 2010 pin\u00e7a AP, CP5100-1034, 4 pist\u00f5es<br \/>\n&#8211; PEUGEOT 306 Kit Car Gr.A Rallye de a 1995<br \/>\n&#8211; VOLKSWAGEN Corrado de 1991 a 1999 pin\u00e7a AP, CP5100-1000, 4 pist\u00f5es<br \/>\n&#8211; VOLKSWAGEN Golf (3) MK3 de 1991 a 1999 pin\u00e7a AP, CP5100-1000, 4 pist\u00f5es<br \/>\n&#8211; VOLKSWAGEN Golf (3) VR6 de 1991 a 1999 pin\u00e7a AP, CP5100-1000, 4 pist\u00f5es<\/p>\n<p>Pastilhas de freio de montagem traseira para:<br \/>\n&#8211; BMW E46 M3 de 2001 a 2006<br \/>\n&#8211; BMW Z4 M Coupe de 2009<br \/>\n&#8211; MITSUBISHI Lancer Evo VII \/ VIII \/ IX de 2001 a 2007<br \/>\n&#8211; VOLKSWAGEN Corrado de 1991 a 1999 pin\u00e7a AP, CP5100-1000, 4 pist\u00f5es<br \/>\n&#8211; VOLKSWAGEN Golf (3) MK3 de 1991 a 1999 pin\u00e7a AP, CP5100-1000, 4 pist\u00f5es<br \/>\n&#8211; VOLKSWAGEN Golf (3) VR6 de 1991 a 1999 pin\u00e7a AP, CP5100-1000, 4 pist\u00f5es<\/p>\n<p>Pastilhas de freio:<br \/>\n&#8211; AP RACING CP2340D51<br \/>\n&#8211; ALCON 0084X264.4<br \/>\n&#8211; ALCON<br \/>\n4463X554<br \/>\n&#8211; ALCON 4463X544.4. .4<br \/>\n&#8211; ALCON CRH 304<\/p>\n","protected":false},"featured_media":17585,"template":"","meta":[],"product_cat":[479,484,509],"product_tag":[],"marca":[148],"class_list":["post-17589","product","type-product","status-publish","has-post-thumbnail","hentry","product_cat-viatura","product_cat-sistema-travagem","product_cat-pastilhas-travoes","marca-carbone-lorraine"],"yoast_head":"<!-- This site is optimized with the Yoast SEO plugin v20.5 - https:\/\/yoast.com\/wordpress\/plugins\/seo\/ -->\n<title>JOGO CAL\u00c7OS TRAVOES CL RC6 ALCON D48 (5003W48T16) - Auto Barbosa<\/title>\n<meta name=\"robots\" content=\"index, follow, max-snippet:-1, max-image-preview:large, max-video-preview:-1\" \/>\n<link rel=\"canonical\" href=\"https:\/\/autobarbosa.com\/en\/produto\/jogo-calcos-travoes-cl-rc6-alcon-d48-5003w48t16\/\" \/>\n<meta property=\"og:locale\" content=\"en_US\" \/>\n<meta property=\"og:type\" content=\"article\" \/>\n<meta property=\"og:title\" content=\"JOGO CAL\u00c7OS TRAVOES CL RC6 ALCON D48 (5003W48T16) - Auto Barbosa\" \/>\n<meta property=\"og:description\" content=\"Pastilhas de Trav\u00f5es CL BRAKES RC6 para CITROEN Saxo 1.6 Challenge Gr.A ou PEUGEOT 205 Rallye front CL BRAKES ap\u00f3ia muitos motoristas todos os anos, profissionais ou n\u00e3o, em todos os n\u00edveis, ganhando a experi\u00eancia necess\u00e1ria para o desenvolvimento dos melhores materiais de frenagem. Gra\u00e7as \u00e0 concorr\u00eancia, o desenvolvimento de novos produtos \u00e9 sempre feito com o mais alto n\u00edvel de desempenho. Toda a gama \u00e9 caracterizada por um franco \u201cataque\u201d de travagem. Este material oferece uma gama muito ampla de aplica\u00e7\u00f5es poss\u00edveis, em ralis ou em circuitos. Coeficiente de atrito m\u00e9dio de 0,5. J\u00e1 ganha corridas h\u00e1 6 anos gra\u00e7as \u00e0 sua rela\u00e7\u00e3o efici\u00eancia \/ facilidade de uso imbat\u00edvel. Oferece consist\u00eancia de fric\u00e7\u00e3o muito alta em alto n\u00edvel. Seu uso requer um fluido de freio de muito boa qualidade.  Procedimento de arrombamento: N\u00e3o \u00e9 necess\u00e1rio arrombamento espec\u00edfico. Em discos novos: Aque\u00e7a o sistema gradualmente. Em discos lapidados: Alguma travagem m\u00e9dia. Use com fluido de freio de alta qualidade. Sangre os freios frequentemente. Material de fric\u00e7\u00e3o de metal sinterizado. Componentes principais: Grafite, cer\u00e2mica, ferro, cobre e bronze. Esta placa n\u00e3o utiliza chumbo, nem amianto, nem n\u00edquel (tecnologia NoNiTech) para a preserva\u00e7\u00e3o do meio ambiente. Espessura: 16 mm  Pastilhas de freio de montagem frontal para: - CITROEN Saxo 1.6 Challenge Gr.A Rallye de 1996 a 2005 - FORD Escort RS2000 de 1991 a 1995 pin\u00e7a AP, CP5005-8, 4 pist\u00f5es - PEUGEOT 205 Gr.A \/ F2000 de 1988 a 1993 - PEUGEOT 205 Rallye \/ 1.6 \/ 1.9 \/ GTI \/ Gr.A \/ F2000 de 1988 a 1993 - PEUGEOT 205 Rallye \/ 1.6 \/ 1.9 \/ GTI de 1988 a 1993 - PEUGEOT 206 GTI \/ Si de 1998 a 2010 pin\u00e7a AP, CP5100-1034, 4 pist\u00f5es - PEUGEOT 306 Kit Car Gr.A Rallye de a 1995 - VOLKSWAGEN Corrado de 1991 a 1999 pin\u00e7a AP, CP5100-1000, 4 pist\u00f5es - VOLKSWAGEN Golf (3) MK3 de 1991 a 1999 pin\u00e7a AP, CP5100-1000, 4 pist\u00f5es - VOLKSWAGEN Golf (3) VR6 de 1991 a 1999 pin\u00e7a AP, CP5100-1000, 4 pist\u00f5es  Pastilhas de freio de montagem traseira para: - BMW E46 M3 de 2001 a 2006 - BMW Z4 M Coupe de 2009 - MITSUBISHI Lancer Evo VII \/ VIII \/ IX de 2001 a 2007 - VOLKSWAGEN Corrado de 1991 a 1999 pin\u00e7a AP, CP5100-1000, 4 pist\u00f5es - VOLKSWAGEN Golf (3) MK3 de 1991 a 1999 pin\u00e7a AP, CP5100-1000, 4 pist\u00f5es - VOLKSWAGEN Golf (3) VR6 de 1991 a 1999 pin\u00e7a AP, CP5100-1000, 4 pist\u00f5es  Pastilhas de freio: - AP RACING CP2340D51 - ALCON 0084X264.4 - ALCON 4463X554 - ALCON 4463X544.4. .4 - ALCON CRH 304\" \/>\n<meta property=\"og:url\" content=\"https:\/\/autobarbosa.com\/en\/produto\/jogo-calcos-travoes-cl-rc6-alcon-d48-5003w48t16\/\" \/>\n<meta property=\"og:site_name\" content=\"Auto Barbosa\" \/>\n<meta property=\"article:publisher\" content=\"https:\/\/www.facebook.com\/autobarbosaoficina\" \/>\n<meta property=\"article:modified_time\" content=\"2026-04-20T07:02:17+00:00\" \/>\n<meta property=\"og:image\" content=\"https:\/\/autobarbosa.com\/wp-content\/uploads\/2025\/11\/1pfcl2340.png\" \/>\n\t<meta property=\"og:image:width\" content=\"800\" \/>\n\t<meta property=\"og:image:height\" content=\"800\" \/>\n\t<meta property=\"og:image:type\" content=\"image\/png\" \/>\n<meta name=\"twitter:card\" content=\"summary_large_image\" \/>\n<meta name=\"twitter:label1\" content=\"Est. reading time\" \/>\n\t<meta name=\"twitter:data1\" content=\"2 minutes\" \/>\n<script type=\"application\/ld+json\" class=\"yoast-schema-graph\">{\"@context\":\"https:\/\/schema.org\",\"@graph\":[{\"@type\":\"WebPage\",\"@id\":\"https:\/\/autobarbosa.com\/en\/produto\/jogo-calcos-travoes-cl-rc6-alcon-d48-5003w48t16\/\",\"url\":\"https:\/\/autobarbosa.com\/en\/produto\/jogo-calcos-travoes-cl-rc6-alcon-d48-5003w48t16\/\",\"name\":\"JOGO CAL\u00c7OS TRAVOES CL RC6 ALCON D48 (5003W48T16) - Auto Barbosa\",\"isPartOf\":{\"@id\":\"https:\/\/autobarbosa.com\/en\/#website\"},\"datePublished\":\"2025-11-26T08:02:14+00:00\",\"dateModified\":\"2026-04-20T07:02:17+00:00\",\"breadcrumb\":{\"@id\":\"https:\/\/autobarbosa.com\/en\/produto\/jogo-calcos-travoes-cl-rc6-alcon-d48-5003w48t16\/#breadcrumb\"},\"inLanguage\":\"en-US\",\"potentialAction\":[{\"@type\":\"ReadAction\",\"target\":[\"https:\/\/autobarbosa.com\/en\/produto\/jogo-calcos-travoes-cl-rc6-alcon-d48-5003w48t16\/\"]}]},{\"@type\":\"BreadcrumbList\",\"@id\":\"https:\/\/autobarbosa.com\/en\/produto\/jogo-calcos-travoes-cl-rc6-alcon-d48-5003w48t16\/#breadcrumb\",\"itemListElement\":[{\"@type\":\"ListItem\",\"position\":1,\"name\":\"In\u00edcio\",\"item\":\"https:\/\/autobarbosa.com\/en\/\"},{\"@type\":\"ListItem\",\"position\":2,\"name\":\"Loja\",\"item\":\"https:\/\/autobarbosa.com\/\"},{\"@type\":\"ListItem\",\"position\":3,\"name\":\"JOGO CAL\u00c7OS TRAVOES CL RC6 ALCON D48 (5003W48T16)\"}]},{\"@type\":\"WebSite\",\"@id\":\"https:\/\/autobarbosa.com\/en\/#website\",\"url\":\"https:\/\/autobarbosa.com\/en\/\",\"name\":\"Auto Barbosa\",\"description\":\"Site institucional\",\"publisher\":{\"@id\":\"https:\/\/autobarbosa.com\/en\/#organization\"},\"potentialAction\":[{\"@type\":\"SearchAction\",\"target\":{\"@type\":\"EntryPoint\",\"urlTemplate\":\"https:\/\/autobarbosa.com\/en\/?s={search_term_string}\"},\"query-input\":\"required name=search_term_string\"}],\"inLanguage\":\"en-US\"},{\"@type\":\"Organization\",\"@id\":\"https:\/\/autobarbosa.com\/en\/#organization\",\"name\":\"Auto Barbosa\",\"url\":\"https:\/\/autobarbosa.com\/en\/\",\"logo\":{\"@type\":\"ImageObject\",\"inLanguage\":\"en-US\",\"@id\":\"https:\/\/autobarbosa.com\/en\/#\/schema\/logo\/image\/\",\"url\":\"https:\/\/autobarbosa.com\/wp-content\/uploads\/2023\/03\/AUTO-BARBOSA-LOGO-1-e1678715539111.png\",\"contentUrl\":\"https:\/\/autobarbosa.com\/wp-content\/uploads\/2023\/03\/AUTO-BARBOSA-LOGO-1-e1678715539111.png\",\"width\":3233,\"height\":3233,\"caption\":\"Auto Barbosa\"},\"image\":{\"@id\":\"https:\/\/autobarbosa.com\/en\/#\/schema\/logo\/image\/\"},\"sameAs\":[\"https:\/\/www.facebook.com\/autobarbosaoficina\",\"https:\/\/www.instagram.com\/autobarbosa.oficina\/\"]}]}<\/script>\n<!-- \/ Yoast SEO plugin. -->","yoast_head_json":{"title":"JOGO CAL\u00c7OS TRAVOES CL RC6 ALCON D48 (5003W48T16) - Auto Barbosa","robots":{"index":"index","follow":"follow","max-snippet":"max-snippet:-1","max-image-preview":"max-image-preview:large","max-video-preview":"max-video-preview:-1"},"canonical":"https:\/\/autobarbosa.com\/en\/produto\/jogo-calcos-travoes-cl-rc6-alcon-d48-5003w48t16\/","og_locale":"en_US","og_type":"article","og_title":"JOGO CAL\u00c7OS TRAVOES CL RC6 ALCON D48 (5003W48T16) - Auto Barbosa","og_description":"Pastilhas de Trav\u00f5es CL BRAKES RC6 para CITROEN Saxo 1.6 Challenge Gr.A ou PEUGEOT 205 Rallye front CL BRAKES ap\u00f3ia muitos motoristas todos os anos, profissionais ou n\u00e3o, em todos os n\u00edveis, ganhando a experi\u00eancia necess\u00e1ria para o desenvolvimento dos melhores materiais de frenagem. Gra\u00e7as \u00e0 concorr\u00eancia, o desenvolvimento de novos produtos \u00e9 sempre feito com o mais alto n\u00edvel de desempenho. Toda a gama \u00e9 caracterizada por um franco \u201cataque\u201d de travagem. Este material oferece uma gama muito ampla de aplica\u00e7\u00f5es poss\u00edveis, em ralis ou em circuitos. Coeficiente de atrito m\u00e9dio de 0,5. J\u00e1 ganha corridas h\u00e1 6 anos gra\u00e7as \u00e0 sua rela\u00e7\u00e3o efici\u00eancia \/ facilidade de uso imbat\u00edvel. Oferece consist\u00eancia de fric\u00e7\u00e3o muito alta em alto n\u00edvel. Seu uso requer um fluido de freio de muito boa qualidade.  Procedimento de arrombamento: N\u00e3o \u00e9 necess\u00e1rio arrombamento espec\u00edfico. Em discos novos: Aque\u00e7a o sistema gradualmente. Em discos lapidados: Alguma travagem m\u00e9dia. Use com fluido de freio de alta qualidade. Sangre os freios frequentemente. Material de fric\u00e7\u00e3o de metal sinterizado. Componentes principais: Grafite, cer\u00e2mica, ferro, cobre e bronze. Esta placa n\u00e3o utiliza chumbo, nem amianto, nem n\u00edquel (tecnologia NoNiTech) para a preserva\u00e7\u00e3o do meio ambiente. Espessura: 16 mm  Pastilhas de freio de montagem frontal para: - CITROEN Saxo 1.6 Challenge Gr.A Rallye de 1996 a 2005 - FORD Escort RS2000 de 1991 a 1995 pin\u00e7a AP, CP5005-8, 4 pist\u00f5es - PEUGEOT 205 Gr.A \/ F2000 de 1988 a 1993 - PEUGEOT 205 Rallye \/ 1.6 \/ 1.9 \/ GTI \/ Gr.A \/ F2000 de 1988 a 1993 - PEUGEOT 205 Rallye \/ 1.6 \/ 1.9 \/ GTI de 1988 a 1993 - PEUGEOT 206 GTI \/ Si de 1998 a 2010 pin\u00e7a AP, CP5100-1034, 4 pist\u00f5es - PEUGEOT 306 Kit Car Gr.A Rallye de a 1995 - VOLKSWAGEN Corrado de 1991 a 1999 pin\u00e7a AP, CP5100-1000, 4 pist\u00f5es - VOLKSWAGEN Golf (3) MK3 de 1991 a 1999 pin\u00e7a AP, CP5100-1000, 4 pist\u00f5es - VOLKSWAGEN Golf (3) VR6 de 1991 a 1999 pin\u00e7a AP, CP5100-1000, 4 pist\u00f5es  Pastilhas de freio de montagem traseira para: - BMW E46 M3 de 2001 a 2006 - BMW Z4 M Coupe de 2009 - MITSUBISHI Lancer Evo VII \/ VIII \/ IX de 2001 a 2007 - VOLKSWAGEN Corrado de 1991 a 1999 pin\u00e7a AP, CP5100-1000, 4 pist\u00f5es - VOLKSWAGEN Golf (3) MK3 de 1991 a 1999 pin\u00e7a AP, CP5100-1000, 4 pist\u00f5es - VOLKSWAGEN Golf (3) VR6 de 1991 a 1999 pin\u00e7a AP, CP5100-1000, 4 pist\u00f5es  Pastilhas de freio: - AP RACING CP2340D51 - ALCON 0084X264.4 - ALCON 4463X554 - ALCON 4463X544.4. .4 - ALCON CRH 304","og_url":"https:\/\/autobarbosa.com\/en\/produto\/jogo-calcos-travoes-cl-rc6-alcon-d48-5003w48t16\/","og_site_name":"Auto Barbosa","article_publisher":"https:\/\/www.facebook.com\/autobarbosaoficina","article_modified_time":"2026-04-20T07:02:17+00:00","og_image":[{"width":800,"height":800,"url":"https:\/\/autobarbosa.com\/wp-content\/uploads\/2025\/11\/1pfcl2340.png","type":"image\/png"}],"twitter_card":"summary_large_image","twitter_misc":{"Est. reading time":"2 minutes"},"schema":{"@context":"https:\/\/schema.org","@graph":[{"@type":"WebPage","@id":"https:\/\/autobarbosa.com\/en\/produto\/jogo-calcos-travoes-cl-rc6-alcon-d48-5003w48t16\/","url":"https:\/\/autobarbosa.com\/en\/produto\/jogo-calcos-travoes-cl-rc6-alcon-d48-5003w48t16\/","name":"JOGO CAL\u00c7OS TRAVOES CL RC6 ALCON D48 (5003W48T16) - Auto Barbosa","isPartOf":{"@id":"https:\/\/autobarbosa.com\/en\/#website"},"datePublished":"2025-11-26T08:02:14+00:00","dateModified":"2026-04-20T07:02:17+00:00","breadcrumb":{"@id":"https:\/\/autobarbosa.com\/en\/produto\/jogo-calcos-travoes-cl-rc6-alcon-d48-5003w48t16\/#breadcrumb"},"inLanguage":"en-US","potentialAction":[{"@type":"ReadAction","target":["https:\/\/autobarbosa.com\/en\/produto\/jogo-calcos-travoes-cl-rc6-alcon-d48-5003w48t16\/"]}]},{"@type":"BreadcrumbList","@id":"https:\/\/autobarbosa.com\/en\/produto\/jogo-calcos-travoes-cl-rc6-alcon-d48-5003w48t16\/#breadcrumb","itemListElement":[{"@type":"ListItem","position":1,"name":"In\u00edcio","item":"https:\/\/autobarbosa.com\/en\/"},{"@type":"ListItem","position":2,"name":"Loja","item":"https:\/\/autobarbosa.com\/"},{"@type":"ListItem","position":3,"name":"JOGO CAL\u00c7OS TRAVOES CL RC6 ALCON D48 (5003W48T16)"}]},{"@type":"WebSite","@id":"https:\/\/autobarbosa.com\/en\/#website","url":"https:\/\/autobarbosa.com\/en\/","name":"Auto Barbosa","description":"Site institucional","publisher":{"@id":"https:\/\/autobarbosa.com\/en\/#organization"},"potentialAction":[{"@type":"SearchAction","target":{"@type":"EntryPoint","urlTemplate":"https:\/\/autobarbosa.com\/en\/?s={search_term_string}"},"query-input":"required name=search_term_string"}],"inLanguage":"en-US"},{"@type":"Organization","@id":"https:\/\/autobarbosa.com\/en\/#organization","name":"Auto Barbosa","url":"https:\/\/autobarbosa.com\/en\/","logo":{"@type":"ImageObject","inLanguage":"en-US","@id":"https:\/\/autobarbosa.com\/en\/#\/schema\/logo\/image\/","url":"https:\/\/autobarbosa.com\/wp-content\/uploads\/2023\/03\/AUTO-BARBOSA-LOGO-1-e1678715539111.png","contentUrl":"https:\/\/autobarbosa.com\/wp-content\/uploads\/2023\/03\/AUTO-BARBOSA-LOGO-1-e1678715539111.png","width":3233,"height":3233,"caption":"Auto Barbosa"},"image":{"@id":"https:\/\/autobarbosa.com\/en\/#\/schema\/logo\/image\/"},"sameAs":["https:\/\/www.facebook.com\/autobarbosaoficina","https:\/\/www.instagram.com\/autobarbosa.oficina\/"]}]}},"_links":{"self":[{"href":"https:\/\/autobarbosa.com\/en\/wp-json\/wp\/v3\/product\/17589","targetHints":{"allow":["GET"]}}],"collection":[{"href":"https:\/\/autobarbosa.com\/en\/wp-json\/wp\/v3\/product"}],"about":[{"href":"https:\/\/autobarbosa.com\/en\/wp-json\/wp\/v2\/types\/product"}],"wp:featuredmedia":[{"embeddable":true,"href":"https:\/\/autobarbosa.com\/en\/wp-json\/wp\/v2\/media\/17585"}],"wp:attachment":[{"href":"https:\/\/autobarbosa.com\/en\/wp-json\/wp\/v2\/media?parent=17589"}],"wp:term":[{"taxonomy":"product_cat","embeddable":true,"href":"https:\/\/autobarbosa.com\/en\/wp-json\/wp\/v2\/product_cat?post=17589"},{"taxonomy":"product_tag","embeddable":true,"href":"https:\/\/autobarbosa.com\/en\/wp-json\/wp\/v2\/product_tag?post=17589"},{"taxonomy":"marca","embeddable":true,"href":"https:\/\/autobarbosa.com\/en\/wp-json\/wp\/v2\/marca?post=17589"}],"curies":[{"name":"wp","href":"https:\/\/api.w.org\/{rel}","templated":true}]}}