{"id":17605,"date":"2025-11-26T07:02:17","date_gmt":"2025-11-26T08:02:17","guid":{"rendered":"https:\/\/autobarbosa.com\/produto\/jogo-calcos-travoes-frt-cl-rc5-renault-clio-1-citroen-zx-peugeot-309\/"},"modified":"2026-04-15T19:02:11","modified_gmt":"2026-04-15T19:02:11","slug":"jogo-calcos-travoes-frt-cl-rc5-renault-clio-1-citroen-zx-peugeot-309","status":"publish","type":"product","link":"https:\/\/autobarbosa.com\/en\/produto\/jogo-calcos-travoes-frt-cl-rc5-renault-clio-1-citroen-zx-peugeot-309\/","title":{"rendered":"JOGO CAL\u00c7OS TRAVOES FRT CL RC5+  &#8211; RENAULT CLIO 1  CITROEN ZX \/ PEUGEOT 309"},"content":{"rendered":"<p>Pastilhas de Trav\u00f5es CL BRAKES RC5+ para CITROEN ZX ou PEUGEOT 309 ou RENAULT Clio I antes<\/p>\n<p>A CL BRAKES apoia muitos motoristas, profissionais e n\u00e3o profissionais, em todos os n\u00edveis, todos os anos, ganhando a experi\u00eancia necess\u00e1ria para o desenvolvimento dos materiais de frenagem mais eficientes.<br \/>\nGra\u00e7as \u00e0 competi\u00e7\u00e3o, o desenvolvimento de novos produtos \u00e9 sempre realizado no mais alto n\u00edvel de desempenho.<br \/>\nToda a gama \u00e9 caracterizada por um franco \u201cataque\u201d de travagem.<br \/>\nO composto RC5+ substitui o RC5 para proporcionar n\u00edveis ainda melhores de ru\u00eddo, poeira e desgaste.<br \/>\nCoeficiente de atrito m\u00e9dio de 0,40.<br \/>\n\u00c9 adequado para carros leves e em condi\u00e7\u00f5es de corrida com baixa ader\u00eancia \u00e0 estrada.<br \/>\nTamb\u00e9m \u00e9 uma excelente escolha para suas sa\u00eddas em grupo no circuito.<\/p>\n<p>Procedimento de arrombamento:<br \/>\nN\u00e3o \u00e9 necess\u00e1rio nenhum procedimento espec\u00edfico de arrombamento.<br \/>\nEm discos novos: Aque\u00e7a o sistema gradualmente.<br \/>\nEm discos de rodagem: Frenagem m\u00e9dia.<br \/>\nUse com fluido de freio de alta qualidade.<br \/>\nSangre os freios com frequ\u00eancia.<br \/>\nMaterial de fric\u00e7\u00e3o de metal sinterizado.<br \/>\nPrincipais componentes: Grafite, cer\u00e2mica, ferro, cobre e bronze.<br \/>\nEsta placa n\u00e3o utiliza chumbo, amianto ou n\u00edquel (tecnologia NoNiTech) para preservar o meio ambiente.<\/p>\n<p>Pastilhas de trav\u00f5es  dianteiras para:<br \/>\n&#8211; CITROEN ZX 2.0 Volcane de 1991 a 1997<br \/>\n&#8211; DACIA Logan de 2003<br \/>\n&#8211; PEUGEOT 205 1.9 GTI (130CV) de 1986 a 1987<br \/>\n&#8211; PEUGEOT 205 1.9 GTI (130CV) de 1987 a 1993<br \/>\n&#8211; PEUGEOT 309 1.9 GTI (130CV) de 1984 a 1994<br \/>\n&#8211; PEUGEOT 309 1.9 GTI 16V (160CV) de 1987 a 1994<br \/>\n&#8211; RENAULT Alpine 2500 2.5 de 1985 a 1990<br \/>\n&#8211; RENAULT Alpine 2500 2.5<br \/>\n&#8211; RENAULT Alpine 2800 2.8 de 1985 a 1990<br \/>\n&#8211; RENAULT Alpine 2800 2.8 V6 Turbo<br \/>\n&#8211; RENAULT Alpine GTA GT \/ V6 Turbo de 1985 a 1990<br \/>\n&#8211; RENAULT 5 Super 1.4 GT Turbo (120CV) de 1986 a 1991<br \/>\n&#8211; RENAULT Clio (1) 1.8 16V (136CV) de 1990 a 1998<br \/>\n&#8211; RENAULT Clio (1) 2.0 16V Williams (147CV) de 1993 a 1998<br \/>\n&#8211; RENAULT R11 Turbo de 1984 a 1987<br \/>\n&#8211; RENAULT R5 1.6 GT Turbo de 1986 a 1991<br \/>\n&#8211; RENAULT R5 Super 1.4 GT Turbo (120CV) de 1985 a 1991<br \/>\n&#8211; RENAULT Twingo (2) 1.2 16V \/ 1.2 GT de 2009.<\/p>\n","protected":false},"excerpt":{"rendered":"<p>Pastilhas de Trav\u00f5es CL BRAKES RC5+ para CITROEN ZX ou PEUGEOT 309 ou RENAULT Clio I antes<\/p>\n<p>A CL BRAKES apoia muitos motoristas, profissionais e n\u00e3o profissionais, em todos os n\u00edveis, todos os anos, ganhando a experi\u00eancia necess\u00e1ria para o desenvolvimento dos materiais de frenagem mais eficientes.<br \/>\nGra\u00e7as \u00e0 competi\u00e7\u00e3o, o desenvolvimento de novos produtos \u00e9 sempre realizado no mais alto n\u00edvel de desempenho.<br \/>\nToda a gama \u00e9 caracterizada por um franco \u201cataque\u201d de travagem.<br \/>\nO composto RC5+ substitui o RC5 para proporcionar n\u00edveis ainda melhores de ru\u00eddo, poeira e desgaste.<br \/>\nCoeficiente de atrito m\u00e9dio de 0,40.<br \/>\n\u00c9 adequado para carros leves e em condi\u00e7\u00f5es de corrida com baixa ader\u00eancia \u00e0 estrada.<br \/>\nTamb\u00e9m \u00e9 uma excelente escolha para suas sa\u00eddas em grupo no circuito.<\/p>\n<p>Procedimento de arrombamento:<br \/>\nN\u00e3o \u00e9 necess\u00e1rio nenhum procedimento espec\u00edfico de arrombamento.<br \/>\nEm discos novos: Aque\u00e7a o sistema gradualmente.<br \/>\nEm discos de rodagem: Frenagem m\u00e9dia.<br \/>\nUse com fluido de freio de alta qualidade.<br \/>\nSangre os freios com frequ\u00eancia.<br \/>\nMaterial de fric\u00e7\u00e3o de metal sinterizado.<br \/>\nPrincipais componentes: Grafite, cer\u00e2mica, ferro, cobre e bronze.<br \/>\nEsta placa n\u00e3o utiliza chumbo, amianto ou n\u00edquel (tecnologia NoNiTech) para preservar o meio ambiente.<\/p>\n<p>Pastilhas de trav\u00f5es  dianteiras para:<br \/>\n&#8211; CITROEN ZX 2.0 Volcane de 1991 a 1997<br \/>\n&#8211; DACIA Logan de 2003<br \/>\n&#8211; PEUGEOT 205 1.9 GTI (130CV) de 1986 a 1987<br \/>\n&#8211; PEUGEOT 205 1.9 GTI (130CV) de 1987 a 1993<br \/>\n&#8211; PEUGEOT 309 1.9 GTI (130CV) de 1984 a 1994<br \/>\n&#8211; PEUGEOT 309 1.9 GTI 16V (160CV) de 1987 a 1994<br \/>\n&#8211; RENAULT Alpine 2500 2.5 de 1985 a 1990<br \/>\n&#8211; RENAULT Alpine 2500 2.5<br \/>\n&#8211; RENAULT Alpine 2800 2.8 de 1985 a 1990<br \/>\n&#8211; RENAULT Alpine 2800 2.8 V6 Turbo<br \/>\n&#8211; RENAULT Alpine GTA GT \/ V6 Turbo de 1985 a 1990<br \/>\n&#8211; RENAULT 5 Super 1.4 GT Turbo (120CV) de 1986 a 1991<br \/>\n&#8211; RENAULT Clio (1) 1.8 16V (136CV) de 1990 a 1998<br \/>\n&#8211; RENAULT Clio (1) 2.0 16V Williams (147CV) de 1993 a 1998<br \/>\n&#8211; RENAULT R11 Turbo de 1984 a 1987<br \/>\n&#8211; RENAULT R5 1.6 GT Turbo de 1986 a 1991<br \/>\n&#8211; RENAULT R5 Super 1.4 GT Turbo (120CV) de 1985 a 1991<br \/>\n&#8211; RENAULT Twingo (2) 1.2 16V \/ 1.2 GT de 2009.<\/p>\n","protected":false},"featured_media":17601,"template":"","meta":[],"product_cat":[479,484,509],"product_tag":[],"marca":[148],"class_list":["post-17605","product","type-product","status-publish","has-post-thumbnail","hentry","product_cat-viatura","product_cat-sistema-travagem","product_cat-pastilhas-travoes","marca-carbone-lorraine"],"yoast_head":"<!-- This site is optimized with the Yoast SEO plugin v20.5 - https:\/\/yoast.com\/wordpress\/plugins\/seo\/ -->\n<title>JOGO CAL\u00c7OS TRAVOES FRT CL RC5+ - RENAULT CLIO 1 CITROEN ZX \/ PEUGEOT 309 - Auto Barbosa<\/title>\n<meta name=\"robots\" content=\"index, follow, max-snippet:-1, max-image-preview:large, max-video-preview:-1\" \/>\n<link rel=\"canonical\" href=\"https:\/\/autobarbosa.com\/en\/produto\/jogo-calcos-travoes-frt-cl-rc5-renault-clio-1-citroen-zx-peugeot-309\/\" \/>\n<meta property=\"og:locale\" content=\"en_US\" \/>\n<meta property=\"og:type\" content=\"article\" \/>\n<meta property=\"og:title\" content=\"JOGO CAL\u00c7OS TRAVOES FRT CL RC5+ - RENAULT CLIO 1 CITROEN ZX \/ PEUGEOT 309 - Auto Barbosa\" \/>\n<meta property=\"og:description\" content=\"Pastilhas de Trav\u00f5es CL BRAKES RC5+ para CITROEN ZX ou PEUGEOT 309 ou RENAULT Clio I antes  A CL BRAKES apoia muitos motoristas, profissionais e n\u00e3o profissionais, em todos os n\u00edveis, todos os anos, ganhando a experi\u00eancia necess\u00e1ria para o desenvolvimento dos materiais de frenagem mais eficientes. Gra\u00e7as \u00e0 competi\u00e7\u00e3o, o desenvolvimento de novos produtos \u00e9 sempre realizado no mais alto n\u00edvel de desempenho. Toda a gama \u00e9 caracterizada por um franco \u201cataque\u201d de travagem. O composto RC5+ substitui o RC5 para proporcionar n\u00edveis ainda melhores de ru\u00eddo, poeira e desgaste. Coeficiente de atrito m\u00e9dio de 0,40. \u00c9 adequado para carros leves e em condi\u00e7\u00f5es de corrida com baixa ader\u00eancia \u00e0 estrada. Tamb\u00e9m \u00e9 uma excelente escolha para suas sa\u00eddas em grupo no circuito.  Procedimento de arrombamento: N\u00e3o \u00e9 necess\u00e1rio nenhum procedimento espec\u00edfico de arrombamento. Em discos novos: Aque\u00e7a o sistema gradualmente. Em discos de rodagem: Frenagem m\u00e9dia. Use com fluido de freio de alta qualidade. Sangre os freios com frequ\u00eancia. Material de fric\u00e7\u00e3o de metal sinterizado. Principais componentes: Grafite, cer\u00e2mica, ferro, cobre e bronze. Esta placa n\u00e3o utiliza chumbo, amianto ou n\u00edquel (tecnologia NoNiTech) para preservar o meio ambiente.  Pastilhas de trav\u00f5es dianteiras para: - CITROEN ZX 2.0 Volcane de 1991 a 1997 - DACIA Logan de 2003 - PEUGEOT 205 1.9 GTI (130CV) de 1986 a 1987 - PEUGEOT 205 1.9 GTI (130CV) de 1987 a 1993 - PEUGEOT 309 1.9 GTI (130CV) de 1984 a 1994 - PEUGEOT 309 1.9 GTI 16V (160CV) de 1987 a 1994 - RENAULT Alpine 2500 2.5 de 1985 a 1990 - RENAULT Alpine 2500 2.5 - RENAULT Alpine 2800 2.8 de 1985 a 1990 - RENAULT Alpine 2800 2.8 V6 Turbo - RENAULT Alpine GTA GT \/ V6 Turbo de 1985 a 1990 - RENAULT 5 Super 1.4 GT Turbo (120CV) de 1986 a 1991 - RENAULT Clio (1) 1.8 16V (136CV) de 1990 a 1998 - RENAULT Clio (1) 2.0 16V Williams (147CV) de 1993 a 1998 - RENAULT R11 Turbo de 1984 a 1987 - RENAULT R5 1.6 GT Turbo de 1986 a 1991 - RENAULT R5 Super 1.4 GT Turbo (120CV) de 1985 a 1991 - RENAULT Twingo (2) 1.2 16V \/ 1.2 GT de 2009.\" \/>\n<meta property=\"og:url\" content=\"https:\/\/autobarbosa.com\/en\/produto\/jogo-calcos-travoes-frt-cl-rc5-renault-clio-1-citroen-zx-peugeot-309\/\" \/>\n<meta property=\"og:site_name\" content=\"Auto Barbosa\" \/>\n<meta property=\"article:publisher\" content=\"https:\/\/www.facebook.com\/autobarbosaoficina\" \/>\n<meta property=\"article:modified_time\" content=\"2026-04-15T19:02:11+00:00\" \/>\n<meta property=\"og:image\" content=\"https:\/\/autobarbosa.com\/wp-content\/uploads\/2025\/11\/1pfcl4000r5.png\" \/>\n\t<meta property=\"og:image:width\" content=\"800\" \/>\n\t<meta property=\"og:image:height\" content=\"800\" \/>\n\t<meta property=\"og:image:type\" content=\"image\/png\" \/>\n<meta name=\"twitter:card\" content=\"summary_large_image\" \/>\n<meta name=\"twitter:label1\" content=\"Est. reading time\" \/>\n\t<meta name=\"twitter:data1\" content=\"2 minutes\" \/>\n<script type=\"application\/ld+json\" class=\"yoast-schema-graph\">{\"@context\":\"https:\/\/schema.org\",\"@graph\":[{\"@type\":\"WebPage\",\"@id\":\"https:\/\/autobarbosa.com\/en\/produto\/jogo-calcos-travoes-frt-cl-rc5-renault-clio-1-citroen-zx-peugeot-309\/\",\"url\":\"https:\/\/autobarbosa.com\/en\/produto\/jogo-calcos-travoes-frt-cl-rc5-renault-clio-1-citroen-zx-peugeot-309\/\",\"name\":\"JOGO CAL\u00c7OS TRAVOES FRT CL RC5+ - RENAULT CLIO 1 CITROEN ZX \/ PEUGEOT 309 - Auto Barbosa\",\"isPartOf\":{\"@id\":\"https:\/\/autobarbosa.com\/en\/#website\"},\"datePublished\":\"2025-11-26T08:02:17+00:00\",\"dateModified\":\"2026-04-15T19:02:11+00:00\",\"breadcrumb\":{\"@id\":\"https:\/\/autobarbosa.com\/en\/produto\/jogo-calcos-travoes-frt-cl-rc5-renault-clio-1-citroen-zx-peugeot-309\/#breadcrumb\"},\"inLanguage\":\"en-US\",\"potentialAction\":[{\"@type\":\"ReadAction\",\"target\":[\"https:\/\/autobarbosa.com\/en\/produto\/jogo-calcos-travoes-frt-cl-rc5-renault-clio-1-citroen-zx-peugeot-309\/\"]}]},{\"@type\":\"BreadcrumbList\",\"@id\":\"https:\/\/autobarbosa.com\/en\/produto\/jogo-calcos-travoes-frt-cl-rc5-renault-clio-1-citroen-zx-peugeot-309\/#breadcrumb\",\"itemListElement\":[{\"@type\":\"ListItem\",\"position\":1,\"name\":\"In\u00edcio\",\"item\":\"https:\/\/autobarbosa.com\/en\/\"},{\"@type\":\"ListItem\",\"position\":2,\"name\":\"Loja\",\"item\":\"https:\/\/autobarbosa.com\/\"},{\"@type\":\"ListItem\",\"position\":3,\"name\":\"JOGO CAL\u00c7OS TRAVOES FRT CL RC5+ &#8211; RENAULT CLIO 1 CITROEN ZX \/ PEUGEOT 309\"}]},{\"@type\":\"WebSite\",\"@id\":\"https:\/\/autobarbosa.com\/en\/#website\",\"url\":\"https:\/\/autobarbosa.com\/en\/\",\"name\":\"Auto Barbosa\",\"description\":\"Site institucional\",\"publisher\":{\"@id\":\"https:\/\/autobarbosa.com\/en\/#organization\"},\"potentialAction\":[{\"@type\":\"SearchAction\",\"target\":{\"@type\":\"EntryPoint\",\"urlTemplate\":\"https:\/\/autobarbosa.com\/en\/?s={search_term_string}\"},\"query-input\":\"required name=search_term_string\"}],\"inLanguage\":\"en-US\"},{\"@type\":\"Organization\",\"@id\":\"https:\/\/autobarbosa.com\/en\/#organization\",\"name\":\"Auto Barbosa\",\"url\":\"https:\/\/autobarbosa.com\/en\/\",\"logo\":{\"@type\":\"ImageObject\",\"inLanguage\":\"en-US\",\"@id\":\"https:\/\/autobarbosa.com\/en\/#\/schema\/logo\/image\/\",\"url\":\"https:\/\/autobarbosa.com\/wp-content\/uploads\/2023\/03\/AUTO-BARBOSA-LOGO-1-e1678715539111.png\",\"contentUrl\":\"https:\/\/autobarbosa.com\/wp-content\/uploads\/2023\/03\/AUTO-BARBOSA-LOGO-1-e1678715539111.png\",\"width\":3233,\"height\":3233,\"caption\":\"Auto Barbosa\"},\"image\":{\"@id\":\"https:\/\/autobarbosa.com\/en\/#\/schema\/logo\/image\/\"},\"sameAs\":[\"https:\/\/www.facebook.com\/autobarbosaoficina\",\"https:\/\/www.instagram.com\/autobarbosa.oficina\/\"]}]}<\/script>\n<!-- \/ Yoast SEO plugin. -->","yoast_head_json":{"title":"JOGO CAL\u00c7OS TRAVOES FRT CL RC5+ - RENAULT CLIO 1 CITROEN ZX \/ PEUGEOT 309 - Auto Barbosa","robots":{"index":"index","follow":"follow","max-snippet":"max-snippet:-1","max-image-preview":"max-image-preview:large","max-video-preview":"max-video-preview:-1"},"canonical":"https:\/\/autobarbosa.com\/en\/produto\/jogo-calcos-travoes-frt-cl-rc5-renault-clio-1-citroen-zx-peugeot-309\/","og_locale":"en_US","og_type":"article","og_title":"JOGO CAL\u00c7OS TRAVOES FRT CL RC5+ - RENAULT CLIO 1 CITROEN ZX \/ PEUGEOT 309 - Auto Barbosa","og_description":"Pastilhas de Trav\u00f5es CL BRAKES RC5+ para CITROEN ZX ou PEUGEOT 309 ou RENAULT Clio I antes  A CL BRAKES apoia muitos motoristas, profissionais e n\u00e3o profissionais, em todos os n\u00edveis, todos os anos, ganhando a experi\u00eancia necess\u00e1ria para o desenvolvimento dos materiais de frenagem mais eficientes. Gra\u00e7as \u00e0 competi\u00e7\u00e3o, o desenvolvimento de novos produtos \u00e9 sempre realizado no mais alto n\u00edvel de desempenho. Toda a gama \u00e9 caracterizada por um franco \u201cataque\u201d de travagem. O composto RC5+ substitui o RC5 para proporcionar n\u00edveis ainda melhores de ru\u00eddo, poeira e desgaste. Coeficiente de atrito m\u00e9dio de 0,40. \u00c9 adequado para carros leves e em condi\u00e7\u00f5es de corrida com baixa ader\u00eancia \u00e0 estrada. Tamb\u00e9m \u00e9 uma excelente escolha para suas sa\u00eddas em grupo no circuito.  Procedimento de arrombamento: N\u00e3o \u00e9 necess\u00e1rio nenhum procedimento espec\u00edfico de arrombamento. Em discos novos: Aque\u00e7a o sistema gradualmente. Em discos de rodagem: Frenagem m\u00e9dia. Use com fluido de freio de alta qualidade. Sangre os freios com frequ\u00eancia. Material de fric\u00e7\u00e3o de metal sinterizado. Principais componentes: Grafite, cer\u00e2mica, ferro, cobre e bronze. Esta placa n\u00e3o utiliza chumbo, amianto ou n\u00edquel (tecnologia NoNiTech) para preservar o meio ambiente.  Pastilhas de trav\u00f5es dianteiras para: - CITROEN ZX 2.0 Volcane de 1991 a 1997 - DACIA Logan de 2003 - PEUGEOT 205 1.9 GTI (130CV) de 1986 a 1987 - PEUGEOT 205 1.9 GTI (130CV) de 1987 a 1993 - PEUGEOT 309 1.9 GTI (130CV) de 1984 a 1994 - PEUGEOT 309 1.9 GTI 16V (160CV) de 1987 a 1994 - RENAULT Alpine 2500 2.5 de 1985 a 1990 - RENAULT Alpine 2500 2.5 - RENAULT Alpine 2800 2.8 de 1985 a 1990 - RENAULT Alpine 2800 2.8 V6 Turbo - RENAULT Alpine GTA GT \/ V6 Turbo de 1985 a 1990 - RENAULT 5 Super 1.4 GT Turbo (120CV) de 1986 a 1991 - RENAULT Clio (1) 1.8 16V (136CV) de 1990 a 1998 - RENAULT Clio (1) 2.0 16V Williams (147CV) de 1993 a 1998 - RENAULT R11 Turbo de 1984 a 1987 - RENAULT R5 1.6 GT Turbo de 1986 a 1991 - RENAULT R5 Super 1.4 GT Turbo (120CV) de 1985 a 1991 - RENAULT Twingo (2) 1.2 16V \/ 1.2 GT de 2009.","og_url":"https:\/\/autobarbosa.com\/en\/produto\/jogo-calcos-travoes-frt-cl-rc5-renault-clio-1-citroen-zx-peugeot-309\/","og_site_name":"Auto Barbosa","article_publisher":"https:\/\/www.facebook.com\/autobarbosaoficina","article_modified_time":"2026-04-15T19:02:11+00:00","og_image":[{"width":800,"height":800,"url":"https:\/\/autobarbosa.com\/wp-content\/uploads\/2025\/11\/1pfcl4000r5.png","type":"image\/png"}],"twitter_card":"summary_large_image","twitter_misc":{"Est. reading time":"2 minutes"},"schema":{"@context":"https:\/\/schema.org","@graph":[{"@type":"WebPage","@id":"https:\/\/autobarbosa.com\/en\/produto\/jogo-calcos-travoes-frt-cl-rc5-renault-clio-1-citroen-zx-peugeot-309\/","url":"https:\/\/autobarbosa.com\/en\/produto\/jogo-calcos-travoes-frt-cl-rc5-renault-clio-1-citroen-zx-peugeot-309\/","name":"JOGO CAL\u00c7OS TRAVOES FRT CL RC5+ - RENAULT CLIO 1 CITROEN ZX \/ PEUGEOT 309 - Auto Barbosa","isPartOf":{"@id":"https:\/\/autobarbosa.com\/en\/#website"},"datePublished":"2025-11-26T08:02:17+00:00","dateModified":"2026-04-15T19:02:11+00:00","breadcrumb":{"@id":"https:\/\/autobarbosa.com\/en\/produto\/jogo-calcos-travoes-frt-cl-rc5-renault-clio-1-citroen-zx-peugeot-309\/#breadcrumb"},"inLanguage":"en-US","potentialAction":[{"@type":"ReadAction","target":["https:\/\/autobarbosa.com\/en\/produto\/jogo-calcos-travoes-frt-cl-rc5-renault-clio-1-citroen-zx-peugeot-309\/"]}]},{"@type":"BreadcrumbList","@id":"https:\/\/autobarbosa.com\/en\/produto\/jogo-calcos-travoes-frt-cl-rc5-renault-clio-1-citroen-zx-peugeot-309\/#breadcrumb","itemListElement":[{"@type":"ListItem","position":1,"name":"In\u00edcio","item":"https:\/\/autobarbosa.com\/en\/"},{"@type":"ListItem","position":2,"name":"Loja","item":"https:\/\/autobarbosa.com\/"},{"@type":"ListItem","position":3,"name":"JOGO CAL\u00c7OS TRAVOES FRT CL RC5+ &#8211; RENAULT CLIO 1 CITROEN ZX \/ PEUGEOT 309"}]},{"@type":"WebSite","@id":"https:\/\/autobarbosa.com\/en\/#website","url":"https:\/\/autobarbosa.com\/en\/","name":"Auto Barbosa","description":"Site institucional","publisher":{"@id":"https:\/\/autobarbosa.com\/en\/#organization"},"potentialAction":[{"@type":"SearchAction","target":{"@type":"EntryPoint","urlTemplate":"https:\/\/autobarbosa.com\/en\/?s={search_term_string}"},"query-input":"required name=search_term_string"}],"inLanguage":"en-US"},{"@type":"Organization","@id":"https:\/\/autobarbosa.com\/en\/#organization","name":"Auto Barbosa","url":"https:\/\/autobarbosa.com\/en\/","logo":{"@type":"ImageObject","inLanguage":"en-US","@id":"https:\/\/autobarbosa.com\/en\/#\/schema\/logo\/image\/","url":"https:\/\/autobarbosa.com\/wp-content\/uploads\/2023\/03\/AUTO-BARBOSA-LOGO-1-e1678715539111.png","contentUrl":"https:\/\/autobarbosa.com\/wp-content\/uploads\/2023\/03\/AUTO-BARBOSA-LOGO-1-e1678715539111.png","width":3233,"height":3233,"caption":"Auto Barbosa"},"image":{"@id":"https:\/\/autobarbosa.com\/en\/#\/schema\/logo\/image\/"},"sameAs":["https:\/\/www.facebook.com\/autobarbosaoficina","https:\/\/www.instagram.com\/autobarbosa.oficina\/"]}]}},"_links":{"self":[{"href":"https:\/\/autobarbosa.com\/en\/wp-json\/wp\/v3\/product\/17605","targetHints":{"allow":["GET"]}}],"collection":[{"href":"https:\/\/autobarbosa.com\/en\/wp-json\/wp\/v3\/product"}],"about":[{"href":"https:\/\/autobarbosa.com\/en\/wp-json\/wp\/v2\/types\/product"}],"wp:featuredmedia":[{"embeddable":true,"href":"https:\/\/autobarbosa.com\/en\/wp-json\/wp\/v2\/media\/17601"}],"wp:attachment":[{"href":"https:\/\/autobarbosa.com\/en\/wp-json\/wp\/v2\/media?parent=17605"}],"wp:term":[{"taxonomy":"product_cat","embeddable":true,"href":"https:\/\/autobarbosa.com\/en\/wp-json\/wp\/v2\/product_cat?post=17605"},{"taxonomy":"product_tag","embeddable":true,"href":"https:\/\/autobarbosa.com\/en\/wp-json\/wp\/v2\/product_tag?post=17605"},{"taxonomy":"marca","embeddable":true,"href":"https:\/\/autobarbosa.com\/en\/wp-json\/wp\/v2\/marca?post=17605"}],"curies":[{"name":"wp","href":"https:\/\/api.w.org\/{rel}","templated":true}]}}