{"id":17685,"date":"2025-11-26T07:02:41","date_gmt":"2025-11-26T08:02:41","guid":{"rendered":"https:\/\/autobarbosa.com\/produto\/jogo-calcos-travoes-fiat-punto-hgt-alfa-romeo-156\/"},"modified":"2026-04-20T07:02:42","modified_gmt":"2026-04-20T07:02:42","slug":"jogo-calcos-travoes-fiat-punto-hgt-alfa-romeo-156","status":"publish","type":"product","link":"https:\/\/autobarbosa.com\/en\/produto\/jogo-calcos-travoes-fiat-punto-hgt-alfa-romeo-156\/","title":{"rendered":"JOGO CAL\u00c7OS TRAVOES &#8211; FIAT PUNTO HGT \/ ALFA ROMEO 156"},"content":{"rendered":"<p>Pastilhas de freio dianteiras CL BRAKES RC6 para Alfa Romeo 155 ou GTV O composto exclusivo da CL Brakes tem sido a pastilha de freio dos campe\u00f5es por mais de 6 anos. Sua mordida inicial alta, por\u00e9m control\u00e1vel, baixa compressibilidade para uma sensa\u00e7\u00e3o de pedal duro como pedra, coeficiente de atrito consistentemente alto e desgaste moderado da pastilha fazem dela uma excelente escolha para uma variedade de aplica\u00e7\u00f5es de automobilismo, de rali a asfalto. Coeficiente de atrito m\u00e9dio de 0,5. Requer uso com um fluido de freio de alta qualidade sangre seu sistema de freio regularmente. Procedimento de assentamento: Nenhum assentamento espec\u00edfico \u00e9 necess\u00e1rio, gra\u00e7as ao alto teor de metal da CL Brakes. Para uso com discos novos, deixe a temperatura do sistema aumentar gradualmente. Para uso com discos assentados, fa\u00e7a algumas paradas moderadamente bruscas. Composi\u00e7\u00e3o: Metal sinterizado, principalmente grafite, cer\u00e2mica, ferro, cobre e bronze. Livre de chumbo, amianto e n\u00edquel (tecnologia patenteada NoNiTech da CL Brakes) para proteger o planeta. Pastilhas de freio dianteiras para os seguintes modelos: &#8211; Alfa Romeo 145 2.0 Twin Spark 16V de 1996 a 1999, pin\u00e7as ATE &#8211; Alfa Romeo 146 2.0 Twin Spark 16V de 1996 a 1999, pin\u00e7as ATE &#8211; Alfa Romeo 147 2.0 16V de 2000, pin\u00e7as ATE &#8211; Alfa Romeo 155 2.0 Quadrifoglio 4 Turbo 16V de 1995 a 1996, pin\u00e7as ATE &#8211; Alfa Romeo 155 2.0 Twin Spark 16V de 1995 a 1997, pin\u00e7as ATE &#8211; Alfa Romeo 155 2.5 V6 de 1995 a 1997, pin\u00e7as ATE &#8211; Alfa Romeo GTV (916C) 2.0 V6 Turbo de 1995, pin\u00e7as ATE &#8211; Alfa Romeo GTV 2.0 16V de 1995 a 2004, pin\u00e7as ATE &#8211; Alfa Romeo Spider (916) 2.0 Turbo V6 de 1998, pin\u00e7as ATE &#8211; Alfa Romeo Spider (916) JTS Convers\u00edvel de 2003 a 2004, pin\u00e7as ATE &#8211; Fiat Coupe 2.0 Turbo 16V de 1995 a 2003, pin\u00e7as ATE &#8211; Fiat Coupe 2.0 Turbo 20V de 1997, pin\u00e7as ATE &#8211; Fiat Punto HGT, pin\u00e7as ATE &#8211; Lancia Dedra 2.0 HF Integrale de 1994 a 1997, pin\u00e7as ATE &#8211; Lancia Dedra 2.0 HF Integrale Turbo de 1998, pin\u00e7as ATE &#8211; Lancia Dedra 2.0 HF Integrale Turbo de 1994 a 1998, pin\u00e7as ATE &#8211; Lancia Delta 1.8 LE \/ LX \/ GT 16V de 1996 a 1998, pin\u00e7as ATE<\/p>\n","protected":false},"excerpt":{"rendered":"<p>Pastilhas de freio dianteiras CL BRAKES RC6 para Alfa Romeo 155 ou GTV O composto exclusivo da CL Brakes tem sido a pastilha de freio dos campe\u00f5es por mais de 6 anos. Sua mordida inicial alta, por\u00e9m control\u00e1vel, baixa compressibilidade para uma sensa\u00e7\u00e3o de pedal duro como pedra, coeficiente de atrito consistentemente alto e desgaste moderado da pastilha fazem dela uma excelente escolha para uma variedade de aplica\u00e7\u00f5es de automobilismo, de rali a asfalto. Coeficiente de atrito m\u00e9dio de 0,5. Requer uso com um fluido de freio de alta qualidade sangre seu sistema de freio regularmente. Procedimento de assentamento: Nenhum assentamento espec\u00edfico \u00e9 necess\u00e1rio, gra\u00e7as ao alto teor de metal da CL Brakes. Para uso com discos novos, deixe a temperatura do sistema aumentar gradualmente. Para uso com discos assentados, fa\u00e7a algumas paradas moderadamente bruscas. Composi\u00e7\u00e3o: Metal sinterizado, principalmente grafite, cer\u00e2mica, ferro, cobre e bronze. Livre de chumbo, amianto e n\u00edquel (tecnologia patenteada NoNiTech da CL Brakes) para proteger o planeta. Pastilhas de freio dianteiras para os seguintes modelos: &#8211; Alfa Romeo 145 2.0 Twin Spark 16V de 1996 a 1999, pin\u00e7as ATE &#8211; Alfa Romeo 146 2.0 Twin Spark 16V de 1996 a 1999, pin\u00e7as ATE &#8211; Alfa Romeo 147 2.0 16V de 2000, pin\u00e7as ATE &#8211; Alfa Romeo 155 2.0 Quadrifoglio 4 Turbo 16V de 1995 a 1996, pin\u00e7as ATE &#8211; Alfa Romeo 155 2.0 Twin Spark 16V de 1995 a 1997, pin\u00e7as ATE &#8211; Alfa Romeo 155 2.5 V6 de 1995 a 1997, pin\u00e7as ATE &#8211; Alfa Romeo GTV (916C) 2.0 V6 Turbo de 1995, pin\u00e7as ATE &#8211; Alfa Romeo GTV 2.0 16V de 1995 a 2004, pin\u00e7as ATE &#8211; Alfa Romeo Spider (916) 2.0 Turbo V6 de 1998, pin\u00e7as ATE &#8211; Alfa Romeo Spider (916) JTS Convers\u00edvel de 2003 a 2004, pin\u00e7as ATE &#8211; Fiat Coupe 2.0 Turbo 16V de 1995 a 2003, pin\u00e7as ATE &#8211; Fiat Coupe 2.0 Turbo 20V de 1997, pin\u00e7as ATE &#8211; Fiat Punto HGT, pin\u00e7as ATE &#8211; Lancia Dedra 2.0 HF Integrale de 1994 a 1997, pin\u00e7as ATE &#8211; Lancia Dedra 2.0 HF Integrale Turbo de 1998, pin\u00e7as ATE &#8211; Lancia Dedra 2.0 HF Integrale Turbo de 1994 a 1998, pin\u00e7as ATE &#8211; Lancia Delta 1.8 LE \/ LX \/ GT 16V de 1996 a 1998, pin\u00e7as ATE<\/p>\n","protected":false},"featured_media":17681,"template":"","meta":[],"product_cat":[479,484,509],"product_tag":[],"marca":[148],"class_list":["post-17685","product","type-product","status-publish","has-post-thumbnail","hentry","product_cat-viatura","product_cat-sistema-travagem","product_cat-pastilhas-travoes","marca-carbone-lorraine"],"yoast_head":"<!-- This site is optimized with the Yoast SEO plugin v20.5 - https:\/\/yoast.com\/wordpress\/plugins\/seo\/ -->\n<title>JOGO CAL\u00c7OS TRAVOES - FIAT PUNTO HGT \/ ALFA ROMEO 156 - Auto Barbosa<\/title>\n<meta name=\"robots\" content=\"index, follow, max-snippet:-1, max-image-preview:large, max-video-preview:-1\" \/>\n<link rel=\"canonical\" href=\"https:\/\/autobarbosa.com\/en\/produto\/jogo-calcos-travoes-fiat-punto-hgt-alfa-romeo-156\/\" \/>\n<meta property=\"og:locale\" content=\"en_US\" \/>\n<meta property=\"og:type\" content=\"article\" \/>\n<meta property=\"og:title\" content=\"JOGO CAL\u00c7OS TRAVOES - FIAT PUNTO HGT \/ ALFA ROMEO 156 - Auto Barbosa\" \/>\n<meta property=\"og:description\" content=\"Pastilhas de freio dianteiras CL BRAKES RC6 para Alfa Romeo 155 ou GTV O composto exclusivo da CL Brakes tem sido a pastilha de freio dos campe\u00f5es por mais de 6 anos. Sua mordida inicial alta, por\u00e9m control\u00e1vel, baixa compressibilidade para uma sensa\u00e7\u00e3o de pedal duro como pedra, coeficiente de atrito consistentemente alto e desgaste moderado da pastilha fazem dela uma excelente escolha para uma variedade de aplica\u00e7\u00f5es de automobilismo, de rali a asfalto. Coeficiente de atrito m\u00e9dio de 0,5. Requer uso com um fluido de freio de alta qualidade sangre seu sistema de freio regularmente. Procedimento de assentamento: Nenhum assentamento espec\u00edfico \u00e9 necess\u00e1rio, gra\u00e7as ao alto teor de metal da CL Brakes. Para uso com discos novos, deixe a temperatura do sistema aumentar gradualmente. Para uso com discos assentados, fa\u00e7a algumas paradas moderadamente bruscas. Composi\u00e7\u00e3o: Metal sinterizado, principalmente grafite, cer\u00e2mica, ferro, cobre e bronze. Livre de chumbo, amianto e n\u00edquel (tecnologia patenteada NoNiTech da CL Brakes) para proteger o planeta. Pastilhas de freio dianteiras para os seguintes modelos: - Alfa Romeo 145 2.0 Twin Spark 16V de 1996 a 1999, pin\u00e7as ATE - Alfa Romeo 146 2.0 Twin Spark 16V de 1996 a 1999, pin\u00e7as ATE - Alfa Romeo 147 2.0 16V de 2000, pin\u00e7as ATE - Alfa Romeo 155 2.0 Quadrifoglio 4 Turbo 16V de 1995 a 1996, pin\u00e7as ATE - Alfa Romeo 155 2.0 Twin Spark 16V de 1995 a 1997, pin\u00e7as ATE - Alfa Romeo 155 2.5 V6 de 1995 a 1997, pin\u00e7as ATE - Alfa Romeo GTV (916C) 2.0 V6 Turbo de 1995, pin\u00e7as ATE - Alfa Romeo GTV 2.0 16V de 1995 a 2004, pin\u00e7as ATE - Alfa Romeo Spider (916) 2.0 Turbo V6 de 1998, pin\u00e7as ATE - Alfa Romeo Spider (916) JTS Convers\u00edvel de 2003 a 2004, pin\u00e7as ATE - Fiat Coupe 2.0 Turbo 16V de 1995 a 2003, pin\u00e7as ATE - Fiat Coupe 2.0 Turbo 20V de 1997, pin\u00e7as ATE - Fiat Punto HGT, pin\u00e7as ATE - Lancia Dedra 2.0 HF Integrale de 1994 a 1997, pin\u00e7as ATE - Lancia Dedra 2.0 HF Integrale Turbo de 1998, pin\u00e7as ATE - Lancia Dedra 2.0 HF Integrale Turbo de 1994 a 1998, pin\u00e7as ATE - Lancia Delta 1.8 LE \/ LX \/ GT 16V de 1996 a 1998, pin\u00e7as ATE\" \/>\n<meta property=\"og:url\" content=\"https:\/\/autobarbosa.com\/en\/produto\/jogo-calcos-travoes-fiat-punto-hgt-alfa-romeo-156\/\" \/>\n<meta property=\"og:site_name\" content=\"Auto Barbosa\" \/>\n<meta property=\"article:publisher\" content=\"https:\/\/www.facebook.com\/autobarbosaoficina\" \/>\n<meta property=\"article:modified_time\" content=\"2026-04-20T07:02:42+00:00\" \/>\n<meta property=\"og:image\" content=\"https:\/\/autobarbosa.com\/wp-content\/uploads\/2025\/11\/1pfcl4041rc6.png\" \/>\n\t<meta property=\"og:image:width\" content=\"800\" \/>\n\t<meta property=\"og:image:height\" content=\"800\" \/>\n\t<meta property=\"og:image:type\" content=\"image\/png\" \/>\n<meta name=\"twitter:card\" content=\"summary_large_image\" \/>\n<meta name=\"twitter:label1\" content=\"Est. reading time\" \/>\n\t<meta name=\"twitter:data1\" content=\"2 minutes\" \/>\n<script type=\"application\/ld+json\" class=\"yoast-schema-graph\">{\"@context\":\"https:\/\/schema.org\",\"@graph\":[{\"@type\":\"WebPage\",\"@id\":\"https:\/\/autobarbosa.com\/en\/produto\/jogo-calcos-travoes-fiat-punto-hgt-alfa-romeo-156\/\",\"url\":\"https:\/\/autobarbosa.com\/en\/produto\/jogo-calcos-travoes-fiat-punto-hgt-alfa-romeo-156\/\",\"name\":\"JOGO CAL\u00c7OS TRAVOES - FIAT PUNTO HGT \/ ALFA ROMEO 156 - Auto Barbosa\",\"isPartOf\":{\"@id\":\"https:\/\/autobarbosa.com\/en\/#website\"},\"datePublished\":\"2025-11-26T08:02:41+00:00\",\"dateModified\":\"2026-04-20T07:02:42+00:00\",\"breadcrumb\":{\"@id\":\"https:\/\/autobarbosa.com\/en\/produto\/jogo-calcos-travoes-fiat-punto-hgt-alfa-romeo-156\/#breadcrumb\"},\"inLanguage\":\"en-US\",\"potentialAction\":[{\"@type\":\"ReadAction\",\"target\":[\"https:\/\/autobarbosa.com\/en\/produto\/jogo-calcos-travoes-fiat-punto-hgt-alfa-romeo-156\/\"]}]},{\"@type\":\"BreadcrumbList\",\"@id\":\"https:\/\/autobarbosa.com\/en\/produto\/jogo-calcos-travoes-fiat-punto-hgt-alfa-romeo-156\/#breadcrumb\",\"itemListElement\":[{\"@type\":\"ListItem\",\"position\":1,\"name\":\"In\u00edcio\",\"item\":\"https:\/\/autobarbosa.com\/en\/\"},{\"@type\":\"ListItem\",\"position\":2,\"name\":\"Loja\",\"item\":\"https:\/\/autobarbosa.com\/\"},{\"@type\":\"ListItem\",\"position\":3,\"name\":\"JOGO CAL\u00c7OS TRAVOES &#8211; FIAT PUNTO HGT \/ ALFA ROMEO 156\"}]},{\"@type\":\"WebSite\",\"@id\":\"https:\/\/autobarbosa.com\/en\/#website\",\"url\":\"https:\/\/autobarbosa.com\/en\/\",\"name\":\"Auto Barbosa\",\"description\":\"Site institucional\",\"publisher\":{\"@id\":\"https:\/\/autobarbosa.com\/en\/#organization\"},\"potentialAction\":[{\"@type\":\"SearchAction\",\"target\":{\"@type\":\"EntryPoint\",\"urlTemplate\":\"https:\/\/autobarbosa.com\/en\/?s={search_term_string}\"},\"query-input\":\"required name=search_term_string\"}],\"inLanguage\":\"en-US\"},{\"@type\":\"Organization\",\"@id\":\"https:\/\/autobarbosa.com\/en\/#organization\",\"name\":\"Auto Barbosa\",\"url\":\"https:\/\/autobarbosa.com\/en\/\",\"logo\":{\"@type\":\"ImageObject\",\"inLanguage\":\"en-US\",\"@id\":\"https:\/\/autobarbosa.com\/en\/#\/schema\/logo\/image\/\",\"url\":\"https:\/\/autobarbosa.com\/wp-content\/uploads\/2023\/03\/AUTO-BARBOSA-LOGO-1-e1678715539111.png\",\"contentUrl\":\"https:\/\/autobarbosa.com\/wp-content\/uploads\/2023\/03\/AUTO-BARBOSA-LOGO-1-e1678715539111.png\",\"width\":3233,\"height\":3233,\"caption\":\"Auto Barbosa\"},\"image\":{\"@id\":\"https:\/\/autobarbosa.com\/en\/#\/schema\/logo\/image\/\"},\"sameAs\":[\"https:\/\/www.facebook.com\/autobarbosaoficina\",\"https:\/\/www.instagram.com\/autobarbosa.oficina\/\"]}]}<\/script>\n<!-- \/ Yoast SEO plugin. -->","yoast_head_json":{"title":"JOGO CAL\u00c7OS TRAVOES - FIAT PUNTO HGT \/ ALFA ROMEO 156 - Auto Barbosa","robots":{"index":"index","follow":"follow","max-snippet":"max-snippet:-1","max-image-preview":"max-image-preview:large","max-video-preview":"max-video-preview:-1"},"canonical":"https:\/\/autobarbosa.com\/en\/produto\/jogo-calcos-travoes-fiat-punto-hgt-alfa-romeo-156\/","og_locale":"en_US","og_type":"article","og_title":"JOGO CAL\u00c7OS TRAVOES - FIAT PUNTO HGT \/ ALFA ROMEO 156 - Auto Barbosa","og_description":"Pastilhas de freio dianteiras CL BRAKES RC6 para Alfa Romeo 155 ou GTV O composto exclusivo da CL Brakes tem sido a pastilha de freio dos campe\u00f5es por mais de 6 anos. Sua mordida inicial alta, por\u00e9m control\u00e1vel, baixa compressibilidade para uma sensa\u00e7\u00e3o de pedal duro como pedra, coeficiente de atrito consistentemente alto e desgaste moderado da pastilha fazem dela uma excelente escolha para uma variedade de aplica\u00e7\u00f5es de automobilismo, de rali a asfalto. Coeficiente de atrito m\u00e9dio de 0,5. Requer uso com um fluido de freio de alta qualidade sangre seu sistema de freio regularmente. Procedimento de assentamento: Nenhum assentamento espec\u00edfico \u00e9 necess\u00e1rio, gra\u00e7as ao alto teor de metal da CL Brakes. Para uso com discos novos, deixe a temperatura do sistema aumentar gradualmente. Para uso com discos assentados, fa\u00e7a algumas paradas moderadamente bruscas. Composi\u00e7\u00e3o: Metal sinterizado, principalmente grafite, cer\u00e2mica, ferro, cobre e bronze. Livre de chumbo, amianto e n\u00edquel (tecnologia patenteada NoNiTech da CL Brakes) para proteger o planeta. Pastilhas de freio dianteiras para os seguintes modelos: - Alfa Romeo 145 2.0 Twin Spark 16V de 1996 a 1999, pin\u00e7as ATE - Alfa Romeo 146 2.0 Twin Spark 16V de 1996 a 1999, pin\u00e7as ATE - Alfa Romeo 147 2.0 16V de 2000, pin\u00e7as ATE - Alfa Romeo 155 2.0 Quadrifoglio 4 Turbo 16V de 1995 a 1996, pin\u00e7as ATE - Alfa Romeo 155 2.0 Twin Spark 16V de 1995 a 1997, pin\u00e7as ATE - Alfa Romeo 155 2.5 V6 de 1995 a 1997, pin\u00e7as ATE - Alfa Romeo GTV (916C) 2.0 V6 Turbo de 1995, pin\u00e7as ATE - Alfa Romeo GTV 2.0 16V de 1995 a 2004, pin\u00e7as ATE - Alfa Romeo Spider (916) 2.0 Turbo V6 de 1998, pin\u00e7as ATE - Alfa Romeo Spider (916) JTS Convers\u00edvel de 2003 a 2004, pin\u00e7as ATE - Fiat Coupe 2.0 Turbo 16V de 1995 a 2003, pin\u00e7as ATE - Fiat Coupe 2.0 Turbo 20V de 1997, pin\u00e7as ATE - Fiat Punto HGT, pin\u00e7as ATE - Lancia Dedra 2.0 HF Integrale de 1994 a 1997, pin\u00e7as ATE - Lancia Dedra 2.0 HF Integrale Turbo de 1998, pin\u00e7as ATE - Lancia Dedra 2.0 HF Integrale Turbo de 1994 a 1998, pin\u00e7as ATE - Lancia Delta 1.8 LE \/ LX \/ GT 16V de 1996 a 1998, pin\u00e7as ATE","og_url":"https:\/\/autobarbosa.com\/en\/produto\/jogo-calcos-travoes-fiat-punto-hgt-alfa-romeo-156\/","og_site_name":"Auto Barbosa","article_publisher":"https:\/\/www.facebook.com\/autobarbosaoficina","article_modified_time":"2026-04-20T07:02:42+00:00","og_image":[{"width":800,"height":800,"url":"https:\/\/autobarbosa.com\/wp-content\/uploads\/2025\/11\/1pfcl4041rc6.png","type":"image\/png"}],"twitter_card":"summary_large_image","twitter_misc":{"Est. reading time":"2 minutes"},"schema":{"@context":"https:\/\/schema.org","@graph":[{"@type":"WebPage","@id":"https:\/\/autobarbosa.com\/en\/produto\/jogo-calcos-travoes-fiat-punto-hgt-alfa-romeo-156\/","url":"https:\/\/autobarbosa.com\/en\/produto\/jogo-calcos-travoes-fiat-punto-hgt-alfa-romeo-156\/","name":"JOGO CAL\u00c7OS TRAVOES - FIAT PUNTO HGT \/ ALFA ROMEO 156 - Auto Barbosa","isPartOf":{"@id":"https:\/\/autobarbosa.com\/en\/#website"},"datePublished":"2025-11-26T08:02:41+00:00","dateModified":"2026-04-20T07:02:42+00:00","breadcrumb":{"@id":"https:\/\/autobarbosa.com\/en\/produto\/jogo-calcos-travoes-fiat-punto-hgt-alfa-romeo-156\/#breadcrumb"},"inLanguage":"en-US","potentialAction":[{"@type":"ReadAction","target":["https:\/\/autobarbosa.com\/en\/produto\/jogo-calcos-travoes-fiat-punto-hgt-alfa-romeo-156\/"]}]},{"@type":"BreadcrumbList","@id":"https:\/\/autobarbosa.com\/en\/produto\/jogo-calcos-travoes-fiat-punto-hgt-alfa-romeo-156\/#breadcrumb","itemListElement":[{"@type":"ListItem","position":1,"name":"In\u00edcio","item":"https:\/\/autobarbosa.com\/en\/"},{"@type":"ListItem","position":2,"name":"Loja","item":"https:\/\/autobarbosa.com\/"},{"@type":"ListItem","position":3,"name":"JOGO CAL\u00c7OS TRAVOES &#8211; FIAT PUNTO HGT \/ ALFA ROMEO 156"}]},{"@type":"WebSite","@id":"https:\/\/autobarbosa.com\/en\/#website","url":"https:\/\/autobarbosa.com\/en\/","name":"Auto Barbosa","description":"Site institucional","publisher":{"@id":"https:\/\/autobarbosa.com\/en\/#organization"},"potentialAction":[{"@type":"SearchAction","target":{"@type":"EntryPoint","urlTemplate":"https:\/\/autobarbosa.com\/en\/?s={search_term_string}"},"query-input":"required name=search_term_string"}],"inLanguage":"en-US"},{"@type":"Organization","@id":"https:\/\/autobarbosa.com\/en\/#organization","name":"Auto Barbosa","url":"https:\/\/autobarbosa.com\/en\/","logo":{"@type":"ImageObject","inLanguage":"en-US","@id":"https:\/\/autobarbosa.com\/en\/#\/schema\/logo\/image\/","url":"https:\/\/autobarbosa.com\/wp-content\/uploads\/2023\/03\/AUTO-BARBOSA-LOGO-1-e1678715539111.png","contentUrl":"https:\/\/autobarbosa.com\/wp-content\/uploads\/2023\/03\/AUTO-BARBOSA-LOGO-1-e1678715539111.png","width":3233,"height":3233,"caption":"Auto Barbosa"},"image":{"@id":"https:\/\/autobarbosa.com\/en\/#\/schema\/logo\/image\/"},"sameAs":["https:\/\/www.facebook.com\/autobarbosaoficina","https:\/\/www.instagram.com\/autobarbosa.oficina\/"]}]}},"_links":{"self":[{"href":"https:\/\/autobarbosa.com\/en\/wp-json\/wp\/v3\/product\/17685","targetHints":{"allow":["GET"]}}],"collection":[{"href":"https:\/\/autobarbosa.com\/en\/wp-json\/wp\/v3\/product"}],"about":[{"href":"https:\/\/autobarbosa.com\/en\/wp-json\/wp\/v2\/types\/product"}],"wp:featuredmedia":[{"embeddable":true,"href":"https:\/\/autobarbosa.com\/en\/wp-json\/wp\/v2\/media\/17681"}],"wp:attachment":[{"href":"https:\/\/autobarbosa.com\/en\/wp-json\/wp\/v2\/media?parent=17685"}],"wp:term":[{"taxonomy":"product_cat","embeddable":true,"href":"https:\/\/autobarbosa.com\/en\/wp-json\/wp\/v2\/product_cat?post=17685"},{"taxonomy":"product_tag","embeddable":true,"href":"https:\/\/autobarbosa.com\/en\/wp-json\/wp\/v2\/product_tag?post=17685"},{"taxonomy":"marca","embeddable":true,"href":"https:\/\/autobarbosa.com\/en\/wp-json\/wp\/v2\/marca?post=17685"}],"curies":[{"name":"wp","href":"https:\/\/api.w.org\/{rel}","templated":true}]}}