{"id":17701,"date":"2025-11-26T07:02:45","date_gmt":"2025-11-26T08:02:45","guid":{"rendered":"https:\/\/autobarbosa.com\/produto\/jogo-calcos-tras-cl-rc6-renault-clio-r3-lfa-romeo-spider-dianteira-mitsubishi-lancer-evo\/"},"modified":"2026-04-20T07:02:46","modified_gmt":"2026-04-20T07:02:46","slug":"jogo-calcos-tras-cl-rc6-renault-clio-r3-lfa-romeo-spider-dianteira-mitsubishi-lancer-evo","status":"publish","type":"product","link":"https:\/\/autobarbosa.com\/en\/produto\/jogo-calcos-tras-cl-rc6-renault-clio-r3-lfa-romeo-spider-dianteira-mitsubishi-lancer-evo\/","title":{"rendered":"JOGO CAL\u00c7OS TR\u00c1S CL RC6 RENAULT CLIO R3 LFA ROMEO Spider dianteira MITSUBISHI Lancer Evo"},"content":{"rendered":"<p>PASTILHAS TRAV\u00d5ES  RC6 para ALFA ROMEO Spider dianteiro MITSUBISHI Lancer Evo traseiro<\/p>\n<p>CL BRAKES apoia anualmente numerosos motoristas, profissionais ou n\u00e3o, em todos os n\u00edveis, ganhando a experi\u00eancia necess\u00e1ria para desenvolver os materiais de frenagem mais eficientes.<br \/>\nGra\u00e7as \u00e0 concorr\u00eancia, o desenvolvimento de novos produtos \u00e9 sempre realizado ao mais alto n\u00edvel de desempenho.<br \/>\nToda a gama \u00e9 caracterizada por um claro \u201cataque\u201d de travagem.<br \/>\nEste material oferece uma ampla gama de aplica\u00e7\u00f5es poss\u00edveis, em ralis ou em circuito.<br \/>\nCoeficiente de atrito m\u00e9dio de 0,5.<br \/>\nJ\u00e1 vence corridas h\u00e1 6 anos gra\u00e7as \u00e0 sua imbat\u00edvel rela\u00e7\u00e3o efici\u00eancia\/facilidade de utiliza\u00e7\u00e3o.<br \/>\nOferece consist\u00eancia de fric\u00e7\u00e3o muito alta em alto n\u00edvel. Seu uso requer fluido de freio de muito boa qualidade.<\/p>\n<p>Procedimento de arrombamento:<br \/>\nN\u00e3o \u00e9 necess\u00e1rio arrombamento espec\u00edfico.<br \/>\nEm novos discos: Aque\u00e7a gradualmente o sistema.<br \/>\nEm discos desgastados: Alguma travagem m\u00e9dia.<br \/>\nUse com fluido de freio de alta qualidade.<br \/>\nSangre os freios com frequ\u00eancia.<br \/>\nMaterial de fric\u00e7\u00e3o de metal sinterizado.<br \/>\nComponentes principais: Grafite, cer\u00e2mica, ferro, cobre e bronze.<br \/>\nEsta placa n\u00e3o utiliza chumbo, nem amianto, nem n\u00edquel (tecnologia NoNiTech) para preservar o meio ambiente.<\/p>\n<p>Pastilhas de freio de montagem dianteira para:<br \/>\n&#8211; ALFA ROMEO Alfetta 2.5 GTV 6 de 1979 a 1987 pin\u00e7a ATE<br \/>\n&#8211; ALFA ROMEO Milano Gold 2.5 de 1987 a 1989 ATE pin\u00e7a<br \/>\n&#8211; ALFA ROMEO Milano Platinium 2.5 de 1987 a 1988 ATE pin\u00e7a<br \/>\n&#8211; ALFA ROMEO Milano Silver a partir de Pin\u00e7a ATE 1987<br \/>\n&#8211; ALFA ROMEO Milano Verde 3.0 de 1988 a 1989 Pin\u00e7a ATE<br \/>\n&#8211; ALFA ROMEO RZ 3.0 V6 Pin\u00e7a Zagato ATE<br \/>\n&#8211; ALFA ROMEO Spider Graduate de 1986 a 1990 Pin\u00e7a ATE<br \/>\n&#8211; ALFA ROMEO Spider Quadrifoglio de 1986 a 1990 Pin\u00e7a ATE<br \/>\n&#8211; ALFA ROMEO Pin\u00e7a Spider Veloce de 1983 a 1990 ATE<br \/>\n&#8211; MORGAN Plus 8 3.5 V8 16V de 1983 a 1984<br \/>\n&#8211; MORGAN Plus 8 3.5i V8 16V de 1984 a 1990<br \/>\n&#8211; OPEL Speedster 2.2 Atmo 16V \/ 2.0 Turbo 16V de 2000<br \/>\n&#8211; VAUXHALL Chevette 1.2 \/ 1.3 de 1975 a 1984<br \/>\n&#8211; VAUXHALL Chevette 2.3 HS de 1977 a 1983<\/p>\n<p>Pastilhas de freio de montagem traseira para:<br \/>\n&#8211; BMW E87 3.0 de 2005<br \/>\n&#8211; KTM X-Bow<br \/>\n&#8211; MITSUBISHI Lancer Evo IX 2.0 Turbo de 2004 a 2006 pin\u00e7a Brembo<br \/>\n&#8211; MITSUBISHI Lancer Evo V 2.0 Turbo de 1996 a 2001 pin\u00e7a Brembo<br \/>\n&#8211; MITSUBISHI Lancer Evo VI 2.0 Turbo de 1999 pin\u00e7a Brembo<br \/>\n&#8211; MITSUBISHI Lancer Evo VII 2.0 Turbo de 1999 pin\u00e7a Brembo<br \/>\n&#8211; MITSUBISHI Lancer Evo VIII 2.0 Turbo de 2002 a 2011 pin\u00e7a Brembo<br \/>\n&#8211; MITSUBISHI Lancer<br \/>\nEvo<br \/>\nPin\u00e7a Brembo 2009<br \/>\n&#8211; NISSAN 350 Z de 2002 a 2009 Pin\u00e7a Brembo<br \/>\n&#8211; NISSAN Skyline GTR (V-Spec) de 1992 a 1995<br \/>\n&#8211; NISSAN Skyline GTR R32 de 1993 a 1995 Pin\u00e7a Brembo<br \/>\n&#8211; NISSAN Skyline GTR R33 de 1995 a 1998 Pin\u00e7a Brembo<br \/>\n&#8211; NISSAN Skyline GTR R34 de 1998 a 2003 pin\u00e7a Brembo de 4 pist\u00f5es<br \/>\n&#8211; RENAULT Clio (3) R3 Rallye Asphalte de 2009 pin\u00e7a Brembo<br \/>\n&#8211; SUBARU Impreza (2) 2.5 16V Turbo STI de 2005<br \/>\n&#8211; SUBARU Impreza (2) WRX STI 2.0 16V Turbo 4WD (265CV) de 2001 a 2005<br \/>\n&#8211; SUBARU Impreza (2) WRX STI 2.0 16V Turbo 4WD (320CV) de 2002 a 2005<br \/>\n&#8211; SUBARU Impreza STI \/ WRX GRN Rallye Asfalto de 2006<br \/>\n&#8211; SUBARU Impreza WRX STI de 2001<br \/>\n&#8211; SUBARU Impreza WRX STI S (300CV) de 2008<br \/>\n&#8211; TESLA Roadster<\/p>\n","protected":false},"excerpt":{"rendered":"<p>PASTILHAS TRAV\u00d5ES  RC6 para ALFA ROMEO Spider dianteiro MITSUBISHI Lancer Evo traseiro<\/p>\n<p>CL BRAKES apoia anualmente numerosos motoristas, profissionais ou n\u00e3o, em todos os n\u00edveis, ganhando a experi\u00eancia necess\u00e1ria para desenvolver os materiais de frenagem mais eficientes.<br \/>\nGra\u00e7as \u00e0 concorr\u00eancia, o desenvolvimento de novos produtos \u00e9 sempre realizado ao mais alto n\u00edvel de desempenho.<br \/>\nToda a gama \u00e9 caracterizada por um claro \u201cataque\u201d de travagem.<br \/>\nEste material oferece uma ampla gama de aplica\u00e7\u00f5es poss\u00edveis, em ralis ou em circuito.<br \/>\nCoeficiente de atrito m\u00e9dio de 0,5.<br \/>\nJ\u00e1 vence corridas h\u00e1 6 anos gra\u00e7as \u00e0 sua imbat\u00edvel rela\u00e7\u00e3o efici\u00eancia\/facilidade de utiliza\u00e7\u00e3o.<br \/>\nOferece consist\u00eancia de fric\u00e7\u00e3o muito alta em alto n\u00edvel. Seu uso requer fluido de freio de muito boa qualidade.<\/p>\n<p>Procedimento de arrombamento:<br \/>\nN\u00e3o \u00e9 necess\u00e1rio arrombamento espec\u00edfico.<br \/>\nEm novos discos: Aque\u00e7a gradualmente o sistema.<br \/>\nEm discos desgastados: Alguma travagem m\u00e9dia.<br \/>\nUse com fluido de freio de alta qualidade.<br \/>\nSangre os freios com frequ\u00eancia.<br \/>\nMaterial de fric\u00e7\u00e3o de metal sinterizado.<br \/>\nComponentes principais: Grafite, cer\u00e2mica, ferro, cobre e bronze.<br \/>\nEsta placa n\u00e3o utiliza chumbo, nem amianto, nem n\u00edquel (tecnologia NoNiTech) para preservar o meio ambiente.<\/p>\n<p>Pastilhas de freio de montagem dianteira para:<br \/>\n&#8211; ALFA ROMEO Alfetta 2.5 GTV 6 de 1979 a 1987 pin\u00e7a ATE<br \/>\n&#8211; ALFA ROMEO Milano Gold 2.5 de 1987 a 1989 ATE pin\u00e7a<br \/>\n&#8211; ALFA ROMEO Milano Platinium 2.5 de 1987 a 1988 ATE pin\u00e7a<br \/>\n&#8211; ALFA ROMEO Milano Silver a partir de Pin\u00e7a ATE 1987<br \/>\n&#8211; ALFA ROMEO Milano Verde 3.0 de 1988 a 1989 Pin\u00e7a ATE<br \/>\n&#8211; ALFA ROMEO RZ 3.0 V6 Pin\u00e7a Zagato ATE<br \/>\n&#8211; ALFA ROMEO Spider Graduate de 1986 a 1990 Pin\u00e7a ATE<br \/>\n&#8211; ALFA ROMEO Spider Quadrifoglio de 1986 a 1990 Pin\u00e7a ATE<br \/>\n&#8211; ALFA ROMEO Pin\u00e7a Spider Veloce de 1983 a 1990 ATE<br \/>\n&#8211; MORGAN Plus 8 3.5 V8 16V de 1983 a 1984<br \/>\n&#8211; MORGAN Plus 8 3.5i V8 16V de 1984 a 1990<br \/>\n&#8211; OPEL Speedster 2.2 Atmo 16V \/ 2.0 Turbo 16V de 2000<br \/>\n&#8211; VAUXHALL Chevette 1.2 \/ 1.3 de 1975 a 1984<br \/>\n&#8211; VAUXHALL Chevette 2.3 HS de 1977 a 1983<\/p>\n<p>Pastilhas de freio de montagem traseira para:<br \/>\n&#8211; BMW E87 3.0 de 2005<br \/>\n&#8211; KTM X-Bow<br \/>\n&#8211; MITSUBISHI Lancer Evo IX 2.0 Turbo de 2004 a 2006 pin\u00e7a Brembo<br \/>\n&#8211; MITSUBISHI Lancer Evo V 2.0 Turbo de 1996 a 2001 pin\u00e7a Brembo<br \/>\n&#8211; MITSUBISHI Lancer Evo VI 2.0 Turbo de 1999 pin\u00e7a Brembo<br \/>\n&#8211; MITSUBISHI Lancer Evo VII 2.0 Turbo de 1999 pin\u00e7a Brembo<br \/>\n&#8211; MITSUBISHI Lancer Evo VIII 2.0 Turbo de 2002 a 2011 pin\u00e7a Brembo<br \/>\n&#8211; MITSUBISHI Lancer<br \/>\nEvo<br \/>\nPin\u00e7a Brembo 2009<br \/>\n&#8211; NISSAN 350 Z de 2002 a 2009 Pin\u00e7a Brembo<br \/>\n&#8211; NISSAN Skyline GTR (V-Spec) de 1992 a 1995<br \/>\n&#8211; NISSAN Skyline GTR R32 de 1993 a 1995 Pin\u00e7a Brembo<br \/>\n&#8211; NISSAN Skyline GTR R33 de 1995 a 1998 Pin\u00e7a Brembo<br \/>\n&#8211; NISSAN Skyline GTR R34 de 1998 a 2003 pin\u00e7a Brembo de 4 pist\u00f5es<br \/>\n&#8211; RENAULT Clio (3) R3 Rallye Asphalte de 2009 pin\u00e7a Brembo<br \/>\n&#8211; SUBARU Impreza (2) 2.5 16V Turbo STI de 2005<br \/>\n&#8211; SUBARU Impreza (2) WRX STI 2.0 16V Turbo 4WD (265CV) de 2001 a 2005<br \/>\n&#8211; SUBARU Impreza (2) WRX STI 2.0 16V Turbo 4WD (320CV) de 2002 a 2005<br \/>\n&#8211; SUBARU Impreza STI \/ WRX GRN Rallye Asfalto de 2006<br \/>\n&#8211; SUBARU Impreza WRX STI de 2001<br \/>\n&#8211; SUBARU Impreza WRX STI S (300CV) de 2008<br \/>\n&#8211; TESLA Roadster<\/p>\n","protected":false},"featured_media":17697,"template":"","meta":[],"product_cat":[479,484,509],"product_tag":[],"marca":[148],"class_list":["post-17701","product","type-product","status-publish","has-post-thumbnail","hentry","product_cat-viatura","product_cat-sistema-travagem","product_cat-pastilhas-travoes","marca-carbone-lorraine"],"yoast_head":"<!-- This site is optimized with the Yoast SEO plugin v20.5 - https:\/\/yoast.com\/wordpress\/plugins\/seo\/ -->\n<title>JOGO CAL\u00c7OS TR\u00c1S CL RC6 RENAULT CLIO R3 LFA ROMEO Spider dianteira MITSUBISHI Lancer Evo - Auto Barbosa<\/title>\n<meta name=\"robots\" content=\"index, follow, max-snippet:-1, max-image-preview:large, max-video-preview:-1\" \/>\n<link rel=\"canonical\" href=\"https:\/\/autobarbosa.com\/en\/produto\/jogo-calcos-tras-cl-rc6-renault-clio-r3-lfa-romeo-spider-dianteira-mitsubishi-lancer-evo\/\" \/>\n<meta property=\"og:locale\" content=\"en_US\" \/>\n<meta property=\"og:type\" content=\"article\" \/>\n<meta property=\"og:title\" content=\"JOGO CAL\u00c7OS TR\u00c1S CL RC6 RENAULT CLIO R3 LFA ROMEO Spider dianteira MITSUBISHI Lancer Evo - Auto Barbosa\" \/>\n<meta property=\"og:description\" content=\"PASTILHAS TRAV\u00d5ES RC6 para ALFA ROMEO Spider dianteiro MITSUBISHI Lancer Evo traseiro  CL BRAKES apoia anualmente numerosos motoristas, profissionais ou n\u00e3o, em todos os n\u00edveis, ganhando a experi\u00eancia necess\u00e1ria para desenvolver os materiais de frenagem mais eficientes. Gra\u00e7as \u00e0 concorr\u00eancia, o desenvolvimento de novos produtos \u00e9 sempre realizado ao mais alto n\u00edvel de desempenho. Toda a gama \u00e9 caracterizada por um claro \u201cataque\u201d de travagem. Este material oferece uma ampla gama de aplica\u00e7\u00f5es poss\u00edveis, em ralis ou em circuito. Coeficiente de atrito m\u00e9dio de 0,5. J\u00e1 vence corridas h\u00e1 6 anos gra\u00e7as \u00e0 sua imbat\u00edvel rela\u00e7\u00e3o efici\u00eancia\/facilidade de utiliza\u00e7\u00e3o. Oferece consist\u00eancia de fric\u00e7\u00e3o muito alta em alto n\u00edvel. Seu uso requer fluido de freio de muito boa qualidade.  Procedimento de arrombamento: N\u00e3o \u00e9 necess\u00e1rio arrombamento espec\u00edfico. Em novos discos: Aque\u00e7a gradualmente o sistema. Em discos desgastados: Alguma travagem m\u00e9dia. Use com fluido de freio de alta qualidade. Sangre os freios com frequ\u00eancia. Material de fric\u00e7\u00e3o de metal sinterizado. Componentes principais: Grafite, cer\u00e2mica, ferro, cobre e bronze. Esta placa n\u00e3o utiliza chumbo, nem amianto, nem n\u00edquel (tecnologia NoNiTech) para preservar o meio ambiente.  Pastilhas de freio de montagem dianteira para: - ALFA ROMEO Alfetta 2.5 GTV 6 de 1979 a 1987 pin\u00e7a ATE - ALFA ROMEO Milano Gold 2.5 de 1987 a 1989 ATE pin\u00e7a - ALFA ROMEO Milano Platinium 2.5 de 1987 a 1988 ATE pin\u00e7a - ALFA ROMEO Milano Silver a partir de Pin\u00e7a ATE 1987 - ALFA ROMEO Milano Verde 3.0 de 1988 a 1989 Pin\u00e7a ATE - ALFA ROMEO RZ 3.0 V6 Pin\u00e7a Zagato ATE - ALFA ROMEO Spider Graduate de 1986 a 1990 Pin\u00e7a ATE - ALFA ROMEO Spider Quadrifoglio de 1986 a 1990 Pin\u00e7a ATE - ALFA ROMEO Pin\u00e7a Spider Veloce de 1983 a 1990 ATE - MORGAN Plus 8 3.5 V8 16V de 1983 a 1984 - MORGAN Plus 8 3.5i V8 16V de 1984 a 1990 - OPEL Speedster 2.2 Atmo 16V \/ 2.0 Turbo 16V de 2000 - VAUXHALL Chevette 1.2 \/ 1.3 de 1975 a 1984 - VAUXHALL Chevette 2.3 HS de 1977 a 1983  Pastilhas de freio de montagem traseira para: - BMW E87 3.0 de 2005 - KTM X-Bow - MITSUBISHI Lancer Evo IX 2.0 Turbo de 2004 a 2006 pin\u00e7a Brembo - MITSUBISHI Lancer Evo V 2.0 Turbo de 1996 a 2001 pin\u00e7a Brembo - MITSUBISHI Lancer Evo VI 2.0 Turbo de 1999 pin\u00e7a Brembo - MITSUBISHI Lancer Evo VII 2.0 Turbo de 1999 pin\u00e7a Brembo - MITSUBISHI Lancer Evo VIII 2.0 Turbo de 2002 a 2011 pin\u00e7a Brembo - MITSUBISHI Lancer Evo Pin\u00e7a Brembo 2009 - NISSAN 350 Z de 2002 a 2009 Pin\u00e7a Brembo - NISSAN Skyline GTR (V-Spec) de 1992 a 1995 - NISSAN Skyline GTR R32 de 1993 a 1995 Pin\u00e7a Brembo - NISSAN Skyline GTR R33 de 1995 a 1998 Pin\u00e7a Brembo - NISSAN Skyline GTR R34 de 1998 a 2003 pin\u00e7a Brembo de 4 pist\u00f5es - RENAULT Clio (3) R3 Rallye Asphalte de 2009 pin\u00e7a Brembo - SUBARU Impreza (2) 2.5 16V Turbo STI de 2005 - SUBARU Impreza (2) WRX STI 2.0 16V Turbo 4WD (265CV) de 2001 a 2005 - SUBARU Impreza (2) WRX STI 2.0 16V Turbo 4WD (320CV) de 2002 a 2005 - SUBARU Impreza STI \/ WRX GRN Rallye Asfalto de 2006 - SUBARU Impreza WRX STI de 2001 - SUBARU Impreza WRX STI S (300CV) de 2008 - TESLA Roadster\" \/>\n<meta property=\"og:url\" content=\"https:\/\/autobarbosa.com\/en\/produto\/jogo-calcos-tras-cl-rc6-renault-clio-r3-lfa-romeo-spider-dianteira-mitsubishi-lancer-evo\/\" \/>\n<meta property=\"og:site_name\" content=\"Auto Barbosa\" \/>\n<meta property=\"article:publisher\" content=\"https:\/\/www.facebook.com\/autobarbosaoficina\" \/>\n<meta property=\"article:modified_time\" content=\"2026-04-20T07:02:46+00:00\" \/>\n<meta property=\"og:image\" content=\"https:\/\/autobarbosa.com\/wp-content\/uploads\/2025\/11\/1pfcl4060rc6.png\" \/>\n\t<meta property=\"og:image:width\" content=\"800\" \/>\n\t<meta property=\"og:image:height\" content=\"800\" \/>\n\t<meta property=\"og:image:type\" content=\"image\/png\" \/>\n<meta name=\"twitter:card\" content=\"summary_large_image\" \/>\n<meta name=\"twitter:label1\" content=\"Est. reading time\" \/>\n\t<meta name=\"twitter:data1\" content=\"3 minutes\" \/>\n<script type=\"application\/ld+json\" class=\"yoast-schema-graph\">{\"@context\":\"https:\/\/schema.org\",\"@graph\":[{\"@type\":\"WebPage\",\"@id\":\"https:\/\/autobarbosa.com\/en\/produto\/jogo-calcos-tras-cl-rc6-renault-clio-r3-lfa-romeo-spider-dianteira-mitsubishi-lancer-evo\/\",\"url\":\"https:\/\/autobarbosa.com\/en\/produto\/jogo-calcos-tras-cl-rc6-renault-clio-r3-lfa-romeo-spider-dianteira-mitsubishi-lancer-evo\/\",\"name\":\"JOGO CAL\u00c7OS TR\u00c1S CL RC6 RENAULT CLIO R3 LFA ROMEO Spider dianteira MITSUBISHI Lancer Evo - Auto Barbosa\",\"isPartOf\":{\"@id\":\"https:\/\/autobarbosa.com\/en\/#website\"},\"datePublished\":\"2025-11-26T08:02:45+00:00\",\"dateModified\":\"2026-04-20T07:02:46+00:00\",\"breadcrumb\":{\"@id\":\"https:\/\/autobarbosa.com\/en\/produto\/jogo-calcos-tras-cl-rc6-renault-clio-r3-lfa-romeo-spider-dianteira-mitsubishi-lancer-evo\/#breadcrumb\"},\"inLanguage\":\"en-US\",\"potentialAction\":[{\"@type\":\"ReadAction\",\"target\":[\"https:\/\/autobarbosa.com\/en\/produto\/jogo-calcos-tras-cl-rc6-renault-clio-r3-lfa-romeo-spider-dianteira-mitsubishi-lancer-evo\/\"]}]},{\"@type\":\"BreadcrumbList\",\"@id\":\"https:\/\/autobarbosa.com\/en\/produto\/jogo-calcos-tras-cl-rc6-renault-clio-r3-lfa-romeo-spider-dianteira-mitsubishi-lancer-evo\/#breadcrumb\",\"itemListElement\":[{\"@type\":\"ListItem\",\"position\":1,\"name\":\"In\u00edcio\",\"item\":\"https:\/\/autobarbosa.com\/en\/\"},{\"@type\":\"ListItem\",\"position\":2,\"name\":\"Loja\",\"item\":\"https:\/\/autobarbosa.com\/\"},{\"@type\":\"ListItem\",\"position\":3,\"name\":\"JOGO CAL\u00c7OS TR\u00c1S CL RC6 RENAULT CLIO R3 LFA ROMEO Spider dianteira MITSUBISHI Lancer Evo\"}]},{\"@type\":\"WebSite\",\"@id\":\"https:\/\/autobarbosa.com\/en\/#website\",\"url\":\"https:\/\/autobarbosa.com\/en\/\",\"name\":\"Auto Barbosa\",\"description\":\"Site institucional\",\"publisher\":{\"@id\":\"https:\/\/autobarbosa.com\/en\/#organization\"},\"potentialAction\":[{\"@type\":\"SearchAction\",\"target\":{\"@type\":\"EntryPoint\",\"urlTemplate\":\"https:\/\/autobarbosa.com\/en\/?s={search_term_string}\"},\"query-input\":\"required name=search_term_string\"}],\"inLanguage\":\"en-US\"},{\"@type\":\"Organization\",\"@id\":\"https:\/\/autobarbosa.com\/en\/#organization\",\"name\":\"Auto Barbosa\",\"url\":\"https:\/\/autobarbosa.com\/en\/\",\"logo\":{\"@type\":\"ImageObject\",\"inLanguage\":\"en-US\",\"@id\":\"https:\/\/autobarbosa.com\/en\/#\/schema\/logo\/image\/\",\"url\":\"https:\/\/autobarbosa.com\/wp-content\/uploads\/2023\/03\/AUTO-BARBOSA-LOGO-1-e1678715539111.png\",\"contentUrl\":\"https:\/\/autobarbosa.com\/wp-content\/uploads\/2023\/03\/AUTO-BARBOSA-LOGO-1-e1678715539111.png\",\"width\":3233,\"height\":3233,\"caption\":\"Auto Barbosa\"},\"image\":{\"@id\":\"https:\/\/autobarbosa.com\/en\/#\/schema\/logo\/image\/\"},\"sameAs\":[\"https:\/\/www.facebook.com\/autobarbosaoficina\",\"https:\/\/www.instagram.com\/autobarbosa.oficina\/\"]}]}<\/script>\n<!-- \/ Yoast SEO plugin. -->","yoast_head_json":{"title":"JOGO CAL\u00c7OS TR\u00c1S CL RC6 RENAULT CLIO R3 LFA ROMEO Spider dianteira MITSUBISHI Lancer Evo - Auto Barbosa","robots":{"index":"index","follow":"follow","max-snippet":"max-snippet:-1","max-image-preview":"max-image-preview:large","max-video-preview":"max-video-preview:-1"},"canonical":"https:\/\/autobarbosa.com\/en\/produto\/jogo-calcos-tras-cl-rc6-renault-clio-r3-lfa-romeo-spider-dianteira-mitsubishi-lancer-evo\/","og_locale":"en_US","og_type":"article","og_title":"JOGO CAL\u00c7OS TR\u00c1S CL RC6 RENAULT CLIO R3 LFA ROMEO Spider dianteira MITSUBISHI Lancer Evo - Auto Barbosa","og_description":"PASTILHAS TRAV\u00d5ES RC6 para ALFA ROMEO Spider dianteiro MITSUBISHI Lancer Evo traseiro  CL BRAKES apoia anualmente numerosos motoristas, profissionais ou n\u00e3o, em todos os n\u00edveis, ganhando a experi\u00eancia necess\u00e1ria para desenvolver os materiais de frenagem mais eficientes. Gra\u00e7as \u00e0 concorr\u00eancia, o desenvolvimento de novos produtos \u00e9 sempre realizado ao mais alto n\u00edvel de desempenho. Toda a gama \u00e9 caracterizada por um claro \u201cataque\u201d de travagem. Este material oferece uma ampla gama de aplica\u00e7\u00f5es poss\u00edveis, em ralis ou em circuito. Coeficiente de atrito m\u00e9dio de 0,5. J\u00e1 vence corridas h\u00e1 6 anos gra\u00e7as \u00e0 sua imbat\u00edvel rela\u00e7\u00e3o efici\u00eancia\/facilidade de utiliza\u00e7\u00e3o. Oferece consist\u00eancia de fric\u00e7\u00e3o muito alta em alto n\u00edvel. Seu uso requer fluido de freio de muito boa qualidade.  Procedimento de arrombamento: N\u00e3o \u00e9 necess\u00e1rio arrombamento espec\u00edfico. Em novos discos: Aque\u00e7a gradualmente o sistema. Em discos desgastados: Alguma travagem m\u00e9dia. Use com fluido de freio de alta qualidade. Sangre os freios com frequ\u00eancia. Material de fric\u00e7\u00e3o de metal sinterizado. Componentes principais: Grafite, cer\u00e2mica, ferro, cobre e bronze. Esta placa n\u00e3o utiliza chumbo, nem amianto, nem n\u00edquel (tecnologia NoNiTech) para preservar o meio ambiente.  Pastilhas de freio de montagem dianteira para: - ALFA ROMEO Alfetta 2.5 GTV 6 de 1979 a 1987 pin\u00e7a ATE - ALFA ROMEO Milano Gold 2.5 de 1987 a 1989 ATE pin\u00e7a - ALFA ROMEO Milano Platinium 2.5 de 1987 a 1988 ATE pin\u00e7a - ALFA ROMEO Milano Silver a partir de Pin\u00e7a ATE 1987 - ALFA ROMEO Milano Verde 3.0 de 1988 a 1989 Pin\u00e7a ATE - ALFA ROMEO RZ 3.0 V6 Pin\u00e7a Zagato ATE - ALFA ROMEO Spider Graduate de 1986 a 1990 Pin\u00e7a ATE - ALFA ROMEO Spider Quadrifoglio de 1986 a 1990 Pin\u00e7a ATE - ALFA ROMEO Pin\u00e7a Spider Veloce de 1983 a 1990 ATE - MORGAN Plus 8 3.5 V8 16V de 1983 a 1984 - MORGAN Plus 8 3.5i V8 16V de 1984 a 1990 - OPEL Speedster 2.2 Atmo 16V \/ 2.0 Turbo 16V de 2000 - VAUXHALL Chevette 1.2 \/ 1.3 de 1975 a 1984 - VAUXHALL Chevette 2.3 HS de 1977 a 1983  Pastilhas de freio de montagem traseira para: - BMW E87 3.0 de 2005 - KTM X-Bow - MITSUBISHI Lancer Evo IX 2.0 Turbo de 2004 a 2006 pin\u00e7a Brembo - MITSUBISHI Lancer Evo V 2.0 Turbo de 1996 a 2001 pin\u00e7a Brembo - MITSUBISHI Lancer Evo VI 2.0 Turbo de 1999 pin\u00e7a Brembo - MITSUBISHI Lancer Evo VII 2.0 Turbo de 1999 pin\u00e7a Brembo - MITSUBISHI Lancer Evo VIII 2.0 Turbo de 2002 a 2011 pin\u00e7a Brembo - MITSUBISHI Lancer Evo Pin\u00e7a Brembo 2009 - NISSAN 350 Z de 2002 a 2009 Pin\u00e7a Brembo - NISSAN Skyline GTR (V-Spec) de 1992 a 1995 - NISSAN Skyline GTR R32 de 1993 a 1995 Pin\u00e7a Brembo - NISSAN Skyline GTR R33 de 1995 a 1998 Pin\u00e7a Brembo - NISSAN Skyline GTR R34 de 1998 a 2003 pin\u00e7a Brembo de 4 pist\u00f5es - RENAULT Clio (3) R3 Rallye Asphalte de 2009 pin\u00e7a Brembo - SUBARU Impreza (2) 2.5 16V Turbo STI de 2005 - SUBARU Impreza (2) WRX STI 2.0 16V Turbo 4WD (265CV) de 2001 a 2005 - SUBARU Impreza (2) WRX STI 2.0 16V Turbo 4WD (320CV) de 2002 a 2005 - SUBARU Impreza STI \/ WRX GRN Rallye Asfalto de 2006 - SUBARU Impreza WRX STI de 2001 - SUBARU Impreza WRX STI S (300CV) de 2008 - TESLA Roadster","og_url":"https:\/\/autobarbosa.com\/en\/produto\/jogo-calcos-tras-cl-rc6-renault-clio-r3-lfa-romeo-spider-dianteira-mitsubishi-lancer-evo\/","og_site_name":"Auto Barbosa","article_publisher":"https:\/\/www.facebook.com\/autobarbosaoficina","article_modified_time":"2026-04-20T07:02:46+00:00","og_image":[{"width":800,"height":800,"url":"https:\/\/autobarbosa.com\/wp-content\/uploads\/2025\/11\/1pfcl4060rc6.png","type":"image\/png"}],"twitter_card":"summary_large_image","twitter_misc":{"Est. reading time":"3 minutes"},"schema":{"@context":"https:\/\/schema.org","@graph":[{"@type":"WebPage","@id":"https:\/\/autobarbosa.com\/en\/produto\/jogo-calcos-tras-cl-rc6-renault-clio-r3-lfa-romeo-spider-dianteira-mitsubishi-lancer-evo\/","url":"https:\/\/autobarbosa.com\/en\/produto\/jogo-calcos-tras-cl-rc6-renault-clio-r3-lfa-romeo-spider-dianteira-mitsubishi-lancer-evo\/","name":"JOGO CAL\u00c7OS TR\u00c1S CL RC6 RENAULT CLIO R3 LFA ROMEO Spider dianteira MITSUBISHI Lancer Evo - Auto Barbosa","isPartOf":{"@id":"https:\/\/autobarbosa.com\/en\/#website"},"datePublished":"2025-11-26T08:02:45+00:00","dateModified":"2026-04-20T07:02:46+00:00","breadcrumb":{"@id":"https:\/\/autobarbosa.com\/en\/produto\/jogo-calcos-tras-cl-rc6-renault-clio-r3-lfa-romeo-spider-dianteira-mitsubishi-lancer-evo\/#breadcrumb"},"inLanguage":"en-US","potentialAction":[{"@type":"ReadAction","target":["https:\/\/autobarbosa.com\/en\/produto\/jogo-calcos-tras-cl-rc6-renault-clio-r3-lfa-romeo-spider-dianteira-mitsubishi-lancer-evo\/"]}]},{"@type":"BreadcrumbList","@id":"https:\/\/autobarbosa.com\/en\/produto\/jogo-calcos-tras-cl-rc6-renault-clio-r3-lfa-romeo-spider-dianteira-mitsubishi-lancer-evo\/#breadcrumb","itemListElement":[{"@type":"ListItem","position":1,"name":"In\u00edcio","item":"https:\/\/autobarbosa.com\/en\/"},{"@type":"ListItem","position":2,"name":"Loja","item":"https:\/\/autobarbosa.com\/"},{"@type":"ListItem","position":3,"name":"JOGO CAL\u00c7OS TR\u00c1S CL RC6 RENAULT CLIO R3 LFA ROMEO Spider dianteira MITSUBISHI Lancer Evo"}]},{"@type":"WebSite","@id":"https:\/\/autobarbosa.com\/en\/#website","url":"https:\/\/autobarbosa.com\/en\/","name":"Auto Barbosa","description":"Site institucional","publisher":{"@id":"https:\/\/autobarbosa.com\/en\/#organization"},"potentialAction":[{"@type":"SearchAction","target":{"@type":"EntryPoint","urlTemplate":"https:\/\/autobarbosa.com\/en\/?s={search_term_string}"},"query-input":"required name=search_term_string"}],"inLanguage":"en-US"},{"@type":"Organization","@id":"https:\/\/autobarbosa.com\/en\/#organization","name":"Auto Barbosa","url":"https:\/\/autobarbosa.com\/en\/","logo":{"@type":"ImageObject","inLanguage":"en-US","@id":"https:\/\/autobarbosa.com\/en\/#\/schema\/logo\/image\/","url":"https:\/\/autobarbosa.com\/wp-content\/uploads\/2023\/03\/AUTO-BARBOSA-LOGO-1-e1678715539111.png","contentUrl":"https:\/\/autobarbosa.com\/wp-content\/uploads\/2023\/03\/AUTO-BARBOSA-LOGO-1-e1678715539111.png","width":3233,"height":3233,"caption":"Auto Barbosa"},"image":{"@id":"https:\/\/autobarbosa.com\/en\/#\/schema\/logo\/image\/"},"sameAs":["https:\/\/www.facebook.com\/autobarbosaoficina","https:\/\/www.instagram.com\/autobarbosa.oficina\/"]}]}},"_links":{"self":[{"href":"https:\/\/autobarbosa.com\/en\/wp-json\/wp\/v3\/product\/17701","targetHints":{"allow":["GET"]}}],"collection":[{"href":"https:\/\/autobarbosa.com\/en\/wp-json\/wp\/v3\/product"}],"about":[{"href":"https:\/\/autobarbosa.com\/en\/wp-json\/wp\/v2\/types\/product"}],"wp:featuredmedia":[{"embeddable":true,"href":"https:\/\/autobarbosa.com\/en\/wp-json\/wp\/v2\/media\/17697"}],"wp:attachment":[{"href":"https:\/\/autobarbosa.com\/en\/wp-json\/wp\/v2\/media?parent=17701"}],"wp:term":[{"taxonomy":"product_cat","embeddable":true,"href":"https:\/\/autobarbosa.com\/en\/wp-json\/wp\/v2\/product_cat?post=17701"},{"taxonomy":"product_tag","embeddable":true,"href":"https:\/\/autobarbosa.com\/en\/wp-json\/wp\/v2\/product_tag?post=17701"},{"taxonomy":"marca","embeddable":true,"href":"https:\/\/autobarbosa.com\/en\/wp-json\/wp\/v2\/marca?post=17701"}],"curies":[{"name":"wp","href":"https:\/\/api.w.org\/{rel}","templated":true}]}}