{"id":17797,"date":"2025-11-26T07:03:09","date_gmt":"2025-11-26T08:03:09","guid":{"rendered":"https:\/\/autobarbosa.com\/produto\/jogo-calcos-travoes-cl-rc5-tras-c2s1600-ds3r3-c2max\/"},"modified":"2026-04-20T07:03:13","modified_gmt":"2026-04-20T07:03:13","slug":"jogo-calcos-travoes-cl-rc5-tras-c2s1600-ds3r3-c2max","status":"publish","type":"product","link":"https:\/\/autobarbosa.com\/en\/produto\/jogo-calcos-travoes-cl-rc5-tras-c2s1600-ds3r3-c2max\/","title":{"rendered":"JOGO CAL\u00c7OS TRAVOES CL RC5 &#8211; TRAS C2S1600 \/ DS3R3 &#8211; C2MAX"},"content":{"rendered":"<p>CL BRAKES RC5+ pastilhas de trav\u00e3o para PEUGEOT 206 1.6 Super 1600 ou RENAULT Clio 1 Rear Kit Car A<\/p>\n<p>CL BRAKES apoia todos os anos muitos condutores, profissionais ou n\u00e3o, a todos os n\u00edveis, adquirindo a experi\u00eancia necess\u00e1ria para o desenvolvimento dos melhores materiais de travagem.<br \/>\nGra\u00e7as \u00e0 concorr\u00eancia, o desenvolvimento de novos produtos \u00e9 sempre feito com o mais alto n\u00edvel de desempenho.<br \/>\nToda a gama \u00e9 caracterizada por um franco \u201cataque\u201d de travagem.<\/p>\n<p>O composto RC5+ substitui o RC5 para oferecer n\u00edveis ainda melhores de ru\u00eddo, poeira e desgaste. \u00c9 adequado para carros leves e em condi\u00e7\u00f5es de corrida com baixa ader\u00eancia ao solo. \u00c9 tamb\u00e9m uma excelente escolha para as suas sa\u00eddas de clube no circuito. Coeficiente de atrito m\u00e9dio de 0,4.<\/p>\n<p>J\u00e1 ganha corridas h\u00e1 6 anos gra\u00e7as \u00e0 sua rela\u00e7\u00e3o efici\u00eancia \/ facilidade de uso imbat\u00edvel.<br \/>\nOferece consist\u00eancia de fric\u00e7\u00e3o muito alta em alto n\u00edvel. Seu uso requer um fluido de freio de muito boa qualidade.<\/p>\n<p>Procedimento de arrombamento:<br \/>\nN\u00e3o \u00e9 necess\u00e1rio arrombamento espec\u00edfico.<br \/>\nEm discos novos: Aque\u00e7a o sistema gradualmente.<br \/>\nEm discos lapidados: Alguma travagem m\u00e9dia.<br \/>\nUse com fluido de freio de alta qualidade.<br \/>\nSangre os freios frequentemente.<br \/>\nMaterial de fric\u00e7\u00e3o de metal sinterizado.<br \/>\nComponentes principais: Grafite, cer\u00e2mica, ferro, cobre e bronze.<br \/>\nEsta placa n\u00e3o utiliza chumbo, nem amianto, nem n\u00edquel (tecnologia NoNiTech) para a preserva\u00e7\u00e3o do meio ambiente.<br \/>\nEspessura: 14,5 mm<\/p>\n<p>Pastilhas de freio dianteiras para:<br \/>\n&#8211; CATERHAM Seven Range de 1987<br \/>\n&#8211; FORD Capri MK1 \/ MK2 1.3 de 1969 a 1976 Lucas caliper<br \/>\n&#8211; FORD Cortina MK2 1.3 \/ 1.5 \/ 1.6 de 1966 a 1970 Lucas caliper<br \/>\n&#8211; FORD Escort (1) 1.3 GT de 1969 a 1974 Lucas caliper<br \/>\n&#8211; LOTUS Elan 1.6 S2 \/ S3 \/ S4 16V de 1964 a 1970 Lucas caliper<br \/>\n&#8211; LOTUS Elan 1.6 Sprint 16V de 1971 a 1974 Lucas caliper<br \/>\n&#8211; LOTUS Europa 1.5 \/ 1.6 \/ Twin Cam \/ Special de 1971 a 1975 Lucas caliper<br \/>\n&#8211; LOTUS Europa P5 \/ Europa Series II de 1962 a 1973 Lucas caliper<br \/>\n&#8211; LOTUS Super Seven de 1964 a 1973 Lucas caliper<br \/>\n&#8211; TALBOT Sunbeam Lotus de 1977 a 1979 Lucas caliper<br \/>\n&#8211; TRIUMPH 1500 \/ 1500 TC de 1970 a 1976 Lucas caliper<br \/>\n&#8211; TRIUMPH Dolomite de 1972 a 1980 Lucas caliper<br \/>\n&#8211; TRIUMPH Spitfire MK3 \/ MK4 (no. FH80000) \/ 196020 a 196020 a partir de 1973 1980 Lucas caliper<br \/>\n&#8211; VAUXHALL Firenza 1800 \/ 2000 de 1971 a 1973 Lucas caliper<br \/>\n&#8211; VAUXHALL Magnum 1800 \/ 2000 de 1973 a 1977 Lucas caliper &#8211; VAUXHALL<br \/>\nViva HB, HC 1800 \/ 2000 \/ 2300 de 1971 a 1973 Lucas<\/p>\n<p>para pin\u00e7a de freio de montagem traseira<br \/>\n&#8211; CITROEN C2 R2 1.6 16V Asphalt de 2009 a 2011<br \/>\n&#8211; CITROEN C2 R2 1.6 16V Terre de 2009 a 2011<br \/>\n&#8211; LAMBORGHINI Urraco P200 \/ P250 \/ P300 de 1974 a 1981 ATE caliper<br \/>\n&#8211; PEUGEOT 206 1.6 Super 1600 de<br \/>\n6 Car Kit Gr.A Rallye de 1995<br \/>\n&#8211; PEUGEOT 306 Kit Car Gr.A Rallye de a 1995 pin\u00e7a Brembo<br \/>\n&#8211; RENAULT Clio (1) Gr.A de 1993 a 1998 Brembo pin\u00e7a<br \/>\n&#8211; RENAULT Clio (1) Kit Car de 1993 a 1998<br \/>\n&#8211; RENAULT Megane Kit Car Rallye de 1996 a 1999<br \/>\n&#8211; RENAULT Megane Maxi Rallye<br \/>\n&#8211; VOLVO 240 de 1974 a 1993<br \/>\n&#8211; VOLVO 242 de 1974 a 1979<br \/>\n&#8211; VOLVO 244 \/ 245 de 1974 a 1985<\/p>\n<p>Pastilhas de freio para pin\u00e7as:<br \/>\n&#8211; LUCAS D12\/14R<br \/>\n&#8211; ALCON 3451X521.4<br \/>\n&#8211; ALCON 3451X555.4<br \/>\n&#8211; ALCON CRR 280<\/p>\n","protected":false},"excerpt":{"rendered":"<p>CL BRAKES RC5+ pastilhas de trav\u00e3o para PEUGEOT 206 1.6 Super 1600 ou RENAULT Clio 1 Rear Kit Car A<\/p>\n<p>CL BRAKES apoia todos os anos muitos condutores, profissionais ou n\u00e3o, a todos os n\u00edveis, adquirindo a experi\u00eancia necess\u00e1ria para o desenvolvimento dos melhores materiais de travagem.<br \/>\nGra\u00e7as \u00e0 concorr\u00eancia, o desenvolvimento de novos produtos \u00e9 sempre feito com o mais alto n\u00edvel de desempenho.<br \/>\nToda a gama \u00e9 caracterizada por um franco \u201cataque\u201d de travagem.<\/p>\n<p>O composto RC5+ substitui o RC5 para oferecer n\u00edveis ainda melhores de ru\u00eddo, poeira e desgaste. \u00c9 adequado para carros leves e em condi\u00e7\u00f5es de corrida com baixa ader\u00eancia ao solo. \u00c9 tamb\u00e9m uma excelente escolha para as suas sa\u00eddas de clube no circuito. Coeficiente de atrito m\u00e9dio de 0,4.<\/p>\n<p>J\u00e1 ganha corridas h\u00e1 6 anos gra\u00e7as \u00e0 sua rela\u00e7\u00e3o efici\u00eancia \/ facilidade de uso imbat\u00edvel.<br \/>\nOferece consist\u00eancia de fric\u00e7\u00e3o muito alta em alto n\u00edvel. Seu uso requer um fluido de freio de muito boa qualidade.<\/p>\n<p>Procedimento de arrombamento:<br \/>\nN\u00e3o \u00e9 necess\u00e1rio arrombamento espec\u00edfico.<br \/>\nEm discos novos: Aque\u00e7a o sistema gradualmente.<br \/>\nEm discos lapidados: Alguma travagem m\u00e9dia.<br \/>\nUse com fluido de freio de alta qualidade.<br \/>\nSangre os freios frequentemente.<br \/>\nMaterial de fric\u00e7\u00e3o de metal sinterizado.<br \/>\nComponentes principais: Grafite, cer\u00e2mica, ferro, cobre e bronze.<br \/>\nEsta placa n\u00e3o utiliza chumbo, nem amianto, nem n\u00edquel (tecnologia NoNiTech) para a preserva\u00e7\u00e3o do meio ambiente.<br \/>\nEspessura: 14,5 mm<\/p>\n<p>Pastilhas de freio dianteiras para:<br \/>\n&#8211; CATERHAM Seven Range de 1987<br \/>\n&#8211; FORD Capri MK1 \/ MK2 1.3 de 1969 a 1976 Lucas caliper<br \/>\n&#8211; FORD Cortina MK2 1.3 \/ 1.5 \/ 1.6 de 1966 a 1970 Lucas caliper<br \/>\n&#8211; FORD Escort (1) 1.3 GT de 1969 a 1974 Lucas caliper<br \/>\n&#8211; LOTUS Elan 1.6 S2 \/ S3 \/ S4 16V de 1964 a 1970 Lucas caliper<br \/>\n&#8211; LOTUS Elan 1.6 Sprint 16V de 1971 a 1974 Lucas caliper<br \/>\n&#8211; LOTUS Europa 1.5 \/ 1.6 \/ Twin Cam \/ Special de 1971 a 1975 Lucas caliper<br \/>\n&#8211; LOTUS Europa P5 \/ Europa Series II de 1962 a 1973 Lucas caliper<br \/>\n&#8211; LOTUS Super Seven de 1964 a 1973 Lucas caliper<br \/>\n&#8211; TALBOT Sunbeam Lotus de 1977 a 1979 Lucas caliper<br \/>\n&#8211; TRIUMPH 1500 \/ 1500 TC de 1970 a 1976 Lucas caliper<br \/>\n&#8211; TRIUMPH Dolomite de 1972 a 1980 Lucas caliper<br \/>\n&#8211; TRIUMPH Spitfire MK3 \/ MK4 (no. FH80000) \/ 196020 a 196020 a partir de 1973 1980 Lucas caliper<br \/>\n&#8211; VAUXHALL Firenza 1800 \/ 2000 de 1971 a 1973 Lucas caliper<br \/>\n&#8211; VAUXHALL Magnum 1800 \/ 2000 de 1973 a 1977 Lucas caliper &#8211; VAUXHALL<br \/>\nViva HB, HC 1800 \/ 2000 \/ 2300 de 1971 a 1973 Lucas<\/p>\n<p>para pin\u00e7a de freio de montagem traseira<br \/>\n&#8211; CITROEN C2 R2 1.6 16V Asphalt de 2009 a 2011<br \/>\n&#8211; CITROEN C2 R2 1.6 16V Terre de 2009 a 2011<br \/>\n&#8211; LAMBORGHINI Urraco P200 \/ P250 \/ P300 de 1974 a 1981 ATE caliper<br \/>\n&#8211; PEUGEOT 206 1.6 Super 1600 de<br \/>\n6 Car Kit Gr.A Rallye de 1995<br \/>\n&#8211; PEUGEOT 306 Kit Car Gr.A Rallye de a 1995 pin\u00e7a Brembo<br \/>\n&#8211; RENAULT Clio (1) Gr.A de 1993 a 1998 Brembo pin\u00e7a<br \/>\n&#8211; RENAULT Clio (1) Kit Car de 1993 a 1998<br \/>\n&#8211; RENAULT Megane Kit Car Rallye de 1996 a 1999<br \/>\n&#8211; RENAULT Megane Maxi Rallye<br \/>\n&#8211; VOLVO 240 de 1974 a 1993<br \/>\n&#8211; VOLVO 242 de 1974 a 1979<br \/>\n&#8211; VOLVO 244 \/ 245 de 1974 a 1985<\/p>\n<p>Pastilhas de freio para pin\u00e7as:<br \/>\n&#8211; LUCAS D12\/14R<br \/>\n&#8211; ALCON 3451X521.4<br \/>\n&#8211; ALCON 3451X555.4<br \/>\n&#8211; ALCON CRR 280<\/p>\n","protected":false},"featured_media":17793,"template":"","meta":[],"product_cat":[479,484,509],"product_tag":[],"marca":[148],"class_list":["post-17797","product","type-product","status-publish","has-post-thumbnail","hentry","product_cat-viatura","product_cat-sistema-travagem","product_cat-pastilhas-travoes","marca-carbone-lorraine"],"yoast_head":"<!-- This site is optimized with the Yoast SEO plugin v20.5 - https:\/\/yoast.com\/wordpress\/plugins\/seo\/ -->\n<title>JOGO CAL\u00c7OS TRAVOES CL RC5 - TRAS C2S1600 \/ DS3R3 - C2MAX - Auto Barbosa<\/title>\n<meta name=\"robots\" content=\"index, follow, max-snippet:-1, max-image-preview:large, max-video-preview:-1\" \/>\n<link rel=\"canonical\" href=\"https:\/\/autobarbosa.com\/en\/produto\/jogo-calcos-travoes-cl-rc5-tras-c2s1600-ds3r3-c2max\/\" \/>\n<meta property=\"og:locale\" content=\"en_US\" \/>\n<meta property=\"og:type\" content=\"article\" \/>\n<meta property=\"og:title\" content=\"JOGO CAL\u00c7OS TRAVOES CL RC5 - TRAS C2S1600 \/ DS3R3 - C2MAX - Auto Barbosa\" \/>\n<meta property=\"og:description\" content=\"CL BRAKES RC5+ pastilhas de trav\u00e3o para PEUGEOT 206 1.6 Super 1600 ou RENAULT Clio 1 Rear Kit Car A  CL BRAKES apoia todos os anos muitos condutores, profissionais ou n\u00e3o, a todos os n\u00edveis, adquirindo a experi\u00eancia necess\u00e1ria para o desenvolvimento dos melhores materiais de travagem. Gra\u00e7as \u00e0 concorr\u00eancia, o desenvolvimento de novos produtos \u00e9 sempre feito com o mais alto n\u00edvel de desempenho. Toda a gama \u00e9 caracterizada por um franco \u201cataque\u201d de travagem.  O composto RC5+ substitui o RC5 para oferecer n\u00edveis ainda melhores de ru\u00eddo, poeira e desgaste. \u00c9 adequado para carros leves e em condi\u00e7\u00f5es de corrida com baixa ader\u00eancia ao solo. \u00c9 tamb\u00e9m uma excelente escolha para as suas sa\u00eddas de clube no circuito. Coeficiente de atrito m\u00e9dio de 0,4.  J\u00e1 ganha corridas h\u00e1 6 anos gra\u00e7as \u00e0 sua rela\u00e7\u00e3o efici\u00eancia \/ facilidade de uso imbat\u00edvel. Oferece consist\u00eancia de fric\u00e7\u00e3o muito alta em alto n\u00edvel. Seu uso requer um fluido de freio de muito boa qualidade.  Procedimento de arrombamento: N\u00e3o \u00e9 necess\u00e1rio arrombamento espec\u00edfico. Em discos novos: Aque\u00e7a o sistema gradualmente. Em discos lapidados: Alguma travagem m\u00e9dia. Use com fluido de freio de alta qualidade. Sangre os freios frequentemente. Material de fric\u00e7\u00e3o de metal sinterizado. Componentes principais: Grafite, cer\u00e2mica, ferro, cobre e bronze. Esta placa n\u00e3o utiliza chumbo, nem amianto, nem n\u00edquel (tecnologia NoNiTech) para a preserva\u00e7\u00e3o do meio ambiente. Espessura: 14,5 mm  Pastilhas de freio dianteiras para: - CATERHAM Seven Range de 1987 - FORD Capri MK1 \/ MK2 1.3 de 1969 a 1976 Lucas caliper - FORD Cortina MK2 1.3 \/ 1.5 \/ 1.6 de 1966 a 1970 Lucas caliper - FORD Escort (1) 1.3 GT de 1969 a 1974 Lucas caliper - LOTUS Elan 1.6 S2 \/ S3 \/ S4 16V de 1964 a 1970 Lucas caliper - LOTUS Elan 1.6 Sprint 16V de 1971 a 1974 Lucas caliper - LOTUS Europa 1.5 \/ 1.6 \/ Twin Cam \/ Special de 1971 a 1975 Lucas caliper - LOTUS Europa P5 \/ Europa Series II de 1962 a 1973 Lucas caliper - LOTUS Super Seven de 1964 a 1973 Lucas caliper - TALBOT Sunbeam Lotus de 1977 a 1979 Lucas caliper - TRIUMPH 1500 \/ 1500 TC de 1970 a 1976 Lucas caliper - TRIUMPH Dolomite de 1972 a 1980 Lucas caliper - TRIUMPH Spitfire MK3 \/ MK4 (no. FH80000) \/ 196020 a 196020 a partir de 1973 1980 Lucas caliper - VAUXHALL Firenza 1800 \/ 2000 de 1971 a 1973 Lucas caliper - VAUXHALL Magnum 1800 \/ 2000 de 1973 a 1977 Lucas caliper - VAUXHALL Viva HB, HC 1800 \/ 2000 \/ 2300 de 1971 a 1973 Lucas  para pin\u00e7a de freio de montagem traseira - CITROEN C2 R2 1.6 16V Asphalt de 2009 a 2011 - CITROEN C2 R2 1.6 16V Terre de 2009 a 2011 - LAMBORGHINI Urraco P200 \/ P250 \/ P300 de 1974 a 1981 ATE caliper - PEUGEOT 206 1.6 Super 1600 de 6 Car Kit Gr.A Rallye de 1995 - PEUGEOT 306 Kit Car Gr.A Rallye de a 1995 pin\u00e7a Brembo - RENAULT Clio (1) Gr.A de 1993 a 1998 Brembo pin\u00e7a - RENAULT Clio (1) Kit Car de 1993 a 1998 - RENAULT Megane Kit Car Rallye de 1996 a 1999 - RENAULT Megane Maxi Rallye - VOLVO 240 de 1974 a 1993 - VOLVO 242 de 1974 a 1979 - VOLVO 244 \/ 245 de 1974 a 1985  Pastilhas de freio para pin\u00e7as: - LUCAS D12\/14R - ALCON 3451X521.4 - ALCON 3451X555.4 - ALCON CRR 280\" \/>\n<meta property=\"og:url\" content=\"https:\/\/autobarbosa.com\/en\/produto\/jogo-calcos-travoes-cl-rc5-tras-c2s1600-ds3r3-c2max\/\" \/>\n<meta property=\"og:site_name\" content=\"Auto Barbosa\" \/>\n<meta property=\"article:publisher\" content=\"https:\/\/www.facebook.com\/autobarbosaoficina\" \/>\n<meta property=\"article:modified_time\" content=\"2026-04-20T07:03:13+00:00\" \/>\n<meta property=\"og:image\" content=\"https:\/\/autobarbosa.com\/wp-content\/uploads\/2025\/11\/1pfcl5002w43t14r5.png\" \/>\n\t<meta property=\"og:image:width\" content=\"800\" \/>\n\t<meta property=\"og:image:height\" content=\"800\" \/>\n\t<meta property=\"og:image:type\" content=\"image\/png\" \/>\n<meta name=\"twitter:card\" content=\"summary_large_image\" \/>\n<meta name=\"twitter:label1\" content=\"Est. reading time\" \/>\n\t<meta name=\"twitter:data1\" content=\"3 minutes\" \/>\n<script type=\"application\/ld+json\" class=\"yoast-schema-graph\">{\"@context\":\"https:\/\/schema.org\",\"@graph\":[{\"@type\":\"WebPage\",\"@id\":\"https:\/\/autobarbosa.com\/en\/produto\/jogo-calcos-travoes-cl-rc5-tras-c2s1600-ds3r3-c2max\/\",\"url\":\"https:\/\/autobarbosa.com\/en\/produto\/jogo-calcos-travoes-cl-rc5-tras-c2s1600-ds3r3-c2max\/\",\"name\":\"JOGO CAL\u00c7OS TRAVOES CL RC5 - TRAS C2S1600 \/ DS3R3 - C2MAX - Auto Barbosa\",\"isPartOf\":{\"@id\":\"https:\/\/autobarbosa.com\/en\/#website\"},\"datePublished\":\"2025-11-26T08:03:09+00:00\",\"dateModified\":\"2026-04-20T07:03:13+00:00\",\"breadcrumb\":{\"@id\":\"https:\/\/autobarbosa.com\/en\/produto\/jogo-calcos-travoes-cl-rc5-tras-c2s1600-ds3r3-c2max\/#breadcrumb\"},\"inLanguage\":\"en-US\",\"potentialAction\":[{\"@type\":\"ReadAction\",\"target\":[\"https:\/\/autobarbosa.com\/en\/produto\/jogo-calcos-travoes-cl-rc5-tras-c2s1600-ds3r3-c2max\/\"]}]},{\"@type\":\"BreadcrumbList\",\"@id\":\"https:\/\/autobarbosa.com\/en\/produto\/jogo-calcos-travoes-cl-rc5-tras-c2s1600-ds3r3-c2max\/#breadcrumb\",\"itemListElement\":[{\"@type\":\"ListItem\",\"position\":1,\"name\":\"In\u00edcio\",\"item\":\"https:\/\/autobarbosa.com\/en\/\"},{\"@type\":\"ListItem\",\"position\":2,\"name\":\"Loja\",\"item\":\"https:\/\/autobarbosa.com\/\"},{\"@type\":\"ListItem\",\"position\":3,\"name\":\"JOGO CAL\u00c7OS TRAVOES CL RC5 &#8211; TRAS C2S1600 \/ DS3R3 &#8211; C2MAX\"}]},{\"@type\":\"WebSite\",\"@id\":\"https:\/\/autobarbosa.com\/en\/#website\",\"url\":\"https:\/\/autobarbosa.com\/en\/\",\"name\":\"Auto Barbosa\",\"description\":\"Site institucional\",\"publisher\":{\"@id\":\"https:\/\/autobarbosa.com\/en\/#organization\"},\"potentialAction\":[{\"@type\":\"SearchAction\",\"target\":{\"@type\":\"EntryPoint\",\"urlTemplate\":\"https:\/\/autobarbosa.com\/en\/?s={search_term_string}\"},\"query-input\":\"required name=search_term_string\"}],\"inLanguage\":\"en-US\"},{\"@type\":\"Organization\",\"@id\":\"https:\/\/autobarbosa.com\/en\/#organization\",\"name\":\"Auto Barbosa\",\"url\":\"https:\/\/autobarbosa.com\/en\/\",\"logo\":{\"@type\":\"ImageObject\",\"inLanguage\":\"en-US\",\"@id\":\"https:\/\/autobarbosa.com\/en\/#\/schema\/logo\/image\/\",\"url\":\"https:\/\/autobarbosa.com\/wp-content\/uploads\/2023\/03\/AUTO-BARBOSA-LOGO-1-e1678715539111.png\",\"contentUrl\":\"https:\/\/autobarbosa.com\/wp-content\/uploads\/2023\/03\/AUTO-BARBOSA-LOGO-1-e1678715539111.png\",\"width\":3233,\"height\":3233,\"caption\":\"Auto Barbosa\"},\"image\":{\"@id\":\"https:\/\/autobarbosa.com\/en\/#\/schema\/logo\/image\/\"},\"sameAs\":[\"https:\/\/www.facebook.com\/autobarbosaoficina\",\"https:\/\/www.instagram.com\/autobarbosa.oficina\/\"]}]}<\/script>\n<!-- \/ Yoast SEO plugin. -->","yoast_head_json":{"title":"JOGO CAL\u00c7OS TRAVOES CL RC5 - TRAS C2S1600 \/ DS3R3 - C2MAX - Auto Barbosa","robots":{"index":"index","follow":"follow","max-snippet":"max-snippet:-1","max-image-preview":"max-image-preview:large","max-video-preview":"max-video-preview:-1"},"canonical":"https:\/\/autobarbosa.com\/en\/produto\/jogo-calcos-travoes-cl-rc5-tras-c2s1600-ds3r3-c2max\/","og_locale":"en_US","og_type":"article","og_title":"JOGO CAL\u00c7OS TRAVOES CL RC5 - TRAS C2S1600 \/ DS3R3 - C2MAX - Auto Barbosa","og_description":"CL BRAKES RC5+ pastilhas de trav\u00e3o para PEUGEOT 206 1.6 Super 1600 ou RENAULT Clio 1 Rear Kit Car A  CL BRAKES apoia todos os anos muitos condutores, profissionais ou n\u00e3o, a todos os n\u00edveis, adquirindo a experi\u00eancia necess\u00e1ria para o desenvolvimento dos melhores materiais de travagem. Gra\u00e7as \u00e0 concorr\u00eancia, o desenvolvimento de novos produtos \u00e9 sempre feito com o mais alto n\u00edvel de desempenho. Toda a gama \u00e9 caracterizada por um franco \u201cataque\u201d de travagem.  O composto RC5+ substitui o RC5 para oferecer n\u00edveis ainda melhores de ru\u00eddo, poeira e desgaste. \u00c9 adequado para carros leves e em condi\u00e7\u00f5es de corrida com baixa ader\u00eancia ao solo. \u00c9 tamb\u00e9m uma excelente escolha para as suas sa\u00eddas de clube no circuito. Coeficiente de atrito m\u00e9dio de 0,4.  J\u00e1 ganha corridas h\u00e1 6 anos gra\u00e7as \u00e0 sua rela\u00e7\u00e3o efici\u00eancia \/ facilidade de uso imbat\u00edvel. Oferece consist\u00eancia de fric\u00e7\u00e3o muito alta em alto n\u00edvel. Seu uso requer um fluido de freio de muito boa qualidade.  Procedimento de arrombamento: N\u00e3o \u00e9 necess\u00e1rio arrombamento espec\u00edfico. Em discos novos: Aque\u00e7a o sistema gradualmente. Em discos lapidados: Alguma travagem m\u00e9dia. Use com fluido de freio de alta qualidade. Sangre os freios frequentemente. Material de fric\u00e7\u00e3o de metal sinterizado. Componentes principais: Grafite, cer\u00e2mica, ferro, cobre e bronze. Esta placa n\u00e3o utiliza chumbo, nem amianto, nem n\u00edquel (tecnologia NoNiTech) para a preserva\u00e7\u00e3o do meio ambiente. Espessura: 14,5 mm  Pastilhas de freio dianteiras para: - CATERHAM Seven Range de 1987 - FORD Capri MK1 \/ MK2 1.3 de 1969 a 1976 Lucas caliper - FORD Cortina MK2 1.3 \/ 1.5 \/ 1.6 de 1966 a 1970 Lucas caliper - FORD Escort (1) 1.3 GT de 1969 a 1974 Lucas caliper - LOTUS Elan 1.6 S2 \/ S3 \/ S4 16V de 1964 a 1970 Lucas caliper - LOTUS Elan 1.6 Sprint 16V de 1971 a 1974 Lucas caliper - LOTUS Europa 1.5 \/ 1.6 \/ Twin Cam \/ Special de 1971 a 1975 Lucas caliper - LOTUS Europa P5 \/ Europa Series II de 1962 a 1973 Lucas caliper - LOTUS Super Seven de 1964 a 1973 Lucas caliper - TALBOT Sunbeam Lotus de 1977 a 1979 Lucas caliper - TRIUMPH 1500 \/ 1500 TC de 1970 a 1976 Lucas caliper - TRIUMPH Dolomite de 1972 a 1980 Lucas caliper - TRIUMPH Spitfire MK3 \/ MK4 (no. FH80000) \/ 196020 a 196020 a partir de 1973 1980 Lucas caliper - VAUXHALL Firenza 1800 \/ 2000 de 1971 a 1973 Lucas caliper - VAUXHALL Magnum 1800 \/ 2000 de 1973 a 1977 Lucas caliper - VAUXHALL Viva HB, HC 1800 \/ 2000 \/ 2300 de 1971 a 1973 Lucas  para pin\u00e7a de freio de montagem traseira - CITROEN C2 R2 1.6 16V Asphalt de 2009 a 2011 - CITROEN C2 R2 1.6 16V Terre de 2009 a 2011 - LAMBORGHINI Urraco P200 \/ P250 \/ P300 de 1974 a 1981 ATE caliper - PEUGEOT 206 1.6 Super 1600 de 6 Car Kit Gr.A Rallye de 1995 - PEUGEOT 306 Kit Car Gr.A Rallye de a 1995 pin\u00e7a Brembo - RENAULT Clio (1) Gr.A de 1993 a 1998 Brembo pin\u00e7a - RENAULT Clio (1) Kit Car de 1993 a 1998 - RENAULT Megane Kit Car Rallye de 1996 a 1999 - RENAULT Megane Maxi Rallye - VOLVO 240 de 1974 a 1993 - VOLVO 242 de 1974 a 1979 - VOLVO 244 \/ 245 de 1974 a 1985  Pastilhas de freio para pin\u00e7as: - LUCAS D12\/14R - ALCON 3451X521.4 - ALCON 3451X555.4 - ALCON CRR 280","og_url":"https:\/\/autobarbosa.com\/en\/produto\/jogo-calcos-travoes-cl-rc5-tras-c2s1600-ds3r3-c2max\/","og_site_name":"Auto Barbosa","article_publisher":"https:\/\/www.facebook.com\/autobarbosaoficina","article_modified_time":"2026-04-20T07:03:13+00:00","og_image":[{"width":800,"height":800,"url":"https:\/\/autobarbosa.com\/wp-content\/uploads\/2025\/11\/1pfcl5002w43t14r5.png","type":"image\/png"}],"twitter_card":"summary_large_image","twitter_misc":{"Est. reading time":"3 minutes"},"schema":{"@context":"https:\/\/schema.org","@graph":[{"@type":"WebPage","@id":"https:\/\/autobarbosa.com\/en\/produto\/jogo-calcos-travoes-cl-rc5-tras-c2s1600-ds3r3-c2max\/","url":"https:\/\/autobarbosa.com\/en\/produto\/jogo-calcos-travoes-cl-rc5-tras-c2s1600-ds3r3-c2max\/","name":"JOGO CAL\u00c7OS TRAVOES CL RC5 - TRAS C2S1600 \/ DS3R3 - C2MAX - Auto Barbosa","isPartOf":{"@id":"https:\/\/autobarbosa.com\/en\/#website"},"datePublished":"2025-11-26T08:03:09+00:00","dateModified":"2026-04-20T07:03:13+00:00","breadcrumb":{"@id":"https:\/\/autobarbosa.com\/en\/produto\/jogo-calcos-travoes-cl-rc5-tras-c2s1600-ds3r3-c2max\/#breadcrumb"},"inLanguage":"en-US","potentialAction":[{"@type":"ReadAction","target":["https:\/\/autobarbosa.com\/en\/produto\/jogo-calcos-travoes-cl-rc5-tras-c2s1600-ds3r3-c2max\/"]}]},{"@type":"BreadcrumbList","@id":"https:\/\/autobarbosa.com\/en\/produto\/jogo-calcos-travoes-cl-rc5-tras-c2s1600-ds3r3-c2max\/#breadcrumb","itemListElement":[{"@type":"ListItem","position":1,"name":"In\u00edcio","item":"https:\/\/autobarbosa.com\/en\/"},{"@type":"ListItem","position":2,"name":"Loja","item":"https:\/\/autobarbosa.com\/"},{"@type":"ListItem","position":3,"name":"JOGO CAL\u00c7OS TRAVOES CL RC5 &#8211; TRAS C2S1600 \/ DS3R3 &#8211; C2MAX"}]},{"@type":"WebSite","@id":"https:\/\/autobarbosa.com\/en\/#website","url":"https:\/\/autobarbosa.com\/en\/","name":"Auto Barbosa","description":"Site institucional","publisher":{"@id":"https:\/\/autobarbosa.com\/en\/#organization"},"potentialAction":[{"@type":"SearchAction","target":{"@type":"EntryPoint","urlTemplate":"https:\/\/autobarbosa.com\/en\/?s={search_term_string}"},"query-input":"required name=search_term_string"}],"inLanguage":"en-US"},{"@type":"Organization","@id":"https:\/\/autobarbosa.com\/en\/#organization","name":"Auto Barbosa","url":"https:\/\/autobarbosa.com\/en\/","logo":{"@type":"ImageObject","inLanguage":"en-US","@id":"https:\/\/autobarbosa.com\/en\/#\/schema\/logo\/image\/","url":"https:\/\/autobarbosa.com\/wp-content\/uploads\/2023\/03\/AUTO-BARBOSA-LOGO-1-e1678715539111.png","contentUrl":"https:\/\/autobarbosa.com\/wp-content\/uploads\/2023\/03\/AUTO-BARBOSA-LOGO-1-e1678715539111.png","width":3233,"height":3233,"caption":"Auto Barbosa"},"image":{"@id":"https:\/\/autobarbosa.com\/en\/#\/schema\/logo\/image\/"},"sameAs":["https:\/\/www.facebook.com\/autobarbosaoficina","https:\/\/www.instagram.com\/autobarbosa.oficina\/"]}]}},"_links":{"self":[{"href":"https:\/\/autobarbosa.com\/en\/wp-json\/wp\/v3\/product\/17797","targetHints":{"allow":["GET"]}}],"collection":[{"href":"https:\/\/autobarbosa.com\/en\/wp-json\/wp\/v3\/product"}],"about":[{"href":"https:\/\/autobarbosa.com\/en\/wp-json\/wp\/v2\/types\/product"}],"wp:featuredmedia":[{"embeddable":true,"href":"https:\/\/autobarbosa.com\/en\/wp-json\/wp\/v2\/media\/17793"}],"wp:attachment":[{"href":"https:\/\/autobarbosa.com\/en\/wp-json\/wp\/v2\/media?parent=17797"}],"wp:term":[{"taxonomy":"product_cat","embeddable":true,"href":"https:\/\/autobarbosa.com\/en\/wp-json\/wp\/v2\/product_cat?post=17797"},{"taxonomy":"product_tag","embeddable":true,"href":"https:\/\/autobarbosa.com\/en\/wp-json\/wp\/v2\/product_tag?post=17797"},{"taxonomy":"marca","embeddable":true,"href":"https:\/\/autobarbosa.com\/en\/wp-json\/wp\/v2\/marca?post=17797"}],"curies":[{"name":"wp","href":"https:\/\/api.w.org\/{rel}","templated":true}]}}