{"id":18037,"date":"2025-11-26T07:04:22","date_gmt":"2025-11-26T08:04:22","guid":{"rendered":"https:\/\/autobarbosa.com\/produto\/botao-start-pressao-12v-20-amp-inox\/"},"modified":"2026-04-21T07:03:52","modified_gmt":"2026-04-21T07:03:52","slug":"botao-start-pressao-12v-20-amp-inox","status":"publish","type":"product","link":"https:\/\/autobarbosa.com\/en\/produto\/botao-start-pressao-12v-20-amp-inox\/","title":{"rendered":"BOTAO START PRESSAO 12V 20 AMP &#8211; INOX"},"content":{"rendered":"<p>Bot\u00e3o de press\u00e3o inoxid\u00e1vel 12 V 20 Amp \u00e0 prova d&#8217;\u00e1gua<\/p>\n<p>Contato moment\u00e2neo para iniciar, v\u00e1rios contatos &#8230;<\/p>\n<p>Corpo em lat\u00e3o niquelado.<\/p>\n<p>Interruptor resistente \u00e0 \u00e1gua<\/p>\n<p>12V \/ 20 Amp.<\/p>\n<p>Di\u00e2metro de perfura\u00e7\u00e3o de fixa\u00e7\u00e3o 19 mm \/ Espessura 6 mm<\/p>\n<p>Comprimento 33 mm.<\/p>\n<p>Tamp\u00f5es de rosca<\/p>\n","protected":false},"excerpt":{"rendered":"<p>Bot\u00e3o de press\u00e3o inoxid\u00e1vel 12 V 20 Amp \u00e0 prova d&#8217;\u00e1gua<\/p>\n<p>Contato moment\u00e2neo para iniciar, v\u00e1rios contatos &#8230;<\/p>\n<p>Corpo em lat\u00e3o niquelado.<\/p>\n<p>Interruptor resistente \u00e0 \u00e1gua<\/p>\n<p>12V \/ 20 Amp.<\/p>\n<p>Di\u00e2metro de perfura\u00e7\u00e3o de fixa\u00e7\u00e3o 19 mm \/ Espessura 6 mm<\/p>\n<p>Comprimento 33 mm.<\/p>\n<p>Tamp\u00f5es de rosca<\/p>\n","protected":false},"featured_media":18033,"template":"","meta":[],"product_cat":[479,497,498,501],"product_tag":[],"marca":[121],"class_list":["post-18037","product","type-product","status-publish","has-post-thumbnail","hentry","product_cat-viatura","product_cat-eletrecidade","product_cat-consolas-acessorios-eletricos","product_cat-acessorios-leds-interruptores-fichas","marca-red-spec"],"yoast_head":"<!-- This site is optimized with the Yoast SEO plugin v20.5 - https:\/\/yoast.com\/wordpress\/plugins\/seo\/ -->\n<title>BOTAO START PRESSAO 12V 20 AMP - INOX - Auto Barbosa<\/title>\n<meta name=\"robots\" content=\"index, follow, max-snippet:-1, max-image-preview:large, max-video-preview:-1\" \/>\n<link rel=\"canonical\" href=\"https:\/\/autobarbosa.com\/en\/produto\/botao-start-pressao-12v-20-amp-inox\/\" \/>\n<meta property=\"og:locale\" content=\"en_US\" \/>\n<meta property=\"og:type\" content=\"article\" \/>\n<meta property=\"og:title\" content=\"BOTAO START PRESSAO 12V 20 AMP - INOX - Auto Barbosa\" \/>\n<meta property=\"og:description\" content=\"Bot\u00e3o de press\u00e3o inoxid\u00e1vel 12 V 20 Amp \u00e0 prova d&#039;\u00e1gua  Contato moment\u00e2neo para iniciar, v\u00e1rios contatos ...  Corpo em lat\u00e3o niquelado.  Interruptor resistente \u00e0 \u00e1gua  12V \/ 20 Amp.  Di\u00e2metro de perfura\u00e7\u00e3o de fixa\u00e7\u00e3o 19 mm \/ Espessura 6 mm  Comprimento 33 mm.  Tamp\u00f5es de rosca\" \/>\n<meta property=\"og:url\" content=\"https:\/\/autobarbosa.com\/en\/produto\/botao-start-pressao-12v-20-amp-inox\/\" \/>\n<meta property=\"og:site_name\" content=\"Auto Barbosa\" \/>\n<meta property=\"article:publisher\" content=\"https:\/\/www.facebook.com\/autobarbosaoficina\" \/>\n<meta property=\"article:modified_time\" content=\"2026-04-21T07:03:52+00:00\" \/>\n<meta property=\"og:image\" content=\"https:\/\/autobarbosa.com\/wp-content\/uploads\/2025\/11\/231k588-oreca-1088030040-rrs.png\" \/>\n\t<meta property=\"og:image:width\" content=\"425\" \/>\n\t<meta property=\"og:image:height\" content=\"425\" \/>\n\t<meta property=\"og:image:type\" content=\"image\/png\" \/>\n<meta name=\"twitter:card\" content=\"summary_large_image\" \/>\n<script type=\"application\/ld+json\" class=\"yoast-schema-graph\">{\"@context\":\"https:\/\/schema.org\",\"@graph\":[{\"@type\":\"WebPage\",\"@id\":\"https:\/\/autobarbosa.com\/en\/produto\/botao-start-pressao-12v-20-amp-inox\/\",\"url\":\"https:\/\/autobarbosa.com\/en\/produto\/botao-start-pressao-12v-20-amp-inox\/\",\"name\":\"BOTAO START PRESSAO 12V 20 AMP - INOX - Auto Barbosa\",\"isPartOf\":{\"@id\":\"https:\/\/autobarbosa.com\/en\/#website\"},\"datePublished\":\"2025-11-26T08:04:22+00:00\",\"dateModified\":\"2026-04-21T07:03:52+00:00\",\"breadcrumb\":{\"@id\":\"https:\/\/autobarbosa.com\/en\/produto\/botao-start-pressao-12v-20-amp-inox\/#breadcrumb\"},\"inLanguage\":\"en-US\",\"potentialAction\":[{\"@type\":\"ReadAction\",\"target\":[\"https:\/\/autobarbosa.com\/en\/produto\/botao-start-pressao-12v-20-amp-inox\/\"]}]},{\"@type\":\"BreadcrumbList\",\"@id\":\"https:\/\/autobarbosa.com\/en\/produto\/botao-start-pressao-12v-20-amp-inox\/#breadcrumb\",\"itemListElement\":[{\"@type\":\"ListItem\",\"position\":1,\"name\":\"In\u00edcio\",\"item\":\"https:\/\/autobarbosa.com\/en\/\"},{\"@type\":\"ListItem\",\"position\":2,\"name\":\"Loja\",\"item\":\"https:\/\/autobarbosa.com\/\"},{\"@type\":\"ListItem\",\"position\":3,\"name\":\"BOTAO START PRESSAO 12V 20 AMP &#8211; INOX\"}]},{\"@type\":\"WebSite\",\"@id\":\"https:\/\/autobarbosa.com\/en\/#website\",\"url\":\"https:\/\/autobarbosa.com\/en\/\",\"name\":\"Auto Barbosa\",\"description\":\"Site institucional\",\"publisher\":{\"@id\":\"https:\/\/autobarbosa.com\/en\/#organization\"},\"potentialAction\":[{\"@type\":\"SearchAction\",\"target\":{\"@type\":\"EntryPoint\",\"urlTemplate\":\"https:\/\/autobarbosa.com\/en\/?s={search_term_string}\"},\"query-input\":\"required name=search_term_string\"}],\"inLanguage\":\"en-US\"},{\"@type\":\"Organization\",\"@id\":\"https:\/\/autobarbosa.com\/en\/#organization\",\"name\":\"Auto Barbosa\",\"url\":\"https:\/\/autobarbosa.com\/en\/\",\"logo\":{\"@type\":\"ImageObject\",\"inLanguage\":\"en-US\",\"@id\":\"https:\/\/autobarbosa.com\/en\/#\/schema\/logo\/image\/\",\"url\":\"https:\/\/autobarbosa.com\/wp-content\/uploads\/2023\/03\/AUTO-BARBOSA-LOGO-1-e1678715539111.png\",\"contentUrl\":\"https:\/\/autobarbosa.com\/wp-content\/uploads\/2023\/03\/AUTO-BARBOSA-LOGO-1-e1678715539111.png\",\"width\":3233,\"height\":3233,\"caption\":\"Auto Barbosa\"},\"image\":{\"@id\":\"https:\/\/autobarbosa.com\/en\/#\/schema\/logo\/image\/\"},\"sameAs\":[\"https:\/\/www.facebook.com\/autobarbosaoficina\",\"https:\/\/www.instagram.com\/autobarbosa.oficina\/\"]}]}<\/script>\n<!-- \/ Yoast SEO plugin. -->","yoast_head_json":{"title":"BOTAO START PRESSAO 12V 20 AMP - INOX - Auto Barbosa","robots":{"index":"index","follow":"follow","max-snippet":"max-snippet:-1","max-image-preview":"max-image-preview:large","max-video-preview":"max-video-preview:-1"},"canonical":"https:\/\/autobarbosa.com\/en\/produto\/botao-start-pressao-12v-20-amp-inox\/","og_locale":"en_US","og_type":"article","og_title":"BOTAO START PRESSAO 12V 20 AMP - INOX - Auto Barbosa","og_description":"Bot\u00e3o de press\u00e3o inoxid\u00e1vel 12 V 20 Amp \u00e0 prova d'\u00e1gua  Contato moment\u00e2neo para iniciar, v\u00e1rios contatos ...  Corpo em lat\u00e3o niquelado.  Interruptor resistente \u00e0 \u00e1gua  12V \/ 20 Amp.  Di\u00e2metro de perfura\u00e7\u00e3o de fixa\u00e7\u00e3o 19 mm \/ Espessura 6 mm  Comprimento 33 mm.  Tamp\u00f5es de rosca","og_url":"https:\/\/autobarbosa.com\/en\/produto\/botao-start-pressao-12v-20-amp-inox\/","og_site_name":"Auto Barbosa","article_publisher":"https:\/\/www.facebook.com\/autobarbosaoficina","article_modified_time":"2026-04-21T07:03:52+00:00","og_image":[{"width":425,"height":425,"url":"https:\/\/autobarbosa.com\/wp-content\/uploads\/2025\/11\/231k588-oreca-1088030040-rrs.png","type":"image\/png"}],"twitter_card":"summary_large_image","schema":{"@context":"https:\/\/schema.org","@graph":[{"@type":"WebPage","@id":"https:\/\/autobarbosa.com\/en\/produto\/botao-start-pressao-12v-20-amp-inox\/","url":"https:\/\/autobarbosa.com\/en\/produto\/botao-start-pressao-12v-20-amp-inox\/","name":"BOTAO START PRESSAO 12V 20 AMP - INOX - Auto Barbosa","isPartOf":{"@id":"https:\/\/autobarbosa.com\/en\/#website"},"datePublished":"2025-11-26T08:04:22+00:00","dateModified":"2026-04-21T07:03:52+00:00","breadcrumb":{"@id":"https:\/\/autobarbosa.com\/en\/produto\/botao-start-pressao-12v-20-amp-inox\/#breadcrumb"},"inLanguage":"en-US","potentialAction":[{"@type":"ReadAction","target":["https:\/\/autobarbosa.com\/en\/produto\/botao-start-pressao-12v-20-amp-inox\/"]}]},{"@type":"BreadcrumbList","@id":"https:\/\/autobarbosa.com\/en\/produto\/botao-start-pressao-12v-20-amp-inox\/#breadcrumb","itemListElement":[{"@type":"ListItem","position":1,"name":"In\u00edcio","item":"https:\/\/autobarbosa.com\/en\/"},{"@type":"ListItem","position":2,"name":"Loja","item":"https:\/\/autobarbosa.com\/"},{"@type":"ListItem","position":3,"name":"BOTAO START PRESSAO 12V 20 AMP &#8211; INOX"}]},{"@type":"WebSite","@id":"https:\/\/autobarbosa.com\/en\/#website","url":"https:\/\/autobarbosa.com\/en\/","name":"Auto Barbosa","description":"Site institucional","publisher":{"@id":"https:\/\/autobarbosa.com\/en\/#organization"},"potentialAction":[{"@type":"SearchAction","target":{"@type":"EntryPoint","urlTemplate":"https:\/\/autobarbosa.com\/en\/?s={search_term_string}"},"query-input":"required name=search_term_string"}],"inLanguage":"en-US"},{"@type":"Organization","@id":"https:\/\/autobarbosa.com\/en\/#organization","name":"Auto Barbosa","url":"https:\/\/autobarbosa.com\/en\/","logo":{"@type":"ImageObject","inLanguage":"en-US","@id":"https:\/\/autobarbosa.com\/en\/#\/schema\/logo\/image\/","url":"https:\/\/autobarbosa.com\/wp-content\/uploads\/2023\/03\/AUTO-BARBOSA-LOGO-1-e1678715539111.png","contentUrl":"https:\/\/autobarbosa.com\/wp-content\/uploads\/2023\/03\/AUTO-BARBOSA-LOGO-1-e1678715539111.png","width":3233,"height":3233,"caption":"Auto Barbosa"},"image":{"@id":"https:\/\/autobarbosa.com\/en\/#\/schema\/logo\/image\/"},"sameAs":["https:\/\/www.facebook.com\/autobarbosaoficina","https:\/\/www.instagram.com\/autobarbosa.oficina\/"]}]}},"_links":{"self":[{"href":"https:\/\/autobarbosa.com\/en\/wp-json\/wp\/v3\/product\/18037","targetHints":{"allow":["GET"]}}],"collection":[{"href":"https:\/\/autobarbosa.com\/en\/wp-json\/wp\/v3\/product"}],"about":[{"href":"https:\/\/autobarbosa.com\/en\/wp-json\/wp\/v2\/types\/product"}],"wp:featuredmedia":[{"embeddable":true,"href":"https:\/\/autobarbosa.com\/en\/wp-json\/wp\/v2\/media\/18033"}],"wp:attachment":[{"href":"https:\/\/autobarbosa.com\/en\/wp-json\/wp\/v2\/media?parent=18037"}],"wp:term":[{"taxonomy":"product_cat","embeddable":true,"href":"https:\/\/autobarbosa.com\/en\/wp-json\/wp\/v2\/product_cat?post=18037"},{"taxonomy":"product_tag","embeddable":true,"href":"https:\/\/autobarbosa.com\/en\/wp-json\/wp\/v2\/product_tag?post=18037"},{"taxonomy":"marca","embeddable":true,"href":"https:\/\/autobarbosa.com\/en\/wp-json\/wp\/v2\/marca?post=18037"}],"curies":[{"name":"wp","href":"https:\/\/api.w.org\/{rel}","templated":true}]}}