{"id":18117,"date":"2025-11-26T07:04:42","date_gmt":"2025-11-26T08:04:42","guid":{"rendered":"https:\/\/autobarbosa.com\/produto\/adpatador-305-macho-macho-3-8unf-8x100\/"},"modified":"2026-04-17T19:04:20","modified_gmt":"2026-04-17T19:04:20","slug":"adpatador-305-macho-macho-3-8unf-8x100","status":"publish","type":"product","link":"https:\/\/autobarbosa.com\/en\/produto\/adpatador-305-macho-macho-3-8unf-8x100\/","title":{"rendered":"ADPATADOR 305 MACHO\/MACHO -3\/8UNF -8X100"},"content":{"rendered":"<p>Adaptador GOODRIDGE 305 macho\/macho &#8211; JIC convexo \/ m\u00e9trico convexo 3\/8UNF A\u00e7o inoxid\u00e1vel<\/p>\n<p>Rosca 1: 3\/8&#215;24 UNF convexo<\/p>\n<p>V\u00e1rias roscas 2 dispon\u00edveis:<br \/>\n&#8211; 8&#215;100<br \/>\n&#8211; 10&#215;100<br \/>\n&#8211; 10&#215;150<br \/>\n&#8211; 12&#215;100<\/p>\n<p>Material: a\u00e7o inoxid\u00e1vel<\/p>\n","protected":false},"excerpt":{"rendered":"<p>Adaptador GOODRIDGE 305 macho\/macho &#8211; JIC convexo \/ m\u00e9trico convexo 3\/8UNF A\u00e7o inoxid\u00e1vel<\/p>\n<p>Rosca 1: 3\/8&#215;24 UNF convexo<\/p>\n<p>V\u00e1rias roscas 2 dispon\u00edveis:<br \/>\n&#8211; 8&#215;100<br \/>\n&#8211; 10&#215;100<br \/>\n&#8211; 10&#215;150<br \/>\n&#8211; 12&#215;100<\/p>\n<p>Material: a\u00e7o inoxid\u00e1vel<\/p>\n","protected":false},"featured_media":18113,"template":"","meta":[],"product_cat":[479,484,493],"product_tag":[],"marca":[140],"class_list":["post-18117","product","type-product","status-publish","has-post-thumbnail","hentry","product_cat-viatura","product_cat-sistema-travagem","product_cat-tubos-racord","marca-goodridge"],"yoast_head":"<!-- This site is optimized with the Yoast SEO plugin v20.5 - https:\/\/yoast.com\/wordpress\/plugins\/seo\/ -->\n<title>ADPATADOR 305 MACHO\/MACHO -3\/8UNF -8X100 - Auto Barbosa<\/title>\n<meta name=\"robots\" content=\"index, follow, max-snippet:-1, max-image-preview:large, max-video-preview:-1\" \/>\n<link rel=\"canonical\" href=\"https:\/\/autobarbosa.com\/en\/produto\/adpatador-305-macho-macho-3-8unf-8x100\/\" \/>\n<meta property=\"og:locale\" content=\"en_US\" \/>\n<meta property=\"og:type\" content=\"article\" \/>\n<meta property=\"og:title\" content=\"ADPATADOR 305 MACHO\/MACHO -3\/8UNF -8X100 - Auto Barbosa\" \/>\n<meta property=\"og:description\" content=\"Adaptador GOODRIDGE 305 macho\/macho - JIC convexo \/ m\u00e9trico convexo 3\/8UNF A\u00e7o inoxid\u00e1vel  Rosca 1: 3\/8x24 UNF convexo  V\u00e1rias roscas 2 dispon\u00edveis: - 8x100 - 10x100 - 10x150 - 12x100  Material: a\u00e7o inoxid\u00e1vel\" \/>\n<meta property=\"og:url\" content=\"https:\/\/autobarbosa.com\/en\/produto\/adpatador-305-macho-macho-3-8unf-8x100\/\" \/>\n<meta property=\"og:site_name\" content=\"Auto Barbosa\" \/>\n<meta property=\"article:publisher\" content=\"https:\/\/www.facebook.com\/autobarbosaoficina\" \/>\n<meta property=\"article:modified_time\" content=\"2026-04-17T19:04:20+00:00\" \/>\n<meta property=\"og:image\" content=\"https:\/\/autobarbosa.com\/wp-content\/uploads\/2025\/11\/3050321c.png\" \/>\n\t<meta property=\"og:image:width\" content=\"534\" \/>\n\t<meta property=\"og:image:height\" content=\"538\" \/>\n\t<meta property=\"og:image:type\" content=\"image\/png\" \/>\n<meta name=\"twitter:card\" content=\"summary_large_image\" \/>\n<script type=\"application\/ld+json\" class=\"yoast-schema-graph\">{\"@context\":\"https:\/\/schema.org\",\"@graph\":[{\"@type\":\"WebPage\",\"@id\":\"https:\/\/autobarbosa.com\/en\/produto\/adpatador-305-macho-macho-3-8unf-8x100\/\",\"url\":\"https:\/\/autobarbosa.com\/en\/produto\/adpatador-305-macho-macho-3-8unf-8x100\/\",\"name\":\"ADPATADOR 305 MACHO\/MACHO -3\/8UNF -8X100 - Auto Barbosa\",\"isPartOf\":{\"@id\":\"https:\/\/autobarbosa.com\/en\/#website\"},\"datePublished\":\"2025-11-26T08:04:42+00:00\",\"dateModified\":\"2026-04-17T19:04:20+00:00\",\"breadcrumb\":{\"@id\":\"https:\/\/autobarbosa.com\/en\/produto\/adpatador-305-macho-macho-3-8unf-8x100\/#breadcrumb\"},\"inLanguage\":\"en-US\",\"potentialAction\":[{\"@type\":\"ReadAction\",\"target\":[\"https:\/\/autobarbosa.com\/en\/produto\/adpatador-305-macho-macho-3-8unf-8x100\/\"]}]},{\"@type\":\"BreadcrumbList\",\"@id\":\"https:\/\/autobarbosa.com\/en\/produto\/adpatador-305-macho-macho-3-8unf-8x100\/#breadcrumb\",\"itemListElement\":[{\"@type\":\"ListItem\",\"position\":1,\"name\":\"In\u00edcio\",\"item\":\"https:\/\/autobarbosa.com\/en\/\"},{\"@type\":\"ListItem\",\"position\":2,\"name\":\"Loja\",\"item\":\"https:\/\/autobarbosa.com\/\"},{\"@type\":\"ListItem\",\"position\":3,\"name\":\"ADPATADOR 305 MACHO\/MACHO -3\/8UNF -8X100\"}]},{\"@type\":\"WebSite\",\"@id\":\"https:\/\/autobarbosa.com\/en\/#website\",\"url\":\"https:\/\/autobarbosa.com\/en\/\",\"name\":\"Auto Barbosa\",\"description\":\"Site institucional\",\"publisher\":{\"@id\":\"https:\/\/autobarbosa.com\/en\/#organization\"},\"potentialAction\":[{\"@type\":\"SearchAction\",\"target\":{\"@type\":\"EntryPoint\",\"urlTemplate\":\"https:\/\/autobarbosa.com\/en\/?s={search_term_string}\"},\"query-input\":\"required name=search_term_string\"}],\"inLanguage\":\"en-US\"},{\"@type\":\"Organization\",\"@id\":\"https:\/\/autobarbosa.com\/en\/#organization\",\"name\":\"Auto Barbosa\",\"url\":\"https:\/\/autobarbosa.com\/en\/\",\"logo\":{\"@type\":\"ImageObject\",\"inLanguage\":\"en-US\",\"@id\":\"https:\/\/autobarbosa.com\/en\/#\/schema\/logo\/image\/\",\"url\":\"https:\/\/autobarbosa.com\/wp-content\/uploads\/2023\/03\/AUTO-BARBOSA-LOGO-1-e1678715539111.png\",\"contentUrl\":\"https:\/\/autobarbosa.com\/wp-content\/uploads\/2023\/03\/AUTO-BARBOSA-LOGO-1-e1678715539111.png\",\"width\":3233,\"height\":3233,\"caption\":\"Auto Barbosa\"},\"image\":{\"@id\":\"https:\/\/autobarbosa.com\/en\/#\/schema\/logo\/image\/\"},\"sameAs\":[\"https:\/\/www.facebook.com\/autobarbosaoficina\",\"https:\/\/www.instagram.com\/autobarbosa.oficina\/\"]}]}<\/script>\n<!-- \/ Yoast SEO plugin. -->","yoast_head_json":{"title":"ADPATADOR 305 MACHO\/MACHO -3\/8UNF -8X100 - Auto Barbosa","robots":{"index":"index","follow":"follow","max-snippet":"max-snippet:-1","max-image-preview":"max-image-preview:large","max-video-preview":"max-video-preview:-1"},"canonical":"https:\/\/autobarbosa.com\/en\/produto\/adpatador-305-macho-macho-3-8unf-8x100\/","og_locale":"en_US","og_type":"article","og_title":"ADPATADOR 305 MACHO\/MACHO -3\/8UNF -8X100 - Auto Barbosa","og_description":"Adaptador GOODRIDGE 305 macho\/macho - JIC convexo \/ m\u00e9trico convexo 3\/8UNF A\u00e7o inoxid\u00e1vel  Rosca 1: 3\/8x24 UNF convexo  V\u00e1rias roscas 2 dispon\u00edveis: - 8x100 - 10x100 - 10x150 - 12x100  Material: a\u00e7o inoxid\u00e1vel","og_url":"https:\/\/autobarbosa.com\/en\/produto\/adpatador-305-macho-macho-3-8unf-8x100\/","og_site_name":"Auto Barbosa","article_publisher":"https:\/\/www.facebook.com\/autobarbosaoficina","article_modified_time":"2026-04-17T19:04:20+00:00","og_image":[{"width":534,"height":538,"url":"https:\/\/autobarbosa.com\/wp-content\/uploads\/2025\/11\/3050321c.png","type":"image\/png"}],"twitter_card":"summary_large_image","schema":{"@context":"https:\/\/schema.org","@graph":[{"@type":"WebPage","@id":"https:\/\/autobarbosa.com\/en\/produto\/adpatador-305-macho-macho-3-8unf-8x100\/","url":"https:\/\/autobarbosa.com\/en\/produto\/adpatador-305-macho-macho-3-8unf-8x100\/","name":"ADPATADOR 305 MACHO\/MACHO -3\/8UNF -8X100 - Auto Barbosa","isPartOf":{"@id":"https:\/\/autobarbosa.com\/en\/#website"},"datePublished":"2025-11-26T08:04:42+00:00","dateModified":"2026-04-17T19:04:20+00:00","breadcrumb":{"@id":"https:\/\/autobarbosa.com\/en\/produto\/adpatador-305-macho-macho-3-8unf-8x100\/#breadcrumb"},"inLanguage":"en-US","potentialAction":[{"@type":"ReadAction","target":["https:\/\/autobarbosa.com\/en\/produto\/adpatador-305-macho-macho-3-8unf-8x100\/"]}]},{"@type":"BreadcrumbList","@id":"https:\/\/autobarbosa.com\/en\/produto\/adpatador-305-macho-macho-3-8unf-8x100\/#breadcrumb","itemListElement":[{"@type":"ListItem","position":1,"name":"In\u00edcio","item":"https:\/\/autobarbosa.com\/en\/"},{"@type":"ListItem","position":2,"name":"Loja","item":"https:\/\/autobarbosa.com\/"},{"@type":"ListItem","position":3,"name":"ADPATADOR 305 MACHO\/MACHO -3\/8UNF -8X100"}]},{"@type":"WebSite","@id":"https:\/\/autobarbosa.com\/en\/#website","url":"https:\/\/autobarbosa.com\/en\/","name":"Auto Barbosa","description":"Site institucional","publisher":{"@id":"https:\/\/autobarbosa.com\/en\/#organization"},"potentialAction":[{"@type":"SearchAction","target":{"@type":"EntryPoint","urlTemplate":"https:\/\/autobarbosa.com\/en\/?s={search_term_string}"},"query-input":"required name=search_term_string"}],"inLanguage":"en-US"},{"@type":"Organization","@id":"https:\/\/autobarbosa.com\/en\/#organization","name":"Auto Barbosa","url":"https:\/\/autobarbosa.com\/en\/","logo":{"@type":"ImageObject","inLanguage":"en-US","@id":"https:\/\/autobarbosa.com\/en\/#\/schema\/logo\/image\/","url":"https:\/\/autobarbosa.com\/wp-content\/uploads\/2023\/03\/AUTO-BARBOSA-LOGO-1-e1678715539111.png","contentUrl":"https:\/\/autobarbosa.com\/wp-content\/uploads\/2023\/03\/AUTO-BARBOSA-LOGO-1-e1678715539111.png","width":3233,"height":3233,"caption":"Auto Barbosa"},"image":{"@id":"https:\/\/autobarbosa.com\/en\/#\/schema\/logo\/image\/"},"sameAs":["https:\/\/www.facebook.com\/autobarbosaoficina","https:\/\/www.instagram.com\/autobarbosa.oficina\/"]}]}},"_links":{"self":[{"href":"https:\/\/autobarbosa.com\/en\/wp-json\/wp\/v3\/product\/18117","targetHints":{"allow":["GET"]}}],"collection":[{"href":"https:\/\/autobarbosa.com\/en\/wp-json\/wp\/v3\/product"}],"about":[{"href":"https:\/\/autobarbosa.com\/en\/wp-json\/wp\/v2\/types\/product"}],"wp:featuredmedia":[{"embeddable":true,"href":"https:\/\/autobarbosa.com\/en\/wp-json\/wp\/v2\/media\/18113"}],"wp:attachment":[{"href":"https:\/\/autobarbosa.com\/en\/wp-json\/wp\/v2\/media?parent=18117"}],"wp:term":[{"taxonomy":"product_cat","embeddable":true,"href":"https:\/\/autobarbosa.com\/en\/wp-json\/wp\/v2\/product_cat?post=18117"},{"taxonomy":"product_tag","embeddable":true,"href":"https:\/\/autobarbosa.com\/en\/wp-json\/wp\/v2\/product_tag?post=18117"},{"taxonomy":"marca","embeddable":true,"href":"https:\/\/autobarbosa.com\/en\/wp-json\/wp\/v2\/marca?post=18117"}],"curies":[{"name":"wp","href":"https:\/\/api.w.org\/{rel}","templated":true}]}}