{"id":18133,"date":"2025-11-26T07:04:46","date_gmt":"2025-11-26T08:04:46","guid":{"rendered":"https:\/\/autobarbosa.com\/produto\/adpatador-305-macho-macho-3-8unf-x-12x100-convexe-aco-p-bomba-travao-de-mao\/"},"modified":"2026-04-17T19:04:23","modified_gmt":"2026-04-17T19:04:23","slug":"adpatador-305-macho-macho-3-8unf-x-12x100-convexe-aco-p-bomba-travao-de-mao","status":"publish","type":"product","link":"https:\/\/autobarbosa.com\/en\/produto\/adpatador-305-macho-macho-3-8unf-x-12x100-convexe-aco-p-bomba-travao-de-mao\/","title":{"rendered":"ADPATADOR 305 MACHO \/ MACHO  &#8211; 3\/8UNF x 12X100 &#8211; CONVEXE &#8211; A\u00c7O &#8211; P\/ BOMBA TRAVAO DE MAO"},"content":{"rendered":"<p>Adaptador GOODRIDGE 305 macho\/macho &#8211; JIC convexo \/ m\u00e9trico convexo 3\/8UNF<\/p>\n<p>A\u00e7o Rosca 1: 3\/8&#215;24 UNF convexo<\/p>\n<p>V\u00e1rias roscas 2 dispon\u00edveis:<br \/>\n&#8211; 12&#215;100 convexo<br \/>\n&#8211; 12&#215;125 convexo<br \/>\n&#8211; 10&#215;100 convexo<br \/>\n&#8211; 10&#215;125 convexo<\/p>\n<p>Material: a\u00e7o zincado<\/p>\n","protected":false},"excerpt":{"rendered":"<p>Adaptador GOODRIDGE 305 macho\/macho &#8211; JIC convexo \/ m\u00e9trico convexo 3\/8UNF<\/p>\n<p>A\u00e7o Rosca 1: 3\/8&#215;24 UNF convexo<\/p>\n<p>V\u00e1rias roscas 2 dispon\u00edveis:<br \/>\n&#8211; 12&#215;100 convexo<br \/>\n&#8211; 12&#215;125 convexo<br \/>\n&#8211; 10&#215;100 convexo<br \/>\n&#8211; 10&#215;125 convexo<\/p>\n<p>Material: a\u00e7o zincado<\/p>\n","protected":false},"featured_media":18129,"template":"","meta":[],"product_cat":[479,484,493],"product_tag":[],"marca":[140],"class_list":["post-18133","product","type-product","status-publish","has-post-thumbnail","hentry","product_cat-viatura","product_cat-sistema-travagem","product_cat-tubos-racord","marca-goodridge"],"yoast_head":"<!-- This site is optimized with the Yoast SEO plugin v20.5 - https:\/\/yoast.com\/wordpress\/plugins\/seo\/ -->\n<title>ADPATADOR 305 MACHO \/ MACHO - 3\/8UNF x 12X100 - CONVEXE - A\u00c7O - P\/ BOMBA TRAVAO DE MAO - Auto Barbosa<\/title>\n<meta name=\"robots\" content=\"index, follow, max-snippet:-1, max-image-preview:large, max-video-preview:-1\" \/>\n<link rel=\"canonical\" href=\"https:\/\/autobarbosa.com\/en\/produto\/adpatador-305-macho-macho-3-8unf-x-12x100-convexe-aco-p-bomba-travao-de-mao\/\" \/>\n<meta property=\"og:locale\" content=\"en_US\" \/>\n<meta property=\"og:type\" content=\"article\" \/>\n<meta property=\"og:title\" content=\"ADPATADOR 305 MACHO \/ MACHO - 3\/8UNF x 12X100 - CONVEXE - A\u00c7O - P\/ BOMBA TRAVAO DE MAO - Auto Barbosa\" \/>\n<meta property=\"og:description\" content=\"Adaptador GOODRIDGE 305 macho\/macho - JIC convexo \/ m\u00e9trico convexo 3\/8UNF  A\u00e7o Rosca 1: 3\/8x24 UNF convexo  V\u00e1rias roscas 2 dispon\u00edveis: - 12x100 convexo - 12x125 convexo - 10x100 convexo - 10x125 convexo  Material: a\u00e7o zincado\" \/>\n<meta property=\"og:url\" content=\"https:\/\/autobarbosa.com\/en\/produto\/adpatador-305-macho-macho-3-8unf-x-12x100-convexe-aco-p-bomba-travao-de-mao\/\" \/>\n<meta property=\"og:site_name\" content=\"Auto Barbosa\" \/>\n<meta property=\"article:publisher\" content=\"https:\/\/www.facebook.com\/autobarbosaoficina\" \/>\n<meta property=\"article:modified_time\" content=\"2026-04-17T19:04:23+00:00\" \/>\n<meta property=\"og:image\" content=\"https:\/\/autobarbosa.com\/wp-content\/uploads\/2025\/11\/305341p.png\" \/>\n\t<meta property=\"og:image:width\" content=\"600\" \/>\n\t<meta property=\"og:image:height\" content=\"600\" \/>\n\t<meta property=\"og:image:type\" content=\"image\/png\" \/>\n<meta name=\"twitter:card\" content=\"summary_large_image\" \/>\n<script type=\"application\/ld+json\" class=\"yoast-schema-graph\">{\"@context\":\"https:\/\/schema.org\",\"@graph\":[{\"@type\":\"WebPage\",\"@id\":\"https:\/\/autobarbosa.com\/en\/produto\/adpatador-305-macho-macho-3-8unf-x-12x100-convexe-aco-p-bomba-travao-de-mao\/\",\"url\":\"https:\/\/autobarbosa.com\/en\/produto\/adpatador-305-macho-macho-3-8unf-x-12x100-convexe-aco-p-bomba-travao-de-mao\/\",\"name\":\"ADPATADOR 305 MACHO \/ MACHO - 3\/8UNF x 12X100 - CONVEXE - A\u00c7O - P\/ BOMBA TRAVAO DE MAO - Auto Barbosa\",\"isPartOf\":{\"@id\":\"https:\/\/autobarbosa.com\/en\/#website\"},\"datePublished\":\"2025-11-26T08:04:46+00:00\",\"dateModified\":\"2026-04-17T19:04:23+00:00\",\"breadcrumb\":{\"@id\":\"https:\/\/autobarbosa.com\/en\/produto\/adpatador-305-macho-macho-3-8unf-x-12x100-convexe-aco-p-bomba-travao-de-mao\/#breadcrumb\"},\"inLanguage\":\"en-US\",\"potentialAction\":[{\"@type\":\"ReadAction\",\"target\":[\"https:\/\/autobarbosa.com\/en\/produto\/adpatador-305-macho-macho-3-8unf-x-12x100-convexe-aco-p-bomba-travao-de-mao\/\"]}]},{\"@type\":\"BreadcrumbList\",\"@id\":\"https:\/\/autobarbosa.com\/en\/produto\/adpatador-305-macho-macho-3-8unf-x-12x100-convexe-aco-p-bomba-travao-de-mao\/#breadcrumb\",\"itemListElement\":[{\"@type\":\"ListItem\",\"position\":1,\"name\":\"In\u00edcio\",\"item\":\"https:\/\/autobarbosa.com\/en\/\"},{\"@type\":\"ListItem\",\"position\":2,\"name\":\"Loja\",\"item\":\"https:\/\/autobarbosa.com\/\"},{\"@type\":\"ListItem\",\"position\":3,\"name\":\"ADPATADOR 305 MACHO \/ MACHO &#8211; 3\/8UNF x 12X100 &#8211; CONVEXE &#8211; A\u00c7O &#8211; P\/ BOMBA TRAVAO DE MAO\"}]},{\"@type\":\"WebSite\",\"@id\":\"https:\/\/autobarbosa.com\/en\/#website\",\"url\":\"https:\/\/autobarbosa.com\/en\/\",\"name\":\"Auto Barbosa\",\"description\":\"Site institucional\",\"publisher\":{\"@id\":\"https:\/\/autobarbosa.com\/en\/#organization\"},\"potentialAction\":[{\"@type\":\"SearchAction\",\"target\":{\"@type\":\"EntryPoint\",\"urlTemplate\":\"https:\/\/autobarbosa.com\/en\/?s={search_term_string}\"},\"query-input\":\"required name=search_term_string\"}],\"inLanguage\":\"en-US\"},{\"@type\":\"Organization\",\"@id\":\"https:\/\/autobarbosa.com\/en\/#organization\",\"name\":\"Auto Barbosa\",\"url\":\"https:\/\/autobarbosa.com\/en\/\",\"logo\":{\"@type\":\"ImageObject\",\"inLanguage\":\"en-US\",\"@id\":\"https:\/\/autobarbosa.com\/en\/#\/schema\/logo\/image\/\",\"url\":\"https:\/\/autobarbosa.com\/wp-content\/uploads\/2023\/03\/AUTO-BARBOSA-LOGO-1-e1678715539111.png\",\"contentUrl\":\"https:\/\/autobarbosa.com\/wp-content\/uploads\/2023\/03\/AUTO-BARBOSA-LOGO-1-e1678715539111.png\",\"width\":3233,\"height\":3233,\"caption\":\"Auto Barbosa\"},\"image\":{\"@id\":\"https:\/\/autobarbosa.com\/en\/#\/schema\/logo\/image\/\"},\"sameAs\":[\"https:\/\/www.facebook.com\/autobarbosaoficina\",\"https:\/\/www.instagram.com\/autobarbosa.oficina\/\"]}]}<\/script>\n<!-- \/ Yoast SEO plugin. -->","yoast_head_json":{"title":"ADPATADOR 305 MACHO \/ MACHO - 3\/8UNF x 12X100 - CONVEXE - A\u00c7O - P\/ BOMBA TRAVAO DE MAO - Auto Barbosa","robots":{"index":"index","follow":"follow","max-snippet":"max-snippet:-1","max-image-preview":"max-image-preview:large","max-video-preview":"max-video-preview:-1"},"canonical":"https:\/\/autobarbosa.com\/en\/produto\/adpatador-305-macho-macho-3-8unf-x-12x100-convexe-aco-p-bomba-travao-de-mao\/","og_locale":"en_US","og_type":"article","og_title":"ADPATADOR 305 MACHO \/ MACHO - 3\/8UNF x 12X100 - CONVEXE - A\u00c7O - P\/ BOMBA TRAVAO DE MAO - Auto Barbosa","og_description":"Adaptador GOODRIDGE 305 macho\/macho - JIC convexo \/ m\u00e9trico convexo 3\/8UNF  A\u00e7o Rosca 1: 3\/8x24 UNF convexo  V\u00e1rias roscas 2 dispon\u00edveis: - 12x100 convexo - 12x125 convexo - 10x100 convexo - 10x125 convexo  Material: a\u00e7o zincado","og_url":"https:\/\/autobarbosa.com\/en\/produto\/adpatador-305-macho-macho-3-8unf-x-12x100-convexe-aco-p-bomba-travao-de-mao\/","og_site_name":"Auto Barbosa","article_publisher":"https:\/\/www.facebook.com\/autobarbosaoficina","article_modified_time":"2026-04-17T19:04:23+00:00","og_image":[{"width":600,"height":600,"url":"https:\/\/autobarbosa.com\/wp-content\/uploads\/2025\/11\/305341p.png","type":"image\/png"}],"twitter_card":"summary_large_image","schema":{"@context":"https:\/\/schema.org","@graph":[{"@type":"WebPage","@id":"https:\/\/autobarbosa.com\/en\/produto\/adpatador-305-macho-macho-3-8unf-x-12x100-convexe-aco-p-bomba-travao-de-mao\/","url":"https:\/\/autobarbosa.com\/en\/produto\/adpatador-305-macho-macho-3-8unf-x-12x100-convexe-aco-p-bomba-travao-de-mao\/","name":"ADPATADOR 305 MACHO \/ MACHO - 3\/8UNF x 12X100 - CONVEXE - A\u00c7O - P\/ BOMBA TRAVAO DE MAO - Auto Barbosa","isPartOf":{"@id":"https:\/\/autobarbosa.com\/en\/#website"},"datePublished":"2025-11-26T08:04:46+00:00","dateModified":"2026-04-17T19:04:23+00:00","breadcrumb":{"@id":"https:\/\/autobarbosa.com\/en\/produto\/adpatador-305-macho-macho-3-8unf-x-12x100-convexe-aco-p-bomba-travao-de-mao\/#breadcrumb"},"inLanguage":"en-US","potentialAction":[{"@type":"ReadAction","target":["https:\/\/autobarbosa.com\/en\/produto\/adpatador-305-macho-macho-3-8unf-x-12x100-convexe-aco-p-bomba-travao-de-mao\/"]}]},{"@type":"BreadcrumbList","@id":"https:\/\/autobarbosa.com\/en\/produto\/adpatador-305-macho-macho-3-8unf-x-12x100-convexe-aco-p-bomba-travao-de-mao\/#breadcrumb","itemListElement":[{"@type":"ListItem","position":1,"name":"In\u00edcio","item":"https:\/\/autobarbosa.com\/en\/"},{"@type":"ListItem","position":2,"name":"Loja","item":"https:\/\/autobarbosa.com\/"},{"@type":"ListItem","position":3,"name":"ADPATADOR 305 MACHO \/ MACHO &#8211; 3\/8UNF x 12X100 &#8211; CONVEXE &#8211; A\u00c7O &#8211; P\/ BOMBA TRAVAO DE MAO"}]},{"@type":"WebSite","@id":"https:\/\/autobarbosa.com\/en\/#website","url":"https:\/\/autobarbosa.com\/en\/","name":"Auto Barbosa","description":"Site institucional","publisher":{"@id":"https:\/\/autobarbosa.com\/en\/#organization"},"potentialAction":[{"@type":"SearchAction","target":{"@type":"EntryPoint","urlTemplate":"https:\/\/autobarbosa.com\/en\/?s={search_term_string}"},"query-input":"required name=search_term_string"}],"inLanguage":"en-US"},{"@type":"Organization","@id":"https:\/\/autobarbosa.com\/en\/#organization","name":"Auto Barbosa","url":"https:\/\/autobarbosa.com\/en\/","logo":{"@type":"ImageObject","inLanguage":"en-US","@id":"https:\/\/autobarbosa.com\/en\/#\/schema\/logo\/image\/","url":"https:\/\/autobarbosa.com\/wp-content\/uploads\/2023\/03\/AUTO-BARBOSA-LOGO-1-e1678715539111.png","contentUrl":"https:\/\/autobarbosa.com\/wp-content\/uploads\/2023\/03\/AUTO-BARBOSA-LOGO-1-e1678715539111.png","width":3233,"height":3233,"caption":"Auto Barbosa"},"image":{"@id":"https:\/\/autobarbosa.com\/en\/#\/schema\/logo\/image\/"},"sameAs":["https:\/\/www.facebook.com\/autobarbosaoficina","https:\/\/www.instagram.com\/autobarbosa.oficina\/"]}]}},"_links":{"self":[{"href":"https:\/\/autobarbosa.com\/en\/wp-json\/wp\/v3\/product\/18133","targetHints":{"allow":["GET"]}}],"collection":[{"href":"https:\/\/autobarbosa.com\/en\/wp-json\/wp\/v3\/product"}],"about":[{"href":"https:\/\/autobarbosa.com\/en\/wp-json\/wp\/v2\/types\/product"}],"wp:featuredmedia":[{"embeddable":true,"href":"https:\/\/autobarbosa.com\/en\/wp-json\/wp\/v2\/media\/18129"}],"wp:attachment":[{"href":"https:\/\/autobarbosa.com\/en\/wp-json\/wp\/v2\/media?parent=18133"}],"wp:term":[{"taxonomy":"product_cat","embeddable":true,"href":"https:\/\/autobarbosa.com\/en\/wp-json\/wp\/v2\/product_cat?post=18133"},{"taxonomy":"product_tag","embeddable":true,"href":"https:\/\/autobarbosa.com\/en\/wp-json\/wp\/v2\/product_tag?post=18133"},{"taxonomy":"marca","embeddable":true,"href":"https:\/\/autobarbosa.com\/en\/wp-json\/wp\/v2\/marca?post=18133"}],"curies":[{"name":"wp","href":"https:\/\/api.w.org\/{rel}","templated":true}]}}