{"id":18205,"date":"2025-11-26T07:05:03","date_gmt":"2025-11-26T08:05:03","guid":{"rendered":"https:\/\/autobarbosa.com\/produto\/adaptador-306-macho-macho-9-16-20x150-aluminio-concave\/"},"modified":"2026-04-17T07:04:38","modified_gmt":"2026-04-17T07:04:38","slug":"adaptador-306-macho-macho-9-16-20x150-aluminio-concave","status":"publish","type":"product","link":"https:\/\/autobarbosa.com\/en\/produto\/adaptador-306-macho-macho-9-16-20x150-aluminio-concave\/","title":{"rendered":"ADAPTADOR 306 Macho\/ Macho &#8211;  9\/16 &#8211; 20X150 ALUMINIO CONCAVE"},"content":{"rendered":"<p>Adaptador GOODRIDGE 306 macho-macho convexo JIC 9\/16&#215;18 UNF-m\u00e9trico c\u00f4ncavo alum\u00ednio<\/p>\n<p>V\u00e1rias roscas est\u00e3o dispon\u00edveis:<br \/>\n&#8211; Rosca A: 9\/16&#215;18 UNF convexo. Rosca B: c\u00f4ncavo 10&#215;100<br \/>\n&#8211; Rosca A: convexa 9\/16&#215;18 UNF. Rosca B: c\u00f4ncavo 12&#215;100<br \/>\n&#8211; Rosca A: convexa 9\/16&#215;18 UNF. Rosca B: c\u00f4ncavo 12&#215;150<br \/>\n&#8211; Rosca A: convexa 9\/16&#215;18 UNF. Rosca B: c\u00f4ncavo 14&#215;150<br \/>\n&#8211; Rosca A: convexa 9\/16&#215;18 UNF. Rosca B: c\u00f4ncavo 16&#215;150<br \/>\n&#8211; Rosca A: convexa 9\/16&#215;18 UNF. Rosca B: c\u00f4ncavo 18&#215;150<br \/>\n&#8211; Rosca A: convexa 9\/16&#215;18 UNF. Rosca B: 20&#215;150 c\u00f4ncava<br \/>\n&#8211; Rosca A: 9\/16&#215;18 UNF convexa. Rosca B: c\u00f4ncavo 22&#215;150<\/p>\n<p>Material: alum\u00ednio<\/p>\n","protected":false},"excerpt":{"rendered":"<p>Adaptador GOODRIDGE 306 macho-macho convexo JIC 9\/16&#215;18 UNF-m\u00e9trico c\u00f4ncavo alum\u00ednio<\/p>\n<p>V\u00e1rias roscas est\u00e3o dispon\u00edveis:<br \/>\n&#8211; Rosca A: 9\/16&#215;18 UNF convexo. Rosca B: c\u00f4ncavo 10&#215;100<br \/>\n&#8211; Rosca A: convexa 9\/16&#215;18 UNF. Rosca B: c\u00f4ncavo 12&#215;100<br \/>\n&#8211; Rosca A: convexa 9\/16&#215;18 UNF. Rosca B: c\u00f4ncavo 12&#215;150<br \/>\n&#8211; Rosca A: convexa 9\/16&#215;18 UNF. Rosca B: c\u00f4ncavo 14&#215;150<br \/>\n&#8211; Rosca A: convexa 9\/16&#215;18 UNF. Rosca B: c\u00f4ncavo 16&#215;150<br \/>\n&#8211; Rosca A: convexa 9\/16&#215;18 UNF. Rosca B: c\u00f4ncavo 18&#215;150<br \/>\n&#8211; Rosca A: convexa 9\/16&#215;18 UNF. Rosca B: 20&#215;150 c\u00f4ncava<br \/>\n&#8211; Rosca A: 9\/16&#215;18 UNF convexa. Rosca B: c\u00f4ncavo 22&#215;150<\/p>\n<p>Material: alum\u00ednio<\/p>\n","protected":false},"featured_media":18201,"template":"","meta":[],"product_cat":[479,514,517,518],"product_tag":[],"marca":[140],"class_list":["post-18205","product","type-product","status-publish","has-post-thumbnail","hentry","product_cat-viatura","product_cat-motor","product_cat-circuito-oleo","product_cat-radiadores-oleo-acessorios","marca-goodridge"],"yoast_head":"<!-- This site is optimized with the Yoast SEO plugin v20.5 - https:\/\/yoast.com\/wordpress\/plugins\/seo\/ -->\n<title>ADAPTADOR 306 Macho\/ Macho - 9\/16 - 20X150 ALUMINIO CONCAVE - Auto Barbosa<\/title>\n<meta name=\"robots\" content=\"index, follow, max-snippet:-1, max-image-preview:large, max-video-preview:-1\" \/>\n<link rel=\"canonical\" href=\"https:\/\/autobarbosa.com\/en\/produto\/adaptador-306-macho-macho-9-16-20x150-aluminio-concave\/\" \/>\n<meta property=\"og:locale\" content=\"en_US\" \/>\n<meta property=\"og:type\" content=\"article\" \/>\n<meta property=\"og:title\" content=\"ADAPTADOR 306 Macho\/ Macho - 9\/16 - 20X150 ALUMINIO CONCAVE - Auto Barbosa\" \/>\n<meta property=\"og:description\" content=\"Adaptador GOODRIDGE 306 macho-macho convexo JIC 9\/16x18 UNF-m\u00e9trico c\u00f4ncavo alum\u00ednio  V\u00e1rias roscas est\u00e3o dispon\u00edveis: - Rosca A: 9\/16x18 UNF convexo. Rosca B: c\u00f4ncavo 10x100 - Rosca A: convexa 9\/16x18 UNF. Rosca B: c\u00f4ncavo 12x100 - Rosca A: convexa 9\/16x18 UNF. Rosca B: c\u00f4ncavo 12x150 - Rosca A: convexa 9\/16x18 UNF. Rosca B: c\u00f4ncavo 14x150 - Rosca A: convexa 9\/16x18 UNF. Rosca B: c\u00f4ncavo 16x150 - Rosca A: convexa 9\/16x18 UNF. Rosca B: c\u00f4ncavo 18x150 - Rosca A: convexa 9\/16x18 UNF. Rosca B: 20x150 c\u00f4ncava - Rosca A: 9\/16x18 UNF convexa. Rosca B: c\u00f4ncavo 22x150  Material: alum\u00ednio\" \/>\n<meta property=\"og:url\" content=\"https:\/\/autobarbosa.com\/en\/produto\/adaptador-306-macho-macho-9-16-20x150-aluminio-concave\/\" \/>\n<meta property=\"og:site_name\" content=\"Auto Barbosa\" \/>\n<meta property=\"article:publisher\" content=\"https:\/\/www.facebook.com\/autobarbosaoficina\" \/>\n<meta property=\"article:modified_time\" content=\"2026-04-17T07:04:38+00:00\" \/>\n<meta property=\"og:image\" content=\"https:\/\/autobarbosa.com\/wp-content\/uploads\/2025\/11\/3066m20d.png\" \/>\n\t<meta property=\"og:image:width\" content=\"800\" \/>\n\t<meta property=\"og:image:height\" content=\"800\" \/>\n\t<meta property=\"og:image:type\" content=\"image\/png\" \/>\n<meta name=\"twitter:card\" content=\"summary_large_image\" \/>\n<meta name=\"twitter:label1\" content=\"Est. reading time\" \/>\n\t<meta name=\"twitter:data1\" content=\"1 minute\" \/>\n<script type=\"application\/ld+json\" class=\"yoast-schema-graph\">{\"@context\":\"https:\/\/schema.org\",\"@graph\":[{\"@type\":\"WebPage\",\"@id\":\"https:\/\/autobarbosa.com\/en\/produto\/adaptador-306-macho-macho-9-16-20x150-aluminio-concave\/\",\"url\":\"https:\/\/autobarbosa.com\/en\/produto\/adaptador-306-macho-macho-9-16-20x150-aluminio-concave\/\",\"name\":\"ADAPTADOR 306 Macho\/ Macho - 9\/16 - 20X150 ALUMINIO CONCAVE - Auto Barbosa\",\"isPartOf\":{\"@id\":\"https:\/\/autobarbosa.com\/en\/#website\"},\"datePublished\":\"2025-11-26T08:05:03+00:00\",\"dateModified\":\"2026-04-17T07:04:38+00:00\",\"breadcrumb\":{\"@id\":\"https:\/\/autobarbosa.com\/en\/produto\/adaptador-306-macho-macho-9-16-20x150-aluminio-concave\/#breadcrumb\"},\"inLanguage\":\"en-US\",\"potentialAction\":[{\"@type\":\"ReadAction\",\"target\":[\"https:\/\/autobarbosa.com\/en\/produto\/adaptador-306-macho-macho-9-16-20x150-aluminio-concave\/\"]}]},{\"@type\":\"BreadcrumbList\",\"@id\":\"https:\/\/autobarbosa.com\/en\/produto\/adaptador-306-macho-macho-9-16-20x150-aluminio-concave\/#breadcrumb\",\"itemListElement\":[{\"@type\":\"ListItem\",\"position\":1,\"name\":\"In\u00edcio\",\"item\":\"https:\/\/autobarbosa.com\/en\/\"},{\"@type\":\"ListItem\",\"position\":2,\"name\":\"Loja\",\"item\":\"https:\/\/autobarbosa.com\/\"},{\"@type\":\"ListItem\",\"position\":3,\"name\":\"ADAPTADOR 306 Macho\/ Macho &#8211; 9\/16 &#8211; 20X150 ALUMINIO CONCAVE\"}]},{\"@type\":\"WebSite\",\"@id\":\"https:\/\/autobarbosa.com\/en\/#website\",\"url\":\"https:\/\/autobarbosa.com\/en\/\",\"name\":\"Auto Barbosa\",\"description\":\"Site institucional\",\"publisher\":{\"@id\":\"https:\/\/autobarbosa.com\/en\/#organization\"},\"potentialAction\":[{\"@type\":\"SearchAction\",\"target\":{\"@type\":\"EntryPoint\",\"urlTemplate\":\"https:\/\/autobarbosa.com\/en\/?s={search_term_string}\"},\"query-input\":\"required name=search_term_string\"}],\"inLanguage\":\"en-US\"},{\"@type\":\"Organization\",\"@id\":\"https:\/\/autobarbosa.com\/en\/#organization\",\"name\":\"Auto Barbosa\",\"url\":\"https:\/\/autobarbosa.com\/en\/\",\"logo\":{\"@type\":\"ImageObject\",\"inLanguage\":\"en-US\",\"@id\":\"https:\/\/autobarbosa.com\/en\/#\/schema\/logo\/image\/\",\"url\":\"https:\/\/autobarbosa.com\/wp-content\/uploads\/2023\/03\/AUTO-BARBOSA-LOGO-1-e1678715539111.png\",\"contentUrl\":\"https:\/\/autobarbosa.com\/wp-content\/uploads\/2023\/03\/AUTO-BARBOSA-LOGO-1-e1678715539111.png\",\"width\":3233,\"height\":3233,\"caption\":\"Auto Barbosa\"},\"image\":{\"@id\":\"https:\/\/autobarbosa.com\/en\/#\/schema\/logo\/image\/\"},\"sameAs\":[\"https:\/\/www.facebook.com\/autobarbosaoficina\",\"https:\/\/www.instagram.com\/autobarbosa.oficina\/\"]}]}<\/script>\n<!-- \/ Yoast SEO plugin. -->","yoast_head_json":{"title":"ADAPTADOR 306 Macho\/ Macho - 9\/16 - 20X150 ALUMINIO CONCAVE - Auto Barbosa","robots":{"index":"index","follow":"follow","max-snippet":"max-snippet:-1","max-image-preview":"max-image-preview:large","max-video-preview":"max-video-preview:-1"},"canonical":"https:\/\/autobarbosa.com\/en\/produto\/adaptador-306-macho-macho-9-16-20x150-aluminio-concave\/","og_locale":"en_US","og_type":"article","og_title":"ADAPTADOR 306 Macho\/ Macho - 9\/16 - 20X150 ALUMINIO CONCAVE - Auto Barbosa","og_description":"Adaptador GOODRIDGE 306 macho-macho convexo JIC 9\/16x18 UNF-m\u00e9trico c\u00f4ncavo alum\u00ednio  V\u00e1rias roscas est\u00e3o dispon\u00edveis: - Rosca A: 9\/16x18 UNF convexo. Rosca B: c\u00f4ncavo 10x100 - Rosca A: convexa 9\/16x18 UNF. Rosca B: c\u00f4ncavo 12x100 - Rosca A: convexa 9\/16x18 UNF. Rosca B: c\u00f4ncavo 12x150 - Rosca A: convexa 9\/16x18 UNF. Rosca B: c\u00f4ncavo 14x150 - Rosca A: convexa 9\/16x18 UNF. Rosca B: c\u00f4ncavo 16x150 - Rosca A: convexa 9\/16x18 UNF. Rosca B: c\u00f4ncavo 18x150 - Rosca A: convexa 9\/16x18 UNF. Rosca B: 20x150 c\u00f4ncava - Rosca A: 9\/16x18 UNF convexa. Rosca B: c\u00f4ncavo 22x150  Material: alum\u00ednio","og_url":"https:\/\/autobarbosa.com\/en\/produto\/adaptador-306-macho-macho-9-16-20x150-aluminio-concave\/","og_site_name":"Auto Barbosa","article_publisher":"https:\/\/www.facebook.com\/autobarbosaoficina","article_modified_time":"2026-04-17T07:04:38+00:00","og_image":[{"width":800,"height":800,"url":"https:\/\/autobarbosa.com\/wp-content\/uploads\/2025\/11\/3066m20d.png","type":"image\/png"}],"twitter_card":"summary_large_image","twitter_misc":{"Est. reading time":"1 minute"},"schema":{"@context":"https:\/\/schema.org","@graph":[{"@type":"WebPage","@id":"https:\/\/autobarbosa.com\/en\/produto\/adaptador-306-macho-macho-9-16-20x150-aluminio-concave\/","url":"https:\/\/autobarbosa.com\/en\/produto\/adaptador-306-macho-macho-9-16-20x150-aluminio-concave\/","name":"ADAPTADOR 306 Macho\/ Macho - 9\/16 - 20X150 ALUMINIO CONCAVE - Auto Barbosa","isPartOf":{"@id":"https:\/\/autobarbosa.com\/en\/#website"},"datePublished":"2025-11-26T08:05:03+00:00","dateModified":"2026-04-17T07:04:38+00:00","breadcrumb":{"@id":"https:\/\/autobarbosa.com\/en\/produto\/adaptador-306-macho-macho-9-16-20x150-aluminio-concave\/#breadcrumb"},"inLanguage":"en-US","potentialAction":[{"@type":"ReadAction","target":["https:\/\/autobarbosa.com\/en\/produto\/adaptador-306-macho-macho-9-16-20x150-aluminio-concave\/"]}]},{"@type":"BreadcrumbList","@id":"https:\/\/autobarbosa.com\/en\/produto\/adaptador-306-macho-macho-9-16-20x150-aluminio-concave\/#breadcrumb","itemListElement":[{"@type":"ListItem","position":1,"name":"In\u00edcio","item":"https:\/\/autobarbosa.com\/en\/"},{"@type":"ListItem","position":2,"name":"Loja","item":"https:\/\/autobarbosa.com\/"},{"@type":"ListItem","position":3,"name":"ADAPTADOR 306 Macho\/ Macho &#8211; 9\/16 &#8211; 20X150 ALUMINIO CONCAVE"}]},{"@type":"WebSite","@id":"https:\/\/autobarbosa.com\/en\/#website","url":"https:\/\/autobarbosa.com\/en\/","name":"Auto Barbosa","description":"Site institucional","publisher":{"@id":"https:\/\/autobarbosa.com\/en\/#organization"},"potentialAction":[{"@type":"SearchAction","target":{"@type":"EntryPoint","urlTemplate":"https:\/\/autobarbosa.com\/en\/?s={search_term_string}"},"query-input":"required name=search_term_string"}],"inLanguage":"en-US"},{"@type":"Organization","@id":"https:\/\/autobarbosa.com\/en\/#organization","name":"Auto Barbosa","url":"https:\/\/autobarbosa.com\/en\/","logo":{"@type":"ImageObject","inLanguage":"en-US","@id":"https:\/\/autobarbosa.com\/en\/#\/schema\/logo\/image\/","url":"https:\/\/autobarbosa.com\/wp-content\/uploads\/2023\/03\/AUTO-BARBOSA-LOGO-1-e1678715539111.png","contentUrl":"https:\/\/autobarbosa.com\/wp-content\/uploads\/2023\/03\/AUTO-BARBOSA-LOGO-1-e1678715539111.png","width":3233,"height":3233,"caption":"Auto Barbosa"},"image":{"@id":"https:\/\/autobarbosa.com\/en\/#\/schema\/logo\/image\/"},"sameAs":["https:\/\/www.facebook.com\/autobarbosaoficina","https:\/\/www.instagram.com\/autobarbosa.oficina\/"]}]}},"_links":{"self":[{"href":"https:\/\/autobarbosa.com\/en\/wp-json\/wp\/v3\/product\/18205","targetHints":{"allow":["GET"]}}],"collection":[{"href":"https:\/\/autobarbosa.com\/en\/wp-json\/wp\/v3\/product"}],"about":[{"href":"https:\/\/autobarbosa.com\/en\/wp-json\/wp\/v2\/types\/product"}],"wp:featuredmedia":[{"embeddable":true,"href":"https:\/\/autobarbosa.com\/en\/wp-json\/wp\/v2\/media\/18201"}],"wp:attachment":[{"href":"https:\/\/autobarbosa.com\/en\/wp-json\/wp\/v2\/media?parent=18205"}],"wp:term":[{"taxonomy":"product_cat","embeddable":true,"href":"https:\/\/autobarbosa.com\/en\/wp-json\/wp\/v2\/product_cat?post=18205"},{"taxonomy":"product_tag","embeddable":true,"href":"https:\/\/autobarbosa.com\/en\/wp-json\/wp\/v2\/product_tag?post=18205"},{"taxonomy":"marca","embeddable":true,"href":"https:\/\/autobarbosa.com\/en\/wp-json\/wp\/v2\/marca?post=18205"}],"curies":[{"name":"wp","href":"https:\/\/api.w.org\/{rel}","templated":true}]}}