{"id":18517,"date":"2025-11-26T07:06:26","date_gmt":"2025-11-26T08:06:26","guid":{"rendered":"https:\/\/autobarbosa.com\/produto\/filtro-ar-green-cilindrico-h-150-d1-100-d2-140-d3-140-l4-15\/"},"modified":"2026-04-15T19:05:55","modified_gmt":"2026-04-15T19:05:55","slug":"filtro-ar-green-cilindrico-h-150-d1-100-d2-140-d3-140-l4-15","status":"publish","type":"product","link":"https:\/\/autobarbosa.com\/en\/produto\/filtro-ar-green-cilindrico-h-150-d1-100-d2-140-d3-140-l4-15\/","title":{"rendered":"FILTRO AR GREEN CILINDRICO &#8211; H-150 \/ D1-100 \/ D2 -140 \/D3-140 \/L4-15"},"content":{"rendered":"<p>Filtro de ar cil\u00edndrico universal GREEN FILTER \u00e2ngulo reto<br \/>\nEste filtro cil\u00edndrico reduz as perdas de press\u00e3o tanto pela passagem do ar pelo filtro original, mas tamb\u00e9m aquelas geradas pela parti\u00e7\u00e3o da origem da caixa de ar.<br \/>\nA sua filtragem de 360\u00b0 melhora a dire\u00e7\u00e3o do fluxo de ar em dire\u00e7\u00e3o ao motor.<\/p>\n<p>Diferentes di\u00e2metros dispon\u00edveis de 8 a 150 mm.<br \/>\nDiferentes comprimentos dispon\u00edveis de 37 a 250 mm.<br \/>\nConsulte a tabela para conhecer as caracter\u00edsticas do seu filtro.<\/p>\n<p>Caracter\u00edstica do atributo:<br \/>\nDi\u00e2metro interno: D<br \/>\nDi\u00e2metro: D2<br \/>\nComprimento: L<\/p>\n","protected":false},"excerpt":{"rendered":"<p>Filtro de ar cil\u00edndrico universal GREEN FILTER \u00e2ngulo reto<br \/>\nEste filtro cil\u00edndrico reduz as perdas de press\u00e3o tanto pela passagem do ar pelo filtro original, mas tamb\u00e9m aquelas geradas pela parti\u00e7\u00e3o da origem da caixa de ar.<br \/>\nA sua filtragem de 360\u00b0 melhora a dire\u00e7\u00e3o do fluxo de ar em dire\u00e7\u00e3o ao motor.<\/p>\n<p>Diferentes di\u00e2metros dispon\u00edveis de 8 a 150 mm.<br \/>\nDiferentes comprimentos dispon\u00edveis de 37 a 250 mm.<br \/>\nConsulte a tabela para conhecer as caracter\u00edsticas do seu filtro.<\/p>\n<p>Caracter\u00edstica do atributo:<br \/>\nDi\u00e2metro interno: D<br \/>\nDi\u00e2metro: D2<br \/>\nComprimento: L<\/p>\n","protected":false},"featured_media":18513,"template":"","meta":[],"product_cat":[479,514,525],"product_tag":[],"marca":[158],"class_list":["post-18517","product","type-product","status-publish","has-post-thumbnail","hentry","product_cat-viatura","product_cat-motor","product_cat-filtro-ar-acessorios","marca-green"],"yoast_head":"<!-- This site is optimized with the Yoast SEO plugin v20.5 - https:\/\/yoast.com\/wordpress\/plugins\/seo\/ -->\n<title>FILTRO AR GREEN CILINDRICO - H-150 \/ D1-100 \/ D2 -140 \/D3-140 \/L4-15 - Auto Barbosa<\/title>\n<meta name=\"robots\" content=\"index, follow, max-snippet:-1, max-image-preview:large, max-video-preview:-1\" \/>\n<link rel=\"canonical\" href=\"https:\/\/autobarbosa.com\/en\/produto\/filtro-ar-green-cilindrico-h-150-d1-100-d2-140-d3-140-l4-15\/\" \/>\n<meta property=\"og:locale\" content=\"en_US\" \/>\n<meta property=\"og:type\" content=\"article\" \/>\n<meta property=\"og:title\" content=\"FILTRO AR GREEN CILINDRICO - H-150 \/ D1-100 \/ D2 -140 \/D3-140 \/L4-15 - Auto Barbosa\" \/>\n<meta property=\"og:description\" content=\"Filtro de ar cil\u00edndrico universal GREEN FILTER \u00e2ngulo reto Este filtro cil\u00edndrico reduz as perdas de press\u00e3o tanto pela passagem do ar pelo filtro original, mas tamb\u00e9m aquelas geradas pela parti\u00e7\u00e3o da origem da caixa de ar. A sua filtragem de 360\u00b0 melhora a dire\u00e7\u00e3o do fluxo de ar em dire\u00e7\u00e3o ao motor.  Diferentes di\u00e2metros dispon\u00edveis de 8 a 150 mm. Diferentes comprimentos dispon\u00edveis de 37 a 250 mm. Consulte a tabela para conhecer as caracter\u00edsticas do seu filtro.  Caracter\u00edstica do atributo: Di\u00e2metro interno: D Di\u00e2metro: D2 Comprimento: L\" \/>\n<meta property=\"og:url\" content=\"https:\/\/autobarbosa.com\/en\/produto\/filtro-ar-green-cilindrico-h-150-d1-100-d2-140-d3-140-l4-15\/\" \/>\n<meta property=\"og:site_name\" content=\"Auto Barbosa\" \/>\n<meta property=\"article:publisher\" content=\"https:\/\/www.facebook.com\/autobarbosaoficina\" \/>\n<meta property=\"article:modified_time\" content=\"2026-04-15T19:05:55+00:00\" \/>\n<meta property=\"og:image\" content=\"https:\/\/autobarbosa.com\/wp-content\/uploads\/2025\/11\/451b1100.png\" \/>\n\t<meta property=\"og:image:width\" content=\"600\" \/>\n\t<meta property=\"og:image:height\" content=\"600\" \/>\n\t<meta property=\"og:image:type\" content=\"image\/png\" \/>\n<meta name=\"twitter:card\" content=\"summary_large_image\" \/>\n<script type=\"application\/ld+json\" class=\"yoast-schema-graph\">{\"@context\":\"https:\/\/schema.org\",\"@graph\":[{\"@type\":\"WebPage\",\"@id\":\"https:\/\/autobarbosa.com\/en\/produto\/filtro-ar-green-cilindrico-h-150-d1-100-d2-140-d3-140-l4-15\/\",\"url\":\"https:\/\/autobarbosa.com\/en\/produto\/filtro-ar-green-cilindrico-h-150-d1-100-d2-140-d3-140-l4-15\/\",\"name\":\"FILTRO AR GREEN CILINDRICO - H-150 \/ D1-100 \/ D2 -140 \/D3-140 \/L4-15 - Auto Barbosa\",\"isPartOf\":{\"@id\":\"https:\/\/autobarbosa.com\/en\/#website\"},\"datePublished\":\"2025-11-26T08:06:26+00:00\",\"dateModified\":\"2026-04-15T19:05:55+00:00\",\"breadcrumb\":{\"@id\":\"https:\/\/autobarbosa.com\/en\/produto\/filtro-ar-green-cilindrico-h-150-d1-100-d2-140-d3-140-l4-15\/#breadcrumb\"},\"inLanguage\":\"en-US\",\"potentialAction\":[{\"@type\":\"ReadAction\",\"target\":[\"https:\/\/autobarbosa.com\/en\/produto\/filtro-ar-green-cilindrico-h-150-d1-100-d2-140-d3-140-l4-15\/\"]}]},{\"@type\":\"BreadcrumbList\",\"@id\":\"https:\/\/autobarbosa.com\/en\/produto\/filtro-ar-green-cilindrico-h-150-d1-100-d2-140-d3-140-l4-15\/#breadcrumb\",\"itemListElement\":[{\"@type\":\"ListItem\",\"position\":1,\"name\":\"In\u00edcio\",\"item\":\"https:\/\/autobarbosa.com\/en\/\"},{\"@type\":\"ListItem\",\"position\":2,\"name\":\"Loja\",\"item\":\"https:\/\/autobarbosa.com\/\"},{\"@type\":\"ListItem\",\"position\":3,\"name\":\"FILTRO AR GREEN CILINDRICO &#8211; H-150 \/ D1-100 \/ D2 -140 \/D3-140 \/L4-15\"}]},{\"@type\":\"WebSite\",\"@id\":\"https:\/\/autobarbosa.com\/en\/#website\",\"url\":\"https:\/\/autobarbosa.com\/en\/\",\"name\":\"Auto Barbosa\",\"description\":\"Site institucional\",\"publisher\":{\"@id\":\"https:\/\/autobarbosa.com\/en\/#organization\"},\"potentialAction\":[{\"@type\":\"SearchAction\",\"target\":{\"@type\":\"EntryPoint\",\"urlTemplate\":\"https:\/\/autobarbosa.com\/en\/?s={search_term_string}\"},\"query-input\":\"required name=search_term_string\"}],\"inLanguage\":\"en-US\"},{\"@type\":\"Organization\",\"@id\":\"https:\/\/autobarbosa.com\/en\/#organization\",\"name\":\"Auto Barbosa\",\"url\":\"https:\/\/autobarbosa.com\/en\/\",\"logo\":{\"@type\":\"ImageObject\",\"inLanguage\":\"en-US\",\"@id\":\"https:\/\/autobarbosa.com\/en\/#\/schema\/logo\/image\/\",\"url\":\"https:\/\/autobarbosa.com\/wp-content\/uploads\/2023\/03\/AUTO-BARBOSA-LOGO-1-e1678715539111.png\",\"contentUrl\":\"https:\/\/autobarbosa.com\/wp-content\/uploads\/2023\/03\/AUTO-BARBOSA-LOGO-1-e1678715539111.png\",\"width\":3233,\"height\":3233,\"caption\":\"Auto Barbosa\"},\"image\":{\"@id\":\"https:\/\/autobarbosa.com\/en\/#\/schema\/logo\/image\/\"},\"sameAs\":[\"https:\/\/www.facebook.com\/autobarbosaoficina\",\"https:\/\/www.instagram.com\/autobarbosa.oficina\/\"]}]}<\/script>\n<!-- \/ Yoast SEO plugin. -->","yoast_head_json":{"title":"FILTRO AR GREEN CILINDRICO - H-150 \/ D1-100 \/ D2 -140 \/D3-140 \/L4-15 - Auto Barbosa","robots":{"index":"index","follow":"follow","max-snippet":"max-snippet:-1","max-image-preview":"max-image-preview:large","max-video-preview":"max-video-preview:-1"},"canonical":"https:\/\/autobarbosa.com\/en\/produto\/filtro-ar-green-cilindrico-h-150-d1-100-d2-140-d3-140-l4-15\/","og_locale":"en_US","og_type":"article","og_title":"FILTRO AR GREEN CILINDRICO - H-150 \/ D1-100 \/ D2 -140 \/D3-140 \/L4-15 - Auto Barbosa","og_description":"Filtro de ar cil\u00edndrico universal GREEN FILTER \u00e2ngulo reto Este filtro cil\u00edndrico reduz as perdas de press\u00e3o tanto pela passagem do ar pelo filtro original, mas tamb\u00e9m aquelas geradas pela parti\u00e7\u00e3o da origem da caixa de ar. A sua filtragem de 360\u00b0 melhora a dire\u00e7\u00e3o do fluxo de ar em dire\u00e7\u00e3o ao motor.  Diferentes di\u00e2metros dispon\u00edveis de 8 a 150 mm. Diferentes comprimentos dispon\u00edveis de 37 a 250 mm. Consulte a tabela para conhecer as caracter\u00edsticas do seu filtro.  Caracter\u00edstica do atributo: Di\u00e2metro interno: D Di\u00e2metro: D2 Comprimento: L","og_url":"https:\/\/autobarbosa.com\/en\/produto\/filtro-ar-green-cilindrico-h-150-d1-100-d2-140-d3-140-l4-15\/","og_site_name":"Auto Barbosa","article_publisher":"https:\/\/www.facebook.com\/autobarbosaoficina","article_modified_time":"2026-04-15T19:05:55+00:00","og_image":[{"width":600,"height":600,"url":"https:\/\/autobarbosa.com\/wp-content\/uploads\/2025\/11\/451b1100.png","type":"image\/png"}],"twitter_card":"summary_large_image","schema":{"@context":"https:\/\/schema.org","@graph":[{"@type":"WebPage","@id":"https:\/\/autobarbosa.com\/en\/produto\/filtro-ar-green-cilindrico-h-150-d1-100-d2-140-d3-140-l4-15\/","url":"https:\/\/autobarbosa.com\/en\/produto\/filtro-ar-green-cilindrico-h-150-d1-100-d2-140-d3-140-l4-15\/","name":"FILTRO AR GREEN CILINDRICO - H-150 \/ D1-100 \/ D2 -140 \/D3-140 \/L4-15 - Auto Barbosa","isPartOf":{"@id":"https:\/\/autobarbosa.com\/en\/#website"},"datePublished":"2025-11-26T08:06:26+00:00","dateModified":"2026-04-15T19:05:55+00:00","breadcrumb":{"@id":"https:\/\/autobarbosa.com\/en\/produto\/filtro-ar-green-cilindrico-h-150-d1-100-d2-140-d3-140-l4-15\/#breadcrumb"},"inLanguage":"en-US","potentialAction":[{"@type":"ReadAction","target":["https:\/\/autobarbosa.com\/en\/produto\/filtro-ar-green-cilindrico-h-150-d1-100-d2-140-d3-140-l4-15\/"]}]},{"@type":"BreadcrumbList","@id":"https:\/\/autobarbosa.com\/en\/produto\/filtro-ar-green-cilindrico-h-150-d1-100-d2-140-d3-140-l4-15\/#breadcrumb","itemListElement":[{"@type":"ListItem","position":1,"name":"In\u00edcio","item":"https:\/\/autobarbosa.com\/en\/"},{"@type":"ListItem","position":2,"name":"Loja","item":"https:\/\/autobarbosa.com\/"},{"@type":"ListItem","position":3,"name":"FILTRO AR GREEN CILINDRICO &#8211; H-150 \/ D1-100 \/ D2 -140 \/D3-140 \/L4-15"}]},{"@type":"WebSite","@id":"https:\/\/autobarbosa.com\/en\/#website","url":"https:\/\/autobarbosa.com\/en\/","name":"Auto Barbosa","description":"Site institucional","publisher":{"@id":"https:\/\/autobarbosa.com\/en\/#organization"},"potentialAction":[{"@type":"SearchAction","target":{"@type":"EntryPoint","urlTemplate":"https:\/\/autobarbosa.com\/en\/?s={search_term_string}"},"query-input":"required name=search_term_string"}],"inLanguage":"en-US"},{"@type":"Organization","@id":"https:\/\/autobarbosa.com\/en\/#organization","name":"Auto Barbosa","url":"https:\/\/autobarbosa.com\/en\/","logo":{"@type":"ImageObject","inLanguage":"en-US","@id":"https:\/\/autobarbosa.com\/en\/#\/schema\/logo\/image\/","url":"https:\/\/autobarbosa.com\/wp-content\/uploads\/2023\/03\/AUTO-BARBOSA-LOGO-1-e1678715539111.png","contentUrl":"https:\/\/autobarbosa.com\/wp-content\/uploads\/2023\/03\/AUTO-BARBOSA-LOGO-1-e1678715539111.png","width":3233,"height":3233,"caption":"Auto Barbosa"},"image":{"@id":"https:\/\/autobarbosa.com\/en\/#\/schema\/logo\/image\/"},"sameAs":["https:\/\/www.facebook.com\/autobarbosaoficina","https:\/\/www.instagram.com\/autobarbosa.oficina\/"]}]}},"_links":{"self":[{"href":"https:\/\/autobarbosa.com\/en\/wp-json\/wp\/v3\/product\/18517","targetHints":{"allow":["GET"]}}],"collection":[{"href":"https:\/\/autobarbosa.com\/en\/wp-json\/wp\/v3\/product"}],"about":[{"href":"https:\/\/autobarbosa.com\/en\/wp-json\/wp\/v2\/types\/product"}],"wp:featuredmedia":[{"embeddable":true,"href":"https:\/\/autobarbosa.com\/en\/wp-json\/wp\/v2\/media\/18513"}],"wp:attachment":[{"href":"https:\/\/autobarbosa.com\/en\/wp-json\/wp\/v2\/media?parent=18517"}],"wp:term":[{"taxonomy":"product_cat","embeddable":true,"href":"https:\/\/autobarbosa.com\/en\/wp-json\/wp\/v2\/product_cat?post=18517"},{"taxonomy":"product_tag","embeddable":true,"href":"https:\/\/autobarbosa.com\/en\/wp-json\/wp\/v2\/product_tag?post=18517"},{"taxonomy":"marca","embeddable":true,"href":"https:\/\/autobarbosa.com\/en\/wp-json\/wp\/v2\/marca?post=18517"}],"curies":[{"name":"wp","href":"https:\/\/api.w.org\/{rel}","templated":true}]}}