{"id":18565,"date":"2025-11-26T07:06:38","date_gmt":"2025-11-26T08:06:38","guid":{"rendered":"https:\/\/autobarbosa.com\/produto\/filtro-de-ar-green-conico-entrada-65mm-curva-25o-d2-75mm-l130mm\/"},"modified":"2026-04-22T07:05:48","modified_gmt":"2026-04-22T07:05:48","slug":"filtro-de-ar-green-conico-entrada-65mm-curva-25o-d2-75mm-l130mm","status":"publish","type":"product","link":"https:\/\/autobarbosa.com\/en\/produto\/filtro-de-ar-green-conico-entrada-65mm-curva-25o-d2-75mm-l130mm\/","title":{"rendered":"FILTRO DE AR GREEN  CONICO ENTRADA 65MM &#8211;  CURVA 25\u00ba D2- 75mm &#8211; L130mm"},"content":{"rendered":"<p>Filtro de Ar C\u00f4nico Universal GREEN FILTER com Entrada de 25\u00b0.<br \/>\nEste modelo c\u00f4nico universal padr\u00e3o ajuda a reduzir as perdas de press\u00e3o devido \u00e0 passagem de ar pelo filtro original.<br \/>\nEste filtro tamb\u00e9m reduz as perdas de press\u00e3o causadas pela divis\u00f3ria da caixa de ar e pelos dutos de admiss\u00e3o de ar da caixa.<br \/>\nSua filtragem de 360\u00b0 melhora a dire\u00e7\u00e3o do fluxo de ar em dire\u00e7\u00e3o ao motor.<br \/>\nN\u00edvel de entrada com \u00e2ngulo de 25\u00b0.<\/p>\n<p>Tamanhos dispon\u00edveis:<br \/>\n&#8211; D: 65 mm \/ D1: 100 mm \/ D2: 75 mm \/ C: 130 mm<br \/>\n&#8211; D: 65 mm \/ D1: 100 mm \/ D2: 75 mm \/ C: 150 mm<\/p>\n","protected":false},"excerpt":{"rendered":"<p>Filtro de Ar C\u00f4nico Universal GREEN FILTER com Entrada de 25\u00b0.<br \/>\nEste modelo c\u00f4nico universal padr\u00e3o ajuda a reduzir as perdas de press\u00e3o devido \u00e0 passagem de ar pelo filtro original.<br \/>\nEste filtro tamb\u00e9m reduz as perdas de press\u00e3o causadas pela divis\u00f3ria da caixa de ar e pelos dutos de admiss\u00e3o de ar da caixa.<br \/>\nSua filtragem de 360\u00b0 melhora a dire\u00e7\u00e3o do fluxo de ar em dire\u00e7\u00e3o ao motor.<br \/>\nN\u00edvel de entrada com \u00e2ngulo de 25\u00b0.<\/p>\n<p>Tamanhos dispon\u00edveis:<br \/>\n&#8211; D: 65 mm \/ D1: 100 mm \/ D2: 75 mm \/ C: 130 mm<br \/>\n&#8211; D: 65 mm \/ D1: 100 mm \/ D2: 75 mm \/ C: 150 mm<\/p>\n","protected":false},"featured_media":18561,"template":"","meta":[],"product_cat":[479,514,526],"product_tag":[],"marca":[158],"class_list":["post-18565","product","type-product","status-publish","has-post-thumbnail","hentry","product_cat-viatura","product_cat-motor","product_cat-admissao-ar","marca-green"],"yoast_head":"<!-- This site is optimized with the Yoast SEO plugin v20.5 - https:\/\/yoast.com\/wordpress\/plugins\/seo\/ -->\n<title>FILTRO DE AR GREEN CONICO ENTRADA 65MM - CURVA 25\u00ba D2- 75mm - L130mm - Auto Barbosa<\/title>\n<meta name=\"robots\" content=\"index, follow, max-snippet:-1, max-image-preview:large, max-video-preview:-1\" \/>\n<link rel=\"canonical\" href=\"https:\/\/autobarbosa.com\/en\/produto\/filtro-de-ar-green-conico-entrada-65mm-curva-25o-d2-75mm-l130mm\/\" \/>\n<meta property=\"og:locale\" content=\"en_US\" \/>\n<meta property=\"og:type\" content=\"article\" \/>\n<meta property=\"og:title\" content=\"FILTRO DE AR GREEN CONICO ENTRADA 65MM - CURVA 25\u00ba D2- 75mm - L130mm - Auto Barbosa\" \/>\n<meta property=\"og:description\" content=\"Filtro de Ar C\u00f4nico Universal GREEN FILTER com Entrada de 25\u00b0. Este modelo c\u00f4nico universal padr\u00e3o ajuda a reduzir as perdas de press\u00e3o devido \u00e0 passagem de ar pelo filtro original. Este filtro tamb\u00e9m reduz as perdas de press\u00e3o causadas pela divis\u00f3ria da caixa de ar e pelos dutos de admiss\u00e3o de ar da caixa. Sua filtragem de 360\u00b0 melhora a dire\u00e7\u00e3o do fluxo de ar em dire\u00e7\u00e3o ao motor. N\u00edvel de entrada com \u00e2ngulo de 25\u00b0.  Tamanhos dispon\u00edveis: - D: 65 mm \/ D1: 100 mm \/ D2: 75 mm \/ C: 130 mm - D: 65 mm \/ D1: 100 mm \/ D2: 75 mm \/ C: 150 mm\" \/>\n<meta property=\"og:url\" content=\"https:\/\/autobarbosa.com\/en\/produto\/filtro-de-ar-green-conico-entrada-65mm-curva-25o-d2-75mm-l130mm\/\" \/>\n<meta property=\"og:site_name\" content=\"Auto Barbosa\" \/>\n<meta property=\"article:publisher\" content=\"https:\/\/www.facebook.com\/autobarbosaoficina\" \/>\n<meta property=\"article:modified_time\" content=\"2026-04-22T07:05:48+00:00\" \/>\n<meta property=\"og:image\" content=\"https:\/\/autobarbosa.com\/wp-content\/uploads\/2025\/11\/451k865.png\" \/>\n\t<meta property=\"og:image:width\" content=\"600\" \/>\n\t<meta property=\"og:image:height\" content=\"600\" \/>\n\t<meta property=\"og:image:type\" content=\"image\/png\" \/>\n<meta name=\"twitter:card\" content=\"summary_large_image\" \/>\n<meta name=\"twitter:label1\" content=\"Est. reading time\" \/>\n\t<meta name=\"twitter:data1\" content=\"1 minute\" \/>\n<script type=\"application\/ld+json\" class=\"yoast-schema-graph\">{\"@context\":\"https:\/\/schema.org\",\"@graph\":[{\"@type\":\"WebPage\",\"@id\":\"https:\/\/autobarbosa.com\/en\/produto\/filtro-de-ar-green-conico-entrada-65mm-curva-25o-d2-75mm-l130mm\/\",\"url\":\"https:\/\/autobarbosa.com\/en\/produto\/filtro-de-ar-green-conico-entrada-65mm-curva-25o-d2-75mm-l130mm\/\",\"name\":\"FILTRO DE AR GREEN CONICO ENTRADA 65MM - CURVA 25\u00ba D2- 75mm - L130mm - Auto Barbosa\",\"isPartOf\":{\"@id\":\"https:\/\/autobarbosa.com\/en\/#website\"},\"datePublished\":\"2025-11-26T08:06:38+00:00\",\"dateModified\":\"2026-04-22T07:05:48+00:00\",\"breadcrumb\":{\"@id\":\"https:\/\/autobarbosa.com\/en\/produto\/filtro-de-ar-green-conico-entrada-65mm-curva-25o-d2-75mm-l130mm\/#breadcrumb\"},\"inLanguage\":\"en-US\",\"potentialAction\":[{\"@type\":\"ReadAction\",\"target\":[\"https:\/\/autobarbosa.com\/en\/produto\/filtro-de-ar-green-conico-entrada-65mm-curva-25o-d2-75mm-l130mm\/\"]}]},{\"@type\":\"BreadcrumbList\",\"@id\":\"https:\/\/autobarbosa.com\/en\/produto\/filtro-de-ar-green-conico-entrada-65mm-curva-25o-d2-75mm-l130mm\/#breadcrumb\",\"itemListElement\":[{\"@type\":\"ListItem\",\"position\":1,\"name\":\"In\u00edcio\",\"item\":\"https:\/\/autobarbosa.com\/en\/\"},{\"@type\":\"ListItem\",\"position\":2,\"name\":\"Loja\",\"item\":\"https:\/\/autobarbosa.com\/\"},{\"@type\":\"ListItem\",\"position\":3,\"name\":\"FILTRO DE AR GREEN CONICO ENTRADA 65MM &#8211; CURVA 25\u00ba D2- 75mm &#8211; L130mm\"}]},{\"@type\":\"WebSite\",\"@id\":\"https:\/\/autobarbosa.com\/en\/#website\",\"url\":\"https:\/\/autobarbosa.com\/en\/\",\"name\":\"Auto Barbosa\",\"description\":\"Site institucional\",\"publisher\":{\"@id\":\"https:\/\/autobarbosa.com\/en\/#organization\"},\"potentialAction\":[{\"@type\":\"SearchAction\",\"target\":{\"@type\":\"EntryPoint\",\"urlTemplate\":\"https:\/\/autobarbosa.com\/en\/?s={search_term_string}\"},\"query-input\":\"required name=search_term_string\"}],\"inLanguage\":\"en-US\"},{\"@type\":\"Organization\",\"@id\":\"https:\/\/autobarbosa.com\/en\/#organization\",\"name\":\"Auto Barbosa\",\"url\":\"https:\/\/autobarbosa.com\/en\/\",\"logo\":{\"@type\":\"ImageObject\",\"inLanguage\":\"en-US\",\"@id\":\"https:\/\/autobarbosa.com\/en\/#\/schema\/logo\/image\/\",\"url\":\"https:\/\/autobarbosa.com\/wp-content\/uploads\/2023\/03\/AUTO-BARBOSA-LOGO-1-e1678715539111.png\",\"contentUrl\":\"https:\/\/autobarbosa.com\/wp-content\/uploads\/2023\/03\/AUTO-BARBOSA-LOGO-1-e1678715539111.png\",\"width\":3233,\"height\":3233,\"caption\":\"Auto Barbosa\"},\"image\":{\"@id\":\"https:\/\/autobarbosa.com\/en\/#\/schema\/logo\/image\/\"},\"sameAs\":[\"https:\/\/www.facebook.com\/autobarbosaoficina\",\"https:\/\/www.instagram.com\/autobarbosa.oficina\/\"]}]}<\/script>\n<!-- \/ Yoast SEO plugin. -->","yoast_head_json":{"title":"FILTRO DE AR GREEN CONICO ENTRADA 65MM - CURVA 25\u00ba D2- 75mm - L130mm - Auto Barbosa","robots":{"index":"index","follow":"follow","max-snippet":"max-snippet:-1","max-image-preview":"max-image-preview:large","max-video-preview":"max-video-preview:-1"},"canonical":"https:\/\/autobarbosa.com\/en\/produto\/filtro-de-ar-green-conico-entrada-65mm-curva-25o-d2-75mm-l130mm\/","og_locale":"en_US","og_type":"article","og_title":"FILTRO DE AR GREEN CONICO ENTRADA 65MM - CURVA 25\u00ba D2- 75mm - L130mm - Auto Barbosa","og_description":"Filtro de Ar C\u00f4nico Universal GREEN FILTER com Entrada de 25\u00b0. Este modelo c\u00f4nico universal padr\u00e3o ajuda a reduzir as perdas de press\u00e3o devido \u00e0 passagem de ar pelo filtro original. Este filtro tamb\u00e9m reduz as perdas de press\u00e3o causadas pela divis\u00f3ria da caixa de ar e pelos dutos de admiss\u00e3o de ar da caixa. Sua filtragem de 360\u00b0 melhora a dire\u00e7\u00e3o do fluxo de ar em dire\u00e7\u00e3o ao motor. N\u00edvel de entrada com \u00e2ngulo de 25\u00b0.  Tamanhos dispon\u00edveis: - D: 65 mm \/ D1: 100 mm \/ D2: 75 mm \/ C: 130 mm - D: 65 mm \/ D1: 100 mm \/ D2: 75 mm \/ C: 150 mm","og_url":"https:\/\/autobarbosa.com\/en\/produto\/filtro-de-ar-green-conico-entrada-65mm-curva-25o-d2-75mm-l130mm\/","og_site_name":"Auto Barbosa","article_publisher":"https:\/\/www.facebook.com\/autobarbosaoficina","article_modified_time":"2026-04-22T07:05:48+00:00","og_image":[{"width":600,"height":600,"url":"https:\/\/autobarbosa.com\/wp-content\/uploads\/2025\/11\/451k865.png","type":"image\/png"}],"twitter_card":"summary_large_image","twitter_misc":{"Est. reading time":"1 minute"},"schema":{"@context":"https:\/\/schema.org","@graph":[{"@type":"WebPage","@id":"https:\/\/autobarbosa.com\/en\/produto\/filtro-de-ar-green-conico-entrada-65mm-curva-25o-d2-75mm-l130mm\/","url":"https:\/\/autobarbosa.com\/en\/produto\/filtro-de-ar-green-conico-entrada-65mm-curva-25o-d2-75mm-l130mm\/","name":"FILTRO DE AR GREEN CONICO ENTRADA 65MM - CURVA 25\u00ba D2- 75mm - L130mm - Auto Barbosa","isPartOf":{"@id":"https:\/\/autobarbosa.com\/en\/#website"},"datePublished":"2025-11-26T08:06:38+00:00","dateModified":"2026-04-22T07:05:48+00:00","breadcrumb":{"@id":"https:\/\/autobarbosa.com\/en\/produto\/filtro-de-ar-green-conico-entrada-65mm-curva-25o-d2-75mm-l130mm\/#breadcrumb"},"inLanguage":"en-US","potentialAction":[{"@type":"ReadAction","target":["https:\/\/autobarbosa.com\/en\/produto\/filtro-de-ar-green-conico-entrada-65mm-curva-25o-d2-75mm-l130mm\/"]}]},{"@type":"BreadcrumbList","@id":"https:\/\/autobarbosa.com\/en\/produto\/filtro-de-ar-green-conico-entrada-65mm-curva-25o-d2-75mm-l130mm\/#breadcrumb","itemListElement":[{"@type":"ListItem","position":1,"name":"In\u00edcio","item":"https:\/\/autobarbosa.com\/en\/"},{"@type":"ListItem","position":2,"name":"Loja","item":"https:\/\/autobarbosa.com\/"},{"@type":"ListItem","position":3,"name":"FILTRO DE AR GREEN CONICO ENTRADA 65MM &#8211; CURVA 25\u00ba D2- 75mm &#8211; L130mm"}]},{"@type":"WebSite","@id":"https:\/\/autobarbosa.com\/en\/#website","url":"https:\/\/autobarbosa.com\/en\/","name":"Auto Barbosa","description":"Site institucional","publisher":{"@id":"https:\/\/autobarbosa.com\/en\/#organization"},"potentialAction":[{"@type":"SearchAction","target":{"@type":"EntryPoint","urlTemplate":"https:\/\/autobarbosa.com\/en\/?s={search_term_string}"},"query-input":"required name=search_term_string"}],"inLanguage":"en-US"},{"@type":"Organization","@id":"https:\/\/autobarbosa.com\/en\/#organization","name":"Auto Barbosa","url":"https:\/\/autobarbosa.com\/en\/","logo":{"@type":"ImageObject","inLanguage":"en-US","@id":"https:\/\/autobarbosa.com\/en\/#\/schema\/logo\/image\/","url":"https:\/\/autobarbosa.com\/wp-content\/uploads\/2023\/03\/AUTO-BARBOSA-LOGO-1-e1678715539111.png","contentUrl":"https:\/\/autobarbosa.com\/wp-content\/uploads\/2023\/03\/AUTO-BARBOSA-LOGO-1-e1678715539111.png","width":3233,"height":3233,"caption":"Auto Barbosa"},"image":{"@id":"https:\/\/autobarbosa.com\/en\/#\/schema\/logo\/image\/"},"sameAs":["https:\/\/www.facebook.com\/autobarbosaoficina","https:\/\/www.instagram.com\/autobarbosa.oficina\/"]}]}},"_links":{"self":[{"href":"https:\/\/autobarbosa.com\/en\/wp-json\/wp\/v3\/product\/18565","targetHints":{"allow":["GET"]}}],"collection":[{"href":"https:\/\/autobarbosa.com\/en\/wp-json\/wp\/v3\/product"}],"about":[{"href":"https:\/\/autobarbosa.com\/en\/wp-json\/wp\/v2\/types\/product"}],"wp:featuredmedia":[{"embeddable":true,"href":"https:\/\/autobarbosa.com\/en\/wp-json\/wp\/v2\/media\/18561"}],"wp:attachment":[{"href":"https:\/\/autobarbosa.com\/en\/wp-json\/wp\/v2\/media?parent=18565"}],"wp:term":[{"taxonomy":"product_cat","embeddable":true,"href":"https:\/\/autobarbosa.com\/en\/wp-json\/wp\/v2\/product_cat?post=18565"},{"taxonomy":"product_tag","embeddable":true,"href":"https:\/\/autobarbosa.com\/en\/wp-json\/wp\/v2\/product_tag?post=18565"},{"taxonomy":"marca","embeddable":true,"href":"https:\/\/autobarbosa.com\/en\/wp-json\/wp\/v2\/marca?post=18565"}],"curies":[{"name":"wp","href":"https:\/\/api.w.org\/{rel}","templated":true}]}}