{"id":18869,"date":"2025-11-26T07:08:02","date_gmt":"2025-11-26T08:08:02","guid":{"rendered":"https:\/\/autobarbosa.com\/produto\/kit-de-intercomunicadores-stilo-trophy-p-capacete-aberto\/"},"modified":"2026-04-19T19:07:20","modified_gmt":"2026-04-19T19:07:20","slug":"kit-de-intercomunicadores-stilo-trophy-p-capacete-aberto","status":"publish","type":"product","link":"https:\/\/autobarbosa.com\/en\/produto\/kit-de-intercomunicadores-stilo-trophy-p-capacete-aberto\/","title":{"rendered":"KIT DE INTERCOMUNICADORES STILO TROPHY P\/ CAPACETE ABERTO"},"content":{"rendered":"<p>Microfone + fones de ouvido para capacete STILO jet para r\u00e1dio Trophy<br \/>\nCaracter\u00edsticas deste kit:<br \/>\nAlto-falantes extraplanos<br \/>\nMicrofone magn\u00e9tico din\u00e2mico com redu\u00e7\u00e3o de ru\u00eddo ambiente<br \/>\nBra\u00e7o flex\u00edvel com<br \/>\nconector de microfone<br \/>\nEste kit foi projetado para o r\u00e1dio STILO Trophy.<\/p>\n","protected":false},"excerpt":{"rendered":"<p>Microfone + fones de ouvido para capacete STILO jet para r\u00e1dio Trophy<br \/>\nCaracter\u00edsticas deste kit:<br \/>\nAlto-falantes extraplanos<br \/>\nMicrofone magn\u00e9tico din\u00e2mico com redu\u00e7\u00e3o de ru\u00eddo ambiente<br \/>\nBra\u00e7o flex\u00edvel com<br \/>\nconector de microfone<br \/>\nEste kit foi projetado para o r\u00e1dio STILO Trophy.<\/p>\n","protected":false},"featured_media":18865,"template":"","meta":[],"product_cat":[528,529],"product_tag":[],"marca":[160],"class_list":["post-18869","product","type-product","status-publish","has-post-thumbnail","hentry","product_cat-piloto","product_cat-centralinas-intercomunicadores","marca-stilo"],"yoast_head":"<!-- This site is optimized with the Yoast SEO plugin v20.5 - https:\/\/yoast.com\/wordpress\/plugins\/seo\/ -->\n<title>KIT DE INTERCOMUNICADORES STILO TROPHY P\/ CAPACETE ABERTO - Auto Barbosa<\/title>\n<meta name=\"robots\" content=\"index, follow, max-snippet:-1, max-image-preview:large, max-video-preview:-1\" \/>\n<link rel=\"canonical\" href=\"https:\/\/autobarbosa.com\/en\/produto\/kit-de-intercomunicadores-stilo-trophy-p-capacete-aberto\/\" \/>\n<meta property=\"og:locale\" content=\"en_US\" \/>\n<meta property=\"og:type\" content=\"article\" \/>\n<meta property=\"og:title\" content=\"KIT DE INTERCOMUNICADORES STILO TROPHY P\/ CAPACETE ABERTO - Auto Barbosa\" \/>\n<meta property=\"og:description\" content=\"Microfone + fones de ouvido para capacete STILO jet para r\u00e1dio Trophy Caracter\u00edsticas deste kit: Alto-falantes extraplanos Microfone magn\u00e9tico din\u00e2mico com redu\u00e7\u00e3o de ru\u00eddo ambiente Bra\u00e7o flex\u00edvel com conector de microfone Este kit foi projetado para o r\u00e1dio STILO Trophy.\" \/>\n<meta property=\"og:url\" content=\"https:\/\/autobarbosa.com\/en\/produto\/kit-de-intercomunicadores-stilo-trophy-p-capacete-aberto\/\" \/>\n<meta property=\"og:site_name\" content=\"Auto Barbosa\" \/>\n<meta property=\"article:publisher\" content=\"https:\/\/www.facebook.com\/autobarbosaoficina\" \/>\n<meta property=\"article:modified_time\" content=\"2026-04-19T19:07:20+00:00\" \/>\n<meta property=\"og:image\" content=\"https:\/\/autobarbosa.com\/wp-content\/uploads\/2025\/11\/607321.png\" \/>\n\t<meta property=\"og:image:width\" content=\"800\" \/>\n\t<meta property=\"og:image:height\" content=\"800\" \/>\n\t<meta property=\"og:image:type\" content=\"image\/png\" \/>\n<meta name=\"twitter:card\" content=\"summary_large_image\" \/>\n<script type=\"application\/ld+json\" class=\"yoast-schema-graph\">{\"@context\":\"https:\/\/schema.org\",\"@graph\":[{\"@type\":\"WebPage\",\"@id\":\"https:\/\/autobarbosa.com\/en\/produto\/kit-de-intercomunicadores-stilo-trophy-p-capacete-aberto\/\",\"url\":\"https:\/\/autobarbosa.com\/en\/produto\/kit-de-intercomunicadores-stilo-trophy-p-capacete-aberto\/\",\"name\":\"KIT DE INTERCOMUNICADORES STILO TROPHY P\/ CAPACETE ABERTO - Auto Barbosa\",\"isPartOf\":{\"@id\":\"https:\/\/autobarbosa.com\/en\/#website\"},\"datePublished\":\"2025-11-26T08:08:02+00:00\",\"dateModified\":\"2026-04-19T19:07:20+00:00\",\"breadcrumb\":{\"@id\":\"https:\/\/autobarbosa.com\/en\/produto\/kit-de-intercomunicadores-stilo-trophy-p-capacete-aberto\/#breadcrumb\"},\"inLanguage\":\"en-US\",\"potentialAction\":[{\"@type\":\"ReadAction\",\"target\":[\"https:\/\/autobarbosa.com\/en\/produto\/kit-de-intercomunicadores-stilo-trophy-p-capacete-aberto\/\"]}]},{\"@type\":\"BreadcrumbList\",\"@id\":\"https:\/\/autobarbosa.com\/en\/produto\/kit-de-intercomunicadores-stilo-trophy-p-capacete-aberto\/#breadcrumb\",\"itemListElement\":[{\"@type\":\"ListItem\",\"position\":1,\"name\":\"In\u00edcio\",\"item\":\"https:\/\/autobarbosa.com\/en\/\"},{\"@type\":\"ListItem\",\"position\":2,\"name\":\"Loja\",\"item\":\"https:\/\/autobarbosa.com\/\"},{\"@type\":\"ListItem\",\"position\":3,\"name\":\"KIT DE INTERCOMUNICADORES STILO TROPHY P\/ CAPACETE ABERTO\"}]},{\"@type\":\"WebSite\",\"@id\":\"https:\/\/autobarbosa.com\/en\/#website\",\"url\":\"https:\/\/autobarbosa.com\/en\/\",\"name\":\"Auto Barbosa\",\"description\":\"Site institucional\",\"publisher\":{\"@id\":\"https:\/\/autobarbosa.com\/en\/#organization\"},\"potentialAction\":[{\"@type\":\"SearchAction\",\"target\":{\"@type\":\"EntryPoint\",\"urlTemplate\":\"https:\/\/autobarbosa.com\/en\/?s={search_term_string}\"},\"query-input\":\"required name=search_term_string\"}],\"inLanguage\":\"en-US\"},{\"@type\":\"Organization\",\"@id\":\"https:\/\/autobarbosa.com\/en\/#organization\",\"name\":\"Auto Barbosa\",\"url\":\"https:\/\/autobarbosa.com\/en\/\",\"logo\":{\"@type\":\"ImageObject\",\"inLanguage\":\"en-US\",\"@id\":\"https:\/\/autobarbosa.com\/en\/#\/schema\/logo\/image\/\",\"url\":\"https:\/\/autobarbosa.com\/wp-content\/uploads\/2023\/03\/AUTO-BARBOSA-LOGO-1-e1678715539111.png\",\"contentUrl\":\"https:\/\/autobarbosa.com\/wp-content\/uploads\/2023\/03\/AUTO-BARBOSA-LOGO-1-e1678715539111.png\",\"width\":3233,\"height\":3233,\"caption\":\"Auto Barbosa\"},\"image\":{\"@id\":\"https:\/\/autobarbosa.com\/en\/#\/schema\/logo\/image\/\"},\"sameAs\":[\"https:\/\/www.facebook.com\/autobarbosaoficina\",\"https:\/\/www.instagram.com\/autobarbosa.oficina\/\"]}]}<\/script>\n<!-- \/ Yoast SEO plugin. -->","yoast_head_json":{"title":"KIT DE INTERCOMUNICADORES STILO TROPHY P\/ CAPACETE ABERTO - Auto Barbosa","robots":{"index":"index","follow":"follow","max-snippet":"max-snippet:-1","max-image-preview":"max-image-preview:large","max-video-preview":"max-video-preview:-1"},"canonical":"https:\/\/autobarbosa.com\/en\/produto\/kit-de-intercomunicadores-stilo-trophy-p-capacete-aberto\/","og_locale":"en_US","og_type":"article","og_title":"KIT DE INTERCOMUNICADORES STILO TROPHY P\/ CAPACETE ABERTO - Auto Barbosa","og_description":"Microfone + fones de ouvido para capacete STILO jet para r\u00e1dio Trophy Caracter\u00edsticas deste kit: Alto-falantes extraplanos Microfone magn\u00e9tico din\u00e2mico com redu\u00e7\u00e3o de ru\u00eddo ambiente Bra\u00e7o flex\u00edvel com conector de microfone Este kit foi projetado para o r\u00e1dio STILO Trophy.","og_url":"https:\/\/autobarbosa.com\/en\/produto\/kit-de-intercomunicadores-stilo-trophy-p-capacete-aberto\/","og_site_name":"Auto Barbosa","article_publisher":"https:\/\/www.facebook.com\/autobarbosaoficina","article_modified_time":"2026-04-19T19:07:20+00:00","og_image":[{"width":800,"height":800,"url":"https:\/\/autobarbosa.com\/wp-content\/uploads\/2025\/11\/607321.png","type":"image\/png"}],"twitter_card":"summary_large_image","schema":{"@context":"https:\/\/schema.org","@graph":[{"@type":"WebPage","@id":"https:\/\/autobarbosa.com\/en\/produto\/kit-de-intercomunicadores-stilo-trophy-p-capacete-aberto\/","url":"https:\/\/autobarbosa.com\/en\/produto\/kit-de-intercomunicadores-stilo-trophy-p-capacete-aberto\/","name":"KIT DE INTERCOMUNICADORES STILO TROPHY P\/ CAPACETE ABERTO - Auto Barbosa","isPartOf":{"@id":"https:\/\/autobarbosa.com\/en\/#website"},"datePublished":"2025-11-26T08:08:02+00:00","dateModified":"2026-04-19T19:07:20+00:00","breadcrumb":{"@id":"https:\/\/autobarbosa.com\/en\/produto\/kit-de-intercomunicadores-stilo-trophy-p-capacete-aberto\/#breadcrumb"},"inLanguage":"en-US","potentialAction":[{"@type":"ReadAction","target":["https:\/\/autobarbosa.com\/en\/produto\/kit-de-intercomunicadores-stilo-trophy-p-capacete-aberto\/"]}]},{"@type":"BreadcrumbList","@id":"https:\/\/autobarbosa.com\/en\/produto\/kit-de-intercomunicadores-stilo-trophy-p-capacete-aberto\/#breadcrumb","itemListElement":[{"@type":"ListItem","position":1,"name":"In\u00edcio","item":"https:\/\/autobarbosa.com\/en\/"},{"@type":"ListItem","position":2,"name":"Loja","item":"https:\/\/autobarbosa.com\/"},{"@type":"ListItem","position":3,"name":"KIT DE INTERCOMUNICADORES STILO TROPHY P\/ CAPACETE ABERTO"}]},{"@type":"WebSite","@id":"https:\/\/autobarbosa.com\/en\/#website","url":"https:\/\/autobarbosa.com\/en\/","name":"Auto Barbosa","description":"Site institucional","publisher":{"@id":"https:\/\/autobarbosa.com\/en\/#organization"},"potentialAction":[{"@type":"SearchAction","target":{"@type":"EntryPoint","urlTemplate":"https:\/\/autobarbosa.com\/en\/?s={search_term_string}"},"query-input":"required name=search_term_string"}],"inLanguage":"en-US"},{"@type":"Organization","@id":"https:\/\/autobarbosa.com\/en\/#organization","name":"Auto Barbosa","url":"https:\/\/autobarbosa.com\/en\/","logo":{"@type":"ImageObject","inLanguage":"en-US","@id":"https:\/\/autobarbosa.com\/en\/#\/schema\/logo\/image\/","url":"https:\/\/autobarbosa.com\/wp-content\/uploads\/2023\/03\/AUTO-BARBOSA-LOGO-1-e1678715539111.png","contentUrl":"https:\/\/autobarbosa.com\/wp-content\/uploads\/2023\/03\/AUTO-BARBOSA-LOGO-1-e1678715539111.png","width":3233,"height":3233,"caption":"Auto Barbosa"},"image":{"@id":"https:\/\/autobarbosa.com\/en\/#\/schema\/logo\/image\/"},"sameAs":["https:\/\/www.facebook.com\/autobarbosaoficina","https:\/\/www.instagram.com\/autobarbosa.oficina\/"]}]}},"_links":{"self":[{"href":"https:\/\/autobarbosa.com\/en\/wp-json\/wp\/v3\/product\/18869","targetHints":{"allow":["GET"]}}],"collection":[{"href":"https:\/\/autobarbosa.com\/en\/wp-json\/wp\/v3\/product"}],"about":[{"href":"https:\/\/autobarbosa.com\/en\/wp-json\/wp\/v2\/types\/product"}],"wp:featuredmedia":[{"embeddable":true,"href":"https:\/\/autobarbosa.com\/en\/wp-json\/wp\/v2\/media\/18865"}],"wp:attachment":[{"href":"https:\/\/autobarbosa.com\/en\/wp-json\/wp\/v2\/media?parent=18869"}],"wp:term":[{"taxonomy":"product_cat","embeddable":true,"href":"https:\/\/autobarbosa.com\/en\/wp-json\/wp\/v2\/product_cat?post=18869"},{"taxonomy":"product_tag","embeddable":true,"href":"https:\/\/autobarbosa.com\/en\/wp-json\/wp\/v2\/product_tag?post=18869"},{"taxonomy":"marca","embeddable":true,"href":"https:\/\/autobarbosa.com\/en\/wp-json\/wp\/v2\/marca?post=18869"}],"curies":[{"name":"wp","href":"https:\/\/api.w.org\/{rel}","templated":true}]}}