{"id":18885,"date":"2025-11-26T07:08:06","date_gmt":"2025-11-26T08:08:06","guid":{"rendered":"https:\/\/autobarbosa.com\/produto\/centralina-stilo-wrc-9v\/"},"modified":"2026-04-19T19:07:25","modified_gmt":"2026-04-19T19:07:25","slug":"centralina-stilo-wrc-9v","status":"publish","type":"product","link":"https:\/\/autobarbosa.com\/en\/produto\/centralina-stilo-wrc-9v\/","title":{"rendered":"CENTRALINA STILO WRC  9V"},"content":{"rendered":"<p>\u00e1dio STILO WRC 03<\/p>\n<p>Controles de volume separados para motorista e copiloto.<br \/>\nSistema LED ON\/OFF.<br \/>\nConex\u00e3o para r\u00e1dio ou c\u00e2mera.<br \/>\nEspecialmente projetado para ser fixado no arco.<br \/>\nFonte de alimenta\u00e7\u00e3o 9V (bateria interna) ou 12V (opcional).<br \/>\nSa\u00edda de \u00e1udio.<\/p>\n<p>\u00c9 poss\u00edvel alimentar este r\u00e1dio com 12 volts com o adaptador refer\u00eancia 607803.<\/p>\n","protected":false},"excerpt":{"rendered":"<p>\u00e1dio STILO WRC 03<\/p>\n<p>Controles de volume separados para motorista e copiloto.<br \/>\nSistema LED ON\/OFF.<br \/>\nConex\u00e3o para r\u00e1dio ou c\u00e2mera.<br \/>\nEspecialmente projetado para ser fixado no arco.<br \/>\nFonte de alimenta\u00e7\u00e3o 9V (bateria interna) ou 12V (opcional).<br \/>\nSa\u00edda de \u00e1udio.<\/p>\n<p>\u00c9 poss\u00edvel alimentar este r\u00e1dio com 12 volts com o adaptador refer\u00eancia 607803.<\/p>\n","protected":false},"featured_media":18881,"template":"","meta":[],"product_cat":[528,529],"product_tag":[],"marca":[160],"class_list":["post-18885","product","type-product","status-publish","has-post-thumbnail","hentry","product_cat-piloto","product_cat-centralinas-intercomunicadores","marca-stilo"],"yoast_head":"<!-- This site is optimized with the Yoast SEO plugin v20.5 - https:\/\/yoast.com\/wordpress\/plugins\/seo\/ -->\n<title>CENTRALINA STILO WRC 9V - Auto Barbosa<\/title>\n<meta name=\"robots\" content=\"index, follow, max-snippet:-1, max-image-preview:large, max-video-preview:-1\" \/>\n<link rel=\"canonical\" href=\"https:\/\/autobarbosa.com\/en\/produto\/centralina-stilo-wrc-9v\/\" \/>\n<meta property=\"og:locale\" content=\"en_US\" \/>\n<meta property=\"og:type\" content=\"article\" \/>\n<meta property=\"og:title\" content=\"CENTRALINA STILO WRC 9V - Auto Barbosa\" \/>\n<meta property=\"og:description\" content=\"\u00e1dio STILO WRC 03  Controles de volume separados para motorista e copiloto. Sistema LED ON\/OFF. Conex\u00e3o para r\u00e1dio ou c\u00e2mera. Especialmente projetado para ser fixado no arco. Fonte de alimenta\u00e7\u00e3o 9V (bateria interna) ou 12V (opcional). Sa\u00edda de \u00e1udio.  \u00c9 poss\u00edvel alimentar este r\u00e1dio com 12 volts com o adaptador refer\u00eancia 607803.\" \/>\n<meta property=\"og:url\" content=\"https:\/\/autobarbosa.com\/en\/produto\/centralina-stilo-wrc-9v\/\" \/>\n<meta property=\"og:site_name\" content=\"Auto Barbosa\" \/>\n<meta property=\"article:publisher\" content=\"https:\/\/www.facebook.com\/autobarbosaoficina\" \/>\n<meta property=\"article:modified_time\" content=\"2026-04-19T19:07:25+00:00\" \/>\n<meta property=\"og:image\" content=\"https:\/\/autobarbosa.com\/wp-content\/uploads\/2025\/11\/607511.png\" \/>\n\t<meta property=\"og:image:width\" content=\"800\" \/>\n\t<meta property=\"og:image:height\" content=\"800\" \/>\n\t<meta property=\"og:image:type\" content=\"image\/png\" \/>\n<meta name=\"twitter:card\" content=\"summary_large_image\" \/>\n<script type=\"application\/ld+json\" class=\"yoast-schema-graph\">{\"@context\":\"https:\/\/schema.org\",\"@graph\":[{\"@type\":\"WebPage\",\"@id\":\"https:\/\/autobarbosa.com\/en\/produto\/centralina-stilo-wrc-9v\/\",\"url\":\"https:\/\/autobarbosa.com\/en\/produto\/centralina-stilo-wrc-9v\/\",\"name\":\"CENTRALINA STILO WRC 9V - Auto Barbosa\",\"isPartOf\":{\"@id\":\"https:\/\/autobarbosa.com\/en\/#website\"},\"datePublished\":\"2025-11-26T08:08:06+00:00\",\"dateModified\":\"2026-04-19T19:07:25+00:00\",\"breadcrumb\":{\"@id\":\"https:\/\/autobarbosa.com\/en\/produto\/centralina-stilo-wrc-9v\/#breadcrumb\"},\"inLanguage\":\"en-US\",\"potentialAction\":[{\"@type\":\"ReadAction\",\"target\":[\"https:\/\/autobarbosa.com\/en\/produto\/centralina-stilo-wrc-9v\/\"]}]},{\"@type\":\"BreadcrumbList\",\"@id\":\"https:\/\/autobarbosa.com\/en\/produto\/centralina-stilo-wrc-9v\/#breadcrumb\",\"itemListElement\":[{\"@type\":\"ListItem\",\"position\":1,\"name\":\"In\u00edcio\",\"item\":\"https:\/\/autobarbosa.com\/en\/\"},{\"@type\":\"ListItem\",\"position\":2,\"name\":\"Loja\",\"item\":\"https:\/\/autobarbosa.com\/\"},{\"@type\":\"ListItem\",\"position\":3,\"name\":\"CENTRALINA STILO WRC 9V\"}]},{\"@type\":\"WebSite\",\"@id\":\"https:\/\/autobarbosa.com\/en\/#website\",\"url\":\"https:\/\/autobarbosa.com\/en\/\",\"name\":\"Auto Barbosa\",\"description\":\"Site institucional\",\"publisher\":{\"@id\":\"https:\/\/autobarbosa.com\/en\/#organization\"},\"potentialAction\":[{\"@type\":\"SearchAction\",\"target\":{\"@type\":\"EntryPoint\",\"urlTemplate\":\"https:\/\/autobarbosa.com\/en\/?s={search_term_string}\"},\"query-input\":\"required name=search_term_string\"}],\"inLanguage\":\"en-US\"},{\"@type\":\"Organization\",\"@id\":\"https:\/\/autobarbosa.com\/en\/#organization\",\"name\":\"Auto Barbosa\",\"url\":\"https:\/\/autobarbosa.com\/en\/\",\"logo\":{\"@type\":\"ImageObject\",\"inLanguage\":\"en-US\",\"@id\":\"https:\/\/autobarbosa.com\/en\/#\/schema\/logo\/image\/\",\"url\":\"https:\/\/autobarbosa.com\/wp-content\/uploads\/2023\/03\/AUTO-BARBOSA-LOGO-1-e1678715539111.png\",\"contentUrl\":\"https:\/\/autobarbosa.com\/wp-content\/uploads\/2023\/03\/AUTO-BARBOSA-LOGO-1-e1678715539111.png\",\"width\":3233,\"height\":3233,\"caption\":\"Auto Barbosa\"},\"image\":{\"@id\":\"https:\/\/autobarbosa.com\/en\/#\/schema\/logo\/image\/\"},\"sameAs\":[\"https:\/\/www.facebook.com\/autobarbosaoficina\",\"https:\/\/www.instagram.com\/autobarbosa.oficina\/\"]}]}<\/script>\n<!-- \/ Yoast SEO plugin. -->","yoast_head_json":{"title":"CENTRALINA STILO WRC 9V - Auto Barbosa","robots":{"index":"index","follow":"follow","max-snippet":"max-snippet:-1","max-image-preview":"max-image-preview:large","max-video-preview":"max-video-preview:-1"},"canonical":"https:\/\/autobarbosa.com\/en\/produto\/centralina-stilo-wrc-9v\/","og_locale":"en_US","og_type":"article","og_title":"CENTRALINA STILO WRC 9V - Auto Barbosa","og_description":"\u00e1dio STILO WRC 03  Controles de volume separados para motorista e copiloto. Sistema LED ON\/OFF. Conex\u00e3o para r\u00e1dio ou c\u00e2mera. Especialmente projetado para ser fixado no arco. Fonte de alimenta\u00e7\u00e3o 9V (bateria interna) ou 12V (opcional). Sa\u00edda de \u00e1udio.  \u00c9 poss\u00edvel alimentar este r\u00e1dio com 12 volts com o adaptador refer\u00eancia 607803.","og_url":"https:\/\/autobarbosa.com\/en\/produto\/centralina-stilo-wrc-9v\/","og_site_name":"Auto Barbosa","article_publisher":"https:\/\/www.facebook.com\/autobarbosaoficina","article_modified_time":"2026-04-19T19:07:25+00:00","og_image":[{"width":800,"height":800,"url":"https:\/\/autobarbosa.com\/wp-content\/uploads\/2025\/11\/607511.png","type":"image\/png"}],"twitter_card":"summary_large_image","schema":{"@context":"https:\/\/schema.org","@graph":[{"@type":"WebPage","@id":"https:\/\/autobarbosa.com\/en\/produto\/centralina-stilo-wrc-9v\/","url":"https:\/\/autobarbosa.com\/en\/produto\/centralina-stilo-wrc-9v\/","name":"CENTRALINA STILO WRC 9V - Auto Barbosa","isPartOf":{"@id":"https:\/\/autobarbosa.com\/en\/#website"},"datePublished":"2025-11-26T08:08:06+00:00","dateModified":"2026-04-19T19:07:25+00:00","breadcrumb":{"@id":"https:\/\/autobarbosa.com\/en\/produto\/centralina-stilo-wrc-9v\/#breadcrumb"},"inLanguage":"en-US","potentialAction":[{"@type":"ReadAction","target":["https:\/\/autobarbosa.com\/en\/produto\/centralina-stilo-wrc-9v\/"]}]},{"@type":"BreadcrumbList","@id":"https:\/\/autobarbosa.com\/en\/produto\/centralina-stilo-wrc-9v\/#breadcrumb","itemListElement":[{"@type":"ListItem","position":1,"name":"In\u00edcio","item":"https:\/\/autobarbosa.com\/en\/"},{"@type":"ListItem","position":2,"name":"Loja","item":"https:\/\/autobarbosa.com\/"},{"@type":"ListItem","position":3,"name":"CENTRALINA STILO WRC 9V"}]},{"@type":"WebSite","@id":"https:\/\/autobarbosa.com\/en\/#website","url":"https:\/\/autobarbosa.com\/en\/","name":"Auto Barbosa","description":"Site institucional","publisher":{"@id":"https:\/\/autobarbosa.com\/en\/#organization"},"potentialAction":[{"@type":"SearchAction","target":{"@type":"EntryPoint","urlTemplate":"https:\/\/autobarbosa.com\/en\/?s={search_term_string}"},"query-input":"required name=search_term_string"}],"inLanguage":"en-US"},{"@type":"Organization","@id":"https:\/\/autobarbosa.com\/en\/#organization","name":"Auto Barbosa","url":"https:\/\/autobarbosa.com\/en\/","logo":{"@type":"ImageObject","inLanguage":"en-US","@id":"https:\/\/autobarbosa.com\/en\/#\/schema\/logo\/image\/","url":"https:\/\/autobarbosa.com\/wp-content\/uploads\/2023\/03\/AUTO-BARBOSA-LOGO-1-e1678715539111.png","contentUrl":"https:\/\/autobarbosa.com\/wp-content\/uploads\/2023\/03\/AUTO-BARBOSA-LOGO-1-e1678715539111.png","width":3233,"height":3233,"caption":"Auto Barbosa"},"image":{"@id":"https:\/\/autobarbosa.com\/en\/#\/schema\/logo\/image\/"},"sameAs":["https:\/\/www.facebook.com\/autobarbosaoficina","https:\/\/www.instagram.com\/autobarbosa.oficina\/"]}]}},"_links":{"self":[{"href":"https:\/\/autobarbosa.com\/en\/wp-json\/wp\/v3\/product\/18885","targetHints":{"allow":["GET"]}}],"collection":[{"href":"https:\/\/autobarbosa.com\/en\/wp-json\/wp\/v3\/product"}],"about":[{"href":"https:\/\/autobarbosa.com\/en\/wp-json\/wp\/v2\/types\/product"}],"wp:featuredmedia":[{"embeddable":true,"href":"https:\/\/autobarbosa.com\/en\/wp-json\/wp\/v2\/media\/18881"}],"wp:attachment":[{"href":"https:\/\/autobarbosa.com\/en\/wp-json\/wp\/v2\/media?parent=18885"}],"wp:term":[{"taxonomy":"product_cat","embeddable":true,"href":"https:\/\/autobarbosa.com\/en\/wp-json\/wp\/v2\/product_cat?post=18885"},{"taxonomy":"product_tag","embeddable":true,"href":"https:\/\/autobarbosa.com\/en\/wp-json\/wp\/v2\/product_tag?post=18885"},{"taxonomy":"marca","embeddable":true,"href":"https:\/\/autobarbosa.com\/en\/wp-json\/wp\/v2\/marca?post=18885"}],"curies":[{"name":"wp","href":"https:\/\/api.w.org\/{rel}","templated":true}]}}