{"id":19165,"date":"2025-11-26T07:09:22","date_gmt":"2025-11-26T08:09:22","guid":{"rendered":"https:\/\/autobarbosa.com\/produto\/parafuso-argola-p-cintos-32mm-7-16unf\/"},"modified":"2026-04-30T19:09:10","modified_gmt":"2026-04-30T19:09:10","slug":"parafuso-argola-p-cintos-32mm-7-16unf","status":"publish","type":"product","link":"https:\/\/autobarbosa.com\/en\/produto\/parafuso-argola-p-cintos-32mm-7-16unf\/","title":{"rendered":"PARAFUSO ARGOLA P\/ CINTOS 32mm -7\/16UNF"},"content":{"rendered":"<p>Ilh\u00f3 para fixa\u00e7\u00e3o de arn\u00eas de a\u00e7o<br \/>\nComprimento: 32 mm.<br \/>\nT\u00f3pico: 7\/16 UNF.<br \/>\nMaterial: A\u00e7o.<\/p>\n","protected":false},"excerpt":{"rendered":"<p>Ilh\u00f3 para fixa\u00e7\u00e3o de arn\u00eas de a\u00e7o<br \/>\nComprimento: 32 mm.<br \/>\nT\u00f3pico: 7\/16 UNF.<br \/>\nMaterial: A\u00e7o.<\/p>\n","protected":false},"featured_media":19161,"template":"","meta":[],"product_cat":[479,489,535],"product_tag":[],"marca":[143],"class_list":["post-19165","product","type-product","status-publish","has-post-thumbnail","hentry","product_cat-viatura","product_cat-habitaculo","product_cat-cintos","marca-oreca"],"yoast_head":"<!-- This site is optimized with the Yoast SEO plugin v20.5 - https:\/\/yoast.com\/wordpress\/plugins\/seo\/ -->\n<title>PARAFUSO ARGOLA P\/ CINTOS 32mm -7\/16UNF - Auto Barbosa<\/title>\n<meta name=\"robots\" content=\"index, follow, max-snippet:-1, max-image-preview:large, max-video-preview:-1\" \/>\n<link rel=\"canonical\" href=\"https:\/\/autobarbosa.com\/en\/produto\/parafuso-argola-p-cintos-32mm-7-16unf\/\" \/>\n<meta property=\"og:locale\" content=\"en_US\" \/>\n<meta property=\"og:type\" content=\"article\" \/>\n<meta property=\"og:title\" content=\"PARAFUSO ARGOLA P\/ CINTOS 32mm -7\/16UNF - Auto Barbosa\" \/>\n<meta property=\"og:description\" content=\"Ilh\u00f3 para fixa\u00e7\u00e3o de arn\u00eas de a\u00e7o Comprimento: 32 mm. T\u00f3pico: 7\/16 UNF. Material: A\u00e7o.\" \/>\n<meta property=\"og:url\" content=\"https:\/\/autobarbosa.com\/en\/produto\/parafuso-argola-p-cintos-32mm-7-16unf\/\" \/>\n<meta property=\"og:site_name\" content=\"Auto Barbosa\" \/>\n<meta property=\"article:publisher\" content=\"https:\/\/www.facebook.com\/autobarbosaoficina\" \/>\n<meta property=\"article:modified_time\" content=\"2026-04-30T19:09:10+00:00\" \/>\n<meta property=\"og:image\" content=\"https:\/\/autobarbosa.com\/wp-content\/uploads\/2025\/11\/613281.png\" \/>\n\t<meta property=\"og:image:width\" content=\"800\" \/>\n\t<meta property=\"og:image:height\" content=\"800\" \/>\n\t<meta property=\"og:image:type\" content=\"image\/png\" \/>\n<meta name=\"twitter:card\" content=\"summary_large_image\" \/>\n<script type=\"application\/ld+json\" class=\"yoast-schema-graph\">{\"@context\":\"https:\/\/schema.org\",\"@graph\":[{\"@type\":\"WebPage\",\"@id\":\"https:\/\/autobarbosa.com\/en\/produto\/parafuso-argola-p-cintos-32mm-7-16unf\/\",\"url\":\"https:\/\/autobarbosa.com\/en\/produto\/parafuso-argola-p-cintos-32mm-7-16unf\/\",\"name\":\"PARAFUSO ARGOLA P\/ CINTOS 32mm -7\/16UNF - Auto Barbosa\",\"isPartOf\":{\"@id\":\"https:\/\/autobarbosa.com\/en\/#website\"},\"datePublished\":\"2025-11-26T08:09:22+00:00\",\"dateModified\":\"2026-04-30T19:09:10+00:00\",\"breadcrumb\":{\"@id\":\"https:\/\/autobarbosa.com\/en\/produto\/parafuso-argola-p-cintos-32mm-7-16unf\/#breadcrumb\"},\"inLanguage\":\"en-US\",\"potentialAction\":[{\"@type\":\"ReadAction\",\"target\":[\"https:\/\/autobarbosa.com\/en\/produto\/parafuso-argola-p-cintos-32mm-7-16unf\/\"]}]},{\"@type\":\"BreadcrumbList\",\"@id\":\"https:\/\/autobarbosa.com\/en\/produto\/parafuso-argola-p-cintos-32mm-7-16unf\/#breadcrumb\",\"itemListElement\":[{\"@type\":\"ListItem\",\"position\":1,\"name\":\"In\u00edcio\",\"item\":\"https:\/\/autobarbosa.com\/en\/\"},{\"@type\":\"ListItem\",\"position\":2,\"name\":\"Loja\",\"item\":\"https:\/\/autobarbosa.com\/\"},{\"@type\":\"ListItem\",\"position\":3,\"name\":\"PARAFUSO ARGOLA P\/ CINTOS 32mm -7\/16UNF\"}]},{\"@type\":\"WebSite\",\"@id\":\"https:\/\/autobarbosa.com\/en\/#website\",\"url\":\"https:\/\/autobarbosa.com\/en\/\",\"name\":\"Auto Barbosa\",\"description\":\"Site institucional\",\"publisher\":{\"@id\":\"https:\/\/autobarbosa.com\/en\/#organization\"},\"potentialAction\":[{\"@type\":\"SearchAction\",\"target\":{\"@type\":\"EntryPoint\",\"urlTemplate\":\"https:\/\/autobarbosa.com\/en\/?s={search_term_string}\"},\"query-input\":\"required name=search_term_string\"}],\"inLanguage\":\"en-US\"},{\"@type\":\"Organization\",\"@id\":\"https:\/\/autobarbosa.com\/en\/#organization\",\"name\":\"Auto Barbosa\",\"url\":\"https:\/\/autobarbosa.com\/en\/\",\"logo\":{\"@type\":\"ImageObject\",\"inLanguage\":\"en-US\",\"@id\":\"https:\/\/autobarbosa.com\/en\/#\/schema\/logo\/image\/\",\"url\":\"https:\/\/autobarbosa.com\/wp-content\/uploads\/2023\/03\/AUTO-BARBOSA-LOGO-1-e1678715539111.png\",\"contentUrl\":\"https:\/\/autobarbosa.com\/wp-content\/uploads\/2023\/03\/AUTO-BARBOSA-LOGO-1-e1678715539111.png\",\"width\":3233,\"height\":3233,\"caption\":\"Auto Barbosa\"},\"image\":{\"@id\":\"https:\/\/autobarbosa.com\/en\/#\/schema\/logo\/image\/\"},\"sameAs\":[\"https:\/\/www.facebook.com\/autobarbosaoficina\",\"https:\/\/www.instagram.com\/autobarbosa.oficina\/\"]}]}<\/script>\n<!-- \/ Yoast SEO plugin. -->","yoast_head_json":{"title":"PARAFUSO ARGOLA P\/ CINTOS 32mm -7\/16UNF - Auto Barbosa","robots":{"index":"index","follow":"follow","max-snippet":"max-snippet:-1","max-image-preview":"max-image-preview:large","max-video-preview":"max-video-preview:-1"},"canonical":"https:\/\/autobarbosa.com\/en\/produto\/parafuso-argola-p-cintos-32mm-7-16unf\/","og_locale":"en_US","og_type":"article","og_title":"PARAFUSO ARGOLA P\/ CINTOS 32mm -7\/16UNF - Auto Barbosa","og_description":"Ilh\u00f3 para fixa\u00e7\u00e3o de arn\u00eas de a\u00e7o Comprimento: 32 mm. T\u00f3pico: 7\/16 UNF. Material: A\u00e7o.","og_url":"https:\/\/autobarbosa.com\/en\/produto\/parafuso-argola-p-cintos-32mm-7-16unf\/","og_site_name":"Auto Barbosa","article_publisher":"https:\/\/www.facebook.com\/autobarbosaoficina","article_modified_time":"2026-04-30T19:09:10+00:00","og_image":[{"width":800,"height":800,"url":"https:\/\/autobarbosa.com\/wp-content\/uploads\/2025\/11\/613281.png","type":"image\/png"}],"twitter_card":"summary_large_image","schema":{"@context":"https:\/\/schema.org","@graph":[{"@type":"WebPage","@id":"https:\/\/autobarbosa.com\/en\/produto\/parafuso-argola-p-cintos-32mm-7-16unf\/","url":"https:\/\/autobarbosa.com\/en\/produto\/parafuso-argola-p-cintos-32mm-7-16unf\/","name":"PARAFUSO ARGOLA P\/ CINTOS 32mm -7\/16UNF - Auto Barbosa","isPartOf":{"@id":"https:\/\/autobarbosa.com\/en\/#website"},"datePublished":"2025-11-26T08:09:22+00:00","dateModified":"2026-04-30T19:09:10+00:00","breadcrumb":{"@id":"https:\/\/autobarbosa.com\/en\/produto\/parafuso-argola-p-cintos-32mm-7-16unf\/#breadcrumb"},"inLanguage":"en-US","potentialAction":[{"@type":"ReadAction","target":["https:\/\/autobarbosa.com\/en\/produto\/parafuso-argola-p-cintos-32mm-7-16unf\/"]}]},{"@type":"BreadcrumbList","@id":"https:\/\/autobarbosa.com\/en\/produto\/parafuso-argola-p-cintos-32mm-7-16unf\/#breadcrumb","itemListElement":[{"@type":"ListItem","position":1,"name":"In\u00edcio","item":"https:\/\/autobarbosa.com\/en\/"},{"@type":"ListItem","position":2,"name":"Loja","item":"https:\/\/autobarbosa.com\/"},{"@type":"ListItem","position":3,"name":"PARAFUSO ARGOLA P\/ CINTOS 32mm -7\/16UNF"}]},{"@type":"WebSite","@id":"https:\/\/autobarbosa.com\/en\/#website","url":"https:\/\/autobarbosa.com\/en\/","name":"Auto Barbosa","description":"Site institucional","publisher":{"@id":"https:\/\/autobarbosa.com\/en\/#organization"},"potentialAction":[{"@type":"SearchAction","target":{"@type":"EntryPoint","urlTemplate":"https:\/\/autobarbosa.com\/en\/?s={search_term_string}"},"query-input":"required name=search_term_string"}],"inLanguage":"en-US"},{"@type":"Organization","@id":"https:\/\/autobarbosa.com\/en\/#organization","name":"Auto Barbosa","url":"https:\/\/autobarbosa.com\/en\/","logo":{"@type":"ImageObject","inLanguage":"en-US","@id":"https:\/\/autobarbosa.com\/en\/#\/schema\/logo\/image\/","url":"https:\/\/autobarbosa.com\/wp-content\/uploads\/2023\/03\/AUTO-BARBOSA-LOGO-1-e1678715539111.png","contentUrl":"https:\/\/autobarbosa.com\/wp-content\/uploads\/2023\/03\/AUTO-BARBOSA-LOGO-1-e1678715539111.png","width":3233,"height":3233,"caption":"Auto Barbosa"},"image":{"@id":"https:\/\/autobarbosa.com\/en\/#\/schema\/logo\/image\/"},"sameAs":["https:\/\/www.facebook.com\/autobarbosaoficina","https:\/\/www.instagram.com\/autobarbosa.oficina\/"]}]}},"_links":{"self":[{"href":"https:\/\/autobarbosa.com\/en\/wp-json\/wp\/v3\/product\/19165","targetHints":{"allow":["GET"]}}],"collection":[{"href":"https:\/\/autobarbosa.com\/en\/wp-json\/wp\/v3\/product"}],"about":[{"href":"https:\/\/autobarbosa.com\/en\/wp-json\/wp\/v2\/types\/product"}],"wp:featuredmedia":[{"embeddable":true,"href":"https:\/\/autobarbosa.com\/en\/wp-json\/wp\/v2\/media\/19161"}],"wp:attachment":[{"href":"https:\/\/autobarbosa.com\/en\/wp-json\/wp\/v2\/media?parent=19165"}],"wp:term":[{"taxonomy":"product_cat","embeddable":true,"href":"https:\/\/autobarbosa.com\/en\/wp-json\/wp\/v2\/product_cat?post=19165"},{"taxonomy":"product_tag","embeddable":true,"href":"https:\/\/autobarbosa.com\/en\/wp-json\/wp\/v2\/product_tag?post=19165"},{"taxonomy":"marca","embeddable":true,"href":"https:\/\/autobarbosa.com\/en\/wp-json\/wp\/v2\/marca?post=19165"}],"curies":[{"name":"wp","href":"https:\/\/api.w.org\/{rel}","templated":true}]}}