{"id":19269,"date":"2025-11-26T07:09:50","date_gmt":"2025-11-26T08:09:50","guid":{"rendered":"https:\/\/autobarbosa.com\/produto\/cubo-volante-opel-corsa-d\/"},"modified":"2026-04-16T19:08:31","modified_gmt":"2026-04-16T19:08:31","slug":"cubo-volante-opel-corsa-d","status":"publish","type":"product","link":"https:\/\/autobarbosa.com\/en\/produto\/cubo-volante-opel-corsa-d\/","title":{"rendered":"CUBO VOLANTE OPEL CORSA D"},"content":{"rendered":"<p>Cubo de volante para OPEL Corsa D<\/p>\n<p>Essencial para fixar o volante.<br \/>\nEste cubo de volante \u00e9 compat\u00edvel com todos os volantes com fura\u00e7\u00e3o de 6 furos.<br \/>\nCubo de volante para OPEL Corsa D de 2006.<\/p>\n<p>Bot\u00e3o de buzina opcional (ref. 615000).<\/p>\n","protected":false},"excerpt":{"rendered":"<p>Cubo de volante para OPEL Corsa D<\/p>\n<p>Essencial para fixar o volante.<br \/>\nEste cubo de volante \u00e9 compat\u00edvel com todos os volantes com fura\u00e7\u00e3o de 6 furos.<br \/>\nCubo de volante para OPEL Corsa D de 2006.<\/p>\n<p>Bot\u00e3o de buzina opcional (ref. 615000).<\/p>\n","protected":false},"featured_media":19265,"template":"","meta":[],"product_cat":[479,489,536,537],"product_tag":[],"marca":[121],"class_list":["post-19269","product","type-product","status-publish","has-post-thumbnail","hentry","product_cat-viatura","product_cat-habitaculo","product_cat-volantes","product_cat-cubos-volante","marca-red-spec"],"yoast_head":"<!-- This site is optimized with the Yoast SEO plugin v20.5 - https:\/\/yoast.com\/wordpress\/plugins\/seo\/ -->\n<title>CUBO VOLANTE OPEL CORSA D - Auto Barbosa<\/title>\n<meta name=\"robots\" content=\"index, follow, max-snippet:-1, max-image-preview:large, max-video-preview:-1\" \/>\n<link rel=\"canonical\" href=\"https:\/\/autobarbosa.com\/en\/produto\/cubo-volante-opel-corsa-d\/\" \/>\n<meta property=\"og:locale\" content=\"en_US\" \/>\n<meta property=\"og:type\" content=\"article\" \/>\n<meta property=\"og:title\" content=\"CUBO VOLANTE OPEL CORSA D - Auto Barbosa\" \/>\n<meta property=\"og:description\" content=\"Cubo de volante para OPEL Corsa D  Essencial para fixar o volante. Este cubo de volante \u00e9 compat\u00edvel com todos os volantes com fura\u00e7\u00e3o de 6 furos. Cubo de volante para OPEL Corsa D de 2006.  Bot\u00e3o de buzina opcional (ref. 615000).\" \/>\n<meta property=\"og:url\" content=\"https:\/\/autobarbosa.com\/en\/produto\/cubo-volante-opel-corsa-d\/\" \/>\n<meta property=\"og:site_name\" content=\"Auto Barbosa\" \/>\n<meta property=\"article:publisher\" content=\"https:\/\/www.facebook.com\/autobarbosaoficina\" \/>\n<meta property=\"article:modified_time\" content=\"2026-04-16T19:08:31+00:00\" \/>\n<meta property=\"og:image\" content=\"https:\/\/autobarbosa.com\/wp-content\/uploads\/2025\/11\/6155803.png\" \/>\n\t<meta property=\"og:image:width\" content=\"800\" \/>\n\t<meta property=\"og:image:height\" content=\"800\" \/>\n\t<meta property=\"og:image:type\" content=\"image\/png\" \/>\n<meta name=\"twitter:card\" content=\"summary_large_image\" \/>\n<script type=\"application\/ld+json\" class=\"yoast-schema-graph\">{\"@context\":\"https:\/\/schema.org\",\"@graph\":[{\"@type\":\"WebPage\",\"@id\":\"https:\/\/autobarbosa.com\/en\/produto\/cubo-volante-opel-corsa-d\/\",\"url\":\"https:\/\/autobarbosa.com\/en\/produto\/cubo-volante-opel-corsa-d\/\",\"name\":\"CUBO VOLANTE OPEL CORSA D - Auto Barbosa\",\"isPartOf\":{\"@id\":\"https:\/\/autobarbosa.com\/en\/#website\"},\"datePublished\":\"2025-11-26T08:09:50+00:00\",\"dateModified\":\"2026-04-16T19:08:31+00:00\",\"breadcrumb\":{\"@id\":\"https:\/\/autobarbosa.com\/en\/produto\/cubo-volante-opel-corsa-d\/#breadcrumb\"},\"inLanguage\":\"en-US\",\"potentialAction\":[{\"@type\":\"ReadAction\",\"target\":[\"https:\/\/autobarbosa.com\/en\/produto\/cubo-volante-opel-corsa-d\/\"]}]},{\"@type\":\"BreadcrumbList\",\"@id\":\"https:\/\/autobarbosa.com\/en\/produto\/cubo-volante-opel-corsa-d\/#breadcrumb\",\"itemListElement\":[{\"@type\":\"ListItem\",\"position\":1,\"name\":\"In\u00edcio\",\"item\":\"https:\/\/autobarbosa.com\/en\/\"},{\"@type\":\"ListItem\",\"position\":2,\"name\":\"Loja\",\"item\":\"https:\/\/autobarbosa.com\/\"},{\"@type\":\"ListItem\",\"position\":3,\"name\":\"CUBO VOLANTE OPEL CORSA D\"}]},{\"@type\":\"WebSite\",\"@id\":\"https:\/\/autobarbosa.com\/en\/#website\",\"url\":\"https:\/\/autobarbosa.com\/en\/\",\"name\":\"Auto Barbosa\",\"description\":\"Site institucional\",\"publisher\":{\"@id\":\"https:\/\/autobarbosa.com\/en\/#organization\"},\"potentialAction\":[{\"@type\":\"SearchAction\",\"target\":{\"@type\":\"EntryPoint\",\"urlTemplate\":\"https:\/\/autobarbosa.com\/en\/?s={search_term_string}\"},\"query-input\":\"required name=search_term_string\"}],\"inLanguage\":\"en-US\"},{\"@type\":\"Organization\",\"@id\":\"https:\/\/autobarbosa.com\/en\/#organization\",\"name\":\"Auto Barbosa\",\"url\":\"https:\/\/autobarbosa.com\/en\/\",\"logo\":{\"@type\":\"ImageObject\",\"inLanguage\":\"en-US\",\"@id\":\"https:\/\/autobarbosa.com\/en\/#\/schema\/logo\/image\/\",\"url\":\"https:\/\/autobarbosa.com\/wp-content\/uploads\/2023\/03\/AUTO-BARBOSA-LOGO-1-e1678715539111.png\",\"contentUrl\":\"https:\/\/autobarbosa.com\/wp-content\/uploads\/2023\/03\/AUTO-BARBOSA-LOGO-1-e1678715539111.png\",\"width\":3233,\"height\":3233,\"caption\":\"Auto Barbosa\"},\"image\":{\"@id\":\"https:\/\/autobarbosa.com\/en\/#\/schema\/logo\/image\/\"},\"sameAs\":[\"https:\/\/www.facebook.com\/autobarbosaoficina\",\"https:\/\/www.instagram.com\/autobarbosa.oficina\/\"]}]}<\/script>\n<!-- \/ Yoast SEO plugin. -->","yoast_head_json":{"title":"CUBO VOLANTE OPEL CORSA D - Auto Barbosa","robots":{"index":"index","follow":"follow","max-snippet":"max-snippet:-1","max-image-preview":"max-image-preview:large","max-video-preview":"max-video-preview:-1"},"canonical":"https:\/\/autobarbosa.com\/en\/produto\/cubo-volante-opel-corsa-d\/","og_locale":"en_US","og_type":"article","og_title":"CUBO VOLANTE OPEL CORSA D - Auto Barbosa","og_description":"Cubo de volante para OPEL Corsa D  Essencial para fixar o volante. Este cubo de volante \u00e9 compat\u00edvel com todos os volantes com fura\u00e7\u00e3o de 6 furos. Cubo de volante para OPEL Corsa D de 2006.  Bot\u00e3o de buzina opcional (ref. 615000).","og_url":"https:\/\/autobarbosa.com\/en\/produto\/cubo-volante-opel-corsa-d\/","og_site_name":"Auto Barbosa","article_publisher":"https:\/\/www.facebook.com\/autobarbosaoficina","article_modified_time":"2026-04-16T19:08:31+00:00","og_image":[{"width":800,"height":800,"url":"https:\/\/autobarbosa.com\/wp-content\/uploads\/2025\/11\/6155803.png","type":"image\/png"}],"twitter_card":"summary_large_image","schema":{"@context":"https:\/\/schema.org","@graph":[{"@type":"WebPage","@id":"https:\/\/autobarbosa.com\/en\/produto\/cubo-volante-opel-corsa-d\/","url":"https:\/\/autobarbosa.com\/en\/produto\/cubo-volante-opel-corsa-d\/","name":"CUBO VOLANTE OPEL CORSA D - Auto Barbosa","isPartOf":{"@id":"https:\/\/autobarbosa.com\/en\/#website"},"datePublished":"2025-11-26T08:09:50+00:00","dateModified":"2026-04-16T19:08:31+00:00","breadcrumb":{"@id":"https:\/\/autobarbosa.com\/en\/produto\/cubo-volante-opel-corsa-d\/#breadcrumb"},"inLanguage":"en-US","potentialAction":[{"@type":"ReadAction","target":["https:\/\/autobarbosa.com\/en\/produto\/cubo-volante-opel-corsa-d\/"]}]},{"@type":"BreadcrumbList","@id":"https:\/\/autobarbosa.com\/en\/produto\/cubo-volante-opel-corsa-d\/#breadcrumb","itemListElement":[{"@type":"ListItem","position":1,"name":"In\u00edcio","item":"https:\/\/autobarbosa.com\/en\/"},{"@type":"ListItem","position":2,"name":"Loja","item":"https:\/\/autobarbosa.com\/"},{"@type":"ListItem","position":3,"name":"CUBO VOLANTE OPEL CORSA D"}]},{"@type":"WebSite","@id":"https:\/\/autobarbosa.com\/en\/#website","url":"https:\/\/autobarbosa.com\/en\/","name":"Auto Barbosa","description":"Site institucional","publisher":{"@id":"https:\/\/autobarbosa.com\/en\/#organization"},"potentialAction":[{"@type":"SearchAction","target":{"@type":"EntryPoint","urlTemplate":"https:\/\/autobarbosa.com\/en\/?s={search_term_string}"},"query-input":"required name=search_term_string"}],"inLanguage":"en-US"},{"@type":"Organization","@id":"https:\/\/autobarbosa.com\/en\/#organization","name":"Auto Barbosa","url":"https:\/\/autobarbosa.com\/en\/","logo":{"@type":"ImageObject","inLanguage":"en-US","@id":"https:\/\/autobarbosa.com\/en\/#\/schema\/logo\/image\/","url":"https:\/\/autobarbosa.com\/wp-content\/uploads\/2023\/03\/AUTO-BARBOSA-LOGO-1-e1678715539111.png","contentUrl":"https:\/\/autobarbosa.com\/wp-content\/uploads\/2023\/03\/AUTO-BARBOSA-LOGO-1-e1678715539111.png","width":3233,"height":3233,"caption":"Auto Barbosa"},"image":{"@id":"https:\/\/autobarbosa.com\/en\/#\/schema\/logo\/image\/"},"sameAs":["https:\/\/www.facebook.com\/autobarbosaoficina","https:\/\/www.instagram.com\/autobarbosa.oficina\/"]}]}},"_links":{"self":[{"href":"https:\/\/autobarbosa.com\/en\/wp-json\/wp\/v3\/product\/19269","targetHints":{"allow":["GET"]}}],"collection":[{"href":"https:\/\/autobarbosa.com\/en\/wp-json\/wp\/v3\/product"}],"about":[{"href":"https:\/\/autobarbosa.com\/en\/wp-json\/wp\/v2\/types\/product"}],"wp:featuredmedia":[{"embeddable":true,"href":"https:\/\/autobarbosa.com\/en\/wp-json\/wp\/v2\/media\/19265"}],"wp:attachment":[{"href":"https:\/\/autobarbosa.com\/en\/wp-json\/wp\/v2\/media?parent=19269"}],"wp:term":[{"taxonomy":"product_cat","embeddable":true,"href":"https:\/\/autobarbosa.com\/en\/wp-json\/wp\/v2\/product_cat?post=19269"},{"taxonomy":"product_tag","embeddable":true,"href":"https:\/\/autobarbosa.com\/en\/wp-json\/wp\/v2\/product_tag?post=19269"},{"taxonomy":"marca","embeddable":true,"href":"https:\/\/autobarbosa.com\/en\/wp-json\/wp\/v2\/marca?post=19269"}],"curies":[{"name":"wp","href":"https:\/\/api.w.org\/{rel}","templated":true}]}}