{"id":19341,"date":"2025-11-26T07:10:12","date_gmt":"2025-11-26T08:10:12","guid":{"rendered":"https:\/\/autobarbosa.com\/produto\/farol-de-encastre-longo-alcance-xenon-h3-diam-182mm\/"},"modified":"2026-04-22T07:08:59","modified_gmt":"2026-04-22T07:08:59","slug":"farol-de-encastre-longo-alcance-xenon-h3-diam-182mm","status":"publish","type":"product","link":"https:\/\/autobarbosa.com\/en\/produto\/farol-de-encastre-longo-alcance-xenon-h3-diam-182mm\/","title":{"rendered":"FAROL DE ENCASTRE LONGO ALCANCE XENON H3 DIAM 182mm"},"content":{"rendered":"<p>Farol longo alcance WESEM Xenon H3 \u00d8 183 mm<\/p>\n<p>O campe\u00e3o de vendas WESEM est\u00e1 agora dispon\u00edvel na vers\u00e3o Xenon!<br \/>\nEsta tecnologia Xenon permite um ganho significativo de brilho e desempenho, garantindo baixo consumo de energia!<\/p>\n<p>Este farol oferece maior simplicidade e durabilidade do sistema de ajuste de inclina\u00e7\u00e3o do farol (inclina\u00e7\u00e3o de at\u00e9 10\u00b0).<br \/>\nSua longevidade \u00e9 garantida pela zincagem de todas as partes met\u00e1licas que os comp\u00f5em (sem corros\u00e3o), bem como pelo padr\u00e3o de veda\u00e7\u00e3o IP55 (veda\u00e7\u00e3o perfeita).<br \/>\nF\u00e1cil instala\u00e7\u00e3o na barra do farol gra\u00e7as ao colar integrado.<\/p>\n<p>Caracter\u00edsticas t\u00e9cnicas:<br \/>\n&#8211; Tens\u00e3o: 12 V<br \/>\n&#8211; Corrente m\u00e1xima consumida: 10 A<br \/>\n&#8211; Pot\u00eancia: 35 W<br \/>\n&#8211; Tens\u00e3o m\u00e1xima na l\u00e2mpada: 23 kV<br \/>\n&#8211; Temperatura de opera\u00e7\u00e3o: &#8211; 40\u00b0 a 100\u00b0C<br \/>\n&#8211; Grau Kelvin: 4.300 K<br \/>\n&#8211; Cor branca<br \/>\nVendido individualmente.<\/p>\n<p>Farol fornecido com l\u00e2mpada H3, luneta, balastro 12V, suporte de balastro e kit de montagem.<\/p>\n<p>Barra de farol e suportes de farol de neblina dispon\u00edveis para muitos ve\u00edculos.<\/p>\n","protected":false},"excerpt":{"rendered":"<p>Farol longo alcance WESEM Xenon H3 \u00d8 183 mm<\/p>\n<p>O campe\u00e3o de vendas WESEM est\u00e1 agora dispon\u00edvel na vers\u00e3o Xenon!<br \/>\nEsta tecnologia Xenon permite um ganho significativo de brilho e desempenho, garantindo baixo consumo de energia!<\/p>\n<p>Este farol oferece maior simplicidade e durabilidade do sistema de ajuste de inclina\u00e7\u00e3o do farol (inclina\u00e7\u00e3o de at\u00e9 10\u00b0).<br \/>\nSua longevidade \u00e9 garantida pela zincagem de todas as partes met\u00e1licas que os comp\u00f5em (sem corros\u00e3o), bem como pelo padr\u00e3o de veda\u00e7\u00e3o IP55 (veda\u00e7\u00e3o perfeita).<br \/>\nF\u00e1cil instala\u00e7\u00e3o na barra do farol gra\u00e7as ao colar integrado.<\/p>\n<p>Caracter\u00edsticas t\u00e9cnicas:<br \/>\n&#8211; Tens\u00e3o: 12 V<br \/>\n&#8211; Corrente m\u00e1xima consumida: 10 A<br \/>\n&#8211; Pot\u00eancia: 35 W<br \/>\n&#8211; Tens\u00e3o m\u00e1xima na l\u00e2mpada: 23 kV<br \/>\n&#8211; Temperatura de opera\u00e7\u00e3o: &#8211; 40\u00b0 a 100\u00b0C<br \/>\n&#8211; Grau Kelvin: 4.300 K<br \/>\n&#8211; Cor branca<br \/>\nVendido individualmente.<\/p>\n<p>Farol fornecido com l\u00e2mpada H3, luneta, balastro 12V, suporte de balastro e kit de montagem.<\/p>\n<p>Barra de farol e suportes de farol de neblina dispon\u00edveis para muitos ve\u00edculos.<\/p>\n","protected":false},"featured_media":19337,"template":"","meta":[],"product_cat":[495,496,538],"product_tag":[],"marca":[470],"class_list":["post-19341","product","type-product","status-publish","has-post-thumbnail","hentry","product_cat-iluminacao","product_cat-iluminacao-iluminacao","product_cat-farois-de-encastre","marca-wesem"],"yoast_head":"<!-- This site is optimized with the Yoast SEO plugin v20.5 - https:\/\/yoast.com\/wordpress\/plugins\/seo\/ -->\n<title>FAROL DE ENCASTRE LONGO ALCANCE XENON H3 DIAM 182mm - Auto Barbosa<\/title>\n<meta name=\"robots\" content=\"index, follow, max-snippet:-1, max-image-preview:large, max-video-preview:-1\" \/>\n<link rel=\"canonical\" href=\"https:\/\/autobarbosa.com\/en\/produto\/farol-de-encastre-longo-alcance-xenon-h3-diam-182mm\/\" \/>\n<meta property=\"og:locale\" content=\"en_US\" \/>\n<meta property=\"og:type\" content=\"article\" \/>\n<meta property=\"og:title\" content=\"FAROL DE ENCASTRE LONGO ALCANCE XENON H3 DIAM 182mm - Auto Barbosa\" \/>\n<meta property=\"og:description\" content=\"Farol longo alcance WESEM Xenon H3 \u00d8 183 mm  O campe\u00e3o de vendas WESEM est\u00e1 agora dispon\u00edvel na vers\u00e3o Xenon! Esta tecnologia Xenon permite um ganho significativo de brilho e desempenho, garantindo baixo consumo de energia!  Este farol oferece maior simplicidade e durabilidade do sistema de ajuste de inclina\u00e7\u00e3o do farol (inclina\u00e7\u00e3o de at\u00e9 10\u00b0). Sua longevidade \u00e9 garantida pela zincagem de todas as partes met\u00e1licas que os comp\u00f5em (sem corros\u00e3o), bem como pelo padr\u00e3o de veda\u00e7\u00e3o IP55 (veda\u00e7\u00e3o perfeita). F\u00e1cil instala\u00e7\u00e3o na barra do farol gra\u00e7as ao colar integrado.  Caracter\u00edsticas t\u00e9cnicas: - Tens\u00e3o: 12 V - Corrente m\u00e1xima consumida: 10 A - Pot\u00eancia: 35 W - Tens\u00e3o m\u00e1xima na l\u00e2mpada: 23 kV - Temperatura de opera\u00e7\u00e3o: - 40\u00b0 a 100\u00b0C - Grau Kelvin: 4.300 K - Cor branca Vendido individualmente.  Farol fornecido com l\u00e2mpada H3, luneta, balastro 12V, suporte de balastro e kit de montagem.  Barra de farol e suportes de farol de neblina dispon\u00edveis para muitos ve\u00edculos.\" \/>\n<meta property=\"og:url\" content=\"https:\/\/autobarbosa.com\/en\/produto\/farol-de-encastre-longo-alcance-xenon-h3-diam-182mm\/\" \/>\n<meta property=\"og:site_name\" content=\"Auto Barbosa\" \/>\n<meta property=\"article:publisher\" content=\"https:\/\/www.facebook.com\/autobarbosaoficina\" \/>\n<meta property=\"article:modified_time\" content=\"2026-04-22T07:08:59+00:00\" \/>\n<meta property=\"og:image\" content=\"https:\/\/autobarbosa.com\/wp-content\/uploads\/2025\/11\/622743bx.png\" \/>\n\t<meta property=\"og:image:width\" content=\"800\" \/>\n\t<meta property=\"og:image:height\" content=\"800\" \/>\n\t<meta property=\"og:image:type\" content=\"image\/png\" \/>\n<meta name=\"twitter:card\" content=\"summary_large_image\" \/>\n<meta name=\"twitter:label1\" content=\"Est. reading time\" \/>\n\t<meta name=\"twitter:data1\" content=\"1 minute\" \/>\n<script type=\"application\/ld+json\" class=\"yoast-schema-graph\">{\"@context\":\"https:\/\/schema.org\",\"@graph\":[{\"@type\":\"WebPage\",\"@id\":\"https:\/\/autobarbosa.com\/en\/produto\/farol-de-encastre-longo-alcance-xenon-h3-diam-182mm\/\",\"url\":\"https:\/\/autobarbosa.com\/en\/produto\/farol-de-encastre-longo-alcance-xenon-h3-diam-182mm\/\",\"name\":\"FAROL DE ENCASTRE LONGO ALCANCE XENON H3 DIAM 182mm - Auto Barbosa\",\"isPartOf\":{\"@id\":\"https:\/\/autobarbosa.com\/en\/#website\"},\"datePublished\":\"2025-11-26T08:10:12+00:00\",\"dateModified\":\"2026-04-22T07:08:59+00:00\",\"breadcrumb\":{\"@id\":\"https:\/\/autobarbosa.com\/en\/produto\/farol-de-encastre-longo-alcance-xenon-h3-diam-182mm\/#breadcrumb\"},\"inLanguage\":\"en-US\",\"potentialAction\":[{\"@type\":\"ReadAction\",\"target\":[\"https:\/\/autobarbosa.com\/en\/produto\/farol-de-encastre-longo-alcance-xenon-h3-diam-182mm\/\"]}]},{\"@type\":\"BreadcrumbList\",\"@id\":\"https:\/\/autobarbosa.com\/en\/produto\/farol-de-encastre-longo-alcance-xenon-h3-diam-182mm\/#breadcrumb\",\"itemListElement\":[{\"@type\":\"ListItem\",\"position\":1,\"name\":\"In\u00edcio\",\"item\":\"https:\/\/autobarbosa.com\/en\/\"},{\"@type\":\"ListItem\",\"position\":2,\"name\":\"Loja\",\"item\":\"https:\/\/autobarbosa.com\/\"},{\"@type\":\"ListItem\",\"position\":3,\"name\":\"FAROL DE ENCASTRE LONGO ALCANCE XENON H3 DIAM 182mm\"}]},{\"@type\":\"WebSite\",\"@id\":\"https:\/\/autobarbosa.com\/en\/#website\",\"url\":\"https:\/\/autobarbosa.com\/en\/\",\"name\":\"Auto Barbosa\",\"description\":\"Site institucional\",\"publisher\":{\"@id\":\"https:\/\/autobarbosa.com\/en\/#organization\"},\"potentialAction\":[{\"@type\":\"SearchAction\",\"target\":{\"@type\":\"EntryPoint\",\"urlTemplate\":\"https:\/\/autobarbosa.com\/en\/?s={search_term_string}\"},\"query-input\":\"required name=search_term_string\"}],\"inLanguage\":\"en-US\"},{\"@type\":\"Organization\",\"@id\":\"https:\/\/autobarbosa.com\/en\/#organization\",\"name\":\"Auto Barbosa\",\"url\":\"https:\/\/autobarbosa.com\/en\/\",\"logo\":{\"@type\":\"ImageObject\",\"inLanguage\":\"en-US\",\"@id\":\"https:\/\/autobarbosa.com\/en\/#\/schema\/logo\/image\/\",\"url\":\"https:\/\/autobarbosa.com\/wp-content\/uploads\/2023\/03\/AUTO-BARBOSA-LOGO-1-e1678715539111.png\",\"contentUrl\":\"https:\/\/autobarbosa.com\/wp-content\/uploads\/2023\/03\/AUTO-BARBOSA-LOGO-1-e1678715539111.png\",\"width\":3233,\"height\":3233,\"caption\":\"Auto Barbosa\"},\"image\":{\"@id\":\"https:\/\/autobarbosa.com\/en\/#\/schema\/logo\/image\/\"},\"sameAs\":[\"https:\/\/www.facebook.com\/autobarbosaoficina\",\"https:\/\/www.instagram.com\/autobarbosa.oficina\/\"]}]}<\/script>\n<!-- \/ Yoast SEO plugin. -->","yoast_head_json":{"title":"FAROL DE ENCASTRE LONGO ALCANCE XENON H3 DIAM 182mm - Auto Barbosa","robots":{"index":"index","follow":"follow","max-snippet":"max-snippet:-1","max-image-preview":"max-image-preview:large","max-video-preview":"max-video-preview:-1"},"canonical":"https:\/\/autobarbosa.com\/en\/produto\/farol-de-encastre-longo-alcance-xenon-h3-diam-182mm\/","og_locale":"en_US","og_type":"article","og_title":"FAROL DE ENCASTRE LONGO ALCANCE XENON H3 DIAM 182mm - Auto Barbosa","og_description":"Farol longo alcance WESEM Xenon H3 \u00d8 183 mm  O campe\u00e3o de vendas WESEM est\u00e1 agora dispon\u00edvel na vers\u00e3o Xenon! Esta tecnologia Xenon permite um ganho significativo de brilho e desempenho, garantindo baixo consumo de energia!  Este farol oferece maior simplicidade e durabilidade do sistema de ajuste de inclina\u00e7\u00e3o do farol (inclina\u00e7\u00e3o de at\u00e9 10\u00b0). Sua longevidade \u00e9 garantida pela zincagem de todas as partes met\u00e1licas que os comp\u00f5em (sem corros\u00e3o), bem como pelo padr\u00e3o de veda\u00e7\u00e3o IP55 (veda\u00e7\u00e3o perfeita). F\u00e1cil instala\u00e7\u00e3o na barra do farol gra\u00e7as ao colar integrado.  Caracter\u00edsticas t\u00e9cnicas: - Tens\u00e3o: 12 V - Corrente m\u00e1xima consumida: 10 A - Pot\u00eancia: 35 W - Tens\u00e3o m\u00e1xima na l\u00e2mpada: 23 kV - Temperatura de opera\u00e7\u00e3o: - 40\u00b0 a 100\u00b0C - Grau Kelvin: 4.300 K - Cor branca Vendido individualmente.  Farol fornecido com l\u00e2mpada H3, luneta, balastro 12V, suporte de balastro e kit de montagem.  Barra de farol e suportes de farol de neblina dispon\u00edveis para muitos ve\u00edculos.","og_url":"https:\/\/autobarbosa.com\/en\/produto\/farol-de-encastre-longo-alcance-xenon-h3-diam-182mm\/","og_site_name":"Auto Barbosa","article_publisher":"https:\/\/www.facebook.com\/autobarbosaoficina","article_modified_time":"2026-04-22T07:08:59+00:00","og_image":[{"width":800,"height":800,"url":"https:\/\/autobarbosa.com\/wp-content\/uploads\/2025\/11\/622743bx.png","type":"image\/png"}],"twitter_card":"summary_large_image","twitter_misc":{"Est. reading time":"1 minute"},"schema":{"@context":"https:\/\/schema.org","@graph":[{"@type":"WebPage","@id":"https:\/\/autobarbosa.com\/en\/produto\/farol-de-encastre-longo-alcance-xenon-h3-diam-182mm\/","url":"https:\/\/autobarbosa.com\/en\/produto\/farol-de-encastre-longo-alcance-xenon-h3-diam-182mm\/","name":"FAROL DE ENCASTRE LONGO ALCANCE XENON H3 DIAM 182mm - Auto Barbosa","isPartOf":{"@id":"https:\/\/autobarbosa.com\/en\/#website"},"datePublished":"2025-11-26T08:10:12+00:00","dateModified":"2026-04-22T07:08:59+00:00","breadcrumb":{"@id":"https:\/\/autobarbosa.com\/en\/produto\/farol-de-encastre-longo-alcance-xenon-h3-diam-182mm\/#breadcrumb"},"inLanguage":"en-US","potentialAction":[{"@type":"ReadAction","target":["https:\/\/autobarbosa.com\/en\/produto\/farol-de-encastre-longo-alcance-xenon-h3-diam-182mm\/"]}]},{"@type":"BreadcrumbList","@id":"https:\/\/autobarbosa.com\/en\/produto\/farol-de-encastre-longo-alcance-xenon-h3-diam-182mm\/#breadcrumb","itemListElement":[{"@type":"ListItem","position":1,"name":"In\u00edcio","item":"https:\/\/autobarbosa.com\/en\/"},{"@type":"ListItem","position":2,"name":"Loja","item":"https:\/\/autobarbosa.com\/"},{"@type":"ListItem","position":3,"name":"FAROL DE ENCASTRE LONGO ALCANCE XENON H3 DIAM 182mm"}]},{"@type":"WebSite","@id":"https:\/\/autobarbosa.com\/en\/#website","url":"https:\/\/autobarbosa.com\/en\/","name":"Auto Barbosa","description":"Site institucional","publisher":{"@id":"https:\/\/autobarbosa.com\/en\/#organization"},"potentialAction":[{"@type":"SearchAction","target":{"@type":"EntryPoint","urlTemplate":"https:\/\/autobarbosa.com\/en\/?s={search_term_string}"},"query-input":"required name=search_term_string"}],"inLanguage":"en-US"},{"@type":"Organization","@id":"https:\/\/autobarbosa.com\/en\/#organization","name":"Auto Barbosa","url":"https:\/\/autobarbosa.com\/en\/","logo":{"@type":"ImageObject","inLanguage":"en-US","@id":"https:\/\/autobarbosa.com\/en\/#\/schema\/logo\/image\/","url":"https:\/\/autobarbosa.com\/wp-content\/uploads\/2023\/03\/AUTO-BARBOSA-LOGO-1-e1678715539111.png","contentUrl":"https:\/\/autobarbosa.com\/wp-content\/uploads\/2023\/03\/AUTO-BARBOSA-LOGO-1-e1678715539111.png","width":3233,"height":3233,"caption":"Auto Barbosa"},"image":{"@id":"https:\/\/autobarbosa.com\/en\/#\/schema\/logo\/image\/"},"sameAs":["https:\/\/www.facebook.com\/autobarbosaoficina","https:\/\/www.instagram.com\/autobarbosa.oficina\/"]}]}},"_links":{"self":[{"href":"https:\/\/autobarbosa.com\/en\/wp-json\/wp\/v3\/product\/19341","targetHints":{"allow":["GET"]}}],"collection":[{"href":"https:\/\/autobarbosa.com\/en\/wp-json\/wp\/v3\/product"}],"about":[{"href":"https:\/\/autobarbosa.com\/en\/wp-json\/wp\/v2\/types\/product"}],"wp:featuredmedia":[{"embeddable":true,"href":"https:\/\/autobarbosa.com\/en\/wp-json\/wp\/v2\/media\/19337"}],"wp:attachment":[{"href":"https:\/\/autobarbosa.com\/en\/wp-json\/wp\/v2\/media?parent=19341"}],"wp:term":[{"taxonomy":"product_cat","embeddable":true,"href":"https:\/\/autobarbosa.com\/en\/wp-json\/wp\/v2\/product_cat?post=19341"},{"taxonomy":"product_tag","embeddable":true,"href":"https:\/\/autobarbosa.com\/en\/wp-json\/wp\/v2\/product_tag?post=19341"},{"taxonomy":"marca","embeddable":true,"href":"https:\/\/autobarbosa.com\/en\/wp-json\/wp\/v2\/marca?post=19341"}],"curies":[{"name":"wp","href":"https:\/\/api.w.org\/{rel}","templated":true}]}}