{"id":19365,"date":"2025-11-26T07:10:18","date_gmt":"2025-11-26T08:10:18","guid":{"rendered":"https:\/\/autobarbosa.com\/produto\/caixa-de-bateria-plastico-preto-l279-x-l200x-h248mm\/"},"modified":"2026-04-16T07:09:09","modified_gmt":"2026-04-16T07:09:09","slug":"caixa-de-bateria-plastico-preto-l279-x-l200x-h248mm","status":"publish","type":"product","link":"https:\/\/autobarbosa.com\/en\/produto\/caixa-de-bateria-plastico-preto-l279-x-l200x-h248mm\/","title":{"rendered":"CAIXA DE BATERIA PLASTICO PRETO &#8211; L279 X L200X H248MM"},"content":{"rendered":"<p>Caixa de bateria em polipropileno REDSPEC 279 x 200 x 248<\/p>\n<p>Modelo universal em polipropileno muito robusto.<br \/>\nVem completo com capa e al\u00e7a.<br \/>\nN\u00e3o \u00e0 prova d&#8217;\u00e1gua.<br \/>\nDimens\u00f5es:<br \/>\n-Comprimento 279 mm.<br \/>\n-Largura 200mm.<br \/>\n-Altura 248mm.<\/p>\n","protected":false},"excerpt":{"rendered":"<p>Caixa de bateria em polipropileno REDSPEC 279 x 200 x 248<\/p>\n<p>Modelo universal em polipropileno muito robusto.<br \/>\nVem completo com capa e al\u00e7a.<br \/>\nN\u00e3o \u00e0 prova d&#8217;\u00e1gua.<br \/>\nDimens\u00f5es:<br \/>\n-Comprimento 279 mm.<br \/>\n-Largura 200mm.<br \/>\n-Altura 248mm.<\/p>\n","protected":false},"featured_media":19361,"template":"","meta":[],"product_cat":[479,497,539],"product_tag":[],"marca":[121],"class_list":["post-19365","product","type-product","status-publish","has-post-thumbnail","hentry","product_cat-viatura","product_cat-eletrecidade","product_cat-baterias-suportes","marca-red-spec"],"yoast_head":"<!-- This site is optimized with the Yoast SEO plugin v20.5 - https:\/\/yoast.com\/wordpress\/plugins\/seo\/ -->\n<title>CAIXA DE BATERIA PLASTICO PRETO - L279 X L200X H248MM - Auto Barbosa<\/title>\n<meta name=\"robots\" content=\"index, follow, max-snippet:-1, max-image-preview:large, max-video-preview:-1\" \/>\n<link rel=\"canonical\" href=\"https:\/\/autobarbosa.com\/en\/produto\/caixa-de-bateria-plastico-preto-l279-x-l200x-h248mm\/\" \/>\n<meta property=\"og:locale\" content=\"en_US\" \/>\n<meta property=\"og:type\" content=\"article\" \/>\n<meta property=\"og:title\" content=\"CAIXA DE BATERIA PLASTICO PRETO - L279 X L200X H248MM - Auto Barbosa\" \/>\n<meta property=\"og:description\" content=\"Caixa de bateria em polipropileno REDSPEC 279 x 200 x 248  Modelo universal em polipropileno muito robusto. Vem completo com capa e al\u00e7a. N\u00e3o \u00e0 prova d&#039;\u00e1gua. Dimens\u00f5es: -Comprimento 279 mm. -Largura 200mm. -Altura 248mm.\" \/>\n<meta property=\"og:url\" content=\"https:\/\/autobarbosa.com\/en\/produto\/caixa-de-bateria-plastico-preto-l279-x-l200x-h248mm\/\" \/>\n<meta property=\"og:site_name\" content=\"Auto Barbosa\" \/>\n<meta property=\"article:publisher\" content=\"https:\/\/www.facebook.com\/autobarbosaoficina\" \/>\n<meta property=\"article:modified_time\" content=\"2026-04-16T07:09:09+00:00\" \/>\n<meta property=\"og:image\" content=\"https:\/\/autobarbosa.com\/wp-content\/uploads\/2025\/11\/623001.png\" \/>\n\t<meta property=\"og:image:width\" content=\"800\" \/>\n\t<meta property=\"og:image:height\" content=\"800\" \/>\n\t<meta property=\"og:image:type\" content=\"image\/png\" \/>\n<meta name=\"twitter:card\" content=\"summary_large_image\" \/>\n<script type=\"application\/ld+json\" class=\"yoast-schema-graph\">{\"@context\":\"https:\/\/schema.org\",\"@graph\":[{\"@type\":\"WebPage\",\"@id\":\"https:\/\/autobarbosa.com\/en\/produto\/caixa-de-bateria-plastico-preto-l279-x-l200x-h248mm\/\",\"url\":\"https:\/\/autobarbosa.com\/en\/produto\/caixa-de-bateria-plastico-preto-l279-x-l200x-h248mm\/\",\"name\":\"CAIXA DE BATERIA PLASTICO PRETO - L279 X L200X H248MM - Auto Barbosa\",\"isPartOf\":{\"@id\":\"https:\/\/autobarbosa.com\/en\/#website\"},\"datePublished\":\"2025-11-26T08:10:18+00:00\",\"dateModified\":\"2026-04-16T07:09:09+00:00\",\"breadcrumb\":{\"@id\":\"https:\/\/autobarbosa.com\/en\/produto\/caixa-de-bateria-plastico-preto-l279-x-l200x-h248mm\/#breadcrumb\"},\"inLanguage\":\"en-US\",\"potentialAction\":[{\"@type\":\"ReadAction\",\"target\":[\"https:\/\/autobarbosa.com\/en\/produto\/caixa-de-bateria-plastico-preto-l279-x-l200x-h248mm\/\"]}]},{\"@type\":\"BreadcrumbList\",\"@id\":\"https:\/\/autobarbosa.com\/en\/produto\/caixa-de-bateria-plastico-preto-l279-x-l200x-h248mm\/#breadcrumb\",\"itemListElement\":[{\"@type\":\"ListItem\",\"position\":1,\"name\":\"In\u00edcio\",\"item\":\"https:\/\/autobarbosa.com\/en\/\"},{\"@type\":\"ListItem\",\"position\":2,\"name\":\"Loja\",\"item\":\"https:\/\/autobarbosa.com\/\"},{\"@type\":\"ListItem\",\"position\":3,\"name\":\"CAIXA DE BATERIA PLASTICO PRETO &#8211; L279 X L200X H248MM\"}]},{\"@type\":\"WebSite\",\"@id\":\"https:\/\/autobarbosa.com\/en\/#website\",\"url\":\"https:\/\/autobarbosa.com\/en\/\",\"name\":\"Auto Barbosa\",\"description\":\"Site institucional\",\"publisher\":{\"@id\":\"https:\/\/autobarbosa.com\/en\/#organization\"},\"potentialAction\":[{\"@type\":\"SearchAction\",\"target\":{\"@type\":\"EntryPoint\",\"urlTemplate\":\"https:\/\/autobarbosa.com\/en\/?s={search_term_string}\"},\"query-input\":\"required name=search_term_string\"}],\"inLanguage\":\"en-US\"},{\"@type\":\"Organization\",\"@id\":\"https:\/\/autobarbosa.com\/en\/#organization\",\"name\":\"Auto Barbosa\",\"url\":\"https:\/\/autobarbosa.com\/en\/\",\"logo\":{\"@type\":\"ImageObject\",\"inLanguage\":\"en-US\",\"@id\":\"https:\/\/autobarbosa.com\/en\/#\/schema\/logo\/image\/\",\"url\":\"https:\/\/autobarbosa.com\/wp-content\/uploads\/2023\/03\/AUTO-BARBOSA-LOGO-1-e1678715539111.png\",\"contentUrl\":\"https:\/\/autobarbosa.com\/wp-content\/uploads\/2023\/03\/AUTO-BARBOSA-LOGO-1-e1678715539111.png\",\"width\":3233,\"height\":3233,\"caption\":\"Auto Barbosa\"},\"image\":{\"@id\":\"https:\/\/autobarbosa.com\/en\/#\/schema\/logo\/image\/\"},\"sameAs\":[\"https:\/\/www.facebook.com\/autobarbosaoficina\",\"https:\/\/www.instagram.com\/autobarbosa.oficina\/\"]}]}<\/script>\n<!-- \/ Yoast SEO plugin. -->","yoast_head_json":{"title":"CAIXA DE BATERIA PLASTICO PRETO - L279 X L200X H248MM - Auto Barbosa","robots":{"index":"index","follow":"follow","max-snippet":"max-snippet:-1","max-image-preview":"max-image-preview:large","max-video-preview":"max-video-preview:-1"},"canonical":"https:\/\/autobarbosa.com\/en\/produto\/caixa-de-bateria-plastico-preto-l279-x-l200x-h248mm\/","og_locale":"en_US","og_type":"article","og_title":"CAIXA DE BATERIA PLASTICO PRETO - L279 X L200X H248MM - Auto Barbosa","og_description":"Caixa de bateria em polipropileno REDSPEC 279 x 200 x 248  Modelo universal em polipropileno muito robusto. Vem completo com capa e al\u00e7a. N\u00e3o \u00e0 prova d'\u00e1gua. Dimens\u00f5es: -Comprimento 279 mm. -Largura 200mm. -Altura 248mm.","og_url":"https:\/\/autobarbosa.com\/en\/produto\/caixa-de-bateria-plastico-preto-l279-x-l200x-h248mm\/","og_site_name":"Auto Barbosa","article_publisher":"https:\/\/www.facebook.com\/autobarbosaoficina","article_modified_time":"2026-04-16T07:09:09+00:00","og_image":[{"width":800,"height":800,"url":"https:\/\/autobarbosa.com\/wp-content\/uploads\/2025\/11\/623001.png","type":"image\/png"}],"twitter_card":"summary_large_image","schema":{"@context":"https:\/\/schema.org","@graph":[{"@type":"WebPage","@id":"https:\/\/autobarbosa.com\/en\/produto\/caixa-de-bateria-plastico-preto-l279-x-l200x-h248mm\/","url":"https:\/\/autobarbosa.com\/en\/produto\/caixa-de-bateria-plastico-preto-l279-x-l200x-h248mm\/","name":"CAIXA DE BATERIA PLASTICO PRETO - L279 X L200X H248MM - Auto Barbosa","isPartOf":{"@id":"https:\/\/autobarbosa.com\/en\/#website"},"datePublished":"2025-11-26T08:10:18+00:00","dateModified":"2026-04-16T07:09:09+00:00","breadcrumb":{"@id":"https:\/\/autobarbosa.com\/en\/produto\/caixa-de-bateria-plastico-preto-l279-x-l200x-h248mm\/#breadcrumb"},"inLanguage":"en-US","potentialAction":[{"@type":"ReadAction","target":["https:\/\/autobarbosa.com\/en\/produto\/caixa-de-bateria-plastico-preto-l279-x-l200x-h248mm\/"]}]},{"@type":"BreadcrumbList","@id":"https:\/\/autobarbosa.com\/en\/produto\/caixa-de-bateria-plastico-preto-l279-x-l200x-h248mm\/#breadcrumb","itemListElement":[{"@type":"ListItem","position":1,"name":"In\u00edcio","item":"https:\/\/autobarbosa.com\/en\/"},{"@type":"ListItem","position":2,"name":"Loja","item":"https:\/\/autobarbosa.com\/"},{"@type":"ListItem","position":3,"name":"CAIXA DE BATERIA PLASTICO PRETO &#8211; L279 X L200X H248MM"}]},{"@type":"WebSite","@id":"https:\/\/autobarbosa.com\/en\/#website","url":"https:\/\/autobarbosa.com\/en\/","name":"Auto Barbosa","description":"Site institucional","publisher":{"@id":"https:\/\/autobarbosa.com\/en\/#organization"},"potentialAction":[{"@type":"SearchAction","target":{"@type":"EntryPoint","urlTemplate":"https:\/\/autobarbosa.com\/en\/?s={search_term_string}"},"query-input":"required name=search_term_string"}],"inLanguage":"en-US"},{"@type":"Organization","@id":"https:\/\/autobarbosa.com\/en\/#organization","name":"Auto Barbosa","url":"https:\/\/autobarbosa.com\/en\/","logo":{"@type":"ImageObject","inLanguage":"en-US","@id":"https:\/\/autobarbosa.com\/en\/#\/schema\/logo\/image\/","url":"https:\/\/autobarbosa.com\/wp-content\/uploads\/2023\/03\/AUTO-BARBOSA-LOGO-1-e1678715539111.png","contentUrl":"https:\/\/autobarbosa.com\/wp-content\/uploads\/2023\/03\/AUTO-BARBOSA-LOGO-1-e1678715539111.png","width":3233,"height":3233,"caption":"Auto Barbosa"},"image":{"@id":"https:\/\/autobarbosa.com\/en\/#\/schema\/logo\/image\/"},"sameAs":["https:\/\/www.facebook.com\/autobarbosaoficina","https:\/\/www.instagram.com\/autobarbosa.oficina\/"]}]}},"_links":{"self":[{"href":"https:\/\/autobarbosa.com\/en\/wp-json\/wp\/v3\/product\/19365","targetHints":{"allow":["GET"]}}],"collection":[{"href":"https:\/\/autobarbosa.com\/en\/wp-json\/wp\/v3\/product"}],"about":[{"href":"https:\/\/autobarbosa.com\/en\/wp-json\/wp\/v2\/types\/product"}],"wp:featuredmedia":[{"embeddable":true,"href":"https:\/\/autobarbosa.com\/en\/wp-json\/wp\/v2\/media\/19361"}],"wp:attachment":[{"href":"https:\/\/autobarbosa.com\/en\/wp-json\/wp\/v2\/media?parent=19365"}],"wp:term":[{"taxonomy":"product_cat","embeddable":true,"href":"https:\/\/autobarbosa.com\/en\/wp-json\/wp\/v2\/product_cat?post=19365"},{"taxonomy":"product_tag","embeddable":true,"href":"https:\/\/autobarbosa.com\/en\/wp-json\/wp\/v2\/product_tag?post=19365"},{"taxonomy":"marca","embeddable":true,"href":"https:\/\/autobarbosa.com\/en\/wp-json\/wp\/v2\/marca?post=19365"}],"curies":[{"name":"wp","href":"https:\/\/api.w.org\/{rel}","templated":true}]}}