{"id":19421,"date":"2025-11-30T07:06:02","date_gmt":"2025-11-30T08:06:02","guid":{"rendered":"https:\/\/autobarbosa.com\/produto\/farol-de-encastre-longo-alcance-wesem-halogene-h3-o-183\/"},"modified":"2026-04-22T07:08:58","modified_gmt":"2026-04-22T07:08:58","slug":"farol-de-encastre-longo-alcance-wesem-halogene-h3-o-183","status":"publish","type":"product","link":"https:\/\/autobarbosa.com\/en\/produto\/farol-de-encastre-longo-alcance-wesem-halogene-h3-o-183\/","title":{"rendered":"FAROL DE ENCASTRE LONGO ALCANCE WESEM Halog\u00e8ne H3 \u00d8 183"},"content":{"rendered":"<p>Farol de longo alcance WESEM Hal\u00f3geno H3 \u00d8 183 mm.<\/p>\n<p>Este farol oferece maior simplicidade e durabilidade gra\u00e7as ao seu sistema de inclina\u00e7\u00e3o ajust\u00e1vel (at\u00e9 10\u00b0 de inclina\u00e7\u00e3o).<br \/>\nSua longevidade \u00e9 garantida pelo revestimento de zinco em todos os componentes met\u00e1licos (resistente \u00e0 corros\u00e3o) e pela classifica\u00e7\u00e3o IP55 (totalmente \u00e0 prova d&#8217;\u00e1gua).<br \/>\nA instala\u00e7\u00e3o na barra de farol \u00e9 facilitada pelo colar integrado.<\/p>\n<p>Tipos de l\u00e2mpada compat\u00edveis: H3 12V 55W-100W \/ Xenon H3 12V.<br \/>\nFarol fornecido com l\u00e2mpada H3 55W.<br \/>\nVendido individualmente.<\/p>\n<p>Este farol hal\u00f3geno WESEM pode ser convertido para tecnologia Xenon utilizando os kits Xenon WESEM H3 35W ou 55W (c\u00f3digos 8RSHIDH335W e 8RSHIDH355W).<br \/>\nHomologa\u00e7\u00e3o europeia E20.<\/p>\n<p>Barras de farol e suportes para far\u00f3is de neblina est\u00e3o dispon\u00edveis para diversos ve\u00edculos.<\/p>\n","protected":false},"excerpt":{"rendered":"<p>Farol de longo alcance WESEM Hal\u00f3geno H3 \u00d8 183 mm.<\/p>\n<p>Este farol oferece maior simplicidade e durabilidade gra\u00e7as ao seu sistema de inclina\u00e7\u00e3o ajust\u00e1vel (at\u00e9 10\u00b0 de inclina\u00e7\u00e3o).<br \/>\nSua longevidade \u00e9 garantida pelo revestimento de zinco em todos os componentes met\u00e1licos (resistente \u00e0 corros\u00e3o) e pela classifica\u00e7\u00e3o IP55 (totalmente \u00e0 prova d&#8217;\u00e1gua).<br \/>\nA instala\u00e7\u00e3o na barra de farol \u00e9 facilitada pelo colar integrado.<\/p>\n<p>Tipos de l\u00e2mpada compat\u00edveis: H3 12V 55W-100W \/ Xenon H3 12V.<br \/>\nFarol fornecido com l\u00e2mpada H3 55W.<br \/>\nVendido individualmente.<\/p>\n<p>Este farol hal\u00f3geno WESEM pode ser convertido para tecnologia Xenon utilizando os kits Xenon WESEM H3 35W ou 55W (c\u00f3digos 8RSHIDH335W e 8RSHIDH355W).<br \/>\nHomologa\u00e7\u00e3o europeia E20.<\/p>\n<p>Barras de farol e suportes para far\u00f3is de neblina est\u00e3o dispon\u00edveis para diversos ve\u00edculos.<\/p>\n","protected":false},"featured_media":19417,"template":"","meta":[],"product_cat":[495,496,538],"product_tag":[],"marca":[470],"class_list":["post-19421","product","type-product","status-publish","has-post-thumbnail","hentry","product_cat-iluminacao","product_cat-iluminacao-iluminacao","product_cat-farois-de-encastre","marca-wesem"],"yoast_head":"<!-- This site is optimized with the Yoast SEO plugin v20.5 - https:\/\/yoast.com\/wordpress\/plugins\/seo\/ -->\n<title>FAROL DE ENCASTRE LONGO ALCANCE WESEM Halog\u00e8ne H3 \u00d8 183 - Auto Barbosa<\/title>\n<meta name=\"robots\" content=\"index, follow, max-snippet:-1, max-image-preview:large, max-video-preview:-1\" \/>\n<link rel=\"canonical\" href=\"https:\/\/autobarbosa.com\/en\/produto\/farol-de-encastre-longo-alcance-wesem-halogene-h3-o-183\/\" \/>\n<meta property=\"og:locale\" content=\"en_US\" \/>\n<meta property=\"og:type\" content=\"article\" \/>\n<meta property=\"og:title\" content=\"FAROL DE ENCASTRE LONGO ALCANCE WESEM Halog\u00e8ne H3 \u00d8 183 - Auto Barbosa\" \/>\n<meta property=\"og:description\" content=\"Farol de longo alcance WESEM Hal\u00f3geno H3 \u00d8 183 mm.  Este farol oferece maior simplicidade e durabilidade gra\u00e7as ao seu sistema de inclina\u00e7\u00e3o ajust\u00e1vel (at\u00e9 10\u00b0 de inclina\u00e7\u00e3o). Sua longevidade \u00e9 garantida pelo revestimento de zinco em todos os componentes met\u00e1licos (resistente \u00e0 corros\u00e3o) e pela classifica\u00e7\u00e3o IP55 (totalmente \u00e0 prova d&#039;\u00e1gua). A instala\u00e7\u00e3o na barra de farol \u00e9 facilitada pelo colar integrado.  Tipos de l\u00e2mpada compat\u00edveis: H3 12V 55W-100W \/ Xenon H3 12V. Farol fornecido com l\u00e2mpada H3 55W. Vendido individualmente.  Este farol hal\u00f3geno WESEM pode ser convertido para tecnologia Xenon utilizando os kits Xenon WESEM H3 35W ou 55W (c\u00f3digos 8RSHIDH335W e 8RSHIDH355W). Homologa\u00e7\u00e3o europeia E20.  Barras de farol e suportes para far\u00f3is de neblina est\u00e3o dispon\u00edveis para diversos ve\u00edculos.\" \/>\n<meta property=\"og:url\" content=\"https:\/\/autobarbosa.com\/en\/produto\/farol-de-encastre-longo-alcance-wesem-halogene-h3-o-183\/\" \/>\n<meta property=\"og:site_name\" content=\"Auto Barbosa\" \/>\n<meta property=\"article:publisher\" content=\"https:\/\/www.facebook.com\/autobarbosaoficina\" \/>\n<meta property=\"article:modified_time\" content=\"2026-04-22T07:08:58+00:00\" \/>\n<meta property=\"og:image\" content=\"https:\/\/autobarbosa.com\/wp-content\/uploads\/2025\/11\/622743b.png\" \/>\n\t<meta property=\"og:image:width\" content=\"600\" \/>\n\t<meta property=\"og:image:height\" content=\"600\" \/>\n\t<meta property=\"og:image:type\" content=\"image\/png\" \/>\n<meta name=\"twitter:card\" content=\"summary_large_image\" \/>\n<meta name=\"twitter:label1\" content=\"Est. reading time\" \/>\n\t<meta name=\"twitter:data1\" content=\"1 minute\" \/>\n<script type=\"application\/ld+json\" class=\"yoast-schema-graph\">{\"@context\":\"https:\/\/schema.org\",\"@graph\":[{\"@type\":\"WebPage\",\"@id\":\"https:\/\/autobarbosa.com\/en\/produto\/farol-de-encastre-longo-alcance-wesem-halogene-h3-o-183\/\",\"url\":\"https:\/\/autobarbosa.com\/en\/produto\/farol-de-encastre-longo-alcance-wesem-halogene-h3-o-183\/\",\"name\":\"FAROL DE ENCASTRE LONGO ALCANCE WESEM Halog\u00e8ne H3 \u00d8 183 - Auto Barbosa\",\"isPartOf\":{\"@id\":\"https:\/\/autobarbosa.com\/en\/#website\"},\"datePublished\":\"2025-11-30T08:06:02+00:00\",\"dateModified\":\"2026-04-22T07:08:58+00:00\",\"breadcrumb\":{\"@id\":\"https:\/\/autobarbosa.com\/en\/produto\/farol-de-encastre-longo-alcance-wesem-halogene-h3-o-183\/#breadcrumb\"},\"inLanguage\":\"en-US\",\"potentialAction\":[{\"@type\":\"ReadAction\",\"target\":[\"https:\/\/autobarbosa.com\/en\/produto\/farol-de-encastre-longo-alcance-wesem-halogene-h3-o-183\/\"]}]},{\"@type\":\"BreadcrumbList\",\"@id\":\"https:\/\/autobarbosa.com\/en\/produto\/farol-de-encastre-longo-alcance-wesem-halogene-h3-o-183\/#breadcrumb\",\"itemListElement\":[{\"@type\":\"ListItem\",\"position\":1,\"name\":\"In\u00edcio\",\"item\":\"https:\/\/autobarbosa.com\/en\/\"},{\"@type\":\"ListItem\",\"position\":2,\"name\":\"Loja\",\"item\":\"https:\/\/autobarbosa.com\/\"},{\"@type\":\"ListItem\",\"position\":3,\"name\":\"FAROL DE ENCASTRE LONGO ALCANCE WESEM Halog\u00e8ne H3 \u00d8 183\"}]},{\"@type\":\"WebSite\",\"@id\":\"https:\/\/autobarbosa.com\/en\/#website\",\"url\":\"https:\/\/autobarbosa.com\/en\/\",\"name\":\"Auto Barbosa\",\"description\":\"Site institucional\",\"publisher\":{\"@id\":\"https:\/\/autobarbosa.com\/en\/#organization\"},\"potentialAction\":[{\"@type\":\"SearchAction\",\"target\":{\"@type\":\"EntryPoint\",\"urlTemplate\":\"https:\/\/autobarbosa.com\/en\/?s={search_term_string}\"},\"query-input\":\"required name=search_term_string\"}],\"inLanguage\":\"en-US\"},{\"@type\":\"Organization\",\"@id\":\"https:\/\/autobarbosa.com\/en\/#organization\",\"name\":\"Auto Barbosa\",\"url\":\"https:\/\/autobarbosa.com\/en\/\",\"logo\":{\"@type\":\"ImageObject\",\"inLanguage\":\"en-US\",\"@id\":\"https:\/\/autobarbosa.com\/en\/#\/schema\/logo\/image\/\",\"url\":\"https:\/\/autobarbosa.com\/wp-content\/uploads\/2023\/03\/AUTO-BARBOSA-LOGO-1-e1678715539111.png\",\"contentUrl\":\"https:\/\/autobarbosa.com\/wp-content\/uploads\/2023\/03\/AUTO-BARBOSA-LOGO-1-e1678715539111.png\",\"width\":3233,\"height\":3233,\"caption\":\"Auto Barbosa\"},\"image\":{\"@id\":\"https:\/\/autobarbosa.com\/en\/#\/schema\/logo\/image\/\"},\"sameAs\":[\"https:\/\/www.facebook.com\/autobarbosaoficina\",\"https:\/\/www.instagram.com\/autobarbosa.oficina\/\"]}]}<\/script>\n<!-- \/ Yoast SEO plugin. -->","yoast_head_json":{"title":"FAROL DE ENCASTRE LONGO ALCANCE WESEM Halog\u00e8ne H3 \u00d8 183 - Auto Barbosa","robots":{"index":"index","follow":"follow","max-snippet":"max-snippet:-1","max-image-preview":"max-image-preview:large","max-video-preview":"max-video-preview:-1"},"canonical":"https:\/\/autobarbosa.com\/en\/produto\/farol-de-encastre-longo-alcance-wesem-halogene-h3-o-183\/","og_locale":"en_US","og_type":"article","og_title":"FAROL DE ENCASTRE LONGO ALCANCE WESEM Halog\u00e8ne H3 \u00d8 183 - Auto Barbosa","og_description":"Farol de longo alcance WESEM Hal\u00f3geno H3 \u00d8 183 mm.  Este farol oferece maior simplicidade e durabilidade gra\u00e7as ao seu sistema de inclina\u00e7\u00e3o ajust\u00e1vel (at\u00e9 10\u00b0 de inclina\u00e7\u00e3o). Sua longevidade \u00e9 garantida pelo revestimento de zinco em todos os componentes met\u00e1licos (resistente \u00e0 corros\u00e3o) e pela classifica\u00e7\u00e3o IP55 (totalmente \u00e0 prova d'\u00e1gua). A instala\u00e7\u00e3o na barra de farol \u00e9 facilitada pelo colar integrado.  Tipos de l\u00e2mpada compat\u00edveis: H3 12V 55W-100W \/ Xenon H3 12V. Farol fornecido com l\u00e2mpada H3 55W. Vendido individualmente.  Este farol hal\u00f3geno WESEM pode ser convertido para tecnologia Xenon utilizando os kits Xenon WESEM H3 35W ou 55W (c\u00f3digos 8RSHIDH335W e 8RSHIDH355W). Homologa\u00e7\u00e3o europeia E20.  Barras de farol e suportes para far\u00f3is de neblina est\u00e3o dispon\u00edveis para diversos ve\u00edculos.","og_url":"https:\/\/autobarbosa.com\/en\/produto\/farol-de-encastre-longo-alcance-wesem-halogene-h3-o-183\/","og_site_name":"Auto Barbosa","article_publisher":"https:\/\/www.facebook.com\/autobarbosaoficina","article_modified_time":"2026-04-22T07:08:58+00:00","og_image":[{"width":600,"height":600,"url":"https:\/\/autobarbosa.com\/wp-content\/uploads\/2025\/11\/622743b.png","type":"image\/png"}],"twitter_card":"summary_large_image","twitter_misc":{"Est. reading time":"1 minute"},"schema":{"@context":"https:\/\/schema.org","@graph":[{"@type":"WebPage","@id":"https:\/\/autobarbosa.com\/en\/produto\/farol-de-encastre-longo-alcance-wesem-halogene-h3-o-183\/","url":"https:\/\/autobarbosa.com\/en\/produto\/farol-de-encastre-longo-alcance-wesem-halogene-h3-o-183\/","name":"FAROL DE ENCASTRE LONGO ALCANCE WESEM Halog\u00e8ne H3 \u00d8 183 - Auto Barbosa","isPartOf":{"@id":"https:\/\/autobarbosa.com\/en\/#website"},"datePublished":"2025-11-30T08:06:02+00:00","dateModified":"2026-04-22T07:08:58+00:00","breadcrumb":{"@id":"https:\/\/autobarbosa.com\/en\/produto\/farol-de-encastre-longo-alcance-wesem-halogene-h3-o-183\/#breadcrumb"},"inLanguage":"en-US","potentialAction":[{"@type":"ReadAction","target":["https:\/\/autobarbosa.com\/en\/produto\/farol-de-encastre-longo-alcance-wesem-halogene-h3-o-183\/"]}]},{"@type":"BreadcrumbList","@id":"https:\/\/autobarbosa.com\/en\/produto\/farol-de-encastre-longo-alcance-wesem-halogene-h3-o-183\/#breadcrumb","itemListElement":[{"@type":"ListItem","position":1,"name":"In\u00edcio","item":"https:\/\/autobarbosa.com\/en\/"},{"@type":"ListItem","position":2,"name":"Loja","item":"https:\/\/autobarbosa.com\/"},{"@type":"ListItem","position":3,"name":"FAROL DE ENCASTRE LONGO ALCANCE WESEM Halog\u00e8ne H3 \u00d8 183"}]},{"@type":"WebSite","@id":"https:\/\/autobarbosa.com\/en\/#website","url":"https:\/\/autobarbosa.com\/en\/","name":"Auto Barbosa","description":"Site institucional","publisher":{"@id":"https:\/\/autobarbosa.com\/en\/#organization"},"potentialAction":[{"@type":"SearchAction","target":{"@type":"EntryPoint","urlTemplate":"https:\/\/autobarbosa.com\/en\/?s={search_term_string}"},"query-input":"required name=search_term_string"}],"inLanguage":"en-US"},{"@type":"Organization","@id":"https:\/\/autobarbosa.com\/en\/#organization","name":"Auto Barbosa","url":"https:\/\/autobarbosa.com\/en\/","logo":{"@type":"ImageObject","inLanguage":"en-US","@id":"https:\/\/autobarbosa.com\/en\/#\/schema\/logo\/image\/","url":"https:\/\/autobarbosa.com\/wp-content\/uploads\/2023\/03\/AUTO-BARBOSA-LOGO-1-e1678715539111.png","contentUrl":"https:\/\/autobarbosa.com\/wp-content\/uploads\/2023\/03\/AUTO-BARBOSA-LOGO-1-e1678715539111.png","width":3233,"height":3233,"caption":"Auto Barbosa"},"image":{"@id":"https:\/\/autobarbosa.com\/en\/#\/schema\/logo\/image\/"},"sameAs":["https:\/\/www.facebook.com\/autobarbosaoficina","https:\/\/www.instagram.com\/autobarbosa.oficina\/"]}]}},"_links":{"self":[{"href":"https:\/\/autobarbosa.com\/en\/wp-json\/wp\/v3\/product\/19421","targetHints":{"allow":["GET"]}}],"collection":[{"href":"https:\/\/autobarbosa.com\/en\/wp-json\/wp\/v3\/product"}],"about":[{"href":"https:\/\/autobarbosa.com\/en\/wp-json\/wp\/v2\/types\/product"}],"wp:featuredmedia":[{"embeddable":true,"href":"https:\/\/autobarbosa.com\/en\/wp-json\/wp\/v2\/media\/19417"}],"wp:attachment":[{"href":"https:\/\/autobarbosa.com\/en\/wp-json\/wp\/v2\/media?parent=19421"}],"wp:term":[{"taxonomy":"product_cat","embeddable":true,"href":"https:\/\/autobarbosa.com\/en\/wp-json\/wp\/v2\/product_cat?post=19421"},{"taxonomy":"product_tag","embeddable":true,"href":"https:\/\/autobarbosa.com\/en\/wp-json\/wp\/v2\/product_tag?post=19421"},{"taxonomy":"marca","embeddable":true,"href":"https:\/\/autobarbosa.com\/en\/wp-json\/wp\/v2\/marca?post=19421"}],"curies":[{"name":"wp","href":"https:\/\/api.w.org\/{rel}","templated":true}]}}