{"id":19437,"date":"2025-12-03T07:05:19","date_gmt":"2025-12-03T08:05:19","guid":{"rendered":"https:\/\/autobarbosa.com\/produto\/oleo-transmissao-redline-75w140-gl-5-embalagem-378l\/"},"modified":"2026-05-01T07:07:25","modified_gmt":"2026-05-01T07:07:25","slug":"oleo-transmissao-redline-75w140-gl-5-embalagem-378l","status":"publish","type":"product","link":"https:\/\/autobarbosa.com\/en\/produto\/oleo-transmissao-redline-75w140-gl-5-embalagem-378l\/","title":{"rendered":"OLEO TRANSMISS\u00c3O REDLINE 75W140 GL-5  (EMBALAGEM 3,78L)"},"content":{"rendered":"<p>\u00d3leo de transmiss\u00e3o RED LINE 75W140 GL-5 3,78L<\/p>\n<p>\u00d3leo de poliol \u00e9ster sint\u00e9tico que proporciona excelente lubrifica\u00e7\u00e3o em condi\u00e7\u00f5es extremas para engrenagens hipoides.<\/p>\n<p>Alto \u00edndice de viscosidade para fornecer viscosidade consistente.<br \/>\nCont\u00e9m modificadores de fric\u00e7\u00e3o adicionais para compatibilidade com diferenciais de deslizamento limitado &#8211; para a maioria dos prop\u00f3sitos, nenhum modificador de fric\u00e7\u00e3o adicional \u00e9 necess\u00e1rio.<br \/>\nClassifica\u00e7\u00e3o padr\u00e3o API GL5 75W140.<\/p>\n<p>Tamb\u00e9m recomendado para transmiss\u00f5es usando especifica\u00e7\u00f5es GL-5, GL-6 e MT-1, MIL-L-2105E e SAE J2360.<br \/>\nUsado em carros e caminh\u00f5es leves, como: FORD Mustang, FORD F-150, DODGE Ram, TOYOTA Tundra e Sequoia e JEEP Cherokee.<\/p>\n<p>N\u00e3o recomendado para uso na maioria das transmiss\u00f5es manuais ou eixos.<\/p>\n","protected":false},"excerpt":{"rendered":"<p>\u00d3leo de transmiss\u00e3o RED LINE 75W140 GL-5 3,78L<\/p>\n<p>\u00d3leo de poliol \u00e9ster sint\u00e9tico que proporciona excelente lubrifica\u00e7\u00e3o em condi\u00e7\u00f5es extremas para engrenagens hipoides.<\/p>\n<p>Alto \u00edndice de viscosidade para fornecer viscosidade consistente.<br \/>\nCont\u00e9m modificadores de fric\u00e7\u00e3o adicionais para compatibilidade com diferenciais de deslizamento limitado &#8211; para a maioria dos prop\u00f3sitos, nenhum modificador de fric\u00e7\u00e3o adicional \u00e9 necess\u00e1rio.<br \/>\nClassifica\u00e7\u00e3o padr\u00e3o API GL5 75W140.<\/p>\n<p>Tamb\u00e9m recomendado para transmiss\u00f5es usando especifica\u00e7\u00f5es GL-5, GL-6 e MT-1, MIL-L-2105E e SAE J2360.<br \/>\nUsado em carros e caminh\u00f5es leves, como: FORD Mustang, FORD F-150, DODGE Ram, TOYOTA Tundra e Sequoia e JEEP Cherokee.<\/p>\n<p>N\u00e3o recomendado para uso na maioria das transmiss\u00f5es manuais ou eixos.<\/p>\n","protected":false},"featured_media":19433,"template":"","meta":[],"product_cat":[849],"product_tag":[],"marca":[854],"class_list":["post-19437","product","type-product","status-publish","has-post-thumbnail","hentry","product_cat-oleos","marca-redline"],"yoast_head":"<!-- This site is optimized with the Yoast SEO plugin v20.5 - https:\/\/yoast.com\/wordpress\/plugins\/seo\/ -->\n<title>OLEO TRANSMISS\u00c3O REDLINE 75W140 GL-5 (EMBALAGEM 3,78L) - Auto Barbosa<\/title>\n<meta name=\"robots\" content=\"index, follow, max-snippet:-1, max-image-preview:large, max-video-preview:-1\" \/>\n<link rel=\"canonical\" href=\"https:\/\/autobarbosa.com\/en\/produto\/oleo-transmissao-redline-75w140-gl-5-embalagem-378l\/\" \/>\n<meta property=\"og:locale\" content=\"en_US\" \/>\n<meta property=\"og:type\" content=\"article\" \/>\n<meta property=\"og:title\" content=\"OLEO TRANSMISS\u00c3O REDLINE 75W140 GL-5 (EMBALAGEM 3,78L) - Auto Barbosa\" \/>\n<meta property=\"og:description\" content=\"\u00d3leo de transmiss\u00e3o RED LINE 75W140 GL-5 3,78L  \u00d3leo de poliol \u00e9ster sint\u00e9tico que proporciona excelente lubrifica\u00e7\u00e3o em condi\u00e7\u00f5es extremas para engrenagens hipoides.  Alto \u00edndice de viscosidade para fornecer viscosidade consistente. Cont\u00e9m modificadores de fric\u00e7\u00e3o adicionais para compatibilidade com diferenciais de deslizamento limitado - para a maioria dos prop\u00f3sitos, nenhum modificador de fric\u00e7\u00e3o adicional \u00e9 necess\u00e1rio. Classifica\u00e7\u00e3o padr\u00e3o API GL5 75W140.  Tamb\u00e9m recomendado para transmiss\u00f5es usando especifica\u00e7\u00f5es GL-5, GL-6 e MT-1, MIL-L-2105E e SAE J2360. Usado em carros e caminh\u00f5es leves, como: FORD Mustang, FORD F-150, DODGE Ram, TOYOTA Tundra e Sequoia e JEEP Cherokee.  N\u00e3o recomendado para uso na maioria das transmiss\u00f5es manuais ou eixos.\" \/>\n<meta property=\"og:url\" content=\"https:\/\/autobarbosa.com\/en\/produto\/oleo-transmissao-redline-75w140-gl-5-embalagem-378l\/\" \/>\n<meta property=\"og:site_name\" content=\"Auto Barbosa\" \/>\n<meta property=\"article:publisher\" content=\"https:\/\/www.facebook.com\/autobarbosaoficina\" \/>\n<meta property=\"article:modified_time\" content=\"2026-05-01T07:07:25+00:00\" \/>\n<meta property=\"og:image\" content=\"https:\/\/autobarbosa.com\/wp-content\/uploads\/2025\/12\/57915.png\" \/>\n\t<meta property=\"og:image:width\" content=\"800\" \/>\n\t<meta property=\"og:image:height\" content=\"800\" \/>\n\t<meta property=\"og:image:type\" content=\"image\/png\" \/>\n<meta name=\"twitter:card\" content=\"summary_large_image\" \/>\n<meta name=\"twitter:label1\" content=\"Est. reading time\" \/>\n\t<meta name=\"twitter:data1\" content=\"1 minute\" \/>\n<script type=\"application\/ld+json\" class=\"yoast-schema-graph\">{\"@context\":\"https:\/\/schema.org\",\"@graph\":[{\"@type\":\"WebPage\",\"@id\":\"https:\/\/autobarbosa.com\/en\/produto\/oleo-transmissao-redline-75w140-gl-5-embalagem-378l\/\",\"url\":\"https:\/\/autobarbosa.com\/en\/produto\/oleo-transmissao-redline-75w140-gl-5-embalagem-378l\/\",\"name\":\"OLEO TRANSMISS\u00c3O REDLINE 75W140 GL-5 (EMBALAGEM 3,78L) - Auto Barbosa\",\"isPartOf\":{\"@id\":\"https:\/\/autobarbosa.com\/en\/#website\"},\"datePublished\":\"2025-12-03T08:05:19+00:00\",\"dateModified\":\"2026-05-01T07:07:25+00:00\",\"breadcrumb\":{\"@id\":\"https:\/\/autobarbosa.com\/en\/produto\/oleo-transmissao-redline-75w140-gl-5-embalagem-378l\/#breadcrumb\"},\"inLanguage\":\"en-US\",\"potentialAction\":[{\"@type\":\"ReadAction\",\"target\":[\"https:\/\/autobarbosa.com\/en\/produto\/oleo-transmissao-redline-75w140-gl-5-embalagem-378l\/\"]}]},{\"@type\":\"BreadcrumbList\",\"@id\":\"https:\/\/autobarbosa.com\/en\/produto\/oleo-transmissao-redline-75w140-gl-5-embalagem-378l\/#breadcrumb\",\"itemListElement\":[{\"@type\":\"ListItem\",\"position\":1,\"name\":\"In\u00edcio\",\"item\":\"https:\/\/autobarbosa.com\/en\/\"},{\"@type\":\"ListItem\",\"position\":2,\"name\":\"Loja\",\"item\":\"https:\/\/autobarbosa.com\/\"},{\"@type\":\"ListItem\",\"position\":3,\"name\":\"OLEO TRANSMISS\u00c3O REDLINE 75W140 GL-5 (EMBALAGEM 3,78L)\"}]},{\"@type\":\"WebSite\",\"@id\":\"https:\/\/autobarbosa.com\/en\/#website\",\"url\":\"https:\/\/autobarbosa.com\/en\/\",\"name\":\"Auto Barbosa\",\"description\":\"Site institucional\",\"publisher\":{\"@id\":\"https:\/\/autobarbosa.com\/en\/#organization\"},\"potentialAction\":[{\"@type\":\"SearchAction\",\"target\":{\"@type\":\"EntryPoint\",\"urlTemplate\":\"https:\/\/autobarbosa.com\/en\/?s={search_term_string}\"},\"query-input\":\"required name=search_term_string\"}],\"inLanguage\":\"en-US\"},{\"@type\":\"Organization\",\"@id\":\"https:\/\/autobarbosa.com\/en\/#organization\",\"name\":\"Auto Barbosa\",\"url\":\"https:\/\/autobarbosa.com\/en\/\",\"logo\":{\"@type\":\"ImageObject\",\"inLanguage\":\"en-US\",\"@id\":\"https:\/\/autobarbosa.com\/en\/#\/schema\/logo\/image\/\",\"url\":\"https:\/\/autobarbosa.com\/wp-content\/uploads\/2023\/03\/AUTO-BARBOSA-LOGO-1-e1678715539111.png\",\"contentUrl\":\"https:\/\/autobarbosa.com\/wp-content\/uploads\/2023\/03\/AUTO-BARBOSA-LOGO-1-e1678715539111.png\",\"width\":3233,\"height\":3233,\"caption\":\"Auto Barbosa\"},\"image\":{\"@id\":\"https:\/\/autobarbosa.com\/en\/#\/schema\/logo\/image\/\"},\"sameAs\":[\"https:\/\/www.facebook.com\/autobarbosaoficina\",\"https:\/\/www.instagram.com\/autobarbosa.oficina\/\"]}]}<\/script>\n<!-- \/ Yoast SEO plugin. -->","yoast_head_json":{"title":"OLEO TRANSMISS\u00c3O REDLINE 75W140 GL-5 (EMBALAGEM 3,78L) - Auto Barbosa","robots":{"index":"index","follow":"follow","max-snippet":"max-snippet:-1","max-image-preview":"max-image-preview:large","max-video-preview":"max-video-preview:-1"},"canonical":"https:\/\/autobarbosa.com\/en\/produto\/oleo-transmissao-redline-75w140-gl-5-embalagem-378l\/","og_locale":"en_US","og_type":"article","og_title":"OLEO TRANSMISS\u00c3O REDLINE 75W140 GL-5 (EMBALAGEM 3,78L) - Auto Barbosa","og_description":"\u00d3leo de transmiss\u00e3o RED LINE 75W140 GL-5 3,78L  \u00d3leo de poliol \u00e9ster sint\u00e9tico que proporciona excelente lubrifica\u00e7\u00e3o em condi\u00e7\u00f5es extremas para engrenagens hipoides.  Alto \u00edndice de viscosidade para fornecer viscosidade consistente. Cont\u00e9m modificadores de fric\u00e7\u00e3o adicionais para compatibilidade com diferenciais de deslizamento limitado - para a maioria dos prop\u00f3sitos, nenhum modificador de fric\u00e7\u00e3o adicional \u00e9 necess\u00e1rio. Classifica\u00e7\u00e3o padr\u00e3o API GL5 75W140.  Tamb\u00e9m recomendado para transmiss\u00f5es usando especifica\u00e7\u00f5es GL-5, GL-6 e MT-1, MIL-L-2105E e SAE J2360. Usado em carros e caminh\u00f5es leves, como: FORD Mustang, FORD F-150, DODGE Ram, TOYOTA Tundra e Sequoia e JEEP Cherokee.  N\u00e3o recomendado para uso na maioria das transmiss\u00f5es manuais ou eixos.","og_url":"https:\/\/autobarbosa.com\/en\/produto\/oleo-transmissao-redline-75w140-gl-5-embalagem-378l\/","og_site_name":"Auto Barbosa","article_publisher":"https:\/\/www.facebook.com\/autobarbosaoficina","article_modified_time":"2026-05-01T07:07:25+00:00","og_image":[{"width":800,"height":800,"url":"https:\/\/autobarbosa.com\/wp-content\/uploads\/2025\/12\/57915.png","type":"image\/png"}],"twitter_card":"summary_large_image","twitter_misc":{"Est. reading time":"1 minute"},"schema":{"@context":"https:\/\/schema.org","@graph":[{"@type":"WebPage","@id":"https:\/\/autobarbosa.com\/en\/produto\/oleo-transmissao-redline-75w140-gl-5-embalagem-378l\/","url":"https:\/\/autobarbosa.com\/en\/produto\/oleo-transmissao-redline-75w140-gl-5-embalagem-378l\/","name":"OLEO TRANSMISS\u00c3O REDLINE 75W140 GL-5 (EMBALAGEM 3,78L) - Auto Barbosa","isPartOf":{"@id":"https:\/\/autobarbosa.com\/en\/#website"},"datePublished":"2025-12-03T08:05:19+00:00","dateModified":"2026-05-01T07:07:25+00:00","breadcrumb":{"@id":"https:\/\/autobarbosa.com\/en\/produto\/oleo-transmissao-redline-75w140-gl-5-embalagem-378l\/#breadcrumb"},"inLanguage":"en-US","potentialAction":[{"@type":"ReadAction","target":["https:\/\/autobarbosa.com\/en\/produto\/oleo-transmissao-redline-75w140-gl-5-embalagem-378l\/"]}]},{"@type":"BreadcrumbList","@id":"https:\/\/autobarbosa.com\/en\/produto\/oleo-transmissao-redline-75w140-gl-5-embalagem-378l\/#breadcrumb","itemListElement":[{"@type":"ListItem","position":1,"name":"In\u00edcio","item":"https:\/\/autobarbosa.com\/en\/"},{"@type":"ListItem","position":2,"name":"Loja","item":"https:\/\/autobarbosa.com\/"},{"@type":"ListItem","position":3,"name":"OLEO TRANSMISS\u00c3O REDLINE 75W140 GL-5 (EMBALAGEM 3,78L)"}]},{"@type":"WebSite","@id":"https:\/\/autobarbosa.com\/en\/#website","url":"https:\/\/autobarbosa.com\/en\/","name":"Auto Barbosa","description":"Site institucional","publisher":{"@id":"https:\/\/autobarbosa.com\/en\/#organization"},"potentialAction":[{"@type":"SearchAction","target":{"@type":"EntryPoint","urlTemplate":"https:\/\/autobarbosa.com\/en\/?s={search_term_string}"},"query-input":"required name=search_term_string"}],"inLanguage":"en-US"},{"@type":"Organization","@id":"https:\/\/autobarbosa.com\/en\/#organization","name":"Auto Barbosa","url":"https:\/\/autobarbosa.com\/en\/","logo":{"@type":"ImageObject","inLanguage":"en-US","@id":"https:\/\/autobarbosa.com\/en\/#\/schema\/logo\/image\/","url":"https:\/\/autobarbosa.com\/wp-content\/uploads\/2023\/03\/AUTO-BARBOSA-LOGO-1-e1678715539111.png","contentUrl":"https:\/\/autobarbosa.com\/wp-content\/uploads\/2023\/03\/AUTO-BARBOSA-LOGO-1-e1678715539111.png","width":3233,"height":3233,"caption":"Auto Barbosa"},"image":{"@id":"https:\/\/autobarbosa.com\/en\/#\/schema\/logo\/image\/"},"sameAs":["https:\/\/www.facebook.com\/autobarbosaoficina","https:\/\/www.instagram.com\/autobarbosa.oficina\/"]}]}},"_links":{"self":[{"href":"https:\/\/autobarbosa.com\/en\/wp-json\/wp\/v3\/product\/19437","targetHints":{"allow":["GET"]}}],"collection":[{"href":"https:\/\/autobarbosa.com\/en\/wp-json\/wp\/v3\/product"}],"about":[{"href":"https:\/\/autobarbosa.com\/en\/wp-json\/wp\/v2\/types\/product"}],"wp:featuredmedia":[{"embeddable":true,"href":"https:\/\/autobarbosa.com\/en\/wp-json\/wp\/v2\/media\/19433"}],"wp:attachment":[{"href":"https:\/\/autobarbosa.com\/en\/wp-json\/wp\/v2\/media?parent=19437"}],"wp:term":[{"taxonomy":"product_cat","embeddable":true,"href":"https:\/\/autobarbosa.com\/en\/wp-json\/wp\/v2\/product_cat?post=19437"},{"taxonomy":"product_tag","embeddable":true,"href":"https:\/\/autobarbosa.com\/en\/wp-json\/wp\/v2\/product_tag?post=19437"},{"taxonomy":"marca","embeddable":true,"href":"https:\/\/autobarbosa.com\/en\/wp-json\/wp\/v2\/marca?post=19437"}],"curies":[{"name":"wp","href":"https:\/\/api.w.org\/{rel}","templated":true}]}}