{"id":19453,"date":"2025-12-06T07:07:05","date_gmt":"2025-12-06T08:07:05","guid":{"rendered":"https:\/\/autobarbosa.com\/produto\/calandra-de-farois-fibra-citroen-saxo-fase-1-4x-200mm\/"},"modified":"2026-04-21T19:09:48","modified_gmt":"2026-04-21T19:09:48","slug":"calandra-de-farois-fibra-citroen-saxo-fase-1-4x-200mm","status":"publish","type":"product","link":"https:\/\/autobarbosa.com\/en\/produto\/calandra-de-farois-fibra-citroen-saxo-fase-1-4x-200mm\/","title":{"rendered":"CALANDRA DE FAROIS FIBRA &#8211;  CITROEN SAXO FASE 1 &#8211;  4X 200mm"},"content":{"rendered":"<p>Calandra de far\u00f3is para CITROEN Saxo Phase 1 4 x 200 mm<\/p>\n<p>Calandra de far\u00f3is nua em poli\u00e9ster.<br \/>\nFura\u00e7\u00e3o: 4 x 200 mm.<\/p>\n<p>Possibilidade de montagem de 4 far\u00f3is de neblina hal\u00f3genos WESEM \u00d8 152 mm (ref. 622745B) ou \u00d8 183 mm (ref. 622741B).<br \/>\nPossibilidade de montagem de 4 luzes de longo alcance hal\u00f3genos WESEM \u00d8 152 mm (ref. 622747B) ou \u00d8 183 mm (ref. 622743B).<br \/>\nPossibilidade de montagem de 4 far\u00f3is de neblina xenon WESEM \u00d8 152 mm (ref. 622745BX) ou \u00d8 183 mm (ref. 622741BX).<br \/>\nPossibilidade de montagem de 4 lentes de longo alcance WESEM Xenon \u00d8 152 mm (ref. 622747BX) ou \u00d8 183 mm (ref. 622743BX).<\/p>\n<p>N\u00e3o se esque\u00e7a da bolsa para barra de farol REDSPEC (ref. 8RS1022), ideal para transportar e proteger sua barra.<\/p>\n","protected":false},"excerpt":{"rendered":"<p>Calandra de far\u00f3is para CITROEN Saxo Phase 1 4 x 200 mm<\/p>\n<p>Calandra de far\u00f3is nua em poli\u00e9ster.<br \/>\nFura\u00e7\u00e3o: 4 x 200 mm.<\/p>\n<p>Possibilidade de montagem de 4 far\u00f3is de neblina hal\u00f3genos WESEM \u00d8 152 mm (ref. 622745B) ou \u00d8 183 mm (ref. 622741B).<br \/>\nPossibilidade de montagem de 4 luzes de longo alcance hal\u00f3genos WESEM \u00d8 152 mm (ref. 622747B) ou \u00d8 183 mm (ref. 622743B).<br \/>\nPossibilidade de montagem de 4 far\u00f3is de neblina xenon WESEM \u00d8 152 mm (ref. 622745BX) ou \u00d8 183 mm (ref. 622741BX).<br \/>\nPossibilidade de montagem de 4 lentes de longo alcance WESEM Xenon \u00d8 152 mm (ref. 622747BX) ou \u00d8 183 mm (ref. 622743BX).<\/p>\n<p>N\u00e3o se esque\u00e7a da bolsa para barra de farol REDSPEC (ref. 8RS1022), ideal para transportar e proteger sua barra.<\/p>\n","protected":false},"featured_media":19449,"template":"","meta":[],"product_cat":[998,495,496],"product_tag":[],"marca":[121],"class_list":["post-19453","product","type-product","status-publish","has-post-thumbnail","hentry","product_cat-rampas-farois-fibra","product_cat-iluminacao","product_cat-iluminacao-iluminacao","marca-red-spec"],"yoast_head":"<!-- This site is optimized with the Yoast SEO plugin v20.5 - https:\/\/yoast.com\/wordpress\/plugins\/seo\/ -->\n<title>CALANDRA DE FAROIS FIBRA - CITROEN SAXO FASE 1 - 4X 200mm - Auto Barbosa<\/title>\n<meta name=\"robots\" content=\"index, follow, max-snippet:-1, max-image-preview:large, max-video-preview:-1\" \/>\n<link rel=\"canonical\" href=\"https:\/\/autobarbosa.com\/en\/produto\/calandra-de-farois-fibra-citroen-saxo-fase-1-4x-200mm\/\" \/>\n<meta property=\"og:locale\" content=\"en_US\" \/>\n<meta property=\"og:type\" content=\"article\" \/>\n<meta property=\"og:title\" content=\"CALANDRA DE FAROIS FIBRA - CITROEN SAXO FASE 1 - 4X 200mm - Auto Barbosa\" \/>\n<meta property=\"og:description\" content=\"Calandra de far\u00f3is para CITROEN Saxo Phase 1 4 x 200 mm  Calandra de far\u00f3is nua em poli\u00e9ster. Fura\u00e7\u00e3o: 4 x 200 mm.  Possibilidade de montagem de 4 far\u00f3is de neblina hal\u00f3genos WESEM \u00d8 152 mm (ref. 622745B) ou \u00d8 183 mm (ref. 622741B). Possibilidade de montagem de 4 luzes de longo alcance hal\u00f3genos WESEM \u00d8 152 mm (ref. 622747B) ou \u00d8 183 mm (ref. 622743B). Possibilidade de montagem de 4 far\u00f3is de neblina xenon WESEM \u00d8 152 mm (ref. 622745BX) ou \u00d8 183 mm (ref. 622741BX). Possibilidade de montagem de 4 lentes de longo alcance WESEM Xenon \u00d8 152 mm (ref. 622747BX) ou \u00d8 183 mm (ref. 622743BX).  N\u00e3o se esque\u00e7a da bolsa para barra de farol REDSPEC (ref. 8RS1022), ideal para transportar e proteger sua barra.\" \/>\n<meta property=\"og:url\" content=\"https:\/\/autobarbosa.com\/en\/produto\/calandra-de-farois-fibra-citroen-saxo-fase-1-4x-200mm\/\" \/>\n<meta property=\"og:site_name\" content=\"Auto Barbosa\" \/>\n<meta property=\"article:publisher\" content=\"https:\/\/www.facebook.com\/autobarbosaoficina\" \/>\n<meta property=\"article:modified_time\" content=\"2026-04-21T19:09:48+00:00\" \/>\n<meta property=\"og:image\" content=\"https:\/\/autobarbosa.com\/wp-content\/uploads\/2025\/12\/626pf05.png\" \/>\n\t<meta property=\"og:image:width\" content=\"800\" \/>\n\t<meta property=\"og:image:height\" content=\"800\" \/>\n\t<meta property=\"og:image:type\" content=\"image\/png\" \/>\n<meta name=\"twitter:card\" content=\"summary_large_image\" \/>\n<meta name=\"twitter:label1\" content=\"Est. reading time\" \/>\n\t<meta name=\"twitter:data1\" content=\"1 minute\" \/>\n<script type=\"application\/ld+json\" class=\"yoast-schema-graph\">{\"@context\":\"https:\/\/schema.org\",\"@graph\":[{\"@type\":\"WebPage\",\"@id\":\"https:\/\/autobarbosa.com\/en\/produto\/calandra-de-farois-fibra-citroen-saxo-fase-1-4x-200mm\/\",\"url\":\"https:\/\/autobarbosa.com\/en\/produto\/calandra-de-farois-fibra-citroen-saxo-fase-1-4x-200mm\/\",\"name\":\"CALANDRA DE FAROIS FIBRA - CITROEN SAXO FASE 1 - 4X 200mm - Auto Barbosa\",\"isPartOf\":{\"@id\":\"https:\/\/autobarbosa.com\/en\/#website\"},\"datePublished\":\"2025-12-06T08:07:05+00:00\",\"dateModified\":\"2026-04-21T19:09:48+00:00\",\"breadcrumb\":{\"@id\":\"https:\/\/autobarbosa.com\/en\/produto\/calandra-de-farois-fibra-citroen-saxo-fase-1-4x-200mm\/#breadcrumb\"},\"inLanguage\":\"en-US\",\"potentialAction\":[{\"@type\":\"ReadAction\",\"target\":[\"https:\/\/autobarbosa.com\/en\/produto\/calandra-de-farois-fibra-citroen-saxo-fase-1-4x-200mm\/\"]}]},{\"@type\":\"BreadcrumbList\",\"@id\":\"https:\/\/autobarbosa.com\/en\/produto\/calandra-de-farois-fibra-citroen-saxo-fase-1-4x-200mm\/#breadcrumb\",\"itemListElement\":[{\"@type\":\"ListItem\",\"position\":1,\"name\":\"In\u00edcio\",\"item\":\"https:\/\/autobarbosa.com\/en\/\"},{\"@type\":\"ListItem\",\"position\":2,\"name\":\"Loja\",\"item\":\"https:\/\/autobarbosa.com\/\"},{\"@type\":\"ListItem\",\"position\":3,\"name\":\"CALANDRA DE FAROIS FIBRA &#8211; CITROEN SAXO FASE 1 &#8211; 4X 200mm\"}]},{\"@type\":\"WebSite\",\"@id\":\"https:\/\/autobarbosa.com\/en\/#website\",\"url\":\"https:\/\/autobarbosa.com\/en\/\",\"name\":\"Auto Barbosa\",\"description\":\"Site institucional\",\"publisher\":{\"@id\":\"https:\/\/autobarbosa.com\/en\/#organization\"},\"potentialAction\":[{\"@type\":\"SearchAction\",\"target\":{\"@type\":\"EntryPoint\",\"urlTemplate\":\"https:\/\/autobarbosa.com\/en\/?s={search_term_string}\"},\"query-input\":\"required name=search_term_string\"}],\"inLanguage\":\"en-US\"},{\"@type\":\"Organization\",\"@id\":\"https:\/\/autobarbosa.com\/en\/#organization\",\"name\":\"Auto Barbosa\",\"url\":\"https:\/\/autobarbosa.com\/en\/\",\"logo\":{\"@type\":\"ImageObject\",\"inLanguage\":\"en-US\",\"@id\":\"https:\/\/autobarbosa.com\/en\/#\/schema\/logo\/image\/\",\"url\":\"https:\/\/autobarbosa.com\/wp-content\/uploads\/2023\/03\/AUTO-BARBOSA-LOGO-1-e1678715539111.png\",\"contentUrl\":\"https:\/\/autobarbosa.com\/wp-content\/uploads\/2023\/03\/AUTO-BARBOSA-LOGO-1-e1678715539111.png\",\"width\":3233,\"height\":3233,\"caption\":\"Auto Barbosa\"},\"image\":{\"@id\":\"https:\/\/autobarbosa.com\/en\/#\/schema\/logo\/image\/\"},\"sameAs\":[\"https:\/\/www.facebook.com\/autobarbosaoficina\",\"https:\/\/www.instagram.com\/autobarbosa.oficina\/\"]}]}<\/script>\n<!-- \/ Yoast SEO plugin. -->","yoast_head_json":{"title":"CALANDRA DE FAROIS FIBRA - CITROEN SAXO FASE 1 - 4X 200mm - Auto Barbosa","robots":{"index":"index","follow":"follow","max-snippet":"max-snippet:-1","max-image-preview":"max-image-preview:large","max-video-preview":"max-video-preview:-1"},"canonical":"https:\/\/autobarbosa.com\/en\/produto\/calandra-de-farois-fibra-citroen-saxo-fase-1-4x-200mm\/","og_locale":"en_US","og_type":"article","og_title":"CALANDRA DE FAROIS FIBRA - CITROEN SAXO FASE 1 - 4X 200mm - Auto Barbosa","og_description":"Calandra de far\u00f3is para CITROEN Saxo Phase 1 4 x 200 mm  Calandra de far\u00f3is nua em poli\u00e9ster. Fura\u00e7\u00e3o: 4 x 200 mm.  Possibilidade de montagem de 4 far\u00f3is de neblina hal\u00f3genos WESEM \u00d8 152 mm (ref. 622745B) ou \u00d8 183 mm (ref. 622741B). Possibilidade de montagem de 4 luzes de longo alcance hal\u00f3genos WESEM \u00d8 152 mm (ref. 622747B) ou \u00d8 183 mm (ref. 622743B). Possibilidade de montagem de 4 far\u00f3is de neblina xenon WESEM \u00d8 152 mm (ref. 622745BX) ou \u00d8 183 mm (ref. 622741BX). Possibilidade de montagem de 4 lentes de longo alcance WESEM Xenon \u00d8 152 mm (ref. 622747BX) ou \u00d8 183 mm (ref. 622743BX).  N\u00e3o se esque\u00e7a da bolsa para barra de farol REDSPEC (ref. 8RS1022), ideal para transportar e proteger sua barra.","og_url":"https:\/\/autobarbosa.com\/en\/produto\/calandra-de-farois-fibra-citroen-saxo-fase-1-4x-200mm\/","og_site_name":"Auto Barbosa","article_publisher":"https:\/\/www.facebook.com\/autobarbosaoficina","article_modified_time":"2026-04-21T19:09:48+00:00","og_image":[{"width":800,"height":800,"url":"https:\/\/autobarbosa.com\/wp-content\/uploads\/2025\/12\/626pf05.png","type":"image\/png"}],"twitter_card":"summary_large_image","twitter_misc":{"Est. reading time":"1 minute"},"schema":{"@context":"https:\/\/schema.org","@graph":[{"@type":"WebPage","@id":"https:\/\/autobarbosa.com\/en\/produto\/calandra-de-farois-fibra-citroen-saxo-fase-1-4x-200mm\/","url":"https:\/\/autobarbosa.com\/en\/produto\/calandra-de-farois-fibra-citroen-saxo-fase-1-4x-200mm\/","name":"CALANDRA DE FAROIS FIBRA - CITROEN SAXO FASE 1 - 4X 200mm - Auto Barbosa","isPartOf":{"@id":"https:\/\/autobarbosa.com\/en\/#website"},"datePublished":"2025-12-06T08:07:05+00:00","dateModified":"2026-04-21T19:09:48+00:00","breadcrumb":{"@id":"https:\/\/autobarbosa.com\/en\/produto\/calandra-de-farois-fibra-citroen-saxo-fase-1-4x-200mm\/#breadcrumb"},"inLanguage":"en-US","potentialAction":[{"@type":"ReadAction","target":["https:\/\/autobarbosa.com\/en\/produto\/calandra-de-farois-fibra-citroen-saxo-fase-1-4x-200mm\/"]}]},{"@type":"BreadcrumbList","@id":"https:\/\/autobarbosa.com\/en\/produto\/calandra-de-farois-fibra-citroen-saxo-fase-1-4x-200mm\/#breadcrumb","itemListElement":[{"@type":"ListItem","position":1,"name":"In\u00edcio","item":"https:\/\/autobarbosa.com\/en\/"},{"@type":"ListItem","position":2,"name":"Loja","item":"https:\/\/autobarbosa.com\/"},{"@type":"ListItem","position":3,"name":"CALANDRA DE FAROIS FIBRA &#8211; CITROEN SAXO FASE 1 &#8211; 4X 200mm"}]},{"@type":"WebSite","@id":"https:\/\/autobarbosa.com\/en\/#website","url":"https:\/\/autobarbosa.com\/en\/","name":"Auto Barbosa","description":"Site institucional","publisher":{"@id":"https:\/\/autobarbosa.com\/en\/#organization"},"potentialAction":[{"@type":"SearchAction","target":{"@type":"EntryPoint","urlTemplate":"https:\/\/autobarbosa.com\/en\/?s={search_term_string}"},"query-input":"required name=search_term_string"}],"inLanguage":"en-US"},{"@type":"Organization","@id":"https:\/\/autobarbosa.com\/en\/#organization","name":"Auto Barbosa","url":"https:\/\/autobarbosa.com\/en\/","logo":{"@type":"ImageObject","inLanguage":"en-US","@id":"https:\/\/autobarbosa.com\/en\/#\/schema\/logo\/image\/","url":"https:\/\/autobarbosa.com\/wp-content\/uploads\/2023\/03\/AUTO-BARBOSA-LOGO-1-e1678715539111.png","contentUrl":"https:\/\/autobarbosa.com\/wp-content\/uploads\/2023\/03\/AUTO-BARBOSA-LOGO-1-e1678715539111.png","width":3233,"height":3233,"caption":"Auto Barbosa"},"image":{"@id":"https:\/\/autobarbosa.com\/en\/#\/schema\/logo\/image\/"},"sameAs":["https:\/\/www.facebook.com\/autobarbosaoficina","https:\/\/www.instagram.com\/autobarbosa.oficina\/"]}]}},"_links":{"self":[{"href":"https:\/\/autobarbosa.com\/en\/wp-json\/wp\/v3\/product\/19453","targetHints":{"allow":["GET"]}}],"collection":[{"href":"https:\/\/autobarbosa.com\/en\/wp-json\/wp\/v3\/product"}],"about":[{"href":"https:\/\/autobarbosa.com\/en\/wp-json\/wp\/v2\/types\/product"}],"wp:featuredmedia":[{"embeddable":true,"href":"https:\/\/autobarbosa.com\/en\/wp-json\/wp\/v2\/media\/19449"}],"wp:attachment":[{"href":"https:\/\/autobarbosa.com\/en\/wp-json\/wp\/v2\/media?parent=19453"}],"wp:term":[{"taxonomy":"product_cat","embeddable":true,"href":"https:\/\/autobarbosa.com\/en\/wp-json\/wp\/v2\/product_cat?post=19453"},{"taxonomy":"product_tag","embeddable":true,"href":"https:\/\/autobarbosa.com\/en\/wp-json\/wp\/v2\/product_tag?post=19453"},{"taxonomy":"marca","embeddable":true,"href":"https:\/\/autobarbosa.com\/en\/wp-json\/wp\/v2\/marca?post=19453"}],"curies":[{"name":"wp","href":"https:\/\/api.w.org\/{rel}","templated":true}]}}