{"id":19565,"date":"2025-12-06T07:18:17","date_gmt":"2025-12-06T08:18:17","guid":{"rendered":"https:\/\/autobarbosa.com\/produto\/oleo-motul-300w-le-mans-10w60-5l\/"},"modified":"2026-05-01T07:23:32","modified_gmt":"2026-05-01T07:23:32","slug":"oleo-motul-300w-le-mans-10w60-5l","status":"publish","type":"product","link":"https:\/\/autobarbosa.com\/en\/produto\/oleo-motul-300w-le-mans-10w60-5l\/","title":{"rendered":"OLEO MOTUL 300W LE MANS 10W60 5L"},"content":{"rendered":"<p>O Novo Motul 300V LE MANS 10W60 \u00e9 um \u00f3leo 100% sint\u00e9tico com tecnologia Ester Core especialmente desenvolvido para ve\u00edculos de competi\u00e7\u00e3o.<br \/>\n\u00c9 adequado para todos os tipos de combust\u00edveis: gasolina, diesel e biocombust\u00edveis (especialmente Etanol).<br \/>\nPode ser utilizado em ve\u00edculos equipados com motores naturalmente aspirados, turboalimentados ou superalimentados equipados com sistemas de inje\u00e7\u00e3o (direta ou indireta). Tamb\u00e9m pode ser usado em motores afinados e ve\u00edculos de alto desempenho operando em uma ampla faixa de velocidades e temperaturas, em condi\u00e7\u00f5es de condu\u00e7\u00e3o dif\u00edceis.<\/p>\n<p>O Novo Motul 300V LE MANS 10W60 oferece maior desempenho e maior prote\u00e7\u00e3o do motor. Gra\u00e7as \u00e0 sua formula\u00e7\u00e3o exclusiva, agora \u00e9 compat\u00edvel com biocombust\u00edveis, filtros de part\u00edculas e prote\u00e7\u00e3o LSPI ( Low Speed Pre Ignition ), reduzindo o seu impacto ambiental. Este \u00f3leo garante pot\u00eancia m\u00e1xima, alta confiabilidade , maior resist\u00eancia \u00e0 oxida\u00e7\u00e3o, baixa volatilidade e evapora\u00e7\u00e3o do \u00f3leo, o que permite reduzir o consumo de \u00f3leo. Al\u00e9m disso, possui altas propriedades detergentes e baixo n\u00edvel de atrito, o que reduz o ru\u00eddo do motor em todos os modos de condu\u00e7\u00e3o.<\/p>\n<p>Esta gama \u00e9 adequada para a maioria das aplica\u00e7\u00f5es de motores e \u00e9 particularmente recomendada para motores de resist\u00eancia que requerem prote\u00e7\u00e3o muito alta contra desgaste e press\u00e3o de \u00f3leo constante.<\/p>\n","protected":false},"excerpt":{"rendered":"<p>O Novo Motul 300V LE MANS 10W60 \u00e9 um \u00f3leo 100% sint\u00e9tico com tecnologia Ester Core especialmente desenvolvido para ve\u00edculos de competi\u00e7\u00e3o.<br \/>\n\u00c9 adequado para todos os tipos de combust\u00edveis: gasolina, diesel e biocombust\u00edveis (especialmente Etanol).<br \/>\nPode ser utilizado em ve\u00edculos equipados com motores naturalmente aspirados, turboalimentados ou superalimentados equipados com sistemas de inje\u00e7\u00e3o (direta ou indireta). Tamb\u00e9m pode ser usado em motores afinados e ve\u00edculos de alto desempenho operando em uma ampla faixa de velocidades e temperaturas, em condi\u00e7\u00f5es de condu\u00e7\u00e3o dif\u00edceis.<\/p>\n<p>O Novo Motul 300V LE MANS 10W60 oferece maior desempenho e maior prote\u00e7\u00e3o do motor. Gra\u00e7as \u00e0 sua formula\u00e7\u00e3o exclusiva, agora \u00e9 compat\u00edvel com biocombust\u00edveis, filtros de part\u00edculas e prote\u00e7\u00e3o LSPI ( Low Speed Pre Ignition ), reduzindo o seu impacto ambiental. Este \u00f3leo garante pot\u00eancia m\u00e1xima, alta confiabilidade , maior resist\u00eancia \u00e0 oxida\u00e7\u00e3o, baixa volatilidade e evapora\u00e7\u00e3o do \u00f3leo, o que permite reduzir o consumo de \u00f3leo. Al\u00e9m disso, possui altas propriedades detergentes e baixo n\u00edvel de atrito, o que reduz o ru\u00eddo do motor em todos os modos de condu\u00e7\u00e3o.<\/p>\n<p>Esta gama \u00e9 adequada para a maioria das aplica\u00e7\u00f5es de motores e \u00e9 particularmente recomendada para motores de resist\u00eancia que requerem prote\u00e7\u00e3o muito alta contra desgaste e press\u00e3o de \u00f3leo constante.<\/p>\n","protected":false},"featured_media":19561,"template":"","meta":[],"product_cat":[1038,479,514],"product_tag":[],"marca":[180],"class_list":["post-19565","product","type-product","status-publish","has-post-thumbnail","hentry","product_cat-oleos-aditivos-motor","product_cat-viatura","product_cat-motor","marca-motul"],"yoast_head":"<!-- This site is optimized with the Yoast SEO plugin v20.5 - https:\/\/yoast.com\/wordpress\/plugins\/seo\/ -->\n<title>OLEO MOTUL 300W LE MANS 10W60 5L - Auto Barbosa<\/title>\n<meta name=\"robots\" content=\"index, follow, max-snippet:-1, max-image-preview:large, max-video-preview:-1\" \/>\n<link rel=\"canonical\" href=\"https:\/\/autobarbosa.com\/en\/produto\/oleo-motul-300w-le-mans-10w60-5l\/\" \/>\n<meta property=\"og:locale\" content=\"en_US\" \/>\n<meta property=\"og:type\" content=\"article\" \/>\n<meta property=\"og:title\" content=\"OLEO MOTUL 300W LE MANS 10W60 5L - Auto Barbosa\" \/>\n<meta property=\"og:description\" content=\"O Novo Motul 300V LE MANS 10W60 \u00e9 um \u00f3leo 100% sint\u00e9tico com tecnologia Ester Core especialmente desenvolvido para ve\u00edculos de competi\u00e7\u00e3o.  \u00c9 adequado para todos os tipos de combust\u00edveis: gasolina, diesel e biocombust\u00edveis (especialmente Etanol).  Pode ser utilizado em ve\u00edculos equipados com motores naturalmente aspirados, turboalimentados ou superalimentados equipados com sistemas de inje\u00e7\u00e3o (direta ou indireta). Tamb\u00e9m pode ser usado em motores afinados e ve\u00edculos de alto desempenho operando em uma ampla faixa de velocidades e temperaturas, em condi\u00e7\u00f5es de condu\u00e7\u00e3o dif\u00edceis.  O Novo Motul 300V LE MANS 10W60 oferece maior desempenho e maior prote\u00e7\u00e3o do motor. Gra\u00e7as \u00e0 sua formula\u00e7\u00e3o exclusiva, agora \u00e9 compat\u00edvel com biocombust\u00edveis, filtros de part\u00edculas e prote\u00e7\u00e3o LSPI ( Low Speed Pre Ignition ), reduzindo o seu impacto ambiental. Este \u00f3leo garante pot\u00eancia m\u00e1xima, alta confiabilidade , maior resist\u00eancia \u00e0 oxida\u00e7\u00e3o, baixa volatilidade e evapora\u00e7\u00e3o do \u00f3leo, o que permite reduzir o consumo de \u00f3leo. Al\u00e9m disso, possui altas propriedades detergentes e baixo n\u00edvel de atrito, o que reduz o ru\u00eddo do motor em todos os modos de condu\u00e7\u00e3o.  Esta gama \u00e9 adequada para a maioria das aplica\u00e7\u00f5es de motores e \u00e9 particularmente recomendada para motores de resist\u00eancia que requerem prote\u00e7\u00e3o muito alta contra desgaste e press\u00e3o de \u00f3leo constante.\" \/>\n<meta property=\"og:url\" content=\"https:\/\/autobarbosa.com\/en\/produto\/oleo-motul-300w-le-mans-10w60-5l\/\" \/>\n<meta property=\"og:site_name\" content=\"Auto Barbosa\" \/>\n<meta property=\"article:publisher\" content=\"https:\/\/www.facebook.com\/autobarbosaoficina\" \/>\n<meta property=\"article:modified_time\" content=\"2026-05-01T07:23:32+00:00\" \/>\n<meta property=\"og:image\" content=\"https:\/\/autobarbosa.com\/wp-content\/uploads\/2025\/12\/mt110865.png\" \/>\n\t<meta property=\"og:image:width\" content=\"414\" \/>\n\t<meta property=\"og:image:height\" content=\"600\" \/>\n\t<meta property=\"og:image:type\" content=\"image\/png\" \/>\n<meta name=\"twitter:card\" content=\"summary_large_image\" \/>\n<meta name=\"twitter:label1\" content=\"Est. reading time\" \/>\n\t<meta name=\"twitter:data1\" content=\"1 minute\" \/>\n<script type=\"application\/ld+json\" class=\"yoast-schema-graph\">{\"@context\":\"https:\/\/schema.org\",\"@graph\":[{\"@type\":\"WebPage\",\"@id\":\"https:\/\/autobarbosa.com\/en\/produto\/oleo-motul-300w-le-mans-10w60-5l\/\",\"url\":\"https:\/\/autobarbosa.com\/en\/produto\/oleo-motul-300w-le-mans-10w60-5l\/\",\"name\":\"OLEO MOTUL 300W LE MANS 10W60 5L - Auto Barbosa\",\"isPartOf\":{\"@id\":\"https:\/\/autobarbosa.com\/en\/#website\"},\"datePublished\":\"2025-12-06T08:18:17+00:00\",\"dateModified\":\"2026-05-01T07:23:32+00:00\",\"breadcrumb\":{\"@id\":\"https:\/\/autobarbosa.com\/en\/produto\/oleo-motul-300w-le-mans-10w60-5l\/#breadcrumb\"},\"inLanguage\":\"en-US\",\"potentialAction\":[{\"@type\":\"ReadAction\",\"target\":[\"https:\/\/autobarbosa.com\/en\/produto\/oleo-motul-300w-le-mans-10w60-5l\/\"]}]},{\"@type\":\"BreadcrumbList\",\"@id\":\"https:\/\/autobarbosa.com\/en\/produto\/oleo-motul-300w-le-mans-10w60-5l\/#breadcrumb\",\"itemListElement\":[{\"@type\":\"ListItem\",\"position\":1,\"name\":\"In\u00edcio\",\"item\":\"https:\/\/autobarbosa.com\/en\/\"},{\"@type\":\"ListItem\",\"position\":2,\"name\":\"Loja\",\"item\":\"https:\/\/autobarbosa.com\/\"},{\"@type\":\"ListItem\",\"position\":3,\"name\":\"OLEO MOTUL 300W LE MANS 10W60 5L\"}]},{\"@type\":\"WebSite\",\"@id\":\"https:\/\/autobarbosa.com\/en\/#website\",\"url\":\"https:\/\/autobarbosa.com\/en\/\",\"name\":\"Auto Barbosa\",\"description\":\"Site institucional\",\"publisher\":{\"@id\":\"https:\/\/autobarbosa.com\/en\/#organization\"},\"potentialAction\":[{\"@type\":\"SearchAction\",\"target\":{\"@type\":\"EntryPoint\",\"urlTemplate\":\"https:\/\/autobarbosa.com\/en\/?s={search_term_string}\"},\"query-input\":\"required name=search_term_string\"}],\"inLanguage\":\"en-US\"},{\"@type\":\"Organization\",\"@id\":\"https:\/\/autobarbosa.com\/en\/#organization\",\"name\":\"Auto Barbosa\",\"url\":\"https:\/\/autobarbosa.com\/en\/\",\"logo\":{\"@type\":\"ImageObject\",\"inLanguage\":\"en-US\",\"@id\":\"https:\/\/autobarbosa.com\/en\/#\/schema\/logo\/image\/\",\"url\":\"https:\/\/autobarbosa.com\/wp-content\/uploads\/2023\/03\/AUTO-BARBOSA-LOGO-1-e1678715539111.png\",\"contentUrl\":\"https:\/\/autobarbosa.com\/wp-content\/uploads\/2023\/03\/AUTO-BARBOSA-LOGO-1-e1678715539111.png\",\"width\":3233,\"height\":3233,\"caption\":\"Auto Barbosa\"},\"image\":{\"@id\":\"https:\/\/autobarbosa.com\/en\/#\/schema\/logo\/image\/\"},\"sameAs\":[\"https:\/\/www.facebook.com\/autobarbosaoficina\",\"https:\/\/www.instagram.com\/autobarbosa.oficina\/\"]}]}<\/script>\n<!-- \/ Yoast SEO plugin. -->","yoast_head_json":{"title":"OLEO MOTUL 300W LE MANS 10W60 5L - Auto Barbosa","robots":{"index":"index","follow":"follow","max-snippet":"max-snippet:-1","max-image-preview":"max-image-preview:large","max-video-preview":"max-video-preview:-1"},"canonical":"https:\/\/autobarbosa.com\/en\/produto\/oleo-motul-300w-le-mans-10w60-5l\/","og_locale":"en_US","og_type":"article","og_title":"OLEO MOTUL 300W LE MANS 10W60 5L - Auto Barbosa","og_description":"O Novo Motul 300V LE MANS 10W60 \u00e9 um \u00f3leo 100% sint\u00e9tico com tecnologia Ester Core especialmente desenvolvido para ve\u00edculos de competi\u00e7\u00e3o.  \u00c9 adequado para todos os tipos de combust\u00edveis: gasolina, diesel e biocombust\u00edveis (especialmente Etanol).  Pode ser utilizado em ve\u00edculos equipados com motores naturalmente aspirados, turboalimentados ou superalimentados equipados com sistemas de inje\u00e7\u00e3o (direta ou indireta). Tamb\u00e9m pode ser usado em motores afinados e ve\u00edculos de alto desempenho operando em uma ampla faixa de velocidades e temperaturas, em condi\u00e7\u00f5es de condu\u00e7\u00e3o dif\u00edceis.  O Novo Motul 300V LE MANS 10W60 oferece maior desempenho e maior prote\u00e7\u00e3o do motor. Gra\u00e7as \u00e0 sua formula\u00e7\u00e3o exclusiva, agora \u00e9 compat\u00edvel com biocombust\u00edveis, filtros de part\u00edculas e prote\u00e7\u00e3o LSPI ( Low Speed Pre Ignition ), reduzindo o seu impacto ambiental. Este \u00f3leo garante pot\u00eancia m\u00e1xima, alta confiabilidade , maior resist\u00eancia \u00e0 oxida\u00e7\u00e3o, baixa volatilidade e evapora\u00e7\u00e3o do \u00f3leo, o que permite reduzir o consumo de \u00f3leo. Al\u00e9m disso, possui altas propriedades detergentes e baixo n\u00edvel de atrito, o que reduz o ru\u00eddo do motor em todos os modos de condu\u00e7\u00e3o.  Esta gama \u00e9 adequada para a maioria das aplica\u00e7\u00f5es de motores e \u00e9 particularmente recomendada para motores de resist\u00eancia que requerem prote\u00e7\u00e3o muito alta contra desgaste e press\u00e3o de \u00f3leo constante.","og_url":"https:\/\/autobarbosa.com\/en\/produto\/oleo-motul-300w-le-mans-10w60-5l\/","og_site_name":"Auto Barbosa","article_publisher":"https:\/\/www.facebook.com\/autobarbosaoficina","article_modified_time":"2026-05-01T07:23:32+00:00","og_image":[{"width":414,"height":600,"url":"https:\/\/autobarbosa.com\/wp-content\/uploads\/2025\/12\/mt110865.png","type":"image\/png"}],"twitter_card":"summary_large_image","twitter_misc":{"Est. reading time":"1 minute"},"schema":{"@context":"https:\/\/schema.org","@graph":[{"@type":"WebPage","@id":"https:\/\/autobarbosa.com\/en\/produto\/oleo-motul-300w-le-mans-10w60-5l\/","url":"https:\/\/autobarbosa.com\/en\/produto\/oleo-motul-300w-le-mans-10w60-5l\/","name":"OLEO MOTUL 300W LE MANS 10W60 5L - Auto Barbosa","isPartOf":{"@id":"https:\/\/autobarbosa.com\/en\/#website"},"datePublished":"2025-12-06T08:18:17+00:00","dateModified":"2026-05-01T07:23:32+00:00","breadcrumb":{"@id":"https:\/\/autobarbosa.com\/en\/produto\/oleo-motul-300w-le-mans-10w60-5l\/#breadcrumb"},"inLanguage":"en-US","potentialAction":[{"@type":"ReadAction","target":["https:\/\/autobarbosa.com\/en\/produto\/oleo-motul-300w-le-mans-10w60-5l\/"]}]},{"@type":"BreadcrumbList","@id":"https:\/\/autobarbosa.com\/en\/produto\/oleo-motul-300w-le-mans-10w60-5l\/#breadcrumb","itemListElement":[{"@type":"ListItem","position":1,"name":"In\u00edcio","item":"https:\/\/autobarbosa.com\/en\/"},{"@type":"ListItem","position":2,"name":"Loja","item":"https:\/\/autobarbosa.com\/"},{"@type":"ListItem","position":3,"name":"OLEO MOTUL 300W LE MANS 10W60 5L"}]},{"@type":"WebSite","@id":"https:\/\/autobarbosa.com\/en\/#website","url":"https:\/\/autobarbosa.com\/en\/","name":"Auto Barbosa","description":"Site institucional","publisher":{"@id":"https:\/\/autobarbosa.com\/en\/#organization"},"potentialAction":[{"@type":"SearchAction","target":{"@type":"EntryPoint","urlTemplate":"https:\/\/autobarbosa.com\/en\/?s={search_term_string}"},"query-input":"required name=search_term_string"}],"inLanguage":"en-US"},{"@type":"Organization","@id":"https:\/\/autobarbosa.com\/en\/#organization","name":"Auto Barbosa","url":"https:\/\/autobarbosa.com\/en\/","logo":{"@type":"ImageObject","inLanguage":"en-US","@id":"https:\/\/autobarbosa.com\/en\/#\/schema\/logo\/image\/","url":"https:\/\/autobarbosa.com\/wp-content\/uploads\/2023\/03\/AUTO-BARBOSA-LOGO-1-e1678715539111.png","contentUrl":"https:\/\/autobarbosa.com\/wp-content\/uploads\/2023\/03\/AUTO-BARBOSA-LOGO-1-e1678715539111.png","width":3233,"height":3233,"caption":"Auto Barbosa"},"image":{"@id":"https:\/\/autobarbosa.com\/en\/#\/schema\/logo\/image\/"},"sameAs":["https:\/\/www.facebook.com\/autobarbosaoficina","https:\/\/www.instagram.com\/autobarbosa.oficina\/"]}]}},"_links":{"self":[{"href":"https:\/\/autobarbosa.com\/en\/wp-json\/wp\/v3\/product\/19565","targetHints":{"allow":["GET"]}}],"collection":[{"href":"https:\/\/autobarbosa.com\/en\/wp-json\/wp\/v3\/product"}],"about":[{"href":"https:\/\/autobarbosa.com\/en\/wp-json\/wp\/v2\/types\/product"}],"wp:featuredmedia":[{"embeddable":true,"href":"https:\/\/autobarbosa.com\/en\/wp-json\/wp\/v2\/media\/19561"}],"wp:attachment":[{"href":"https:\/\/autobarbosa.com\/en\/wp-json\/wp\/v2\/media?parent=19565"}],"wp:term":[{"taxonomy":"product_cat","embeddable":true,"href":"https:\/\/autobarbosa.com\/en\/wp-json\/wp\/v2\/product_cat?post=19565"},{"taxonomy":"product_tag","embeddable":true,"href":"https:\/\/autobarbosa.com\/en\/wp-json\/wp\/v2\/product_tag?post=19565"},{"taxonomy":"marca","embeddable":true,"href":"https:\/\/autobarbosa.com\/en\/wp-json\/wp\/v2\/marca?post=19565"}],"curies":[{"name":"wp","href":"https:\/\/api.w.org\/{rel}","templated":true}]}}