{"id":19806,"date":"2025-12-16T07:07:21","date_gmt":"2025-12-16T08:07:21","guid":{"rendered":"https:\/\/autobarbosa.com\/produto\/jantes-speedline-type-2111-6x15-4x108-et155-cb65-1-branco-peugeot-citroen\/"},"modified":"2026-05-02T07:09:41","modified_gmt":"2026-05-02T07:09:41","slug":"jantes-speedline-type-2111-6x15-4x108-et155-cb65-1-branco-peugeot-citroen","status":"publish","type":"product","link":"https:\/\/autobarbosa.com\/en\/produto\/jantes-speedline-type-2111-6x15-4x108-et155-cb65-1-branco-peugeot-citroen\/","title":{"rendered":"JANTES SPEEDLINE TYPE 2111 6X15&#8243; 4X108  ET15,5 CB65.1 &#8211;  BRANCO &#8211;  PEUGEOT \/ CITROEN"},"content":{"rendered":"<p>PEEDLINE Jante Tipo 2111 6&#215;15 4&#215;108 ET15.5 CB65.1 branco brilhante<\/p>\n<p>A marca SPEEDLINE, especialista na fabrica\u00e7\u00e3o de jantes de alum\u00ednio, demonstra hoje um sucesso sem igual!<br \/>\nSPEEDLINE CORSE det\u00e9m atualmente 68 t\u00edtulos mundiais de F1, WRC, Super Touring e GT Racing pela qualidade de suas jantes.<br \/>\nComo todas as jantes de competi\u00e7\u00e3o, as jantes de alum\u00ednio fundido 2111 s\u00e3o otimizadas gra\u00e7as \u00e0 an\u00e1lise cuidadosa do produto acabado e ao tratamento t\u00e9rmico garantindo grande robustez.<br \/>\nJantes certificadas ISO 9001, QS 9000 e EAQF94.<\/p>\n<p>Caracter\u00edsticas:<br \/>\n&#8211; Di\u00e2metro: 15 polegadas.<br \/>\n&#8211; Largura: 6 polegadas.<br \/>\n&#8211; Dist\u00e2ncias centrais: 4&#215;108.<br \/>\n&#8211; Offset (ET): 15,5.<br \/>\n&#8211; Di\u00e2metro: 65,1 mm.<\/p>\n<p>Adequado para:<br \/>\nPEUGEOT 106 1.6 101hp Gasolina 1996 &#8211;<br \/>\nPEUGEOT 106 1.6 103hp Gasolina 1994 &#8211;<br \/>\nPEUGEOT 106 1.6 118hp Gasolina 1996 &#8211; PEUGEOT 106<br \/>\n1.4 75hp Gasolina 1991 &#8211; PEUGEOT 106 1.4 Gasolina 1996 &#8211; PEUGEOT 106 1.6 88hp Gasolina 1993 &#8211;<br \/>\nPEUGEOT 106 1.6 88hp Gasolina 1996 &#8211; PEUGEOT 106 1.4 94hp Gasolina 1991 &#8211; PEUGEOT 106 1.3 98hp Gasolina 1991 &#8211; PEUGEOT 106 1.4 98hp Gasolina 1991 &#8211; CITRO\u00cbN Saxo 1.6 118hp Gasolina 1996 &#8211; CITRO\u00cbN Saxo 1.4 75hp Petro l 1996 &#8211; CITRO\u00cbN Saxo 1.6 88hp Gasolina 1996 &#8211; CITRO\u00cbN Saxo 1.6 98hp Gasolina 2000 &#8211; CITRO\u00cbN C2 1.6 109hp Gasolina 2003 &#8211; CITRO\u00cbN C2 1.6 109hp Diesel 2005 &#8211; CITRO\u00cbN C2 1.6 122hp Gasolina 2004 &#8211; CITRO\u00cbN v Gasolina 1995 &#8211; CITRO\u00cbN Xantia 2.0 147hp Gasolina 1995 &#8211; CITRO\u00cbN Xantia 2.0 152cv Gasolina 1994 &#8211; CITRO\u00cbN Xantia 2.0 152cv Gasolina 1993 &#8211; CITRO\u00cbN adequado para montagem em seu ve\u00edculo pessoal.<\/p>\n","protected":false},"excerpt":{"rendered":"<p>PEEDLINE Jante Tipo 2111 6&#215;15 4&#215;108 ET15.5 CB65.1 branco brilhante<\/p>\n<p>A marca SPEEDLINE, especialista na fabrica\u00e7\u00e3o de jantes de alum\u00ednio, demonstra hoje um sucesso sem igual!<br \/>\nSPEEDLINE CORSE det\u00e9m atualmente 68 t\u00edtulos mundiais de F1, WRC, Super Touring e GT Racing pela qualidade de suas jantes.<br \/>\nComo todas as jantes de competi\u00e7\u00e3o, as jantes de alum\u00ednio fundido 2111 s\u00e3o otimizadas gra\u00e7as \u00e0 an\u00e1lise cuidadosa do produto acabado e ao tratamento t\u00e9rmico garantindo grande robustez.<br \/>\nJantes certificadas ISO 9001, QS 9000 e EAQF94.<\/p>\n<p>Caracter\u00edsticas:<br \/>\n&#8211; Di\u00e2metro: 15 polegadas.<br \/>\n&#8211; Largura: 6 polegadas.<br \/>\n&#8211; Dist\u00e2ncias centrais: 4&#215;108.<br \/>\n&#8211; Offset (ET): 15,5.<br \/>\n&#8211; Di\u00e2metro: 65,1 mm.<\/p>\n<p>Adequado para:<br \/>\nPEUGEOT 106 1.6 101hp Gasolina 1996 &#8211;<br \/>\nPEUGEOT 106 1.6 103hp Gasolina 1994 &#8211;<br \/>\nPEUGEOT 106 1.6 118hp Gasolina 1996 &#8211; PEUGEOT 106<br \/>\n1.4 75hp Gasolina 1991 &#8211; PEUGEOT 106 1.4 Gasolina 1996 &#8211; PEUGEOT 106 1.6 88hp Gasolina 1993 &#8211;<br \/>\nPEUGEOT 106 1.6 88hp Gasolina 1996 &#8211; PEUGEOT 106 1.4 94hp Gasolina 1991 &#8211; PEUGEOT 106 1.3 98hp Gasolina 1991 &#8211; PEUGEOT 106 1.4 98hp Gasolina 1991 &#8211; CITRO\u00cbN Saxo 1.6 118hp Gasolina 1996 &#8211; CITRO\u00cbN Saxo 1.4 75hp Petro l 1996 &#8211; CITRO\u00cbN Saxo 1.6 88hp Gasolina 1996 &#8211; CITRO\u00cbN Saxo 1.6 98hp Gasolina 2000 &#8211; CITRO\u00cbN C2 1.6 109hp Gasolina 2003 &#8211; CITRO\u00cbN C2 1.6 109hp Diesel 2005 &#8211; CITRO\u00cbN C2 1.6 122hp Gasolina 2004 &#8211; CITRO\u00cbN v Gasolina 1995 &#8211; CITRO\u00cbN Xantia 2.0 147hp Gasolina 1995 &#8211; CITRO\u00cbN Xantia 2.0 152cv Gasolina 1994 &#8211; CITRO\u00cbN Xantia 2.0 152cv Gasolina 1993 &#8211; CITRO\u00cbN adequado para montagem em seu ve\u00edculo pessoal.<\/p>\n","protected":false},"featured_media":19802,"template":"","meta":[],"product_cat":[920],"product_tag":[],"marca":[921],"class_list":["post-19806","product","type-product","status-publish","has-post-thumbnail","hentry","product_cat-jantes-jantes","marca-speedline"],"yoast_head":"<!-- This site is optimized with the Yoast SEO plugin v20.5 - https:\/\/yoast.com\/wordpress\/plugins\/seo\/ -->\n<title>JANTES SPEEDLINE TYPE 2111 6X15&quot; 4X108 ET15,5 CB65.1 - BRANCO - PEUGEOT \/ CITROEN - Auto Barbosa<\/title>\n<meta name=\"robots\" content=\"index, follow, max-snippet:-1, max-image-preview:large, max-video-preview:-1\" \/>\n<link rel=\"canonical\" href=\"https:\/\/autobarbosa.com\/en\/produto\/jantes-speedline-type-2111-6x15-4x108-et155-cb65-1-branco-peugeot-citroen\/\" \/>\n<meta property=\"og:locale\" content=\"en_US\" \/>\n<meta property=\"og:type\" content=\"article\" \/>\n<meta property=\"og:title\" content=\"JANTES SPEEDLINE TYPE 2111 6X15&quot; 4X108 ET15,5 CB65.1 - BRANCO - PEUGEOT \/ CITROEN - Auto Barbosa\" \/>\n<meta property=\"og:description\" content=\"PEEDLINE Jante Tipo 2111 6x15 4x108 ET15.5 CB65.1 branco brilhante   A marca SPEEDLINE, especialista na fabrica\u00e7\u00e3o de jantes de alum\u00ednio, demonstra hoje um sucesso sem igual! SPEEDLINE CORSE det\u00e9m atualmente 68 t\u00edtulos mundiais de F1, WRC, Super Touring e GT Racing pela qualidade de suas jantes. Como todas as jantes de competi\u00e7\u00e3o, as jantes de alum\u00ednio fundido 2111 s\u00e3o otimizadas gra\u00e7as \u00e0 an\u00e1lise cuidadosa do produto acabado e ao tratamento t\u00e9rmico garantindo grande robustez. Jantes certificadas ISO 9001, QS 9000 e EAQF94.  Caracter\u00edsticas: - Di\u00e2metro: 15 polegadas. - Largura: 6 polegadas. - Dist\u00e2ncias centrais: 4x108. - Offset (ET): 15,5. - Di\u00e2metro: 65,1 mm.  Adequado para: PEUGEOT 106 1.6 101hp Gasolina 1996 - PEUGEOT 106 1.6 103hp Gasolina 1994 - PEUGEOT 106 1.6 118hp Gasolina 1996 - PEUGEOT 106 1.4 75hp Gasolina 1991 - PEUGEOT 106 1.4 Gasolina 1996 - PEUGEOT 106 1.6 88hp Gasolina 1993 - PEUGEOT 106 1.6 88hp Gasolina 1996 - PEUGEOT 106 1.4 94hp Gasolina 1991 - PEUGEOT 106 1.3 98hp Gasolina 1991 - PEUGEOT 106 1.4 98hp Gasolina 1991 - CITRO\u00cbN Saxo 1.6 118hp Gasolina 1996 - CITRO\u00cbN Saxo 1.4 75hp Petro l 1996 - CITRO\u00cbN Saxo 1.6 88hp Gasolina 1996 - CITRO\u00cbN Saxo 1.6 98hp Gasolina 2000 - CITRO\u00cbN C2 1.6 109hp Gasolina 2003 - CITRO\u00cbN C2 1.6 109hp Diesel 2005 - CITRO\u00cbN C2 1.6 122hp Gasolina 2004 - CITRO\u00cbN v Gasolina 1995 - CITRO\u00cbN Xantia 2.0 147hp Gasolina 1995 - CITRO\u00cbN Xantia 2.0 152cv Gasolina 1994 - CITRO\u00cbN Xantia 2.0 152cv Gasolina 1993 - CITRO\u00cbN adequado para montagem em seu ve\u00edculo pessoal.\" \/>\n<meta property=\"og:url\" content=\"https:\/\/autobarbosa.com\/en\/produto\/jantes-speedline-type-2111-6x15-4x108-et155-cb65-1-branco-peugeot-citroen\/\" \/>\n<meta property=\"og:site_name\" content=\"Auto Barbosa\" \/>\n<meta property=\"article:publisher\" content=\"https:\/\/www.facebook.com\/autobarbosaoficina\" \/>\n<meta property=\"article:modified_time\" content=\"2026-05-02T07:09:41+00:00\" \/>\n<meta property=\"og:image\" content=\"https:\/\/autobarbosa.com\/wp-content\/uploads\/2025\/12\/685601515b.png\" \/>\n\t<meta property=\"og:image:width\" content=\"800\" \/>\n\t<meta property=\"og:image:height\" content=\"800\" \/>\n\t<meta property=\"og:image:type\" content=\"image\/png\" \/>\n<meta name=\"twitter:card\" content=\"summary_large_image\" \/>\n<meta name=\"twitter:label1\" content=\"Est. reading time\" \/>\n\t<meta name=\"twitter:data1\" content=\"1 minute\" \/>\n<script type=\"application\/ld+json\" class=\"yoast-schema-graph\">{\"@context\":\"https:\/\/schema.org\",\"@graph\":[{\"@type\":\"WebPage\",\"@id\":\"https:\/\/autobarbosa.com\/en\/produto\/jantes-speedline-type-2111-6x15-4x108-et155-cb65-1-branco-peugeot-citroen\/\",\"url\":\"https:\/\/autobarbosa.com\/en\/produto\/jantes-speedline-type-2111-6x15-4x108-et155-cb65-1-branco-peugeot-citroen\/\",\"name\":\"JANTES SPEEDLINE TYPE 2111 6X15\\\" 4X108 ET15,5 CB65.1 - BRANCO - PEUGEOT \/ CITROEN - Auto Barbosa\",\"isPartOf\":{\"@id\":\"https:\/\/autobarbosa.com\/en\/#website\"},\"datePublished\":\"2025-12-16T08:07:21+00:00\",\"dateModified\":\"2026-05-02T07:09:41+00:00\",\"breadcrumb\":{\"@id\":\"https:\/\/autobarbosa.com\/en\/produto\/jantes-speedline-type-2111-6x15-4x108-et155-cb65-1-branco-peugeot-citroen\/#breadcrumb\"},\"inLanguage\":\"en-US\",\"potentialAction\":[{\"@type\":\"ReadAction\",\"target\":[\"https:\/\/autobarbosa.com\/en\/produto\/jantes-speedline-type-2111-6x15-4x108-et155-cb65-1-branco-peugeot-citroen\/\"]}]},{\"@type\":\"BreadcrumbList\",\"@id\":\"https:\/\/autobarbosa.com\/en\/produto\/jantes-speedline-type-2111-6x15-4x108-et155-cb65-1-branco-peugeot-citroen\/#breadcrumb\",\"itemListElement\":[{\"@type\":\"ListItem\",\"position\":1,\"name\":\"In\u00edcio\",\"item\":\"https:\/\/autobarbosa.com\/en\/\"},{\"@type\":\"ListItem\",\"position\":2,\"name\":\"Loja\",\"item\":\"https:\/\/autobarbosa.com\/\"},{\"@type\":\"ListItem\",\"position\":3,\"name\":\"JANTES SPEEDLINE TYPE 2111 6X15&#8243; 4X108 ET15,5 CB65.1 &#8211; BRANCO &#8211; PEUGEOT \/ CITROEN\"}]},{\"@type\":\"WebSite\",\"@id\":\"https:\/\/autobarbosa.com\/en\/#website\",\"url\":\"https:\/\/autobarbosa.com\/en\/\",\"name\":\"Auto Barbosa\",\"description\":\"Site institucional\",\"publisher\":{\"@id\":\"https:\/\/autobarbosa.com\/en\/#organization\"},\"potentialAction\":[{\"@type\":\"SearchAction\",\"target\":{\"@type\":\"EntryPoint\",\"urlTemplate\":\"https:\/\/autobarbosa.com\/en\/?s={search_term_string}\"},\"query-input\":\"required name=search_term_string\"}],\"inLanguage\":\"en-US\"},{\"@type\":\"Organization\",\"@id\":\"https:\/\/autobarbosa.com\/en\/#organization\",\"name\":\"Auto Barbosa\",\"url\":\"https:\/\/autobarbosa.com\/en\/\",\"logo\":{\"@type\":\"ImageObject\",\"inLanguage\":\"en-US\",\"@id\":\"https:\/\/autobarbosa.com\/en\/#\/schema\/logo\/image\/\",\"url\":\"https:\/\/autobarbosa.com\/wp-content\/uploads\/2023\/03\/AUTO-BARBOSA-LOGO-1-e1678715539111.png\",\"contentUrl\":\"https:\/\/autobarbosa.com\/wp-content\/uploads\/2023\/03\/AUTO-BARBOSA-LOGO-1-e1678715539111.png\",\"width\":3233,\"height\":3233,\"caption\":\"Auto Barbosa\"},\"image\":{\"@id\":\"https:\/\/autobarbosa.com\/en\/#\/schema\/logo\/image\/\"},\"sameAs\":[\"https:\/\/www.facebook.com\/autobarbosaoficina\",\"https:\/\/www.instagram.com\/autobarbosa.oficina\/\"]}]}<\/script>\n<!-- \/ Yoast SEO plugin. -->","yoast_head_json":{"title":"JANTES SPEEDLINE TYPE 2111 6X15\" 4X108 ET15,5 CB65.1 - BRANCO - PEUGEOT \/ CITROEN - Auto Barbosa","robots":{"index":"index","follow":"follow","max-snippet":"max-snippet:-1","max-image-preview":"max-image-preview:large","max-video-preview":"max-video-preview:-1"},"canonical":"https:\/\/autobarbosa.com\/en\/produto\/jantes-speedline-type-2111-6x15-4x108-et155-cb65-1-branco-peugeot-citroen\/","og_locale":"en_US","og_type":"article","og_title":"JANTES SPEEDLINE TYPE 2111 6X15\" 4X108 ET15,5 CB65.1 - BRANCO - PEUGEOT \/ CITROEN - Auto Barbosa","og_description":"PEEDLINE Jante Tipo 2111 6x15 4x108 ET15.5 CB65.1 branco brilhante   A marca SPEEDLINE, especialista na fabrica\u00e7\u00e3o de jantes de alum\u00ednio, demonstra hoje um sucesso sem igual! SPEEDLINE CORSE det\u00e9m atualmente 68 t\u00edtulos mundiais de F1, WRC, Super Touring e GT Racing pela qualidade de suas jantes. Como todas as jantes de competi\u00e7\u00e3o, as jantes de alum\u00ednio fundido 2111 s\u00e3o otimizadas gra\u00e7as \u00e0 an\u00e1lise cuidadosa do produto acabado e ao tratamento t\u00e9rmico garantindo grande robustez. Jantes certificadas ISO 9001, QS 9000 e EAQF94.  Caracter\u00edsticas: - Di\u00e2metro: 15 polegadas. - Largura: 6 polegadas. - Dist\u00e2ncias centrais: 4x108. - Offset (ET): 15,5. - Di\u00e2metro: 65,1 mm.  Adequado para: PEUGEOT 106 1.6 101hp Gasolina 1996 - PEUGEOT 106 1.6 103hp Gasolina 1994 - PEUGEOT 106 1.6 118hp Gasolina 1996 - PEUGEOT 106 1.4 75hp Gasolina 1991 - PEUGEOT 106 1.4 Gasolina 1996 - PEUGEOT 106 1.6 88hp Gasolina 1993 - PEUGEOT 106 1.6 88hp Gasolina 1996 - PEUGEOT 106 1.4 94hp Gasolina 1991 - PEUGEOT 106 1.3 98hp Gasolina 1991 - PEUGEOT 106 1.4 98hp Gasolina 1991 - CITRO\u00cbN Saxo 1.6 118hp Gasolina 1996 - CITRO\u00cbN Saxo 1.4 75hp Petro l 1996 - CITRO\u00cbN Saxo 1.6 88hp Gasolina 1996 - CITRO\u00cbN Saxo 1.6 98hp Gasolina 2000 - CITRO\u00cbN C2 1.6 109hp Gasolina 2003 - CITRO\u00cbN C2 1.6 109hp Diesel 2005 - CITRO\u00cbN C2 1.6 122hp Gasolina 2004 - CITRO\u00cbN v Gasolina 1995 - CITRO\u00cbN Xantia 2.0 147hp Gasolina 1995 - CITRO\u00cbN Xantia 2.0 152cv Gasolina 1994 - CITRO\u00cbN Xantia 2.0 152cv Gasolina 1993 - CITRO\u00cbN adequado para montagem em seu ve\u00edculo pessoal.","og_url":"https:\/\/autobarbosa.com\/en\/produto\/jantes-speedline-type-2111-6x15-4x108-et155-cb65-1-branco-peugeot-citroen\/","og_site_name":"Auto Barbosa","article_publisher":"https:\/\/www.facebook.com\/autobarbosaoficina","article_modified_time":"2026-05-02T07:09:41+00:00","og_image":[{"width":800,"height":800,"url":"https:\/\/autobarbosa.com\/wp-content\/uploads\/2025\/12\/685601515b.png","type":"image\/png"}],"twitter_card":"summary_large_image","twitter_misc":{"Est. reading time":"1 minute"},"schema":{"@context":"https:\/\/schema.org","@graph":[{"@type":"WebPage","@id":"https:\/\/autobarbosa.com\/en\/produto\/jantes-speedline-type-2111-6x15-4x108-et155-cb65-1-branco-peugeot-citroen\/","url":"https:\/\/autobarbosa.com\/en\/produto\/jantes-speedline-type-2111-6x15-4x108-et155-cb65-1-branco-peugeot-citroen\/","name":"JANTES SPEEDLINE TYPE 2111 6X15\" 4X108 ET15,5 CB65.1 - BRANCO - PEUGEOT \/ CITROEN - Auto Barbosa","isPartOf":{"@id":"https:\/\/autobarbosa.com\/en\/#website"},"datePublished":"2025-12-16T08:07:21+00:00","dateModified":"2026-05-02T07:09:41+00:00","breadcrumb":{"@id":"https:\/\/autobarbosa.com\/en\/produto\/jantes-speedline-type-2111-6x15-4x108-et155-cb65-1-branco-peugeot-citroen\/#breadcrumb"},"inLanguage":"en-US","potentialAction":[{"@type":"ReadAction","target":["https:\/\/autobarbosa.com\/en\/produto\/jantes-speedline-type-2111-6x15-4x108-et155-cb65-1-branco-peugeot-citroen\/"]}]},{"@type":"BreadcrumbList","@id":"https:\/\/autobarbosa.com\/en\/produto\/jantes-speedline-type-2111-6x15-4x108-et155-cb65-1-branco-peugeot-citroen\/#breadcrumb","itemListElement":[{"@type":"ListItem","position":1,"name":"In\u00edcio","item":"https:\/\/autobarbosa.com\/en\/"},{"@type":"ListItem","position":2,"name":"Loja","item":"https:\/\/autobarbosa.com\/"},{"@type":"ListItem","position":3,"name":"JANTES SPEEDLINE TYPE 2111 6X15&#8243; 4X108 ET15,5 CB65.1 &#8211; BRANCO &#8211; PEUGEOT \/ CITROEN"}]},{"@type":"WebSite","@id":"https:\/\/autobarbosa.com\/en\/#website","url":"https:\/\/autobarbosa.com\/en\/","name":"Auto Barbosa","description":"Site institucional","publisher":{"@id":"https:\/\/autobarbosa.com\/en\/#organization"},"potentialAction":[{"@type":"SearchAction","target":{"@type":"EntryPoint","urlTemplate":"https:\/\/autobarbosa.com\/en\/?s={search_term_string}"},"query-input":"required name=search_term_string"}],"inLanguage":"en-US"},{"@type":"Organization","@id":"https:\/\/autobarbosa.com\/en\/#organization","name":"Auto Barbosa","url":"https:\/\/autobarbosa.com\/en\/","logo":{"@type":"ImageObject","inLanguage":"en-US","@id":"https:\/\/autobarbosa.com\/en\/#\/schema\/logo\/image\/","url":"https:\/\/autobarbosa.com\/wp-content\/uploads\/2023\/03\/AUTO-BARBOSA-LOGO-1-e1678715539111.png","contentUrl":"https:\/\/autobarbosa.com\/wp-content\/uploads\/2023\/03\/AUTO-BARBOSA-LOGO-1-e1678715539111.png","width":3233,"height":3233,"caption":"Auto Barbosa"},"image":{"@id":"https:\/\/autobarbosa.com\/en\/#\/schema\/logo\/image\/"},"sameAs":["https:\/\/www.facebook.com\/autobarbosaoficina","https:\/\/www.instagram.com\/autobarbosa.oficina\/"]}]}},"_links":{"self":[{"href":"https:\/\/autobarbosa.com\/en\/wp-json\/wp\/v3\/product\/19806","targetHints":{"allow":["GET"]}}],"collection":[{"href":"https:\/\/autobarbosa.com\/en\/wp-json\/wp\/v3\/product"}],"about":[{"href":"https:\/\/autobarbosa.com\/en\/wp-json\/wp\/v2\/types\/product"}],"wp:featuredmedia":[{"embeddable":true,"href":"https:\/\/autobarbosa.com\/en\/wp-json\/wp\/v2\/media\/19802"}],"wp:attachment":[{"href":"https:\/\/autobarbosa.com\/en\/wp-json\/wp\/v2\/media?parent=19806"}],"wp:term":[{"taxonomy":"product_cat","embeddable":true,"href":"https:\/\/autobarbosa.com\/en\/wp-json\/wp\/v2\/product_cat?post=19806"},{"taxonomy":"product_tag","embeddable":true,"href":"https:\/\/autobarbosa.com\/en\/wp-json\/wp\/v2\/product_tag?post=19806"},{"taxonomy":"marca","embeddable":true,"href":"https:\/\/autobarbosa.com\/en\/wp-json\/wp\/v2\/marca?post=19806"}],"curies":[{"name":"wp","href":"https:\/\/api.w.org\/{rel}","templated":true}]}}