{"id":19958,"date":"2025-12-16T07:08:07","date_gmt":"2025-12-16T08:08:07","guid":{"rendered":"https:\/\/autobarbosa.com\/produto\/parafuso-banjo-775-3-8-x-24unf-aco\/"},"modified":"2025-12-16T07:08:07","modified_gmt":"2025-12-16T08:08:07","slug":"parafuso-banjo-775-3-8-x-24unf-aco","status":"publish","type":"product","link":"https:\/\/autobarbosa.com\/en\/produto\/parafuso-banjo-775-3-8-x-24unf-aco\/","title":{"rendered":"PARAFUSO BANJO 775 &#8211; 3\/8 x 24UNF A\u00c7O"},"content":{"rendered":"<p>Parafuso banjo simples A\u00e7o 775 GOODRIDGE<\/p>\n<p>V\u00e1rias roscas dispon\u00edveis:<br \/>\n&#8211; 3\/8&#215;24 UNF<br \/>\n&#8211; 7\/16&#215;20 UNF<br \/>\n&#8211; 7\/16&#215;24 UNF<\/p>\n<p>Material: A\u00e7o<\/p>\n","protected":false},"excerpt":{"rendered":"<p>Parafuso banjo simples A\u00e7o 775 GOODRIDGE<\/p>\n<p>V\u00e1rias roscas dispon\u00edveis:<br \/>\n&#8211; 3\/8&#215;24 UNF<br \/>\n&#8211; 7\/16&#215;20 UNF<br \/>\n&#8211; 7\/16&#215;24 UNF<\/p>\n<p>Material: A\u00e7o<\/p>\n","protected":false},"featured_media":0,"template":"","meta":[],"product_cat":[493],"product_tag":[],"marca":[140],"class_list":["post-19958","product","type-product","status-publish","hentry","product_cat-tubos-racord","marca-goodridge"],"yoast_head":"<!-- This site is optimized with the Yoast SEO plugin v20.5 - https:\/\/yoast.com\/wordpress\/plugins\/seo\/ -->\n<title>PARAFUSO BANJO 775 - 3\/8 x 24UNF A\u00c7O - Auto Barbosa<\/title>\n<meta name=\"robots\" content=\"index, follow, max-snippet:-1, max-image-preview:large, max-video-preview:-1\" \/>\n<link rel=\"canonical\" href=\"https:\/\/autobarbosa.com\/en\/produto\/parafuso-banjo-775-3-8-x-24unf-aco\/\" \/>\n<meta property=\"og:locale\" content=\"en_US\" \/>\n<meta property=\"og:type\" content=\"article\" \/>\n<meta property=\"og:title\" content=\"PARAFUSO BANJO 775 - 3\/8 x 24UNF A\u00c7O - Auto Barbosa\" \/>\n<meta property=\"og:description\" content=\"Parafuso banjo simples A\u00e7o 775 GOODRIDGE  V\u00e1rias roscas dispon\u00edveis: - 3\/8x24 UNF - 7\/16x20 UNF - 7\/16x24 UNF  Material: A\u00e7o\" \/>\n<meta property=\"og:url\" content=\"https:\/\/autobarbosa.com\/en\/produto\/parafuso-banjo-775-3-8-x-24unf-aco\/\" \/>\n<meta property=\"og:site_name\" content=\"Auto Barbosa\" \/>\n<meta property=\"article:publisher\" content=\"https:\/\/www.facebook.com\/autobarbosaoficina\" \/>\n<meta name=\"twitter:card\" content=\"summary_large_image\" \/>\n<script type=\"application\/ld+json\" class=\"yoast-schema-graph\">{\"@context\":\"https:\/\/schema.org\",\"@graph\":[{\"@type\":\"WebPage\",\"@id\":\"https:\/\/autobarbosa.com\/en\/produto\/parafuso-banjo-775-3-8-x-24unf-aco\/\",\"url\":\"https:\/\/autobarbosa.com\/en\/produto\/parafuso-banjo-775-3-8-x-24unf-aco\/\",\"name\":\"PARAFUSO BANJO 775 - 3\/8 x 24UNF A\u00c7O - Auto Barbosa\",\"isPartOf\":{\"@id\":\"https:\/\/autobarbosa.com\/en\/#website\"},\"datePublished\":\"2025-12-16T08:08:07+00:00\",\"dateModified\":\"2025-12-16T08:08:07+00:00\",\"breadcrumb\":{\"@id\":\"https:\/\/autobarbosa.com\/en\/produto\/parafuso-banjo-775-3-8-x-24unf-aco\/#breadcrumb\"},\"inLanguage\":\"en-US\",\"potentialAction\":[{\"@type\":\"ReadAction\",\"target\":[\"https:\/\/autobarbosa.com\/en\/produto\/parafuso-banjo-775-3-8-x-24unf-aco\/\"]}]},{\"@type\":\"BreadcrumbList\",\"@id\":\"https:\/\/autobarbosa.com\/en\/produto\/parafuso-banjo-775-3-8-x-24unf-aco\/#breadcrumb\",\"itemListElement\":[{\"@type\":\"ListItem\",\"position\":1,\"name\":\"In\u00edcio\",\"item\":\"https:\/\/autobarbosa.com\/en\/\"},{\"@type\":\"ListItem\",\"position\":2,\"name\":\"Loja\",\"item\":\"https:\/\/autobarbosa.com\/\"},{\"@type\":\"ListItem\",\"position\":3,\"name\":\"PARAFUSO BANJO 775 &#8211; 3\/8 x 24UNF A\u00c7O\"}]},{\"@type\":\"WebSite\",\"@id\":\"https:\/\/autobarbosa.com\/en\/#website\",\"url\":\"https:\/\/autobarbosa.com\/en\/\",\"name\":\"Auto Barbosa\",\"description\":\"Site institucional\",\"publisher\":{\"@id\":\"https:\/\/autobarbosa.com\/en\/#organization\"},\"potentialAction\":[{\"@type\":\"SearchAction\",\"target\":{\"@type\":\"EntryPoint\",\"urlTemplate\":\"https:\/\/autobarbosa.com\/en\/?s={search_term_string}\"},\"query-input\":\"required name=search_term_string\"}],\"inLanguage\":\"en-US\"},{\"@type\":\"Organization\",\"@id\":\"https:\/\/autobarbosa.com\/en\/#organization\",\"name\":\"Auto Barbosa\",\"url\":\"https:\/\/autobarbosa.com\/en\/\",\"logo\":{\"@type\":\"ImageObject\",\"inLanguage\":\"en-US\",\"@id\":\"https:\/\/autobarbosa.com\/en\/#\/schema\/logo\/image\/\",\"url\":\"https:\/\/autobarbosa.com\/wp-content\/uploads\/2023\/03\/AUTO-BARBOSA-LOGO-1-e1678715539111.png\",\"contentUrl\":\"https:\/\/autobarbosa.com\/wp-content\/uploads\/2023\/03\/AUTO-BARBOSA-LOGO-1-e1678715539111.png\",\"width\":3233,\"height\":3233,\"caption\":\"Auto Barbosa\"},\"image\":{\"@id\":\"https:\/\/autobarbosa.com\/en\/#\/schema\/logo\/image\/\"},\"sameAs\":[\"https:\/\/www.facebook.com\/autobarbosaoficina\",\"https:\/\/www.instagram.com\/autobarbosa.oficina\/\"]}]}<\/script>\n<!-- \/ Yoast SEO plugin. -->","yoast_head_json":{"title":"PARAFUSO BANJO 775 - 3\/8 x 24UNF A\u00c7O - Auto Barbosa","robots":{"index":"index","follow":"follow","max-snippet":"max-snippet:-1","max-image-preview":"max-image-preview:large","max-video-preview":"max-video-preview:-1"},"canonical":"https:\/\/autobarbosa.com\/en\/produto\/parafuso-banjo-775-3-8-x-24unf-aco\/","og_locale":"en_US","og_type":"article","og_title":"PARAFUSO BANJO 775 - 3\/8 x 24UNF A\u00c7O - Auto Barbosa","og_description":"Parafuso banjo simples A\u00e7o 775 GOODRIDGE  V\u00e1rias roscas dispon\u00edveis: - 3\/8x24 UNF - 7\/16x20 UNF - 7\/16x24 UNF  Material: A\u00e7o","og_url":"https:\/\/autobarbosa.com\/en\/produto\/parafuso-banjo-775-3-8-x-24unf-aco\/","og_site_name":"Auto Barbosa","article_publisher":"https:\/\/www.facebook.com\/autobarbosaoficina","twitter_card":"summary_large_image","schema":{"@context":"https:\/\/schema.org","@graph":[{"@type":"WebPage","@id":"https:\/\/autobarbosa.com\/en\/produto\/parafuso-banjo-775-3-8-x-24unf-aco\/","url":"https:\/\/autobarbosa.com\/en\/produto\/parafuso-banjo-775-3-8-x-24unf-aco\/","name":"PARAFUSO BANJO 775 - 3\/8 x 24UNF A\u00c7O - Auto Barbosa","isPartOf":{"@id":"https:\/\/autobarbosa.com\/en\/#website"},"datePublished":"2025-12-16T08:08:07+00:00","dateModified":"2025-12-16T08:08:07+00:00","breadcrumb":{"@id":"https:\/\/autobarbosa.com\/en\/produto\/parafuso-banjo-775-3-8-x-24unf-aco\/#breadcrumb"},"inLanguage":"en-US","potentialAction":[{"@type":"ReadAction","target":["https:\/\/autobarbosa.com\/en\/produto\/parafuso-banjo-775-3-8-x-24unf-aco\/"]}]},{"@type":"BreadcrumbList","@id":"https:\/\/autobarbosa.com\/en\/produto\/parafuso-banjo-775-3-8-x-24unf-aco\/#breadcrumb","itemListElement":[{"@type":"ListItem","position":1,"name":"In\u00edcio","item":"https:\/\/autobarbosa.com\/en\/"},{"@type":"ListItem","position":2,"name":"Loja","item":"https:\/\/autobarbosa.com\/"},{"@type":"ListItem","position":3,"name":"PARAFUSO BANJO 775 &#8211; 3\/8 x 24UNF A\u00c7O"}]},{"@type":"WebSite","@id":"https:\/\/autobarbosa.com\/en\/#website","url":"https:\/\/autobarbosa.com\/en\/","name":"Auto Barbosa","description":"Site institucional","publisher":{"@id":"https:\/\/autobarbosa.com\/en\/#organization"},"potentialAction":[{"@type":"SearchAction","target":{"@type":"EntryPoint","urlTemplate":"https:\/\/autobarbosa.com\/en\/?s={search_term_string}"},"query-input":"required name=search_term_string"}],"inLanguage":"en-US"},{"@type":"Organization","@id":"https:\/\/autobarbosa.com\/en\/#organization","name":"Auto Barbosa","url":"https:\/\/autobarbosa.com\/en\/","logo":{"@type":"ImageObject","inLanguage":"en-US","@id":"https:\/\/autobarbosa.com\/en\/#\/schema\/logo\/image\/","url":"https:\/\/autobarbosa.com\/wp-content\/uploads\/2023\/03\/AUTO-BARBOSA-LOGO-1-e1678715539111.png","contentUrl":"https:\/\/autobarbosa.com\/wp-content\/uploads\/2023\/03\/AUTO-BARBOSA-LOGO-1-e1678715539111.png","width":3233,"height":3233,"caption":"Auto Barbosa"},"image":{"@id":"https:\/\/autobarbosa.com\/en\/#\/schema\/logo\/image\/"},"sameAs":["https:\/\/www.facebook.com\/autobarbosaoficina","https:\/\/www.instagram.com\/autobarbosa.oficina\/"]}]}},"_links":{"self":[{"href":"https:\/\/autobarbosa.com\/en\/wp-json\/wp\/v3\/product\/19958","targetHints":{"allow":["GET"]}}],"collection":[{"href":"https:\/\/autobarbosa.com\/en\/wp-json\/wp\/v3\/product"}],"about":[{"href":"https:\/\/autobarbosa.com\/en\/wp-json\/wp\/v2\/types\/product"}],"wp:attachment":[{"href":"https:\/\/autobarbosa.com\/en\/wp-json\/wp\/v2\/media?parent=19958"}],"wp:term":[{"taxonomy":"product_cat","embeddable":true,"href":"https:\/\/autobarbosa.com\/en\/wp-json\/wp\/v2\/product_cat?post=19958"},{"taxonomy":"product_tag","embeddable":true,"href":"https:\/\/autobarbosa.com\/en\/wp-json\/wp\/v2\/product_tag?post=19958"},{"taxonomy":"marca","embeddable":true,"href":"https:\/\/autobarbosa.com\/en\/wp-json\/wp\/v2\/marca?post=19958"}],"curies":[{"name":"wp","href":"https:\/\/api.w.org\/{rel}","templated":true}]}}