{"id":20346,"date":"2025-12-16T07:10:00","date_gmt":"2025-12-16T08:10:00","guid":{"rendered":"https:\/\/autobarbosa.com\/produto\/kit-de-extintor-automatico-electrico-omp-cefal-3\/"},"modified":"2025-12-16T07:10:00","modified_gmt":"2025-12-16T08:10:00","slug":"kit-de-extintor-automatico-electrico-omp-cefal-3","status":"publish","type":"product","link":"https:\/\/autobarbosa.com\/en\/produto\/kit-de-extintor-automatico-electrico-omp-cefal-3\/","title":{"rendered":"KIT DE EXTINTOR AUTOMATICO ELECTRICO OMP CEFAL 3"},"content":{"rendered":"<p>Extintor El\u00e9trico Autom\u00e1tico Cefal3 0,9L Alum\u00ednio<\/p>\n<p>Com consider\u00e1vel know-how acumulado ao longo dos anos, a OMP assegura diretamente a produ\u00e7\u00e3o e montagem de componentes de extintores e sistemas de extin\u00e7\u00e3o, de acordo com as mais rigorosas regulamenta\u00e7\u00f5es do automobilismo.<\/p>\n<p>Modelo: Cefal3<br \/>\nTipo: Autom\u00e1tico el\u00e9trico<br \/>\nMaterial do tanque\/recipiente: Alum\u00ednio<br \/>\nCor do tanque\/recipiente: Prata<\/p>\n<p>Capacidade: 0,9 litros<\/p>\n<p>Agente extintor principal: Ecolife<br \/>\nN\u00famero de bicos do habit\u00e1culo: 1<br \/>\nN\u00famero de bicos do motor: 1<\/p>\n<p>Peso: 1,8 kg<br \/>\nDimens\u00e3o (comprimento): 235 mm<br \/>\nDimens\u00e3o (di\u00e2metro): 100 mm<\/p>\n<p>Uso frequente: Monoposto<br \/>\nAprova\u00e7\u00e3o: FIA 2000 (Lista T\u00e9cnica n.\u00ba 16)<\/p>\n<p>N.\u00ba de aprova\u00e7\u00e3o: EX.036.11<\/p>\n<p>Conte\u00fado:<br \/>\n1 caixa de controlo, cablagem, 1 bot\u00e3o de press\u00e3o, 5 m de mangueira \u00d8 8 mm,<br \/>\n3 m de mangueira \u00d8 6 mm, 6 difusores, 3 conectores T \u00d8 8 mm, 1 conector T \u00d8 6 mm,<br \/>\n2 conectores 90\u00b0 \u00d8 8 mm,<br \/>\n1 conector 90\u00b0 \u00d8 6 mm, 2 conectores 3 vias \u00d8 8 mm, 1 Redutor de 6-8 mm e 2 adesivos.<\/p>\n<p>Considere fazer a manuten\u00e7\u00e3o dos seus extintores de inc\u00eandio na Oreca!<br \/>\n\u00c9 obrigat\u00f3rio que os extintores de inc\u00eandio sejam verificados a cada 2 anos durante 10 anos*. Um extintor de inc\u00eandio com mais de 10 anos de uso est\u00e1 obsoleto e deve ser completamente substitu\u00eddo.<br \/>\nO Oreca \u00e9 aprovado pela LIFELINE, OMP e SPARCO para recarregar seus extintores de inc\u00eandio (exceto modelos de p\u00f3).<br \/>\nRecarga NOVEC somente mediante or\u00e7amento.<br \/>\n*Observa\u00e7\u00e3o: a condi\u00e7\u00e3o geral do cilindro deve estar intacta e consistente com o produto novo.<\/p>\n","protected":false},"excerpt":{"rendered":"<p>Extintor El\u00e9trico Autom\u00e1tico Cefal3 0,9L Alum\u00ednio<\/p>\n<p>Com consider\u00e1vel know-how acumulado ao longo dos anos, a OMP assegura diretamente a produ\u00e7\u00e3o e montagem de componentes de extintores e sistemas de extin\u00e7\u00e3o, de acordo com as mais rigorosas regulamenta\u00e7\u00f5es do automobilismo.<\/p>\n<p>Modelo: Cefal3<br \/>\nTipo: Autom\u00e1tico el\u00e9trico<br \/>\nMaterial do tanque\/recipiente: Alum\u00ednio<br \/>\nCor do tanque\/recipiente: Prata<\/p>\n<p>Capacidade: 0,9 litros<\/p>\n<p>Agente extintor principal: Ecolife<br \/>\nN\u00famero de bicos do habit\u00e1culo: 1<br \/>\nN\u00famero de bicos do motor: 1<\/p>\n<p>Peso: 1,8 kg<br \/>\nDimens\u00e3o (comprimento): 235 mm<br \/>\nDimens\u00e3o (di\u00e2metro): 100 mm<\/p>\n<p>Uso frequente: Monoposto<br \/>\nAprova\u00e7\u00e3o: FIA 2000 (Lista T\u00e9cnica n.\u00ba 16)<\/p>\n<p>N.\u00ba de aprova\u00e7\u00e3o: EX.036.11<\/p>\n<p>Conte\u00fado:<br \/>\n1 caixa de controlo, cablagem, 1 bot\u00e3o de press\u00e3o, 5 m de mangueira \u00d8 8 mm,<br \/>\n3 m de mangueira \u00d8 6 mm, 6 difusores, 3 conectores T \u00d8 8 mm, 1 conector T \u00d8 6 mm,<br \/>\n2 conectores 90\u00b0 \u00d8 8 mm,<br \/>\n1 conector 90\u00b0 \u00d8 6 mm, 2 conectores 3 vias \u00d8 8 mm, 1 Redutor de 6-8 mm e 2 adesivos.<\/p>\n<p>Considere fazer a manuten\u00e7\u00e3o dos seus extintores de inc\u00eandio na Oreca!<br \/>\n\u00c9 obrigat\u00f3rio que os extintores de inc\u00eandio sejam verificados a cada 2 anos durante 10 anos*. Um extintor de inc\u00eandio com mais de 10 anos de uso est\u00e1 obsoleto e deve ser completamente substitu\u00eddo.<br \/>\nO Oreca \u00e9 aprovado pela LIFELINE, OMP e SPARCO para recarregar seus extintores de inc\u00eandio (exceto modelos de p\u00f3).<br \/>\nRecarga NOVEC somente mediante or\u00e7amento.<br \/>\n*Observa\u00e7\u00e3o: a condi\u00e7\u00e3o geral do cilindro deve estar intacta e consistente com o produto novo.<\/p>\n","protected":false},"featured_media":0,"template":"","meta":[],"product_cat":[874],"product_tag":[],"marca":[171],"class_list":["post-20346","product","type-product","status-publish","hentry","product_cat-extintores-automaticos","marca-omp"],"yoast_head":"<!-- This site is optimized with the Yoast SEO plugin v20.5 - https:\/\/yoast.com\/wordpress\/plugins\/seo\/ -->\n<title>KIT DE EXTINTOR AUTOMATICO ELECTRICO OMP CEFAL 3 - Auto Barbosa<\/title>\n<meta name=\"robots\" content=\"index, follow, max-snippet:-1, max-image-preview:large, max-video-preview:-1\" \/>\n<link rel=\"canonical\" href=\"https:\/\/autobarbosa.com\/en\/produto\/kit-de-extintor-automatico-electrico-omp-cefal-3\/\" \/>\n<meta property=\"og:locale\" content=\"en_US\" \/>\n<meta property=\"og:type\" content=\"article\" \/>\n<meta property=\"og:title\" content=\"KIT DE EXTINTOR AUTOMATICO ELECTRICO OMP CEFAL 3 - Auto Barbosa\" \/>\n<meta property=\"og:description\" content=\"Extintor El\u00e9trico Autom\u00e1tico Cefal3 0,9L Alum\u00ednio  Com consider\u00e1vel know-how acumulado ao longo dos anos, a OMP assegura diretamente a produ\u00e7\u00e3o e montagem de componentes de extintores e sistemas de extin\u00e7\u00e3o, de acordo com as mais rigorosas regulamenta\u00e7\u00f5es do automobilismo.  Modelo: Cefal3 Tipo: Autom\u00e1tico el\u00e9trico Material do tanque\/recipiente: Alum\u00ednio Cor do tanque\/recipiente: Prata  Capacidade: 0,9 litros   Agente extintor principal: Ecolife N\u00famero de bicos do habit\u00e1culo: 1 N\u00famero de bicos do motor: 1  Peso: 1,8 kg Dimens\u00e3o (comprimento): 235 mm Dimens\u00e3o (di\u00e2metro): 100 mm  Uso frequente: Monoposto Aprova\u00e7\u00e3o: FIA 2000 (Lista T\u00e9cnica n.\u00ba 16)  N.\u00ba de aprova\u00e7\u00e3o: EX.036.11  Conte\u00fado: 1 caixa de controlo, cablagem, 1 bot\u00e3o de press\u00e3o, 5 m de mangueira \u00d8 8 mm, 3 m de mangueira \u00d8 6 mm, 6 difusores, 3 conectores T \u00d8 8 mm, 1 conector T \u00d8 6 mm, 2 conectores 90\u00b0 \u00d8 8 mm, 1 conector 90\u00b0 \u00d8 6 mm, 2 conectores 3 vias \u00d8 8 mm, 1 Redutor de 6-8 mm e 2 adesivos.  Considere fazer a manuten\u00e7\u00e3o dos seus extintores de inc\u00eandio na Oreca! \u00c9 obrigat\u00f3rio que os extintores de inc\u00eandio sejam verificados a cada 2 anos durante 10 anos*. Um extintor de inc\u00eandio com mais de 10 anos de uso est\u00e1 obsoleto e deve ser completamente substitu\u00eddo. O Oreca \u00e9 aprovado pela LIFELINE, OMP e SPARCO para recarregar seus extintores de inc\u00eandio (exceto modelos de p\u00f3). Recarga NOVEC somente mediante or\u00e7amento. *Observa\u00e7\u00e3o: a condi\u00e7\u00e3o geral do cilindro deve estar intacta e consistente com o produto novo.\" \/>\n<meta property=\"og:url\" content=\"https:\/\/autobarbosa.com\/en\/produto\/kit-de-extintor-automatico-electrico-omp-cefal-3\/\" \/>\n<meta property=\"og:site_name\" content=\"Auto Barbosa\" \/>\n<meta property=\"article:publisher\" content=\"https:\/\/www.facebook.com\/autobarbosaoficina\" \/>\n<meta name=\"twitter:card\" content=\"summary_large_image\" \/>\n<meta name=\"twitter:label1\" content=\"Est. reading time\" \/>\n\t<meta name=\"twitter:data1\" content=\"1 minute\" \/>\n<script type=\"application\/ld+json\" class=\"yoast-schema-graph\">{\"@context\":\"https:\/\/schema.org\",\"@graph\":[{\"@type\":\"WebPage\",\"@id\":\"https:\/\/autobarbosa.com\/en\/produto\/kit-de-extintor-automatico-electrico-omp-cefal-3\/\",\"url\":\"https:\/\/autobarbosa.com\/en\/produto\/kit-de-extintor-automatico-electrico-omp-cefal-3\/\",\"name\":\"KIT DE EXTINTOR AUTOMATICO ELECTRICO OMP CEFAL 3 - Auto Barbosa\",\"isPartOf\":{\"@id\":\"https:\/\/autobarbosa.com\/en\/#website\"},\"datePublished\":\"2025-12-16T08:10:00+00:00\",\"dateModified\":\"2025-12-16T08:10:00+00:00\",\"breadcrumb\":{\"@id\":\"https:\/\/autobarbosa.com\/en\/produto\/kit-de-extintor-automatico-electrico-omp-cefal-3\/#breadcrumb\"},\"inLanguage\":\"en-US\",\"potentialAction\":[{\"@type\":\"ReadAction\",\"target\":[\"https:\/\/autobarbosa.com\/en\/produto\/kit-de-extintor-automatico-electrico-omp-cefal-3\/\"]}]},{\"@type\":\"BreadcrumbList\",\"@id\":\"https:\/\/autobarbosa.com\/en\/produto\/kit-de-extintor-automatico-electrico-omp-cefal-3\/#breadcrumb\",\"itemListElement\":[{\"@type\":\"ListItem\",\"position\":1,\"name\":\"In\u00edcio\",\"item\":\"https:\/\/autobarbosa.com\/en\/\"},{\"@type\":\"ListItem\",\"position\":2,\"name\":\"Loja\",\"item\":\"https:\/\/autobarbosa.com\/\"},{\"@type\":\"ListItem\",\"position\":3,\"name\":\"KIT DE EXTINTOR AUTOMATICO ELECTRICO OMP CEFAL 3\"}]},{\"@type\":\"WebSite\",\"@id\":\"https:\/\/autobarbosa.com\/en\/#website\",\"url\":\"https:\/\/autobarbosa.com\/en\/\",\"name\":\"Auto Barbosa\",\"description\":\"Site institucional\",\"publisher\":{\"@id\":\"https:\/\/autobarbosa.com\/en\/#organization\"},\"potentialAction\":[{\"@type\":\"SearchAction\",\"target\":{\"@type\":\"EntryPoint\",\"urlTemplate\":\"https:\/\/autobarbosa.com\/en\/?s={search_term_string}\"},\"query-input\":\"required name=search_term_string\"}],\"inLanguage\":\"en-US\"},{\"@type\":\"Organization\",\"@id\":\"https:\/\/autobarbosa.com\/en\/#organization\",\"name\":\"Auto Barbosa\",\"url\":\"https:\/\/autobarbosa.com\/en\/\",\"logo\":{\"@type\":\"ImageObject\",\"inLanguage\":\"en-US\",\"@id\":\"https:\/\/autobarbosa.com\/en\/#\/schema\/logo\/image\/\",\"url\":\"https:\/\/autobarbosa.com\/wp-content\/uploads\/2023\/03\/AUTO-BARBOSA-LOGO-1-e1678715539111.png\",\"contentUrl\":\"https:\/\/autobarbosa.com\/wp-content\/uploads\/2023\/03\/AUTO-BARBOSA-LOGO-1-e1678715539111.png\",\"width\":3233,\"height\":3233,\"caption\":\"Auto Barbosa\"},\"image\":{\"@id\":\"https:\/\/autobarbosa.com\/en\/#\/schema\/logo\/image\/\"},\"sameAs\":[\"https:\/\/www.facebook.com\/autobarbosaoficina\",\"https:\/\/www.instagram.com\/autobarbosa.oficina\/\"]}]}<\/script>\n<!-- \/ Yoast SEO plugin. -->","yoast_head_json":{"title":"KIT DE EXTINTOR AUTOMATICO ELECTRICO OMP CEFAL 3 - Auto Barbosa","robots":{"index":"index","follow":"follow","max-snippet":"max-snippet:-1","max-image-preview":"max-image-preview:large","max-video-preview":"max-video-preview:-1"},"canonical":"https:\/\/autobarbosa.com\/en\/produto\/kit-de-extintor-automatico-electrico-omp-cefal-3\/","og_locale":"en_US","og_type":"article","og_title":"KIT DE EXTINTOR AUTOMATICO ELECTRICO OMP CEFAL 3 - Auto Barbosa","og_description":"Extintor El\u00e9trico Autom\u00e1tico Cefal3 0,9L Alum\u00ednio  Com consider\u00e1vel know-how acumulado ao longo dos anos, a OMP assegura diretamente a produ\u00e7\u00e3o e montagem de componentes de extintores e sistemas de extin\u00e7\u00e3o, de acordo com as mais rigorosas regulamenta\u00e7\u00f5es do automobilismo.  Modelo: Cefal3 Tipo: Autom\u00e1tico el\u00e9trico Material do tanque\/recipiente: Alum\u00ednio Cor do tanque\/recipiente: Prata  Capacidade: 0,9 litros   Agente extintor principal: Ecolife N\u00famero de bicos do habit\u00e1culo: 1 N\u00famero de bicos do motor: 1  Peso: 1,8 kg Dimens\u00e3o (comprimento): 235 mm Dimens\u00e3o (di\u00e2metro): 100 mm  Uso frequente: Monoposto Aprova\u00e7\u00e3o: FIA 2000 (Lista T\u00e9cnica n.\u00ba 16)  N.\u00ba de aprova\u00e7\u00e3o: EX.036.11  Conte\u00fado: 1 caixa de controlo, cablagem, 1 bot\u00e3o de press\u00e3o, 5 m de mangueira \u00d8 8 mm, 3 m de mangueira \u00d8 6 mm, 6 difusores, 3 conectores T \u00d8 8 mm, 1 conector T \u00d8 6 mm, 2 conectores 90\u00b0 \u00d8 8 mm, 1 conector 90\u00b0 \u00d8 6 mm, 2 conectores 3 vias \u00d8 8 mm, 1 Redutor de 6-8 mm e 2 adesivos.  Considere fazer a manuten\u00e7\u00e3o dos seus extintores de inc\u00eandio na Oreca! \u00c9 obrigat\u00f3rio que os extintores de inc\u00eandio sejam verificados a cada 2 anos durante 10 anos*. Um extintor de inc\u00eandio com mais de 10 anos de uso est\u00e1 obsoleto e deve ser completamente substitu\u00eddo. O Oreca \u00e9 aprovado pela LIFELINE, OMP e SPARCO para recarregar seus extintores de inc\u00eandio (exceto modelos de p\u00f3). Recarga NOVEC somente mediante or\u00e7amento. *Observa\u00e7\u00e3o: a condi\u00e7\u00e3o geral do cilindro deve estar intacta e consistente com o produto novo.","og_url":"https:\/\/autobarbosa.com\/en\/produto\/kit-de-extintor-automatico-electrico-omp-cefal-3\/","og_site_name":"Auto Barbosa","article_publisher":"https:\/\/www.facebook.com\/autobarbosaoficina","twitter_card":"summary_large_image","twitter_misc":{"Est. reading time":"1 minute"},"schema":{"@context":"https:\/\/schema.org","@graph":[{"@type":"WebPage","@id":"https:\/\/autobarbosa.com\/en\/produto\/kit-de-extintor-automatico-electrico-omp-cefal-3\/","url":"https:\/\/autobarbosa.com\/en\/produto\/kit-de-extintor-automatico-electrico-omp-cefal-3\/","name":"KIT DE EXTINTOR AUTOMATICO ELECTRICO OMP CEFAL 3 - Auto Barbosa","isPartOf":{"@id":"https:\/\/autobarbosa.com\/en\/#website"},"datePublished":"2025-12-16T08:10:00+00:00","dateModified":"2025-12-16T08:10:00+00:00","breadcrumb":{"@id":"https:\/\/autobarbosa.com\/en\/produto\/kit-de-extintor-automatico-electrico-omp-cefal-3\/#breadcrumb"},"inLanguage":"en-US","potentialAction":[{"@type":"ReadAction","target":["https:\/\/autobarbosa.com\/en\/produto\/kit-de-extintor-automatico-electrico-omp-cefal-3\/"]}]},{"@type":"BreadcrumbList","@id":"https:\/\/autobarbosa.com\/en\/produto\/kit-de-extintor-automatico-electrico-omp-cefal-3\/#breadcrumb","itemListElement":[{"@type":"ListItem","position":1,"name":"In\u00edcio","item":"https:\/\/autobarbosa.com\/en\/"},{"@type":"ListItem","position":2,"name":"Loja","item":"https:\/\/autobarbosa.com\/"},{"@type":"ListItem","position":3,"name":"KIT DE EXTINTOR AUTOMATICO ELECTRICO OMP CEFAL 3"}]},{"@type":"WebSite","@id":"https:\/\/autobarbosa.com\/en\/#website","url":"https:\/\/autobarbosa.com\/en\/","name":"Auto Barbosa","description":"Site institucional","publisher":{"@id":"https:\/\/autobarbosa.com\/en\/#organization"},"potentialAction":[{"@type":"SearchAction","target":{"@type":"EntryPoint","urlTemplate":"https:\/\/autobarbosa.com\/en\/?s={search_term_string}"},"query-input":"required name=search_term_string"}],"inLanguage":"en-US"},{"@type":"Organization","@id":"https:\/\/autobarbosa.com\/en\/#organization","name":"Auto Barbosa","url":"https:\/\/autobarbosa.com\/en\/","logo":{"@type":"ImageObject","inLanguage":"en-US","@id":"https:\/\/autobarbosa.com\/en\/#\/schema\/logo\/image\/","url":"https:\/\/autobarbosa.com\/wp-content\/uploads\/2023\/03\/AUTO-BARBOSA-LOGO-1-e1678715539111.png","contentUrl":"https:\/\/autobarbosa.com\/wp-content\/uploads\/2023\/03\/AUTO-BARBOSA-LOGO-1-e1678715539111.png","width":3233,"height":3233,"caption":"Auto Barbosa"},"image":{"@id":"https:\/\/autobarbosa.com\/en\/#\/schema\/logo\/image\/"},"sameAs":["https:\/\/www.facebook.com\/autobarbosaoficina","https:\/\/www.instagram.com\/autobarbosa.oficina\/"]}]}},"_links":{"self":[{"href":"https:\/\/autobarbosa.com\/en\/wp-json\/wp\/v3\/product\/20346","targetHints":{"allow":["GET"]}}],"collection":[{"href":"https:\/\/autobarbosa.com\/en\/wp-json\/wp\/v3\/product"}],"about":[{"href":"https:\/\/autobarbosa.com\/en\/wp-json\/wp\/v2\/types\/product"}],"wp:attachment":[{"href":"https:\/\/autobarbosa.com\/en\/wp-json\/wp\/v2\/media?parent=20346"}],"wp:term":[{"taxonomy":"product_cat","embeddable":true,"href":"https:\/\/autobarbosa.com\/en\/wp-json\/wp\/v2\/product_cat?post=20346"},{"taxonomy":"product_tag","embeddable":true,"href":"https:\/\/autobarbosa.com\/en\/wp-json\/wp\/v2\/product_tag?post=20346"},{"taxonomy":"marca","embeddable":true,"href":"https:\/\/autobarbosa.com\/en\/wp-json\/wp\/v2\/marca?post=20346"}],"curies":[{"name":"wp","href":"https:\/\/api.w.org\/{rel}","templated":true}]}}