{"id":20354,"date":"2025-12-16T07:10:03","date_gmt":"2025-12-16T08:10:03","guid":{"rendered":"https:\/\/autobarbosa.com\/produto\/kit-de-extintor-manual-omp-cmfst1-28l-black-collection\/"},"modified":"2025-12-16T07:10:03","modified_gmt":"2025-12-16T08:10:03","slug":"kit-de-extintor-manual-omp-cmfst1-28l-black-collection","status":"publish","type":"product","link":"https:\/\/autobarbosa.com\/en\/produto\/kit-de-extintor-manual-omp-cmfst1-28l-black-collection\/","title":{"rendered":"KIT DE EXTINTOR MANUAL OMP CMFST1 2,8L &#8211; BLACK COLLECTION"},"content":{"rendered":"<p>Extintor de inc\u00eandio CMFST1 Autom\u00e1tico Mec\u00e2nico 2,8L A\u00e7o<\/p>\n<p>Com consider\u00e1vel know-how acumulado ao longo dos anos, a OMP garante diretamente a produ\u00e7\u00e3o e montagem de componentes de extintores de inc\u00eandio e sistemas de extin\u00e7\u00e3o, de acordo com as mais rigorosas regulamenta\u00e7\u00f5es do automobilismo.<\/p>\n<p>Modelo: CMFST1<br \/>\nTipo: Autom\u00e1tico mec\u00e2nico<br \/>\nMaterial do tanque\/recipiente: A\u00e7o<br \/>\nCor do tanque\/recipiente: Preto<\/p>\n<p>Capacidade: 2,8 litros<br \/>\nNota: A unidade de medida usada (KG ou litro) depende do agente extintor usado no extintor.<br \/>\nPor exemplo, o p\u00f3 ABC ou Monnex \u00e9 medido em kg, enquanto o l\u00edquido AFFF ou o g\u00e1s Novec s\u00e3o medidos em litros.<br \/>\nAinda existem equival\u00eancias (extintor de 3 kg = 4,25 litros ou 2,25 kg = 2,8 litros, etc.)<\/p>\n<p>Agente extintor principal: Ecolife<br \/>\nN\u00famero de bicos do habit\u00e1culo: 1<br \/>\nN\u00famero de bicos do motor: 1<\/p>\n<p>Peso: 5,6 kg<br \/>\nDimens\u00e3o (comprimento): 385 mm<br \/>\nDimens\u00e3o (di\u00e2metro): 130 mm<\/p>\n<p>Utiliza\u00e7\u00e3o frequente: Monoposto<br \/>\nAprova\u00e7\u00e3o: FIA 2000 (Lista T\u00e9cnica n.\u00ba 16)<\/p>\n<p>N.\u00ba de aprova\u00e7\u00e3o: EX.009.00<\/p>\n<p>Conte\u00fado:<br \/>\nBatente antitorpedo, 2 patilhas de puxar, 2 mangueiras de 4 m \u00d8 8 mm, 6 difusores, 4 uni\u00f5es em T, 2 uni\u00f5es de 90\u00b0, 1 uni\u00e3o de 3 vias e 2 autocolantes.<\/p>\n<p>Considere fazer a manuten\u00e7\u00e3o dos seus extintores de inc\u00eandio na Oreca!<br \/>\n\u00c9 obrigat\u00f3rio que os extintores de inc\u00eandio sejam verificados a cada 2 anos durante 10 anos*. Um extintor de inc\u00eandio com mais de 10 anos de uso est\u00e1 obsoleto e deve ser completamente substitu\u00eddo.<br \/>\nO Oreca \u00e9 aprovado pela LIFELINE, OMP e SPARCO para recarregar seus extintores de inc\u00eandio (exceto modelos de p\u00f3).<br \/>\nRecarga NOVEC somente mediante or\u00e7amento.<br \/>\n*Observa\u00e7\u00e3o: a condi\u00e7\u00e3o geral do cilindro deve estar intacta e consistente com o produto novo.<\/p>\n","protected":false},"excerpt":{"rendered":"<p>Extintor de inc\u00eandio CMFST1 Autom\u00e1tico Mec\u00e2nico 2,8L A\u00e7o<\/p>\n<p>Com consider\u00e1vel know-how acumulado ao longo dos anos, a OMP garante diretamente a produ\u00e7\u00e3o e montagem de componentes de extintores de inc\u00eandio e sistemas de extin\u00e7\u00e3o, de acordo com as mais rigorosas regulamenta\u00e7\u00f5es do automobilismo.<\/p>\n<p>Modelo: CMFST1<br \/>\nTipo: Autom\u00e1tico mec\u00e2nico<br \/>\nMaterial do tanque\/recipiente: A\u00e7o<br \/>\nCor do tanque\/recipiente: Preto<\/p>\n<p>Capacidade: 2,8 litros<br \/>\nNota: A unidade de medida usada (KG ou litro) depende do agente extintor usado no extintor.<br \/>\nPor exemplo, o p\u00f3 ABC ou Monnex \u00e9 medido em kg, enquanto o l\u00edquido AFFF ou o g\u00e1s Novec s\u00e3o medidos em litros.<br \/>\nAinda existem equival\u00eancias (extintor de 3 kg = 4,25 litros ou 2,25 kg = 2,8 litros, etc.)<\/p>\n<p>Agente extintor principal: Ecolife<br \/>\nN\u00famero de bicos do habit\u00e1culo: 1<br \/>\nN\u00famero de bicos do motor: 1<\/p>\n<p>Peso: 5,6 kg<br \/>\nDimens\u00e3o (comprimento): 385 mm<br \/>\nDimens\u00e3o (di\u00e2metro): 130 mm<\/p>\n<p>Utiliza\u00e7\u00e3o frequente: Monoposto<br \/>\nAprova\u00e7\u00e3o: FIA 2000 (Lista T\u00e9cnica n.\u00ba 16)<\/p>\n<p>N.\u00ba de aprova\u00e7\u00e3o: EX.009.00<\/p>\n<p>Conte\u00fado:<br \/>\nBatente antitorpedo, 2 patilhas de puxar, 2 mangueiras de 4 m \u00d8 8 mm, 6 difusores, 4 uni\u00f5es em T, 2 uni\u00f5es de 90\u00b0, 1 uni\u00e3o de 3 vias e 2 autocolantes.<\/p>\n<p>Considere fazer a manuten\u00e7\u00e3o dos seus extintores de inc\u00eandio na Oreca!<br \/>\n\u00c9 obrigat\u00f3rio que os extintores de inc\u00eandio sejam verificados a cada 2 anos durante 10 anos*. Um extintor de inc\u00eandio com mais de 10 anos de uso est\u00e1 obsoleto e deve ser completamente substitu\u00eddo.<br \/>\nO Oreca \u00e9 aprovado pela LIFELINE, OMP e SPARCO para recarregar seus extintores de inc\u00eandio (exceto modelos de p\u00f3).<br \/>\nRecarga NOVEC somente mediante or\u00e7amento.<br \/>\n*Observa\u00e7\u00e3o: a condi\u00e7\u00e3o geral do cilindro deve estar intacta e consistente com o produto novo.<\/p>\n","protected":false},"featured_media":0,"template":"","meta":[],"product_cat":[878],"product_tag":[],"marca":[171],"class_list":["post-20354","product","type-product","status-publish","hentry","product_cat-extintores-manuais","marca-omp"],"yoast_head":"<!-- This site is optimized with the Yoast SEO plugin v20.5 - https:\/\/yoast.com\/wordpress\/plugins\/seo\/ -->\n<title>KIT DE EXTINTOR MANUAL OMP CMFST1 2,8L - BLACK COLLECTION - Auto Barbosa<\/title>\n<meta name=\"robots\" content=\"index, follow, max-snippet:-1, max-image-preview:large, max-video-preview:-1\" \/>\n<link rel=\"canonical\" href=\"https:\/\/autobarbosa.com\/en\/produto\/kit-de-extintor-manual-omp-cmfst1-28l-black-collection\/\" \/>\n<meta property=\"og:locale\" content=\"en_US\" \/>\n<meta property=\"og:type\" content=\"article\" \/>\n<meta property=\"og:title\" content=\"KIT DE EXTINTOR MANUAL OMP CMFST1 2,8L - BLACK COLLECTION - Auto Barbosa\" \/>\n<meta property=\"og:description\" content=\"Extintor de inc\u00eandio CMFST1 Autom\u00e1tico Mec\u00e2nico 2,8L A\u00e7o  Com consider\u00e1vel know-how acumulado ao longo dos anos, a OMP garante diretamente a produ\u00e7\u00e3o e montagem de componentes de extintores de inc\u00eandio e sistemas de extin\u00e7\u00e3o, de acordo com as mais rigorosas regulamenta\u00e7\u00f5es do automobilismo.  Modelo: CMFST1 Tipo: Autom\u00e1tico mec\u00e2nico Material do tanque\/recipiente: A\u00e7o Cor do tanque\/recipiente: Preto  Capacidade: 2,8 litros Nota: A unidade de medida usada (KG ou litro) depende do agente extintor usado no extintor. Por exemplo, o p\u00f3 ABC ou Monnex \u00e9 medido em kg, enquanto o l\u00edquido AFFF ou o g\u00e1s Novec s\u00e3o medidos em litros. Ainda existem equival\u00eancias (extintor de 3 kg = 4,25 litros ou 2,25 kg = 2,8 litros, etc.)  Agente extintor principal: Ecolife N\u00famero de bicos do habit\u00e1culo: 1 N\u00famero de bicos do motor: 1  Peso: 5,6 kg Dimens\u00e3o (comprimento): 385 mm Dimens\u00e3o (di\u00e2metro): 130 mm  Utiliza\u00e7\u00e3o frequente: Monoposto Aprova\u00e7\u00e3o: FIA 2000 (Lista T\u00e9cnica n.\u00ba 16)  N.\u00ba de aprova\u00e7\u00e3o: EX.009.00  Conte\u00fado: Batente antitorpedo, 2 patilhas de puxar, 2 mangueiras de 4 m \u00d8 8 mm, 6 difusores, 4 uni\u00f5es em T, 2 uni\u00f5es de 90\u00b0, 1 uni\u00e3o de 3 vias e 2 autocolantes.  Considere fazer a manuten\u00e7\u00e3o dos seus extintores de inc\u00eandio na Oreca! \u00c9 obrigat\u00f3rio que os extintores de inc\u00eandio sejam verificados a cada 2 anos durante 10 anos*. Um extintor de inc\u00eandio com mais de 10 anos de uso est\u00e1 obsoleto e deve ser completamente substitu\u00eddo. O Oreca \u00e9 aprovado pela LIFELINE, OMP e SPARCO para recarregar seus extintores de inc\u00eandio (exceto modelos de p\u00f3). Recarga NOVEC somente mediante or\u00e7amento. *Observa\u00e7\u00e3o: a condi\u00e7\u00e3o geral do cilindro deve estar intacta e consistente com o produto novo.\" \/>\n<meta property=\"og:url\" content=\"https:\/\/autobarbosa.com\/en\/produto\/kit-de-extintor-manual-omp-cmfst1-28l-black-collection\/\" \/>\n<meta property=\"og:site_name\" content=\"Auto Barbosa\" \/>\n<meta property=\"article:publisher\" content=\"https:\/\/www.facebook.com\/autobarbosaoficina\" \/>\n<meta name=\"twitter:card\" content=\"summary_large_image\" \/>\n<meta name=\"twitter:label1\" content=\"Est. reading time\" \/>\n\t<meta name=\"twitter:data1\" content=\"1 minute\" \/>\n<script type=\"application\/ld+json\" class=\"yoast-schema-graph\">{\"@context\":\"https:\/\/schema.org\",\"@graph\":[{\"@type\":\"WebPage\",\"@id\":\"https:\/\/autobarbosa.com\/en\/produto\/kit-de-extintor-manual-omp-cmfst1-28l-black-collection\/\",\"url\":\"https:\/\/autobarbosa.com\/en\/produto\/kit-de-extintor-manual-omp-cmfst1-28l-black-collection\/\",\"name\":\"KIT DE EXTINTOR MANUAL OMP CMFST1 2,8L - BLACK COLLECTION - Auto Barbosa\",\"isPartOf\":{\"@id\":\"https:\/\/autobarbosa.com\/en\/#website\"},\"datePublished\":\"2025-12-16T08:10:03+00:00\",\"dateModified\":\"2025-12-16T08:10:03+00:00\",\"breadcrumb\":{\"@id\":\"https:\/\/autobarbosa.com\/en\/produto\/kit-de-extintor-manual-omp-cmfst1-28l-black-collection\/#breadcrumb\"},\"inLanguage\":\"en-US\",\"potentialAction\":[{\"@type\":\"ReadAction\",\"target\":[\"https:\/\/autobarbosa.com\/en\/produto\/kit-de-extintor-manual-omp-cmfst1-28l-black-collection\/\"]}]},{\"@type\":\"BreadcrumbList\",\"@id\":\"https:\/\/autobarbosa.com\/en\/produto\/kit-de-extintor-manual-omp-cmfst1-28l-black-collection\/#breadcrumb\",\"itemListElement\":[{\"@type\":\"ListItem\",\"position\":1,\"name\":\"In\u00edcio\",\"item\":\"https:\/\/autobarbosa.com\/en\/\"},{\"@type\":\"ListItem\",\"position\":2,\"name\":\"Loja\",\"item\":\"https:\/\/autobarbosa.com\/\"},{\"@type\":\"ListItem\",\"position\":3,\"name\":\"KIT DE EXTINTOR MANUAL OMP CMFST1 2,8L &#8211; BLACK COLLECTION\"}]},{\"@type\":\"WebSite\",\"@id\":\"https:\/\/autobarbosa.com\/en\/#website\",\"url\":\"https:\/\/autobarbosa.com\/en\/\",\"name\":\"Auto Barbosa\",\"description\":\"Site institucional\",\"publisher\":{\"@id\":\"https:\/\/autobarbosa.com\/en\/#organization\"},\"potentialAction\":[{\"@type\":\"SearchAction\",\"target\":{\"@type\":\"EntryPoint\",\"urlTemplate\":\"https:\/\/autobarbosa.com\/en\/?s={search_term_string}\"},\"query-input\":\"required name=search_term_string\"}],\"inLanguage\":\"en-US\"},{\"@type\":\"Organization\",\"@id\":\"https:\/\/autobarbosa.com\/en\/#organization\",\"name\":\"Auto Barbosa\",\"url\":\"https:\/\/autobarbosa.com\/en\/\",\"logo\":{\"@type\":\"ImageObject\",\"inLanguage\":\"en-US\",\"@id\":\"https:\/\/autobarbosa.com\/en\/#\/schema\/logo\/image\/\",\"url\":\"https:\/\/autobarbosa.com\/wp-content\/uploads\/2023\/03\/AUTO-BARBOSA-LOGO-1-e1678715539111.png\",\"contentUrl\":\"https:\/\/autobarbosa.com\/wp-content\/uploads\/2023\/03\/AUTO-BARBOSA-LOGO-1-e1678715539111.png\",\"width\":3233,\"height\":3233,\"caption\":\"Auto Barbosa\"},\"image\":{\"@id\":\"https:\/\/autobarbosa.com\/en\/#\/schema\/logo\/image\/\"},\"sameAs\":[\"https:\/\/www.facebook.com\/autobarbosaoficina\",\"https:\/\/www.instagram.com\/autobarbosa.oficina\/\"]}]}<\/script>\n<!-- \/ Yoast SEO plugin. -->","yoast_head_json":{"title":"KIT DE EXTINTOR MANUAL OMP CMFST1 2,8L - BLACK COLLECTION - Auto Barbosa","robots":{"index":"index","follow":"follow","max-snippet":"max-snippet:-1","max-image-preview":"max-image-preview:large","max-video-preview":"max-video-preview:-1"},"canonical":"https:\/\/autobarbosa.com\/en\/produto\/kit-de-extintor-manual-omp-cmfst1-28l-black-collection\/","og_locale":"en_US","og_type":"article","og_title":"KIT DE EXTINTOR MANUAL OMP CMFST1 2,8L - BLACK COLLECTION - Auto Barbosa","og_description":"Extintor de inc\u00eandio CMFST1 Autom\u00e1tico Mec\u00e2nico 2,8L A\u00e7o  Com consider\u00e1vel know-how acumulado ao longo dos anos, a OMP garante diretamente a produ\u00e7\u00e3o e montagem de componentes de extintores de inc\u00eandio e sistemas de extin\u00e7\u00e3o, de acordo com as mais rigorosas regulamenta\u00e7\u00f5es do automobilismo.  Modelo: CMFST1 Tipo: Autom\u00e1tico mec\u00e2nico Material do tanque\/recipiente: A\u00e7o Cor do tanque\/recipiente: Preto  Capacidade: 2,8 litros Nota: A unidade de medida usada (KG ou litro) depende do agente extintor usado no extintor. Por exemplo, o p\u00f3 ABC ou Monnex \u00e9 medido em kg, enquanto o l\u00edquido AFFF ou o g\u00e1s Novec s\u00e3o medidos em litros. Ainda existem equival\u00eancias (extintor de 3 kg = 4,25 litros ou 2,25 kg = 2,8 litros, etc.)  Agente extintor principal: Ecolife N\u00famero de bicos do habit\u00e1culo: 1 N\u00famero de bicos do motor: 1  Peso: 5,6 kg Dimens\u00e3o (comprimento): 385 mm Dimens\u00e3o (di\u00e2metro): 130 mm  Utiliza\u00e7\u00e3o frequente: Monoposto Aprova\u00e7\u00e3o: FIA 2000 (Lista T\u00e9cnica n.\u00ba 16)  N.\u00ba de aprova\u00e7\u00e3o: EX.009.00  Conte\u00fado: Batente antitorpedo, 2 patilhas de puxar, 2 mangueiras de 4 m \u00d8 8 mm, 6 difusores, 4 uni\u00f5es em T, 2 uni\u00f5es de 90\u00b0, 1 uni\u00e3o de 3 vias e 2 autocolantes.  Considere fazer a manuten\u00e7\u00e3o dos seus extintores de inc\u00eandio na Oreca! \u00c9 obrigat\u00f3rio que os extintores de inc\u00eandio sejam verificados a cada 2 anos durante 10 anos*. Um extintor de inc\u00eandio com mais de 10 anos de uso est\u00e1 obsoleto e deve ser completamente substitu\u00eddo. O Oreca \u00e9 aprovado pela LIFELINE, OMP e SPARCO para recarregar seus extintores de inc\u00eandio (exceto modelos de p\u00f3). Recarga NOVEC somente mediante or\u00e7amento. *Observa\u00e7\u00e3o: a condi\u00e7\u00e3o geral do cilindro deve estar intacta e consistente com o produto novo.","og_url":"https:\/\/autobarbosa.com\/en\/produto\/kit-de-extintor-manual-omp-cmfst1-28l-black-collection\/","og_site_name":"Auto Barbosa","article_publisher":"https:\/\/www.facebook.com\/autobarbosaoficina","twitter_card":"summary_large_image","twitter_misc":{"Est. reading time":"1 minute"},"schema":{"@context":"https:\/\/schema.org","@graph":[{"@type":"WebPage","@id":"https:\/\/autobarbosa.com\/en\/produto\/kit-de-extintor-manual-omp-cmfst1-28l-black-collection\/","url":"https:\/\/autobarbosa.com\/en\/produto\/kit-de-extintor-manual-omp-cmfst1-28l-black-collection\/","name":"KIT DE EXTINTOR MANUAL OMP CMFST1 2,8L - BLACK COLLECTION - Auto Barbosa","isPartOf":{"@id":"https:\/\/autobarbosa.com\/en\/#website"},"datePublished":"2025-12-16T08:10:03+00:00","dateModified":"2025-12-16T08:10:03+00:00","breadcrumb":{"@id":"https:\/\/autobarbosa.com\/en\/produto\/kit-de-extintor-manual-omp-cmfst1-28l-black-collection\/#breadcrumb"},"inLanguage":"en-US","potentialAction":[{"@type":"ReadAction","target":["https:\/\/autobarbosa.com\/en\/produto\/kit-de-extintor-manual-omp-cmfst1-28l-black-collection\/"]}]},{"@type":"BreadcrumbList","@id":"https:\/\/autobarbosa.com\/en\/produto\/kit-de-extintor-manual-omp-cmfst1-28l-black-collection\/#breadcrumb","itemListElement":[{"@type":"ListItem","position":1,"name":"In\u00edcio","item":"https:\/\/autobarbosa.com\/en\/"},{"@type":"ListItem","position":2,"name":"Loja","item":"https:\/\/autobarbosa.com\/"},{"@type":"ListItem","position":3,"name":"KIT DE EXTINTOR MANUAL OMP CMFST1 2,8L &#8211; BLACK COLLECTION"}]},{"@type":"WebSite","@id":"https:\/\/autobarbosa.com\/en\/#website","url":"https:\/\/autobarbosa.com\/en\/","name":"Auto Barbosa","description":"Site institucional","publisher":{"@id":"https:\/\/autobarbosa.com\/en\/#organization"},"potentialAction":[{"@type":"SearchAction","target":{"@type":"EntryPoint","urlTemplate":"https:\/\/autobarbosa.com\/en\/?s={search_term_string}"},"query-input":"required name=search_term_string"}],"inLanguage":"en-US"},{"@type":"Organization","@id":"https:\/\/autobarbosa.com\/en\/#organization","name":"Auto Barbosa","url":"https:\/\/autobarbosa.com\/en\/","logo":{"@type":"ImageObject","inLanguage":"en-US","@id":"https:\/\/autobarbosa.com\/en\/#\/schema\/logo\/image\/","url":"https:\/\/autobarbosa.com\/wp-content\/uploads\/2023\/03\/AUTO-BARBOSA-LOGO-1-e1678715539111.png","contentUrl":"https:\/\/autobarbosa.com\/wp-content\/uploads\/2023\/03\/AUTO-BARBOSA-LOGO-1-e1678715539111.png","width":3233,"height":3233,"caption":"Auto Barbosa"},"image":{"@id":"https:\/\/autobarbosa.com\/en\/#\/schema\/logo\/image\/"},"sameAs":["https:\/\/www.facebook.com\/autobarbosaoficina","https:\/\/www.instagram.com\/autobarbosa.oficina\/"]}]}},"_links":{"self":[{"href":"https:\/\/autobarbosa.com\/en\/wp-json\/wp\/v3\/product\/20354","targetHints":{"allow":["GET"]}}],"collection":[{"href":"https:\/\/autobarbosa.com\/en\/wp-json\/wp\/v3\/product"}],"about":[{"href":"https:\/\/autobarbosa.com\/en\/wp-json\/wp\/v2\/types\/product"}],"wp:attachment":[{"href":"https:\/\/autobarbosa.com\/en\/wp-json\/wp\/v2\/media?parent=20354"}],"wp:term":[{"taxonomy":"product_cat","embeddable":true,"href":"https:\/\/autobarbosa.com\/en\/wp-json\/wp\/v2\/product_cat?post=20354"},{"taxonomy":"product_tag","embeddable":true,"href":"https:\/\/autobarbosa.com\/en\/wp-json\/wp\/v2\/product_tag?post=20354"},{"taxonomy":"marca","embeddable":true,"href":"https:\/\/autobarbosa.com\/en\/wp-json\/wp\/v2\/marca?post=20354"}],"curies":[{"name":"wp","href":"https:\/\/api.w.org\/{rel}","templated":true}]}}