{"id":20402,"date":"2025-12-16T07:10:17","date_gmt":"2025-12-16T08:10:17","guid":{"rendered":"https:\/\/autobarbosa.com\/produto\/baquet-omp-trs-e-preto-fia-8855-1999-estrutura-tubelar-forrada-em-tecido-sz-xl\/"},"modified":"2025-12-16T07:10:17","modified_gmt":"2025-12-16T08:10:17","slug":"baquet-omp-trs-e-preto-fia-8855-1999-estrutura-tubelar-forrada-em-tecido-sz-xl","status":"publish","type":"product","link":"https:\/\/autobarbosa.com\/en\/produto\/baquet-omp-trs-e-preto-fia-8855-1999-estrutura-tubelar-forrada-em-tecido-sz-xl\/","title":{"rendered":"BAQUET OMP TRS-E PRETO FIA  8855-1999 &#8211;  ESTRUTURA TUBELAR &#8211; FORRADA EM TECIDO SZ XL"},"content":{"rendered":"<p>Baquet FIA OMP TRS-E preto<\/p>\n<p>Excelente rela\u00e7\u00e3o qualidade\/pre\u00e7o, este assento beneficia de um agrad\u00e1vel revestimento de veludo e de um elevado n\u00edvel de acabamento.<br \/>\nDimens\u00f5es contidas permitindo a instala\u00e7\u00e3o em compartimentos de passageiros apertados.<br \/>\nCompat\u00edvel com o sistema Hans.<\/p>\n<p>Especifica\u00e7\u00f5es:<br \/>\n&#8211; Homologa\u00e7\u00e3o FIA 8855-1999.<br \/>\n&#8211; Estrutura tubular.<br \/>\n&#8211; Dist\u00e2ncia central das fixa\u00e7\u00f5es laterais 289 mm e inferior.<br \/>\n&#8211; 5 passagens de arn\u00eas.<br \/>\n&#8211; Balde sem orelhas.<br \/>\n&#8211; Cobertura: Veludo.<\/p>\n<p>Dimens\u00f5es (Tamanho do fabricante: M.):<br \/>\n&#8211; Largura total: 585 mm.<br \/>\n&#8211; Altura total: 890 mm.<br \/>\n&#8211; Largura externa do assento: 510 mm.<br \/>\n&#8211; Largura interior do assento: 390 mm.<br \/>\n&#8211; Espa\u00e7amento das fixa\u00e7\u00f5es laterais: 410 mm.<br \/>\n&#8211; Peso total: 10,3 kg.<\/p>\n<p>Dimens\u00f5es (Tamanho do fabricante: XL.):<br \/>\n&#8211; Largura total: 625 mm.<br \/>\n&#8211; Altura total: 950 mm.<br \/>\n&#8211; Largura externa do assento: 540 mm.<br \/>\n&#8211; Largura interior do assento: 415 mm.<br \/>\n&#8211; Espa\u00e7amento das fixa\u00e7\u00f5es laterais: 450 mm.<br \/>\n&#8211; Peso total: 12,3 kg.<\/p>\n","protected":false},"excerpt":{"rendered":"<p>Baquet FIA OMP TRS-E preto<\/p>\n<p>Excelente rela\u00e7\u00e3o qualidade\/pre\u00e7o, este assento beneficia de um agrad\u00e1vel revestimento de veludo e de um elevado n\u00edvel de acabamento.<br \/>\nDimens\u00f5es contidas permitindo a instala\u00e7\u00e3o em compartimentos de passageiros apertados.<br \/>\nCompat\u00edvel com o sistema Hans.<\/p>\n<p>Especifica\u00e7\u00f5es:<br \/>\n&#8211; Homologa\u00e7\u00e3o FIA 8855-1999.<br \/>\n&#8211; Estrutura tubular.<br \/>\n&#8211; Dist\u00e2ncia central das fixa\u00e7\u00f5es laterais 289 mm e inferior.<br \/>\n&#8211; 5 passagens de arn\u00eas.<br \/>\n&#8211; Balde sem orelhas.<br \/>\n&#8211; Cobertura: Veludo.<\/p>\n<p>Dimens\u00f5es (Tamanho do fabricante: M.):<br \/>\n&#8211; Largura total: 585 mm.<br \/>\n&#8211; Altura total: 890 mm.<br \/>\n&#8211; Largura externa do assento: 510 mm.<br \/>\n&#8211; Largura interior do assento: 390 mm.<br \/>\n&#8211; Espa\u00e7amento das fixa\u00e7\u00f5es laterais: 410 mm.<br \/>\n&#8211; Peso total: 10,3 kg.<\/p>\n<p>Dimens\u00f5es (Tamanho do fabricante: XL.):<br \/>\n&#8211; Largura total: 625 mm.<br \/>\n&#8211; Altura total: 950 mm.<br \/>\n&#8211; Largura externa do assento: 540 mm.<br \/>\n&#8211; Largura interior do assento: 415 mm.<br \/>\n&#8211; Espa\u00e7amento das fixa\u00e7\u00f5es laterais: 450 mm.<br \/>\n&#8211; Peso total: 12,3 kg.<\/p>\n","protected":false},"featured_media":0,"template":"","meta":[],"product_cat":[563],"product_tag":[],"marca":[171],"class_list":["post-20402","product","type-product","status-publish","hentry","product_cat-baquets-suportes","marca-omp"],"yoast_head":"<!-- This site is optimized with the Yoast SEO plugin v20.5 - https:\/\/yoast.com\/wordpress\/plugins\/seo\/ -->\n<title>BAQUET OMP TRS-E PRETO FIA 8855-1999 - ESTRUTURA TUBELAR - FORRADA EM TECIDO SZ XL - Auto Barbosa<\/title>\n<meta name=\"robots\" content=\"index, follow, max-snippet:-1, max-image-preview:large, max-video-preview:-1\" \/>\n<link rel=\"canonical\" href=\"https:\/\/autobarbosa.com\/en\/produto\/baquet-omp-trs-e-preto-fia-8855-1999-estrutura-tubelar-forrada-em-tecido-sz-xl\/\" \/>\n<meta property=\"og:locale\" content=\"en_US\" \/>\n<meta property=\"og:type\" content=\"article\" \/>\n<meta property=\"og:title\" content=\"BAQUET OMP TRS-E PRETO FIA 8855-1999 - ESTRUTURA TUBELAR - FORRADA EM TECIDO SZ XL - Auto Barbosa\" \/>\n<meta property=\"og:description\" content=\"Baquet FIA OMP TRS-E preto   Excelente rela\u00e7\u00e3o qualidade\/pre\u00e7o, este assento beneficia de um agrad\u00e1vel revestimento de veludo e de um elevado n\u00edvel de acabamento. Dimens\u00f5es contidas permitindo a instala\u00e7\u00e3o em compartimentos de passageiros apertados. Compat\u00edvel com o sistema Hans.  Especifica\u00e7\u00f5es: - Homologa\u00e7\u00e3o FIA 8855-1999. - Estrutura tubular. - Dist\u00e2ncia central das fixa\u00e7\u00f5es laterais 289 mm e inferior. - 5 passagens de arn\u00eas. - Balde sem orelhas. - Cobertura: Veludo.  Dimens\u00f5es (Tamanho do fabricante: M.): - Largura total: 585 mm. - Altura total: 890 mm. - Largura externa do assento: 510 mm. - Largura interior do assento: 390 mm. - Espa\u00e7amento das fixa\u00e7\u00f5es laterais: 410 mm. - Peso total: 10,3 kg.  Dimens\u00f5es (Tamanho do fabricante: XL.): - Largura total: 625 mm. - Altura total: 950 mm. - Largura externa do assento: 540 mm. - Largura interior do assento: 415 mm. - Espa\u00e7amento das fixa\u00e7\u00f5es laterais: 450 mm. - Peso total: 12,3 kg.\" \/>\n<meta property=\"og:url\" content=\"https:\/\/autobarbosa.com\/en\/produto\/baquet-omp-trs-e-preto-fia-8855-1999-estrutura-tubelar-forrada-em-tecido-sz-xl\/\" \/>\n<meta property=\"og:site_name\" content=\"Auto Barbosa\" \/>\n<meta property=\"article:publisher\" content=\"https:\/\/www.facebook.com\/autobarbosaoficina\" \/>\n<meta name=\"twitter:card\" content=\"summary_large_image\" \/>\n<meta name=\"twitter:label1\" content=\"Est. reading time\" \/>\n\t<meta name=\"twitter:data1\" content=\"1 minute\" \/>\n<script type=\"application\/ld+json\" class=\"yoast-schema-graph\">{\"@context\":\"https:\/\/schema.org\",\"@graph\":[{\"@type\":\"WebPage\",\"@id\":\"https:\/\/autobarbosa.com\/en\/produto\/baquet-omp-trs-e-preto-fia-8855-1999-estrutura-tubelar-forrada-em-tecido-sz-xl\/\",\"url\":\"https:\/\/autobarbosa.com\/en\/produto\/baquet-omp-trs-e-preto-fia-8855-1999-estrutura-tubelar-forrada-em-tecido-sz-xl\/\",\"name\":\"BAQUET OMP TRS-E PRETO FIA 8855-1999 - ESTRUTURA TUBELAR - FORRADA EM TECIDO SZ XL - Auto Barbosa\",\"isPartOf\":{\"@id\":\"https:\/\/autobarbosa.com\/en\/#website\"},\"datePublished\":\"2025-12-16T08:10:17+00:00\",\"dateModified\":\"2025-12-16T08:10:17+00:00\",\"breadcrumb\":{\"@id\":\"https:\/\/autobarbosa.com\/en\/produto\/baquet-omp-trs-e-preto-fia-8855-1999-estrutura-tubelar-forrada-em-tecido-sz-xl\/#breadcrumb\"},\"inLanguage\":\"en-US\",\"potentialAction\":[{\"@type\":\"ReadAction\",\"target\":[\"https:\/\/autobarbosa.com\/en\/produto\/baquet-omp-trs-e-preto-fia-8855-1999-estrutura-tubelar-forrada-em-tecido-sz-xl\/\"]}]},{\"@type\":\"BreadcrumbList\",\"@id\":\"https:\/\/autobarbosa.com\/en\/produto\/baquet-omp-trs-e-preto-fia-8855-1999-estrutura-tubelar-forrada-em-tecido-sz-xl\/#breadcrumb\",\"itemListElement\":[{\"@type\":\"ListItem\",\"position\":1,\"name\":\"In\u00edcio\",\"item\":\"https:\/\/autobarbosa.com\/en\/\"},{\"@type\":\"ListItem\",\"position\":2,\"name\":\"Loja\",\"item\":\"https:\/\/autobarbosa.com\/\"},{\"@type\":\"ListItem\",\"position\":3,\"name\":\"BAQUET OMP TRS-E PRETO FIA 8855-1999 &#8211; ESTRUTURA TUBELAR &#8211; FORRADA EM TECIDO SZ XL\"}]},{\"@type\":\"WebSite\",\"@id\":\"https:\/\/autobarbosa.com\/en\/#website\",\"url\":\"https:\/\/autobarbosa.com\/en\/\",\"name\":\"Auto Barbosa\",\"description\":\"Site institucional\",\"publisher\":{\"@id\":\"https:\/\/autobarbosa.com\/en\/#organization\"},\"potentialAction\":[{\"@type\":\"SearchAction\",\"target\":{\"@type\":\"EntryPoint\",\"urlTemplate\":\"https:\/\/autobarbosa.com\/en\/?s={search_term_string}\"},\"query-input\":\"required name=search_term_string\"}],\"inLanguage\":\"en-US\"},{\"@type\":\"Organization\",\"@id\":\"https:\/\/autobarbosa.com\/en\/#organization\",\"name\":\"Auto Barbosa\",\"url\":\"https:\/\/autobarbosa.com\/en\/\",\"logo\":{\"@type\":\"ImageObject\",\"inLanguage\":\"en-US\",\"@id\":\"https:\/\/autobarbosa.com\/en\/#\/schema\/logo\/image\/\",\"url\":\"https:\/\/autobarbosa.com\/wp-content\/uploads\/2023\/03\/AUTO-BARBOSA-LOGO-1-e1678715539111.png\",\"contentUrl\":\"https:\/\/autobarbosa.com\/wp-content\/uploads\/2023\/03\/AUTO-BARBOSA-LOGO-1-e1678715539111.png\",\"width\":3233,\"height\":3233,\"caption\":\"Auto Barbosa\"},\"image\":{\"@id\":\"https:\/\/autobarbosa.com\/en\/#\/schema\/logo\/image\/\"},\"sameAs\":[\"https:\/\/www.facebook.com\/autobarbosaoficina\",\"https:\/\/www.instagram.com\/autobarbosa.oficina\/\"]}]}<\/script>\n<!-- \/ Yoast SEO plugin. -->","yoast_head_json":{"title":"BAQUET OMP TRS-E PRETO FIA 8855-1999 - ESTRUTURA TUBELAR - FORRADA EM TECIDO SZ XL - Auto Barbosa","robots":{"index":"index","follow":"follow","max-snippet":"max-snippet:-1","max-image-preview":"max-image-preview:large","max-video-preview":"max-video-preview:-1"},"canonical":"https:\/\/autobarbosa.com\/en\/produto\/baquet-omp-trs-e-preto-fia-8855-1999-estrutura-tubelar-forrada-em-tecido-sz-xl\/","og_locale":"en_US","og_type":"article","og_title":"BAQUET OMP TRS-E PRETO FIA 8855-1999 - ESTRUTURA TUBELAR - FORRADA EM TECIDO SZ XL - Auto Barbosa","og_description":"Baquet FIA OMP TRS-E preto   Excelente rela\u00e7\u00e3o qualidade\/pre\u00e7o, este assento beneficia de um agrad\u00e1vel revestimento de veludo e de um elevado n\u00edvel de acabamento. Dimens\u00f5es contidas permitindo a instala\u00e7\u00e3o em compartimentos de passageiros apertados. Compat\u00edvel com o sistema Hans.  Especifica\u00e7\u00f5es: - Homologa\u00e7\u00e3o FIA 8855-1999. - Estrutura tubular. - Dist\u00e2ncia central das fixa\u00e7\u00f5es laterais 289 mm e inferior. - 5 passagens de arn\u00eas. - Balde sem orelhas. - Cobertura: Veludo.  Dimens\u00f5es (Tamanho do fabricante: M.): - Largura total: 585 mm. - Altura total: 890 mm. - Largura externa do assento: 510 mm. - Largura interior do assento: 390 mm. - Espa\u00e7amento das fixa\u00e7\u00f5es laterais: 410 mm. - Peso total: 10,3 kg.  Dimens\u00f5es (Tamanho do fabricante: XL.): - Largura total: 625 mm. - Altura total: 950 mm. - Largura externa do assento: 540 mm. - Largura interior do assento: 415 mm. - Espa\u00e7amento das fixa\u00e7\u00f5es laterais: 450 mm. - Peso total: 12,3 kg.","og_url":"https:\/\/autobarbosa.com\/en\/produto\/baquet-omp-trs-e-preto-fia-8855-1999-estrutura-tubelar-forrada-em-tecido-sz-xl\/","og_site_name":"Auto Barbosa","article_publisher":"https:\/\/www.facebook.com\/autobarbosaoficina","twitter_card":"summary_large_image","twitter_misc":{"Est. reading time":"1 minute"},"schema":{"@context":"https:\/\/schema.org","@graph":[{"@type":"WebPage","@id":"https:\/\/autobarbosa.com\/en\/produto\/baquet-omp-trs-e-preto-fia-8855-1999-estrutura-tubelar-forrada-em-tecido-sz-xl\/","url":"https:\/\/autobarbosa.com\/en\/produto\/baquet-omp-trs-e-preto-fia-8855-1999-estrutura-tubelar-forrada-em-tecido-sz-xl\/","name":"BAQUET OMP TRS-E PRETO FIA 8855-1999 - ESTRUTURA TUBELAR - FORRADA EM TECIDO SZ XL - Auto Barbosa","isPartOf":{"@id":"https:\/\/autobarbosa.com\/en\/#website"},"datePublished":"2025-12-16T08:10:17+00:00","dateModified":"2025-12-16T08:10:17+00:00","breadcrumb":{"@id":"https:\/\/autobarbosa.com\/en\/produto\/baquet-omp-trs-e-preto-fia-8855-1999-estrutura-tubelar-forrada-em-tecido-sz-xl\/#breadcrumb"},"inLanguage":"en-US","potentialAction":[{"@type":"ReadAction","target":["https:\/\/autobarbosa.com\/en\/produto\/baquet-omp-trs-e-preto-fia-8855-1999-estrutura-tubelar-forrada-em-tecido-sz-xl\/"]}]},{"@type":"BreadcrumbList","@id":"https:\/\/autobarbosa.com\/en\/produto\/baquet-omp-trs-e-preto-fia-8855-1999-estrutura-tubelar-forrada-em-tecido-sz-xl\/#breadcrumb","itemListElement":[{"@type":"ListItem","position":1,"name":"In\u00edcio","item":"https:\/\/autobarbosa.com\/en\/"},{"@type":"ListItem","position":2,"name":"Loja","item":"https:\/\/autobarbosa.com\/"},{"@type":"ListItem","position":3,"name":"BAQUET OMP TRS-E PRETO FIA 8855-1999 &#8211; ESTRUTURA TUBELAR &#8211; FORRADA EM TECIDO SZ XL"}]},{"@type":"WebSite","@id":"https:\/\/autobarbosa.com\/en\/#website","url":"https:\/\/autobarbosa.com\/en\/","name":"Auto Barbosa","description":"Site institucional","publisher":{"@id":"https:\/\/autobarbosa.com\/en\/#organization"},"potentialAction":[{"@type":"SearchAction","target":{"@type":"EntryPoint","urlTemplate":"https:\/\/autobarbosa.com\/en\/?s={search_term_string}"},"query-input":"required name=search_term_string"}],"inLanguage":"en-US"},{"@type":"Organization","@id":"https:\/\/autobarbosa.com\/en\/#organization","name":"Auto Barbosa","url":"https:\/\/autobarbosa.com\/en\/","logo":{"@type":"ImageObject","inLanguage":"en-US","@id":"https:\/\/autobarbosa.com\/en\/#\/schema\/logo\/image\/","url":"https:\/\/autobarbosa.com\/wp-content\/uploads\/2023\/03\/AUTO-BARBOSA-LOGO-1-e1678715539111.png","contentUrl":"https:\/\/autobarbosa.com\/wp-content\/uploads\/2023\/03\/AUTO-BARBOSA-LOGO-1-e1678715539111.png","width":3233,"height":3233,"caption":"Auto Barbosa"},"image":{"@id":"https:\/\/autobarbosa.com\/en\/#\/schema\/logo\/image\/"},"sameAs":["https:\/\/www.facebook.com\/autobarbosaoficina","https:\/\/www.instagram.com\/autobarbosa.oficina\/"]}]}},"_links":{"self":[{"href":"https:\/\/autobarbosa.com\/en\/wp-json\/wp\/v3\/product\/20402","targetHints":{"allow":["GET"]}}],"collection":[{"href":"https:\/\/autobarbosa.com\/en\/wp-json\/wp\/v3\/product"}],"about":[{"href":"https:\/\/autobarbosa.com\/en\/wp-json\/wp\/v2\/types\/product"}],"wp:attachment":[{"href":"https:\/\/autobarbosa.com\/en\/wp-json\/wp\/v2\/media?parent=20402"}],"wp:term":[{"taxonomy":"product_cat","embeddable":true,"href":"https:\/\/autobarbosa.com\/en\/wp-json\/wp\/v2\/product_cat?post=20402"},{"taxonomy":"product_tag","embeddable":true,"href":"https:\/\/autobarbosa.com\/en\/wp-json\/wp\/v2\/product_tag?post=20402"},{"taxonomy":"marca","embeddable":true,"href":"https:\/\/autobarbosa.com\/en\/wp-json\/wp\/v2\/marca?post=20402"}],"curies":[{"name":"wp","href":"https:\/\/api.w.org\/{rel}","templated":true}]}}