{"id":20618,"date":"2025-12-16T07:11:22","date_gmt":"2025-12-16T08:11:22","guid":{"rendered":"https:\/\/autobarbosa.com\/produto\/calcas-omp-first-fia-8856-2018-preto-size-l\/"},"modified":"2025-12-16T07:11:22","modified_gmt":"2025-12-16T08:11:22","slug":"calcas-omp-first-fia-8856-2018-preto-size-l","status":"publish","type":"product","link":"https:\/\/autobarbosa.com\/en\/produto\/calcas-omp-first-fia-8856-2018-preto-size-l\/","title":{"rendered":"CAL\u00c7AS OMP FIRST &#8211;  FIA 8856-2018 PRETO &#8211; SIZE L"},"content":{"rendered":"<p>FIA 8856-2018 OMP First<\/p>\n<p>roupa \u00edntima longa A OMP est\u00e1 renovando sua linha de roupas \u00edntimas e aproveitando a oportunidade para modernizar seu produto de entrada First.<br \/>\nCosturas planas para maior conforto.<br \/>\nTornozelos estreitos.<\/p>\n<p>Aprova\u00e7\u00e3o: FIA 8856-2018.<br \/>\nCores: Branco, preto.<br \/>\nTamanhos dispon\u00edveis: Do XS ao XXL.<\/p>\n<p>Tamb\u00e9m dispon\u00edvel em vers\u00e3o infantil: (Ref.: 8OMPIAA772_ENF).<\/p>\n","protected":false},"excerpt":{"rendered":"<p>FIA 8856-2018 OMP First<\/p>\n<p>roupa \u00edntima longa A OMP est\u00e1 renovando sua linha de roupas \u00edntimas e aproveitando a oportunidade para modernizar seu produto de entrada First.<br \/>\nCosturas planas para maior conforto.<br \/>\nTornozelos estreitos.<\/p>\n<p>Aprova\u00e7\u00e3o: FIA 8856-2018.<br \/>\nCores: Branco, preto.<br \/>\nTamanhos dispon\u00edveis: Do XS ao XXL.<\/p>\n<p>Tamb\u00e9m dispon\u00edvel em vers\u00e3o infantil: (Ref.: 8OMPIAA772_ENF).<\/p>\n","protected":false},"featured_media":0,"template":"","meta":[],"product_cat":[553],"product_tag":[],"marca":[171],"class_list":["post-20618","product","type-product","status-publish","hentry","product_cat-calca-interior","marca-omp"],"yoast_head":"<!-- This site is optimized with the Yoast SEO plugin v20.5 - https:\/\/yoast.com\/wordpress\/plugins\/seo\/ -->\n<title>CAL\u00c7AS OMP FIRST - FIA 8856-2018 PRETO - SIZE L - Auto Barbosa<\/title>\n<meta name=\"robots\" content=\"index, follow, max-snippet:-1, max-image-preview:large, max-video-preview:-1\" \/>\n<link rel=\"canonical\" href=\"https:\/\/autobarbosa.com\/en\/produto\/calcas-omp-first-fia-8856-2018-preto-size-l\/\" \/>\n<meta property=\"og:locale\" content=\"en_US\" \/>\n<meta property=\"og:type\" content=\"article\" \/>\n<meta property=\"og:title\" content=\"CAL\u00c7AS OMP FIRST - FIA 8856-2018 PRETO - SIZE L - Auto Barbosa\" \/>\n<meta property=\"og:description\" content=\"FIA 8856-2018 OMP First   roupa \u00edntima longa A OMP est\u00e1 renovando sua linha de roupas \u00edntimas e aproveitando a oportunidade para modernizar seu produto de entrada First. Costuras planas para maior conforto. Tornozelos estreitos.  Aprova\u00e7\u00e3o: FIA 8856-2018. Cores: Branco, preto. Tamanhos dispon\u00edveis: Do XS ao XXL.  Tamb\u00e9m dispon\u00edvel em vers\u00e3o infantil: (Ref.: 8OMPIAA772_ENF).\" \/>\n<meta property=\"og:url\" content=\"https:\/\/autobarbosa.com\/en\/produto\/calcas-omp-first-fia-8856-2018-preto-size-l\/\" \/>\n<meta property=\"og:site_name\" content=\"Auto Barbosa\" \/>\n<meta property=\"article:publisher\" content=\"https:\/\/www.facebook.com\/autobarbosaoficina\" \/>\n<meta name=\"twitter:card\" content=\"summary_large_image\" \/>\n<script type=\"application\/ld+json\" class=\"yoast-schema-graph\">{\"@context\":\"https:\/\/schema.org\",\"@graph\":[{\"@type\":\"WebPage\",\"@id\":\"https:\/\/autobarbosa.com\/en\/produto\/calcas-omp-first-fia-8856-2018-preto-size-l\/\",\"url\":\"https:\/\/autobarbosa.com\/en\/produto\/calcas-omp-first-fia-8856-2018-preto-size-l\/\",\"name\":\"CAL\u00c7AS OMP FIRST - FIA 8856-2018 PRETO - SIZE L - Auto Barbosa\",\"isPartOf\":{\"@id\":\"https:\/\/autobarbosa.com\/en\/#website\"},\"datePublished\":\"2025-12-16T08:11:22+00:00\",\"dateModified\":\"2025-12-16T08:11:22+00:00\",\"breadcrumb\":{\"@id\":\"https:\/\/autobarbosa.com\/en\/produto\/calcas-omp-first-fia-8856-2018-preto-size-l\/#breadcrumb\"},\"inLanguage\":\"en-US\",\"potentialAction\":[{\"@type\":\"ReadAction\",\"target\":[\"https:\/\/autobarbosa.com\/en\/produto\/calcas-omp-first-fia-8856-2018-preto-size-l\/\"]}]},{\"@type\":\"BreadcrumbList\",\"@id\":\"https:\/\/autobarbosa.com\/en\/produto\/calcas-omp-first-fia-8856-2018-preto-size-l\/#breadcrumb\",\"itemListElement\":[{\"@type\":\"ListItem\",\"position\":1,\"name\":\"In\u00edcio\",\"item\":\"https:\/\/autobarbosa.com\/en\/\"},{\"@type\":\"ListItem\",\"position\":2,\"name\":\"Loja\",\"item\":\"https:\/\/autobarbosa.com\/\"},{\"@type\":\"ListItem\",\"position\":3,\"name\":\"CAL\u00c7AS OMP FIRST &#8211; FIA 8856-2018 PRETO &#8211; SIZE L\"}]},{\"@type\":\"WebSite\",\"@id\":\"https:\/\/autobarbosa.com\/en\/#website\",\"url\":\"https:\/\/autobarbosa.com\/en\/\",\"name\":\"Auto Barbosa\",\"description\":\"Site institucional\",\"publisher\":{\"@id\":\"https:\/\/autobarbosa.com\/en\/#organization\"},\"potentialAction\":[{\"@type\":\"SearchAction\",\"target\":{\"@type\":\"EntryPoint\",\"urlTemplate\":\"https:\/\/autobarbosa.com\/en\/?s={search_term_string}\"},\"query-input\":\"required name=search_term_string\"}],\"inLanguage\":\"en-US\"},{\"@type\":\"Organization\",\"@id\":\"https:\/\/autobarbosa.com\/en\/#organization\",\"name\":\"Auto Barbosa\",\"url\":\"https:\/\/autobarbosa.com\/en\/\",\"logo\":{\"@type\":\"ImageObject\",\"inLanguage\":\"en-US\",\"@id\":\"https:\/\/autobarbosa.com\/en\/#\/schema\/logo\/image\/\",\"url\":\"https:\/\/autobarbosa.com\/wp-content\/uploads\/2023\/03\/AUTO-BARBOSA-LOGO-1-e1678715539111.png\",\"contentUrl\":\"https:\/\/autobarbosa.com\/wp-content\/uploads\/2023\/03\/AUTO-BARBOSA-LOGO-1-e1678715539111.png\",\"width\":3233,\"height\":3233,\"caption\":\"Auto Barbosa\"},\"image\":{\"@id\":\"https:\/\/autobarbosa.com\/en\/#\/schema\/logo\/image\/\"},\"sameAs\":[\"https:\/\/www.facebook.com\/autobarbosaoficina\",\"https:\/\/www.instagram.com\/autobarbosa.oficina\/\"]}]}<\/script>\n<!-- \/ Yoast SEO plugin. -->","yoast_head_json":{"title":"CAL\u00c7AS OMP FIRST - FIA 8856-2018 PRETO - SIZE L - Auto Barbosa","robots":{"index":"index","follow":"follow","max-snippet":"max-snippet:-1","max-image-preview":"max-image-preview:large","max-video-preview":"max-video-preview:-1"},"canonical":"https:\/\/autobarbosa.com\/en\/produto\/calcas-omp-first-fia-8856-2018-preto-size-l\/","og_locale":"en_US","og_type":"article","og_title":"CAL\u00c7AS OMP FIRST - FIA 8856-2018 PRETO - SIZE L - Auto Barbosa","og_description":"FIA 8856-2018 OMP First   roupa \u00edntima longa A OMP est\u00e1 renovando sua linha de roupas \u00edntimas e aproveitando a oportunidade para modernizar seu produto de entrada First. Costuras planas para maior conforto. Tornozelos estreitos.  Aprova\u00e7\u00e3o: FIA 8856-2018. Cores: Branco, preto. Tamanhos dispon\u00edveis: Do XS ao XXL.  Tamb\u00e9m dispon\u00edvel em vers\u00e3o infantil: (Ref.: 8OMPIAA772_ENF).","og_url":"https:\/\/autobarbosa.com\/en\/produto\/calcas-omp-first-fia-8856-2018-preto-size-l\/","og_site_name":"Auto Barbosa","article_publisher":"https:\/\/www.facebook.com\/autobarbosaoficina","twitter_card":"summary_large_image","schema":{"@context":"https:\/\/schema.org","@graph":[{"@type":"WebPage","@id":"https:\/\/autobarbosa.com\/en\/produto\/calcas-omp-first-fia-8856-2018-preto-size-l\/","url":"https:\/\/autobarbosa.com\/en\/produto\/calcas-omp-first-fia-8856-2018-preto-size-l\/","name":"CAL\u00c7AS OMP FIRST - FIA 8856-2018 PRETO - SIZE L - Auto Barbosa","isPartOf":{"@id":"https:\/\/autobarbosa.com\/en\/#website"},"datePublished":"2025-12-16T08:11:22+00:00","dateModified":"2025-12-16T08:11:22+00:00","breadcrumb":{"@id":"https:\/\/autobarbosa.com\/en\/produto\/calcas-omp-first-fia-8856-2018-preto-size-l\/#breadcrumb"},"inLanguage":"en-US","potentialAction":[{"@type":"ReadAction","target":["https:\/\/autobarbosa.com\/en\/produto\/calcas-omp-first-fia-8856-2018-preto-size-l\/"]}]},{"@type":"BreadcrumbList","@id":"https:\/\/autobarbosa.com\/en\/produto\/calcas-omp-first-fia-8856-2018-preto-size-l\/#breadcrumb","itemListElement":[{"@type":"ListItem","position":1,"name":"In\u00edcio","item":"https:\/\/autobarbosa.com\/en\/"},{"@type":"ListItem","position":2,"name":"Loja","item":"https:\/\/autobarbosa.com\/"},{"@type":"ListItem","position":3,"name":"CAL\u00c7AS OMP FIRST &#8211; FIA 8856-2018 PRETO &#8211; SIZE L"}]},{"@type":"WebSite","@id":"https:\/\/autobarbosa.com\/en\/#website","url":"https:\/\/autobarbosa.com\/en\/","name":"Auto Barbosa","description":"Site institucional","publisher":{"@id":"https:\/\/autobarbosa.com\/en\/#organization"},"potentialAction":[{"@type":"SearchAction","target":{"@type":"EntryPoint","urlTemplate":"https:\/\/autobarbosa.com\/en\/?s={search_term_string}"},"query-input":"required name=search_term_string"}],"inLanguage":"en-US"},{"@type":"Organization","@id":"https:\/\/autobarbosa.com\/en\/#organization","name":"Auto Barbosa","url":"https:\/\/autobarbosa.com\/en\/","logo":{"@type":"ImageObject","inLanguage":"en-US","@id":"https:\/\/autobarbosa.com\/en\/#\/schema\/logo\/image\/","url":"https:\/\/autobarbosa.com\/wp-content\/uploads\/2023\/03\/AUTO-BARBOSA-LOGO-1-e1678715539111.png","contentUrl":"https:\/\/autobarbosa.com\/wp-content\/uploads\/2023\/03\/AUTO-BARBOSA-LOGO-1-e1678715539111.png","width":3233,"height":3233,"caption":"Auto Barbosa"},"image":{"@id":"https:\/\/autobarbosa.com\/en\/#\/schema\/logo\/image\/"},"sameAs":["https:\/\/www.facebook.com\/autobarbosaoficina","https:\/\/www.instagram.com\/autobarbosa.oficina\/"]}]}},"_links":{"self":[{"href":"https:\/\/autobarbosa.com\/en\/wp-json\/wp\/v3\/product\/20618","targetHints":{"allow":["GET"]}}],"collection":[{"href":"https:\/\/autobarbosa.com\/en\/wp-json\/wp\/v3\/product"}],"about":[{"href":"https:\/\/autobarbosa.com\/en\/wp-json\/wp\/v2\/types\/product"}],"wp:attachment":[{"href":"https:\/\/autobarbosa.com\/en\/wp-json\/wp\/v2\/media?parent=20618"}],"wp:term":[{"taxonomy":"product_cat","embeddable":true,"href":"https:\/\/autobarbosa.com\/en\/wp-json\/wp\/v2\/product_cat?post=20618"},{"taxonomy":"product_tag","embeddable":true,"href":"https:\/\/autobarbosa.com\/en\/wp-json\/wp\/v2\/product_tag?post=20618"},{"taxonomy":"marca","embeddable":true,"href":"https:\/\/autobarbosa.com\/en\/wp-json\/wp\/v2\/marca?post=20618"}],"curies":[{"name":"wp","href":"https:\/\/api.w.org\/{rel}","templated":true}]}}