{"id":20722,"date":"2025-12-16T07:11:53","date_gmt":"2025-12-16T08:11:53","guid":{"rendered":"https:\/\/autobarbosa.com\/produto\/botas-omp-first-fia-8856-2018-preto-rosa-sz-39\/"},"modified":"2025-12-16T07:11:53","modified_gmt":"2025-12-16T08:11:53","slug":"botas-omp-first-fia-8856-2018-preto-rosa-sz-39","status":"publish","type":"product","link":"https:\/\/autobarbosa.com\/en\/produto\/botas-omp-first-fia-8856-2018-preto-rosa-sz-39\/","title":{"rendered":"BOTAS OMP FIRST FIA 8856-2018 &#8211; PRETO \/ ROSA SZ 39"},"content":{"rendered":"<p>Botas OMP First FIA<\/p>\n<p>: Corte m\u00e9dio.<br \/>\nFecho: Cadar\u00e7o + Velcro\u00ae.<br \/>\nRevestimento: Pele de carneiro.<br \/>\nRefor\u00e7os laterais e no calcanhar: Sim.<br \/>\nSolado antiderrapante e resistente a hidrocarbonetos: Sim.<\/p>\n<p>Homologa\u00e7\u00e3o: FIA 8856-2018.<br \/>\nCores: Solado preto\/vermelho, preto\/branco, antracite\/amarelo fluo, azul-marinho\/ciano, preto\/rosa, azul-marinho\/tiffany (turquesa), azul-marinho\/laranja, vermelho.<br \/>\nTamanhos dispon\u00edveis: 37 a 48.<\/p>\n","protected":false},"excerpt":{"rendered":"<p>Botas OMP First FIA<\/p>\n<p>: Corte m\u00e9dio.<br \/>\nFecho: Cadar\u00e7o + Velcro\u00ae.<br \/>\nRevestimento: Pele de carneiro.<br \/>\nRefor\u00e7os laterais e no calcanhar: Sim.<br \/>\nSolado antiderrapante e resistente a hidrocarbonetos: Sim.<\/p>\n<p>Homologa\u00e7\u00e3o: FIA 8856-2018.<br \/>\nCores: Solado preto\/vermelho, preto\/branco, antracite\/amarelo fluo, azul-marinho\/ciano, preto\/rosa, azul-marinho\/tiffany (turquesa), azul-marinho\/laranja, vermelho.<br \/>\nTamanhos dispon\u00edveis: 37 a 48.<\/p>\n","protected":false},"featured_media":0,"template":"","meta":[],"product_cat":[554],"product_tag":[],"marca":[171],"class_list":["post-20722","product","type-product","status-publish","hentry","product_cat-botas-de-competicao","marca-omp"],"yoast_head":"<!-- This site is optimized with the Yoast SEO plugin v20.5 - https:\/\/yoast.com\/wordpress\/plugins\/seo\/ -->\n<title>BOTAS OMP FIRST FIA 8856-2018 - PRETO \/ ROSA SZ 39 - Auto Barbosa<\/title>\n<meta name=\"robots\" content=\"index, follow, max-snippet:-1, max-image-preview:large, max-video-preview:-1\" \/>\n<link rel=\"canonical\" href=\"https:\/\/autobarbosa.com\/en\/produto\/botas-omp-first-fia-8856-2018-preto-rosa-sz-39\/\" \/>\n<meta property=\"og:locale\" content=\"en_US\" \/>\n<meta property=\"og:type\" content=\"article\" \/>\n<meta property=\"og:title\" content=\"BOTAS OMP FIRST FIA 8856-2018 - PRETO \/ ROSA SZ 39 - Auto Barbosa\" \/>\n<meta property=\"og:description\" content=\"Botas OMP First FIA  : Corte m\u00e9dio. Fecho: Cadar\u00e7o + Velcro\u00ae. Revestimento: Pele de carneiro. Refor\u00e7os laterais e no calcanhar: Sim. Solado antiderrapante e resistente a hidrocarbonetos: Sim.  Homologa\u00e7\u00e3o: FIA 8856-2018. Cores: Solado preto\/vermelho, preto\/branco, antracite\/amarelo fluo, azul-marinho\/ciano, preto\/rosa, azul-marinho\/tiffany (turquesa), azul-marinho\/laranja, vermelho. Tamanhos dispon\u00edveis: 37 a 48.\" \/>\n<meta property=\"og:url\" content=\"https:\/\/autobarbosa.com\/en\/produto\/botas-omp-first-fia-8856-2018-preto-rosa-sz-39\/\" \/>\n<meta property=\"og:site_name\" content=\"Auto Barbosa\" \/>\n<meta property=\"article:publisher\" content=\"https:\/\/www.facebook.com\/autobarbosaoficina\" \/>\n<meta name=\"twitter:card\" content=\"summary_large_image\" \/>\n<script type=\"application\/ld+json\" class=\"yoast-schema-graph\">{\"@context\":\"https:\/\/schema.org\",\"@graph\":[{\"@type\":\"WebPage\",\"@id\":\"https:\/\/autobarbosa.com\/en\/produto\/botas-omp-first-fia-8856-2018-preto-rosa-sz-39\/\",\"url\":\"https:\/\/autobarbosa.com\/en\/produto\/botas-omp-first-fia-8856-2018-preto-rosa-sz-39\/\",\"name\":\"BOTAS OMP FIRST FIA 8856-2018 - PRETO \/ ROSA SZ 39 - Auto Barbosa\",\"isPartOf\":{\"@id\":\"https:\/\/autobarbosa.com\/en\/#website\"},\"datePublished\":\"2025-12-16T08:11:53+00:00\",\"dateModified\":\"2025-12-16T08:11:53+00:00\",\"breadcrumb\":{\"@id\":\"https:\/\/autobarbosa.com\/en\/produto\/botas-omp-first-fia-8856-2018-preto-rosa-sz-39\/#breadcrumb\"},\"inLanguage\":\"en-US\",\"potentialAction\":[{\"@type\":\"ReadAction\",\"target\":[\"https:\/\/autobarbosa.com\/en\/produto\/botas-omp-first-fia-8856-2018-preto-rosa-sz-39\/\"]}]},{\"@type\":\"BreadcrumbList\",\"@id\":\"https:\/\/autobarbosa.com\/en\/produto\/botas-omp-first-fia-8856-2018-preto-rosa-sz-39\/#breadcrumb\",\"itemListElement\":[{\"@type\":\"ListItem\",\"position\":1,\"name\":\"In\u00edcio\",\"item\":\"https:\/\/autobarbosa.com\/en\/\"},{\"@type\":\"ListItem\",\"position\":2,\"name\":\"Loja\",\"item\":\"https:\/\/autobarbosa.com\/\"},{\"@type\":\"ListItem\",\"position\":3,\"name\":\"BOTAS OMP FIRST FIA 8856-2018 &#8211; PRETO \/ ROSA SZ 39\"}]},{\"@type\":\"WebSite\",\"@id\":\"https:\/\/autobarbosa.com\/en\/#website\",\"url\":\"https:\/\/autobarbosa.com\/en\/\",\"name\":\"Auto Barbosa\",\"description\":\"Site institucional\",\"publisher\":{\"@id\":\"https:\/\/autobarbosa.com\/en\/#organization\"},\"potentialAction\":[{\"@type\":\"SearchAction\",\"target\":{\"@type\":\"EntryPoint\",\"urlTemplate\":\"https:\/\/autobarbosa.com\/en\/?s={search_term_string}\"},\"query-input\":\"required name=search_term_string\"}],\"inLanguage\":\"en-US\"},{\"@type\":\"Organization\",\"@id\":\"https:\/\/autobarbosa.com\/en\/#organization\",\"name\":\"Auto Barbosa\",\"url\":\"https:\/\/autobarbosa.com\/en\/\",\"logo\":{\"@type\":\"ImageObject\",\"inLanguage\":\"en-US\",\"@id\":\"https:\/\/autobarbosa.com\/en\/#\/schema\/logo\/image\/\",\"url\":\"https:\/\/autobarbosa.com\/wp-content\/uploads\/2023\/03\/AUTO-BARBOSA-LOGO-1-e1678715539111.png\",\"contentUrl\":\"https:\/\/autobarbosa.com\/wp-content\/uploads\/2023\/03\/AUTO-BARBOSA-LOGO-1-e1678715539111.png\",\"width\":3233,\"height\":3233,\"caption\":\"Auto Barbosa\"},\"image\":{\"@id\":\"https:\/\/autobarbosa.com\/en\/#\/schema\/logo\/image\/\"},\"sameAs\":[\"https:\/\/www.facebook.com\/autobarbosaoficina\",\"https:\/\/www.instagram.com\/autobarbosa.oficina\/\"]}]}<\/script>\n<!-- \/ Yoast SEO plugin. -->","yoast_head_json":{"title":"BOTAS OMP FIRST FIA 8856-2018 - PRETO \/ ROSA SZ 39 - Auto Barbosa","robots":{"index":"index","follow":"follow","max-snippet":"max-snippet:-1","max-image-preview":"max-image-preview:large","max-video-preview":"max-video-preview:-1"},"canonical":"https:\/\/autobarbosa.com\/en\/produto\/botas-omp-first-fia-8856-2018-preto-rosa-sz-39\/","og_locale":"en_US","og_type":"article","og_title":"BOTAS OMP FIRST FIA 8856-2018 - PRETO \/ ROSA SZ 39 - Auto Barbosa","og_description":"Botas OMP First FIA  : Corte m\u00e9dio. Fecho: Cadar\u00e7o + Velcro\u00ae. Revestimento: Pele de carneiro. Refor\u00e7os laterais e no calcanhar: Sim. Solado antiderrapante e resistente a hidrocarbonetos: Sim.  Homologa\u00e7\u00e3o: FIA 8856-2018. Cores: Solado preto\/vermelho, preto\/branco, antracite\/amarelo fluo, azul-marinho\/ciano, preto\/rosa, azul-marinho\/tiffany (turquesa), azul-marinho\/laranja, vermelho. Tamanhos dispon\u00edveis: 37 a 48.","og_url":"https:\/\/autobarbosa.com\/en\/produto\/botas-omp-first-fia-8856-2018-preto-rosa-sz-39\/","og_site_name":"Auto Barbosa","article_publisher":"https:\/\/www.facebook.com\/autobarbosaoficina","twitter_card":"summary_large_image","schema":{"@context":"https:\/\/schema.org","@graph":[{"@type":"WebPage","@id":"https:\/\/autobarbosa.com\/en\/produto\/botas-omp-first-fia-8856-2018-preto-rosa-sz-39\/","url":"https:\/\/autobarbosa.com\/en\/produto\/botas-omp-first-fia-8856-2018-preto-rosa-sz-39\/","name":"BOTAS OMP FIRST FIA 8856-2018 - PRETO \/ ROSA SZ 39 - Auto Barbosa","isPartOf":{"@id":"https:\/\/autobarbosa.com\/en\/#website"},"datePublished":"2025-12-16T08:11:53+00:00","dateModified":"2025-12-16T08:11:53+00:00","breadcrumb":{"@id":"https:\/\/autobarbosa.com\/en\/produto\/botas-omp-first-fia-8856-2018-preto-rosa-sz-39\/#breadcrumb"},"inLanguage":"en-US","potentialAction":[{"@type":"ReadAction","target":["https:\/\/autobarbosa.com\/en\/produto\/botas-omp-first-fia-8856-2018-preto-rosa-sz-39\/"]}]},{"@type":"BreadcrumbList","@id":"https:\/\/autobarbosa.com\/en\/produto\/botas-omp-first-fia-8856-2018-preto-rosa-sz-39\/#breadcrumb","itemListElement":[{"@type":"ListItem","position":1,"name":"In\u00edcio","item":"https:\/\/autobarbosa.com\/en\/"},{"@type":"ListItem","position":2,"name":"Loja","item":"https:\/\/autobarbosa.com\/"},{"@type":"ListItem","position":3,"name":"BOTAS OMP FIRST FIA 8856-2018 &#8211; PRETO \/ ROSA SZ 39"}]},{"@type":"WebSite","@id":"https:\/\/autobarbosa.com\/en\/#website","url":"https:\/\/autobarbosa.com\/en\/","name":"Auto Barbosa","description":"Site institucional","publisher":{"@id":"https:\/\/autobarbosa.com\/en\/#organization"},"potentialAction":[{"@type":"SearchAction","target":{"@type":"EntryPoint","urlTemplate":"https:\/\/autobarbosa.com\/en\/?s={search_term_string}"},"query-input":"required name=search_term_string"}],"inLanguage":"en-US"},{"@type":"Organization","@id":"https:\/\/autobarbosa.com\/en\/#organization","name":"Auto Barbosa","url":"https:\/\/autobarbosa.com\/en\/","logo":{"@type":"ImageObject","inLanguage":"en-US","@id":"https:\/\/autobarbosa.com\/en\/#\/schema\/logo\/image\/","url":"https:\/\/autobarbosa.com\/wp-content\/uploads\/2023\/03\/AUTO-BARBOSA-LOGO-1-e1678715539111.png","contentUrl":"https:\/\/autobarbosa.com\/wp-content\/uploads\/2023\/03\/AUTO-BARBOSA-LOGO-1-e1678715539111.png","width":3233,"height":3233,"caption":"Auto Barbosa"},"image":{"@id":"https:\/\/autobarbosa.com\/en\/#\/schema\/logo\/image\/"},"sameAs":["https:\/\/www.facebook.com\/autobarbosaoficina","https:\/\/www.instagram.com\/autobarbosa.oficina\/"]}]}},"_links":{"self":[{"href":"https:\/\/autobarbosa.com\/en\/wp-json\/wp\/v3\/product\/20722","targetHints":{"allow":["GET"]}}],"collection":[{"href":"https:\/\/autobarbosa.com\/en\/wp-json\/wp\/v3\/product"}],"about":[{"href":"https:\/\/autobarbosa.com\/en\/wp-json\/wp\/v2\/types\/product"}],"wp:attachment":[{"href":"https:\/\/autobarbosa.com\/en\/wp-json\/wp\/v2\/media?parent=20722"}],"wp:term":[{"taxonomy":"product_cat","embeddable":true,"href":"https:\/\/autobarbosa.com\/en\/wp-json\/wp\/v2\/product_cat?post=20722"},{"taxonomy":"product_tag","embeddable":true,"href":"https:\/\/autobarbosa.com\/en\/wp-json\/wp\/v2\/product_tag?post=20722"},{"taxonomy":"marca","embeddable":true,"href":"https:\/\/autobarbosa.com\/en\/wp-json\/wp\/v2\/marca?post=20722"}],"curies":[{"name":"wp","href":"https:\/\/api.w.org\/{rel}","templated":true}]}}