{"id":20794,"date":"2025-12-16T07:12:16","date_gmt":"2025-12-16T08:12:16","guid":{"rendered":"https:\/\/autobarbosa.com\/produto\/botas-omp-first-preto-branco-fia-8856-2018-sz43\/"},"modified":"2025-12-16T07:12:16","modified_gmt":"2025-12-16T08:12:16","slug":"botas-omp-first-preto-branco-fia-8856-2018-sz43","status":"publish","type":"product","link":"https:\/\/autobarbosa.com\/en\/produto\/botas-omp-first-preto-branco-fia-8856-2018-sz43\/","title":{"rendered":"BOTAS OMP FIRST- PRETO\/ BRANCO &#8211;  FIA 8856-2018 &#8211; SZ43"},"content":{"rendered":"<p>Botas FIA OMP<\/p>\n<p>: FIA 8856-2018.<br \/>\nCores: Sola preta\/vermelha (no menu suspenso escolha a cor laranja), preto\/branco, vermelho, antracite\/amarelo fluorescente, azul marinho\/ciano, rosa, turquesa.<br \/>\nTamanhos dispon\u00edveis: 37 a 48.<\/p>\n<p>Corte: cintura m\u00e9dia.<br \/>\nEncerramento: Cadar\u00e7os + Velcro\u00ae.<br \/>\nCobertura: Pele revirada.<br \/>\nRefor\u00e7os laterais e biqueira: Sim.<br \/>\nSola antiderrapante e resistente a \u00f3leo: Sim.<\/p>\n","protected":false},"excerpt":{"rendered":"<p>Botas FIA OMP<\/p>\n<p>: FIA 8856-2018.<br \/>\nCores: Sola preta\/vermelha (no menu suspenso escolha a cor laranja), preto\/branco, vermelho, antracite\/amarelo fluorescente, azul marinho\/ciano, rosa, turquesa.<br \/>\nTamanhos dispon\u00edveis: 37 a 48.<\/p>\n<p>Corte: cintura m\u00e9dia.<br \/>\nEncerramento: Cadar\u00e7os + Velcro\u00ae.<br \/>\nCobertura: Pele revirada.<br \/>\nRefor\u00e7os laterais e biqueira: Sim.<br \/>\nSola antiderrapante e resistente a \u00f3leo: Sim.<\/p>\n","protected":false},"featured_media":0,"template":"","meta":[],"product_cat":[554],"product_tag":[],"marca":[171],"class_list":["post-20794","product","type-product","status-publish","hentry","product_cat-botas-de-competicao","marca-omp"],"yoast_head":"<!-- This site is optimized with the Yoast SEO plugin v20.5 - https:\/\/yoast.com\/wordpress\/plugins\/seo\/ -->\n<title>BOTAS OMP FIRST- PRETO\/ BRANCO - FIA 8856-2018 - SZ43 - Auto Barbosa<\/title>\n<meta name=\"robots\" content=\"index, follow, max-snippet:-1, max-image-preview:large, max-video-preview:-1\" \/>\n<link rel=\"canonical\" href=\"https:\/\/autobarbosa.com\/en\/produto\/botas-omp-first-preto-branco-fia-8856-2018-sz43\/\" \/>\n<meta property=\"og:locale\" content=\"en_US\" \/>\n<meta property=\"og:type\" content=\"article\" \/>\n<meta property=\"og:title\" content=\"BOTAS OMP FIRST- PRETO\/ BRANCO - FIA 8856-2018 - SZ43 - Auto Barbosa\" \/>\n<meta property=\"og:description\" content=\"Botas FIA OMP   : FIA 8856-2018. Cores: Sola preta\/vermelha (no menu suspenso escolha a cor laranja), preto\/branco, vermelho, antracite\/amarelo fluorescente, azul marinho\/ciano, rosa, turquesa. Tamanhos dispon\u00edveis: 37 a 48.  Corte: cintura m\u00e9dia. Encerramento: Cadar\u00e7os + Velcro\u00ae. Cobertura: Pele revirada. Refor\u00e7os laterais e biqueira: Sim. Sola antiderrapante e resistente a \u00f3leo: Sim.\" \/>\n<meta property=\"og:url\" content=\"https:\/\/autobarbosa.com\/en\/produto\/botas-omp-first-preto-branco-fia-8856-2018-sz43\/\" \/>\n<meta property=\"og:site_name\" content=\"Auto Barbosa\" \/>\n<meta property=\"article:publisher\" content=\"https:\/\/www.facebook.com\/autobarbosaoficina\" \/>\n<meta name=\"twitter:card\" content=\"summary_large_image\" \/>\n<script type=\"application\/ld+json\" class=\"yoast-schema-graph\">{\"@context\":\"https:\/\/schema.org\",\"@graph\":[{\"@type\":\"WebPage\",\"@id\":\"https:\/\/autobarbosa.com\/en\/produto\/botas-omp-first-preto-branco-fia-8856-2018-sz43\/\",\"url\":\"https:\/\/autobarbosa.com\/en\/produto\/botas-omp-first-preto-branco-fia-8856-2018-sz43\/\",\"name\":\"BOTAS OMP FIRST- PRETO\/ BRANCO - FIA 8856-2018 - SZ43 - Auto Barbosa\",\"isPartOf\":{\"@id\":\"https:\/\/autobarbosa.com\/en\/#website\"},\"datePublished\":\"2025-12-16T08:12:16+00:00\",\"dateModified\":\"2025-12-16T08:12:16+00:00\",\"breadcrumb\":{\"@id\":\"https:\/\/autobarbosa.com\/en\/produto\/botas-omp-first-preto-branco-fia-8856-2018-sz43\/#breadcrumb\"},\"inLanguage\":\"en-US\",\"potentialAction\":[{\"@type\":\"ReadAction\",\"target\":[\"https:\/\/autobarbosa.com\/en\/produto\/botas-omp-first-preto-branco-fia-8856-2018-sz43\/\"]}]},{\"@type\":\"BreadcrumbList\",\"@id\":\"https:\/\/autobarbosa.com\/en\/produto\/botas-omp-first-preto-branco-fia-8856-2018-sz43\/#breadcrumb\",\"itemListElement\":[{\"@type\":\"ListItem\",\"position\":1,\"name\":\"In\u00edcio\",\"item\":\"https:\/\/autobarbosa.com\/en\/\"},{\"@type\":\"ListItem\",\"position\":2,\"name\":\"Loja\",\"item\":\"https:\/\/autobarbosa.com\/\"},{\"@type\":\"ListItem\",\"position\":3,\"name\":\"BOTAS OMP FIRST- PRETO\/ BRANCO &#8211; FIA 8856-2018 &#8211; SZ43\"}]},{\"@type\":\"WebSite\",\"@id\":\"https:\/\/autobarbosa.com\/en\/#website\",\"url\":\"https:\/\/autobarbosa.com\/en\/\",\"name\":\"Auto Barbosa\",\"description\":\"Site institucional\",\"publisher\":{\"@id\":\"https:\/\/autobarbosa.com\/en\/#organization\"},\"potentialAction\":[{\"@type\":\"SearchAction\",\"target\":{\"@type\":\"EntryPoint\",\"urlTemplate\":\"https:\/\/autobarbosa.com\/en\/?s={search_term_string}\"},\"query-input\":\"required name=search_term_string\"}],\"inLanguage\":\"en-US\"},{\"@type\":\"Organization\",\"@id\":\"https:\/\/autobarbosa.com\/en\/#organization\",\"name\":\"Auto Barbosa\",\"url\":\"https:\/\/autobarbosa.com\/en\/\",\"logo\":{\"@type\":\"ImageObject\",\"inLanguage\":\"en-US\",\"@id\":\"https:\/\/autobarbosa.com\/en\/#\/schema\/logo\/image\/\",\"url\":\"https:\/\/autobarbosa.com\/wp-content\/uploads\/2023\/03\/AUTO-BARBOSA-LOGO-1-e1678715539111.png\",\"contentUrl\":\"https:\/\/autobarbosa.com\/wp-content\/uploads\/2023\/03\/AUTO-BARBOSA-LOGO-1-e1678715539111.png\",\"width\":3233,\"height\":3233,\"caption\":\"Auto Barbosa\"},\"image\":{\"@id\":\"https:\/\/autobarbosa.com\/en\/#\/schema\/logo\/image\/\"},\"sameAs\":[\"https:\/\/www.facebook.com\/autobarbosaoficina\",\"https:\/\/www.instagram.com\/autobarbosa.oficina\/\"]}]}<\/script>\n<!-- \/ Yoast SEO plugin. -->","yoast_head_json":{"title":"BOTAS OMP FIRST- PRETO\/ BRANCO - FIA 8856-2018 - SZ43 - Auto Barbosa","robots":{"index":"index","follow":"follow","max-snippet":"max-snippet:-1","max-image-preview":"max-image-preview:large","max-video-preview":"max-video-preview:-1"},"canonical":"https:\/\/autobarbosa.com\/en\/produto\/botas-omp-first-preto-branco-fia-8856-2018-sz43\/","og_locale":"en_US","og_type":"article","og_title":"BOTAS OMP FIRST- PRETO\/ BRANCO - FIA 8856-2018 - SZ43 - Auto Barbosa","og_description":"Botas FIA OMP   : FIA 8856-2018. Cores: Sola preta\/vermelha (no menu suspenso escolha a cor laranja), preto\/branco, vermelho, antracite\/amarelo fluorescente, azul marinho\/ciano, rosa, turquesa. Tamanhos dispon\u00edveis: 37 a 48.  Corte: cintura m\u00e9dia. Encerramento: Cadar\u00e7os + Velcro\u00ae. Cobertura: Pele revirada. Refor\u00e7os laterais e biqueira: Sim. Sola antiderrapante e resistente a \u00f3leo: Sim.","og_url":"https:\/\/autobarbosa.com\/en\/produto\/botas-omp-first-preto-branco-fia-8856-2018-sz43\/","og_site_name":"Auto Barbosa","article_publisher":"https:\/\/www.facebook.com\/autobarbosaoficina","twitter_card":"summary_large_image","schema":{"@context":"https:\/\/schema.org","@graph":[{"@type":"WebPage","@id":"https:\/\/autobarbosa.com\/en\/produto\/botas-omp-first-preto-branco-fia-8856-2018-sz43\/","url":"https:\/\/autobarbosa.com\/en\/produto\/botas-omp-first-preto-branco-fia-8856-2018-sz43\/","name":"BOTAS OMP FIRST- PRETO\/ BRANCO - FIA 8856-2018 - SZ43 - Auto Barbosa","isPartOf":{"@id":"https:\/\/autobarbosa.com\/en\/#website"},"datePublished":"2025-12-16T08:12:16+00:00","dateModified":"2025-12-16T08:12:16+00:00","breadcrumb":{"@id":"https:\/\/autobarbosa.com\/en\/produto\/botas-omp-first-preto-branco-fia-8856-2018-sz43\/#breadcrumb"},"inLanguage":"en-US","potentialAction":[{"@type":"ReadAction","target":["https:\/\/autobarbosa.com\/en\/produto\/botas-omp-first-preto-branco-fia-8856-2018-sz43\/"]}]},{"@type":"BreadcrumbList","@id":"https:\/\/autobarbosa.com\/en\/produto\/botas-omp-first-preto-branco-fia-8856-2018-sz43\/#breadcrumb","itemListElement":[{"@type":"ListItem","position":1,"name":"In\u00edcio","item":"https:\/\/autobarbosa.com\/en\/"},{"@type":"ListItem","position":2,"name":"Loja","item":"https:\/\/autobarbosa.com\/"},{"@type":"ListItem","position":3,"name":"BOTAS OMP FIRST- PRETO\/ BRANCO &#8211; FIA 8856-2018 &#8211; SZ43"}]},{"@type":"WebSite","@id":"https:\/\/autobarbosa.com\/en\/#website","url":"https:\/\/autobarbosa.com\/en\/","name":"Auto Barbosa","description":"Site institucional","publisher":{"@id":"https:\/\/autobarbosa.com\/en\/#organization"},"potentialAction":[{"@type":"SearchAction","target":{"@type":"EntryPoint","urlTemplate":"https:\/\/autobarbosa.com\/en\/?s={search_term_string}"},"query-input":"required name=search_term_string"}],"inLanguage":"en-US"},{"@type":"Organization","@id":"https:\/\/autobarbosa.com\/en\/#organization","name":"Auto Barbosa","url":"https:\/\/autobarbosa.com\/en\/","logo":{"@type":"ImageObject","inLanguage":"en-US","@id":"https:\/\/autobarbosa.com\/en\/#\/schema\/logo\/image\/","url":"https:\/\/autobarbosa.com\/wp-content\/uploads\/2023\/03\/AUTO-BARBOSA-LOGO-1-e1678715539111.png","contentUrl":"https:\/\/autobarbosa.com\/wp-content\/uploads\/2023\/03\/AUTO-BARBOSA-LOGO-1-e1678715539111.png","width":3233,"height":3233,"caption":"Auto Barbosa"},"image":{"@id":"https:\/\/autobarbosa.com\/en\/#\/schema\/logo\/image\/"},"sameAs":["https:\/\/www.facebook.com\/autobarbosaoficina","https:\/\/www.instagram.com\/autobarbosa.oficina\/"]}]}},"_links":{"self":[{"href":"https:\/\/autobarbosa.com\/en\/wp-json\/wp\/v3\/product\/20794","targetHints":{"allow":["GET"]}}],"collection":[{"href":"https:\/\/autobarbosa.com\/en\/wp-json\/wp\/v3\/product"}],"about":[{"href":"https:\/\/autobarbosa.com\/en\/wp-json\/wp\/v2\/types\/product"}],"wp:attachment":[{"href":"https:\/\/autobarbosa.com\/en\/wp-json\/wp\/v2\/media?parent=20794"}],"wp:term":[{"taxonomy":"product_cat","embeddable":true,"href":"https:\/\/autobarbosa.com\/en\/wp-json\/wp\/v2\/product_cat?post=20794"},{"taxonomy":"product_tag","embeddable":true,"href":"https:\/\/autobarbosa.com\/en\/wp-json\/wp\/v2\/product_tag?post=20794"},{"taxonomy":"marca","embeddable":true,"href":"https:\/\/autobarbosa.com\/en\/wp-json\/wp\/v2\/marca?post=20794"}],"curies":[{"name":"wp","href":"https:\/\/api.w.org\/{rel}","templated":true}]}}