{"id":21178,"date":"2025-12-16T07:14:12","date_gmt":"2025-12-16T08:14:12","guid":{"rendered":"https:\/\/autobarbosa.com\/produto\/kit-hid-xenon-h3-35w-12v-cor-6000k-avc-balastro\/"},"modified":"2026-04-22T07:15:15","modified_gmt":"2026-04-22T07:15:15","slug":"kit-hid-xenon-h3-35w-12v-cor-6000k-avc-balastro","status":"publish","type":"product","link":"https:\/\/autobarbosa.com\/en\/produto\/kit-hid-xenon-h3-35w-12v-cor-6000k-avc-balastro\/","title":{"rendered":"KIT HID XENON H3 35W 12V COR 6000K AVC BALASTRO"},"content":{"rendered":"<p>H3 35W HID REDSPEC xenon kit<\/p>\n<p>Esses kits 35W xenon com lastro &#8220;slim&#8221; foram selecionados por suas caracter\u00edsticas t\u00e9cnicas e confiabilidade.<br \/>\nOs resultados na sua ilumina\u00e7\u00e3o s\u00e3o claros: um ganho impressionante de luminosidade para redu\u00e7\u00e3o do consumo de energia.<br \/>\nTodos os nossos kits de 35W v\u00eam com um reator fino &#8220;canbus&#8221; anti-erro de alta qualidade, que ajuda a evitar mensagens de erro no computador de bordo ap\u00f3s a instala\u00e7\u00e3o do kit.<\/p>\n<p>Instala\u00e7\u00e3o ultra-simples:<br \/>\n&#8211; As l\u00e2mpadas Xenon fornecidas s\u00e3o posicionadas no lugar das l\u00e2mpadas originais<br \/>\n&#8211; O reator &#8220;slim&#8221; conecta-se \u00e0 fonte de alimenta\u00e7\u00e3o das l\u00e2mpadas antigas<\/p>\n<p>Caracter\u00edsticas do kit:<br \/>\n&#8211; Reator met\u00e1lico de igni\u00e7\u00e3o r\u00e1pida<br \/>\n&#8211; L\u00e2mpada Xenon 6000K: luz branca que permite distinguir melhor as irregularidades da estrada<br \/>\n&#8211; Temperatura de opera\u00e7\u00e3o: -40\u00b0 a 105\u00b0C<br \/>\n&#8211; Pot\u00eancia: 35W<br \/>\n&#8211; Luminosidade: 6000K<br \/>\n&#8211; Kit composto por 2 balastros met\u00e1licos compactos, 2 l\u00e2mpadas HID e kit de cablagens<\/p>\n<p>Kits completos garantidos por 2 anos (reator e l\u00e2mpadas inclu\u00eddos)!<\/p>\n<p>Lembrete: Para circular em vias p\u00fablicas, o seu autom\u00f3vel deve estar equipado com corretor autom\u00e1tico de nivelamento e lava-far\u00f3is autom\u00e1tico.<\/p>\n","protected":false},"excerpt":{"rendered":"<p>H3 35W HID REDSPEC xenon kit<\/p>\n<p>Esses kits 35W xenon com lastro &#8220;slim&#8221; foram selecionados por suas caracter\u00edsticas t\u00e9cnicas e confiabilidade.<br \/>\nOs resultados na sua ilumina\u00e7\u00e3o s\u00e3o claros: um ganho impressionante de luminosidade para redu\u00e7\u00e3o do consumo de energia.<br \/>\nTodos os nossos kits de 35W v\u00eam com um reator fino &#8220;canbus&#8221; anti-erro de alta qualidade, que ajuda a evitar mensagens de erro no computador de bordo ap\u00f3s a instala\u00e7\u00e3o do kit.<\/p>\n<p>Instala\u00e7\u00e3o ultra-simples:<br \/>\n&#8211; As l\u00e2mpadas Xenon fornecidas s\u00e3o posicionadas no lugar das l\u00e2mpadas originais<br \/>\n&#8211; O reator &#8220;slim&#8221; conecta-se \u00e0 fonte de alimenta\u00e7\u00e3o das l\u00e2mpadas antigas<\/p>\n<p>Caracter\u00edsticas do kit:<br \/>\n&#8211; Reator met\u00e1lico de igni\u00e7\u00e3o r\u00e1pida<br \/>\n&#8211; L\u00e2mpada Xenon 6000K: luz branca que permite distinguir melhor as irregularidades da estrada<br \/>\n&#8211; Temperatura de opera\u00e7\u00e3o: -40\u00b0 a 105\u00b0C<br \/>\n&#8211; Pot\u00eancia: 35W<br \/>\n&#8211; Luminosidade: 6000K<br \/>\n&#8211; Kit composto por 2 balastros met\u00e1licos compactos, 2 l\u00e2mpadas HID e kit de cablagens<\/p>\n<p>Kits completos garantidos por 2 anos (reator e l\u00e2mpadas inclu\u00eddos)!<\/p>\n<p>Lembrete: Para circular em vias p\u00fablicas, o seu autom\u00f3vel deve estar equipado com corretor autom\u00e1tico de nivelamento e lava-far\u00f3is autom\u00e1tico.<\/p>\n","protected":false},"featured_media":21174,"template":"","meta":[],"product_cat":[859],"product_tag":[],"marca":[121],"class_list":["post-21178","product","type-product","status-publish","has-post-thumbnail","hentry","product_cat-kit-xenon-lampadas-acessorios","marca-red-spec"],"yoast_head":"<!-- This site is optimized with the Yoast SEO plugin v20.5 - https:\/\/yoast.com\/wordpress\/plugins\/seo\/ -->\n<title>KIT HID XENON H3 35W 12V COR 6000K AVC BALASTRO - Auto Barbosa<\/title>\n<meta name=\"robots\" content=\"index, follow, max-snippet:-1, max-image-preview:large, max-video-preview:-1\" \/>\n<link rel=\"canonical\" href=\"https:\/\/autobarbosa.com\/en\/produto\/kit-hid-xenon-h3-35w-12v-cor-6000k-avc-balastro\/\" \/>\n<meta property=\"og:locale\" content=\"en_US\" \/>\n<meta property=\"og:type\" content=\"article\" \/>\n<meta property=\"og:title\" content=\"KIT HID XENON H3 35W 12V COR 6000K AVC BALASTRO - Auto Barbosa\" \/>\n<meta property=\"og:description\" content=\"H3 35W HID REDSPEC xenon kit  Esses kits 35W xenon com lastro &quot;slim&quot; foram selecionados por suas caracter\u00edsticas t\u00e9cnicas e confiabilidade. Os resultados na sua ilumina\u00e7\u00e3o s\u00e3o claros: um ganho impressionante de luminosidade para redu\u00e7\u00e3o do consumo de energia. Todos os nossos kits de 35W v\u00eam com um reator fino &quot;canbus&quot; anti-erro de alta qualidade, que ajuda a evitar mensagens de erro no computador de bordo ap\u00f3s a instala\u00e7\u00e3o do kit.  Instala\u00e7\u00e3o ultra-simples: - As l\u00e2mpadas Xenon fornecidas s\u00e3o posicionadas no lugar das l\u00e2mpadas originais - O reator &quot;slim&quot; conecta-se \u00e0 fonte de alimenta\u00e7\u00e3o das l\u00e2mpadas antigas  Caracter\u00edsticas do kit: - Reator met\u00e1lico de igni\u00e7\u00e3o r\u00e1pida - L\u00e2mpada Xenon 6000K: luz branca que permite distinguir melhor as irregularidades da estrada - Temperatura de opera\u00e7\u00e3o: -40\u00b0 a 105\u00b0C - Pot\u00eancia: 35W - Luminosidade: 6000K - Kit composto por 2 balastros met\u00e1licos compactos, 2 l\u00e2mpadas HID e kit de cablagens  Kits completos garantidos por 2 anos (reator e l\u00e2mpadas inclu\u00eddos)!  Lembrete: Para circular em vias p\u00fablicas, o seu autom\u00f3vel deve estar equipado com corretor autom\u00e1tico de nivelamento e lava-far\u00f3is autom\u00e1tico.\" \/>\n<meta property=\"og:url\" content=\"https:\/\/autobarbosa.com\/en\/produto\/kit-hid-xenon-h3-35w-12v-cor-6000k-avc-balastro\/\" \/>\n<meta property=\"og:site_name\" content=\"Auto Barbosa\" \/>\n<meta property=\"article:publisher\" content=\"https:\/\/www.facebook.com\/autobarbosaoficina\" \/>\n<meta property=\"article:modified_time\" content=\"2026-04-22T07:15:15+00:00\" \/>\n<meta property=\"og:image\" content=\"https:\/\/autobarbosa.com\/wp-content\/uploads\/2025\/12\/8rshidh335w.png\" \/>\n\t<meta property=\"og:image:width\" content=\"800\" \/>\n\t<meta property=\"og:image:height\" content=\"800\" \/>\n\t<meta property=\"og:image:type\" content=\"image\/png\" \/>\n<meta name=\"twitter:card\" content=\"summary_large_image\" \/>\n<meta name=\"twitter:label1\" content=\"Est. reading time\" \/>\n\t<meta name=\"twitter:data1\" content=\"1 minute\" \/>\n<script type=\"application\/ld+json\" class=\"yoast-schema-graph\">{\"@context\":\"https:\/\/schema.org\",\"@graph\":[{\"@type\":\"WebPage\",\"@id\":\"https:\/\/autobarbosa.com\/en\/produto\/kit-hid-xenon-h3-35w-12v-cor-6000k-avc-balastro\/\",\"url\":\"https:\/\/autobarbosa.com\/en\/produto\/kit-hid-xenon-h3-35w-12v-cor-6000k-avc-balastro\/\",\"name\":\"KIT HID XENON H3 35W 12V COR 6000K AVC BALASTRO - Auto Barbosa\",\"isPartOf\":{\"@id\":\"https:\/\/autobarbosa.com\/en\/#website\"},\"datePublished\":\"2025-12-16T08:14:12+00:00\",\"dateModified\":\"2026-04-22T07:15:15+00:00\",\"breadcrumb\":{\"@id\":\"https:\/\/autobarbosa.com\/en\/produto\/kit-hid-xenon-h3-35w-12v-cor-6000k-avc-balastro\/#breadcrumb\"},\"inLanguage\":\"en-US\",\"potentialAction\":[{\"@type\":\"ReadAction\",\"target\":[\"https:\/\/autobarbosa.com\/en\/produto\/kit-hid-xenon-h3-35w-12v-cor-6000k-avc-balastro\/\"]}]},{\"@type\":\"BreadcrumbList\",\"@id\":\"https:\/\/autobarbosa.com\/en\/produto\/kit-hid-xenon-h3-35w-12v-cor-6000k-avc-balastro\/#breadcrumb\",\"itemListElement\":[{\"@type\":\"ListItem\",\"position\":1,\"name\":\"In\u00edcio\",\"item\":\"https:\/\/autobarbosa.com\/en\/\"},{\"@type\":\"ListItem\",\"position\":2,\"name\":\"Loja\",\"item\":\"https:\/\/autobarbosa.com\/\"},{\"@type\":\"ListItem\",\"position\":3,\"name\":\"KIT HID XENON H3 35W 12V COR 6000K AVC BALASTRO\"}]},{\"@type\":\"WebSite\",\"@id\":\"https:\/\/autobarbosa.com\/en\/#website\",\"url\":\"https:\/\/autobarbosa.com\/en\/\",\"name\":\"Auto Barbosa\",\"description\":\"Site institucional\",\"publisher\":{\"@id\":\"https:\/\/autobarbosa.com\/en\/#organization\"},\"potentialAction\":[{\"@type\":\"SearchAction\",\"target\":{\"@type\":\"EntryPoint\",\"urlTemplate\":\"https:\/\/autobarbosa.com\/en\/?s={search_term_string}\"},\"query-input\":\"required name=search_term_string\"}],\"inLanguage\":\"en-US\"},{\"@type\":\"Organization\",\"@id\":\"https:\/\/autobarbosa.com\/en\/#organization\",\"name\":\"Auto Barbosa\",\"url\":\"https:\/\/autobarbosa.com\/en\/\",\"logo\":{\"@type\":\"ImageObject\",\"inLanguage\":\"en-US\",\"@id\":\"https:\/\/autobarbosa.com\/en\/#\/schema\/logo\/image\/\",\"url\":\"https:\/\/autobarbosa.com\/wp-content\/uploads\/2023\/03\/AUTO-BARBOSA-LOGO-1-e1678715539111.png\",\"contentUrl\":\"https:\/\/autobarbosa.com\/wp-content\/uploads\/2023\/03\/AUTO-BARBOSA-LOGO-1-e1678715539111.png\",\"width\":3233,\"height\":3233,\"caption\":\"Auto Barbosa\"},\"image\":{\"@id\":\"https:\/\/autobarbosa.com\/en\/#\/schema\/logo\/image\/\"},\"sameAs\":[\"https:\/\/www.facebook.com\/autobarbosaoficina\",\"https:\/\/www.instagram.com\/autobarbosa.oficina\/\"]}]}<\/script>\n<!-- \/ Yoast SEO plugin. -->","yoast_head_json":{"title":"KIT HID XENON H3 35W 12V COR 6000K AVC BALASTRO - Auto Barbosa","robots":{"index":"index","follow":"follow","max-snippet":"max-snippet:-1","max-image-preview":"max-image-preview:large","max-video-preview":"max-video-preview:-1"},"canonical":"https:\/\/autobarbosa.com\/en\/produto\/kit-hid-xenon-h3-35w-12v-cor-6000k-avc-balastro\/","og_locale":"en_US","og_type":"article","og_title":"KIT HID XENON H3 35W 12V COR 6000K AVC BALASTRO - Auto Barbosa","og_description":"H3 35W HID REDSPEC xenon kit  Esses kits 35W xenon com lastro \"slim\" foram selecionados por suas caracter\u00edsticas t\u00e9cnicas e confiabilidade. Os resultados na sua ilumina\u00e7\u00e3o s\u00e3o claros: um ganho impressionante de luminosidade para redu\u00e7\u00e3o do consumo de energia. Todos os nossos kits de 35W v\u00eam com um reator fino \"canbus\" anti-erro de alta qualidade, que ajuda a evitar mensagens de erro no computador de bordo ap\u00f3s a instala\u00e7\u00e3o do kit.  Instala\u00e7\u00e3o ultra-simples: - As l\u00e2mpadas Xenon fornecidas s\u00e3o posicionadas no lugar das l\u00e2mpadas originais - O reator \"slim\" conecta-se \u00e0 fonte de alimenta\u00e7\u00e3o das l\u00e2mpadas antigas  Caracter\u00edsticas do kit: - Reator met\u00e1lico de igni\u00e7\u00e3o r\u00e1pida - L\u00e2mpada Xenon 6000K: luz branca que permite distinguir melhor as irregularidades da estrada - Temperatura de opera\u00e7\u00e3o: -40\u00b0 a 105\u00b0C - Pot\u00eancia: 35W - Luminosidade: 6000K - Kit composto por 2 balastros met\u00e1licos compactos, 2 l\u00e2mpadas HID e kit de cablagens  Kits completos garantidos por 2 anos (reator e l\u00e2mpadas inclu\u00eddos)!  Lembrete: Para circular em vias p\u00fablicas, o seu autom\u00f3vel deve estar equipado com corretor autom\u00e1tico de nivelamento e lava-far\u00f3is autom\u00e1tico.","og_url":"https:\/\/autobarbosa.com\/en\/produto\/kit-hid-xenon-h3-35w-12v-cor-6000k-avc-balastro\/","og_site_name":"Auto Barbosa","article_publisher":"https:\/\/www.facebook.com\/autobarbosaoficina","article_modified_time":"2026-04-22T07:15:15+00:00","og_image":[{"width":800,"height":800,"url":"https:\/\/autobarbosa.com\/wp-content\/uploads\/2025\/12\/8rshidh335w.png","type":"image\/png"}],"twitter_card":"summary_large_image","twitter_misc":{"Est. reading time":"1 minute"},"schema":{"@context":"https:\/\/schema.org","@graph":[{"@type":"WebPage","@id":"https:\/\/autobarbosa.com\/en\/produto\/kit-hid-xenon-h3-35w-12v-cor-6000k-avc-balastro\/","url":"https:\/\/autobarbosa.com\/en\/produto\/kit-hid-xenon-h3-35w-12v-cor-6000k-avc-balastro\/","name":"KIT HID XENON H3 35W 12V COR 6000K AVC BALASTRO - Auto Barbosa","isPartOf":{"@id":"https:\/\/autobarbosa.com\/en\/#website"},"datePublished":"2025-12-16T08:14:12+00:00","dateModified":"2026-04-22T07:15:15+00:00","breadcrumb":{"@id":"https:\/\/autobarbosa.com\/en\/produto\/kit-hid-xenon-h3-35w-12v-cor-6000k-avc-balastro\/#breadcrumb"},"inLanguage":"en-US","potentialAction":[{"@type":"ReadAction","target":["https:\/\/autobarbosa.com\/en\/produto\/kit-hid-xenon-h3-35w-12v-cor-6000k-avc-balastro\/"]}]},{"@type":"BreadcrumbList","@id":"https:\/\/autobarbosa.com\/en\/produto\/kit-hid-xenon-h3-35w-12v-cor-6000k-avc-balastro\/#breadcrumb","itemListElement":[{"@type":"ListItem","position":1,"name":"In\u00edcio","item":"https:\/\/autobarbosa.com\/en\/"},{"@type":"ListItem","position":2,"name":"Loja","item":"https:\/\/autobarbosa.com\/"},{"@type":"ListItem","position":3,"name":"KIT HID XENON H3 35W 12V COR 6000K AVC BALASTRO"}]},{"@type":"WebSite","@id":"https:\/\/autobarbosa.com\/en\/#website","url":"https:\/\/autobarbosa.com\/en\/","name":"Auto Barbosa","description":"Site institucional","publisher":{"@id":"https:\/\/autobarbosa.com\/en\/#organization"},"potentialAction":[{"@type":"SearchAction","target":{"@type":"EntryPoint","urlTemplate":"https:\/\/autobarbosa.com\/en\/?s={search_term_string}"},"query-input":"required name=search_term_string"}],"inLanguage":"en-US"},{"@type":"Organization","@id":"https:\/\/autobarbosa.com\/en\/#organization","name":"Auto Barbosa","url":"https:\/\/autobarbosa.com\/en\/","logo":{"@type":"ImageObject","inLanguage":"en-US","@id":"https:\/\/autobarbosa.com\/en\/#\/schema\/logo\/image\/","url":"https:\/\/autobarbosa.com\/wp-content\/uploads\/2023\/03\/AUTO-BARBOSA-LOGO-1-e1678715539111.png","contentUrl":"https:\/\/autobarbosa.com\/wp-content\/uploads\/2023\/03\/AUTO-BARBOSA-LOGO-1-e1678715539111.png","width":3233,"height":3233,"caption":"Auto Barbosa"},"image":{"@id":"https:\/\/autobarbosa.com\/en\/#\/schema\/logo\/image\/"},"sameAs":["https:\/\/www.facebook.com\/autobarbosaoficina","https:\/\/www.instagram.com\/autobarbosa.oficina\/"]}]}},"_links":{"self":[{"href":"https:\/\/autobarbosa.com\/en\/wp-json\/wp\/v3\/product\/21178","targetHints":{"allow":["GET"]}}],"collection":[{"href":"https:\/\/autobarbosa.com\/en\/wp-json\/wp\/v3\/product"}],"about":[{"href":"https:\/\/autobarbosa.com\/en\/wp-json\/wp\/v2\/types\/product"}],"wp:featuredmedia":[{"embeddable":true,"href":"https:\/\/autobarbosa.com\/en\/wp-json\/wp\/v2\/media\/21174"}],"wp:attachment":[{"href":"https:\/\/autobarbosa.com\/en\/wp-json\/wp\/v2\/media?parent=21178"}],"wp:term":[{"taxonomy":"product_cat","embeddable":true,"href":"https:\/\/autobarbosa.com\/en\/wp-json\/wp\/v2\/product_cat?post=21178"},{"taxonomy":"product_tag","embeddable":true,"href":"https:\/\/autobarbosa.com\/en\/wp-json\/wp\/v2\/product_tag?post=21178"},{"taxonomy":"marca","embeddable":true,"href":"https:\/\/autobarbosa.com\/en\/wp-json\/wp\/v2\/marca?post=21178"}],"curies":[{"name":"wp","href":"https:\/\/api.w.org\/{rel}","templated":true}]}}