{"id":21186,"date":"2025-12-16T07:14:14","date_gmt":"2025-12-16T08:14:14","guid":{"rendered":"https:\/\/autobarbosa.com\/produto\/bomba-travao-mao-hidraulica-redspec-s-reservatorio-15-87mm\/"},"modified":"2026-04-16T07:15:14","modified_gmt":"2026-04-16T07:15:14","slug":"bomba-travao-mao-hidraulica-redspec-s-reservatorio-15-87mm","status":"publish","type":"product","link":"https:\/\/autobarbosa.com\/en\/produto\/bomba-travao-mao-hidraulica-redspec-s-reservatorio-15-87mm\/","title":{"rendered":"BOMBA TRAVAO MAO HIDRAULICA REDSPEC S\/ RESERVATORIO 15.87MM"},"content":{"rendered":"<p>Cilindro mestre REDSPEC Pro sem reservat\u00f3rio<\/p>\n<p>Novo cilindro mestre confi\u00e1vel, leve e de alto desempenho.<br \/>\nCorpo compacto de alum\u00ednio, usinado em s\u00f3lido.<br \/>\nQualidade de acabamento impec\u00e1vel.<br \/>\nCurso de curta dura\u00e7\u00e3o.<br \/>\nPeso: 310 g.<br \/>\nDist\u00e2ncia do centro de fixa\u00e7\u00e3o: 57,15 mm.<br \/>\nComprimento do caule: 160 mm.<br \/>\nHaste: 5\/16UNF.<br \/>\nRoscas: entrada convexa 7\/16-20UNF, sa\u00edda c\u00f4ncava 3\/8-24UNF.<\/p>\n<p>V\u00e1rios di\u00e2metros dispon\u00edveis:<br \/>\n&#8211; \u00d8 15,87 mm &#8211; 5\/8&#8221;<br \/>\n&#8211; \u00d8 17,78 mm &#8211; 7\/10&#8221;<br \/>\n&#8211; \u00d8 19,05 mm &#8211; 3\/4&#8221;.<\/p>\n<p>Kits de reparo dispon\u00edveis:<br \/>\n&#8211; para \u00d8 15,87 mm &#8211; 5\/8&#8221;: ref. 8RS625KIT<br \/>\n&#8211; para \u00d8 17,78 mm &#8211; 7\/10&#8221;: ref. 8RS700KIT<br \/>\n&#8211; para \u00d8 19,05 mm &#8211; 3\/4&#8221;. : ref. 8RS750KIT<\/p>\n","protected":false},"excerpt":{"rendered":"<p>Cilindro mestre REDSPEC Pro sem reservat\u00f3rio<\/p>\n<p>Novo cilindro mestre confi\u00e1vel, leve e de alto desempenho.<br \/>\nCorpo compacto de alum\u00ednio, usinado em s\u00f3lido.<br \/>\nQualidade de acabamento impec\u00e1vel.<br \/>\nCurso de curta dura\u00e7\u00e3o.<br \/>\nPeso: 310 g.<br \/>\nDist\u00e2ncia do centro de fixa\u00e7\u00e3o: 57,15 mm.<br \/>\nComprimento do caule: 160 mm.<br \/>\nHaste: 5\/16UNF.<br \/>\nRoscas: entrada convexa 7\/16-20UNF, sa\u00edda c\u00f4ncava 3\/8-24UNF.<\/p>\n<p>V\u00e1rios di\u00e2metros dispon\u00edveis:<br \/>\n&#8211; \u00d8 15,87 mm &#8211; 5\/8&#8221;<br \/>\n&#8211; \u00d8 17,78 mm &#8211; 7\/10&#8221;<br \/>\n&#8211; \u00d8 19,05 mm &#8211; 3\/4&#8221;.<\/p>\n<p>Kits de reparo dispon\u00edveis:<br \/>\n&#8211; para \u00d8 15,87 mm &#8211; 5\/8&#8221;: ref. 8RS625KIT<br \/>\n&#8211; para \u00d8 17,78 mm &#8211; 7\/10&#8221;: ref. 8RS700KIT<br \/>\n&#8211; para \u00d8 19,05 mm &#8211; 3\/4&#8221;. : ref. 8RS750KIT<\/p>\n","protected":false},"featured_media":21182,"template":"","meta":[],"product_cat":[485],"product_tag":[],"marca":[121],"class_list":["post-21186","product","type-product","status-publish","has-post-thumbnail","hentry","product_cat-bombas-travao-mao","marca-red-spec"],"yoast_head":"<!-- This site is optimized with the Yoast SEO plugin v20.5 - https:\/\/yoast.com\/wordpress\/plugins\/seo\/ -->\n<title>BOMBA TRAVAO MAO HIDRAULICA REDSPEC S\/ RESERVATORIO 15.87MM - Auto Barbosa<\/title>\n<meta name=\"robots\" content=\"index, follow, max-snippet:-1, max-image-preview:large, max-video-preview:-1\" \/>\n<link rel=\"canonical\" href=\"https:\/\/autobarbosa.com\/en\/produto\/bomba-travao-mao-hidraulica-redspec-s-reservatorio-15-87mm\/\" \/>\n<meta property=\"og:locale\" content=\"en_US\" \/>\n<meta property=\"og:type\" content=\"article\" \/>\n<meta property=\"og:title\" content=\"BOMBA TRAVAO MAO HIDRAULICA REDSPEC S\/ RESERVATORIO 15.87MM - Auto Barbosa\" \/>\n<meta property=\"og:description\" content=\"Cilindro mestre REDSPEC Pro sem reservat\u00f3rio  Novo cilindro mestre confi\u00e1vel, leve e de alto desempenho. Corpo compacto de alum\u00ednio, usinado em s\u00f3lido. Qualidade de acabamento impec\u00e1vel. Curso de curta dura\u00e7\u00e3o. Peso: 310 g. Dist\u00e2ncia do centro de fixa\u00e7\u00e3o: 57,15 mm. Comprimento do caule: 160 mm. Haste: 5\/16UNF. Roscas: entrada convexa 7\/16-20UNF, sa\u00edda c\u00f4ncava 3\/8-24UNF.  V\u00e1rios di\u00e2metros dispon\u00edveis: - \u00d8 15,87 mm - 5\/8&#039;&#039; - \u00d8 17,78 mm - 7\/10&#039;&#039; - \u00d8 19,05 mm - 3\/4&#039;&#039;.  Kits de reparo dispon\u00edveis: - para \u00d8 15,87 mm - 5\/8&#039;&#039;: ref. 8RS625KIT - para \u00d8 17,78 mm - 7\/10&#039;&#039;: ref. 8RS700KIT - para \u00d8 19,05 mm - 3\/4&#039;&#039;. : ref. 8RS750KIT\" \/>\n<meta property=\"og:url\" content=\"https:\/\/autobarbosa.com\/en\/produto\/bomba-travao-mao-hidraulica-redspec-s-reservatorio-15-87mm\/\" \/>\n<meta property=\"og:site_name\" content=\"Auto Barbosa\" \/>\n<meta property=\"article:publisher\" content=\"https:\/\/www.facebook.com\/autobarbosaoficina\" \/>\n<meta property=\"article:modified_time\" content=\"2026-04-16T07:15:14+00:00\" \/>\n<meta property=\"og:image\" content=\"https:\/\/autobarbosa.com\/wp-content\/uploads\/2025\/12\/8rsmc625.png\" \/>\n\t<meta property=\"og:image:width\" content=\"700\" \/>\n\t<meta property=\"og:image:height\" content=\"700\" \/>\n\t<meta property=\"og:image:type\" content=\"image\/png\" \/>\n<meta name=\"twitter:card\" content=\"summary_large_image\" \/>\n<meta name=\"twitter:label1\" content=\"Est. reading time\" \/>\n\t<meta name=\"twitter:data1\" content=\"1 minute\" \/>\n<script type=\"application\/ld+json\" class=\"yoast-schema-graph\">{\"@context\":\"https:\/\/schema.org\",\"@graph\":[{\"@type\":\"WebPage\",\"@id\":\"https:\/\/autobarbosa.com\/en\/produto\/bomba-travao-mao-hidraulica-redspec-s-reservatorio-15-87mm\/\",\"url\":\"https:\/\/autobarbosa.com\/en\/produto\/bomba-travao-mao-hidraulica-redspec-s-reservatorio-15-87mm\/\",\"name\":\"BOMBA TRAVAO MAO HIDRAULICA REDSPEC S\/ RESERVATORIO 15.87MM - Auto Barbosa\",\"isPartOf\":{\"@id\":\"https:\/\/autobarbosa.com\/en\/#website\"},\"datePublished\":\"2025-12-16T08:14:14+00:00\",\"dateModified\":\"2026-04-16T07:15:14+00:00\",\"breadcrumb\":{\"@id\":\"https:\/\/autobarbosa.com\/en\/produto\/bomba-travao-mao-hidraulica-redspec-s-reservatorio-15-87mm\/#breadcrumb\"},\"inLanguage\":\"en-US\",\"potentialAction\":[{\"@type\":\"ReadAction\",\"target\":[\"https:\/\/autobarbosa.com\/en\/produto\/bomba-travao-mao-hidraulica-redspec-s-reservatorio-15-87mm\/\"]}]},{\"@type\":\"BreadcrumbList\",\"@id\":\"https:\/\/autobarbosa.com\/en\/produto\/bomba-travao-mao-hidraulica-redspec-s-reservatorio-15-87mm\/#breadcrumb\",\"itemListElement\":[{\"@type\":\"ListItem\",\"position\":1,\"name\":\"In\u00edcio\",\"item\":\"https:\/\/autobarbosa.com\/en\/\"},{\"@type\":\"ListItem\",\"position\":2,\"name\":\"Loja\",\"item\":\"https:\/\/autobarbosa.com\/\"},{\"@type\":\"ListItem\",\"position\":3,\"name\":\"BOMBA TRAVAO MAO HIDRAULICA REDSPEC S\/ RESERVATORIO 15.87MM\"}]},{\"@type\":\"WebSite\",\"@id\":\"https:\/\/autobarbosa.com\/en\/#website\",\"url\":\"https:\/\/autobarbosa.com\/en\/\",\"name\":\"Auto Barbosa\",\"description\":\"Site institucional\",\"publisher\":{\"@id\":\"https:\/\/autobarbosa.com\/en\/#organization\"},\"potentialAction\":[{\"@type\":\"SearchAction\",\"target\":{\"@type\":\"EntryPoint\",\"urlTemplate\":\"https:\/\/autobarbosa.com\/en\/?s={search_term_string}\"},\"query-input\":\"required name=search_term_string\"}],\"inLanguage\":\"en-US\"},{\"@type\":\"Organization\",\"@id\":\"https:\/\/autobarbosa.com\/en\/#organization\",\"name\":\"Auto Barbosa\",\"url\":\"https:\/\/autobarbosa.com\/en\/\",\"logo\":{\"@type\":\"ImageObject\",\"inLanguage\":\"en-US\",\"@id\":\"https:\/\/autobarbosa.com\/en\/#\/schema\/logo\/image\/\",\"url\":\"https:\/\/autobarbosa.com\/wp-content\/uploads\/2023\/03\/AUTO-BARBOSA-LOGO-1-e1678715539111.png\",\"contentUrl\":\"https:\/\/autobarbosa.com\/wp-content\/uploads\/2023\/03\/AUTO-BARBOSA-LOGO-1-e1678715539111.png\",\"width\":3233,\"height\":3233,\"caption\":\"Auto Barbosa\"},\"image\":{\"@id\":\"https:\/\/autobarbosa.com\/en\/#\/schema\/logo\/image\/\"},\"sameAs\":[\"https:\/\/www.facebook.com\/autobarbosaoficina\",\"https:\/\/www.instagram.com\/autobarbosa.oficina\/\"]}]}<\/script>\n<!-- \/ Yoast SEO plugin. -->","yoast_head_json":{"title":"BOMBA TRAVAO MAO HIDRAULICA REDSPEC S\/ RESERVATORIO 15.87MM - Auto Barbosa","robots":{"index":"index","follow":"follow","max-snippet":"max-snippet:-1","max-image-preview":"max-image-preview:large","max-video-preview":"max-video-preview:-1"},"canonical":"https:\/\/autobarbosa.com\/en\/produto\/bomba-travao-mao-hidraulica-redspec-s-reservatorio-15-87mm\/","og_locale":"en_US","og_type":"article","og_title":"BOMBA TRAVAO MAO HIDRAULICA REDSPEC S\/ RESERVATORIO 15.87MM - Auto Barbosa","og_description":"Cilindro mestre REDSPEC Pro sem reservat\u00f3rio  Novo cilindro mestre confi\u00e1vel, leve e de alto desempenho. Corpo compacto de alum\u00ednio, usinado em s\u00f3lido. Qualidade de acabamento impec\u00e1vel. Curso de curta dura\u00e7\u00e3o. Peso: 310 g. Dist\u00e2ncia do centro de fixa\u00e7\u00e3o: 57,15 mm. Comprimento do caule: 160 mm. Haste: 5\/16UNF. Roscas: entrada convexa 7\/16-20UNF, sa\u00edda c\u00f4ncava 3\/8-24UNF.  V\u00e1rios di\u00e2metros dispon\u00edveis: - \u00d8 15,87 mm - 5\/8'' - \u00d8 17,78 mm - 7\/10'' - \u00d8 19,05 mm - 3\/4''.  Kits de reparo dispon\u00edveis: - para \u00d8 15,87 mm - 5\/8'': ref. 8RS625KIT - para \u00d8 17,78 mm - 7\/10'': ref. 8RS700KIT - para \u00d8 19,05 mm - 3\/4''. : ref. 8RS750KIT","og_url":"https:\/\/autobarbosa.com\/en\/produto\/bomba-travao-mao-hidraulica-redspec-s-reservatorio-15-87mm\/","og_site_name":"Auto Barbosa","article_publisher":"https:\/\/www.facebook.com\/autobarbosaoficina","article_modified_time":"2026-04-16T07:15:14+00:00","og_image":[{"width":700,"height":700,"url":"https:\/\/autobarbosa.com\/wp-content\/uploads\/2025\/12\/8rsmc625.png","type":"image\/png"}],"twitter_card":"summary_large_image","twitter_misc":{"Est. reading time":"1 minute"},"schema":{"@context":"https:\/\/schema.org","@graph":[{"@type":"WebPage","@id":"https:\/\/autobarbosa.com\/en\/produto\/bomba-travao-mao-hidraulica-redspec-s-reservatorio-15-87mm\/","url":"https:\/\/autobarbosa.com\/en\/produto\/bomba-travao-mao-hidraulica-redspec-s-reservatorio-15-87mm\/","name":"BOMBA TRAVAO MAO HIDRAULICA REDSPEC S\/ RESERVATORIO 15.87MM - Auto Barbosa","isPartOf":{"@id":"https:\/\/autobarbosa.com\/en\/#website"},"datePublished":"2025-12-16T08:14:14+00:00","dateModified":"2026-04-16T07:15:14+00:00","breadcrumb":{"@id":"https:\/\/autobarbosa.com\/en\/produto\/bomba-travao-mao-hidraulica-redspec-s-reservatorio-15-87mm\/#breadcrumb"},"inLanguage":"en-US","potentialAction":[{"@type":"ReadAction","target":["https:\/\/autobarbosa.com\/en\/produto\/bomba-travao-mao-hidraulica-redspec-s-reservatorio-15-87mm\/"]}]},{"@type":"BreadcrumbList","@id":"https:\/\/autobarbosa.com\/en\/produto\/bomba-travao-mao-hidraulica-redspec-s-reservatorio-15-87mm\/#breadcrumb","itemListElement":[{"@type":"ListItem","position":1,"name":"In\u00edcio","item":"https:\/\/autobarbosa.com\/en\/"},{"@type":"ListItem","position":2,"name":"Loja","item":"https:\/\/autobarbosa.com\/"},{"@type":"ListItem","position":3,"name":"BOMBA TRAVAO MAO HIDRAULICA REDSPEC S\/ RESERVATORIO 15.87MM"}]},{"@type":"WebSite","@id":"https:\/\/autobarbosa.com\/en\/#website","url":"https:\/\/autobarbosa.com\/en\/","name":"Auto Barbosa","description":"Site institucional","publisher":{"@id":"https:\/\/autobarbosa.com\/en\/#organization"},"potentialAction":[{"@type":"SearchAction","target":{"@type":"EntryPoint","urlTemplate":"https:\/\/autobarbosa.com\/en\/?s={search_term_string}"},"query-input":"required name=search_term_string"}],"inLanguage":"en-US"},{"@type":"Organization","@id":"https:\/\/autobarbosa.com\/en\/#organization","name":"Auto Barbosa","url":"https:\/\/autobarbosa.com\/en\/","logo":{"@type":"ImageObject","inLanguage":"en-US","@id":"https:\/\/autobarbosa.com\/en\/#\/schema\/logo\/image\/","url":"https:\/\/autobarbosa.com\/wp-content\/uploads\/2023\/03\/AUTO-BARBOSA-LOGO-1-e1678715539111.png","contentUrl":"https:\/\/autobarbosa.com\/wp-content\/uploads\/2023\/03\/AUTO-BARBOSA-LOGO-1-e1678715539111.png","width":3233,"height":3233,"caption":"Auto Barbosa"},"image":{"@id":"https:\/\/autobarbosa.com\/en\/#\/schema\/logo\/image\/"},"sameAs":["https:\/\/www.facebook.com\/autobarbosaoficina","https:\/\/www.instagram.com\/autobarbosa.oficina\/"]}]}},"_links":{"self":[{"href":"https:\/\/autobarbosa.com\/en\/wp-json\/wp\/v3\/product\/21186","targetHints":{"allow":["GET"]}}],"collection":[{"href":"https:\/\/autobarbosa.com\/en\/wp-json\/wp\/v3\/product"}],"about":[{"href":"https:\/\/autobarbosa.com\/en\/wp-json\/wp\/v2\/types\/product"}],"wp:featuredmedia":[{"embeddable":true,"href":"https:\/\/autobarbosa.com\/en\/wp-json\/wp\/v2\/media\/21182"}],"wp:attachment":[{"href":"https:\/\/autobarbosa.com\/en\/wp-json\/wp\/v2\/media?parent=21186"}],"wp:term":[{"taxonomy":"product_cat","embeddable":true,"href":"https:\/\/autobarbosa.com\/en\/wp-json\/wp\/v2\/product_cat?post=21186"},{"taxonomy":"product_tag","embeddable":true,"href":"https:\/\/autobarbosa.com\/en\/wp-json\/wp\/v2\/product_tag?post=21186"},{"taxonomy":"marca","embeddable":true,"href":"https:\/\/autobarbosa.com\/en\/wp-json\/wp\/v2\/marca?post=21186"}],"curies":[{"name":"wp","href":"https:\/\/api.w.org\/{rel}","templated":true}]}}