{"id":21210,"date":"2025-12-16T07:14:21","date_gmt":"2025-12-16T08:14:21","guid":{"rendered":"https:\/\/autobarbosa.com\/produto\/fato-sparco-sprint-fia-8856-2018-preto-sz-58\/"},"modified":"2025-12-16T07:14:21","modified_gmt":"2025-12-16T08:14:21","slug":"fato-sparco-sprint-fia-8856-2018-preto-sz-58","status":"publish","type":"product","link":"https:\/\/autobarbosa.com\/en\/produto\/fato-sparco-sprint-fia-8856-2018-preto-sz-58\/","title":{"rendered":"FATO SPARCO SPRINT &#8211; FIA 8856-2018 &#8211;  PRETO &#8211; SZ 58"},"content":{"rendered":"<p>Fato Sprint FIA 8856-2018 &#8211; Nova homologa\u00e7\u00e3o<\/p>\n<p>O ic\u00f3nico fato SPARCO cumpre agora a norma FIA 8856-2018, a mais rigorosa alguma vez adotada pela FIA:<br \/>\n&#8211; Dura\u00e7\u00e3o de resist\u00eancia a uma chama direta: 12 segundos;<br \/>\n&#8211; \u00cdndice de transfer\u00eancia de calor (HTI) aumentado em 20%;<br \/>\n&#8211; Prote\u00e7\u00e3o refor\u00e7ada contra chamas diretas e queimaduras de segundo grau;<\/p>\n<p>N\u00famero de espessuras: 2.<br \/>\nPeso: 360 &#8211; 390 g\/m\u00b2 (+\/- 5%) dependendo dos tamanhos.<br \/>\nAprova\u00e7\u00e3o: FIA 8856-2018.<br \/>\nCores: Preto, vermelho, azul, preto\/vermelho (cinza), preto\/amarelo, marinho\/branco.<br \/>\nTamanhos dispon\u00edveis: Do 48 ao 66 (Cor preta dispon\u00edvel do 44 ao 66).<\/p>\n<p>Camada externa 100% aramida.<br \/>\nNovo acabamento semibrilhante.<br \/>\nMangas semi-flutuantes e pr\u00e9-moldadas.<br \/>\nBolsos externos.<br \/>\nJersey el\u00e1stica no interior das mangas e na parte inferior das costas.<\/p>\n","protected":false},"excerpt":{"rendered":"<p>Fato Sprint FIA 8856-2018 &#8211; Nova homologa\u00e7\u00e3o<\/p>\n<p>O ic\u00f3nico fato SPARCO cumpre agora a norma FIA 8856-2018, a mais rigorosa alguma vez adotada pela FIA:<br \/>\n&#8211; Dura\u00e7\u00e3o de resist\u00eancia a uma chama direta: 12 segundos;<br \/>\n&#8211; \u00cdndice de transfer\u00eancia de calor (HTI) aumentado em 20%;<br \/>\n&#8211; Prote\u00e7\u00e3o refor\u00e7ada contra chamas diretas e queimaduras de segundo grau;<\/p>\n<p>N\u00famero de espessuras: 2.<br \/>\nPeso: 360 &#8211; 390 g\/m\u00b2 (+\/- 5%) dependendo dos tamanhos.<br \/>\nAprova\u00e7\u00e3o: FIA 8856-2018.<br \/>\nCores: Preto, vermelho, azul, preto\/vermelho (cinza), preto\/amarelo, marinho\/branco.<br \/>\nTamanhos dispon\u00edveis: Do 48 ao 66 (Cor preta dispon\u00edvel do 44 ao 66).<\/p>\n<p>Camada externa 100% aramida.<br \/>\nNovo acabamento semibrilhante.<br \/>\nMangas semi-flutuantes e pr\u00e9-moldadas.<br \/>\nBolsos externos.<br \/>\nJersey el\u00e1stica no interior das mangas e na parte inferior das costas.<\/p>\n","protected":false},"featured_media":0,"template":"","meta":[],"product_cat":[548],"product_tag":[],"marca":[172],"class_list":["post-21210","product","type-product","status-publish","hentry","product_cat-fatos-competicao","marca-sparco"],"yoast_head":"<!-- This site is optimized with the Yoast SEO plugin v20.5 - https:\/\/yoast.com\/wordpress\/plugins\/seo\/ -->\n<title>FATO SPARCO SPRINT - FIA 8856-2018 - PRETO - SZ 58 - Auto Barbosa<\/title>\n<meta name=\"robots\" content=\"index, follow, max-snippet:-1, max-image-preview:large, max-video-preview:-1\" \/>\n<link rel=\"canonical\" href=\"https:\/\/autobarbosa.com\/en\/produto\/fato-sparco-sprint-fia-8856-2018-preto-sz-58\/\" \/>\n<meta property=\"og:locale\" content=\"en_US\" \/>\n<meta property=\"og:type\" content=\"article\" \/>\n<meta property=\"og:title\" content=\"FATO SPARCO SPRINT - FIA 8856-2018 - PRETO - SZ 58 - Auto Barbosa\" \/>\n<meta property=\"og:description\" content=\"Fato Sprint FIA 8856-2018 - Nova homologa\u00e7\u00e3o  O ic\u00f3nico fato SPARCO cumpre agora a norma FIA 8856-2018, a mais rigorosa alguma vez adotada pela FIA: - Dura\u00e7\u00e3o de resist\u00eancia a uma chama direta: 12 segundos; - \u00cdndice de transfer\u00eancia de calor (HTI) aumentado em 20%; - Prote\u00e7\u00e3o refor\u00e7ada contra chamas diretas e queimaduras de segundo grau;  N\u00famero de espessuras: 2. Peso: 360 - 390 g\/m\u00b2 (+\/- 5%) dependendo dos tamanhos. Aprova\u00e7\u00e3o: FIA 8856-2018. Cores: Preto, vermelho, azul, preto\/vermelho (cinza), preto\/amarelo, marinho\/branco. Tamanhos dispon\u00edveis: Do 48 ao 66 (Cor preta dispon\u00edvel do 44 ao 66).  Camada externa 100% aramida. Novo acabamento semibrilhante. Mangas semi-flutuantes e pr\u00e9-moldadas. Bolsos externos. Jersey el\u00e1stica no interior das mangas e na parte inferior das costas.\" \/>\n<meta property=\"og:url\" content=\"https:\/\/autobarbosa.com\/en\/produto\/fato-sparco-sprint-fia-8856-2018-preto-sz-58\/\" \/>\n<meta property=\"og:site_name\" content=\"Auto Barbosa\" \/>\n<meta property=\"article:publisher\" content=\"https:\/\/www.facebook.com\/autobarbosaoficina\" \/>\n<meta name=\"twitter:card\" content=\"summary_large_image\" \/>\n<meta name=\"twitter:label1\" content=\"Est. reading time\" \/>\n\t<meta name=\"twitter:data1\" content=\"1 minute\" \/>\n<script type=\"application\/ld+json\" class=\"yoast-schema-graph\">{\"@context\":\"https:\/\/schema.org\",\"@graph\":[{\"@type\":\"WebPage\",\"@id\":\"https:\/\/autobarbosa.com\/en\/produto\/fato-sparco-sprint-fia-8856-2018-preto-sz-58\/\",\"url\":\"https:\/\/autobarbosa.com\/en\/produto\/fato-sparco-sprint-fia-8856-2018-preto-sz-58\/\",\"name\":\"FATO SPARCO SPRINT - FIA 8856-2018 - PRETO - SZ 58 - Auto Barbosa\",\"isPartOf\":{\"@id\":\"https:\/\/autobarbosa.com\/en\/#website\"},\"datePublished\":\"2025-12-16T08:14:21+00:00\",\"dateModified\":\"2025-12-16T08:14:21+00:00\",\"breadcrumb\":{\"@id\":\"https:\/\/autobarbosa.com\/en\/produto\/fato-sparco-sprint-fia-8856-2018-preto-sz-58\/#breadcrumb\"},\"inLanguage\":\"en-US\",\"potentialAction\":[{\"@type\":\"ReadAction\",\"target\":[\"https:\/\/autobarbosa.com\/en\/produto\/fato-sparco-sprint-fia-8856-2018-preto-sz-58\/\"]}]},{\"@type\":\"BreadcrumbList\",\"@id\":\"https:\/\/autobarbosa.com\/en\/produto\/fato-sparco-sprint-fia-8856-2018-preto-sz-58\/#breadcrumb\",\"itemListElement\":[{\"@type\":\"ListItem\",\"position\":1,\"name\":\"In\u00edcio\",\"item\":\"https:\/\/autobarbosa.com\/en\/\"},{\"@type\":\"ListItem\",\"position\":2,\"name\":\"Loja\",\"item\":\"https:\/\/autobarbosa.com\/\"},{\"@type\":\"ListItem\",\"position\":3,\"name\":\"FATO SPARCO SPRINT &#8211; FIA 8856-2018 &#8211; PRETO &#8211; SZ 58\"}]},{\"@type\":\"WebSite\",\"@id\":\"https:\/\/autobarbosa.com\/en\/#website\",\"url\":\"https:\/\/autobarbosa.com\/en\/\",\"name\":\"Auto Barbosa\",\"description\":\"Site institucional\",\"publisher\":{\"@id\":\"https:\/\/autobarbosa.com\/en\/#organization\"},\"potentialAction\":[{\"@type\":\"SearchAction\",\"target\":{\"@type\":\"EntryPoint\",\"urlTemplate\":\"https:\/\/autobarbosa.com\/en\/?s={search_term_string}\"},\"query-input\":\"required name=search_term_string\"}],\"inLanguage\":\"en-US\"},{\"@type\":\"Organization\",\"@id\":\"https:\/\/autobarbosa.com\/en\/#organization\",\"name\":\"Auto Barbosa\",\"url\":\"https:\/\/autobarbosa.com\/en\/\",\"logo\":{\"@type\":\"ImageObject\",\"inLanguage\":\"en-US\",\"@id\":\"https:\/\/autobarbosa.com\/en\/#\/schema\/logo\/image\/\",\"url\":\"https:\/\/autobarbosa.com\/wp-content\/uploads\/2023\/03\/AUTO-BARBOSA-LOGO-1-e1678715539111.png\",\"contentUrl\":\"https:\/\/autobarbosa.com\/wp-content\/uploads\/2023\/03\/AUTO-BARBOSA-LOGO-1-e1678715539111.png\",\"width\":3233,\"height\":3233,\"caption\":\"Auto Barbosa\"},\"image\":{\"@id\":\"https:\/\/autobarbosa.com\/en\/#\/schema\/logo\/image\/\"},\"sameAs\":[\"https:\/\/www.facebook.com\/autobarbosaoficina\",\"https:\/\/www.instagram.com\/autobarbosa.oficina\/\"]}]}<\/script>\n<!-- \/ Yoast SEO plugin. -->","yoast_head_json":{"title":"FATO SPARCO SPRINT - FIA 8856-2018 - PRETO - SZ 58 - Auto Barbosa","robots":{"index":"index","follow":"follow","max-snippet":"max-snippet:-1","max-image-preview":"max-image-preview:large","max-video-preview":"max-video-preview:-1"},"canonical":"https:\/\/autobarbosa.com\/en\/produto\/fato-sparco-sprint-fia-8856-2018-preto-sz-58\/","og_locale":"en_US","og_type":"article","og_title":"FATO SPARCO SPRINT - FIA 8856-2018 - PRETO - SZ 58 - Auto Barbosa","og_description":"Fato Sprint FIA 8856-2018 - Nova homologa\u00e7\u00e3o  O ic\u00f3nico fato SPARCO cumpre agora a norma FIA 8856-2018, a mais rigorosa alguma vez adotada pela FIA: - Dura\u00e7\u00e3o de resist\u00eancia a uma chama direta: 12 segundos; - \u00cdndice de transfer\u00eancia de calor (HTI) aumentado em 20%; - Prote\u00e7\u00e3o refor\u00e7ada contra chamas diretas e queimaduras de segundo grau;  N\u00famero de espessuras: 2. Peso: 360 - 390 g\/m\u00b2 (+\/- 5%) dependendo dos tamanhos. Aprova\u00e7\u00e3o: FIA 8856-2018. Cores: Preto, vermelho, azul, preto\/vermelho (cinza), preto\/amarelo, marinho\/branco. Tamanhos dispon\u00edveis: Do 48 ao 66 (Cor preta dispon\u00edvel do 44 ao 66).  Camada externa 100% aramida. Novo acabamento semibrilhante. Mangas semi-flutuantes e pr\u00e9-moldadas. Bolsos externos. Jersey el\u00e1stica no interior das mangas e na parte inferior das costas.","og_url":"https:\/\/autobarbosa.com\/en\/produto\/fato-sparco-sprint-fia-8856-2018-preto-sz-58\/","og_site_name":"Auto Barbosa","article_publisher":"https:\/\/www.facebook.com\/autobarbosaoficina","twitter_card":"summary_large_image","twitter_misc":{"Est. reading time":"1 minute"},"schema":{"@context":"https:\/\/schema.org","@graph":[{"@type":"WebPage","@id":"https:\/\/autobarbosa.com\/en\/produto\/fato-sparco-sprint-fia-8856-2018-preto-sz-58\/","url":"https:\/\/autobarbosa.com\/en\/produto\/fato-sparco-sprint-fia-8856-2018-preto-sz-58\/","name":"FATO SPARCO SPRINT - FIA 8856-2018 - PRETO - SZ 58 - Auto Barbosa","isPartOf":{"@id":"https:\/\/autobarbosa.com\/en\/#website"},"datePublished":"2025-12-16T08:14:21+00:00","dateModified":"2025-12-16T08:14:21+00:00","breadcrumb":{"@id":"https:\/\/autobarbosa.com\/en\/produto\/fato-sparco-sprint-fia-8856-2018-preto-sz-58\/#breadcrumb"},"inLanguage":"en-US","potentialAction":[{"@type":"ReadAction","target":["https:\/\/autobarbosa.com\/en\/produto\/fato-sparco-sprint-fia-8856-2018-preto-sz-58\/"]}]},{"@type":"BreadcrumbList","@id":"https:\/\/autobarbosa.com\/en\/produto\/fato-sparco-sprint-fia-8856-2018-preto-sz-58\/#breadcrumb","itemListElement":[{"@type":"ListItem","position":1,"name":"In\u00edcio","item":"https:\/\/autobarbosa.com\/en\/"},{"@type":"ListItem","position":2,"name":"Loja","item":"https:\/\/autobarbosa.com\/"},{"@type":"ListItem","position":3,"name":"FATO SPARCO SPRINT &#8211; FIA 8856-2018 &#8211; PRETO &#8211; SZ 58"}]},{"@type":"WebSite","@id":"https:\/\/autobarbosa.com\/en\/#website","url":"https:\/\/autobarbosa.com\/en\/","name":"Auto Barbosa","description":"Site institucional","publisher":{"@id":"https:\/\/autobarbosa.com\/en\/#organization"},"potentialAction":[{"@type":"SearchAction","target":{"@type":"EntryPoint","urlTemplate":"https:\/\/autobarbosa.com\/en\/?s={search_term_string}"},"query-input":"required name=search_term_string"}],"inLanguage":"en-US"},{"@type":"Organization","@id":"https:\/\/autobarbosa.com\/en\/#organization","name":"Auto Barbosa","url":"https:\/\/autobarbosa.com\/en\/","logo":{"@type":"ImageObject","inLanguage":"en-US","@id":"https:\/\/autobarbosa.com\/en\/#\/schema\/logo\/image\/","url":"https:\/\/autobarbosa.com\/wp-content\/uploads\/2023\/03\/AUTO-BARBOSA-LOGO-1-e1678715539111.png","contentUrl":"https:\/\/autobarbosa.com\/wp-content\/uploads\/2023\/03\/AUTO-BARBOSA-LOGO-1-e1678715539111.png","width":3233,"height":3233,"caption":"Auto Barbosa"},"image":{"@id":"https:\/\/autobarbosa.com\/en\/#\/schema\/logo\/image\/"},"sameAs":["https:\/\/www.facebook.com\/autobarbosaoficina","https:\/\/www.instagram.com\/autobarbosa.oficina\/"]}]}},"_links":{"self":[{"href":"https:\/\/autobarbosa.com\/en\/wp-json\/wp\/v3\/product\/21210","targetHints":{"allow":["GET"]}}],"collection":[{"href":"https:\/\/autobarbosa.com\/en\/wp-json\/wp\/v3\/product"}],"about":[{"href":"https:\/\/autobarbosa.com\/en\/wp-json\/wp\/v2\/types\/product"}],"wp:attachment":[{"href":"https:\/\/autobarbosa.com\/en\/wp-json\/wp\/v2\/media?parent=21210"}],"wp:term":[{"taxonomy":"product_cat","embeddable":true,"href":"https:\/\/autobarbosa.com\/en\/wp-json\/wp\/v2\/product_cat?post=21210"},{"taxonomy":"product_tag","embeddable":true,"href":"https:\/\/autobarbosa.com\/en\/wp-json\/wp\/v2\/product_tag?post=21210"},{"taxonomy":"marca","embeddable":true,"href":"https:\/\/autobarbosa.com\/en\/wp-json\/wp\/v2\/marca?post=21210"}],"curies":[{"name":"wp","href":"https:\/\/api.w.org\/{rel}","templated":true}]}}