{"id":21654,"date":"2025-12-16T07:16:43","date_gmt":"2025-12-16T08:16:43","guid":{"rendered":"https:\/\/autobarbosa.com\/produto\/mochila-sparco-stage-preto-alcas-azul-16lt\/"},"modified":"2025-12-16T07:16:43","modified_gmt":"2025-12-16T08:16:43","slug":"mochila-sparco-stage-preto-alcas-azul-16lt","status":"publish","type":"product","link":"https:\/\/autobarbosa.com\/en\/produto\/mochila-sparco-stage-preto-alcas-azul-16lt\/","title":{"rendered":"MOCHILA SPARCO STAGE PRETO &#8211; AL\u00c7AS AZUL &#8211; 16LT"},"content":{"rendered":"<p>PARCO Mochila Stage preto e azul<\/p>\n<p>A SPARCO apresenta a sua mais recente adi\u00e7\u00e3o \u00e0 sua gama de malas pequenas, a mochila Stage!<br \/>\nErgon\u00f4mico e confort\u00e1vel com seu encosto ergon\u00f4mico e forrado com malha respir\u00e1vel, tamb\u00e9m \u00e9 muito pr\u00e1tico com, em particular, uma fita horizontal que permite inserir uma al\u00e7a telesc\u00f3pica de uma bolsa trolley.<br \/>\nF\u00e1cil de transportar com sua al\u00e7a, mant\u00e9m um estilo elegante com suas al\u00e7as que lembram os arreios da marca. Al\u00e9m disso, gra\u00e7as \u00e0s inser\u00e7\u00f5es de alta visibilidade, seja vis\u00edvel mesmo quando a luz \u00e9 muito baixa.<br \/>\nAl\u00e9m disso, a SPARCO equipou esta mochila com um slot para laptop de at\u00e9 15 polegadas.<\/p>\n<p>Dimens\u00f5es: 40cm x 30cm x 14cm.<br \/>\nPeso: 0,76kg.<br \/>\nCapacidade: 16 litros.<br \/>\nMaterial: Poli\u00e9ster.<\/p>\n","protected":false},"excerpt":{"rendered":"<p>PARCO Mochila Stage preto e azul<\/p>\n<p>A SPARCO apresenta a sua mais recente adi\u00e7\u00e3o \u00e0 sua gama de malas pequenas, a mochila Stage!<br \/>\nErgon\u00f4mico e confort\u00e1vel com seu encosto ergon\u00f4mico e forrado com malha respir\u00e1vel, tamb\u00e9m \u00e9 muito pr\u00e1tico com, em particular, uma fita horizontal que permite inserir uma al\u00e7a telesc\u00f3pica de uma bolsa trolley.<br \/>\nF\u00e1cil de transportar com sua al\u00e7a, mant\u00e9m um estilo elegante com suas al\u00e7as que lembram os arreios da marca. Al\u00e9m disso, gra\u00e7as \u00e0s inser\u00e7\u00f5es de alta visibilidade, seja vis\u00edvel mesmo quando a luz \u00e9 muito baixa.<br \/>\nAl\u00e9m disso, a SPARCO equipou esta mochila com um slot para laptop de at\u00e9 15 polegadas.<\/p>\n<p>Dimens\u00f5es: 40cm x 30cm x 14cm.<br \/>\nPeso: 0,76kg.<br \/>\nCapacidade: 16 litros.<br \/>\nMaterial: Poli\u00e9ster.<\/p>\n","protected":false},"featured_media":0,"template":"","meta":[],"product_cat":[534],"product_tag":[],"marca":[172],"class_list":["post-21654","product","type-product","status-publish","hentry","product_cat-co-piloto","marca-sparco"],"yoast_head":"<!-- This site is optimized with the Yoast SEO plugin v20.5 - https:\/\/yoast.com\/wordpress\/plugins\/seo\/ -->\n<title>MOCHILA SPARCO STAGE PRETO - AL\u00c7AS AZUL - 16LT - Auto Barbosa<\/title>\n<meta name=\"robots\" content=\"index, follow, max-snippet:-1, max-image-preview:large, max-video-preview:-1\" \/>\n<link rel=\"canonical\" href=\"https:\/\/autobarbosa.com\/en\/produto\/mochila-sparco-stage-preto-alcas-azul-16lt\/\" \/>\n<meta property=\"og:locale\" content=\"en_US\" \/>\n<meta property=\"og:type\" content=\"article\" \/>\n<meta property=\"og:title\" content=\"MOCHILA SPARCO STAGE PRETO - AL\u00c7AS AZUL - 16LT - Auto Barbosa\" \/>\n<meta property=\"og:description\" content=\"PARCO Mochila Stage preto e azul  A SPARCO apresenta a sua mais recente adi\u00e7\u00e3o \u00e0 sua gama de malas pequenas, a mochila Stage! Ergon\u00f4mico e confort\u00e1vel com seu encosto ergon\u00f4mico e forrado com malha respir\u00e1vel, tamb\u00e9m \u00e9 muito pr\u00e1tico com, em particular, uma fita horizontal que permite inserir uma al\u00e7a telesc\u00f3pica de uma bolsa trolley. F\u00e1cil de transportar com sua al\u00e7a, mant\u00e9m um estilo elegante com suas al\u00e7as que lembram os arreios da marca. Al\u00e9m disso, gra\u00e7as \u00e0s inser\u00e7\u00f5es de alta visibilidade, seja vis\u00edvel mesmo quando a luz \u00e9 muito baixa. Al\u00e9m disso, a SPARCO equipou esta mochila com um slot para laptop de at\u00e9 15 polegadas.  Dimens\u00f5es: 40cm x 30cm x 14cm. Peso: 0,76kg. Capacidade: 16 litros. Material: Poli\u00e9ster.\" \/>\n<meta property=\"og:url\" content=\"https:\/\/autobarbosa.com\/en\/produto\/mochila-sparco-stage-preto-alcas-azul-16lt\/\" \/>\n<meta property=\"og:site_name\" content=\"Auto Barbosa\" \/>\n<meta property=\"article:publisher\" content=\"https:\/\/www.facebook.com\/autobarbosaoficina\" \/>\n<meta name=\"twitter:card\" content=\"summary_large_image\" \/>\n<meta name=\"twitter:label1\" content=\"Est. reading time\" \/>\n\t<meta name=\"twitter:data1\" content=\"1 minute\" \/>\n<script type=\"application\/ld+json\" class=\"yoast-schema-graph\">{\"@context\":\"https:\/\/schema.org\",\"@graph\":[{\"@type\":\"WebPage\",\"@id\":\"https:\/\/autobarbosa.com\/en\/produto\/mochila-sparco-stage-preto-alcas-azul-16lt\/\",\"url\":\"https:\/\/autobarbosa.com\/en\/produto\/mochila-sparco-stage-preto-alcas-azul-16lt\/\",\"name\":\"MOCHILA SPARCO STAGE PRETO - AL\u00c7AS AZUL - 16LT - Auto Barbosa\",\"isPartOf\":{\"@id\":\"https:\/\/autobarbosa.com\/en\/#website\"},\"datePublished\":\"2025-12-16T08:16:43+00:00\",\"dateModified\":\"2025-12-16T08:16:43+00:00\",\"breadcrumb\":{\"@id\":\"https:\/\/autobarbosa.com\/en\/produto\/mochila-sparco-stage-preto-alcas-azul-16lt\/#breadcrumb\"},\"inLanguage\":\"en-US\",\"potentialAction\":[{\"@type\":\"ReadAction\",\"target\":[\"https:\/\/autobarbosa.com\/en\/produto\/mochila-sparco-stage-preto-alcas-azul-16lt\/\"]}]},{\"@type\":\"BreadcrumbList\",\"@id\":\"https:\/\/autobarbosa.com\/en\/produto\/mochila-sparco-stage-preto-alcas-azul-16lt\/#breadcrumb\",\"itemListElement\":[{\"@type\":\"ListItem\",\"position\":1,\"name\":\"In\u00edcio\",\"item\":\"https:\/\/autobarbosa.com\/en\/\"},{\"@type\":\"ListItem\",\"position\":2,\"name\":\"Loja\",\"item\":\"https:\/\/autobarbosa.com\/\"},{\"@type\":\"ListItem\",\"position\":3,\"name\":\"MOCHILA SPARCO STAGE PRETO &#8211; AL\u00c7AS AZUL &#8211; 16LT\"}]},{\"@type\":\"WebSite\",\"@id\":\"https:\/\/autobarbosa.com\/en\/#website\",\"url\":\"https:\/\/autobarbosa.com\/en\/\",\"name\":\"Auto Barbosa\",\"description\":\"Site institucional\",\"publisher\":{\"@id\":\"https:\/\/autobarbosa.com\/en\/#organization\"},\"potentialAction\":[{\"@type\":\"SearchAction\",\"target\":{\"@type\":\"EntryPoint\",\"urlTemplate\":\"https:\/\/autobarbosa.com\/en\/?s={search_term_string}\"},\"query-input\":\"required name=search_term_string\"}],\"inLanguage\":\"en-US\"},{\"@type\":\"Organization\",\"@id\":\"https:\/\/autobarbosa.com\/en\/#organization\",\"name\":\"Auto Barbosa\",\"url\":\"https:\/\/autobarbosa.com\/en\/\",\"logo\":{\"@type\":\"ImageObject\",\"inLanguage\":\"en-US\",\"@id\":\"https:\/\/autobarbosa.com\/en\/#\/schema\/logo\/image\/\",\"url\":\"https:\/\/autobarbosa.com\/wp-content\/uploads\/2023\/03\/AUTO-BARBOSA-LOGO-1-e1678715539111.png\",\"contentUrl\":\"https:\/\/autobarbosa.com\/wp-content\/uploads\/2023\/03\/AUTO-BARBOSA-LOGO-1-e1678715539111.png\",\"width\":3233,\"height\":3233,\"caption\":\"Auto Barbosa\"},\"image\":{\"@id\":\"https:\/\/autobarbosa.com\/en\/#\/schema\/logo\/image\/\"},\"sameAs\":[\"https:\/\/www.facebook.com\/autobarbosaoficina\",\"https:\/\/www.instagram.com\/autobarbosa.oficina\/\"]}]}<\/script>\n<!-- \/ Yoast SEO plugin. -->","yoast_head_json":{"title":"MOCHILA SPARCO STAGE PRETO - AL\u00c7AS AZUL - 16LT - Auto Barbosa","robots":{"index":"index","follow":"follow","max-snippet":"max-snippet:-1","max-image-preview":"max-image-preview:large","max-video-preview":"max-video-preview:-1"},"canonical":"https:\/\/autobarbosa.com\/en\/produto\/mochila-sparco-stage-preto-alcas-azul-16lt\/","og_locale":"en_US","og_type":"article","og_title":"MOCHILA SPARCO STAGE PRETO - AL\u00c7AS AZUL - 16LT - Auto Barbosa","og_description":"PARCO Mochila Stage preto e azul  A SPARCO apresenta a sua mais recente adi\u00e7\u00e3o \u00e0 sua gama de malas pequenas, a mochila Stage! Ergon\u00f4mico e confort\u00e1vel com seu encosto ergon\u00f4mico e forrado com malha respir\u00e1vel, tamb\u00e9m \u00e9 muito pr\u00e1tico com, em particular, uma fita horizontal que permite inserir uma al\u00e7a telesc\u00f3pica de uma bolsa trolley. F\u00e1cil de transportar com sua al\u00e7a, mant\u00e9m um estilo elegante com suas al\u00e7as que lembram os arreios da marca. Al\u00e9m disso, gra\u00e7as \u00e0s inser\u00e7\u00f5es de alta visibilidade, seja vis\u00edvel mesmo quando a luz \u00e9 muito baixa. Al\u00e9m disso, a SPARCO equipou esta mochila com um slot para laptop de at\u00e9 15 polegadas.  Dimens\u00f5es: 40cm x 30cm x 14cm. Peso: 0,76kg. Capacidade: 16 litros. Material: Poli\u00e9ster.","og_url":"https:\/\/autobarbosa.com\/en\/produto\/mochila-sparco-stage-preto-alcas-azul-16lt\/","og_site_name":"Auto Barbosa","article_publisher":"https:\/\/www.facebook.com\/autobarbosaoficina","twitter_card":"summary_large_image","twitter_misc":{"Est. reading time":"1 minute"},"schema":{"@context":"https:\/\/schema.org","@graph":[{"@type":"WebPage","@id":"https:\/\/autobarbosa.com\/en\/produto\/mochila-sparco-stage-preto-alcas-azul-16lt\/","url":"https:\/\/autobarbosa.com\/en\/produto\/mochila-sparco-stage-preto-alcas-azul-16lt\/","name":"MOCHILA SPARCO STAGE PRETO - AL\u00c7AS AZUL - 16LT - Auto Barbosa","isPartOf":{"@id":"https:\/\/autobarbosa.com\/en\/#website"},"datePublished":"2025-12-16T08:16:43+00:00","dateModified":"2025-12-16T08:16:43+00:00","breadcrumb":{"@id":"https:\/\/autobarbosa.com\/en\/produto\/mochila-sparco-stage-preto-alcas-azul-16lt\/#breadcrumb"},"inLanguage":"en-US","potentialAction":[{"@type":"ReadAction","target":["https:\/\/autobarbosa.com\/en\/produto\/mochila-sparco-stage-preto-alcas-azul-16lt\/"]}]},{"@type":"BreadcrumbList","@id":"https:\/\/autobarbosa.com\/en\/produto\/mochila-sparco-stage-preto-alcas-azul-16lt\/#breadcrumb","itemListElement":[{"@type":"ListItem","position":1,"name":"In\u00edcio","item":"https:\/\/autobarbosa.com\/en\/"},{"@type":"ListItem","position":2,"name":"Loja","item":"https:\/\/autobarbosa.com\/"},{"@type":"ListItem","position":3,"name":"MOCHILA SPARCO STAGE PRETO &#8211; AL\u00c7AS AZUL &#8211; 16LT"}]},{"@type":"WebSite","@id":"https:\/\/autobarbosa.com\/en\/#website","url":"https:\/\/autobarbosa.com\/en\/","name":"Auto Barbosa","description":"Site institucional","publisher":{"@id":"https:\/\/autobarbosa.com\/en\/#organization"},"potentialAction":[{"@type":"SearchAction","target":{"@type":"EntryPoint","urlTemplate":"https:\/\/autobarbosa.com\/en\/?s={search_term_string}"},"query-input":"required name=search_term_string"}],"inLanguage":"en-US"},{"@type":"Organization","@id":"https:\/\/autobarbosa.com\/en\/#organization","name":"Auto Barbosa","url":"https:\/\/autobarbosa.com\/en\/","logo":{"@type":"ImageObject","inLanguage":"en-US","@id":"https:\/\/autobarbosa.com\/en\/#\/schema\/logo\/image\/","url":"https:\/\/autobarbosa.com\/wp-content\/uploads\/2023\/03\/AUTO-BARBOSA-LOGO-1-e1678715539111.png","contentUrl":"https:\/\/autobarbosa.com\/wp-content\/uploads\/2023\/03\/AUTO-BARBOSA-LOGO-1-e1678715539111.png","width":3233,"height":3233,"caption":"Auto Barbosa"},"image":{"@id":"https:\/\/autobarbosa.com\/en\/#\/schema\/logo\/image\/"},"sameAs":["https:\/\/www.facebook.com\/autobarbosaoficina","https:\/\/www.instagram.com\/autobarbosa.oficina\/"]}]}},"_links":{"self":[{"href":"https:\/\/autobarbosa.com\/en\/wp-json\/wp\/v3\/product\/21654","targetHints":{"allow":["GET"]}}],"collection":[{"href":"https:\/\/autobarbosa.com\/en\/wp-json\/wp\/v3\/product"}],"about":[{"href":"https:\/\/autobarbosa.com\/en\/wp-json\/wp\/v2\/types\/product"}],"wp:attachment":[{"href":"https:\/\/autobarbosa.com\/en\/wp-json\/wp\/v2\/media?parent=21654"}],"wp:term":[{"taxonomy":"product_cat","embeddable":true,"href":"https:\/\/autobarbosa.com\/en\/wp-json\/wp\/v2\/product_cat?post=21654"},{"taxonomy":"product_tag","embeddable":true,"href":"https:\/\/autobarbosa.com\/en\/wp-json\/wp\/v2\/product_tag?post=21654"},{"taxonomy":"marca","embeddable":true,"href":"https:\/\/autobarbosa.com\/en\/wp-json\/wp\/v2\/marca?post=21654"}],"curies":[{"name":"wp","href":"https:\/\/api.w.org\/{rel}","templated":true}]}}