{"id":21990,"date":"2025-12-16T07:18:31","date_gmt":"2025-12-16T08:18:31","guid":{"rendered":"https:\/\/autobarbosa.com\/produto\/fato-de-proteccao-chuva-turn-one-mecanico-size-xl-preto\/"},"modified":"2026-04-20T07:21:03","modified_gmt":"2026-04-20T07:21:03","slug":"fato-de-proteccao-chuva-turn-one-mecanico-size-xl-preto","status":"publish","type":"product","link":"https:\/\/autobarbosa.com\/en\/produto\/fato-de-proteccao-chuva-turn-one-mecanico-size-xl-preto\/","title":{"rendered":"FATO DE PROTEC\u00c7\u00c3O CHUVA TURN ONE MECANICO SIZE XL &#8211; PRETO"},"content":{"rendered":"<p>TURN ONE Fato mec\u00e2nico para chuva de trabalho<\/p>\n<p>O primeiro fato mec\u00e2nico concebido para condi\u00e7\u00f5es climat\u00e9ricas dif\u00edceis!<br \/>\n100% \u00e0 prova d&#8217;\u00e1gua.<br \/>\nCapuz ajust\u00e1vel.<br \/>\nVelcro nos pulsos e tornozelos.<br \/>\nPreenchimento nos cotovelos e joelhos.<br \/>\nDois bolsos com fecho + duas aberturas com fecho que permitem o acesso aos bolsos das cal\u00e7as por baixo do fato.<\/p>\n<p>Exterior: Poli\u00e9ster revestido a PVC.<br \/>\nForro: 100% Poli\u00e9ster<br \/>\nCor: Preto.<br \/>\nTamanhos: De S a XXL.<\/p>\n","protected":false},"excerpt":{"rendered":"<p>TURN ONE Fato mec\u00e2nico para chuva de trabalho<\/p>\n<p>O primeiro fato mec\u00e2nico concebido para condi\u00e7\u00f5es climat\u00e9ricas dif\u00edceis!<br \/>\n100% \u00e0 prova d&#8217;\u00e1gua.<br \/>\nCapuz ajust\u00e1vel.<br \/>\nVelcro nos pulsos e tornozelos.<br \/>\nPreenchimento nos cotovelos e joelhos.<br \/>\nDois bolsos com fecho + duas aberturas com fecho que permitem o acesso aos bolsos das cal\u00e7as por baixo do fato.<\/p>\n<p>Exterior: Poli\u00e9ster revestido a PVC.<br \/>\nForro: 100% Poli\u00e9ster<br \/>\nCor: Preto.<br \/>\nTamanhos: De S a XXL.<\/p>\n","protected":false},"featured_media":21986,"template":"","meta":[],"product_cat":[566],"product_tag":[],"marca":[163],"class_list":["post-21990","product","type-product","status-publish","has-post-thumbnail","hentry","product_cat-roupa-mecanico","marca-turn-one"],"yoast_head":"<!-- This site is optimized with the Yoast SEO plugin v20.5 - https:\/\/yoast.com\/wordpress\/plugins\/seo\/ -->\n<title>FATO DE PROTEC\u00c7\u00c3O CHUVA TURN ONE MECANICO SIZE XL - PRETO - Auto Barbosa<\/title>\n<meta name=\"robots\" content=\"index, follow, max-snippet:-1, max-image-preview:large, max-video-preview:-1\" \/>\n<link rel=\"canonical\" href=\"https:\/\/autobarbosa.com\/en\/produto\/fato-de-proteccao-chuva-turn-one-mecanico-size-xl-preto\/\" \/>\n<meta property=\"og:locale\" content=\"en_US\" \/>\n<meta property=\"og:type\" content=\"article\" \/>\n<meta property=\"og:title\" content=\"FATO DE PROTEC\u00c7\u00c3O CHUVA TURN ONE MECANICO SIZE XL - PRETO - Auto Barbosa\" \/>\n<meta property=\"og:description\" content=\"TURN ONE Fato mec\u00e2nico para chuva de trabalho  O primeiro fato mec\u00e2nico concebido para condi\u00e7\u00f5es climat\u00e9ricas dif\u00edceis! 100% \u00e0 prova d&#039;\u00e1gua. Capuz ajust\u00e1vel. Velcro nos pulsos e tornozelos. Preenchimento nos cotovelos e joelhos. Dois bolsos com fecho + duas aberturas com fecho que permitem o acesso aos bolsos das cal\u00e7as por baixo do fato.  Exterior: Poli\u00e9ster revestido a PVC. Forro: 100% Poli\u00e9ster Cor: Preto. Tamanhos: De S a XXL.\" \/>\n<meta property=\"og:url\" content=\"https:\/\/autobarbosa.com\/en\/produto\/fato-de-proteccao-chuva-turn-one-mecanico-size-xl-preto\/\" \/>\n<meta property=\"og:site_name\" content=\"Auto Barbosa\" \/>\n<meta property=\"article:publisher\" content=\"https:\/\/www.facebook.com\/autobarbosaoficina\" \/>\n<meta property=\"article:modified_time\" content=\"2026-04-20T07:21:03+00:00\" \/>\n<meta property=\"og:image\" content=\"https:\/\/autobarbosa.com\/wp-content\/uploads\/2025\/12\/8to001062xl.png\" \/>\n\t<meta property=\"og:image:width\" content=\"800\" \/>\n\t<meta property=\"og:image:height\" content=\"800\" \/>\n\t<meta property=\"og:image:type\" content=\"image\/png\" \/>\n<meta name=\"twitter:card\" content=\"summary_large_image\" \/>\n<script type=\"application\/ld+json\" class=\"yoast-schema-graph\">{\"@context\":\"https:\/\/schema.org\",\"@graph\":[{\"@type\":\"WebPage\",\"@id\":\"https:\/\/autobarbosa.com\/en\/produto\/fato-de-proteccao-chuva-turn-one-mecanico-size-xl-preto\/\",\"url\":\"https:\/\/autobarbosa.com\/en\/produto\/fato-de-proteccao-chuva-turn-one-mecanico-size-xl-preto\/\",\"name\":\"FATO DE PROTEC\u00c7\u00c3O CHUVA TURN ONE MECANICO SIZE XL - PRETO - Auto Barbosa\",\"isPartOf\":{\"@id\":\"https:\/\/autobarbosa.com\/en\/#website\"},\"datePublished\":\"2025-12-16T08:18:31+00:00\",\"dateModified\":\"2026-04-20T07:21:03+00:00\",\"breadcrumb\":{\"@id\":\"https:\/\/autobarbosa.com\/en\/produto\/fato-de-proteccao-chuva-turn-one-mecanico-size-xl-preto\/#breadcrumb\"},\"inLanguage\":\"en-US\",\"potentialAction\":[{\"@type\":\"ReadAction\",\"target\":[\"https:\/\/autobarbosa.com\/en\/produto\/fato-de-proteccao-chuva-turn-one-mecanico-size-xl-preto\/\"]}]},{\"@type\":\"BreadcrumbList\",\"@id\":\"https:\/\/autobarbosa.com\/en\/produto\/fato-de-proteccao-chuva-turn-one-mecanico-size-xl-preto\/#breadcrumb\",\"itemListElement\":[{\"@type\":\"ListItem\",\"position\":1,\"name\":\"In\u00edcio\",\"item\":\"https:\/\/autobarbosa.com\/en\/\"},{\"@type\":\"ListItem\",\"position\":2,\"name\":\"Loja\",\"item\":\"https:\/\/autobarbosa.com\/\"},{\"@type\":\"ListItem\",\"position\":3,\"name\":\"FATO DE PROTEC\u00c7\u00c3O CHUVA TURN ONE MECANICO SIZE XL &#8211; PRETO\"}]},{\"@type\":\"WebSite\",\"@id\":\"https:\/\/autobarbosa.com\/en\/#website\",\"url\":\"https:\/\/autobarbosa.com\/en\/\",\"name\":\"Auto Barbosa\",\"description\":\"Site institucional\",\"publisher\":{\"@id\":\"https:\/\/autobarbosa.com\/en\/#organization\"},\"potentialAction\":[{\"@type\":\"SearchAction\",\"target\":{\"@type\":\"EntryPoint\",\"urlTemplate\":\"https:\/\/autobarbosa.com\/en\/?s={search_term_string}\"},\"query-input\":\"required name=search_term_string\"}],\"inLanguage\":\"en-US\"},{\"@type\":\"Organization\",\"@id\":\"https:\/\/autobarbosa.com\/en\/#organization\",\"name\":\"Auto Barbosa\",\"url\":\"https:\/\/autobarbosa.com\/en\/\",\"logo\":{\"@type\":\"ImageObject\",\"inLanguage\":\"en-US\",\"@id\":\"https:\/\/autobarbosa.com\/en\/#\/schema\/logo\/image\/\",\"url\":\"https:\/\/autobarbosa.com\/wp-content\/uploads\/2023\/03\/AUTO-BARBOSA-LOGO-1-e1678715539111.png\",\"contentUrl\":\"https:\/\/autobarbosa.com\/wp-content\/uploads\/2023\/03\/AUTO-BARBOSA-LOGO-1-e1678715539111.png\",\"width\":3233,\"height\":3233,\"caption\":\"Auto Barbosa\"},\"image\":{\"@id\":\"https:\/\/autobarbosa.com\/en\/#\/schema\/logo\/image\/\"},\"sameAs\":[\"https:\/\/www.facebook.com\/autobarbosaoficina\",\"https:\/\/www.instagram.com\/autobarbosa.oficina\/\"]}]}<\/script>\n<!-- \/ Yoast SEO plugin. -->","yoast_head_json":{"title":"FATO DE PROTEC\u00c7\u00c3O CHUVA TURN ONE MECANICO SIZE XL - PRETO - Auto Barbosa","robots":{"index":"index","follow":"follow","max-snippet":"max-snippet:-1","max-image-preview":"max-image-preview:large","max-video-preview":"max-video-preview:-1"},"canonical":"https:\/\/autobarbosa.com\/en\/produto\/fato-de-proteccao-chuva-turn-one-mecanico-size-xl-preto\/","og_locale":"en_US","og_type":"article","og_title":"FATO DE PROTEC\u00c7\u00c3O CHUVA TURN ONE MECANICO SIZE XL - PRETO - Auto Barbosa","og_description":"TURN ONE Fato mec\u00e2nico para chuva de trabalho  O primeiro fato mec\u00e2nico concebido para condi\u00e7\u00f5es climat\u00e9ricas dif\u00edceis! 100% \u00e0 prova d'\u00e1gua. Capuz ajust\u00e1vel. Velcro nos pulsos e tornozelos. Preenchimento nos cotovelos e joelhos. Dois bolsos com fecho + duas aberturas com fecho que permitem o acesso aos bolsos das cal\u00e7as por baixo do fato.  Exterior: Poli\u00e9ster revestido a PVC. Forro: 100% Poli\u00e9ster Cor: Preto. Tamanhos: De S a XXL.","og_url":"https:\/\/autobarbosa.com\/en\/produto\/fato-de-proteccao-chuva-turn-one-mecanico-size-xl-preto\/","og_site_name":"Auto Barbosa","article_publisher":"https:\/\/www.facebook.com\/autobarbosaoficina","article_modified_time":"2026-04-20T07:21:03+00:00","og_image":[{"width":800,"height":800,"url":"https:\/\/autobarbosa.com\/wp-content\/uploads\/2025\/12\/8to001062xl.png","type":"image\/png"}],"twitter_card":"summary_large_image","schema":{"@context":"https:\/\/schema.org","@graph":[{"@type":"WebPage","@id":"https:\/\/autobarbosa.com\/en\/produto\/fato-de-proteccao-chuva-turn-one-mecanico-size-xl-preto\/","url":"https:\/\/autobarbosa.com\/en\/produto\/fato-de-proteccao-chuva-turn-one-mecanico-size-xl-preto\/","name":"FATO DE PROTEC\u00c7\u00c3O CHUVA TURN ONE MECANICO SIZE XL - PRETO - Auto Barbosa","isPartOf":{"@id":"https:\/\/autobarbosa.com\/en\/#website"},"datePublished":"2025-12-16T08:18:31+00:00","dateModified":"2026-04-20T07:21:03+00:00","breadcrumb":{"@id":"https:\/\/autobarbosa.com\/en\/produto\/fato-de-proteccao-chuva-turn-one-mecanico-size-xl-preto\/#breadcrumb"},"inLanguage":"en-US","potentialAction":[{"@type":"ReadAction","target":["https:\/\/autobarbosa.com\/en\/produto\/fato-de-proteccao-chuva-turn-one-mecanico-size-xl-preto\/"]}]},{"@type":"BreadcrumbList","@id":"https:\/\/autobarbosa.com\/en\/produto\/fato-de-proteccao-chuva-turn-one-mecanico-size-xl-preto\/#breadcrumb","itemListElement":[{"@type":"ListItem","position":1,"name":"In\u00edcio","item":"https:\/\/autobarbosa.com\/en\/"},{"@type":"ListItem","position":2,"name":"Loja","item":"https:\/\/autobarbosa.com\/"},{"@type":"ListItem","position":3,"name":"FATO DE PROTEC\u00c7\u00c3O CHUVA TURN ONE MECANICO SIZE XL &#8211; PRETO"}]},{"@type":"WebSite","@id":"https:\/\/autobarbosa.com\/en\/#website","url":"https:\/\/autobarbosa.com\/en\/","name":"Auto Barbosa","description":"Site institucional","publisher":{"@id":"https:\/\/autobarbosa.com\/en\/#organization"},"potentialAction":[{"@type":"SearchAction","target":{"@type":"EntryPoint","urlTemplate":"https:\/\/autobarbosa.com\/en\/?s={search_term_string}"},"query-input":"required name=search_term_string"}],"inLanguage":"en-US"},{"@type":"Organization","@id":"https:\/\/autobarbosa.com\/en\/#organization","name":"Auto Barbosa","url":"https:\/\/autobarbosa.com\/en\/","logo":{"@type":"ImageObject","inLanguage":"en-US","@id":"https:\/\/autobarbosa.com\/en\/#\/schema\/logo\/image\/","url":"https:\/\/autobarbosa.com\/wp-content\/uploads\/2023\/03\/AUTO-BARBOSA-LOGO-1-e1678715539111.png","contentUrl":"https:\/\/autobarbosa.com\/wp-content\/uploads\/2023\/03\/AUTO-BARBOSA-LOGO-1-e1678715539111.png","width":3233,"height":3233,"caption":"Auto Barbosa"},"image":{"@id":"https:\/\/autobarbosa.com\/en\/#\/schema\/logo\/image\/"},"sameAs":["https:\/\/www.facebook.com\/autobarbosaoficina","https:\/\/www.instagram.com\/autobarbosa.oficina\/"]}]}},"_links":{"self":[{"href":"https:\/\/autobarbosa.com\/en\/wp-json\/wp\/v3\/product\/21990","targetHints":{"allow":["GET"]}}],"collection":[{"href":"https:\/\/autobarbosa.com\/en\/wp-json\/wp\/v3\/product"}],"about":[{"href":"https:\/\/autobarbosa.com\/en\/wp-json\/wp\/v2\/types\/product"}],"wp:featuredmedia":[{"embeddable":true,"href":"https:\/\/autobarbosa.com\/en\/wp-json\/wp\/v2\/media\/21986"}],"wp:attachment":[{"href":"https:\/\/autobarbosa.com\/en\/wp-json\/wp\/v2\/media?parent=21990"}],"wp:term":[{"taxonomy":"product_cat","embeddable":true,"href":"https:\/\/autobarbosa.com\/en\/wp-json\/wp\/v2\/product_cat?post=21990"},{"taxonomy":"product_tag","embeddable":true,"href":"https:\/\/autobarbosa.com\/en\/wp-json\/wp\/v2\/product_tag?post=21990"},{"taxonomy":"marca","embeddable":true,"href":"https:\/\/autobarbosa.com\/en\/wp-json\/wp\/v2\/marca?post=21990"}],"curies":[{"name":"wp","href":"https:\/\/api.w.org\/{rel}","templated":true}]}}