{"id":22342,"date":"2025-12-16T07:20:14","date_gmt":"2025-12-16T08:20:14","guid":{"rendered":"https:\/\/autobarbosa.com\/produto\/rampas-polypropylene-700x200x85mm-5ton-bg\/"},"modified":"2025-12-16T07:20:14","modified_gmt":"2025-12-16T08:20:14","slug":"rampas-polypropylene-700x200x85mm-5ton-bg","status":"publish","type":"product","link":"https:\/\/autobarbosa.com\/en\/produto\/rampas-polypropylene-700x200x85mm-5ton-bg\/","title":{"rendered":"RAMPAS POLYPROPYLENE 700X200X85MM 5TON &#8211; BG"},"content":{"rendered":"<p>Mini rampas em Polipropileno BG RACING &#8211; o par<\/p>\n<p>Mini rampas em Polipropileno (PP) que permite, antes da passagem do macaco, elevar um ve\u00edculo com dist\u00e2ncia ao solo muito baixa.<br \/>\nCom suas m\u00faltiplas aberturas de ventila\u00e7\u00e3o, voc\u00ea tamb\u00e9m pode coloc\u00e1-los sob as rodas de um ve\u00edculo de colecionador ou destinado ao armazenamento de longo prazo.<br \/>\nDimens\u00f5es: Comprimento 700 x largura 200 x altura 70\/80 mm.<br \/>\nPeso: 4 kg por par.<br \/>\nCarga m\u00e1xima: 5.000 kg por par.<\/p>\n","protected":false},"excerpt":{"rendered":"<p>Mini rampas em Polipropileno BG RACING &#8211; o par<\/p>\n<p>Mini rampas em Polipropileno (PP) que permite, antes da passagem do macaco, elevar um ve\u00edculo com dist\u00e2ncia ao solo muito baixa.<br \/>\nCom suas m\u00faltiplas aberturas de ventila\u00e7\u00e3o, voc\u00ea tamb\u00e9m pode coloc\u00e1-los sob as rodas de um ve\u00edculo de colecionador ou destinado ao armazenamento de longo prazo.<br \/>\nDimens\u00f5es: Comprimento 700 x largura 200 x altura 70\/80 mm.<br \/>\nPeso: 4 kg por par.<br \/>\nCarga m\u00e1xima: 5.000 kg por par.<\/p>\n","protected":false},"featured_media":0,"template":"","meta":[],"product_cat":[562],"product_tag":[],"marca":[896],"class_list":["post-22342","product","type-product","status-publish","hentry","product_cat-rampas","marca-bg-racing"],"yoast_head":"<!-- This site is optimized with the Yoast SEO plugin v20.5 - https:\/\/yoast.com\/wordpress\/plugins\/seo\/ -->\n<title>RAMPAS POLYPROPYLENE 700X200X85MM 5TON - BG - Auto Barbosa<\/title>\n<meta name=\"robots\" content=\"index, follow, max-snippet:-1, max-image-preview:large, max-video-preview:-1\" \/>\n<link rel=\"canonical\" href=\"https:\/\/autobarbosa.com\/en\/produto\/rampas-polypropylene-700x200x85mm-5ton-bg\/\" \/>\n<meta property=\"og:locale\" content=\"en_US\" \/>\n<meta property=\"og:type\" content=\"article\" \/>\n<meta property=\"og:title\" content=\"RAMPAS POLYPROPYLENE 700X200X85MM 5TON - BG - Auto Barbosa\" \/>\n<meta property=\"og:description\" content=\"Mini rampas em Polipropileno BG RACING - o par  Mini rampas em Polipropileno (PP) que permite, antes da passagem do macaco, elevar um ve\u00edculo com dist\u00e2ncia ao solo muito baixa. Com suas m\u00faltiplas aberturas de ventila\u00e7\u00e3o, voc\u00ea tamb\u00e9m pode coloc\u00e1-los sob as rodas de um ve\u00edculo de colecionador ou destinado ao armazenamento de longo prazo. Dimens\u00f5es: Comprimento 700 x largura 200 x altura 70\/80 mm. Peso: 4 kg por par. Carga m\u00e1xima: 5.000 kg por par.\" \/>\n<meta property=\"og:url\" content=\"https:\/\/autobarbosa.com\/en\/produto\/rampas-polypropylene-700x200x85mm-5ton-bg\/\" \/>\n<meta property=\"og:site_name\" content=\"Auto Barbosa\" \/>\n<meta property=\"article:publisher\" content=\"https:\/\/www.facebook.com\/autobarbosaoficina\" \/>\n<meta name=\"twitter:card\" content=\"summary_large_image\" \/>\n<script type=\"application\/ld+json\" class=\"yoast-schema-graph\">{\"@context\":\"https:\/\/schema.org\",\"@graph\":[{\"@type\":\"WebPage\",\"@id\":\"https:\/\/autobarbosa.com\/en\/produto\/rampas-polypropylene-700x200x85mm-5ton-bg\/\",\"url\":\"https:\/\/autobarbosa.com\/en\/produto\/rampas-polypropylene-700x200x85mm-5ton-bg\/\",\"name\":\"RAMPAS POLYPROPYLENE 700X200X85MM 5TON - BG - Auto Barbosa\",\"isPartOf\":{\"@id\":\"https:\/\/autobarbosa.com\/en\/#website\"},\"datePublished\":\"2025-12-16T08:20:14+00:00\",\"dateModified\":\"2025-12-16T08:20:14+00:00\",\"breadcrumb\":{\"@id\":\"https:\/\/autobarbosa.com\/en\/produto\/rampas-polypropylene-700x200x85mm-5ton-bg\/#breadcrumb\"},\"inLanguage\":\"en-US\",\"potentialAction\":[{\"@type\":\"ReadAction\",\"target\":[\"https:\/\/autobarbosa.com\/en\/produto\/rampas-polypropylene-700x200x85mm-5ton-bg\/\"]}]},{\"@type\":\"BreadcrumbList\",\"@id\":\"https:\/\/autobarbosa.com\/en\/produto\/rampas-polypropylene-700x200x85mm-5ton-bg\/#breadcrumb\",\"itemListElement\":[{\"@type\":\"ListItem\",\"position\":1,\"name\":\"In\u00edcio\",\"item\":\"https:\/\/autobarbosa.com\/en\/\"},{\"@type\":\"ListItem\",\"position\":2,\"name\":\"Loja\",\"item\":\"https:\/\/autobarbosa.com\/\"},{\"@type\":\"ListItem\",\"position\":3,\"name\":\"RAMPAS POLYPROPYLENE 700X200X85MM 5TON &#8211; BG\"}]},{\"@type\":\"WebSite\",\"@id\":\"https:\/\/autobarbosa.com\/en\/#website\",\"url\":\"https:\/\/autobarbosa.com\/en\/\",\"name\":\"Auto Barbosa\",\"description\":\"Site institucional\",\"publisher\":{\"@id\":\"https:\/\/autobarbosa.com\/en\/#organization\"},\"potentialAction\":[{\"@type\":\"SearchAction\",\"target\":{\"@type\":\"EntryPoint\",\"urlTemplate\":\"https:\/\/autobarbosa.com\/en\/?s={search_term_string}\"},\"query-input\":\"required name=search_term_string\"}],\"inLanguage\":\"en-US\"},{\"@type\":\"Organization\",\"@id\":\"https:\/\/autobarbosa.com\/en\/#organization\",\"name\":\"Auto Barbosa\",\"url\":\"https:\/\/autobarbosa.com\/en\/\",\"logo\":{\"@type\":\"ImageObject\",\"inLanguage\":\"en-US\",\"@id\":\"https:\/\/autobarbosa.com\/en\/#\/schema\/logo\/image\/\",\"url\":\"https:\/\/autobarbosa.com\/wp-content\/uploads\/2023\/03\/AUTO-BARBOSA-LOGO-1-e1678715539111.png\",\"contentUrl\":\"https:\/\/autobarbosa.com\/wp-content\/uploads\/2023\/03\/AUTO-BARBOSA-LOGO-1-e1678715539111.png\",\"width\":3233,\"height\":3233,\"caption\":\"Auto Barbosa\"},\"image\":{\"@id\":\"https:\/\/autobarbosa.com\/en\/#\/schema\/logo\/image\/\"},\"sameAs\":[\"https:\/\/www.facebook.com\/autobarbosaoficina\",\"https:\/\/www.instagram.com\/autobarbosa.oficina\/\"]}]}<\/script>\n<!-- \/ Yoast SEO plugin. -->","yoast_head_json":{"title":"RAMPAS POLYPROPYLENE 700X200X85MM 5TON - BG - Auto Barbosa","robots":{"index":"index","follow":"follow","max-snippet":"max-snippet:-1","max-image-preview":"max-image-preview:large","max-video-preview":"max-video-preview:-1"},"canonical":"https:\/\/autobarbosa.com\/en\/produto\/rampas-polypropylene-700x200x85mm-5ton-bg\/","og_locale":"en_US","og_type":"article","og_title":"RAMPAS POLYPROPYLENE 700X200X85MM 5TON - BG - Auto Barbosa","og_description":"Mini rampas em Polipropileno BG RACING - o par  Mini rampas em Polipropileno (PP) que permite, antes da passagem do macaco, elevar um ve\u00edculo com dist\u00e2ncia ao solo muito baixa. Com suas m\u00faltiplas aberturas de ventila\u00e7\u00e3o, voc\u00ea tamb\u00e9m pode coloc\u00e1-los sob as rodas de um ve\u00edculo de colecionador ou destinado ao armazenamento de longo prazo. Dimens\u00f5es: Comprimento 700 x largura 200 x altura 70\/80 mm. Peso: 4 kg por par. Carga m\u00e1xima: 5.000 kg por par.","og_url":"https:\/\/autobarbosa.com\/en\/produto\/rampas-polypropylene-700x200x85mm-5ton-bg\/","og_site_name":"Auto Barbosa","article_publisher":"https:\/\/www.facebook.com\/autobarbosaoficina","twitter_card":"summary_large_image","schema":{"@context":"https:\/\/schema.org","@graph":[{"@type":"WebPage","@id":"https:\/\/autobarbosa.com\/en\/produto\/rampas-polypropylene-700x200x85mm-5ton-bg\/","url":"https:\/\/autobarbosa.com\/en\/produto\/rampas-polypropylene-700x200x85mm-5ton-bg\/","name":"RAMPAS POLYPROPYLENE 700X200X85MM 5TON - BG - Auto Barbosa","isPartOf":{"@id":"https:\/\/autobarbosa.com\/en\/#website"},"datePublished":"2025-12-16T08:20:14+00:00","dateModified":"2025-12-16T08:20:14+00:00","breadcrumb":{"@id":"https:\/\/autobarbosa.com\/en\/produto\/rampas-polypropylene-700x200x85mm-5ton-bg\/#breadcrumb"},"inLanguage":"en-US","potentialAction":[{"@type":"ReadAction","target":["https:\/\/autobarbosa.com\/en\/produto\/rampas-polypropylene-700x200x85mm-5ton-bg\/"]}]},{"@type":"BreadcrumbList","@id":"https:\/\/autobarbosa.com\/en\/produto\/rampas-polypropylene-700x200x85mm-5ton-bg\/#breadcrumb","itemListElement":[{"@type":"ListItem","position":1,"name":"In\u00edcio","item":"https:\/\/autobarbosa.com\/en\/"},{"@type":"ListItem","position":2,"name":"Loja","item":"https:\/\/autobarbosa.com\/"},{"@type":"ListItem","position":3,"name":"RAMPAS POLYPROPYLENE 700X200X85MM 5TON &#8211; BG"}]},{"@type":"WebSite","@id":"https:\/\/autobarbosa.com\/en\/#website","url":"https:\/\/autobarbosa.com\/en\/","name":"Auto Barbosa","description":"Site institucional","publisher":{"@id":"https:\/\/autobarbosa.com\/en\/#organization"},"potentialAction":[{"@type":"SearchAction","target":{"@type":"EntryPoint","urlTemplate":"https:\/\/autobarbosa.com\/en\/?s={search_term_string}"},"query-input":"required name=search_term_string"}],"inLanguage":"en-US"},{"@type":"Organization","@id":"https:\/\/autobarbosa.com\/en\/#organization","name":"Auto Barbosa","url":"https:\/\/autobarbosa.com\/en\/","logo":{"@type":"ImageObject","inLanguage":"en-US","@id":"https:\/\/autobarbosa.com\/en\/#\/schema\/logo\/image\/","url":"https:\/\/autobarbosa.com\/wp-content\/uploads\/2023\/03\/AUTO-BARBOSA-LOGO-1-e1678715539111.png","contentUrl":"https:\/\/autobarbosa.com\/wp-content\/uploads\/2023\/03\/AUTO-BARBOSA-LOGO-1-e1678715539111.png","width":3233,"height":3233,"caption":"Auto Barbosa"},"image":{"@id":"https:\/\/autobarbosa.com\/en\/#\/schema\/logo\/image\/"},"sameAs":["https:\/\/www.facebook.com\/autobarbosaoficina","https:\/\/www.instagram.com\/autobarbosa.oficina\/"]}]}},"_links":{"self":[{"href":"https:\/\/autobarbosa.com\/en\/wp-json\/wp\/v3\/product\/22342","targetHints":{"allow":["GET"]}}],"collection":[{"href":"https:\/\/autobarbosa.com\/en\/wp-json\/wp\/v3\/product"}],"about":[{"href":"https:\/\/autobarbosa.com\/en\/wp-json\/wp\/v2\/types\/product"}],"wp:attachment":[{"href":"https:\/\/autobarbosa.com\/en\/wp-json\/wp\/v2\/media?parent=22342"}],"wp:term":[{"taxonomy":"product_cat","embeddable":true,"href":"https:\/\/autobarbosa.com\/en\/wp-json\/wp\/v2\/product_cat?post=22342"},{"taxonomy":"product_tag","embeddable":true,"href":"https:\/\/autobarbosa.com\/en\/wp-json\/wp\/v2\/product_tag?post=22342"},{"taxonomy":"marca","embeddable":true,"href":"https:\/\/autobarbosa.com\/en\/wp-json\/wp\/v2\/marca?post=22342"}],"curies":[{"name":"wp","href":"https:\/\/api.w.org\/{rel}","templated":true}]}}