{"id":22478,"date":"2025-12-16T07:20:57","date_gmt":"2025-12-16T08:20:57","guid":{"rendered":"https:\/\/autobarbosa.com\/produto\/rolamento-bomba-ap-racing-6859-54mm-diam-peug-206\/"},"modified":"2025-12-16T07:20:57","modified_gmt":"2025-12-16T08:20:57","slug":"rolamento-bomba-ap-racing-6859-54mm-diam-peug-206","status":"publish","type":"product","link":"https:\/\/autobarbosa.com\/en\/produto\/rolamento-bomba-ap-racing-6859-54mm-diam-peug-206\/","title":{"rendered":"ROLAMENTO BOMBA AP RACING 6859 54MM DIAM PEUG.206"},"content":{"rendered":"<p>Receptor de embreagem AP RACING CP6859 \u00d8 54 mm &#8211; rolamento interno &#8211; curso de 12 mm<\/p>\n<p>NOTA: A linha CP3859 \u00e9 substitu\u00edda pela linha CP6859.<br \/>\nAten\u00e7\u00e3o thread agora em M10X100 em vez de M12X100.<\/p>\n<p>Caracter\u00edsticas da gama CP6859:<br \/>\n&#8211; Corpo em alum\u00ednio forjado.<br \/>\n&#8211; Pist\u00e3o de alum\u00ednio.<br \/>\n&#8211; Superf\u00edcie efetiva: 920 mm\u00b2.<br \/>\n&#8211; Press\u00e3o m\u00e1xima: 1.250 psi.<br \/>\n&#8211; Fluido recomendado: AP660, AP600 ou outros fluidos de freio de qualidade semelhante.<br \/>\n&#8211; Tipo: Hidr\u00e1ulico.<\/p>\n<p>Caracter\u00edsticas do batente CP6859-1254:<br \/>\n&#8211; Di\u00e2metro do alcance: 54 mm.<br \/>\n&#8211; Curso m\u00e1ximo: 12 mm.<br \/>\n&#8211; Compat\u00edvel com rolamento axial refer\u00eancia CP345710.<br \/>\n&#8211; Configura\u00e7\u00e3o: Rolamento fixo por dentro, curso curto permitindo a redu\u00e7\u00e3o do comprimento total.<br \/>\n&#8211; Rosca: M10x100.<br \/>\n&#8211; Peso: 257g.<\/p>\n","protected":false},"excerpt":{"rendered":"<p>Receptor de embreagem AP RACING CP6859 \u00d8 54 mm &#8211; rolamento interno &#8211; curso de 12 mm<\/p>\n<p>NOTA: A linha CP3859 \u00e9 substitu\u00edda pela linha CP6859.<br \/>\nAten\u00e7\u00e3o thread agora em M10X100 em vez de M12X100.<\/p>\n<p>Caracter\u00edsticas da gama CP6859:<br \/>\n&#8211; Corpo em alum\u00ednio forjado.<br \/>\n&#8211; Pist\u00e3o de alum\u00ednio.<br \/>\n&#8211; Superf\u00edcie efetiva: 920 mm\u00b2.<br \/>\n&#8211; Press\u00e3o m\u00e1xima: 1.250 psi.<br \/>\n&#8211; Fluido recomendado: AP660, AP600 ou outros fluidos de freio de qualidade semelhante.<br \/>\n&#8211; Tipo: Hidr\u00e1ulico.<\/p>\n<p>Caracter\u00edsticas do batente CP6859-1254:<br \/>\n&#8211; Di\u00e2metro do alcance: 54 mm.<br \/>\n&#8211; Curso m\u00e1ximo: 12 mm.<br \/>\n&#8211; Compat\u00edvel com rolamento axial refer\u00eancia CP345710.<br \/>\n&#8211; Configura\u00e7\u00e3o: Rolamento fixo por dentro, curso curto permitindo a redu\u00e7\u00e3o do comprimento total.<br \/>\n&#8211; Rosca: M10x100.<br \/>\n&#8211; Peso: 257g.<\/p>\n","protected":false},"featured_media":0,"template":"","meta":[],"product_cat":[494],"product_tag":[],"marca":[901],"class_list":["post-22478","product","type-product","status-publish","hentry","product_cat-embraiagem","marca-ap-racing"],"yoast_head":"<!-- This site is optimized with the Yoast SEO plugin v20.5 - https:\/\/yoast.com\/wordpress\/plugins\/seo\/ -->\n<title>ROLAMENTO BOMBA AP RACING 6859 54MM DIAM PEUG.206 - Auto Barbosa<\/title>\n<meta name=\"robots\" content=\"index, follow, max-snippet:-1, max-image-preview:large, max-video-preview:-1\" \/>\n<link rel=\"canonical\" href=\"https:\/\/autobarbosa.com\/en\/produto\/rolamento-bomba-ap-racing-6859-54mm-diam-peug-206\/\" \/>\n<meta property=\"og:locale\" content=\"en_US\" \/>\n<meta property=\"og:type\" content=\"article\" \/>\n<meta property=\"og:title\" content=\"ROLAMENTO BOMBA AP RACING 6859 54MM DIAM PEUG.206 - Auto Barbosa\" \/>\n<meta property=\"og:description\" content=\"Receptor de embreagem AP RACING CP6859 \u00d8 54 mm - rolamento interno - curso de 12 mm  NOTA: A linha CP3859 \u00e9 substitu\u00edda pela linha CP6859. Aten\u00e7\u00e3o thread agora em M10X100 em vez de M12X100.  Caracter\u00edsticas da gama CP6859: - Corpo em alum\u00ednio forjado. - Pist\u00e3o de alum\u00ednio. - Superf\u00edcie efetiva: 920 mm\u00b2. - Press\u00e3o m\u00e1xima: 1.250 psi. - Fluido recomendado: AP660, AP600 ou outros fluidos de freio de qualidade semelhante. - Tipo: Hidr\u00e1ulico.  Caracter\u00edsticas do batente CP6859-1254: - Di\u00e2metro do alcance: 54 mm. - Curso m\u00e1ximo: 12 mm. - Compat\u00edvel com rolamento axial refer\u00eancia CP345710. - Configura\u00e7\u00e3o: Rolamento fixo por dentro, curso curto permitindo a redu\u00e7\u00e3o do comprimento total. - Rosca: M10x100. - Peso: 257g.\" \/>\n<meta property=\"og:url\" content=\"https:\/\/autobarbosa.com\/en\/produto\/rolamento-bomba-ap-racing-6859-54mm-diam-peug-206\/\" \/>\n<meta property=\"og:site_name\" content=\"Auto Barbosa\" \/>\n<meta property=\"article:publisher\" content=\"https:\/\/www.facebook.com\/autobarbosaoficina\" \/>\n<meta name=\"twitter:card\" content=\"summary_large_image\" \/>\n<meta name=\"twitter:label1\" content=\"Est. reading time\" \/>\n\t<meta name=\"twitter:data1\" content=\"1 minute\" \/>\n<script type=\"application\/ld+json\" class=\"yoast-schema-graph\">{\"@context\":\"https:\/\/schema.org\",\"@graph\":[{\"@type\":\"WebPage\",\"@id\":\"https:\/\/autobarbosa.com\/en\/produto\/rolamento-bomba-ap-racing-6859-54mm-diam-peug-206\/\",\"url\":\"https:\/\/autobarbosa.com\/en\/produto\/rolamento-bomba-ap-racing-6859-54mm-diam-peug-206\/\",\"name\":\"ROLAMENTO BOMBA AP RACING 6859 54MM DIAM PEUG.206 - Auto Barbosa\",\"isPartOf\":{\"@id\":\"https:\/\/autobarbosa.com\/en\/#website\"},\"datePublished\":\"2025-12-16T08:20:57+00:00\",\"dateModified\":\"2025-12-16T08:20:57+00:00\",\"breadcrumb\":{\"@id\":\"https:\/\/autobarbosa.com\/en\/produto\/rolamento-bomba-ap-racing-6859-54mm-diam-peug-206\/#breadcrumb\"},\"inLanguage\":\"en-US\",\"potentialAction\":[{\"@type\":\"ReadAction\",\"target\":[\"https:\/\/autobarbosa.com\/en\/produto\/rolamento-bomba-ap-racing-6859-54mm-diam-peug-206\/\"]}]},{\"@type\":\"BreadcrumbList\",\"@id\":\"https:\/\/autobarbosa.com\/en\/produto\/rolamento-bomba-ap-racing-6859-54mm-diam-peug-206\/#breadcrumb\",\"itemListElement\":[{\"@type\":\"ListItem\",\"position\":1,\"name\":\"In\u00edcio\",\"item\":\"https:\/\/autobarbosa.com\/en\/\"},{\"@type\":\"ListItem\",\"position\":2,\"name\":\"Loja\",\"item\":\"https:\/\/autobarbosa.com\/\"},{\"@type\":\"ListItem\",\"position\":3,\"name\":\"ROLAMENTO BOMBA AP RACING 6859 54MM DIAM PEUG.206\"}]},{\"@type\":\"WebSite\",\"@id\":\"https:\/\/autobarbosa.com\/en\/#website\",\"url\":\"https:\/\/autobarbosa.com\/en\/\",\"name\":\"Auto Barbosa\",\"description\":\"Site institucional\",\"publisher\":{\"@id\":\"https:\/\/autobarbosa.com\/en\/#organization\"},\"potentialAction\":[{\"@type\":\"SearchAction\",\"target\":{\"@type\":\"EntryPoint\",\"urlTemplate\":\"https:\/\/autobarbosa.com\/en\/?s={search_term_string}\"},\"query-input\":\"required name=search_term_string\"}],\"inLanguage\":\"en-US\"},{\"@type\":\"Organization\",\"@id\":\"https:\/\/autobarbosa.com\/en\/#organization\",\"name\":\"Auto Barbosa\",\"url\":\"https:\/\/autobarbosa.com\/en\/\",\"logo\":{\"@type\":\"ImageObject\",\"inLanguage\":\"en-US\",\"@id\":\"https:\/\/autobarbosa.com\/en\/#\/schema\/logo\/image\/\",\"url\":\"https:\/\/autobarbosa.com\/wp-content\/uploads\/2023\/03\/AUTO-BARBOSA-LOGO-1-e1678715539111.png\",\"contentUrl\":\"https:\/\/autobarbosa.com\/wp-content\/uploads\/2023\/03\/AUTO-BARBOSA-LOGO-1-e1678715539111.png\",\"width\":3233,\"height\":3233,\"caption\":\"Auto Barbosa\"},\"image\":{\"@id\":\"https:\/\/autobarbosa.com\/en\/#\/schema\/logo\/image\/\"},\"sameAs\":[\"https:\/\/www.facebook.com\/autobarbosaoficina\",\"https:\/\/www.instagram.com\/autobarbosa.oficina\/\"]}]}<\/script>\n<!-- \/ Yoast SEO plugin. -->","yoast_head_json":{"title":"ROLAMENTO BOMBA AP RACING 6859 54MM DIAM PEUG.206 - Auto Barbosa","robots":{"index":"index","follow":"follow","max-snippet":"max-snippet:-1","max-image-preview":"max-image-preview:large","max-video-preview":"max-video-preview:-1"},"canonical":"https:\/\/autobarbosa.com\/en\/produto\/rolamento-bomba-ap-racing-6859-54mm-diam-peug-206\/","og_locale":"en_US","og_type":"article","og_title":"ROLAMENTO BOMBA AP RACING 6859 54MM DIAM PEUG.206 - Auto Barbosa","og_description":"Receptor de embreagem AP RACING CP6859 \u00d8 54 mm - rolamento interno - curso de 12 mm  NOTA: A linha CP3859 \u00e9 substitu\u00edda pela linha CP6859. Aten\u00e7\u00e3o thread agora em M10X100 em vez de M12X100.  Caracter\u00edsticas da gama CP6859: - Corpo em alum\u00ednio forjado. - Pist\u00e3o de alum\u00ednio. - Superf\u00edcie efetiva: 920 mm\u00b2. - Press\u00e3o m\u00e1xima: 1.250 psi. - Fluido recomendado: AP660, AP600 ou outros fluidos de freio de qualidade semelhante. - Tipo: Hidr\u00e1ulico.  Caracter\u00edsticas do batente CP6859-1254: - Di\u00e2metro do alcance: 54 mm. - Curso m\u00e1ximo: 12 mm. - Compat\u00edvel com rolamento axial refer\u00eancia CP345710. - Configura\u00e7\u00e3o: Rolamento fixo por dentro, curso curto permitindo a redu\u00e7\u00e3o do comprimento total. - Rosca: M10x100. - Peso: 257g.","og_url":"https:\/\/autobarbosa.com\/en\/produto\/rolamento-bomba-ap-racing-6859-54mm-diam-peug-206\/","og_site_name":"Auto Barbosa","article_publisher":"https:\/\/www.facebook.com\/autobarbosaoficina","twitter_card":"summary_large_image","twitter_misc":{"Est. reading time":"1 minute"},"schema":{"@context":"https:\/\/schema.org","@graph":[{"@type":"WebPage","@id":"https:\/\/autobarbosa.com\/en\/produto\/rolamento-bomba-ap-racing-6859-54mm-diam-peug-206\/","url":"https:\/\/autobarbosa.com\/en\/produto\/rolamento-bomba-ap-racing-6859-54mm-diam-peug-206\/","name":"ROLAMENTO BOMBA AP RACING 6859 54MM DIAM PEUG.206 - Auto Barbosa","isPartOf":{"@id":"https:\/\/autobarbosa.com\/en\/#website"},"datePublished":"2025-12-16T08:20:57+00:00","dateModified":"2025-12-16T08:20:57+00:00","breadcrumb":{"@id":"https:\/\/autobarbosa.com\/en\/produto\/rolamento-bomba-ap-racing-6859-54mm-diam-peug-206\/#breadcrumb"},"inLanguage":"en-US","potentialAction":[{"@type":"ReadAction","target":["https:\/\/autobarbosa.com\/en\/produto\/rolamento-bomba-ap-racing-6859-54mm-diam-peug-206\/"]}]},{"@type":"BreadcrumbList","@id":"https:\/\/autobarbosa.com\/en\/produto\/rolamento-bomba-ap-racing-6859-54mm-diam-peug-206\/#breadcrumb","itemListElement":[{"@type":"ListItem","position":1,"name":"In\u00edcio","item":"https:\/\/autobarbosa.com\/en\/"},{"@type":"ListItem","position":2,"name":"Loja","item":"https:\/\/autobarbosa.com\/"},{"@type":"ListItem","position":3,"name":"ROLAMENTO BOMBA AP RACING 6859 54MM DIAM PEUG.206"}]},{"@type":"WebSite","@id":"https:\/\/autobarbosa.com\/en\/#website","url":"https:\/\/autobarbosa.com\/en\/","name":"Auto Barbosa","description":"Site institucional","publisher":{"@id":"https:\/\/autobarbosa.com\/en\/#organization"},"potentialAction":[{"@type":"SearchAction","target":{"@type":"EntryPoint","urlTemplate":"https:\/\/autobarbosa.com\/en\/?s={search_term_string}"},"query-input":"required name=search_term_string"}],"inLanguage":"en-US"},{"@type":"Organization","@id":"https:\/\/autobarbosa.com\/en\/#organization","name":"Auto Barbosa","url":"https:\/\/autobarbosa.com\/en\/","logo":{"@type":"ImageObject","inLanguage":"en-US","@id":"https:\/\/autobarbosa.com\/en\/#\/schema\/logo\/image\/","url":"https:\/\/autobarbosa.com\/wp-content\/uploads\/2023\/03\/AUTO-BARBOSA-LOGO-1-e1678715539111.png","contentUrl":"https:\/\/autobarbosa.com\/wp-content\/uploads\/2023\/03\/AUTO-BARBOSA-LOGO-1-e1678715539111.png","width":3233,"height":3233,"caption":"Auto Barbosa"},"image":{"@id":"https:\/\/autobarbosa.com\/en\/#\/schema\/logo\/image\/"},"sameAs":["https:\/\/www.facebook.com\/autobarbosaoficina","https:\/\/www.instagram.com\/autobarbosa.oficina\/"]}]}},"_links":{"self":[{"href":"https:\/\/autobarbosa.com\/en\/wp-json\/wp\/v3\/product\/22478","targetHints":{"allow":["GET"]}}],"collection":[{"href":"https:\/\/autobarbosa.com\/en\/wp-json\/wp\/v3\/product"}],"about":[{"href":"https:\/\/autobarbosa.com\/en\/wp-json\/wp\/v2\/types\/product"}],"wp:attachment":[{"href":"https:\/\/autobarbosa.com\/en\/wp-json\/wp\/v2\/media?parent=22478"}],"wp:term":[{"taxonomy":"product_cat","embeddable":true,"href":"https:\/\/autobarbosa.com\/en\/wp-json\/wp\/v2\/product_cat?post=22478"},{"taxonomy":"product_tag","embeddable":true,"href":"https:\/\/autobarbosa.com\/en\/wp-json\/wp\/v2\/product_tag?post=22478"},{"taxonomy":"marca","embeddable":true,"href":"https:\/\/autobarbosa.com\/en\/wp-json\/wp\/v2\/marca?post=22478"}],"curies":[{"name":"wp","href":"https:\/\/api.w.org\/{rel}","templated":true}]}}