{"id":22550,"date":"2025-12-16T07:21:17","date_gmt":"2025-12-16T08:21:17","guid":{"rendered":"https:\/\/autobarbosa.com\/produto\/cabo-bateria-preto-16-diam-ext-9-5mm-95-amp-max-vendido-mt\/"},"modified":"2025-12-16T07:21:17","modified_gmt":"2025-12-16T08:21:17","slug":"cabo-bateria-preto-16-diam-ext-9-5mm-95-amp-max-vendido-mt","status":"publish","type":"product","link":"https:\/\/autobarbosa.com\/en\/produto\/cabo-bateria-preto-16-diam-ext-9-5mm-95-amp-max-vendido-mt\/","title":{"rendered":"CABO BATERIA PRETO 16 DIAM EXT. 9.5MM 95 AMP MAX (vendido mt)"},"content":{"rendered":"<p>Se\u00e7\u00e3o do cabo da bateria 16 mm\u00b2<\/p>\n<p>Este cabo de alimenta\u00e7\u00e3o tem uma se\u00e7\u00e3o de 16 mm\u00b2 projetada para motores abaixo de 2,5 L.<br \/>\nIdeal para todas as conex\u00f5es el\u00e9tricas, em particular entre a bateria e a partida.<br \/>\nFeito na Fran\u00e7a.<br \/>\nAlta qualidade.<\/p>\n<p>Caracter\u00edsticas:<br \/>\n&#8211; Amperagem m\u00e1xima: 95 A.<br \/>\n&#8211; Di\u00e2metro externo: 9,5 mm.<br \/>\n&#8211; Composi\u00e7\u00e3o: Cobre vermelho, composto por fios de 0,30 mm \/ Envelope de policloreto de vinila.<br \/>\n&#8211; Temperaturas \u00f3timas de opera\u00e7\u00e3o: De -30\u00b0C a 85\u00b0C.<br \/>\nCores: Preto (negativo) ou vermelho (positivo).<br \/>\nVendido por metro.<\/p>\n<p>Tamb\u00e9m dispon\u00edvel na se\u00e7\u00e3o de 25 mm\u00b2 para motores de 2,5 L e mais (ref. E1504).<\/p>\n","protected":false},"excerpt":{"rendered":"<p>Se\u00e7\u00e3o do cabo da bateria 16 mm\u00b2<\/p>\n<p>Este cabo de alimenta\u00e7\u00e3o tem uma se\u00e7\u00e3o de 16 mm\u00b2 projetada para motores abaixo de 2,5 L.<br \/>\nIdeal para todas as conex\u00f5es el\u00e9tricas, em particular entre a bateria e a partida.<br \/>\nFeito na Fran\u00e7a.<br \/>\nAlta qualidade.<\/p>\n<p>Caracter\u00edsticas:<br \/>\n&#8211; Amperagem m\u00e1xima: 95 A.<br \/>\n&#8211; Di\u00e2metro externo: 9,5 mm.<br \/>\n&#8211; Composi\u00e7\u00e3o: Cobre vermelho, composto por fios de 0,30 mm \/ Envelope de policloreto de vinila.<br \/>\n&#8211; Temperaturas \u00f3timas de opera\u00e7\u00e3o: De -30\u00b0C a 85\u00b0C.<br \/>\nCores: Preto (negativo) ou vermelho (positivo).<br \/>\nVendido por metro.<\/p>\n<p>Tamb\u00e9m dispon\u00edvel na se\u00e7\u00e3o de 25 mm\u00b2 para motores de 2,5 L e mais (ref. E1504).<\/p>\n","protected":false},"featured_media":0,"template":"","meta":[],"product_cat":[539],"product_tag":[],"marca":[121],"class_list":["post-22550","product","type-product","status-publish","hentry","product_cat-baterias-suportes","marca-red-spec"],"yoast_head":"<!-- This site is optimized with the Yoast SEO plugin v20.5 - https:\/\/yoast.com\/wordpress\/plugins\/seo\/ -->\n<title>CABO BATERIA PRETO 16 DIAM EXT. 9.5MM 95 AMP MAX (vendido mt) - Auto Barbosa<\/title>\n<meta name=\"robots\" content=\"index, follow, max-snippet:-1, max-image-preview:large, max-video-preview:-1\" \/>\n<link rel=\"canonical\" href=\"https:\/\/autobarbosa.com\/en\/produto\/cabo-bateria-preto-16-diam-ext-9-5mm-95-amp-max-vendido-mt\/\" \/>\n<meta property=\"og:locale\" content=\"en_US\" \/>\n<meta property=\"og:type\" content=\"article\" \/>\n<meta property=\"og:title\" content=\"CABO BATERIA PRETO 16 DIAM EXT. 9.5MM 95 AMP MAX (vendido mt) - Auto Barbosa\" \/>\n<meta property=\"og:description\" content=\"Se\u00e7\u00e3o do cabo da bateria 16 mm\u00b2  Este cabo de alimenta\u00e7\u00e3o tem uma se\u00e7\u00e3o de 16 mm\u00b2 projetada para motores abaixo de 2,5 L. Ideal para todas as conex\u00f5es el\u00e9tricas, em particular entre a bateria e a partida. Feito na Fran\u00e7a. Alta qualidade.  Caracter\u00edsticas: - Amperagem m\u00e1xima: 95 A. - Di\u00e2metro externo: 9,5 mm. - Composi\u00e7\u00e3o: Cobre vermelho, composto por fios de 0,30 mm \/ Envelope de policloreto de vinila. - Temperaturas \u00f3timas de opera\u00e7\u00e3o: De -30\u00b0C a 85\u00b0C. Cores: Preto (negativo) ou vermelho (positivo). Vendido por metro.  Tamb\u00e9m dispon\u00edvel na se\u00e7\u00e3o de 25 mm\u00b2 para motores de 2,5 L e mais (ref. E1504).\" \/>\n<meta property=\"og:url\" content=\"https:\/\/autobarbosa.com\/en\/produto\/cabo-bateria-preto-16-diam-ext-9-5mm-95-amp-max-vendido-mt\/\" \/>\n<meta property=\"og:site_name\" content=\"Auto Barbosa\" \/>\n<meta property=\"article:publisher\" content=\"https:\/\/www.facebook.com\/autobarbosaoficina\" \/>\n<meta name=\"twitter:card\" content=\"summary_large_image\" \/>\n<meta name=\"twitter:label1\" content=\"Est. reading time\" \/>\n\t<meta name=\"twitter:data1\" content=\"1 minute\" \/>\n<script type=\"application\/ld+json\" class=\"yoast-schema-graph\">{\"@context\":\"https:\/\/schema.org\",\"@graph\":[{\"@type\":\"WebPage\",\"@id\":\"https:\/\/autobarbosa.com\/en\/produto\/cabo-bateria-preto-16-diam-ext-9-5mm-95-amp-max-vendido-mt\/\",\"url\":\"https:\/\/autobarbosa.com\/en\/produto\/cabo-bateria-preto-16-diam-ext-9-5mm-95-amp-max-vendido-mt\/\",\"name\":\"CABO BATERIA PRETO 16 DIAM EXT. 9.5MM 95 AMP MAX (vendido mt) - Auto Barbosa\",\"isPartOf\":{\"@id\":\"https:\/\/autobarbosa.com\/en\/#website\"},\"datePublished\":\"2025-12-16T08:21:17+00:00\",\"dateModified\":\"2025-12-16T08:21:17+00:00\",\"breadcrumb\":{\"@id\":\"https:\/\/autobarbosa.com\/en\/produto\/cabo-bateria-preto-16-diam-ext-9-5mm-95-amp-max-vendido-mt\/#breadcrumb\"},\"inLanguage\":\"en-US\",\"potentialAction\":[{\"@type\":\"ReadAction\",\"target\":[\"https:\/\/autobarbosa.com\/en\/produto\/cabo-bateria-preto-16-diam-ext-9-5mm-95-amp-max-vendido-mt\/\"]}]},{\"@type\":\"BreadcrumbList\",\"@id\":\"https:\/\/autobarbosa.com\/en\/produto\/cabo-bateria-preto-16-diam-ext-9-5mm-95-amp-max-vendido-mt\/#breadcrumb\",\"itemListElement\":[{\"@type\":\"ListItem\",\"position\":1,\"name\":\"In\u00edcio\",\"item\":\"https:\/\/autobarbosa.com\/en\/\"},{\"@type\":\"ListItem\",\"position\":2,\"name\":\"Loja\",\"item\":\"https:\/\/autobarbosa.com\/\"},{\"@type\":\"ListItem\",\"position\":3,\"name\":\"CABO BATERIA PRETO 16 DIAM EXT. 9.5MM 95 AMP MAX (vendido mt)\"}]},{\"@type\":\"WebSite\",\"@id\":\"https:\/\/autobarbosa.com\/en\/#website\",\"url\":\"https:\/\/autobarbosa.com\/en\/\",\"name\":\"Auto Barbosa\",\"description\":\"Site institucional\",\"publisher\":{\"@id\":\"https:\/\/autobarbosa.com\/en\/#organization\"},\"potentialAction\":[{\"@type\":\"SearchAction\",\"target\":{\"@type\":\"EntryPoint\",\"urlTemplate\":\"https:\/\/autobarbosa.com\/en\/?s={search_term_string}\"},\"query-input\":\"required name=search_term_string\"}],\"inLanguage\":\"en-US\"},{\"@type\":\"Organization\",\"@id\":\"https:\/\/autobarbosa.com\/en\/#organization\",\"name\":\"Auto Barbosa\",\"url\":\"https:\/\/autobarbosa.com\/en\/\",\"logo\":{\"@type\":\"ImageObject\",\"inLanguage\":\"en-US\",\"@id\":\"https:\/\/autobarbosa.com\/en\/#\/schema\/logo\/image\/\",\"url\":\"https:\/\/autobarbosa.com\/wp-content\/uploads\/2023\/03\/AUTO-BARBOSA-LOGO-1-e1678715539111.png\",\"contentUrl\":\"https:\/\/autobarbosa.com\/wp-content\/uploads\/2023\/03\/AUTO-BARBOSA-LOGO-1-e1678715539111.png\",\"width\":3233,\"height\":3233,\"caption\":\"Auto Barbosa\"},\"image\":{\"@id\":\"https:\/\/autobarbosa.com\/en\/#\/schema\/logo\/image\/\"},\"sameAs\":[\"https:\/\/www.facebook.com\/autobarbosaoficina\",\"https:\/\/www.instagram.com\/autobarbosa.oficina\/\"]}]}<\/script>\n<!-- \/ Yoast SEO plugin. -->","yoast_head_json":{"title":"CABO BATERIA PRETO 16 DIAM EXT. 9.5MM 95 AMP MAX (vendido mt) - Auto Barbosa","robots":{"index":"index","follow":"follow","max-snippet":"max-snippet:-1","max-image-preview":"max-image-preview:large","max-video-preview":"max-video-preview:-1"},"canonical":"https:\/\/autobarbosa.com\/en\/produto\/cabo-bateria-preto-16-diam-ext-9-5mm-95-amp-max-vendido-mt\/","og_locale":"en_US","og_type":"article","og_title":"CABO BATERIA PRETO 16 DIAM EXT. 9.5MM 95 AMP MAX (vendido mt) - Auto Barbosa","og_description":"Se\u00e7\u00e3o do cabo da bateria 16 mm\u00b2  Este cabo de alimenta\u00e7\u00e3o tem uma se\u00e7\u00e3o de 16 mm\u00b2 projetada para motores abaixo de 2,5 L. Ideal para todas as conex\u00f5es el\u00e9tricas, em particular entre a bateria e a partida. Feito na Fran\u00e7a. Alta qualidade.  Caracter\u00edsticas: - Amperagem m\u00e1xima: 95 A. - Di\u00e2metro externo: 9,5 mm. - Composi\u00e7\u00e3o: Cobre vermelho, composto por fios de 0,30 mm \/ Envelope de policloreto de vinila. - Temperaturas \u00f3timas de opera\u00e7\u00e3o: De -30\u00b0C a 85\u00b0C. Cores: Preto (negativo) ou vermelho (positivo). Vendido por metro.  Tamb\u00e9m dispon\u00edvel na se\u00e7\u00e3o de 25 mm\u00b2 para motores de 2,5 L e mais (ref. E1504).","og_url":"https:\/\/autobarbosa.com\/en\/produto\/cabo-bateria-preto-16-diam-ext-9-5mm-95-amp-max-vendido-mt\/","og_site_name":"Auto Barbosa","article_publisher":"https:\/\/www.facebook.com\/autobarbosaoficina","twitter_card":"summary_large_image","twitter_misc":{"Est. reading time":"1 minute"},"schema":{"@context":"https:\/\/schema.org","@graph":[{"@type":"WebPage","@id":"https:\/\/autobarbosa.com\/en\/produto\/cabo-bateria-preto-16-diam-ext-9-5mm-95-amp-max-vendido-mt\/","url":"https:\/\/autobarbosa.com\/en\/produto\/cabo-bateria-preto-16-diam-ext-9-5mm-95-amp-max-vendido-mt\/","name":"CABO BATERIA PRETO 16 DIAM EXT. 9.5MM 95 AMP MAX (vendido mt) - Auto Barbosa","isPartOf":{"@id":"https:\/\/autobarbosa.com\/en\/#website"},"datePublished":"2025-12-16T08:21:17+00:00","dateModified":"2025-12-16T08:21:17+00:00","breadcrumb":{"@id":"https:\/\/autobarbosa.com\/en\/produto\/cabo-bateria-preto-16-diam-ext-9-5mm-95-amp-max-vendido-mt\/#breadcrumb"},"inLanguage":"en-US","potentialAction":[{"@type":"ReadAction","target":["https:\/\/autobarbosa.com\/en\/produto\/cabo-bateria-preto-16-diam-ext-9-5mm-95-amp-max-vendido-mt\/"]}]},{"@type":"BreadcrumbList","@id":"https:\/\/autobarbosa.com\/en\/produto\/cabo-bateria-preto-16-diam-ext-9-5mm-95-amp-max-vendido-mt\/#breadcrumb","itemListElement":[{"@type":"ListItem","position":1,"name":"In\u00edcio","item":"https:\/\/autobarbosa.com\/en\/"},{"@type":"ListItem","position":2,"name":"Loja","item":"https:\/\/autobarbosa.com\/"},{"@type":"ListItem","position":3,"name":"CABO BATERIA PRETO 16 DIAM EXT. 9.5MM 95 AMP MAX (vendido mt)"}]},{"@type":"WebSite","@id":"https:\/\/autobarbosa.com\/en\/#website","url":"https:\/\/autobarbosa.com\/en\/","name":"Auto Barbosa","description":"Site institucional","publisher":{"@id":"https:\/\/autobarbosa.com\/en\/#organization"},"potentialAction":[{"@type":"SearchAction","target":{"@type":"EntryPoint","urlTemplate":"https:\/\/autobarbosa.com\/en\/?s={search_term_string}"},"query-input":"required name=search_term_string"}],"inLanguage":"en-US"},{"@type":"Organization","@id":"https:\/\/autobarbosa.com\/en\/#organization","name":"Auto Barbosa","url":"https:\/\/autobarbosa.com\/en\/","logo":{"@type":"ImageObject","inLanguage":"en-US","@id":"https:\/\/autobarbosa.com\/en\/#\/schema\/logo\/image\/","url":"https:\/\/autobarbosa.com\/wp-content\/uploads\/2023\/03\/AUTO-BARBOSA-LOGO-1-e1678715539111.png","contentUrl":"https:\/\/autobarbosa.com\/wp-content\/uploads\/2023\/03\/AUTO-BARBOSA-LOGO-1-e1678715539111.png","width":3233,"height":3233,"caption":"Auto Barbosa"},"image":{"@id":"https:\/\/autobarbosa.com\/en\/#\/schema\/logo\/image\/"},"sameAs":["https:\/\/www.facebook.com\/autobarbosaoficina","https:\/\/www.instagram.com\/autobarbosa.oficina\/"]}]}},"_links":{"self":[{"href":"https:\/\/autobarbosa.com\/en\/wp-json\/wp\/v3\/product\/22550","targetHints":{"allow":["GET"]}}],"collection":[{"href":"https:\/\/autobarbosa.com\/en\/wp-json\/wp\/v3\/product"}],"about":[{"href":"https:\/\/autobarbosa.com\/en\/wp-json\/wp\/v2\/types\/product"}],"wp:attachment":[{"href":"https:\/\/autobarbosa.com\/en\/wp-json\/wp\/v2\/media?parent=22550"}],"wp:term":[{"taxonomy":"product_cat","embeddable":true,"href":"https:\/\/autobarbosa.com\/en\/wp-json\/wp\/v2\/product_cat?post=22550"},{"taxonomy":"product_tag","embeddable":true,"href":"https:\/\/autobarbosa.com\/en\/wp-json\/wp\/v2\/product_tag?post=22550"},{"taxonomy":"marca","embeddable":true,"href":"https:\/\/autobarbosa.com\/en\/wp-json\/wp\/v2\/marca?post=22550"}],"curies":[{"name":"wp","href":"https:\/\/api.w.org\/{rel}","templated":true}]}}