{"id":22746,"date":"2025-12-16T07:22:15","date_gmt":"2025-12-16T08:22:15","guid":{"rendered":"https:\/\/autobarbosa.com\/produto\/jogo-palas-preto-50cm-x-30cm-x4-mm\/"},"modified":"2026-02-25T19:19:45","modified_gmt":"2026-02-25T20:19:45","slug":"jogo-palas-preto-50cm-x-30cm-x4-mm","status":"publish","type":"product","link":"https:\/\/autobarbosa.com\/en\/produto\/jogo-palas-preto-50cm-x-30cm-x4-mm\/","title":{"rendered":"JOGO DE PALAS PRETO 50CM X 30CM X4 MM"},"content":{"rendered":"<p>Jogo de palas 4 mm de espessura (par)<\/p>\n<p>Flex\u00edvel e resistente.<br \/>\nProteja o carro de pedras, cascalho e lama.<br \/>\nEsta vers\u00e3o de 4 mm est\u00e1 homologada para ralis que requerem flaps de prote\u00e7\u00e3o.<br \/>\nDimens\u00f5es: 500 x 300 mm.<br \/>\nMaterial: PVC<br \/>\nEspessura: 4 mm.<br \/>\nCores dispon\u00edveis: Preto, branco, azul ou vermelho.<br \/>\nEntregue aos pares, sem suporte.<\/p>\n","protected":false},"excerpt":{"rendered":"<p>Jogo de palas 4 mm de espessura (par)<\/p>\n<p>Flex\u00edvel e resistente.<br \/>\nProteja o carro de pedras, cascalho e lama.<br \/>\nEsta vers\u00e3o de 4 mm est\u00e1 homologada para ralis que requerem flaps de prote\u00e7\u00e3o.<br \/>\nDimens\u00f5es: 500 x 300 mm.<br \/>\nMaterial: PVC<br \/>\nEspessura: 4 mm.<br \/>\nCores dispon\u00edveis: Preto, branco, azul ou vermelho.<br \/>\nEntregue aos pares, sem suporte.<\/p>\n","protected":false},"featured_media":22742,"template":"","meta":[],"product_cat":[547],"product_tag":[],"marca":[143],"class_list":["post-22746","product","type-product","status-publish","has-post-thumbnail","hentry","product_cat-palas-de-roda","marca-oreca"],"yoast_head":"<!-- This site is optimized with the Yoast SEO plugin v20.5 - https:\/\/yoast.com\/wordpress\/plugins\/seo\/ -->\n<title>JOGO DE PALAS PRETO 50CM X 30CM X4 MM - Auto Barbosa<\/title>\n<meta name=\"robots\" content=\"index, follow, max-snippet:-1, max-image-preview:large, max-video-preview:-1\" \/>\n<link rel=\"canonical\" href=\"https:\/\/autobarbosa.com\/en\/produto\/jogo-palas-preto-50cm-x-30cm-x4-mm\/\" \/>\n<meta property=\"og:locale\" content=\"en_US\" \/>\n<meta property=\"og:type\" content=\"article\" \/>\n<meta property=\"og:title\" content=\"JOGO DE PALAS PRETO 50CM X 30CM X4 MM - Auto Barbosa\" \/>\n<meta property=\"og:description\" content=\"Jogo de palas 4 mm de espessura (par)  Flex\u00edvel e resistente. Proteja o carro de pedras, cascalho e lama. Esta vers\u00e3o de 4 mm est\u00e1 homologada para ralis que requerem flaps de prote\u00e7\u00e3o. Dimens\u00f5es: 500 x 300 mm. Material: PVC Espessura: 4 mm. Cores dispon\u00edveis: Preto, branco, azul ou vermelho. Entregue aos pares, sem suporte.\" \/>\n<meta property=\"og:url\" content=\"https:\/\/autobarbosa.com\/en\/produto\/jogo-palas-preto-50cm-x-30cm-x4-mm\/\" \/>\n<meta property=\"og:site_name\" content=\"Auto Barbosa\" \/>\n<meta property=\"article:publisher\" content=\"https:\/\/www.facebook.com\/autobarbosaoficina\" \/>\n<meta property=\"article:modified_time\" content=\"2026-02-25T20:19:45+00:00\" \/>\n<meta property=\"og:image\" content=\"https:\/\/autobarbosa.com\/wp-content\/uploads\/2025\/12\/ge994bl.png\" \/>\n\t<meta property=\"og:image:width\" content=\"694\" \/>\n\t<meta property=\"og:image:height\" content=\"630\" \/>\n\t<meta property=\"og:image:type\" content=\"image\/png\" \/>\n<meta name=\"twitter:card\" content=\"summary_large_image\" \/>\n<script type=\"application\/ld+json\" class=\"yoast-schema-graph\">{\"@context\":\"https:\/\/schema.org\",\"@graph\":[{\"@type\":\"WebPage\",\"@id\":\"https:\/\/autobarbosa.com\/en\/produto\/jogo-palas-preto-50cm-x-30cm-x4-mm\/\",\"url\":\"https:\/\/autobarbosa.com\/en\/produto\/jogo-palas-preto-50cm-x-30cm-x4-mm\/\",\"name\":\"JOGO DE PALAS PRETO 50CM X 30CM X4 MM - Auto Barbosa\",\"isPartOf\":{\"@id\":\"https:\/\/autobarbosa.com\/en\/#website\"},\"datePublished\":\"2025-12-16T08:22:15+00:00\",\"dateModified\":\"2026-02-25T20:19:45+00:00\",\"breadcrumb\":{\"@id\":\"https:\/\/autobarbosa.com\/en\/produto\/jogo-palas-preto-50cm-x-30cm-x4-mm\/#breadcrumb\"},\"inLanguage\":\"en-US\",\"potentialAction\":[{\"@type\":\"ReadAction\",\"target\":[\"https:\/\/autobarbosa.com\/en\/produto\/jogo-palas-preto-50cm-x-30cm-x4-mm\/\"]}]},{\"@type\":\"BreadcrumbList\",\"@id\":\"https:\/\/autobarbosa.com\/en\/produto\/jogo-palas-preto-50cm-x-30cm-x4-mm\/#breadcrumb\",\"itemListElement\":[{\"@type\":\"ListItem\",\"position\":1,\"name\":\"In\u00edcio\",\"item\":\"https:\/\/autobarbosa.com\/en\/\"},{\"@type\":\"ListItem\",\"position\":2,\"name\":\"Loja\",\"item\":\"https:\/\/autobarbosa.com\/\"},{\"@type\":\"ListItem\",\"position\":3,\"name\":\"JOGO DE PALAS PRETO 50CM X 30CM X4 MM\"}]},{\"@type\":\"WebSite\",\"@id\":\"https:\/\/autobarbosa.com\/en\/#website\",\"url\":\"https:\/\/autobarbosa.com\/en\/\",\"name\":\"Auto Barbosa\",\"description\":\"Site institucional\",\"publisher\":{\"@id\":\"https:\/\/autobarbosa.com\/en\/#organization\"},\"potentialAction\":[{\"@type\":\"SearchAction\",\"target\":{\"@type\":\"EntryPoint\",\"urlTemplate\":\"https:\/\/autobarbosa.com\/en\/?s={search_term_string}\"},\"query-input\":\"required name=search_term_string\"}],\"inLanguage\":\"en-US\"},{\"@type\":\"Organization\",\"@id\":\"https:\/\/autobarbosa.com\/en\/#organization\",\"name\":\"Auto Barbosa\",\"url\":\"https:\/\/autobarbosa.com\/en\/\",\"logo\":{\"@type\":\"ImageObject\",\"inLanguage\":\"en-US\",\"@id\":\"https:\/\/autobarbosa.com\/en\/#\/schema\/logo\/image\/\",\"url\":\"https:\/\/autobarbosa.com\/wp-content\/uploads\/2023\/03\/AUTO-BARBOSA-LOGO-1-e1678715539111.png\",\"contentUrl\":\"https:\/\/autobarbosa.com\/wp-content\/uploads\/2023\/03\/AUTO-BARBOSA-LOGO-1-e1678715539111.png\",\"width\":3233,\"height\":3233,\"caption\":\"Auto Barbosa\"},\"image\":{\"@id\":\"https:\/\/autobarbosa.com\/en\/#\/schema\/logo\/image\/\"},\"sameAs\":[\"https:\/\/www.facebook.com\/autobarbosaoficina\",\"https:\/\/www.instagram.com\/autobarbosa.oficina\/\"]}]}<\/script>\n<!-- \/ Yoast SEO plugin. -->","yoast_head_json":{"title":"JOGO DE PALAS PRETO 50CM X 30CM X4 MM - Auto Barbosa","robots":{"index":"index","follow":"follow","max-snippet":"max-snippet:-1","max-image-preview":"max-image-preview:large","max-video-preview":"max-video-preview:-1"},"canonical":"https:\/\/autobarbosa.com\/en\/produto\/jogo-palas-preto-50cm-x-30cm-x4-mm\/","og_locale":"en_US","og_type":"article","og_title":"JOGO DE PALAS PRETO 50CM X 30CM X4 MM - Auto Barbosa","og_description":"Jogo de palas 4 mm de espessura (par)  Flex\u00edvel e resistente. Proteja o carro de pedras, cascalho e lama. Esta vers\u00e3o de 4 mm est\u00e1 homologada para ralis que requerem flaps de prote\u00e7\u00e3o. Dimens\u00f5es: 500 x 300 mm. Material: PVC Espessura: 4 mm. Cores dispon\u00edveis: Preto, branco, azul ou vermelho. Entregue aos pares, sem suporte.","og_url":"https:\/\/autobarbosa.com\/en\/produto\/jogo-palas-preto-50cm-x-30cm-x4-mm\/","og_site_name":"Auto Barbosa","article_publisher":"https:\/\/www.facebook.com\/autobarbosaoficina","article_modified_time":"2026-02-25T20:19:45+00:00","og_image":[{"width":694,"height":630,"url":"https:\/\/autobarbosa.com\/wp-content\/uploads\/2025\/12\/ge994bl.png","type":"image\/png"}],"twitter_card":"summary_large_image","schema":{"@context":"https:\/\/schema.org","@graph":[{"@type":"WebPage","@id":"https:\/\/autobarbosa.com\/en\/produto\/jogo-palas-preto-50cm-x-30cm-x4-mm\/","url":"https:\/\/autobarbosa.com\/en\/produto\/jogo-palas-preto-50cm-x-30cm-x4-mm\/","name":"JOGO DE PALAS PRETO 50CM X 30CM X4 MM - Auto Barbosa","isPartOf":{"@id":"https:\/\/autobarbosa.com\/en\/#website"},"datePublished":"2025-12-16T08:22:15+00:00","dateModified":"2026-02-25T20:19:45+00:00","breadcrumb":{"@id":"https:\/\/autobarbosa.com\/en\/produto\/jogo-palas-preto-50cm-x-30cm-x4-mm\/#breadcrumb"},"inLanguage":"en-US","potentialAction":[{"@type":"ReadAction","target":["https:\/\/autobarbosa.com\/en\/produto\/jogo-palas-preto-50cm-x-30cm-x4-mm\/"]}]},{"@type":"BreadcrumbList","@id":"https:\/\/autobarbosa.com\/en\/produto\/jogo-palas-preto-50cm-x-30cm-x4-mm\/#breadcrumb","itemListElement":[{"@type":"ListItem","position":1,"name":"In\u00edcio","item":"https:\/\/autobarbosa.com\/en\/"},{"@type":"ListItem","position":2,"name":"Loja","item":"https:\/\/autobarbosa.com\/"},{"@type":"ListItem","position":3,"name":"JOGO DE PALAS PRETO 50CM X 30CM X4 MM"}]},{"@type":"WebSite","@id":"https:\/\/autobarbosa.com\/en\/#website","url":"https:\/\/autobarbosa.com\/en\/","name":"Auto Barbosa","description":"Site institucional","publisher":{"@id":"https:\/\/autobarbosa.com\/en\/#organization"},"potentialAction":[{"@type":"SearchAction","target":{"@type":"EntryPoint","urlTemplate":"https:\/\/autobarbosa.com\/en\/?s={search_term_string}"},"query-input":"required name=search_term_string"}],"inLanguage":"en-US"},{"@type":"Organization","@id":"https:\/\/autobarbosa.com\/en\/#organization","name":"Auto Barbosa","url":"https:\/\/autobarbosa.com\/en\/","logo":{"@type":"ImageObject","inLanguage":"en-US","@id":"https:\/\/autobarbosa.com\/en\/#\/schema\/logo\/image\/","url":"https:\/\/autobarbosa.com\/wp-content\/uploads\/2023\/03\/AUTO-BARBOSA-LOGO-1-e1678715539111.png","contentUrl":"https:\/\/autobarbosa.com\/wp-content\/uploads\/2023\/03\/AUTO-BARBOSA-LOGO-1-e1678715539111.png","width":3233,"height":3233,"caption":"Auto Barbosa"},"image":{"@id":"https:\/\/autobarbosa.com\/en\/#\/schema\/logo\/image\/"},"sameAs":["https:\/\/www.facebook.com\/autobarbosaoficina","https:\/\/www.instagram.com\/autobarbosa.oficina\/"]}]}},"_links":{"self":[{"href":"https:\/\/autobarbosa.com\/en\/wp-json\/wp\/v3\/product\/22746","targetHints":{"allow":["GET"]}}],"collection":[{"href":"https:\/\/autobarbosa.com\/en\/wp-json\/wp\/v3\/product"}],"about":[{"href":"https:\/\/autobarbosa.com\/en\/wp-json\/wp\/v2\/types\/product"}],"wp:featuredmedia":[{"embeddable":true,"href":"https:\/\/autobarbosa.com\/en\/wp-json\/wp\/v2\/media\/22742"}],"wp:attachment":[{"href":"https:\/\/autobarbosa.com\/en\/wp-json\/wp\/v2\/media?parent=22746"}],"wp:term":[{"taxonomy":"product_cat","embeddable":true,"href":"https:\/\/autobarbosa.com\/en\/wp-json\/wp\/v2\/product_cat?post=22746"},{"taxonomy":"product_tag","embeddable":true,"href":"https:\/\/autobarbosa.com\/en\/wp-json\/wp\/v2\/product_tag?post=22746"},{"taxonomy":"marca","embeddable":true,"href":"https:\/\/autobarbosa.com\/en\/wp-json\/wp\/v2\/marca?post=22746"}],"curies":[{"name":"wp","href":"https:\/\/api.w.org\/{rel}","templated":true}]}}