{"id":23370,"date":"2026-01-02T19:07:51","date_gmt":"2026-01-02T20:07:51","guid":{"rendered":"https:\/\/autobarbosa.com\/produto\/jante-speedline-corse-tipo-2120-65x16-4x108-et10-cb65-1-branco-sr1808aadw1aa\/"},"modified":"2026-01-02T19:07:51","modified_gmt":"2026-01-02T20:07:51","slug":"jante-speedline-corse-tipo-2120-65x16-4x108-et10-cb65-1-branco-sr1808aadw1aa","status":"publish","type":"product","link":"https:\/\/autobarbosa.com\/en\/produto\/jante-speedline-corse-tipo-2120-65x16-4x108-et10-cb65-1-branco-sr1808aadw1aa\/","title":{"rendered":"JANTE SPEEDLINE CORSE TIPO 2120 &#8211; 6,5&#215;16 4&#215;108 ET10 CB65.1 BRANCO &#8211;  SR1808AADW1AA"},"content":{"rendered":"<p>JANTE SPEEDLINE Corse Type 2120 6.5&#215;16 4&#215;108 ET10 CB65.1 Branca Brilhante.<\/p>\n<p>A SPEEDLINE, especialista na fabrica\u00e7\u00e3o de rodas de alum\u00ednio, demonstra um sucesso incompar\u00e1vel! A SPEEDLINE CORSE det\u00e9m atualmente 68 t\u00edtulos mundiais em F1, WRC, Super Touring e GT Racing, gra\u00e7as \u00e0 qualidade de suas rodas.<br \/>\nEstas rodas possuem certifica\u00e7\u00f5es ISO 9001, QS 9000 e EAQF94.<\/p>\n<p>Especifica\u00e7\u00f5es:<br \/>\n&#8211; Di\u00e2metro: 16 polegadas.<br \/>\n&#8211; Largura: 6,5 polegadas.<br \/>\n&#8211; Fura\u00e7\u00e3o: 4&#215;108.<br \/>\n&#8211; Offset (ET): 10.<br \/>\n&#8211; Di\u00e2metro do furo central: 65,1 mm.<\/p>\n<p>Adequado para:<br \/>\nPEUGEOT 106 1.6 101 cv Gasolina 1996 &#8211;<br \/>\nPEUGEOT 106 1.6 103 cv Gasolina 1994 &#8211; PEUGEOT 106 1.6 118 cv Gasolina<br \/>\n1996 &#8211; PEUGEOT 106 1.4 75 cv Gasolina 1991 &#8211; PEUGEOT 106 1.4 75 cv Gasolina 1996 &#8211; PEUGEOT 106 1.6 88 cv Gasolina 1993 &#8211; PEUGEOT 106 1.6 88 cv Gasolina 1996 &#8211; PEUGEOT 106 1.4 94 cv Gasolina 1991 &#8211; PEUGEOT 106 1.3 98 cv Gasolina 1991 &#8211; PEUGEOT 106 1.4 98 cv Gasolina 1991 &#8211; CITRO\u00cbN Saxo 1.6 118 cv Gasolina 1996 &#8211; CITRO\u00cbN Saxo 1.4 75 cv Gasolina 1996 &#8211; CITRO\u00cbN Saxo 1.6 88 cv Gasolina 1996 &#8211; CITRO\u00cbN Saxo 1.6 98 cv Gasolina 2000 &#8211; CITRO\u00cbN C2 1.6 109 cv Gasolina 2003 &#8211; CITRO\u00cbN C2 1.6 109 cv Diesel 2005 &#8211; CITRO\u00cbN C2 1.6 122 cv Gasolina 2004 &#8211; CITRO\u00cbN Xsara coup\u00e9 2.0 163 cv Gasolina 1997 &#8211; Se aplic\u00e1vel, a lista de ve\u00edculos compat\u00edveis \u00e9 fornecida apenas para fins de orienta\u00e7\u00e3o; verifique se as dimens\u00f5es desta jante s\u00e3o adequadas para a montagem no seu ve\u00edculo.<\/p>\n","protected":false},"excerpt":{"rendered":"<p>JANTE SPEEDLINE Corse Type 2120 6.5&#215;16 4&#215;108 ET10 CB65.1 Branca Brilhante.<\/p>\n<p>A SPEEDLINE, especialista na fabrica\u00e7\u00e3o de rodas de alum\u00ednio, demonstra um sucesso incompar\u00e1vel! A SPEEDLINE CORSE det\u00e9m atualmente 68 t\u00edtulos mundiais em F1, WRC, Super Touring e GT Racing, gra\u00e7as \u00e0 qualidade de suas rodas.<br \/>\nEstas rodas possuem certifica\u00e7\u00f5es ISO 9001, QS 9000 e EAQF94.<\/p>\n<p>Especifica\u00e7\u00f5es:<br \/>\n&#8211; Di\u00e2metro: 16 polegadas.<br \/>\n&#8211; Largura: 6,5 polegadas.<br \/>\n&#8211; Fura\u00e7\u00e3o: 4&#215;108.<br \/>\n&#8211; Offset (ET): 10.<br \/>\n&#8211; Di\u00e2metro do furo central: 65,1 mm.<\/p>\n<p>Adequado para:<br \/>\nPEUGEOT 106 1.6 101 cv Gasolina 1996 &#8211;<br \/>\nPEUGEOT 106 1.6 103 cv Gasolina 1994 &#8211; PEUGEOT 106 1.6 118 cv Gasolina<br \/>\n1996 &#8211; PEUGEOT 106 1.4 75 cv Gasolina 1991 &#8211; PEUGEOT 106 1.4 75 cv Gasolina 1996 &#8211; PEUGEOT 106 1.6 88 cv Gasolina 1993 &#8211; PEUGEOT 106 1.6 88 cv Gasolina 1996 &#8211; PEUGEOT 106 1.4 94 cv Gasolina 1991 &#8211; PEUGEOT 106 1.3 98 cv Gasolina 1991 &#8211; PEUGEOT 106 1.4 98 cv Gasolina 1991 &#8211; CITRO\u00cbN Saxo 1.6 118 cv Gasolina 1996 &#8211; CITRO\u00cbN Saxo 1.4 75 cv Gasolina 1996 &#8211; CITRO\u00cbN Saxo 1.6 88 cv Gasolina 1996 &#8211; CITRO\u00cbN Saxo 1.6 98 cv Gasolina 2000 &#8211; CITRO\u00cbN C2 1.6 109 cv Gasolina 2003 &#8211; CITRO\u00cbN C2 1.6 109 cv Diesel 2005 &#8211; CITRO\u00cbN C2 1.6 122 cv Gasolina 2004 &#8211; CITRO\u00cbN Xsara coup\u00e9 2.0 163 cv Gasolina 1997 &#8211; Se aplic\u00e1vel, a lista de ve\u00edculos compat\u00edveis \u00e9 fornecida apenas para fins de orienta\u00e7\u00e3o; verifique se as dimens\u00f5es desta jante s\u00e3o adequadas para a montagem no seu ve\u00edculo.<\/p>\n","protected":false},"featured_media":0,"template":"","meta":[],"product_cat":[920],"product_tag":[],"marca":[921],"class_list":["post-23370","product","type-product","status-publish","hentry","product_cat-jantes-jantes","marca-speedline"],"yoast_head":"<!-- This site is optimized with the Yoast SEO plugin v20.5 - https:\/\/yoast.com\/wordpress\/plugins\/seo\/ -->\n<title>JANTE SPEEDLINE CORSE TIPO 2120 - 6,5x16 4x108 ET10 CB65.1 BRANCO - SR1808AADW1AA - Auto Barbosa<\/title>\n<meta name=\"robots\" content=\"index, follow, max-snippet:-1, max-image-preview:large, max-video-preview:-1\" \/>\n<link rel=\"canonical\" href=\"https:\/\/autobarbosa.com\/en\/produto\/jante-speedline-corse-tipo-2120-65x16-4x108-et10-cb65-1-branco-sr1808aadw1aa\/\" \/>\n<meta property=\"og:locale\" content=\"en_US\" \/>\n<meta property=\"og:type\" content=\"article\" \/>\n<meta property=\"og:title\" content=\"JANTE SPEEDLINE CORSE TIPO 2120 - 6,5x16 4x108 ET10 CB65.1 BRANCO - SR1808AADW1AA - Auto Barbosa\" \/>\n<meta property=\"og:description\" content=\"JANTE SPEEDLINE Corse Type 2120 6.5x16 4x108 ET10 CB65.1 Branca Brilhante.   A SPEEDLINE, especialista na fabrica\u00e7\u00e3o de rodas de alum\u00ednio, demonstra um sucesso incompar\u00e1vel! A SPEEDLINE CORSE det\u00e9m atualmente 68 t\u00edtulos mundiais em F1, WRC, Super Touring e GT Racing, gra\u00e7as \u00e0 qualidade de suas rodas. Estas rodas possuem certifica\u00e7\u00f5es ISO 9001, QS 9000 e EAQF94.  Especifica\u00e7\u00f5es: - Di\u00e2metro: 16 polegadas. - Largura: 6,5 polegadas. - Fura\u00e7\u00e3o: 4x108. - Offset (ET): 10. - Di\u00e2metro do furo central: 65,1 mm.  Adequado para: PEUGEOT 106 1.6 101 cv Gasolina 1996 - PEUGEOT 106 1.6 103 cv Gasolina 1994 - PEUGEOT 106 1.6 118 cv Gasolina 1996 - PEUGEOT 106 1.4 75 cv Gasolina 1991 - PEUGEOT 106 1.4 75 cv Gasolina 1996 - PEUGEOT 106 1.6 88 cv Gasolina 1993 - PEUGEOT 106 1.6 88 cv Gasolina 1996 - PEUGEOT 106 1.4 94 cv Gasolina 1991 - PEUGEOT 106 1.3 98 cv Gasolina 1991 - PEUGEOT 106 1.4 98 cv Gasolina 1991 - CITRO\u00cbN Saxo 1.6 118 cv Gasolina 1996 - CITRO\u00cbN Saxo 1.4 75 cv Gasolina 1996 - CITRO\u00cbN Saxo 1.6 88 cv Gasolina 1996 - CITRO\u00cbN Saxo 1.6 98 cv Gasolina 2000 - CITRO\u00cbN C2 1.6 109 cv Gasolina 2003 - CITRO\u00cbN C2 1.6 109 cv Diesel 2005 - CITRO\u00cbN C2 1.6 122 cv Gasolina 2004 - CITRO\u00cbN Xsara coup\u00e9 2.0 163 cv Gasolina 1997 - Se aplic\u00e1vel, a lista de ve\u00edculos compat\u00edveis \u00e9 fornecida apenas para fins de orienta\u00e7\u00e3o; verifique se as dimens\u00f5es desta jante s\u00e3o adequadas para a montagem no seu ve\u00edculo.\" \/>\n<meta property=\"og:url\" content=\"https:\/\/autobarbosa.com\/en\/produto\/jante-speedline-corse-tipo-2120-65x16-4x108-et10-cb65-1-branco-sr1808aadw1aa\/\" \/>\n<meta property=\"og:site_name\" content=\"Auto Barbosa\" \/>\n<meta property=\"article:publisher\" content=\"https:\/\/www.facebook.com\/autobarbosaoficina\" \/>\n<meta name=\"twitter:card\" content=\"summary_large_image\" \/>\n<meta name=\"twitter:label1\" content=\"Est. reading time\" \/>\n\t<meta name=\"twitter:data1\" content=\"1 minute\" \/>\n<script type=\"application\/ld+json\" class=\"yoast-schema-graph\">{\"@context\":\"https:\/\/schema.org\",\"@graph\":[{\"@type\":\"WebPage\",\"@id\":\"https:\/\/autobarbosa.com\/en\/produto\/jante-speedline-corse-tipo-2120-65x16-4x108-et10-cb65-1-branco-sr1808aadw1aa\/\",\"url\":\"https:\/\/autobarbosa.com\/en\/produto\/jante-speedline-corse-tipo-2120-65x16-4x108-et10-cb65-1-branco-sr1808aadw1aa\/\",\"name\":\"JANTE SPEEDLINE CORSE TIPO 2120 - 6,5x16 4x108 ET10 CB65.1 BRANCO - SR1808AADW1AA - Auto Barbosa\",\"isPartOf\":{\"@id\":\"https:\/\/autobarbosa.com\/en\/#website\"},\"datePublished\":\"2026-01-02T20:07:51+00:00\",\"dateModified\":\"2026-01-02T20:07:51+00:00\",\"breadcrumb\":{\"@id\":\"https:\/\/autobarbosa.com\/en\/produto\/jante-speedline-corse-tipo-2120-65x16-4x108-et10-cb65-1-branco-sr1808aadw1aa\/#breadcrumb\"},\"inLanguage\":\"en-US\",\"potentialAction\":[{\"@type\":\"ReadAction\",\"target\":[\"https:\/\/autobarbosa.com\/en\/produto\/jante-speedline-corse-tipo-2120-65x16-4x108-et10-cb65-1-branco-sr1808aadw1aa\/\"]}]},{\"@type\":\"BreadcrumbList\",\"@id\":\"https:\/\/autobarbosa.com\/en\/produto\/jante-speedline-corse-tipo-2120-65x16-4x108-et10-cb65-1-branco-sr1808aadw1aa\/#breadcrumb\",\"itemListElement\":[{\"@type\":\"ListItem\",\"position\":1,\"name\":\"In\u00edcio\",\"item\":\"https:\/\/autobarbosa.com\/en\/\"},{\"@type\":\"ListItem\",\"position\":2,\"name\":\"Loja\",\"item\":\"https:\/\/autobarbosa.com\/\"},{\"@type\":\"ListItem\",\"position\":3,\"name\":\"JANTE SPEEDLINE CORSE TIPO 2120 &#8211; 6,5&#215;16 4&#215;108 ET10 CB65.1 BRANCO &#8211; SR1808AADW1AA\"}]},{\"@type\":\"WebSite\",\"@id\":\"https:\/\/autobarbosa.com\/en\/#website\",\"url\":\"https:\/\/autobarbosa.com\/en\/\",\"name\":\"Auto Barbosa\",\"description\":\"Site institucional\",\"publisher\":{\"@id\":\"https:\/\/autobarbosa.com\/en\/#organization\"},\"potentialAction\":[{\"@type\":\"SearchAction\",\"target\":{\"@type\":\"EntryPoint\",\"urlTemplate\":\"https:\/\/autobarbosa.com\/en\/?s={search_term_string}\"},\"query-input\":\"required name=search_term_string\"}],\"inLanguage\":\"en-US\"},{\"@type\":\"Organization\",\"@id\":\"https:\/\/autobarbosa.com\/en\/#organization\",\"name\":\"Auto Barbosa\",\"url\":\"https:\/\/autobarbosa.com\/en\/\",\"logo\":{\"@type\":\"ImageObject\",\"inLanguage\":\"en-US\",\"@id\":\"https:\/\/autobarbosa.com\/en\/#\/schema\/logo\/image\/\",\"url\":\"https:\/\/autobarbosa.com\/wp-content\/uploads\/2023\/03\/AUTO-BARBOSA-LOGO-1-e1678715539111.png\",\"contentUrl\":\"https:\/\/autobarbosa.com\/wp-content\/uploads\/2023\/03\/AUTO-BARBOSA-LOGO-1-e1678715539111.png\",\"width\":3233,\"height\":3233,\"caption\":\"Auto Barbosa\"},\"image\":{\"@id\":\"https:\/\/autobarbosa.com\/en\/#\/schema\/logo\/image\/\"},\"sameAs\":[\"https:\/\/www.facebook.com\/autobarbosaoficina\",\"https:\/\/www.instagram.com\/autobarbosa.oficina\/\"]}]}<\/script>\n<!-- \/ Yoast SEO plugin. -->","yoast_head_json":{"title":"JANTE SPEEDLINE CORSE TIPO 2120 - 6,5x16 4x108 ET10 CB65.1 BRANCO - SR1808AADW1AA - Auto Barbosa","robots":{"index":"index","follow":"follow","max-snippet":"max-snippet:-1","max-image-preview":"max-image-preview:large","max-video-preview":"max-video-preview:-1"},"canonical":"https:\/\/autobarbosa.com\/en\/produto\/jante-speedline-corse-tipo-2120-65x16-4x108-et10-cb65-1-branco-sr1808aadw1aa\/","og_locale":"en_US","og_type":"article","og_title":"JANTE SPEEDLINE CORSE TIPO 2120 - 6,5x16 4x108 ET10 CB65.1 BRANCO - SR1808AADW1AA - Auto Barbosa","og_description":"JANTE SPEEDLINE Corse Type 2120 6.5x16 4x108 ET10 CB65.1 Branca Brilhante.   A SPEEDLINE, especialista na fabrica\u00e7\u00e3o de rodas de alum\u00ednio, demonstra um sucesso incompar\u00e1vel! A SPEEDLINE CORSE det\u00e9m atualmente 68 t\u00edtulos mundiais em F1, WRC, Super Touring e GT Racing, gra\u00e7as \u00e0 qualidade de suas rodas. Estas rodas possuem certifica\u00e7\u00f5es ISO 9001, QS 9000 e EAQF94.  Especifica\u00e7\u00f5es: - Di\u00e2metro: 16 polegadas. - Largura: 6,5 polegadas. - Fura\u00e7\u00e3o: 4x108. - Offset (ET): 10. - Di\u00e2metro do furo central: 65,1 mm.  Adequado para: PEUGEOT 106 1.6 101 cv Gasolina 1996 - PEUGEOT 106 1.6 103 cv Gasolina 1994 - PEUGEOT 106 1.6 118 cv Gasolina 1996 - PEUGEOT 106 1.4 75 cv Gasolina 1991 - PEUGEOT 106 1.4 75 cv Gasolina 1996 - PEUGEOT 106 1.6 88 cv Gasolina 1993 - PEUGEOT 106 1.6 88 cv Gasolina 1996 - PEUGEOT 106 1.4 94 cv Gasolina 1991 - PEUGEOT 106 1.3 98 cv Gasolina 1991 - PEUGEOT 106 1.4 98 cv Gasolina 1991 - CITRO\u00cbN Saxo 1.6 118 cv Gasolina 1996 - CITRO\u00cbN Saxo 1.4 75 cv Gasolina 1996 - CITRO\u00cbN Saxo 1.6 88 cv Gasolina 1996 - CITRO\u00cbN Saxo 1.6 98 cv Gasolina 2000 - CITRO\u00cbN C2 1.6 109 cv Gasolina 2003 - CITRO\u00cbN C2 1.6 109 cv Diesel 2005 - CITRO\u00cbN C2 1.6 122 cv Gasolina 2004 - CITRO\u00cbN Xsara coup\u00e9 2.0 163 cv Gasolina 1997 - Se aplic\u00e1vel, a lista de ve\u00edculos compat\u00edveis \u00e9 fornecida apenas para fins de orienta\u00e7\u00e3o; verifique se as dimens\u00f5es desta jante s\u00e3o adequadas para a montagem no seu ve\u00edculo.","og_url":"https:\/\/autobarbosa.com\/en\/produto\/jante-speedline-corse-tipo-2120-65x16-4x108-et10-cb65-1-branco-sr1808aadw1aa\/","og_site_name":"Auto Barbosa","article_publisher":"https:\/\/www.facebook.com\/autobarbosaoficina","twitter_card":"summary_large_image","twitter_misc":{"Est. reading time":"1 minute"},"schema":{"@context":"https:\/\/schema.org","@graph":[{"@type":"WebPage","@id":"https:\/\/autobarbosa.com\/en\/produto\/jante-speedline-corse-tipo-2120-65x16-4x108-et10-cb65-1-branco-sr1808aadw1aa\/","url":"https:\/\/autobarbosa.com\/en\/produto\/jante-speedline-corse-tipo-2120-65x16-4x108-et10-cb65-1-branco-sr1808aadw1aa\/","name":"JANTE SPEEDLINE CORSE TIPO 2120 - 6,5x16 4x108 ET10 CB65.1 BRANCO - SR1808AADW1AA - Auto Barbosa","isPartOf":{"@id":"https:\/\/autobarbosa.com\/en\/#website"},"datePublished":"2026-01-02T20:07:51+00:00","dateModified":"2026-01-02T20:07:51+00:00","breadcrumb":{"@id":"https:\/\/autobarbosa.com\/en\/produto\/jante-speedline-corse-tipo-2120-65x16-4x108-et10-cb65-1-branco-sr1808aadw1aa\/#breadcrumb"},"inLanguage":"en-US","potentialAction":[{"@type":"ReadAction","target":["https:\/\/autobarbosa.com\/en\/produto\/jante-speedline-corse-tipo-2120-65x16-4x108-et10-cb65-1-branco-sr1808aadw1aa\/"]}]},{"@type":"BreadcrumbList","@id":"https:\/\/autobarbosa.com\/en\/produto\/jante-speedline-corse-tipo-2120-65x16-4x108-et10-cb65-1-branco-sr1808aadw1aa\/#breadcrumb","itemListElement":[{"@type":"ListItem","position":1,"name":"In\u00edcio","item":"https:\/\/autobarbosa.com\/en\/"},{"@type":"ListItem","position":2,"name":"Loja","item":"https:\/\/autobarbosa.com\/"},{"@type":"ListItem","position":3,"name":"JANTE SPEEDLINE CORSE TIPO 2120 &#8211; 6,5&#215;16 4&#215;108 ET10 CB65.1 BRANCO &#8211; SR1808AADW1AA"}]},{"@type":"WebSite","@id":"https:\/\/autobarbosa.com\/en\/#website","url":"https:\/\/autobarbosa.com\/en\/","name":"Auto Barbosa","description":"Site institucional","publisher":{"@id":"https:\/\/autobarbosa.com\/en\/#organization"},"potentialAction":[{"@type":"SearchAction","target":{"@type":"EntryPoint","urlTemplate":"https:\/\/autobarbosa.com\/en\/?s={search_term_string}"},"query-input":"required name=search_term_string"}],"inLanguage":"en-US"},{"@type":"Organization","@id":"https:\/\/autobarbosa.com\/en\/#organization","name":"Auto Barbosa","url":"https:\/\/autobarbosa.com\/en\/","logo":{"@type":"ImageObject","inLanguage":"en-US","@id":"https:\/\/autobarbosa.com\/en\/#\/schema\/logo\/image\/","url":"https:\/\/autobarbosa.com\/wp-content\/uploads\/2023\/03\/AUTO-BARBOSA-LOGO-1-e1678715539111.png","contentUrl":"https:\/\/autobarbosa.com\/wp-content\/uploads\/2023\/03\/AUTO-BARBOSA-LOGO-1-e1678715539111.png","width":3233,"height":3233,"caption":"Auto Barbosa"},"image":{"@id":"https:\/\/autobarbosa.com\/en\/#\/schema\/logo\/image\/"},"sameAs":["https:\/\/www.facebook.com\/autobarbosaoficina","https:\/\/www.instagram.com\/autobarbosa.oficina\/"]}]}},"_links":{"self":[{"href":"https:\/\/autobarbosa.com\/en\/wp-json\/wp\/v3\/product\/23370","targetHints":{"allow":["GET"]}}],"collection":[{"href":"https:\/\/autobarbosa.com\/en\/wp-json\/wp\/v3\/product"}],"about":[{"href":"https:\/\/autobarbosa.com\/en\/wp-json\/wp\/v2\/types\/product"}],"wp:attachment":[{"href":"https:\/\/autobarbosa.com\/en\/wp-json\/wp\/v2\/media?parent=23370"}],"wp:term":[{"taxonomy":"product_cat","embeddable":true,"href":"https:\/\/autobarbosa.com\/en\/wp-json\/wp\/v2\/product_cat?post=23370"},{"taxonomy":"product_tag","embeddable":true,"href":"https:\/\/autobarbosa.com\/en\/wp-json\/wp\/v2\/product_tag?post=23370"},{"taxonomy":"marca","embeddable":true,"href":"https:\/\/autobarbosa.com\/en\/wp-json\/wp\/v2\/marca?post=23370"}],"curies":[{"name":"wp","href":"https:\/\/api.w.org\/{rel}","templated":true}]}}