{"id":23548,"date":"2026-01-26T19:10:54","date_gmt":"2026-01-26T20:10:54","guid":{"rendered":"https:\/\/autobarbosa.com\/produto\/kit-de-extintor-automatico-omp-cesal-2-eletrico-4-5l-omp-ce0-sal2-a01-branco\/"},"modified":"2026-01-26T19:10:54","modified_gmt":"2026-01-26T20:10:54","slug":"kit-de-extintor-automatico-omp-cesal-2-eletrico-4-5l-omp-ce0-sal2-a01-branco","status":"publish","type":"product","link":"https:\/\/autobarbosa.com\/en\/produto\/kit-de-extintor-automatico-omp-cesal-2-eletrico-4-5l-omp-ce0-sal2-a01-branco\/","title":{"rendered":"KIT DE EXTINTOR AUTOMATICO OMP CESAL 2 ELETRICO 4.5L &#8211; OMP CE0-SAL2-A01 &#8211; BRANCO"},"content":{"rendered":"<p>Extintor de Inc\u00eandio El\u00e9trico Autom\u00e1tico Cesal2 4,5L em Alum\u00ednio.<\/p>\n<p>Com vasta experi\u00eancia acumulada ao longo dos anos, a OMP cuida diretamente da produ\u00e7\u00e3o e montagem de componentes de extintores de inc\u00eandio e sistemas de extin\u00e7\u00e3o, em conformidade com as mais rigorosas normas do automobilismo.<\/p>\n<p>Modelo: Cesal2<br \/>\nTipo: El\u00e9trico autom\u00e1tico<br \/>\nMaterial do tanque\/cilindro: Alum\u00ednio<br \/>\nCor do tanque\/cilindro: Branco<\/p>\n<p>Capacidade: 4,5 litros<br \/>\nObserva\u00e7\u00e3o: A unidade de medida utilizada (kg ou litro) depende do agente extintor usado no extintor.<br \/>\nPor exemplo, o p\u00f3 ABC ou Monnex \u00e9 medido em kg, enquanto o l\u00edquido AFFF ou o g\u00e1s Novec s\u00e3o medidos em litros.<br \/>\nExistem, no entanto, equival\u00eancias (extintor de 3 kg = 4,25 litros ou 2,25 kg = 2,8 litros, etc.).<\/p>\n<p>Agente extintor principal: Ecolife.<br \/>\nN\u00famero de bicos para o compartimento de passageiros: 1.<br \/>\nN\u00famero de bicos para o motor: 1.<\/p>\n<p>Peso: 6,2 kg.<br \/>\nDimens\u00f5es (comprimento): 315 mm.<br \/>\nDimens\u00f5es (di\u00e2metro): 160 mm.<\/p>\n<p>Uso frequente: Sedan.<br \/>\nHomologa\u00e7\u00e3o: FIA 2000 (Lista T\u00e9cnica n\u00ba 16).<\/p>\n<p>N\u00ba de homologa\u00e7\u00e3o: EX.008.00.<\/p>\n<p>Conte\u00fado:<br \/>\n1 caixa de controle, fia\u00e7\u00e3o, 1 bot\u00e3o de press\u00e3o, 2 mangueiras de 4 m x 8 mm, 6 difusores, 4 conex\u00f5es em T, 2 conex\u00f5es de 90\u00b0, 1 conex\u00e3o de 3 vias e 2 adesivos.<\/p>\n<p>Lembre-se de fazer a manuten\u00e7\u00e3o dos seus extintores de inc\u00eandio na Oreca!<br \/>\n\u00c9 obrigat\u00f3rio; os extintores de inc\u00eandio devem ser revisados \u200b\u200ba cada 2 anos durante 10 anos*. Um extintor de inc\u00eandio com mais de 10 anos \u00e9 considerado obsoleto e deve ser completamente substitu\u00eddo.<br \/>\nA Oreca \u00e9 homologada pela LIFELINE, OMP e SPARCO para recarga de extintores de inc\u00eandio (exceto modelos de p\u00f3 qu\u00edmico).<br \/>\nRecargas NOVEC est\u00e3o dispon\u00edveis somente mediante or\u00e7amento.<br \/>\n*Importante: O cilindro deve estar intacto e nas mesmas condi\u00e7\u00f5es de um produto novo.<\/p>\n","protected":false},"excerpt":{"rendered":"<p>Extintor de Inc\u00eandio El\u00e9trico Autom\u00e1tico Cesal2 4,5L em Alum\u00ednio.<\/p>\n<p>Com vasta experi\u00eancia acumulada ao longo dos anos, a OMP cuida diretamente da produ\u00e7\u00e3o e montagem de componentes de extintores de inc\u00eandio e sistemas de extin\u00e7\u00e3o, em conformidade com as mais rigorosas normas do automobilismo.<\/p>\n<p>Modelo: Cesal2<br \/>\nTipo: El\u00e9trico autom\u00e1tico<br \/>\nMaterial do tanque\/cilindro: Alum\u00ednio<br \/>\nCor do tanque\/cilindro: Branco<\/p>\n<p>Capacidade: 4,5 litros<br \/>\nObserva\u00e7\u00e3o: A unidade de medida utilizada (kg ou litro) depende do agente extintor usado no extintor.<br \/>\nPor exemplo, o p\u00f3 ABC ou Monnex \u00e9 medido em kg, enquanto o l\u00edquido AFFF ou o g\u00e1s Novec s\u00e3o medidos em litros.<br \/>\nExistem, no entanto, equival\u00eancias (extintor de 3 kg = 4,25 litros ou 2,25 kg = 2,8 litros, etc.).<\/p>\n<p>Agente extintor principal: Ecolife.<br \/>\nN\u00famero de bicos para o compartimento de passageiros: 1.<br \/>\nN\u00famero de bicos para o motor: 1.<\/p>\n<p>Peso: 6,2 kg.<br \/>\nDimens\u00f5es (comprimento): 315 mm.<br \/>\nDimens\u00f5es (di\u00e2metro): 160 mm.<\/p>\n<p>Uso frequente: Sedan.<br \/>\nHomologa\u00e7\u00e3o: FIA 2000 (Lista T\u00e9cnica n\u00ba 16).<\/p>\n<p>N\u00ba de homologa\u00e7\u00e3o: EX.008.00.<\/p>\n<p>Conte\u00fado:<br \/>\n1 caixa de controle, fia\u00e7\u00e3o, 1 bot\u00e3o de press\u00e3o, 2 mangueiras de 4 m x 8 mm, 6 difusores, 4 conex\u00f5es em T, 2 conex\u00f5es de 90\u00b0, 1 conex\u00e3o de 3 vias e 2 adesivos.<\/p>\n<p>Lembre-se de fazer a manuten\u00e7\u00e3o dos seus extintores de inc\u00eandio na Oreca!<br \/>\n\u00c9 obrigat\u00f3rio; os extintores de inc\u00eandio devem ser revisados \u200b\u200ba cada 2 anos durante 10 anos*. Um extintor de inc\u00eandio com mais de 10 anos \u00e9 considerado obsoleto e deve ser completamente substitu\u00eddo.<br \/>\nA Oreca \u00e9 homologada pela LIFELINE, OMP e SPARCO para recarga de extintores de inc\u00eandio (exceto modelos de p\u00f3 qu\u00edmico).<br \/>\nRecargas NOVEC est\u00e3o dispon\u00edveis somente mediante or\u00e7amento.<br \/>\n*Importante: O cilindro deve estar intacto e nas mesmas condi\u00e7\u00f5es de um produto novo.<\/p>\n","protected":false},"featured_media":0,"template":"","meta":[],"product_cat":[874],"product_tag":[],"marca":[171],"class_list":["post-23548","product","type-product","status-publish","hentry","product_cat-extintores-automaticos","marca-omp"],"yoast_head":"<!-- This site is optimized with the Yoast SEO plugin v20.5 - https:\/\/yoast.com\/wordpress\/plugins\/seo\/ -->\n<title>KIT DE EXTINTOR AUTOMATICO OMP CESAL 2 ELETRICO 4.5L - OMP CE0-SAL2-A01 - BRANCO - Auto Barbosa<\/title>\n<meta name=\"robots\" content=\"index, follow, max-snippet:-1, max-image-preview:large, max-video-preview:-1\" \/>\n<link rel=\"canonical\" href=\"https:\/\/autobarbosa.com\/en\/produto\/kit-de-extintor-automatico-omp-cesal-2-eletrico-4-5l-omp-ce0-sal2-a01-branco\/\" \/>\n<meta property=\"og:locale\" content=\"en_US\" \/>\n<meta property=\"og:type\" content=\"article\" \/>\n<meta property=\"og:title\" content=\"KIT DE EXTINTOR AUTOMATICO OMP CESAL 2 ELETRICO 4.5L - OMP CE0-SAL2-A01 - BRANCO - Auto Barbosa\" \/>\n<meta property=\"og:description\" content=\"Extintor de Inc\u00eandio El\u00e9trico Autom\u00e1tico Cesal2 4,5L em Alum\u00ednio.  Com vasta experi\u00eancia acumulada ao longo dos anos, a OMP cuida diretamente da produ\u00e7\u00e3o e montagem de componentes de extintores de inc\u00eandio e sistemas de extin\u00e7\u00e3o, em conformidade com as mais rigorosas normas do automobilismo.  Modelo: Cesal2 Tipo: El\u00e9trico autom\u00e1tico Material do tanque\/cilindro: Alum\u00ednio Cor do tanque\/cilindro: Branco  Capacidade: 4,5 litros Observa\u00e7\u00e3o: A unidade de medida utilizada (kg ou litro) depende do agente extintor usado no extintor. Por exemplo, o p\u00f3 ABC ou Monnex \u00e9 medido em kg, enquanto o l\u00edquido AFFF ou o g\u00e1s Novec s\u00e3o medidos em litros. Existem, no entanto, equival\u00eancias (extintor de 3 kg = 4,25 litros ou 2,25 kg = 2,8 litros, etc.).  Agente extintor principal: Ecolife. N\u00famero de bicos para o compartimento de passageiros: 1. N\u00famero de bicos para o motor: 1.  Peso: 6,2 kg. Dimens\u00f5es (comprimento): 315 mm. Dimens\u00f5es (di\u00e2metro): 160 mm.  Uso frequente: Sedan. Homologa\u00e7\u00e3o: FIA 2000 (Lista T\u00e9cnica n\u00ba 16).  N\u00ba de homologa\u00e7\u00e3o: EX.008.00.  Conte\u00fado: 1 caixa de controle, fia\u00e7\u00e3o, 1 bot\u00e3o de press\u00e3o, 2 mangueiras de 4 m x 8 mm, 6 difusores, 4 conex\u00f5es em T, 2 conex\u00f5es de 90\u00b0, 1 conex\u00e3o de 3 vias e 2 adesivos.  Lembre-se de fazer a manuten\u00e7\u00e3o dos seus extintores de inc\u00eandio na Oreca! \u00c9 obrigat\u00f3rio; os extintores de inc\u00eandio devem ser revisados \u200b\u200ba cada 2 anos durante 10 anos*. Um extintor de inc\u00eandio com mais de 10 anos \u00e9 considerado obsoleto e deve ser completamente substitu\u00eddo. A Oreca \u00e9 homologada pela LIFELINE, OMP e SPARCO para recarga de extintores de inc\u00eandio (exceto modelos de p\u00f3 qu\u00edmico). Recargas NOVEC est\u00e3o dispon\u00edveis somente mediante or\u00e7amento. *Importante: O cilindro deve estar intacto e nas mesmas condi\u00e7\u00f5es de um produto novo.\" \/>\n<meta property=\"og:url\" content=\"https:\/\/autobarbosa.com\/en\/produto\/kit-de-extintor-automatico-omp-cesal-2-eletrico-4-5l-omp-ce0-sal2-a01-branco\/\" \/>\n<meta property=\"og:site_name\" content=\"Auto Barbosa\" \/>\n<meta property=\"article:publisher\" content=\"https:\/\/www.facebook.com\/autobarbosaoficina\" \/>\n<meta name=\"twitter:card\" content=\"summary_large_image\" \/>\n<meta name=\"twitter:label1\" content=\"Est. reading time\" \/>\n\t<meta name=\"twitter:data1\" content=\"1 minute\" \/>\n<script type=\"application\/ld+json\" class=\"yoast-schema-graph\">{\"@context\":\"https:\/\/schema.org\",\"@graph\":[{\"@type\":\"WebPage\",\"@id\":\"https:\/\/autobarbosa.com\/en\/produto\/kit-de-extintor-automatico-omp-cesal-2-eletrico-4-5l-omp-ce0-sal2-a01-branco\/\",\"url\":\"https:\/\/autobarbosa.com\/en\/produto\/kit-de-extintor-automatico-omp-cesal-2-eletrico-4-5l-omp-ce0-sal2-a01-branco\/\",\"name\":\"KIT DE EXTINTOR AUTOMATICO OMP CESAL 2 ELETRICO 4.5L - OMP CE0-SAL2-A01 - BRANCO - Auto Barbosa\",\"isPartOf\":{\"@id\":\"https:\/\/autobarbosa.com\/en\/#website\"},\"datePublished\":\"2026-01-26T20:10:54+00:00\",\"dateModified\":\"2026-01-26T20:10:54+00:00\",\"breadcrumb\":{\"@id\":\"https:\/\/autobarbosa.com\/en\/produto\/kit-de-extintor-automatico-omp-cesal-2-eletrico-4-5l-omp-ce0-sal2-a01-branco\/#breadcrumb\"},\"inLanguage\":\"en-US\",\"potentialAction\":[{\"@type\":\"ReadAction\",\"target\":[\"https:\/\/autobarbosa.com\/en\/produto\/kit-de-extintor-automatico-omp-cesal-2-eletrico-4-5l-omp-ce0-sal2-a01-branco\/\"]}]},{\"@type\":\"BreadcrumbList\",\"@id\":\"https:\/\/autobarbosa.com\/en\/produto\/kit-de-extintor-automatico-omp-cesal-2-eletrico-4-5l-omp-ce0-sal2-a01-branco\/#breadcrumb\",\"itemListElement\":[{\"@type\":\"ListItem\",\"position\":1,\"name\":\"In\u00edcio\",\"item\":\"https:\/\/autobarbosa.com\/en\/\"},{\"@type\":\"ListItem\",\"position\":2,\"name\":\"Loja\",\"item\":\"https:\/\/autobarbosa.com\/\"},{\"@type\":\"ListItem\",\"position\":3,\"name\":\"KIT DE EXTINTOR AUTOMATICO OMP CESAL 2 ELETRICO 4.5L &#8211; OMP CE0-SAL2-A01 &#8211; BRANCO\"}]},{\"@type\":\"WebSite\",\"@id\":\"https:\/\/autobarbosa.com\/en\/#website\",\"url\":\"https:\/\/autobarbosa.com\/en\/\",\"name\":\"Auto Barbosa\",\"description\":\"Site institucional\",\"publisher\":{\"@id\":\"https:\/\/autobarbosa.com\/en\/#organization\"},\"potentialAction\":[{\"@type\":\"SearchAction\",\"target\":{\"@type\":\"EntryPoint\",\"urlTemplate\":\"https:\/\/autobarbosa.com\/en\/?s={search_term_string}\"},\"query-input\":\"required name=search_term_string\"}],\"inLanguage\":\"en-US\"},{\"@type\":\"Organization\",\"@id\":\"https:\/\/autobarbosa.com\/en\/#organization\",\"name\":\"Auto Barbosa\",\"url\":\"https:\/\/autobarbosa.com\/en\/\",\"logo\":{\"@type\":\"ImageObject\",\"inLanguage\":\"en-US\",\"@id\":\"https:\/\/autobarbosa.com\/en\/#\/schema\/logo\/image\/\",\"url\":\"https:\/\/autobarbosa.com\/wp-content\/uploads\/2023\/03\/AUTO-BARBOSA-LOGO-1-e1678715539111.png\",\"contentUrl\":\"https:\/\/autobarbosa.com\/wp-content\/uploads\/2023\/03\/AUTO-BARBOSA-LOGO-1-e1678715539111.png\",\"width\":3233,\"height\":3233,\"caption\":\"Auto Barbosa\"},\"image\":{\"@id\":\"https:\/\/autobarbosa.com\/en\/#\/schema\/logo\/image\/\"},\"sameAs\":[\"https:\/\/www.facebook.com\/autobarbosaoficina\",\"https:\/\/www.instagram.com\/autobarbosa.oficina\/\"]}]}<\/script>\n<!-- \/ Yoast SEO plugin. -->","yoast_head_json":{"title":"KIT DE EXTINTOR AUTOMATICO OMP CESAL 2 ELETRICO 4.5L - OMP CE0-SAL2-A01 - BRANCO - Auto Barbosa","robots":{"index":"index","follow":"follow","max-snippet":"max-snippet:-1","max-image-preview":"max-image-preview:large","max-video-preview":"max-video-preview:-1"},"canonical":"https:\/\/autobarbosa.com\/en\/produto\/kit-de-extintor-automatico-omp-cesal-2-eletrico-4-5l-omp-ce0-sal2-a01-branco\/","og_locale":"en_US","og_type":"article","og_title":"KIT DE EXTINTOR AUTOMATICO OMP CESAL 2 ELETRICO 4.5L - OMP CE0-SAL2-A01 - BRANCO - Auto Barbosa","og_description":"Extintor de Inc\u00eandio El\u00e9trico Autom\u00e1tico Cesal2 4,5L em Alum\u00ednio.  Com vasta experi\u00eancia acumulada ao longo dos anos, a OMP cuida diretamente da produ\u00e7\u00e3o e montagem de componentes de extintores de inc\u00eandio e sistemas de extin\u00e7\u00e3o, em conformidade com as mais rigorosas normas do automobilismo.  Modelo: Cesal2 Tipo: El\u00e9trico autom\u00e1tico Material do tanque\/cilindro: Alum\u00ednio Cor do tanque\/cilindro: Branco  Capacidade: 4,5 litros Observa\u00e7\u00e3o: A unidade de medida utilizada (kg ou litro) depende do agente extintor usado no extintor. Por exemplo, o p\u00f3 ABC ou Monnex \u00e9 medido em kg, enquanto o l\u00edquido AFFF ou o g\u00e1s Novec s\u00e3o medidos em litros. Existem, no entanto, equival\u00eancias (extintor de 3 kg = 4,25 litros ou 2,25 kg = 2,8 litros, etc.).  Agente extintor principal: Ecolife. N\u00famero de bicos para o compartimento de passageiros: 1. N\u00famero de bicos para o motor: 1.  Peso: 6,2 kg. Dimens\u00f5es (comprimento): 315 mm. Dimens\u00f5es (di\u00e2metro): 160 mm.  Uso frequente: Sedan. Homologa\u00e7\u00e3o: FIA 2000 (Lista T\u00e9cnica n\u00ba 16).  N\u00ba de homologa\u00e7\u00e3o: EX.008.00.  Conte\u00fado: 1 caixa de controle, fia\u00e7\u00e3o, 1 bot\u00e3o de press\u00e3o, 2 mangueiras de 4 m x 8 mm, 6 difusores, 4 conex\u00f5es em T, 2 conex\u00f5es de 90\u00b0, 1 conex\u00e3o de 3 vias e 2 adesivos.  Lembre-se de fazer a manuten\u00e7\u00e3o dos seus extintores de inc\u00eandio na Oreca! \u00c9 obrigat\u00f3rio; os extintores de inc\u00eandio devem ser revisados \u200b\u200ba cada 2 anos durante 10 anos*. Um extintor de inc\u00eandio com mais de 10 anos \u00e9 considerado obsoleto e deve ser completamente substitu\u00eddo. A Oreca \u00e9 homologada pela LIFELINE, OMP e SPARCO para recarga de extintores de inc\u00eandio (exceto modelos de p\u00f3 qu\u00edmico). Recargas NOVEC est\u00e3o dispon\u00edveis somente mediante or\u00e7amento. *Importante: O cilindro deve estar intacto e nas mesmas condi\u00e7\u00f5es de um produto novo.","og_url":"https:\/\/autobarbosa.com\/en\/produto\/kit-de-extintor-automatico-omp-cesal-2-eletrico-4-5l-omp-ce0-sal2-a01-branco\/","og_site_name":"Auto Barbosa","article_publisher":"https:\/\/www.facebook.com\/autobarbosaoficina","twitter_card":"summary_large_image","twitter_misc":{"Est. reading time":"1 minute"},"schema":{"@context":"https:\/\/schema.org","@graph":[{"@type":"WebPage","@id":"https:\/\/autobarbosa.com\/en\/produto\/kit-de-extintor-automatico-omp-cesal-2-eletrico-4-5l-omp-ce0-sal2-a01-branco\/","url":"https:\/\/autobarbosa.com\/en\/produto\/kit-de-extintor-automatico-omp-cesal-2-eletrico-4-5l-omp-ce0-sal2-a01-branco\/","name":"KIT DE EXTINTOR AUTOMATICO OMP CESAL 2 ELETRICO 4.5L - OMP CE0-SAL2-A01 - BRANCO - Auto Barbosa","isPartOf":{"@id":"https:\/\/autobarbosa.com\/en\/#website"},"datePublished":"2026-01-26T20:10:54+00:00","dateModified":"2026-01-26T20:10:54+00:00","breadcrumb":{"@id":"https:\/\/autobarbosa.com\/en\/produto\/kit-de-extintor-automatico-omp-cesal-2-eletrico-4-5l-omp-ce0-sal2-a01-branco\/#breadcrumb"},"inLanguage":"en-US","potentialAction":[{"@type":"ReadAction","target":["https:\/\/autobarbosa.com\/en\/produto\/kit-de-extintor-automatico-omp-cesal-2-eletrico-4-5l-omp-ce0-sal2-a01-branco\/"]}]},{"@type":"BreadcrumbList","@id":"https:\/\/autobarbosa.com\/en\/produto\/kit-de-extintor-automatico-omp-cesal-2-eletrico-4-5l-omp-ce0-sal2-a01-branco\/#breadcrumb","itemListElement":[{"@type":"ListItem","position":1,"name":"In\u00edcio","item":"https:\/\/autobarbosa.com\/en\/"},{"@type":"ListItem","position":2,"name":"Loja","item":"https:\/\/autobarbosa.com\/"},{"@type":"ListItem","position":3,"name":"KIT DE EXTINTOR AUTOMATICO OMP CESAL 2 ELETRICO 4.5L &#8211; OMP CE0-SAL2-A01 &#8211; BRANCO"}]},{"@type":"WebSite","@id":"https:\/\/autobarbosa.com\/en\/#website","url":"https:\/\/autobarbosa.com\/en\/","name":"Auto Barbosa","description":"Site institucional","publisher":{"@id":"https:\/\/autobarbosa.com\/en\/#organization"},"potentialAction":[{"@type":"SearchAction","target":{"@type":"EntryPoint","urlTemplate":"https:\/\/autobarbosa.com\/en\/?s={search_term_string}"},"query-input":"required name=search_term_string"}],"inLanguage":"en-US"},{"@type":"Organization","@id":"https:\/\/autobarbosa.com\/en\/#organization","name":"Auto Barbosa","url":"https:\/\/autobarbosa.com\/en\/","logo":{"@type":"ImageObject","inLanguage":"en-US","@id":"https:\/\/autobarbosa.com\/en\/#\/schema\/logo\/image\/","url":"https:\/\/autobarbosa.com\/wp-content\/uploads\/2023\/03\/AUTO-BARBOSA-LOGO-1-e1678715539111.png","contentUrl":"https:\/\/autobarbosa.com\/wp-content\/uploads\/2023\/03\/AUTO-BARBOSA-LOGO-1-e1678715539111.png","width":3233,"height":3233,"caption":"Auto Barbosa"},"image":{"@id":"https:\/\/autobarbosa.com\/en\/#\/schema\/logo\/image\/"},"sameAs":["https:\/\/www.facebook.com\/autobarbosaoficina","https:\/\/www.instagram.com\/autobarbosa.oficina\/"]}]}},"_links":{"self":[{"href":"https:\/\/autobarbosa.com\/en\/wp-json\/wp\/v3\/product\/23548","targetHints":{"allow":["GET"]}}],"collection":[{"href":"https:\/\/autobarbosa.com\/en\/wp-json\/wp\/v3\/product"}],"about":[{"href":"https:\/\/autobarbosa.com\/en\/wp-json\/wp\/v2\/types\/product"}],"wp:attachment":[{"href":"https:\/\/autobarbosa.com\/en\/wp-json\/wp\/v2\/media?parent=23548"}],"wp:term":[{"taxonomy":"product_cat","embeddable":true,"href":"https:\/\/autobarbosa.com\/en\/wp-json\/wp\/v2\/product_cat?post=23548"},{"taxonomy":"product_tag","embeddable":true,"href":"https:\/\/autobarbosa.com\/en\/wp-json\/wp\/v2\/product_tag?post=23548"},{"taxonomy":"marca","embeddable":true,"href":"https:\/\/autobarbosa.com\/en\/wp-json\/wp\/v2\/marca?post=23548"}],"curies":[{"name":"wp","href":"https:\/\/api.w.org\/{rel}","templated":true}]}}