{"id":23764,"date":"2026-02-11T19:17:03","date_gmt":"2026-02-11T20:17:03","guid":{"rendered":"https:\/\/autobarbosa.com\/produto\/cintos-sparco-fia-competition-h-2-pu-aco-6pt-aco-fia-8853-2016\/"},"modified":"2026-02-11T19:17:03","modified_gmt":"2026-02-11T20:17:03","slug":"cintos-sparco-fia-competition-h-2-pu-aco-6pt-aco-fia-8853-2016","status":"publish","type":"product","link":"https:\/\/autobarbosa.com\/en\/produto\/cintos-sparco-fia-competition-h-2-pu-aco-6pt-aco-fia-8853-2016\/","title":{"rendered":"CINTOS SPARCO FIA COMPETITION H-2 PU &#8211; A\u00c7O &#8211; 6PT &#8211; A\u00c7O &#8211; FIA 8853-2016."},"content":{"rendered":"<p>Cinto de seguran\u00e7a SPARCO FIA COMPETITION H-2 PU Steel 6PT<\/p>\n<p>\u2022 Cinto de 6 pontos.<br \/>\n\u2022 Fivela de alum\u00ednio.<br \/>\n\u2022 Ajuste abdominal com aba integrada.<br \/>\n\u2022 Correias de 7,6 cm (3 polegadas) com ajustador de a\u00e7o.<br \/>\n\u2022 Fecho de press\u00e3o em todas as correias.<\/p>\n<p>Homologa\u00e7\u00e3o: FIA 8853-2016.<br \/>\nCores dispon\u00edveis: Azul \/ Preto \/ Vermelho.<\/p>\n","protected":false},"excerpt":{"rendered":"<p>Cinto de seguran\u00e7a SPARCO FIA COMPETITION H-2 PU Steel 6PT<\/p>\n<p>\u2022 Cinto de 6 pontos.<br \/>\n\u2022 Fivela de alum\u00ednio.<br \/>\n\u2022 Ajuste abdominal com aba integrada.<br \/>\n\u2022 Correias de 7,6 cm (3 polegadas) com ajustador de a\u00e7o.<br \/>\n\u2022 Fecho de press\u00e3o em todas as correias.<\/p>\n<p>Homologa\u00e7\u00e3o: FIA 8853-2016.<br \/>\nCores dispon\u00edveis: Azul \/ Preto \/ Vermelho.<\/p>\n","protected":false},"featured_media":0,"template":"","meta":[],"product_cat":[535],"product_tag":[],"marca":[172],"class_list":["post-23764","product","type-product","status-publish","hentry","product_cat-cintos","marca-sparco"],"yoast_head":"<!-- This site is optimized with the Yoast SEO plugin v20.5 - https:\/\/yoast.com\/wordpress\/plugins\/seo\/ -->\n<title>CINTOS SPARCO FIA COMPETITION H-2 PU - A\u00c7O - 6PT - A\u00c7O - FIA 8853-2016. - Auto Barbosa<\/title>\n<meta name=\"robots\" content=\"index, follow, max-snippet:-1, max-image-preview:large, max-video-preview:-1\" \/>\n<link rel=\"canonical\" href=\"https:\/\/autobarbosa.com\/en\/produto\/cintos-sparco-fia-competition-h-2-pu-aco-6pt-aco-fia-8853-2016\/\" \/>\n<meta property=\"og:locale\" content=\"en_US\" \/>\n<meta property=\"og:type\" content=\"article\" \/>\n<meta property=\"og:title\" content=\"CINTOS SPARCO FIA COMPETITION H-2 PU - A\u00c7O - 6PT - A\u00c7O - FIA 8853-2016. - Auto Barbosa\" \/>\n<meta property=\"og:description\" content=\"Cinto de seguran\u00e7a SPARCO FIA COMPETITION H-2 PU Steel 6PT  \u2022 Cinto de 6 pontos. \u2022 Fivela de alum\u00ednio. \u2022 Ajuste abdominal com aba integrada. \u2022 Correias de 7,6 cm (3 polegadas) com ajustador de a\u00e7o. \u2022 Fecho de press\u00e3o em todas as correias.  Homologa\u00e7\u00e3o: FIA 8853-2016. Cores dispon\u00edveis: Azul \/ Preto \/ Vermelho.\" \/>\n<meta property=\"og:url\" content=\"https:\/\/autobarbosa.com\/en\/produto\/cintos-sparco-fia-competition-h-2-pu-aco-6pt-aco-fia-8853-2016\/\" \/>\n<meta property=\"og:site_name\" content=\"Auto Barbosa\" \/>\n<meta property=\"article:publisher\" content=\"https:\/\/www.facebook.com\/autobarbosaoficina\" \/>\n<meta name=\"twitter:card\" content=\"summary_large_image\" \/>\n<script type=\"application\/ld+json\" class=\"yoast-schema-graph\">{\"@context\":\"https:\/\/schema.org\",\"@graph\":[{\"@type\":\"WebPage\",\"@id\":\"https:\/\/autobarbosa.com\/en\/produto\/cintos-sparco-fia-competition-h-2-pu-aco-6pt-aco-fia-8853-2016\/\",\"url\":\"https:\/\/autobarbosa.com\/en\/produto\/cintos-sparco-fia-competition-h-2-pu-aco-6pt-aco-fia-8853-2016\/\",\"name\":\"CINTOS SPARCO FIA COMPETITION H-2 PU - A\u00c7O - 6PT - A\u00c7O - FIA 8853-2016. - Auto Barbosa\",\"isPartOf\":{\"@id\":\"https:\/\/autobarbosa.com\/en\/#website\"},\"datePublished\":\"2026-02-11T20:17:03+00:00\",\"dateModified\":\"2026-02-11T20:17:03+00:00\",\"breadcrumb\":{\"@id\":\"https:\/\/autobarbosa.com\/en\/produto\/cintos-sparco-fia-competition-h-2-pu-aco-6pt-aco-fia-8853-2016\/#breadcrumb\"},\"inLanguage\":\"en-US\",\"potentialAction\":[{\"@type\":\"ReadAction\",\"target\":[\"https:\/\/autobarbosa.com\/en\/produto\/cintos-sparco-fia-competition-h-2-pu-aco-6pt-aco-fia-8853-2016\/\"]}]},{\"@type\":\"BreadcrumbList\",\"@id\":\"https:\/\/autobarbosa.com\/en\/produto\/cintos-sparco-fia-competition-h-2-pu-aco-6pt-aco-fia-8853-2016\/#breadcrumb\",\"itemListElement\":[{\"@type\":\"ListItem\",\"position\":1,\"name\":\"In\u00edcio\",\"item\":\"https:\/\/autobarbosa.com\/en\/\"},{\"@type\":\"ListItem\",\"position\":2,\"name\":\"Loja\",\"item\":\"https:\/\/autobarbosa.com\/\"},{\"@type\":\"ListItem\",\"position\":3,\"name\":\"CINTOS SPARCO FIA COMPETITION H-2 PU &#8211; A\u00c7O &#8211; 6PT &#8211; A\u00c7O &#8211; FIA 8853-2016.\"}]},{\"@type\":\"WebSite\",\"@id\":\"https:\/\/autobarbosa.com\/en\/#website\",\"url\":\"https:\/\/autobarbosa.com\/en\/\",\"name\":\"Auto Barbosa\",\"description\":\"Site institucional\",\"publisher\":{\"@id\":\"https:\/\/autobarbosa.com\/en\/#organization\"},\"potentialAction\":[{\"@type\":\"SearchAction\",\"target\":{\"@type\":\"EntryPoint\",\"urlTemplate\":\"https:\/\/autobarbosa.com\/en\/?s={search_term_string}\"},\"query-input\":\"required name=search_term_string\"}],\"inLanguage\":\"en-US\"},{\"@type\":\"Organization\",\"@id\":\"https:\/\/autobarbosa.com\/en\/#organization\",\"name\":\"Auto Barbosa\",\"url\":\"https:\/\/autobarbosa.com\/en\/\",\"logo\":{\"@type\":\"ImageObject\",\"inLanguage\":\"en-US\",\"@id\":\"https:\/\/autobarbosa.com\/en\/#\/schema\/logo\/image\/\",\"url\":\"https:\/\/autobarbosa.com\/wp-content\/uploads\/2023\/03\/AUTO-BARBOSA-LOGO-1-e1678715539111.png\",\"contentUrl\":\"https:\/\/autobarbosa.com\/wp-content\/uploads\/2023\/03\/AUTO-BARBOSA-LOGO-1-e1678715539111.png\",\"width\":3233,\"height\":3233,\"caption\":\"Auto Barbosa\"},\"image\":{\"@id\":\"https:\/\/autobarbosa.com\/en\/#\/schema\/logo\/image\/\"},\"sameAs\":[\"https:\/\/www.facebook.com\/autobarbosaoficina\",\"https:\/\/www.instagram.com\/autobarbosa.oficina\/\"]}]}<\/script>\n<!-- \/ Yoast SEO plugin. -->","yoast_head_json":{"title":"CINTOS SPARCO FIA COMPETITION H-2 PU - A\u00c7O - 6PT - A\u00c7O - FIA 8853-2016. - Auto Barbosa","robots":{"index":"index","follow":"follow","max-snippet":"max-snippet:-1","max-image-preview":"max-image-preview:large","max-video-preview":"max-video-preview:-1"},"canonical":"https:\/\/autobarbosa.com\/en\/produto\/cintos-sparco-fia-competition-h-2-pu-aco-6pt-aco-fia-8853-2016\/","og_locale":"en_US","og_type":"article","og_title":"CINTOS SPARCO FIA COMPETITION H-2 PU - A\u00c7O - 6PT - A\u00c7O - FIA 8853-2016. - Auto Barbosa","og_description":"Cinto de seguran\u00e7a SPARCO FIA COMPETITION H-2 PU Steel 6PT  \u2022 Cinto de 6 pontos. \u2022 Fivela de alum\u00ednio. \u2022 Ajuste abdominal com aba integrada. \u2022 Correias de 7,6 cm (3 polegadas) com ajustador de a\u00e7o. \u2022 Fecho de press\u00e3o em todas as correias.  Homologa\u00e7\u00e3o: FIA 8853-2016. Cores dispon\u00edveis: Azul \/ Preto \/ Vermelho.","og_url":"https:\/\/autobarbosa.com\/en\/produto\/cintos-sparco-fia-competition-h-2-pu-aco-6pt-aco-fia-8853-2016\/","og_site_name":"Auto Barbosa","article_publisher":"https:\/\/www.facebook.com\/autobarbosaoficina","twitter_card":"summary_large_image","schema":{"@context":"https:\/\/schema.org","@graph":[{"@type":"WebPage","@id":"https:\/\/autobarbosa.com\/en\/produto\/cintos-sparco-fia-competition-h-2-pu-aco-6pt-aco-fia-8853-2016\/","url":"https:\/\/autobarbosa.com\/en\/produto\/cintos-sparco-fia-competition-h-2-pu-aco-6pt-aco-fia-8853-2016\/","name":"CINTOS SPARCO FIA COMPETITION H-2 PU - A\u00c7O - 6PT - A\u00c7O - FIA 8853-2016. - Auto Barbosa","isPartOf":{"@id":"https:\/\/autobarbosa.com\/en\/#website"},"datePublished":"2026-02-11T20:17:03+00:00","dateModified":"2026-02-11T20:17:03+00:00","breadcrumb":{"@id":"https:\/\/autobarbosa.com\/en\/produto\/cintos-sparco-fia-competition-h-2-pu-aco-6pt-aco-fia-8853-2016\/#breadcrumb"},"inLanguage":"en-US","potentialAction":[{"@type":"ReadAction","target":["https:\/\/autobarbosa.com\/en\/produto\/cintos-sparco-fia-competition-h-2-pu-aco-6pt-aco-fia-8853-2016\/"]}]},{"@type":"BreadcrumbList","@id":"https:\/\/autobarbosa.com\/en\/produto\/cintos-sparco-fia-competition-h-2-pu-aco-6pt-aco-fia-8853-2016\/#breadcrumb","itemListElement":[{"@type":"ListItem","position":1,"name":"In\u00edcio","item":"https:\/\/autobarbosa.com\/en\/"},{"@type":"ListItem","position":2,"name":"Loja","item":"https:\/\/autobarbosa.com\/"},{"@type":"ListItem","position":3,"name":"CINTOS SPARCO FIA COMPETITION H-2 PU &#8211; A\u00c7O &#8211; 6PT &#8211; A\u00c7O &#8211; FIA 8853-2016."}]},{"@type":"WebSite","@id":"https:\/\/autobarbosa.com\/en\/#website","url":"https:\/\/autobarbosa.com\/en\/","name":"Auto Barbosa","description":"Site institucional","publisher":{"@id":"https:\/\/autobarbosa.com\/en\/#organization"},"potentialAction":[{"@type":"SearchAction","target":{"@type":"EntryPoint","urlTemplate":"https:\/\/autobarbosa.com\/en\/?s={search_term_string}"},"query-input":"required name=search_term_string"}],"inLanguage":"en-US"},{"@type":"Organization","@id":"https:\/\/autobarbosa.com\/en\/#organization","name":"Auto Barbosa","url":"https:\/\/autobarbosa.com\/en\/","logo":{"@type":"ImageObject","inLanguage":"en-US","@id":"https:\/\/autobarbosa.com\/en\/#\/schema\/logo\/image\/","url":"https:\/\/autobarbosa.com\/wp-content\/uploads\/2023\/03\/AUTO-BARBOSA-LOGO-1-e1678715539111.png","contentUrl":"https:\/\/autobarbosa.com\/wp-content\/uploads\/2023\/03\/AUTO-BARBOSA-LOGO-1-e1678715539111.png","width":3233,"height":3233,"caption":"Auto Barbosa"},"image":{"@id":"https:\/\/autobarbosa.com\/en\/#\/schema\/logo\/image\/"},"sameAs":["https:\/\/www.facebook.com\/autobarbosaoficina","https:\/\/www.instagram.com\/autobarbosa.oficina\/"]}]}},"_links":{"self":[{"href":"https:\/\/autobarbosa.com\/en\/wp-json\/wp\/v3\/product\/23764","targetHints":{"allow":["GET"]}}],"collection":[{"href":"https:\/\/autobarbosa.com\/en\/wp-json\/wp\/v3\/product"}],"about":[{"href":"https:\/\/autobarbosa.com\/en\/wp-json\/wp\/v2\/types\/product"}],"wp:attachment":[{"href":"https:\/\/autobarbosa.com\/en\/wp-json\/wp\/v2\/media?parent=23764"}],"wp:term":[{"taxonomy":"product_cat","embeddable":true,"href":"https:\/\/autobarbosa.com\/en\/wp-json\/wp\/v2\/product_cat?post=23764"},{"taxonomy":"product_tag","embeddable":true,"href":"https:\/\/autobarbosa.com\/en\/wp-json\/wp\/v2\/product_tag?post=23764"},{"taxonomy":"marca","embeddable":true,"href":"https:\/\/autobarbosa.com\/en\/wp-json\/wp\/v2\/marca?post=23764"}],"curies":[{"name":"wp","href":"https:\/\/api.w.org\/{rel}","templated":true}]}}