{"id":23853,"date":"2026-02-24T07:20:35","date_gmt":"2026-02-24T08:20:35","guid":{"rendered":"https:\/\/autobarbosa.com\/produto\/rampa-lazer-de-farois-led-carbon-6-spots-6-leds-85w\/"},"modified":"2026-04-22T07:21:58","modified_gmt":"2026-04-22T07:21:58","slug":"rampa-lazer-de-farois-led-carbon-6-spots-6-leds-85w","status":"publish","type":"product","link":"https:\/\/autobarbosa.com\/en\/produto\/rampa-lazer-de-farois-led-carbon-6-spots-6-leds-85w\/","title":{"rendered":"RAMPA LAZER DE FAROIS LED CARBON 6 spots, 6 LEDs, 85W"},"content":{"rendered":"<p>A barra de luz LED Carbon-6 de 3\u00aa gera\u00e7\u00e3o \u00e9 o resultado de v\u00e1rios anos de desenvolvimento no automobilismo. Esta nova gama oferece ilumina\u00e7\u00e3o aprimorada, mais luz, menos peso e versatilidade incompar\u00e1vel em compara\u00e7\u00e3o com as gera\u00e7\u00f5es anteriores.<\/p>\n<p>Dois tipos de feixes de luz, &#8220;SPOT&#8221; ou &#8220;DRIVE&#8221;, est\u00e3o dispon\u00edveis e operam em quatro modos:<\/p>\n<p>&#8211; FEIXE FULL: 100% farol alto<br \/>\n&#8211; FEIXE DE NEBLINA: 100% farol de neblina<br \/>\n&#8211; MODO E-MARK: 25% homologado para uso em vias p\u00fablicas<br \/>\n&#8211; MODO CHUVA: 25% farol de neblina.<\/p>\n<p>Modos adicionais podem ser adicionados conforme a necessidade.<\/p>\n<p>Os avan\u00e7os na tecnologia de barras de luz aumentaram a capacidade de ilumina\u00e7\u00e3o. As lentes s\u00e3o metalizadas a v\u00e1cuo para serem ultrarrefletivas, garantindo que nenhuma luz seja perdida.<\/p>\n<p>Quando combinadas, as barras de luz SPOT e DRIVE oferecem um equil\u00edbrio perfeito entre longo alcance e ilumina\u00e7\u00e3o lateral.<\/p>\n<p>As carca\u00e7as das barras de luz s\u00e3o feitas de PC-ABS de alta resist\u00eancia. O controle preciso e controlado da temperatura das barras de luz garante ilumina\u00e7\u00e3o ideal e m\u00e1xima em todas as circunst\u00e2ncias.<\/p>\n<p>O kit inclui:<br \/>\n&#8211; 1 barra de luz LED Carbon-6<br \/>\n&#8211; 1 filtro amarelo para condi\u00e7\u00f5es clim\u00e1ticas de inverno<br \/>\n&#8211; 1 tampa de lente preta<br \/>\n&#8211; 1 guia de instala\u00e7\u00e3o<\/p>\n<p>Caracter\u00edsticas:<br \/>\n&#8211; Barra de luz tipo spot<br \/>\n&#8211; Luz de 5000K<br \/>\n&#8211; Dissipador de calor ativo e prote\u00e7\u00e3o t\u00e9rmica<br \/>\n&#8211; Perfil aerodin\u00e2mico<br \/>\n&#8211; Conector DT04-4P banhado a ouro<br \/>\n&#8211; Lentes de policarbonato<br \/>\n&#8211; Classifica\u00e7\u00e3o de impermeabilidade IP67<br \/>\n&#8211; 5 anos de garantia<\/p>\n<p>Especifica\u00e7\u00f5es t\u00e9cnicas:<br \/>\n&#8211; Voltagem: 10-32V<br \/>\n&#8211; Vida \u00fatil: 50.000 horas<br \/>\n&#8211; Peso: 450g<br \/>\n&#8211; 9360 l\u00famens (total) 6450 l\u00famens (piloto)<br \/>\n&#8211; Cor: 5000k<br \/>\n&#8211; N\u00famero de LEDs: 6<br \/>\n&#8211; Pot\u00eancia: 85W<br \/>\n&#8211; Corrente: 8,5A a 5,9A<br \/>\n&#8211; Dimens\u00f5es: 315x82x70 mm<\/p>\n<p>Dados fotom\u00e9tricos:<br \/>\n&#8211; \u00c2ngulo de feixe horizontal: 32\u00b0<br \/>\n&#8211; Linha de 0,25 lx: 1670<br \/>\nm Linha de 0,5 lx: 1180 m<br \/>\n&#8211; Linha de 1 lx Linha: 834 m<br \/>\n&#8211; 3 lx Linha: 480 m<\/p>\n<p>Projetado e fabricado na Inglaterra.<\/p>\n","protected":false},"excerpt":{"rendered":"<p>A barra de luz LED Carbon-6 de 3\u00aa gera\u00e7\u00e3o \u00e9 o resultado de v\u00e1rios anos de desenvolvimento no automobilismo. Esta nova gama oferece ilumina\u00e7\u00e3o aprimorada, mais luz, menos peso e versatilidade incompar\u00e1vel em compara\u00e7\u00e3o com as gera\u00e7\u00f5es anteriores.<\/p>\n<p>Dois tipos de feixes de luz, &#8220;SPOT&#8221; ou &#8220;DRIVE&#8221;, est\u00e3o dispon\u00edveis e operam em quatro modos:<\/p>\n<p>&#8211; FEIXE FULL: 100% farol alto<br \/>\n&#8211; FEIXE DE NEBLINA: 100% farol de neblina<br \/>\n&#8211; MODO E-MARK: 25% homologado para uso em vias p\u00fablicas<br \/>\n&#8211; MODO CHUVA: 25% farol de neblina.<\/p>\n<p>Modos adicionais podem ser adicionados conforme a necessidade.<\/p>\n<p>Os avan\u00e7os na tecnologia de barras de luz aumentaram a capacidade de ilumina\u00e7\u00e3o. As lentes s\u00e3o metalizadas a v\u00e1cuo para serem ultrarrefletivas, garantindo que nenhuma luz seja perdida.<\/p>\n<p>Quando combinadas, as barras de luz SPOT e DRIVE oferecem um equil\u00edbrio perfeito entre longo alcance e ilumina\u00e7\u00e3o lateral.<\/p>\n<p>As carca\u00e7as das barras de luz s\u00e3o feitas de PC-ABS de alta resist\u00eancia. O controle preciso e controlado da temperatura das barras de luz garante ilumina\u00e7\u00e3o ideal e m\u00e1xima em todas as circunst\u00e2ncias.<\/p>\n<p>O kit inclui:<br \/>\n&#8211; 1 barra de luz LED Carbon-6<br \/>\n&#8211; 1 filtro amarelo para condi\u00e7\u00f5es clim\u00e1ticas de inverno<br \/>\n&#8211; 1 tampa de lente preta<br \/>\n&#8211; 1 guia de instala\u00e7\u00e3o<\/p>\n<p>Caracter\u00edsticas:<br \/>\n&#8211; Barra de luz tipo spot<br \/>\n&#8211; Luz de 5000K<br \/>\n&#8211; Dissipador de calor ativo e prote\u00e7\u00e3o t\u00e9rmica<br \/>\n&#8211; Perfil aerodin\u00e2mico<br \/>\n&#8211; Conector DT04-4P banhado a ouro<br \/>\n&#8211; Lentes de policarbonato<br \/>\n&#8211; Classifica\u00e7\u00e3o de impermeabilidade IP67<br \/>\n&#8211; 5 anos de garantia<\/p>\n<p>Especifica\u00e7\u00f5es t\u00e9cnicas:<br \/>\n&#8211; Voltagem: 10-32V<br \/>\n&#8211; Vida \u00fatil: 50.000 horas<br \/>\n&#8211; Peso: 450g<br \/>\n&#8211; 9360 l\u00famens (total) 6450 l\u00famens (piloto)<br \/>\n&#8211; Cor: 5000k<br \/>\n&#8211; N\u00famero de LEDs: 6<br \/>\n&#8211; Pot\u00eancia: 85W<br \/>\n&#8211; Corrente: 8,5A a 5,9A<br \/>\n&#8211; Dimens\u00f5es: 315x82x70 mm<\/p>\n<p>Dados fotom\u00e9tricos:<br \/>\n&#8211; \u00c2ngulo de feixe horizontal: 32\u00b0<br \/>\n&#8211; Linha de 0,25 lx: 1670<br \/>\nm Linha de 0,5 lx: 1180 m<br \/>\n&#8211; Linha de 1 lx Linha: 834 m<br \/>\n&#8211; 3 lx Linha: 480 m<\/p>\n<p>Projetado e fabricado na Inglaterra.<\/p>\n","protected":false},"featured_media":23849,"template":"","meta":[],"product_cat":[988],"product_tag":[],"marca":[1029],"class_list":["post-23853","product","type-product","status-publish","has-post-thumbnail","hentry","product_cat-rampas-led","marca-lazer"],"yoast_head":"<!-- This site is optimized with the Yoast SEO plugin v20.5 - https:\/\/yoast.com\/wordpress\/plugins\/seo\/ -->\n<title>RAMPA LAZER DE FAROIS LED CARBON 6 spots, 6 LEDs, 85W - Auto Barbosa<\/title>\n<meta name=\"robots\" content=\"index, follow, max-snippet:-1, max-image-preview:large, max-video-preview:-1\" \/>\n<link rel=\"canonical\" href=\"https:\/\/autobarbosa.com\/en\/produto\/rampa-lazer-de-farois-led-carbon-6-spots-6-leds-85w\/\" \/>\n<meta property=\"og:locale\" content=\"en_US\" \/>\n<meta property=\"og:type\" content=\"article\" \/>\n<meta property=\"og:title\" content=\"RAMPA LAZER DE FAROIS LED CARBON 6 spots, 6 LEDs, 85W - Auto Barbosa\" \/>\n<meta property=\"og:description\" content=\"A barra de luz LED Carbon-6 de 3\u00aa gera\u00e7\u00e3o \u00e9 o resultado de v\u00e1rios anos de desenvolvimento no automobilismo. Esta nova gama oferece ilumina\u00e7\u00e3o aprimorada, mais luz, menos peso e versatilidade incompar\u00e1vel em compara\u00e7\u00e3o com as gera\u00e7\u00f5es anteriores.  Dois tipos de feixes de luz, &quot;SPOT&quot; ou &quot;DRIVE&quot;, est\u00e3o dispon\u00edveis e operam em quatro modos:  - FEIXE FULL: 100% farol alto - FEIXE DE NEBLINA: 100% farol de neblina - MODO E-MARK: 25% homologado para uso em vias p\u00fablicas - MODO CHUVA: 25% farol de neblina.  Modos adicionais podem ser adicionados conforme a necessidade.  Os avan\u00e7os na tecnologia de barras de luz aumentaram a capacidade de ilumina\u00e7\u00e3o. As lentes s\u00e3o metalizadas a v\u00e1cuo para serem ultrarrefletivas, garantindo que nenhuma luz seja perdida.  Quando combinadas, as barras de luz SPOT e DRIVE oferecem um equil\u00edbrio perfeito entre longo alcance e ilumina\u00e7\u00e3o lateral.  As carca\u00e7as das barras de luz s\u00e3o feitas de PC-ABS de alta resist\u00eancia. O controle preciso e controlado da temperatura das barras de luz garante ilumina\u00e7\u00e3o ideal e m\u00e1xima em todas as circunst\u00e2ncias.  O kit inclui: - 1 barra de luz LED Carbon-6 - 1 filtro amarelo para condi\u00e7\u00f5es clim\u00e1ticas de inverno - 1 tampa de lente preta - 1 guia de instala\u00e7\u00e3o  Caracter\u00edsticas: - Barra de luz tipo spot - Luz de 5000K - Dissipador de calor ativo e prote\u00e7\u00e3o t\u00e9rmica - Perfil aerodin\u00e2mico - Conector DT04-4P banhado a ouro - Lentes de policarbonato - Classifica\u00e7\u00e3o de impermeabilidade IP67 - 5 anos de garantia  Especifica\u00e7\u00f5es t\u00e9cnicas: - Voltagem: 10-32V - Vida \u00fatil: 50.000 horas - Peso: 450g - 9360 l\u00famens (total) 6450 l\u00famens (piloto) - Cor: 5000k - N\u00famero de LEDs: 6 - Pot\u00eancia: 85W - Corrente: 8,5A a 5,9A - Dimens\u00f5es: 315x82x70 mm  Dados fotom\u00e9tricos: - \u00c2ngulo de feixe horizontal: 32\u00b0 - Linha de 0,25 lx: 1670 m Linha de 0,5 lx: 1180 m - Linha de 1 lx Linha: 834 m - 3 lx Linha: 480 m  Projetado e fabricado na Inglaterra.\" \/>\n<meta property=\"og:url\" content=\"https:\/\/autobarbosa.com\/en\/produto\/rampa-lazer-de-farois-led-carbon-6-spots-6-leds-85w\/\" \/>\n<meta property=\"og:site_name\" content=\"Auto Barbosa\" \/>\n<meta property=\"article:publisher\" content=\"https:\/\/www.facebook.com\/autobarbosaoficina\" \/>\n<meta property=\"article:modified_time\" content=\"2026-04-22T07:21:58+00:00\" \/>\n<meta property=\"og:image\" content=\"https:\/\/autobarbosa.com\/wp-content\/uploads\/2026\/02\/llc6sg3.png\" \/>\n\t<meta property=\"og:image:width\" content=\"800\" \/>\n\t<meta property=\"og:image:height\" content=\"800\" \/>\n\t<meta property=\"og:image:type\" content=\"image\/png\" \/>\n<meta name=\"twitter:card\" content=\"summary_large_image\" \/>\n<meta name=\"twitter:label1\" content=\"Est. reading time\" \/>\n\t<meta name=\"twitter:data1\" content=\"2 minutes\" \/>\n<script type=\"application\/ld+json\" class=\"yoast-schema-graph\">{\"@context\":\"https:\/\/schema.org\",\"@graph\":[{\"@type\":\"WebPage\",\"@id\":\"https:\/\/autobarbosa.com\/en\/produto\/rampa-lazer-de-farois-led-carbon-6-spots-6-leds-85w\/\",\"url\":\"https:\/\/autobarbosa.com\/en\/produto\/rampa-lazer-de-farois-led-carbon-6-spots-6-leds-85w\/\",\"name\":\"RAMPA LAZER DE FAROIS LED CARBON 6 spots, 6 LEDs, 85W - Auto Barbosa\",\"isPartOf\":{\"@id\":\"https:\/\/autobarbosa.com\/en\/#website\"},\"datePublished\":\"2026-02-24T08:20:35+00:00\",\"dateModified\":\"2026-04-22T07:21:58+00:00\",\"breadcrumb\":{\"@id\":\"https:\/\/autobarbosa.com\/en\/produto\/rampa-lazer-de-farois-led-carbon-6-spots-6-leds-85w\/#breadcrumb\"},\"inLanguage\":\"en-US\",\"potentialAction\":[{\"@type\":\"ReadAction\",\"target\":[\"https:\/\/autobarbosa.com\/en\/produto\/rampa-lazer-de-farois-led-carbon-6-spots-6-leds-85w\/\"]}]},{\"@type\":\"BreadcrumbList\",\"@id\":\"https:\/\/autobarbosa.com\/en\/produto\/rampa-lazer-de-farois-led-carbon-6-spots-6-leds-85w\/#breadcrumb\",\"itemListElement\":[{\"@type\":\"ListItem\",\"position\":1,\"name\":\"In\u00edcio\",\"item\":\"https:\/\/autobarbosa.com\/en\/\"},{\"@type\":\"ListItem\",\"position\":2,\"name\":\"Loja\",\"item\":\"https:\/\/autobarbosa.com\/\"},{\"@type\":\"ListItem\",\"position\":3,\"name\":\"RAMPA LAZER DE FAROIS LED CARBON 6 spots, 6 LEDs, 85W\"}]},{\"@type\":\"WebSite\",\"@id\":\"https:\/\/autobarbosa.com\/en\/#website\",\"url\":\"https:\/\/autobarbosa.com\/en\/\",\"name\":\"Auto Barbosa\",\"description\":\"Site institucional\",\"publisher\":{\"@id\":\"https:\/\/autobarbosa.com\/en\/#organization\"},\"potentialAction\":[{\"@type\":\"SearchAction\",\"target\":{\"@type\":\"EntryPoint\",\"urlTemplate\":\"https:\/\/autobarbosa.com\/en\/?s={search_term_string}\"},\"query-input\":\"required name=search_term_string\"}],\"inLanguage\":\"en-US\"},{\"@type\":\"Organization\",\"@id\":\"https:\/\/autobarbosa.com\/en\/#organization\",\"name\":\"Auto Barbosa\",\"url\":\"https:\/\/autobarbosa.com\/en\/\",\"logo\":{\"@type\":\"ImageObject\",\"inLanguage\":\"en-US\",\"@id\":\"https:\/\/autobarbosa.com\/en\/#\/schema\/logo\/image\/\",\"url\":\"https:\/\/autobarbosa.com\/wp-content\/uploads\/2023\/03\/AUTO-BARBOSA-LOGO-1-e1678715539111.png\",\"contentUrl\":\"https:\/\/autobarbosa.com\/wp-content\/uploads\/2023\/03\/AUTO-BARBOSA-LOGO-1-e1678715539111.png\",\"width\":3233,\"height\":3233,\"caption\":\"Auto Barbosa\"},\"image\":{\"@id\":\"https:\/\/autobarbosa.com\/en\/#\/schema\/logo\/image\/\"},\"sameAs\":[\"https:\/\/www.facebook.com\/autobarbosaoficina\",\"https:\/\/www.instagram.com\/autobarbosa.oficina\/\"]}]}<\/script>\n<!-- \/ Yoast SEO plugin. -->","yoast_head_json":{"title":"RAMPA LAZER DE FAROIS LED CARBON 6 spots, 6 LEDs, 85W - Auto Barbosa","robots":{"index":"index","follow":"follow","max-snippet":"max-snippet:-1","max-image-preview":"max-image-preview:large","max-video-preview":"max-video-preview:-1"},"canonical":"https:\/\/autobarbosa.com\/en\/produto\/rampa-lazer-de-farois-led-carbon-6-spots-6-leds-85w\/","og_locale":"en_US","og_type":"article","og_title":"RAMPA LAZER DE FAROIS LED CARBON 6 spots, 6 LEDs, 85W - Auto Barbosa","og_description":"A barra de luz LED Carbon-6 de 3\u00aa gera\u00e7\u00e3o \u00e9 o resultado de v\u00e1rios anos de desenvolvimento no automobilismo. Esta nova gama oferece ilumina\u00e7\u00e3o aprimorada, mais luz, menos peso e versatilidade incompar\u00e1vel em compara\u00e7\u00e3o com as gera\u00e7\u00f5es anteriores.  Dois tipos de feixes de luz, \"SPOT\" ou \"DRIVE\", est\u00e3o dispon\u00edveis e operam em quatro modos:  - FEIXE FULL: 100% farol alto - FEIXE DE NEBLINA: 100% farol de neblina - MODO E-MARK: 25% homologado para uso em vias p\u00fablicas - MODO CHUVA: 25% farol de neblina.  Modos adicionais podem ser adicionados conforme a necessidade.  Os avan\u00e7os na tecnologia de barras de luz aumentaram a capacidade de ilumina\u00e7\u00e3o. As lentes s\u00e3o metalizadas a v\u00e1cuo para serem ultrarrefletivas, garantindo que nenhuma luz seja perdida.  Quando combinadas, as barras de luz SPOT e DRIVE oferecem um equil\u00edbrio perfeito entre longo alcance e ilumina\u00e7\u00e3o lateral.  As carca\u00e7as das barras de luz s\u00e3o feitas de PC-ABS de alta resist\u00eancia. O controle preciso e controlado da temperatura das barras de luz garante ilumina\u00e7\u00e3o ideal e m\u00e1xima em todas as circunst\u00e2ncias.  O kit inclui: - 1 barra de luz LED Carbon-6 - 1 filtro amarelo para condi\u00e7\u00f5es clim\u00e1ticas de inverno - 1 tampa de lente preta - 1 guia de instala\u00e7\u00e3o  Caracter\u00edsticas: - Barra de luz tipo spot - Luz de 5000K - Dissipador de calor ativo e prote\u00e7\u00e3o t\u00e9rmica - Perfil aerodin\u00e2mico - Conector DT04-4P banhado a ouro - Lentes de policarbonato - Classifica\u00e7\u00e3o de impermeabilidade IP67 - 5 anos de garantia  Especifica\u00e7\u00f5es t\u00e9cnicas: - Voltagem: 10-32V - Vida \u00fatil: 50.000 horas - Peso: 450g - 9360 l\u00famens (total) 6450 l\u00famens (piloto) - Cor: 5000k - N\u00famero de LEDs: 6 - Pot\u00eancia: 85W - Corrente: 8,5A a 5,9A - Dimens\u00f5es: 315x82x70 mm  Dados fotom\u00e9tricos: - \u00c2ngulo de feixe horizontal: 32\u00b0 - Linha de 0,25 lx: 1670 m Linha de 0,5 lx: 1180 m - Linha de 1 lx Linha: 834 m - 3 lx Linha: 480 m  Projetado e fabricado na Inglaterra.","og_url":"https:\/\/autobarbosa.com\/en\/produto\/rampa-lazer-de-farois-led-carbon-6-spots-6-leds-85w\/","og_site_name":"Auto Barbosa","article_publisher":"https:\/\/www.facebook.com\/autobarbosaoficina","article_modified_time":"2026-04-22T07:21:58+00:00","og_image":[{"width":800,"height":800,"url":"https:\/\/autobarbosa.com\/wp-content\/uploads\/2026\/02\/llc6sg3.png","type":"image\/png"}],"twitter_card":"summary_large_image","twitter_misc":{"Est. reading time":"2 minutes"},"schema":{"@context":"https:\/\/schema.org","@graph":[{"@type":"WebPage","@id":"https:\/\/autobarbosa.com\/en\/produto\/rampa-lazer-de-farois-led-carbon-6-spots-6-leds-85w\/","url":"https:\/\/autobarbosa.com\/en\/produto\/rampa-lazer-de-farois-led-carbon-6-spots-6-leds-85w\/","name":"RAMPA LAZER DE FAROIS LED CARBON 6 spots, 6 LEDs, 85W - Auto Barbosa","isPartOf":{"@id":"https:\/\/autobarbosa.com\/en\/#website"},"datePublished":"2026-02-24T08:20:35+00:00","dateModified":"2026-04-22T07:21:58+00:00","breadcrumb":{"@id":"https:\/\/autobarbosa.com\/en\/produto\/rampa-lazer-de-farois-led-carbon-6-spots-6-leds-85w\/#breadcrumb"},"inLanguage":"en-US","potentialAction":[{"@type":"ReadAction","target":["https:\/\/autobarbosa.com\/en\/produto\/rampa-lazer-de-farois-led-carbon-6-spots-6-leds-85w\/"]}]},{"@type":"BreadcrumbList","@id":"https:\/\/autobarbosa.com\/en\/produto\/rampa-lazer-de-farois-led-carbon-6-spots-6-leds-85w\/#breadcrumb","itemListElement":[{"@type":"ListItem","position":1,"name":"In\u00edcio","item":"https:\/\/autobarbosa.com\/en\/"},{"@type":"ListItem","position":2,"name":"Loja","item":"https:\/\/autobarbosa.com\/"},{"@type":"ListItem","position":3,"name":"RAMPA LAZER DE FAROIS LED CARBON 6 spots, 6 LEDs, 85W"}]},{"@type":"WebSite","@id":"https:\/\/autobarbosa.com\/en\/#website","url":"https:\/\/autobarbosa.com\/en\/","name":"Auto Barbosa","description":"Site institucional","publisher":{"@id":"https:\/\/autobarbosa.com\/en\/#organization"},"potentialAction":[{"@type":"SearchAction","target":{"@type":"EntryPoint","urlTemplate":"https:\/\/autobarbosa.com\/en\/?s={search_term_string}"},"query-input":"required name=search_term_string"}],"inLanguage":"en-US"},{"@type":"Organization","@id":"https:\/\/autobarbosa.com\/en\/#organization","name":"Auto Barbosa","url":"https:\/\/autobarbosa.com\/en\/","logo":{"@type":"ImageObject","inLanguage":"en-US","@id":"https:\/\/autobarbosa.com\/en\/#\/schema\/logo\/image\/","url":"https:\/\/autobarbosa.com\/wp-content\/uploads\/2023\/03\/AUTO-BARBOSA-LOGO-1-e1678715539111.png","contentUrl":"https:\/\/autobarbosa.com\/wp-content\/uploads\/2023\/03\/AUTO-BARBOSA-LOGO-1-e1678715539111.png","width":3233,"height":3233,"caption":"Auto Barbosa"},"image":{"@id":"https:\/\/autobarbosa.com\/en\/#\/schema\/logo\/image\/"},"sameAs":["https:\/\/www.facebook.com\/autobarbosaoficina","https:\/\/www.instagram.com\/autobarbosa.oficina\/"]}]}},"_links":{"self":[{"href":"https:\/\/autobarbosa.com\/en\/wp-json\/wp\/v3\/product\/23853","targetHints":{"allow":["GET"]}}],"collection":[{"href":"https:\/\/autobarbosa.com\/en\/wp-json\/wp\/v3\/product"}],"about":[{"href":"https:\/\/autobarbosa.com\/en\/wp-json\/wp\/v2\/types\/product"}],"wp:featuredmedia":[{"embeddable":true,"href":"https:\/\/autobarbosa.com\/en\/wp-json\/wp\/v2\/media\/23849"}],"wp:attachment":[{"href":"https:\/\/autobarbosa.com\/en\/wp-json\/wp\/v2\/media?parent=23853"}],"wp:term":[{"taxonomy":"product_cat","embeddable":true,"href":"https:\/\/autobarbosa.com\/en\/wp-json\/wp\/v2\/product_cat?post=23853"},{"taxonomy":"product_tag","embeddable":true,"href":"https:\/\/autobarbosa.com\/en\/wp-json\/wp\/v2\/product_tag?post=23853"},{"taxonomy":"marca","embeddable":true,"href":"https:\/\/autobarbosa.com\/en\/wp-json\/wp\/v2\/marca?post=23853"}],"curies":[{"name":"wp","href":"https:\/\/api.w.org\/{rel}","templated":true}]}}