{"id":24152,"date":"2026-03-25T07:20:10","date_gmt":"2026-03-25T08:20:10","guid":{"rendered":"https:\/\/autobarbosa.com\/produto\/fecho-rapido-de-carrocaria-1-4-de-voltra-ehf5-distancia-entre-centros-de-254-mm\/"},"modified":"2026-03-25T07:20:10","modified_gmt":"2026-03-25T08:20:10","slug":"fecho-rapido-de-carrocaria-1-4-de-voltra-ehf5-distancia-entre-centros-de-254-mm","status":"publish","type":"product","link":"https:\/\/autobarbosa.com\/en\/produto\/fecho-rapido-de-carrocaria-1-4-de-voltra-ehf5-distancia-entre-centros-de-254-mm\/","title":{"rendered":"FECHO RAPIDO DE CARROCARIA 1\/4 DE VOLTRA EHF5, DISTANCIA ENTRE CENTROS DE 25,4 mm"},"content":{"rendered":"<p>Parafuso Dzus de 1\/4 de volta EHF5, dist\u00e2ncia entre centros de 25,4 mm<\/p>\n<p>. Fixa\u00e7\u00e3o r\u00e1pida de 1\/4 de volta.<br \/>\nPara espessuras de 3 a 14 mm.<br \/>\nRequer o gancho EHF5 (ref. S5300).<\/p>\n<p>Especifica\u00e7\u00f5es:<br \/>\n&#8211; Comprimento do parafuso: 14,8 mm \/ Designa\u00e7\u00e3o: 5 x 45 \/ Espessura de fixa\u00e7\u00e3o: 3 a 4,5 mm.<br \/>\n&#8211; Comprimento do parafuso: 16 mm \/ Designa\u00e7\u00e3o: 5 x 50 \/ Espessura de fixa\u00e7\u00e3o: 4,3 a 5,8 mm.<br \/>\n&#8211; Comprimento do parafuso: 17,3 mm \/ Designa\u00e7\u00e3o: 5 x 55 \/ Espessura de fixa\u00e7\u00e3o: 5,7 a 7 mm.<br \/>\n&#8211; Comprimento do parafuso: 18,5 mm \/ Designa\u00e7\u00e3o: 5 x 60 \/ Espessura de fixa\u00e7\u00e3o: 7 a 8 mm.<br \/>\n&#8211; Comprimento do parafuso: 19,5 mm \/ Designa\u00e7\u00e3o: 5 x 65 \/ Espessura de fixa\u00e7\u00e3o: 8,2 a 9 mm.<br \/>\n&#8211; Comprimento do parafuso: 21 mm \/ Designa\u00e7\u00e3o: 5 x 70 \/ Espessura de fixa\u00e7\u00e3o: 9,3 a 11,5 mm.<br \/>\n&#8211; Comprimento do parafuso: 25 mm \/ Designa\u00e7\u00e3o: 5 x 85 \/ Espessura de fixa\u00e7\u00e3o: 12 a 14 mm.<\/p>\n","protected":false},"excerpt":{"rendered":"<p>Parafuso Dzus de 1\/4 de volta EHF5, dist\u00e2ncia entre centros de 25,4 mm<\/p>\n<p>. Fixa\u00e7\u00e3o r\u00e1pida de 1\/4 de volta.<br \/>\nPara espessuras de 3 a 14 mm.<br \/>\nRequer o gancho EHF5 (ref. S5300).<\/p>\n<p>Especifica\u00e7\u00f5es:<br \/>\n&#8211; Comprimento do parafuso: 14,8 mm \/ Designa\u00e7\u00e3o: 5 x 45 \/ Espessura de fixa\u00e7\u00e3o: 3 a 4,5 mm.<br \/>\n&#8211; Comprimento do parafuso: 16 mm \/ Designa\u00e7\u00e3o: 5 x 50 \/ Espessura de fixa\u00e7\u00e3o: 4,3 a 5,8 mm.<br \/>\n&#8211; Comprimento do parafuso: 17,3 mm \/ Designa\u00e7\u00e3o: 5 x 55 \/ Espessura de fixa\u00e7\u00e3o: 5,7 a 7 mm.<br \/>\n&#8211; Comprimento do parafuso: 18,5 mm \/ Designa\u00e7\u00e3o: 5 x 60 \/ Espessura de fixa\u00e7\u00e3o: 7 a 8 mm.<br \/>\n&#8211; Comprimento do parafuso: 19,5 mm \/ Designa\u00e7\u00e3o: 5 x 65 \/ Espessura de fixa\u00e7\u00e3o: 8,2 a 9 mm.<br \/>\n&#8211; Comprimento do parafuso: 21 mm \/ Designa\u00e7\u00e3o: 5 x 70 \/ Espessura de fixa\u00e7\u00e3o: 9,3 a 11,5 mm.<br \/>\n&#8211; Comprimento do parafuso: 25 mm \/ Designa\u00e7\u00e3o: 5 x 85 \/ Espessura de fixa\u00e7\u00e3o: 12 a 14 mm.<\/p>\n","protected":false},"featured_media":0,"template":"","meta":[],"product_cat":[500],"product_tag":[],"marca":[121],"class_list":["post-24152","product","type-product","status-publish","hentry","product_cat-fechos-capot","marca-red-spec"],"yoast_head":"<!-- This site is optimized with the Yoast SEO plugin v20.5 - https:\/\/yoast.com\/wordpress\/plugins\/seo\/ -->\n<title>FECHO RAPIDO DE CARROCARIA 1\/4 DE VOLTRA EHF5, DISTANCIA ENTRE CENTROS DE 25,4 mm - Auto Barbosa<\/title>\n<meta name=\"robots\" content=\"index, follow, max-snippet:-1, max-image-preview:large, max-video-preview:-1\" \/>\n<link rel=\"canonical\" href=\"https:\/\/autobarbosa.com\/en\/produto\/fecho-rapido-de-carrocaria-1-4-de-voltra-ehf5-distancia-entre-centros-de-254-mm\/\" \/>\n<meta property=\"og:locale\" content=\"en_US\" \/>\n<meta property=\"og:type\" content=\"article\" \/>\n<meta property=\"og:title\" content=\"FECHO RAPIDO DE CARROCARIA 1\/4 DE VOLTRA EHF5, DISTANCIA ENTRE CENTROS DE 25,4 mm - Auto Barbosa\" \/>\n<meta property=\"og:description\" content=\"Parafuso Dzus de 1\/4 de volta EHF5, dist\u00e2ncia entre centros de 25,4 mm  . Fixa\u00e7\u00e3o r\u00e1pida de 1\/4 de volta. Para espessuras de 3 a 14 mm. Requer o gancho EHF5 (ref. S5300).  Especifica\u00e7\u00f5es: - Comprimento do parafuso: 14,8 mm \/ Designa\u00e7\u00e3o: 5 x 45 \/ Espessura de fixa\u00e7\u00e3o: 3 a 4,5 mm. - Comprimento do parafuso: 16 mm \/ Designa\u00e7\u00e3o: 5 x 50 \/ Espessura de fixa\u00e7\u00e3o: 4,3 a 5,8 mm. - Comprimento do parafuso: 17,3 mm \/ Designa\u00e7\u00e3o: 5 x 55 \/ Espessura de fixa\u00e7\u00e3o: 5,7 a 7 mm. - Comprimento do parafuso: 18,5 mm \/ Designa\u00e7\u00e3o: 5 x 60 \/ Espessura de fixa\u00e7\u00e3o: 7 a 8 mm. - Comprimento do parafuso: 19,5 mm \/ Designa\u00e7\u00e3o: 5 x 65 \/ Espessura de fixa\u00e7\u00e3o: 8,2 a 9 mm. - Comprimento do parafuso: 21 mm \/ Designa\u00e7\u00e3o: 5 x 70 \/ Espessura de fixa\u00e7\u00e3o: 9,3 a 11,5 mm. - Comprimento do parafuso: 25 mm \/ Designa\u00e7\u00e3o: 5 x 85 \/ Espessura de fixa\u00e7\u00e3o: 12 a 14 mm.\" \/>\n<meta property=\"og:url\" content=\"https:\/\/autobarbosa.com\/en\/produto\/fecho-rapido-de-carrocaria-1-4-de-voltra-ehf5-distancia-entre-centros-de-254-mm\/\" \/>\n<meta property=\"og:site_name\" content=\"Auto Barbosa\" \/>\n<meta property=\"article:publisher\" content=\"https:\/\/www.facebook.com\/autobarbosaoficina\" \/>\n<meta name=\"twitter:card\" content=\"summary_large_image\" \/>\n<meta name=\"twitter:label1\" content=\"Est. reading time\" \/>\n\t<meta name=\"twitter:data1\" content=\"1 minute\" \/>\n<script type=\"application\/ld+json\" class=\"yoast-schema-graph\">{\"@context\":\"https:\/\/schema.org\",\"@graph\":[{\"@type\":\"WebPage\",\"@id\":\"https:\/\/autobarbosa.com\/en\/produto\/fecho-rapido-de-carrocaria-1-4-de-voltra-ehf5-distancia-entre-centros-de-254-mm\/\",\"url\":\"https:\/\/autobarbosa.com\/en\/produto\/fecho-rapido-de-carrocaria-1-4-de-voltra-ehf5-distancia-entre-centros-de-254-mm\/\",\"name\":\"FECHO RAPIDO DE CARROCARIA 1\/4 DE VOLTRA EHF5, DISTANCIA ENTRE CENTROS DE 25,4 mm - Auto Barbosa\",\"isPartOf\":{\"@id\":\"https:\/\/autobarbosa.com\/en\/#website\"},\"datePublished\":\"2026-03-25T08:20:10+00:00\",\"dateModified\":\"2026-03-25T08:20:10+00:00\",\"breadcrumb\":{\"@id\":\"https:\/\/autobarbosa.com\/en\/produto\/fecho-rapido-de-carrocaria-1-4-de-voltra-ehf5-distancia-entre-centros-de-254-mm\/#breadcrumb\"},\"inLanguage\":\"en-US\",\"potentialAction\":[{\"@type\":\"ReadAction\",\"target\":[\"https:\/\/autobarbosa.com\/en\/produto\/fecho-rapido-de-carrocaria-1-4-de-voltra-ehf5-distancia-entre-centros-de-254-mm\/\"]}]},{\"@type\":\"BreadcrumbList\",\"@id\":\"https:\/\/autobarbosa.com\/en\/produto\/fecho-rapido-de-carrocaria-1-4-de-voltra-ehf5-distancia-entre-centros-de-254-mm\/#breadcrumb\",\"itemListElement\":[{\"@type\":\"ListItem\",\"position\":1,\"name\":\"In\u00edcio\",\"item\":\"https:\/\/autobarbosa.com\/en\/\"},{\"@type\":\"ListItem\",\"position\":2,\"name\":\"Loja\",\"item\":\"https:\/\/autobarbosa.com\/\"},{\"@type\":\"ListItem\",\"position\":3,\"name\":\"FECHO RAPIDO DE CARROCARIA 1\/4 DE VOLTRA EHF5, DISTANCIA ENTRE CENTROS DE 25,4 mm\"}]},{\"@type\":\"WebSite\",\"@id\":\"https:\/\/autobarbosa.com\/en\/#website\",\"url\":\"https:\/\/autobarbosa.com\/en\/\",\"name\":\"Auto Barbosa\",\"description\":\"Site institucional\",\"publisher\":{\"@id\":\"https:\/\/autobarbosa.com\/en\/#organization\"},\"potentialAction\":[{\"@type\":\"SearchAction\",\"target\":{\"@type\":\"EntryPoint\",\"urlTemplate\":\"https:\/\/autobarbosa.com\/en\/?s={search_term_string}\"},\"query-input\":\"required name=search_term_string\"}],\"inLanguage\":\"en-US\"},{\"@type\":\"Organization\",\"@id\":\"https:\/\/autobarbosa.com\/en\/#organization\",\"name\":\"Auto Barbosa\",\"url\":\"https:\/\/autobarbosa.com\/en\/\",\"logo\":{\"@type\":\"ImageObject\",\"inLanguage\":\"en-US\",\"@id\":\"https:\/\/autobarbosa.com\/en\/#\/schema\/logo\/image\/\",\"url\":\"https:\/\/autobarbosa.com\/wp-content\/uploads\/2023\/03\/AUTO-BARBOSA-LOGO-1-e1678715539111.png\",\"contentUrl\":\"https:\/\/autobarbosa.com\/wp-content\/uploads\/2023\/03\/AUTO-BARBOSA-LOGO-1-e1678715539111.png\",\"width\":3233,\"height\":3233,\"caption\":\"Auto Barbosa\"},\"image\":{\"@id\":\"https:\/\/autobarbosa.com\/en\/#\/schema\/logo\/image\/\"},\"sameAs\":[\"https:\/\/www.facebook.com\/autobarbosaoficina\",\"https:\/\/www.instagram.com\/autobarbosa.oficina\/\"]}]}<\/script>\n<!-- \/ Yoast SEO plugin. -->","yoast_head_json":{"title":"FECHO RAPIDO DE CARROCARIA 1\/4 DE VOLTRA EHF5, DISTANCIA ENTRE CENTROS DE 25,4 mm - Auto Barbosa","robots":{"index":"index","follow":"follow","max-snippet":"max-snippet:-1","max-image-preview":"max-image-preview:large","max-video-preview":"max-video-preview:-1"},"canonical":"https:\/\/autobarbosa.com\/en\/produto\/fecho-rapido-de-carrocaria-1-4-de-voltra-ehf5-distancia-entre-centros-de-254-mm\/","og_locale":"en_US","og_type":"article","og_title":"FECHO RAPIDO DE CARROCARIA 1\/4 DE VOLTRA EHF5, DISTANCIA ENTRE CENTROS DE 25,4 mm - Auto Barbosa","og_description":"Parafuso Dzus de 1\/4 de volta EHF5, dist\u00e2ncia entre centros de 25,4 mm  . Fixa\u00e7\u00e3o r\u00e1pida de 1\/4 de volta. Para espessuras de 3 a 14 mm. Requer o gancho EHF5 (ref. S5300).  Especifica\u00e7\u00f5es: - Comprimento do parafuso: 14,8 mm \/ Designa\u00e7\u00e3o: 5 x 45 \/ Espessura de fixa\u00e7\u00e3o: 3 a 4,5 mm. - Comprimento do parafuso: 16 mm \/ Designa\u00e7\u00e3o: 5 x 50 \/ Espessura de fixa\u00e7\u00e3o: 4,3 a 5,8 mm. - Comprimento do parafuso: 17,3 mm \/ Designa\u00e7\u00e3o: 5 x 55 \/ Espessura de fixa\u00e7\u00e3o: 5,7 a 7 mm. - Comprimento do parafuso: 18,5 mm \/ Designa\u00e7\u00e3o: 5 x 60 \/ Espessura de fixa\u00e7\u00e3o: 7 a 8 mm. - Comprimento do parafuso: 19,5 mm \/ Designa\u00e7\u00e3o: 5 x 65 \/ Espessura de fixa\u00e7\u00e3o: 8,2 a 9 mm. - Comprimento do parafuso: 21 mm \/ Designa\u00e7\u00e3o: 5 x 70 \/ Espessura de fixa\u00e7\u00e3o: 9,3 a 11,5 mm. - Comprimento do parafuso: 25 mm \/ Designa\u00e7\u00e3o: 5 x 85 \/ Espessura de fixa\u00e7\u00e3o: 12 a 14 mm.","og_url":"https:\/\/autobarbosa.com\/en\/produto\/fecho-rapido-de-carrocaria-1-4-de-voltra-ehf5-distancia-entre-centros-de-254-mm\/","og_site_name":"Auto Barbosa","article_publisher":"https:\/\/www.facebook.com\/autobarbosaoficina","twitter_card":"summary_large_image","twitter_misc":{"Est. reading time":"1 minute"},"schema":{"@context":"https:\/\/schema.org","@graph":[{"@type":"WebPage","@id":"https:\/\/autobarbosa.com\/en\/produto\/fecho-rapido-de-carrocaria-1-4-de-voltra-ehf5-distancia-entre-centros-de-254-mm\/","url":"https:\/\/autobarbosa.com\/en\/produto\/fecho-rapido-de-carrocaria-1-4-de-voltra-ehf5-distancia-entre-centros-de-254-mm\/","name":"FECHO RAPIDO DE CARROCARIA 1\/4 DE VOLTRA EHF5, DISTANCIA ENTRE CENTROS DE 25,4 mm - Auto Barbosa","isPartOf":{"@id":"https:\/\/autobarbosa.com\/en\/#website"},"datePublished":"2026-03-25T08:20:10+00:00","dateModified":"2026-03-25T08:20:10+00:00","breadcrumb":{"@id":"https:\/\/autobarbosa.com\/en\/produto\/fecho-rapido-de-carrocaria-1-4-de-voltra-ehf5-distancia-entre-centros-de-254-mm\/#breadcrumb"},"inLanguage":"en-US","potentialAction":[{"@type":"ReadAction","target":["https:\/\/autobarbosa.com\/en\/produto\/fecho-rapido-de-carrocaria-1-4-de-voltra-ehf5-distancia-entre-centros-de-254-mm\/"]}]},{"@type":"BreadcrumbList","@id":"https:\/\/autobarbosa.com\/en\/produto\/fecho-rapido-de-carrocaria-1-4-de-voltra-ehf5-distancia-entre-centros-de-254-mm\/#breadcrumb","itemListElement":[{"@type":"ListItem","position":1,"name":"In\u00edcio","item":"https:\/\/autobarbosa.com\/en\/"},{"@type":"ListItem","position":2,"name":"Loja","item":"https:\/\/autobarbosa.com\/"},{"@type":"ListItem","position":3,"name":"FECHO RAPIDO DE CARROCARIA 1\/4 DE VOLTRA EHF5, DISTANCIA ENTRE CENTROS DE 25,4 mm"}]},{"@type":"WebSite","@id":"https:\/\/autobarbosa.com\/en\/#website","url":"https:\/\/autobarbosa.com\/en\/","name":"Auto Barbosa","description":"Site institucional","publisher":{"@id":"https:\/\/autobarbosa.com\/en\/#organization"},"potentialAction":[{"@type":"SearchAction","target":{"@type":"EntryPoint","urlTemplate":"https:\/\/autobarbosa.com\/en\/?s={search_term_string}"},"query-input":"required name=search_term_string"}],"inLanguage":"en-US"},{"@type":"Organization","@id":"https:\/\/autobarbosa.com\/en\/#organization","name":"Auto Barbosa","url":"https:\/\/autobarbosa.com\/en\/","logo":{"@type":"ImageObject","inLanguage":"en-US","@id":"https:\/\/autobarbosa.com\/en\/#\/schema\/logo\/image\/","url":"https:\/\/autobarbosa.com\/wp-content\/uploads\/2023\/03\/AUTO-BARBOSA-LOGO-1-e1678715539111.png","contentUrl":"https:\/\/autobarbosa.com\/wp-content\/uploads\/2023\/03\/AUTO-BARBOSA-LOGO-1-e1678715539111.png","width":3233,"height":3233,"caption":"Auto Barbosa"},"image":{"@id":"https:\/\/autobarbosa.com\/en\/#\/schema\/logo\/image\/"},"sameAs":["https:\/\/www.facebook.com\/autobarbosaoficina","https:\/\/www.instagram.com\/autobarbosa.oficina\/"]}]}},"_links":{"self":[{"href":"https:\/\/autobarbosa.com\/en\/wp-json\/wp\/v3\/product\/24152","targetHints":{"allow":["GET"]}}],"collection":[{"href":"https:\/\/autobarbosa.com\/en\/wp-json\/wp\/v3\/product"}],"about":[{"href":"https:\/\/autobarbosa.com\/en\/wp-json\/wp\/v2\/types\/product"}],"wp:attachment":[{"href":"https:\/\/autobarbosa.com\/en\/wp-json\/wp\/v2\/media?parent=24152"}],"wp:term":[{"taxonomy":"product_cat","embeddable":true,"href":"https:\/\/autobarbosa.com\/en\/wp-json\/wp\/v2\/product_cat?post=24152"},{"taxonomy":"product_tag","embeddable":true,"href":"https:\/\/autobarbosa.com\/en\/wp-json\/wp\/v2\/product_tag?post=24152"},{"taxonomy":"marca","embeddable":true,"href":"https:\/\/autobarbosa.com\/en\/wp-json\/wp\/v2\/marca?post=24152"}],"curies":[{"name":"wp","href":"https:\/\/api.w.org\/{rel}","templated":true}]}}