{"id":24176,"date":"2026-03-25T19:11:10","date_gmt":"2026-03-25T20:11:10","guid":{"rendered":"https:\/\/autobarbosa.com\/produto\/fato-alpinestar-gp-pro-comp-v2-fia-8856-2018-preto-branco-sz-58\/"},"modified":"2026-03-25T19:11:10","modified_gmt":"2026-03-25T20:11:10","slug":"fato-alpinestar-gp-pro-comp-v2-fia-8856-2018-preto-branco-sz-58","status":"publish","type":"product","link":"https:\/\/autobarbosa.com\/en\/produto\/fato-alpinestar-gp-pro-comp-v2-fia-8856-2018-preto-branco-sz-58\/","title":{"rendered":"FATO ALPINESTAR GP PRO COMP V2 &#8211; FIA 8856\/2018 PRETO \/ BRANCO &#8211; SZ 58"},"content":{"rendered":"<p>Fato Alpinestars GP PRO COMP V2 FIA.<\/p>\n<p>O Fato Alpinestars GP PRO COMP V2 \u00e9 ideal para pilotos profissionais que competem no mais alto n\u00edvel, oferecendo um equil\u00edbrio perfeito entre seguran\u00e7a, conforto e desempenho.<\/p>\n<p>Composi\u00e7\u00e3o: Camada externa: 100% aramida antiest\u00e1tica<br \/>\nN\u00famero de camadas: Multicamadas.<br \/>\nPeso: 345 g\/m\u00b2 (+\/- 5%).<\/p>\n<p>\u2022 Bolsos internos.<br \/>\n\u2022 Cinto: Sim.<br \/>\n\u2022 Mangas flutuantes.<br \/>\n\u2022 Inser\u00e7\u00f5es de malha el\u00e1stica respir\u00e1vel na regi\u00e3o lombar, axilas e virilha.<br \/>\n\u2022 Protetores de ombro com sistema de extra\u00e7\u00e3o integrado.<br \/>\n\u2022 Gola alta e cintura ajust\u00e1vel.<br \/>\n\u2022 Fecho duplo com z\u00edper YYK.<br \/>\n\u2022 Modelagem padr\u00e3o\/atl\u00e9tica.<\/p>\n<p>Inova\u00e7\u00e3o Alpinestars:<br \/>\n\u2022 Ader\u00eancia de silicone adicional nos ombros e na parte inferior das costas para evitar o deslocamento do sistema HANS\u00ae e otimizar a ader\u00eancia ao assento.<br \/>\n\u2022 Roteamento de cabos para sistemas de comunica\u00e7\u00e3o ou refrigera\u00e7\u00e3o.<br \/>\n\u2022 Acompanha saco para lavagem para proteger as fibras durante a lavagem.<\/p>\n<p>Homologa\u00e7\u00e3o: FIA 8856-2018.<br \/>\nCor: Preto\/Asfalto\/Branco.<\/p>\n","protected":false},"excerpt":{"rendered":"<p>Fato Alpinestars GP PRO COMP V2 FIA.<\/p>\n<p>O Fato Alpinestars GP PRO COMP V2 \u00e9 ideal para pilotos profissionais que competem no mais alto n\u00edvel, oferecendo um equil\u00edbrio perfeito entre seguran\u00e7a, conforto e desempenho.<\/p>\n<p>Composi\u00e7\u00e3o: Camada externa: 100% aramida antiest\u00e1tica<br \/>\nN\u00famero de camadas: Multicamadas.<br \/>\nPeso: 345 g\/m\u00b2 (+\/- 5%).<\/p>\n<p>\u2022 Bolsos internos.<br \/>\n\u2022 Cinto: Sim.<br \/>\n\u2022 Mangas flutuantes.<br \/>\n\u2022 Inser\u00e7\u00f5es de malha el\u00e1stica respir\u00e1vel na regi\u00e3o lombar, axilas e virilha.<br \/>\n\u2022 Protetores de ombro com sistema de extra\u00e7\u00e3o integrado.<br \/>\n\u2022 Gola alta e cintura ajust\u00e1vel.<br \/>\n\u2022 Fecho duplo com z\u00edper YYK.<br \/>\n\u2022 Modelagem padr\u00e3o\/atl\u00e9tica.<\/p>\n<p>Inova\u00e7\u00e3o Alpinestars:<br \/>\n\u2022 Ader\u00eancia de silicone adicional nos ombros e na parte inferior das costas para evitar o deslocamento do sistema HANS\u00ae e otimizar a ader\u00eancia ao assento.<br \/>\n\u2022 Roteamento de cabos para sistemas de comunica\u00e7\u00e3o ou refrigera\u00e7\u00e3o.<br \/>\n\u2022 Acompanha saco para lavagem para proteger as fibras durante a lavagem.<\/p>\n<p>Homologa\u00e7\u00e3o: FIA 8856-2018.<br \/>\nCor: Preto\/Asfalto\/Branco.<\/p>\n","protected":false},"featured_media":0,"template":"","meta":[],"product_cat":[548],"product_tag":[],"marca":[168],"class_list":["post-24176","product","type-product","status-publish","hentry","product_cat-fatos-competicao","marca-alpinestar"],"yoast_head":"<!-- This site is optimized with the Yoast SEO plugin v20.5 - https:\/\/yoast.com\/wordpress\/plugins\/seo\/ -->\n<title>FATO ALPINESTAR GP PRO COMP V2 - FIA 8856\/2018 PRETO \/ BRANCO - SZ 58 - Auto Barbosa<\/title>\n<meta name=\"robots\" content=\"index, follow, max-snippet:-1, max-image-preview:large, max-video-preview:-1\" \/>\n<link rel=\"canonical\" href=\"https:\/\/autobarbosa.com\/en\/produto\/fato-alpinestar-gp-pro-comp-v2-fia-8856-2018-preto-branco-sz-58\/\" \/>\n<meta property=\"og:locale\" content=\"en_US\" \/>\n<meta property=\"og:type\" content=\"article\" \/>\n<meta property=\"og:title\" content=\"FATO ALPINESTAR GP PRO COMP V2 - FIA 8856\/2018 PRETO \/ BRANCO - SZ 58 - Auto Barbosa\" \/>\n<meta property=\"og:description\" content=\"Fato Alpinestars GP PRO COMP V2 FIA.   O Fato Alpinestars GP PRO COMP V2 \u00e9 ideal para pilotos profissionais que competem no mais alto n\u00edvel, oferecendo um equil\u00edbrio perfeito entre seguran\u00e7a, conforto e desempenho.   Composi\u00e7\u00e3o: Camada externa: 100% aramida antiest\u00e1tica N\u00famero de camadas: Multicamadas. Peso: 345 g\/m\u00b2 (+\/- 5%).  \u2022 Bolsos internos. \u2022 Cinto: Sim. \u2022 Mangas flutuantes. \u2022 Inser\u00e7\u00f5es de malha el\u00e1stica respir\u00e1vel na regi\u00e3o lombar, axilas e virilha. \u2022 Protetores de ombro com sistema de extra\u00e7\u00e3o integrado. \u2022 Gola alta e cintura ajust\u00e1vel. \u2022 Fecho duplo com z\u00edper YYK. \u2022 Modelagem padr\u00e3o\/atl\u00e9tica.  Inova\u00e7\u00e3o Alpinestars: \u2022 Ader\u00eancia de silicone adicional nos ombros e na parte inferior das costas para evitar o deslocamento do sistema HANS\u00ae e otimizar a ader\u00eancia ao assento. \u2022 Roteamento de cabos para sistemas de comunica\u00e7\u00e3o ou refrigera\u00e7\u00e3o. \u2022 Acompanha saco para lavagem para proteger as fibras durante a lavagem.   Homologa\u00e7\u00e3o: FIA 8856-2018. Cor: Preto\/Asfalto\/Branco.\" \/>\n<meta property=\"og:url\" content=\"https:\/\/autobarbosa.com\/en\/produto\/fato-alpinestar-gp-pro-comp-v2-fia-8856-2018-preto-branco-sz-58\/\" \/>\n<meta property=\"og:site_name\" content=\"Auto Barbosa\" \/>\n<meta property=\"article:publisher\" content=\"https:\/\/www.facebook.com\/autobarbosaoficina\" \/>\n<meta name=\"twitter:card\" content=\"summary_large_image\" \/>\n<meta name=\"twitter:label1\" content=\"Est. reading time\" \/>\n\t<meta name=\"twitter:data1\" content=\"1 minute\" \/>\n<script type=\"application\/ld+json\" class=\"yoast-schema-graph\">{\"@context\":\"https:\/\/schema.org\",\"@graph\":[{\"@type\":\"WebPage\",\"@id\":\"https:\/\/autobarbosa.com\/en\/produto\/fato-alpinestar-gp-pro-comp-v2-fia-8856-2018-preto-branco-sz-58\/\",\"url\":\"https:\/\/autobarbosa.com\/en\/produto\/fato-alpinestar-gp-pro-comp-v2-fia-8856-2018-preto-branco-sz-58\/\",\"name\":\"FATO ALPINESTAR GP PRO COMP V2 - FIA 8856\/2018 PRETO \/ BRANCO - SZ 58 - Auto Barbosa\",\"isPartOf\":{\"@id\":\"https:\/\/autobarbosa.com\/en\/#website\"},\"datePublished\":\"2026-03-25T20:11:10+00:00\",\"dateModified\":\"2026-03-25T20:11:10+00:00\",\"breadcrumb\":{\"@id\":\"https:\/\/autobarbosa.com\/en\/produto\/fato-alpinestar-gp-pro-comp-v2-fia-8856-2018-preto-branco-sz-58\/#breadcrumb\"},\"inLanguage\":\"en-US\",\"potentialAction\":[{\"@type\":\"ReadAction\",\"target\":[\"https:\/\/autobarbosa.com\/en\/produto\/fato-alpinestar-gp-pro-comp-v2-fia-8856-2018-preto-branco-sz-58\/\"]}]},{\"@type\":\"BreadcrumbList\",\"@id\":\"https:\/\/autobarbosa.com\/en\/produto\/fato-alpinestar-gp-pro-comp-v2-fia-8856-2018-preto-branco-sz-58\/#breadcrumb\",\"itemListElement\":[{\"@type\":\"ListItem\",\"position\":1,\"name\":\"In\u00edcio\",\"item\":\"https:\/\/autobarbosa.com\/en\/\"},{\"@type\":\"ListItem\",\"position\":2,\"name\":\"Loja\",\"item\":\"https:\/\/autobarbosa.com\/\"},{\"@type\":\"ListItem\",\"position\":3,\"name\":\"FATO ALPINESTAR GP PRO COMP V2 &#8211; FIA 8856\/2018 PRETO \/ BRANCO &#8211; SZ 58\"}]},{\"@type\":\"WebSite\",\"@id\":\"https:\/\/autobarbosa.com\/en\/#website\",\"url\":\"https:\/\/autobarbosa.com\/en\/\",\"name\":\"Auto Barbosa\",\"description\":\"Site institucional\",\"publisher\":{\"@id\":\"https:\/\/autobarbosa.com\/en\/#organization\"},\"potentialAction\":[{\"@type\":\"SearchAction\",\"target\":{\"@type\":\"EntryPoint\",\"urlTemplate\":\"https:\/\/autobarbosa.com\/en\/?s={search_term_string}\"},\"query-input\":\"required name=search_term_string\"}],\"inLanguage\":\"en-US\"},{\"@type\":\"Organization\",\"@id\":\"https:\/\/autobarbosa.com\/en\/#organization\",\"name\":\"Auto Barbosa\",\"url\":\"https:\/\/autobarbosa.com\/en\/\",\"logo\":{\"@type\":\"ImageObject\",\"inLanguage\":\"en-US\",\"@id\":\"https:\/\/autobarbosa.com\/en\/#\/schema\/logo\/image\/\",\"url\":\"https:\/\/autobarbosa.com\/wp-content\/uploads\/2023\/03\/AUTO-BARBOSA-LOGO-1-e1678715539111.png\",\"contentUrl\":\"https:\/\/autobarbosa.com\/wp-content\/uploads\/2023\/03\/AUTO-BARBOSA-LOGO-1-e1678715539111.png\",\"width\":3233,\"height\":3233,\"caption\":\"Auto Barbosa\"},\"image\":{\"@id\":\"https:\/\/autobarbosa.com\/en\/#\/schema\/logo\/image\/\"},\"sameAs\":[\"https:\/\/www.facebook.com\/autobarbosaoficina\",\"https:\/\/www.instagram.com\/autobarbosa.oficina\/\"]}]}<\/script>\n<!-- \/ Yoast SEO plugin. -->","yoast_head_json":{"title":"FATO ALPINESTAR GP PRO COMP V2 - FIA 8856\/2018 PRETO \/ BRANCO - SZ 58 - Auto Barbosa","robots":{"index":"index","follow":"follow","max-snippet":"max-snippet:-1","max-image-preview":"max-image-preview:large","max-video-preview":"max-video-preview:-1"},"canonical":"https:\/\/autobarbosa.com\/en\/produto\/fato-alpinestar-gp-pro-comp-v2-fia-8856-2018-preto-branco-sz-58\/","og_locale":"en_US","og_type":"article","og_title":"FATO ALPINESTAR GP PRO COMP V2 - FIA 8856\/2018 PRETO \/ BRANCO - SZ 58 - Auto Barbosa","og_description":"Fato Alpinestars GP PRO COMP V2 FIA.   O Fato Alpinestars GP PRO COMP V2 \u00e9 ideal para pilotos profissionais que competem no mais alto n\u00edvel, oferecendo um equil\u00edbrio perfeito entre seguran\u00e7a, conforto e desempenho.   Composi\u00e7\u00e3o: Camada externa: 100% aramida antiest\u00e1tica N\u00famero de camadas: Multicamadas. Peso: 345 g\/m\u00b2 (+\/- 5%).  \u2022 Bolsos internos. \u2022 Cinto: Sim. \u2022 Mangas flutuantes. \u2022 Inser\u00e7\u00f5es de malha el\u00e1stica respir\u00e1vel na regi\u00e3o lombar, axilas e virilha. \u2022 Protetores de ombro com sistema de extra\u00e7\u00e3o integrado. \u2022 Gola alta e cintura ajust\u00e1vel. \u2022 Fecho duplo com z\u00edper YYK. \u2022 Modelagem padr\u00e3o\/atl\u00e9tica.  Inova\u00e7\u00e3o Alpinestars: \u2022 Ader\u00eancia de silicone adicional nos ombros e na parte inferior das costas para evitar o deslocamento do sistema HANS\u00ae e otimizar a ader\u00eancia ao assento. \u2022 Roteamento de cabos para sistemas de comunica\u00e7\u00e3o ou refrigera\u00e7\u00e3o. \u2022 Acompanha saco para lavagem para proteger as fibras durante a lavagem.   Homologa\u00e7\u00e3o: FIA 8856-2018. Cor: Preto\/Asfalto\/Branco.","og_url":"https:\/\/autobarbosa.com\/en\/produto\/fato-alpinestar-gp-pro-comp-v2-fia-8856-2018-preto-branco-sz-58\/","og_site_name":"Auto Barbosa","article_publisher":"https:\/\/www.facebook.com\/autobarbosaoficina","twitter_card":"summary_large_image","twitter_misc":{"Est. reading time":"1 minute"},"schema":{"@context":"https:\/\/schema.org","@graph":[{"@type":"WebPage","@id":"https:\/\/autobarbosa.com\/en\/produto\/fato-alpinestar-gp-pro-comp-v2-fia-8856-2018-preto-branco-sz-58\/","url":"https:\/\/autobarbosa.com\/en\/produto\/fato-alpinestar-gp-pro-comp-v2-fia-8856-2018-preto-branco-sz-58\/","name":"FATO ALPINESTAR GP PRO COMP V2 - FIA 8856\/2018 PRETO \/ BRANCO - SZ 58 - Auto Barbosa","isPartOf":{"@id":"https:\/\/autobarbosa.com\/en\/#website"},"datePublished":"2026-03-25T20:11:10+00:00","dateModified":"2026-03-25T20:11:10+00:00","breadcrumb":{"@id":"https:\/\/autobarbosa.com\/en\/produto\/fato-alpinestar-gp-pro-comp-v2-fia-8856-2018-preto-branco-sz-58\/#breadcrumb"},"inLanguage":"en-US","potentialAction":[{"@type":"ReadAction","target":["https:\/\/autobarbosa.com\/en\/produto\/fato-alpinestar-gp-pro-comp-v2-fia-8856-2018-preto-branco-sz-58\/"]}]},{"@type":"BreadcrumbList","@id":"https:\/\/autobarbosa.com\/en\/produto\/fato-alpinestar-gp-pro-comp-v2-fia-8856-2018-preto-branco-sz-58\/#breadcrumb","itemListElement":[{"@type":"ListItem","position":1,"name":"In\u00edcio","item":"https:\/\/autobarbosa.com\/en\/"},{"@type":"ListItem","position":2,"name":"Loja","item":"https:\/\/autobarbosa.com\/"},{"@type":"ListItem","position":3,"name":"FATO ALPINESTAR GP PRO COMP V2 &#8211; FIA 8856\/2018 PRETO \/ BRANCO &#8211; SZ 58"}]},{"@type":"WebSite","@id":"https:\/\/autobarbosa.com\/en\/#website","url":"https:\/\/autobarbosa.com\/en\/","name":"Auto Barbosa","description":"Site institucional","publisher":{"@id":"https:\/\/autobarbosa.com\/en\/#organization"},"potentialAction":[{"@type":"SearchAction","target":{"@type":"EntryPoint","urlTemplate":"https:\/\/autobarbosa.com\/en\/?s={search_term_string}"},"query-input":"required name=search_term_string"}],"inLanguage":"en-US"},{"@type":"Organization","@id":"https:\/\/autobarbosa.com\/en\/#organization","name":"Auto Barbosa","url":"https:\/\/autobarbosa.com\/en\/","logo":{"@type":"ImageObject","inLanguage":"en-US","@id":"https:\/\/autobarbosa.com\/en\/#\/schema\/logo\/image\/","url":"https:\/\/autobarbosa.com\/wp-content\/uploads\/2023\/03\/AUTO-BARBOSA-LOGO-1-e1678715539111.png","contentUrl":"https:\/\/autobarbosa.com\/wp-content\/uploads\/2023\/03\/AUTO-BARBOSA-LOGO-1-e1678715539111.png","width":3233,"height":3233,"caption":"Auto Barbosa"},"image":{"@id":"https:\/\/autobarbosa.com\/en\/#\/schema\/logo\/image\/"},"sameAs":["https:\/\/www.facebook.com\/autobarbosaoficina","https:\/\/www.instagram.com\/autobarbosa.oficina\/"]}]}},"_links":{"self":[{"href":"https:\/\/autobarbosa.com\/en\/wp-json\/wp\/v3\/product\/24176","targetHints":{"allow":["GET"]}}],"collection":[{"href":"https:\/\/autobarbosa.com\/en\/wp-json\/wp\/v3\/product"}],"about":[{"href":"https:\/\/autobarbosa.com\/en\/wp-json\/wp\/v2\/types\/product"}],"wp:attachment":[{"href":"https:\/\/autobarbosa.com\/en\/wp-json\/wp\/v2\/media?parent=24176"}],"wp:term":[{"taxonomy":"product_cat","embeddable":true,"href":"https:\/\/autobarbosa.com\/en\/wp-json\/wp\/v2\/product_cat?post=24176"},{"taxonomy":"product_tag","embeddable":true,"href":"https:\/\/autobarbosa.com\/en\/wp-json\/wp\/v2\/product_tag?post=24176"},{"taxonomy":"marca","embeddable":true,"href":"https:\/\/autobarbosa.com\/en\/wp-json\/wp\/v2\/marca?post=24176"}],"curies":[{"name":"wp","href":"https:\/\/api.w.org\/{rel}","templated":true}]}}