{"id":24305,"date":"2026-04-18T19:15:19","date_gmt":"2026-04-18T19:15:19","guid":{"rendered":"https:\/\/autobarbosa.com\/produto\/boxer-omp-one-evo-fia-8856-2018-preto-sz-l\/"},"modified":"2026-04-21T19:14:44","modified_gmt":"2026-04-21T19:14:44","slug":"boxer-omp-one-evo-fia-8856-2018-preto-sz-l","status":"publish","type":"product","link":"https:\/\/autobarbosa.com\/en\/produto\/boxer-omp-one-evo-fia-8856-2018-preto-sz-l\/","title":{"rendered":"BOXER OMP ONE EVO &#8211;  FIA 8856-2018 &#8211; PRETO &#8211; SZ L"},"content":{"rendered":"<p>BOXER OMP One Evo FIA<\/p>\n<p>Boxer FIA de alta qualidade, confeccionada em tecido confort\u00e1vel e sem costuras. Inser\u00e7\u00f5es respir\u00e1veis \u200b\u200bem formato de &#8220;cubo 3D&#8221; em \u00e1reas estrat\u00e9gicas de transpira\u00e7\u00e3o garantem conforto ideal e um ajuste perfeito.<\/p>\n<p>Cor: Preta.<br \/>\nTamanhos dispon\u00edveis: P a GG.<br \/>\nHomologa\u00e7\u00e3o: FIA 8856-2018.<\/p>\n","protected":false},"excerpt":{"rendered":"<p>BOXER OMP One Evo FIA<\/p>\n<p>Boxer FIA de alta qualidade, confeccionada em tecido confort\u00e1vel e sem costuras. Inser\u00e7\u00f5es respir\u00e1veis \u200b\u200bem formato de &#8220;cubo 3D&#8221; em \u00e1reas estrat\u00e9gicas de transpira\u00e7\u00e3o garantem conforto ideal e um ajuste perfeito.<\/p>\n<p>Cor: Preta.<br \/>\nTamanhos dispon\u00edveis: P a GG.<br \/>\nHomologa\u00e7\u00e3o: FIA 8856-2018.<\/p>\n","protected":false},"featured_media":24301,"template":"","meta":[],"product_cat":[553],"product_tag":[],"marca":[171],"class_list":["post-24305","product","type-product","status-publish","has-post-thumbnail","hentry","product_cat-calca-interior","marca-omp"],"yoast_head":"<!-- This site is optimized with the Yoast SEO plugin v20.5 - https:\/\/yoast.com\/wordpress\/plugins\/seo\/ -->\n<title>BOXER OMP ONE EVO - FIA 8856-2018 - PRETO - SZ L - Auto Barbosa<\/title>\n<meta name=\"robots\" content=\"index, follow, max-snippet:-1, max-image-preview:large, max-video-preview:-1\" \/>\n<link rel=\"canonical\" href=\"https:\/\/autobarbosa.com\/en\/produto\/boxer-omp-one-evo-fia-8856-2018-preto-sz-l\/\" \/>\n<meta property=\"og:locale\" content=\"en_US\" \/>\n<meta property=\"og:type\" content=\"article\" \/>\n<meta property=\"og:title\" content=\"BOXER OMP ONE EVO - FIA 8856-2018 - PRETO - SZ L - Auto Barbosa\" \/>\n<meta property=\"og:description\" content=\"BOXER OMP One Evo FIA   Boxer FIA de alta qualidade, confeccionada em tecido confort\u00e1vel e sem costuras. Inser\u00e7\u00f5es respir\u00e1veis \u200b\u200bem formato de &quot;cubo 3D&quot; em \u00e1reas estrat\u00e9gicas de transpira\u00e7\u00e3o garantem conforto ideal e um ajuste perfeito.  Cor: Preta. Tamanhos dispon\u00edveis: P a GG. Homologa\u00e7\u00e3o: FIA 8856-2018.\" \/>\n<meta property=\"og:url\" content=\"https:\/\/autobarbosa.com\/en\/produto\/boxer-omp-one-evo-fia-8856-2018-preto-sz-l\/\" \/>\n<meta property=\"og:site_name\" content=\"Auto Barbosa\" \/>\n<meta property=\"article:publisher\" content=\"https:\/\/www.facebook.com\/autobarbosaoficina\" \/>\n<meta property=\"article:modified_time\" content=\"2026-04-21T19:14:44+00:00\" \/>\n<meta property=\"og:image\" content=\"https:\/\/autobarbosa.com\/wp-content\/uploads\/2026\/04\/8ompie00785071l.png\" \/>\n\t<meta property=\"og:image:width\" content=\"800\" \/>\n\t<meta property=\"og:image:height\" content=\"800\" \/>\n\t<meta property=\"og:image:type\" content=\"image\/png\" \/>\n<meta name=\"twitter:card\" content=\"summary_large_image\" \/>\n<script type=\"application\/ld+json\" class=\"yoast-schema-graph\">{\"@context\":\"https:\/\/schema.org\",\"@graph\":[{\"@type\":\"WebPage\",\"@id\":\"https:\/\/autobarbosa.com\/en\/produto\/boxer-omp-one-evo-fia-8856-2018-preto-sz-l\/\",\"url\":\"https:\/\/autobarbosa.com\/en\/produto\/boxer-omp-one-evo-fia-8856-2018-preto-sz-l\/\",\"name\":\"BOXER OMP ONE EVO - FIA 8856-2018 - PRETO - SZ L - Auto Barbosa\",\"isPartOf\":{\"@id\":\"https:\/\/autobarbosa.com\/en\/#website\"},\"datePublished\":\"2026-04-18T19:15:19+00:00\",\"dateModified\":\"2026-04-21T19:14:44+00:00\",\"breadcrumb\":{\"@id\":\"https:\/\/autobarbosa.com\/en\/produto\/boxer-omp-one-evo-fia-8856-2018-preto-sz-l\/#breadcrumb\"},\"inLanguage\":\"en-US\",\"potentialAction\":[{\"@type\":\"ReadAction\",\"target\":[\"https:\/\/autobarbosa.com\/en\/produto\/boxer-omp-one-evo-fia-8856-2018-preto-sz-l\/\"]}]},{\"@type\":\"BreadcrumbList\",\"@id\":\"https:\/\/autobarbosa.com\/en\/produto\/boxer-omp-one-evo-fia-8856-2018-preto-sz-l\/#breadcrumb\",\"itemListElement\":[{\"@type\":\"ListItem\",\"position\":1,\"name\":\"In\u00edcio\",\"item\":\"https:\/\/autobarbosa.com\/en\/\"},{\"@type\":\"ListItem\",\"position\":2,\"name\":\"Loja\",\"item\":\"https:\/\/autobarbosa.com\/\"},{\"@type\":\"ListItem\",\"position\":3,\"name\":\"BOXER OMP ONE EVO &#8211; FIA 8856-2018 &#8211; PRETO &#8211; SZ L\"}]},{\"@type\":\"WebSite\",\"@id\":\"https:\/\/autobarbosa.com\/en\/#website\",\"url\":\"https:\/\/autobarbosa.com\/en\/\",\"name\":\"Auto Barbosa\",\"description\":\"Site institucional\",\"publisher\":{\"@id\":\"https:\/\/autobarbosa.com\/en\/#organization\"},\"potentialAction\":[{\"@type\":\"SearchAction\",\"target\":{\"@type\":\"EntryPoint\",\"urlTemplate\":\"https:\/\/autobarbosa.com\/en\/?s={search_term_string}\"},\"query-input\":\"required name=search_term_string\"}],\"inLanguage\":\"en-US\"},{\"@type\":\"Organization\",\"@id\":\"https:\/\/autobarbosa.com\/en\/#organization\",\"name\":\"Auto Barbosa\",\"url\":\"https:\/\/autobarbosa.com\/en\/\",\"logo\":{\"@type\":\"ImageObject\",\"inLanguage\":\"en-US\",\"@id\":\"https:\/\/autobarbosa.com\/en\/#\/schema\/logo\/image\/\",\"url\":\"https:\/\/autobarbosa.com\/wp-content\/uploads\/2023\/03\/AUTO-BARBOSA-LOGO-1-e1678715539111.png\",\"contentUrl\":\"https:\/\/autobarbosa.com\/wp-content\/uploads\/2023\/03\/AUTO-BARBOSA-LOGO-1-e1678715539111.png\",\"width\":3233,\"height\":3233,\"caption\":\"Auto Barbosa\"},\"image\":{\"@id\":\"https:\/\/autobarbosa.com\/en\/#\/schema\/logo\/image\/\"},\"sameAs\":[\"https:\/\/www.facebook.com\/autobarbosaoficina\",\"https:\/\/www.instagram.com\/autobarbosa.oficina\/\"]}]}<\/script>\n<!-- \/ Yoast SEO plugin. -->","yoast_head_json":{"title":"BOXER OMP ONE EVO - FIA 8856-2018 - PRETO - SZ L - Auto Barbosa","robots":{"index":"index","follow":"follow","max-snippet":"max-snippet:-1","max-image-preview":"max-image-preview:large","max-video-preview":"max-video-preview:-1"},"canonical":"https:\/\/autobarbosa.com\/en\/produto\/boxer-omp-one-evo-fia-8856-2018-preto-sz-l\/","og_locale":"en_US","og_type":"article","og_title":"BOXER OMP ONE EVO - FIA 8856-2018 - PRETO - SZ L - Auto Barbosa","og_description":"BOXER OMP One Evo FIA   Boxer FIA de alta qualidade, confeccionada em tecido confort\u00e1vel e sem costuras. Inser\u00e7\u00f5es respir\u00e1veis \u200b\u200bem formato de \"cubo 3D\" em \u00e1reas estrat\u00e9gicas de transpira\u00e7\u00e3o garantem conforto ideal e um ajuste perfeito.  Cor: Preta. Tamanhos dispon\u00edveis: P a GG. Homologa\u00e7\u00e3o: FIA 8856-2018.","og_url":"https:\/\/autobarbosa.com\/en\/produto\/boxer-omp-one-evo-fia-8856-2018-preto-sz-l\/","og_site_name":"Auto Barbosa","article_publisher":"https:\/\/www.facebook.com\/autobarbosaoficina","article_modified_time":"2026-04-21T19:14:44+00:00","og_image":[{"width":800,"height":800,"url":"https:\/\/autobarbosa.com\/wp-content\/uploads\/2026\/04\/8ompie00785071l.png","type":"image\/png"}],"twitter_card":"summary_large_image","schema":{"@context":"https:\/\/schema.org","@graph":[{"@type":"WebPage","@id":"https:\/\/autobarbosa.com\/en\/produto\/boxer-omp-one-evo-fia-8856-2018-preto-sz-l\/","url":"https:\/\/autobarbosa.com\/en\/produto\/boxer-omp-one-evo-fia-8856-2018-preto-sz-l\/","name":"BOXER OMP ONE EVO - FIA 8856-2018 - PRETO - SZ L - Auto Barbosa","isPartOf":{"@id":"https:\/\/autobarbosa.com\/en\/#website"},"datePublished":"2026-04-18T19:15:19+00:00","dateModified":"2026-04-21T19:14:44+00:00","breadcrumb":{"@id":"https:\/\/autobarbosa.com\/en\/produto\/boxer-omp-one-evo-fia-8856-2018-preto-sz-l\/#breadcrumb"},"inLanguage":"en-US","potentialAction":[{"@type":"ReadAction","target":["https:\/\/autobarbosa.com\/en\/produto\/boxer-omp-one-evo-fia-8856-2018-preto-sz-l\/"]}]},{"@type":"BreadcrumbList","@id":"https:\/\/autobarbosa.com\/en\/produto\/boxer-omp-one-evo-fia-8856-2018-preto-sz-l\/#breadcrumb","itemListElement":[{"@type":"ListItem","position":1,"name":"In\u00edcio","item":"https:\/\/autobarbosa.com\/en\/"},{"@type":"ListItem","position":2,"name":"Loja","item":"https:\/\/autobarbosa.com\/"},{"@type":"ListItem","position":3,"name":"BOXER OMP ONE EVO &#8211; FIA 8856-2018 &#8211; PRETO &#8211; SZ L"}]},{"@type":"WebSite","@id":"https:\/\/autobarbosa.com\/en\/#website","url":"https:\/\/autobarbosa.com\/en\/","name":"Auto Barbosa","description":"Site institucional","publisher":{"@id":"https:\/\/autobarbosa.com\/en\/#organization"},"potentialAction":[{"@type":"SearchAction","target":{"@type":"EntryPoint","urlTemplate":"https:\/\/autobarbosa.com\/en\/?s={search_term_string}"},"query-input":"required name=search_term_string"}],"inLanguage":"en-US"},{"@type":"Organization","@id":"https:\/\/autobarbosa.com\/en\/#organization","name":"Auto Barbosa","url":"https:\/\/autobarbosa.com\/en\/","logo":{"@type":"ImageObject","inLanguage":"en-US","@id":"https:\/\/autobarbosa.com\/en\/#\/schema\/logo\/image\/","url":"https:\/\/autobarbosa.com\/wp-content\/uploads\/2023\/03\/AUTO-BARBOSA-LOGO-1-e1678715539111.png","contentUrl":"https:\/\/autobarbosa.com\/wp-content\/uploads\/2023\/03\/AUTO-BARBOSA-LOGO-1-e1678715539111.png","width":3233,"height":3233,"caption":"Auto Barbosa"},"image":{"@id":"https:\/\/autobarbosa.com\/en\/#\/schema\/logo\/image\/"},"sameAs":["https:\/\/www.facebook.com\/autobarbosaoficina","https:\/\/www.instagram.com\/autobarbosa.oficina\/"]}]}},"_links":{"self":[{"href":"https:\/\/autobarbosa.com\/en\/wp-json\/wp\/v3\/product\/24305","targetHints":{"allow":["GET"]}}],"collection":[{"href":"https:\/\/autobarbosa.com\/en\/wp-json\/wp\/v3\/product"}],"about":[{"href":"https:\/\/autobarbosa.com\/en\/wp-json\/wp\/v2\/types\/product"}],"wp:featuredmedia":[{"embeddable":true,"href":"https:\/\/autobarbosa.com\/en\/wp-json\/wp\/v2\/media\/24301"}],"wp:attachment":[{"href":"https:\/\/autobarbosa.com\/en\/wp-json\/wp\/v2\/media?parent=24305"}],"wp:term":[{"taxonomy":"product_cat","embeddable":true,"href":"https:\/\/autobarbosa.com\/en\/wp-json\/wp\/v2\/product_cat?post=24305"},{"taxonomy":"product_tag","embeddable":true,"href":"https:\/\/autobarbosa.com\/en\/wp-json\/wp\/v2\/product_tag?post=24305"},{"taxonomy":"marca","embeddable":true,"href":"https:\/\/autobarbosa.com\/en\/wp-json\/wp\/v2\/marca?post=24305"}],"curies":[{"name":"wp","href":"https:\/\/api.w.org\/{rel}","templated":true}]}}