{"id":1236,"date":"2023-04-07T10:32:15","date_gmt":"2023-04-07T13:32:15","guid":{"rendered":"https:\/\/autobarbosa.com\/?page_id=1236"},"modified":"2023-04-21T12:57:53","modified_gmt":"2023-04-21T15:57:53","slug":"politica-de-cookies","status":"publish","type":"page","link":"https:\/\/autobarbosa.com\/es\/politica-de-cookies\/","title":{"rendered":"Pol\u00edtica de Cookies para el sitio web de Auto Barbosa"},"content":{"rendered":"<p>\u00daltima actualizaci\u00f3n: 07 de abril de 2023<\/p>\n<p>Auto Barbosa (&#8220;nosotros&#8221;, &#8220;nuestro&#8221; o &#8220;nos&#8221;) utiliza cookies y tecnolog\u00edas similares en nuestro sitio web <a href=\"https:\/\/autobarbosa.com\/\" target=\"_new\" rel=\"noopener\">https:\/\/autobarbosa.com\/<\/a> (el &#8220;Sitio&#8221;). Esta pol\u00edtica de cookies explica qu\u00e9 son las cookies, c\u00f3mo las utilizamos y sus opciones en relaci\u00f3n con las cookies.<\/p>\n<p>\u00bfQu\u00e9 son las cookies?<\/p>\n<p>Las cookies son archivos de texto que contienen peque\u00f1as cantidades de informaci\u00f3n y se descargan en su dispositivo cuando visita un sitio web. Las cookies se env\u00edan de vuelta al sitio web de origen en cada visita posterior, o a otro sitio que reconozca esa cookie. Las cookies son \u00fatiles porque permiten que un sitio web reconozca el dispositivo de un usuario.<\/p>\n<p>Tipos de cookies que utilizamos<\/p>\n<p>Utilizamos los siguientes tipos de cookies en nuestro Sitio:<\/p>\n<ul>\n<li>Cookies estrictamente necesarias: Estas cookies son esenciales para que el Sitio funcione correctamente y no se pueden desactivar en nuestros sistemas. Por lo general, se establecen en respuesta a acciones realizadas por el usuario que equivalen a una solicitud de servicios, como establecer sus preferencias de privacidad, iniciar sesi\u00f3n o completar formularios. Puede configurar su navegador para bloquear o alertarlo sobre estas cookies, pero algunas partes del Sitio no funcionar\u00e1n.<\/li>\n<li>Cookies de rendimiento: Estas cookies nos permiten contar las visitas y las fuentes de tr\u00e1fico para que podamos medir y mejorar el rendimiento de nuestro Sitio. Ayudan a saber qu\u00e9 p\u00e1ginas son las m\u00e1s y las menos populares y a ver c\u00f3mo los visitantes navegan por el Sitio. Toda la informaci\u00f3n que recopilan estas cookies es agregada y, por lo tanto, an\u00f3nima. Si no permite estas cookies, no sabremos cu\u00e1ndo visit\u00f3 nuestro Sitio y no podremos monitorear su rendimiento.<\/li>\n<li>Cookies de funcionalidad: Estas cookies permiten que el Sitio ofrezca una funcionalidad mejorada y personalizaci\u00f3n. Pueden ser establecidas por nosotros o por proveedores de terceros cuyos servicios hemos agregado a nuestras p\u00e1ginas. Si no permite estas cookies, algunos o todos estos servicios pueden no funcionar correctamente.<\/li>\n<li>Cookies publicitarias: Estas cookies se utilizan para hacer que la publicidad sea m\u00e1s relevante para usted y sus intereses. Se utilizan para limitar la cantidad de veces que ve un anuncio y tambi\u00e9n ayudan a medir la efectividad de la campa\u00f1a publicitaria. Por lo general, son colocadas por redes publicitarias con el permiso del operador del sitio. Recuerdan que ha visitado un sitio web y esta informaci\u00f3n se comparte con otras organizaciones, como anunciantes. Si no permite estas cookies, experimentar\u00e1 publicidad menos dirigida.<\/li>\n<\/ul>\n<p>Gesti\u00f3n de cookies<\/p>\n<p>Puede cambiar la configuraci\u00f3n de las cookies en cualquier momento haciendo clic en &#8220;Gestionar preferencias de cookies&#8221; en el pie de p\u00e1gina del Sitio. Adem\u00e1s, la mayor\u00eda de los navegadores permiten cambiar la configuraci\u00f3n de las cookies. La configuraci\u00f3n del navegador generalmente se encuentra en el men\u00fa &#8220;Opciones&#8221; o &#8220;Preferencias&#8221;. Para comprender estas configuraciones, utilice la opci\u00f3n &#8220;Ayuda&#8221; del navegador para obtener m\u00e1s detalles.<\/p>\n<p>Tenga en cuenta que si elige desactivar o rechazar las cookies, es posible que algunas funciones del Sitio no funcionen correctamente o no est\u00e9n disponibles. Adem\u00e1s, la\u00a0desactivaci\u00f3n de cookies no significa que dejar\u00e1 de recibir anuncios, pero ser\u00e1n menos relevantes para usted.<\/p>\n<p>Adem\u00e1s de las cookies, tambi\u00e9n utilizamos otras tecnolog\u00edas similares, como p\u00edxeles de seguimiento. Estas tecnolog\u00edas nos ayudan a mejorar la experiencia del usuario y a comprender c\u00f3mo los visitantes utilizan el Sitio.<\/p>\n<p>Cambios en la pol\u00edtica de cookies<\/p>\n<p>Podemos actualizar esta pol\u00edtica de cookies peri\u00f3dicamente. Cualquier cambio entrar\u00e1 en vigencia inmediatamente despu\u00e9s de la publicaci\u00f3n de la pol\u00edtica de cookies actualizada. Le recomendamos que revise esta pol\u00edtica de cookies peri\u00f3dicamente para mantenerse informado sobre c\u00f3mo estamos utilizando cookies y tecnolog\u00edas similares.<\/p>\n<p>Contacto<\/p>\n<p>Si tiene alguna pregunta o inquietud con respecto a nuestra pol\u00edtica de cookies, cont\u00e1ctenos en <a href=\"mailto:privacy@autobarbosa.com\" target=\"_new\" rel=\"noopener\">privacy@autobarbosa.com<\/a>.<\/p>\n<p>\u00daltima actualizaci\u00f3n: 07 de abril de 2023<\/p>\n","protected":false},"excerpt":{"rendered":"<p>\u00daltima actualizaci\u00f3n: 07 de abril de 2023 Auto Barbosa (&#8220;nosotros&#8221;, &#8220;nuestro&#8221; o &#8220;nos&#8221;) utiliza cookies y tecnolog\u00edas similares en nuestro sitio web https:\/\/autobarbosa.com\/ (el &#8220;Sitio&#8221;). Esta pol\u00edtica de cookies explica qu\u00e9 son las cookies, c\u00f3mo las utilizamos y sus opciones en relaci\u00f3n con las cookies. \u00bfQu\u00e9 son las cookies? Las cookies son archivos de texto [&hellip;]<\/p>\n","protected":false},"author":1,"featured_media":0,"parent":0,"menu_order":0,"comment_status":"closed","ping_status":"closed","template":"","meta":{"footnotes":""},"class_list":["post-1236","page","type-page","status-publish","hentry"],"acf":[],"yoast_head":"<!-- This site is optimized with the Yoast SEO plugin v20.5 - https:\/\/yoast.com\/wordpress\/plugins\/seo\/ -->\n<title>Pol\u00edtica de Cookies para el sitio web de Auto Barbosa<\/title>\n<meta name=\"description\" content=\"Esta pol\u00edtica de cookies explica qu\u00e9 son las cookies, c\u00f3mo las utilizamos y cu\u00e1les son sus opciones con respecto a las cookies.\" \/>\n<meta name=\"robots\" content=\"index, follow, max-snippet:-1, max-image-preview:large, max-video-preview:-1\" \/>\n<link rel=\"canonical\" href=\"https:\/\/autobarbosa.com\/es\/politica-de-cookies\/\" \/>\n<meta property=\"og:locale\" content=\"es_ES\" \/>\n<meta property=\"og:type\" content=\"article\" \/>\n<meta property=\"og:title\" content=\"Pol\u00edtica de Cookies para el sitio web de Auto Barbosa\" \/>\n<meta property=\"og:description\" content=\"Esta pol\u00edtica de cookies explica qu\u00e9 son las cookies, c\u00f3mo las utilizamos y cu\u00e1les son sus opciones con respecto a las cookies.\" \/>\n<meta property=\"og:url\" content=\"https:\/\/autobarbosa.com\/es\/politica-de-cookies\/\" \/>\n<meta property=\"og:site_name\" content=\"Auto Barbosa\" \/>\n<meta property=\"article:publisher\" content=\"https:\/\/www.facebook.com\/autobarbosaoficina\" \/>\n<meta property=\"article:modified_time\" content=\"2023-04-21T15:57:53+00:00\" \/>\n<meta name=\"twitter:card\" content=\"summary_large_image\" \/>\n<meta name=\"twitter:label1\" content=\"Tiempo de lectura\" \/>\n\t<meta name=\"twitter:data1\" content=\"4 minutos\" \/>\n<script type=\"application\/ld+json\" class=\"yoast-schema-graph\">{\"@context\":\"https:\/\/schema.org\",\"@graph\":[{\"@type\":\"WebPage\",\"@id\":\"https:\/\/autobarbosa.com\/es\/politica-de-cookies\/\",\"url\":\"https:\/\/autobarbosa.com\/es\/politica-de-cookies\/\",\"name\":\"Pol\u00edtica de Cookies para el sitio web de Auto Barbosa\",\"isPartOf\":{\"@id\":\"https:\/\/autobarbosa.com\/es\/#website\"},\"datePublished\":\"2023-04-07T13:32:15+00:00\",\"dateModified\":\"2023-04-21T15:57:53+00:00\",\"description\":\"Esta pol\u00edtica de cookies explica qu\u00e9 son las cookies, c\u00f3mo las utilizamos y cu\u00e1les son sus opciones con respecto a las cookies.\",\"breadcrumb\":{\"@id\":\"https:\/\/autobarbosa.com\/es\/politica-de-cookies\/#breadcrumb\"},\"inLanguage\":\"es\",\"potentialAction\":[{\"@type\":\"ReadAction\",\"target\":[\"https:\/\/autobarbosa.com\/es\/politica-de-cookies\/\"]}]},{\"@type\":\"BreadcrumbList\",\"@id\":\"https:\/\/autobarbosa.com\/es\/politica-de-cookies\/#breadcrumb\",\"itemListElement\":[{\"@type\":\"ListItem\",\"position\":1,\"name\":\"In\u00edcio\",\"item\":\"https:\/\/autobarbosa.com\/es\/\"},{\"@type\":\"ListItem\",\"position\":2,\"name\":\"Pol\u00edtica de Cookies para el sitio web de Auto Barbosa\"}]},{\"@type\":\"WebSite\",\"@id\":\"https:\/\/autobarbosa.com\/es\/#website\",\"url\":\"https:\/\/autobarbosa.com\/es\/\",\"name\":\"Auto Barbosa\",\"description\":\"Site institucional\",\"publisher\":{\"@id\":\"https:\/\/autobarbosa.com\/es\/#organization\"},\"potentialAction\":[{\"@type\":\"SearchAction\",\"target\":{\"@type\":\"EntryPoint\",\"urlTemplate\":\"https:\/\/autobarbosa.com\/es\/?s={search_term_string}\"},\"query-input\":\"required name=search_term_string\"}],\"inLanguage\":\"es\"},{\"@type\":\"Organization\",\"@id\":\"https:\/\/autobarbosa.com\/es\/#organization\",\"name\":\"Auto Barbosa\",\"url\":\"https:\/\/autobarbosa.com\/es\/\",\"logo\":{\"@type\":\"ImageObject\",\"inLanguage\":\"es\",\"@id\":\"https:\/\/autobarbosa.com\/es\/#\/schema\/logo\/image\/\",\"url\":\"https:\/\/autobarbosa.com\/wp-content\/uploads\/2023\/03\/AUTO-BARBOSA-LOGO-1-e1678715539111.png\",\"contentUrl\":\"https:\/\/autobarbosa.com\/wp-content\/uploads\/2023\/03\/AUTO-BARBOSA-LOGO-1-e1678715539111.png\",\"width\":3233,\"height\":3233,\"caption\":\"Auto Barbosa\"},\"image\":{\"@id\":\"https:\/\/autobarbosa.com\/es\/#\/schema\/logo\/image\/\"},\"sameAs\":[\"https:\/\/www.facebook.com\/autobarbosaoficina\",\"https:\/\/www.instagram.com\/autobarbosa.oficina\/\"]}]}<\/script>\n<!-- \/ Yoast SEO plugin. -->","yoast_head_json":{"title":"Pol\u00edtica de Cookies para el sitio web de Auto Barbosa","description":"Esta pol\u00edtica de cookies explica qu\u00e9 son las cookies, c\u00f3mo las utilizamos y cu\u00e1les son sus opciones con respecto a las cookies.","robots":{"index":"index","follow":"follow","max-snippet":"max-snippet:-1","max-image-preview":"max-image-preview:large","max-video-preview":"max-video-preview:-1"},"canonical":"https:\/\/autobarbosa.com\/es\/politica-de-cookies\/","og_locale":"es_ES","og_type":"article","og_title":"Pol\u00edtica de Cookies para el sitio web de Auto Barbosa","og_description":"Esta pol\u00edtica de cookies explica qu\u00e9 son las cookies, c\u00f3mo las utilizamos y cu\u00e1les son sus opciones con respecto a las cookies.","og_url":"https:\/\/autobarbosa.com\/es\/politica-de-cookies\/","og_site_name":"Auto Barbosa","article_publisher":"https:\/\/www.facebook.com\/autobarbosaoficina","article_modified_time":"2023-04-21T15:57:53+00:00","twitter_card":"summary_large_image","twitter_misc":{"Tiempo de lectura":"4 minutos"},"schema":{"@context":"https:\/\/schema.org","@graph":[{"@type":"WebPage","@id":"https:\/\/autobarbosa.com\/es\/politica-de-cookies\/","url":"https:\/\/autobarbosa.com\/es\/politica-de-cookies\/","name":"Pol\u00edtica de Cookies para el sitio web de Auto Barbosa","isPartOf":{"@id":"https:\/\/autobarbosa.com\/es\/#website"},"datePublished":"2023-04-07T13:32:15+00:00","dateModified":"2023-04-21T15:57:53+00:00","description":"Esta pol\u00edtica de cookies explica qu\u00e9 son las cookies, c\u00f3mo las utilizamos y cu\u00e1les son sus opciones con respecto a las cookies.","breadcrumb":{"@id":"https:\/\/autobarbosa.com\/es\/politica-de-cookies\/#breadcrumb"},"inLanguage":"es","potentialAction":[{"@type":"ReadAction","target":["https:\/\/autobarbosa.com\/es\/politica-de-cookies\/"]}]},{"@type":"BreadcrumbList","@id":"https:\/\/autobarbosa.com\/es\/politica-de-cookies\/#breadcrumb","itemListElement":[{"@type":"ListItem","position":1,"name":"In\u00edcio","item":"https:\/\/autobarbosa.com\/es\/"},{"@type":"ListItem","position":2,"name":"Pol\u00edtica de Cookies para el sitio web de Auto Barbosa"}]},{"@type":"WebSite","@id":"https:\/\/autobarbosa.com\/es\/#website","url":"https:\/\/autobarbosa.com\/es\/","name":"Auto Barbosa","description":"Site institucional","publisher":{"@id":"https:\/\/autobarbosa.com\/es\/#organization"},"potentialAction":[{"@type":"SearchAction","target":{"@type":"EntryPoint","urlTemplate":"https:\/\/autobarbosa.com\/es\/?s={search_term_string}"},"query-input":"required name=search_term_string"}],"inLanguage":"es"},{"@type":"Organization","@id":"https:\/\/autobarbosa.com\/es\/#organization","name":"Auto Barbosa","url":"https:\/\/autobarbosa.com\/es\/","logo":{"@type":"ImageObject","inLanguage":"es","@id":"https:\/\/autobarbosa.com\/es\/#\/schema\/logo\/image\/","url":"https:\/\/autobarbosa.com\/wp-content\/uploads\/2023\/03\/AUTO-BARBOSA-LOGO-1-e1678715539111.png","contentUrl":"https:\/\/autobarbosa.com\/wp-content\/uploads\/2023\/03\/AUTO-BARBOSA-LOGO-1-e1678715539111.png","width":3233,"height":3233,"caption":"Auto Barbosa"},"image":{"@id":"https:\/\/autobarbosa.com\/es\/#\/schema\/logo\/image\/"},"sameAs":["https:\/\/www.facebook.com\/autobarbosaoficina","https:\/\/www.instagram.com\/autobarbosa.oficina\/"]}]}},"_links":{"self":[{"href":"https:\/\/autobarbosa.com\/es\/wp-json\/wp\/v2\/pages\/1236","targetHints":{"allow":["GET"]}}],"collection":[{"href":"https:\/\/autobarbosa.com\/es\/wp-json\/wp\/v2\/pages"}],"about":[{"href":"https:\/\/autobarbosa.com\/es\/wp-json\/wp\/v2\/types\/page"}],"author":[{"embeddable":true,"href":"https:\/\/autobarbosa.com\/es\/wp-json\/wp\/v2\/users\/1"}],"replies":[{"embeddable":true,"href":"https:\/\/autobarbosa.com\/es\/wp-json\/wp\/v2\/comments?post=1236"}],"version-history":[{"count":1,"href":"https:\/\/autobarbosa.com\/es\/wp-json\/wp\/v2\/pages\/1236\/revisions"}],"predecessor-version":[{"id":1237,"href":"https:\/\/autobarbosa.com\/es\/wp-json\/wp\/v2\/pages\/1236\/revisions\/1237"}],"wp:attachment":[{"href":"https:\/\/autobarbosa.com\/es\/wp-json\/wp\/v2\/media?parent=1236"}],"curies":[{"name":"wp","href":"https:\/\/api.w.org\/{rel}","templated":true}]}}