{"id":524,"date":"2023-02-16T20:07:44","date_gmt":"2023-02-16T21:07:44","guid":{"rendered":"https:\/\/autobarbosa.com\/sobre-nosotros\/"},"modified":"2024-07-09T12:04:39","modified_gmt":"2024-07-09T12:04:39","slug":"sobre-nosotros","status":"publish","type":"page","link":"https:\/\/autobarbosa.com\/es\/sobre-nosotros\/","title":{"rendered":"Sobre nosotros"},"content":{"rendered":"\t\t<div data-elementor-type=\"wp-page\" data-elementor-id=\"524\" class=\"elementor elementor-524 elementor-162\">\n\t\t\t\t\t\t\t<div class=\"elementor-element elementor-element-40b1e57 e-con-full e-con\" data-id=\"40b1e57\" data-element_type=\"container\" data-settings=\"{&quot;background_background&quot;:&quot;classic&quot;,&quot;content_width&quot;:&quot;full&quot;}\">\n\t\t\t\t<\/div>\n\t\t<div class=\"elementor-element elementor-element-abe3b01 e-con-boxed e-con\" data-id=\"abe3b01\" data-element_type=\"container\" data-settings=\"{&quot;content_width&quot;:&quot;boxed&quot;}\">\n\t\t\t\t\t<div class=\"e-con-inner\">\n\t\t<div class=\"elementor-element elementor-element-8340694 e-con-full e-con\" data-id=\"8340694\" data-element_type=\"container\" data-settings=\"{&quot;content_width&quot;:&quot;full&quot;}\">\n\t\t\t\t<div class=\"elementor-element elementor-element-3aee855 elementor-widget elementor-widget-heading\" data-id=\"3aee855\" data-element_type=\"widget\" data-widget_type=\"heading.default\">\n\t\t\t\t<div class=\"elementor-widget-container\">\n\t\t\t<style>\/*! elementor - v3.12.1 - 02-04-2023 *\/\n.elementor-heading-title{padding:0;margin:0;line-height:1}.elementor-widget-heading .elementor-heading-title[class*=elementor-size-]>a{color:inherit;font-size:inherit;line-height:inherit}.elementor-widget-heading .elementor-heading-title.elementor-size-small{font-size:15px}.elementor-widget-heading .elementor-heading-title.elementor-size-medium{font-size:19px}.elementor-widget-heading .elementor-heading-title.elementor-size-large{font-size:29px}.elementor-widget-heading .elementor-heading-title.elementor-size-xl{font-size:39px}.elementor-widget-heading .elementor-heading-title.elementor-size-xxl{font-size:59px}<\/style><h2 class=\"elementor-heading-title elementor-size-default\">Auto Barbosa<\/h2>\t\t<\/div>\n\t\t\t\t<\/div>\n\t\t\t\t<div class=\"elementor-element elementor-element-217febd elementor-widget elementor-widget-text-editor\" data-id=\"217febd\" data-element_type=\"widget\" data-widget_type=\"text-editor.default\">\n\t\t\t\t<div class=\"elementor-widget-container\">\n\t\t\t<style>\/*! elementor - v3.12.1 - 02-04-2023 *\/\n.elementor-widget-text-editor.elementor-drop-cap-view-stacked .elementor-drop-cap{background-color:#69727d;color:#fff}.elementor-widget-text-editor.elementor-drop-cap-view-framed .elementor-drop-cap{color:#69727d;border:3px solid;background-color:transparent}.elementor-widget-text-editor:not(.elementor-drop-cap-view-default) .elementor-drop-cap{margin-top:8px}.elementor-widget-text-editor:not(.elementor-drop-cap-view-default) .elementor-drop-cap-letter{width:1em;height:1em}.elementor-widget-text-editor .elementor-drop-cap{float:left;text-align:center;line-height:1;font-size:50px}.elementor-widget-text-editor .elementor-drop-cap-letter{display:inline-block}<\/style>\t\t\t\t<p>AUTO BARBOSA est\u00e1 en el mercado desde 2004, ofreciendo las mejores soluciones multimarca de mantenimiento y reparaci\u00f3n en las \u00e1reas de mec\u00e1nica, electr\u00f3nica, diagn\u00f3stico, colisi\u00f3n, llantas y lavado.<\/p><p>Desde los servicios m\u00e1s r\u00e1pidos hasta los m\u00e1s complejos, el taller AUTOBARBOSA est\u00e1 preparado para pensar en la mejor manera de responder a las necesidades de sus clientes, haciendo uso de herramientas y equipos especiales y con acceso a la tecnolog\u00eda m\u00e1s avanzada. Asegurando la aplicaci\u00f3n de las mejores marcas de repuestos por parte de t\u00e9cnicos altamente capacitados.<\/p>\t\t\t\t\t\t<\/div>\n\t\t\t\t<\/div>\n\t\t\t\t<\/div>\n\t\t<div class=\"elementor-element elementor-element-b85e2f2 e-con-full e-con\" data-id=\"b85e2f2\" data-element_type=\"container\" data-settings=\"{&quot;content_width&quot;:&quot;full&quot;}\">\n\t\t\t\t<div class=\"elementor-element elementor-element-7c7f100 elementor-widget elementor-widget-image\" data-id=\"7c7f100\" data-element_type=\"widget\" data-widget_type=\"image.default\">\n\t\t\t\t<div class=\"elementor-widget-container\">\n\t\t\t<style>\/*! elementor - v3.12.1 - 02-04-2023 *\/\n.elementor-widget-image{text-align:center}.elementor-widget-image a{display:inline-block}.elementor-widget-image a img[src$=\".svg\"]{width:48px}.elementor-widget-image img{vertical-align:middle;display:inline-block}<\/style>\t\t\t\t\t\t\t\t\t\t\t\t<img loading=\"lazy\" decoding=\"async\" width=\"768\" height=\"512\" src=\"https:\/\/autobarbosa.com\/wp-content\/uploads\/2023\/03\/A7I05264-min-768x512.jpg\" class=\"attachment-medium_large size-medium_large wp-image-820\" alt=\"\" srcset=\"https:\/\/autobarbosa.com\/wp-content\/uploads\/2023\/03\/A7I05264-min-768x512.jpg 768w, https:\/\/autobarbosa.com\/wp-content\/uploads\/2023\/03\/A7I05264-min-300x200.jpg 300w, https:\/\/autobarbosa.com\/wp-content\/uploads\/2023\/03\/A7I05264-min-1024x683.jpg 1024w, https:\/\/autobarbosa.com\/wp-content\/uploads\/2023\/03\/A7I05264-min-1536x1024.jpg 1536w, https:\/\/autobarbosa.com\/wp-content\/uploads\/2023\/03\/A7I05264-min-2048x1365.jpg 2048w, https:\/\/autobarbosa.com\/wp-content\/uploads\/2023\/03\/A7I05264-min-600x400.jpg 600w\" sizes=\"auto, (max-width: 768px) 100vw, 768px\" \/>\t\t\t\t\t\t\t\t\t\t\t\t\t\t\t<\/div>\n\t\t\t\t<\/div>\n\t\t\t\t<\/div>\n\t\t\t\t\t<\/div>\n\t\t\t\t<\/div>\n\t\t\t\t\t\t\t<\/div>\n\t\t","protected":false},"excerpt":{"rendered":"<p>Auto Barbosa AUTO BARBOSA est\u00e1 en el mercado desde 2004, ofreciendo las mejores soluciones multimarca de mantenimiento y reparaci\u00f3n en las \u00e1reas de mec\u00e1nica, electr\u00f3nica, diagn\u00f3stico, colisi\u00f3n, llantas y lavado. Desde los servicios m\u00e1s r\u00e1pidos hasta los m\u00e1s complejos, el taller AUTOBARBOSA est\u00e1 preparado para pensar en la mejor manera de responder a las necesidades [&hellip;]<\/p>\n","protected":false},"author":1,"featured_media":0,"parent":0,"menu_order":0,"comment_status":"closed","ping_status":"closed","template":"elementor_header_footer","meta":{"footnotes":""},"class_list":["post-524","page","type-page","status-publish","hentry"],"acf":[],"yoast_head":"<!-- This site is optimized with the Yoast SEO plugin v20.5 - https:\/\/yoast.com\/wordpress\/plugins\/seo\/ -->\n<title>Auto Barbosa | Piezas de un Coche y Reparaci\u00f3n en las Azores!<\/title>\n<meta name=\"description\" content=\"En Auto Barbosa tenemos todo lo que necesita: veh\u00edculos usados, piezas de un coche y un taller de reparaci\u00f3n de autom\u00f3viles! Cont\u00e1ctenos!\" \/>\n<meta name=\"robots\" content=\"index, follow, max-snippet:-1, max-image-preview:large, max-video-preview:-1\" \/>\n<link rel=\"canonical\" href=\"https:\/\/autobarbosa.com\/es\/sobre-nosotros\/\" \/>\n<meta property=\"og:locale\" content=\"es_ES\" \/>\n<meta property=\"og:type\" content=\"article\" \/>\n<meta property=\"og:title\" content=\"Auto Barbosa | Piezas de un Coche y Reparaci\u00f3n en las Azores!\" \/>\n<meta property=\"og:description\" content=\"En Auto Barbosa tenemos todo lo que necesita: veh\u00edculos usados, piezas de un coche y un taller de reparaci\u00f3n de autom\u00f3viles! Cont\u00e1ctenos!\" \/>\n<meta property=\"og:url\" content=\"https:\/\/autobarbosa.com\/es\/sobre-nosotros\/\" \/>\n<meta property=\"og:site_name\" content=\"Auto Barbosa\" \/>\n<meta property=\"article:publisher\" content=\"https:\/\/www.facebook.com\/autobarbosaoficina\" \/>\n<meta property=\"article:modified_time\" content=\"2024-07-09T12:04:39+00:00\" \/>\n<meta property=\"og:image\" content=\"https:\/\/autobarbosa.com\/wp-content\/uploads\/2023\/03\/A7I05264-min-768x512.jpg\" \/>\n<meta name=\"twitter:card\" content=\"summary_large_image\" \/>\n<meta name=\"twitter:label1\" content=\"Tiempo de lectura\" \/>\n\t<meta name=\"twitter:data1\" content=\"1 minuto\" \/>\n<script type=\"application\/ld+json\" class=\"yoast-schema-graph\">{\"@context\":\"https:\/\/schema.org\",\"@graph\":[{\"@type\":\"WebPage\",\"@id\":\"https:\/\/autobarbosa.com\/es\/sobre-nosotros\/\",\"url\":\"https:\/\/autobarbosa.com\/es\/sobre-nosotros\/\",\"name\":\"Auto Barbosa | Piezas de un Coche y Reparaci\u00f3n en las Azores!\",\"isPartOf\":{\"@id\":\"https:\/\/autobarbosa.com\/es\/#website\"},\"datePublished\":\"2023-02-16T21:07:44+00:00\",\"dateModified\":\"2024-07-09T12:04:39+00:00\",\"description\":\"En Auto Barbosa tenemos todo lo que necesita: veh\u00edculos usados, piezas de un coche y un taller de reparaci\u00f3n de autom\u00f3viles! Cont\u00e1ctenos!\",\"breadcrumb\":{\"@id\":\"https:\/\/autobarbosa.com\/es\/sobre-nosotros\/#breadcrumb\"},\"inLanguage\":\"es\",\"potentialAction\":[{\"@type\":\"ReadAction\",\"target\":[\"https:\/\/autobarbosa.com\/es\/sobre-nosotros\/\"]}]},{\"@type\":\"BreadcrumbList\",\"@id\":\"https:\/\/autobarbosa.com\/es\/sobre-nosotros\/#breadcrumb\",\"itemListElement\":[{\"@type\":\"ListItem\",\"position\":1,\"name\":\"In\u00edcio\",\"item\":\"https:\/\/autobarbosa.com\/es\/\"},{\"@type\":\"ListItem\",\"position\":2,\"name\":\"Sobre nosotros\"}]},{\"@type\":\"WebSite\",\"@id\":\"https:\/\/autobarbosa.com\/es\/#website\",\"url\":\"https:\/\/autobarbosa.com\/es\/\",\"name\":\"Auto Barbosa\",\"description\":\"Site institucional\",\"publisher\":{\"@id\":\"https:\/\/autobarbosa.com\/es\/#organization\"},\"potentialAction\":[{\"@type\":\"SearchAction\",\"target\":{\"@type\":\"EntryPoint\",\"urlTemplate\":\"https:\/\/autobarbosa.com\/es\/?s={search_term_string}\"},\"query-input\":\"required name=search_term_string\"}],\"inLanguage\":\"es\"},{\"@type\":\"Organization\",\"@id\":\"https:\/\/autobarbosa.com\/es\/#organization\",\"name\":\"Auto Barbosa\",\"url\":\"https:\/\/autobarbosa.com\/es\/\",\"logo\":{\"@type\":\"ImageObject\",\"inLanguage\":\"es\",\"@id\":\"https:\/\/autobarbosa.com\/es\/#\/schema\/logo\/image\/\",\"url\":\"https:\/\/autobarbosa.com\/wp-content\/uploads\/2023\/03\/AUTO-BARBOSA-LOGO-1-e1678715539111.png\",\"contentUrl\":\"https:\/\/autobarbosa.com\/wp-content\/uploads\/2023\/03\/AUTO-BARBOSA-LOGO-1-e1678715539111.png\",\"width\":3233,\"height\":3233,\"caption\":\"Auto Barbosa\"},\"image\":{\"@id\":\"https:\/\/autobarbosa.com\/es\/#\/schema\/logo\/image\/\"},\"sameAs\":[\"https:\/\/www.facebook.com\/autobarbosaoficina\",\"https:\/\/www.instagram.com\/autobarbosa.oficina\/\"]}]}<\/script>\n<!-- \/ Yoast SEO plugin. -->","yoast_head_json":{"title":"Auto Barbosa | Piezas de un Coche y Reparaci\u00f3n en las Azores!","description":"En Auto Barbosa tenemos todo lo que necesita: veh\u00edculos usados, piezas de un coche y un taller de reparaci\u00f3n de autom\u00f3viles! Cont\u00e1ctenos!","robots":{"index":"index","follow":"follow","max-snippet":"max-snippet:-1","max-image-preview":"max-image-preview:large","max-video-preview":"max-video-preview:-1"},"canonical":"https:\/\/autobarbosa.com\/es\/sobre-nosotros\/","og_locale":"es_ES","og_type":"article","og_title":"Auto Barbosa | Piezas de un Coche y Reparaci\u00f3n en las Azores!","og_description":"En Auto Barbosa tenemos todo lo que necesita: veh\u00edculos usados, piezas de un coche y un taller de reparaci\u00f3n de autom\u00f3viles! Cont\u00e1ctenos!","og_url":"https:\/\/autobarbosa.com\/es\/sobre-nosotros\/","og_site_name":"Auto Barbosa","article_publisher":"https:\/\/www.facebook.com\/autobarbosaoficina","article_modified_time":"2024-07-09T12:04:39+00:00","og_image":[{"url":"https:\/\/autobarbosa.com\/wp-content\/uploads\/2023\/03\/A7I05264-min-768x512.jpg"}],"twitter_card":"summary_large_image","twitter_misc":{"Tiempo de lectura":"1 minuto"},"schema":{"@context":"https:\/\/schema.org","@graph":[{"@type":"WebPage","@id":"https:\/\/autobarbosa.com\/es\/sobre-nosotros\/","url":"https:\/\/autobarbosa.com\/es\/sobre-nosotros\/","name":"Auto Barbosa | Piezas de un Coche y Reparaci\u00f3n en las Azores!","isPartOf":{"@id":"https:\/\/autobarbosa.com\/es\/#website"},"datePublished":"2023-02-16T21:07:44+00:00","dateModified":"2024-07-09T12:04:39+00:00","description":"En Auto Barbosa tenemos todo lo que necesita: veh\u00edculos usados, piezas de un coche y un taller de reparaci\u00f3n de autom\u00f3viles! Cont\u00e1ctenos!","breadcrumb":{"@id":"https:\/\/autobarbosa.com\/es\/sobre-nosotros\/#breadcrumb"},"inLanguage":"es","potentialAction":[{"@type":"ReadAction","target":["https:\/\/autobarbosa.com\/es\/sobre-nosotros\/"]}]},{"@type":"BreadcrumbList","@id":"https:\/\/autobarbosa.com\/es\/sobre-nosotros\/#breadcrumb","itemListElement":[{"@type":"ListItem","position":1,"name":"In\u00edcio","item":"https:\/\/autobarbosa.com\/es\/"},{"@type":"ListItem","position":2,"name":"Sobre nosotros"}]},{"@type":"WebSite","@id":"https:\/\/autobarbosa.com\/es\/#website","url":"https:\/\/autobarbosa.com\/es\/","name":"Auto Barbosa","description":"Site institucional","publisher":{"@id":"https:\/\/autobarbosa.com\/es\/#organization"},"potentialAction":[{"@type":"SearchAction","target":{"@type":"EntryPoint","urlTemplate":"https:\/\/autobarbosa.com\/es\/?s={search_term_string}"},"query-input":"required name=search_term_string"}],"inLanguage":"es"},{"@type":"Organization","@id":"https:\/\/autobarbosa.com\/es\/#organization","name":"Auto Barbosa","url":"https:\/\/autobarbosa.com\/es\/","logo":{"@type":"ImageObject","inLanguage":"es","@id":"https:\/\/autobarbosa.com\/es\/#\/schema\/logo\/image\/","url":"https:\/\/autobarbosa.com\/wp-content\/uploads\/2023\/03\/AUTO-BARBOSA-LOGO-1-e1678715539111.png","contentUrl":"https:\/\/autobarbosa.com\/wp-content\/uploads\/2023\/03\/AUTO-BARBOSA-LOGO-1-e1678715539111.png","width":3233,"height":3233,"caption":"Auto Barbosa"},"image":{"@id":"https:\/\/autobarbosa.com\/es\/#\/schema\/logo\/image\/"},"sameAs":["https:\/\/www.facebook.com\/autobarbosaoficina","https:\/\/www.instagram.com\/autobarbosa.oficina\/"]}]}},"_links":{"self":[{"href":"https:\/\/autobarbosa.com\/es\/wp-json\/wp\/v2\/pages\/524","targetHints":{"allow":["GET"]}}],"collection":[{"href":"https:\/\/autobarbosa.com\/es\/wp-json\/wp\/v2\/pages"}],"about":[{"href":"https:\/\/autobarbosa.com\/es\/wp-json\/wp\/v2\/types\/page"}],"author":[{"embeddable":true,"href":"https:\/\/autobarbosa.com\/es\/wp-json\/wp\/v2\/users\/1"}],"replies":[{"embeddable":true,"href":"https:\/\/autobarbosa.com\/es\/wp-json\/wp\/v2\/comments?post=524"}],"version-history":[{"count":13,"href":"https:\/\/autobarbosa.com\/es\/wp-json\/wp\/v2\/pages\/524\/revisions"}],"predecessor-version":[{"id":7254,"href":"https:\/\/autobarbosa.com\/es\/wp-json\/wp\/v2\/pages\/524\/revisions\/7254"}],"wp:attachment":[{"href":"https:\/\/autobarbosa.com\/es\/wp-json\/wp\/v2\/media?parent=524"}],"curies":[{"name":"wp","href":"https:\/\/api.w.org\/{rel}","templated":true}]}}